{"id":27534,"date":"2025-03-10T23:16:49","date_gmt":"2025-03-10T23:16:49","guid":{"rendered":"https:\/\/diwine.ee\/?post_type=product&#038;p=27534"},"modified":"2026-04-14T12:37:22","modified_gmt":"2026-04-14T09:37:22","slug":"clos-mogador-2022","status":"publish","type":"product","link":"https:\/\/diwine.ee\/en\/product\/clos-mogador-2022\/","title":{"rendered":"Clos Mogador 2022"},"content":{"rendered":"<div data-elementor-type=\"wp-post\" data-elementor-id=\"27534\" class=\"elementor elementor-27534\">\n\t\t\t\t<div class=\"wd-negative-gap elementor-element elementor-element-b496628 e-grid e-con-boxed e-con e-parent\" data-id=\"b496628\" data-element_type=\"container\" data-e-type=\"container\">\n\t\t\t\t\t<div class=\"e-con-inner\">\n\t\t\t\t<div class=\"elementor-element elementor-element-aa23989 elementor-widget elementor-widget-wd_text_block\" data-id=\"aa23989\" data-element_type=\"widget\" data-e-type=\"widget\" data-widget_type=\"wd_text_block.default\">\n\t\t\t\t<div class=\"elementor-widget-container\">\n\t\t\t\t\t\t\t<div class=\"wd-text-block reset-last-child text-left\">\n\t\t\t\n\t\t\t<h3 class=\"cvGsUA direction-ltr align-justify para-style-body\"><span class=\"OYPEnA font-feature-liga-off font-feature-clig-off font-feature-calt-off text-decoration-none text-strikethrough-none\">Veini lugu:<\/span><\/h3><p class=\"cvGsUA direction-ltr align-justify para-style-body\"><span class=\"OYPEnA font-feature-liga-off font-feature-clig-off font-feature-calt-off text-decoration-none text-strikethrough-none\">Clos Mogadori 2022. aasta vintage tugineb tootja suurep\u00e4raste aastak\u00e4ikude edule. Soe ja kuiv kasvuperiood andis v\u00e4iksema, kuid erakordselt kontsentreeritud saagi, mis korjati varakult, et s\u00e4ilitada hape ja tasakaal. Ren\u00e9 Barbier Jr. kirjeldab 2022. aastat kui \u201c<\/span><span class=\"OYPEnA font-feature-liga-off font-feature-clig-off font-feature-calt-off text-decoration-none text-strikethrough-none\">Mogadori ja Vahemere karakteri saavutamist\u2026 suurema elegantsi ja v\u00e4rskusega<\/span><span class=\"OYPEnA font-feature-liga-off font-feature-clig-off font-feature-calt-off text-decoration-none text-strikethrough-none\">\u201d, j\u00e4tkates suunda, mis \u00fchendab Priorati loomuliku j\u00f5ulisuse suurema joodavusega. Kuigi vein on veel noor, on seda juba nimetatud erakordseks ja rikkalikuks aastak\u00e4iguks, mis v\u00f5ib konkureerida k\u00f5rgelt hinnatud varasemate aastatega.<\/span><\/p><h3 class=\"cvGsUA direction-ltr align-justify para-style-body\"><span class=\"OYPEnA font-feature-liga-off font-feature-clig-off font-feature-calt-off text-decoration-none text-strikethrough-none\">Veini valmistamine:<\/span><\/h3><ul><li><span class=\"OYPEnA font-feature-liga-off font-feature-clig-off font-feature-calt-off text-decoration-none text-strikethrough-none\">Segu ja valmistamine sarnane 2021. aastale: Garnacha, Cari\u00f1ena, Syrah ja v\u00e4ike osa Cabernet\u2019d.<\/span><\/li><li><span class=\"OYPEnA font-feature-liga-off font-feature-clig-off font-feature-calt-off text-decoration-none text-strikethrough-none\">Looduslik fermentatsioon, m\u00f5ned terved kobarad aroomi t\u00f5stmiseks.<\/span><\/li><li><span class=\"OYPEnA font-feature-liga-off font-feature-clig-off font-feature-calt-off text-decoration-none text-strikethrough-none\">Matsereerimine 4\u20135 n\u00e4dalat, kerge ekstraktsioon.<\/span><\/li><li><span class=\"OYPEnA font-feature-liga-off font-feature-clig-off font-feature-calt-off text-decoration-none text-strikethrough-none\">Laagerdumine suurtes foudreedes (osaliselt v\u00e4iksemates vaatides), l\u00f5puks betoonmahutis enne villimist (2024 keskpaik).<\/span><\/li><li><span class=\"OYPEnA font-feature-liga-off font-feature-clig-off font-feature-calt-off text-decoration-none text-strikethrough-none\">Alkoholisisaldus 14.5%. Eeldatav toodang ~34,000 pudelit.<\/span><\/li><\/ul><p class=\"cvGsUA direction-ltr align-justify para-style-body\">\u00a0<\/p><p class=\"cvGsUA direction-ltr align-justify para-style-body\">\u00a0<\/p>\n\t\t\t\t\t<\/div>\n\t\t\t\t\t\t<\/div>\n\t\t\t\t<\/div>\n\t\t\t\t<div class=\"elementor-element elementor-element-f22db15 elementor-widget elementor-widget-wd_text_block\" data-id=\"f22db15\" data-element_type=\"widget\" data-e-type=\"widget\" data-widget_type=\"wd_text_block.default\">\n\t\t\t\t<div class=\"elementor-widget-container\">\n\t\t\t\t\t\t\t<div class=\"wd-text-block reset-last-child text-left\">\n\t\t\t\n\t\t\t<h3 class=\"cvGsUA direction-ltr align-justify para-style-body\"><span class=\"OYPEnA font-feature-liga-off font-feature-clig-off font-feature-calt-off text-decoration-none text-strikethrough-none\">Maitsenoodid:<\/span><\/h3><p class=\"cvGsUA direction-ltr align-justify para-style-body\"><span class=\"OYPEnA font-feature-liga-off font-feature-clig-off font-feature-calt-off text-decoration-none text-strikethrough-none\">S\u00fcgav rubiinpunane toon. Aroomis lummav k\u00fcpsete p\u00f5ldmarjade ja mustikate, lagritsa ning tumeda \u0161okolaadi kombinatsioon, taustal balsamico noodid (eukal\u00fcpt, mentool) ja kerge r\u00f6stine puudutus. Vein avaneb esmalt balsamico nootidega, millele j\u00e4rgneb erakordne puuviljane intensiivsus \u2013 cr\u00e8me de cassis, musta ploomi moos \u2013 ning purustatud kiltkivi mineraalsus. Maitses v\u00f5imas ja suud t\u00e4itev, s\u00fcgavalt mustade puuviljade, moka ja Vahemere v\u00fcrtside kihilisusega. Hoolimata t\u00e4idlusest annab graafiidilaadne v\u00e4rskus ja \u00fcrdine s\u00e4ra veinile tasakaalu. Tanniine on palju, kuid need on juba siidised, l\u00f5pp on pisut haarduv, lubades pikka arengupotentsiaali. L\u00f5ppmaitse on j\u00f5uline, soe ja erakordselt pikk \u2013 noor hiiglane, mis areneb paari aastaga veelgi keerukamaks. (Varased maitsjad soovitavad noorena nautides pikemat dekanteerimist, et vein avaneks t\u00e4ielikult.)<\/span><\/p><h3 class=\"cvGsUA direction-ltr align-justify para-style-body\"><span class=\"OYPEnA font-feature-liga-off font-feature-clig-off font-feature-calt-off text-decoration-none text-strikethrough-none\">Toidusoovitus:<\/span><\/h3><p class=\"cvGsUA direction-ltr align-justify para-style-body\"><span class=\"OYPEnA font-feature-liga-off font-feature-clig-off font-feature-calt-off text-decoration-none text-strikethrough-none\">2022. aasta j\u00f5uline Priorat vajab sama tugevat toitu. Hautatud hirv v\u00f5i metssiga, piprakoorikuga steik v\u00f5i aeglaselt k\u00fcpsetatud lambakoot, mis suudavad selle veiniga v\u00f5istelda. Puuviljane karakter ja v\u00fcrtsikus sobivad ka rikkalikus kastmes barbecue-ribide v\u00f5i \u00fcrtidega hautatud ratatouille'ga. K\u00f5vad juustud ja charcuterie on klassikalised kaaslased. \u00dcldiselt sobib vein iga rikkaliku ja maitsek\u00fcllase roaga.<\/span><\/p>\n\t\t\t\t\t<\/div>\n\t\t\t\t\t\t<\/div>\n\t\t\t\t<\/div>\n\t\t\t\t<div class=\"elementor-element elementor-element-79dff25 elementor-widget elementor-widget-wd_text_block\" data-id=\"79dff25\" data-element_type=\"widget\" data-e-type=\"widget\" data-widget_type=\"wd_text_block.default\">\n\t\t\t\t<div class=\"elementor-widget-container\">\n\t\t\t\t\t\t\t<div class=\"wd-text-block reset-last-child text-left\">\n\t\t\t\n\t\t\t<h3 class=\"cvGsUA direction-ltr align-justify para-style-body\"><span class=\"OYPEnA font-feature-liga-off font-feature-clig-off font-feature-calt-off text-decoration-none text-strikethrough-none\">S\u00e4ilitamispotentsiaal:<\/span><\/h3><p class=\"cvGsUA direction-ltr align-justify para-style-body\"><span class=\"OYPEnA font-feature-liga-off font-feature-clig-off font-feature-calt-off text-decoration-none text-strikethrough-none\">Kuigi vein on juba noores eas sametine, on see kogujate vein, mis sobib pikemaks laagerdamiseks. Parim 2025\u20132040. Selle tugevad tanniinid ja kontsentratsioon lubavad 15\u201320-aastast arengut, muutudes aja jooksul pehmemaks ja tuues esile kuivatatud viigimarja, naha ja tr\u00fchvli n\u00fcansse. Kannatlikkus tasub end \u00e4ra, kuid tasakaal tagab, et vein on ka varem nauditav pika dekanteerimisega.<\/span><\/p>\n\t\t\t\t\t<\/div>\n\t\t\t\t\t\t<\/div>\n\t\t\t\t<\/div>\n\t\t\t\t\t<\/div>\n\t\t\t\t<\/div>\n\t\t\t\t<\/div>","protected":false},"excerpt":{"rendered":"<p class=\"cvGsUA direction-ltr align-justify para-style-body\"><span class=\"OYPEnA font-feature-liga-off font-feature-clig-off font-feature-calt-off text-decoration-none text-strikethrough-none\">Clos Mogador \u2013 <\/span><span class=\"OYPEnA font-feature-liga-off font-feature-clig-off font-feature-calt-off text-decoration-none text-strikethrough-none\">Priorati ikoon ja s\u00fcmbol. Garnacha, Carignani, Cabernet Sauvignoni ja Syrah\u2019 segu, mis on s\u00fcgav, j\u00f5uline ja tasakaalukas. Esimene Priorati vein, mis sai Vi de Finca staatuse.<\/span><\/p>","protected":false},"featured_media":29736,"template":"","meta":[],"product_brand":[82],"product_cat":[188,29,81],"product_tag":[],"class_list":{"0":"post-27534","1":"product","2":"type-product","3":"status-publish","4":"has-post-thumbnail","6":"product_brand-clos-mogador","7":"product_cat-aasta-vein-2026","8":"product_cat-koik-tooted","9":"product_cat-punane-vein","10":"pa_piirkond-priorat","11":"pa_viinamarjasort-cabernet-sauvignon","12":"pa_viinamarjasort-carignan","13":"pa_viinamarjasort-garnacha","14":"pa_viinamarjasort-syrah","16":"first","17":"instock","18":"sale","19":"featured","20":"taxable","21":"shipping-taxable","22":"purchasable","23":"product-type-simple"},"yoast_head":"<!-- This site is optimized with the Yoast SEO plugin v27.4 - https:\/\/yoast.com\/product\/yoast-seo-wordpress\/ -->\n<title>Clos Mogador 2022 - diWine &ndash; Premium kvaliteetveinid &uuml;le maailma | Eesti veinipood<\/title>\n<meta name=\"robots\" content=\"index, follow, max-snippet:-1, max-image-preview:large, max-video-preview:-1\" \/>\n<link rel=\"canonical\" href=\"https:\/\/diwine.ee\/en\/product\/clos-mogador-2022\/\" \/>\n<meta property=\"og:locale\" content=\"en_GB\" \/>\n<meta property=\"og:type\" content=\"article\" \/>\n<meta property=\"og:title\" content=\"Clos Mogador 2022 - diWine &ndash; Premium kvaliteetveinid &uuml;le maailma | Eesti veinipood\" \/>\n<meta property=\"og:description\" content=\"Clos Mogador \u2013 Priorati ikoon ja s\u00fcmbol. Garnacha, Carignani, Cabernet Sauvignoni ja Syrah\u2019 segu, mis on s\u00fcgav, j\u00f5uline ja tasakaalukas. Esimene Priorati vein, mis sai Vi de Finca staatuse.\" \/>\n<meta property=\"og:url\" content=\"https:\/\/diwine.ee\/en\/product\/clos-mogador-2022\/\" \/>\n<meta property=\"og:site_name\" content=\"diWine &ndash; Premium kvaliteetveinid &uuml;le maailma | Eesti veinipood\" \/>\n<meta property=\"article:publisher\" content=\"https:\/\/www.facebook.com\/profile.php?id=61573862347231\" \/>\n<meta property=\"article:modified_time\" content=\"2026-04-14T09:37:22+00:00\" \/>\n<meta property=\"og:image\" content=\"https:\/\/diwine.ee\/wp-content\/uploads\/2025\/03\/closmogador-gold.png\" \/>\n\t<meta property=\"og:image:width\" content=\"800\" \/>\n\t<meta property=\"og:image:height\" content=\"800\" \/>\n\t<meta property=\"og:image:type\" content=\"image\/png\" \/>\n<meta name=\"twitter:card\" content=\"summary_large_image\" \/>\n<meta name=\"twitter:label1\" content=\"Estimated reading time\" \/>\n\t<meta name=\"twitter:data1\" content=\"2 minutes\" \/>\n<script type=\"application\/ld+json\" class=\"yoast-schema-graph\">{\"@context\":\"https:\\\/\\\/schema.org\",\"@graph\":[{\"@type\":\"WebPage\",\"@id\":\"https:\\\/\\\/diwine.ee\\\/product\\\/clos-mogador-2022\\\/\",\"url\":\"https:\\\/\\\/diwine.ee\\\/product\\\/clos-mogador-2022\\\/\",\"name\":\"Clos Mogador 2022 - diWine &ndash; Premium kvaliteetveinid &uuml;le maailma | Eesti veinipood\",\"isPartOf\":{\"@id\":\"https:\\\/\\\/diwine.ee\\\/#website\"},\"primaryImageOfPage\":{\"@id\":\"https:\\\/\\\/diwine.ee\\\/product\\\/clos-mogador-2022\\\/#primaryimage\"},\"image\":{\"@id\":\"https:\\\/\\\/diwine.ee\\\/product\\\/clos-mogador-2022\\\/#primaryimage\"},\"thumbnailUrl\":\"https:\\\/\\\/diwine.ee\\\/wp-content\\\/uploads\\\/2025\\\/03\\\/closmogador-gold.png\",\"datePublished\":\"2025-03-10T23:16:49+00:00\",\"dateModified\":\"2026-04-14T09:37:22+00:00\",\"breadcrumb\":{\"@id\":\"https:\\\/\\\/diwine.ee\\\/product\\\/clos-mogador-2022\\\/#breadcrumb\"},\"inLanguage\":\"en-GB\",\"potentialAction\":[{\"@type\":\"ReadAction\",\"target\":[\"https:\\\/\\\/diwine.ee\\\/product\\\/clos-mogador-2022\\\/\"]}]},{\"@type\":\"ImageObject\",\"inLanguage\":\"en-GB\",\"@id\":\"https:\\\/\\\/diwine.ee\\\/product\\\/clos-mogador-2022\\\/#primaryimage\",\"url\":\"https:\\\/\\\/diwine.ee\\\/wp-content\\\/uploads\\\/2025\\\/03\\\/closmogador-gold.png\",\"contentUrl\":\"https:\\\/\\\/diwine.ee\\\/wp-content\\\/uploads\\\/2025\\\/03\\\/closmogador-gold.png\",\"width\":800,\"height\":800},{\"@type\":\"BreadcrumbList\",\"@id\":\"https:\\\/\\\/diwine.ee\\\/product\\\/clos-mogador-2022\\\/#breadcrumb\",\"itemListElement\":[{\"@type\":\"ListItem\",\"position\":1,\"name\":\"Home\",\"item\":\"https:\\\/\\\/diwine.ee\\\/\"},{\"@type\":\"ListItem\",\"position\":2,\"name\":\"e-pood\",\"item\":\"https:\\\/\\\/diwine.ee\\\/tooted\\\/\"},{\"@type\":\"ListItem\",\"position\":3,\"name\":\"Clos Mogador 2022\"}]},{\"@type\":\"WebSite\",\"@id\":\"https:\\\/\\\/diwine.ee\\\/#website\",\"url\":\"https:\\\/\\\/diwine.ee\\\/\",\"name\":\"diWine \u2013 Premium kvaliteetveinid \u00fcle maailma | Eesti veinipood\",\"description\":\"Avasta diWine&#039;i hoolikalt valitud kvaliteetveinid maailma tippveinipiirkondadest. Eksklusiivsed punaveinid, valged veinid, vahuveinid ja eriveinid sinu erilisteks hetkedeks.\",\"publisher\":{\"@id\":\"https:\\\/\\\/diwine.ee\\\/#organization\"},\"potentialAction\":[{\"@type\":\"SearchAction\",\"target\":{\"@type\":\"EntryPoint\",\"urlTemplate\":\"https:\\\/\\\/diwine.ee\\\/?s={search_term_string}\"},\"query-input\":{\"@type\":\"PropertyValueSpecification\",\"valueRequired\":true,\"valueName\":\"search_term_string\"}}],\"inLanguage\":\"en-GB\"},{\"@type\":\"Organization\",\"@id\":\"https:\\\/\\\/diwine.ee\\\/#organization\",\"name\":\"diWine veinipood\",\"url\":\"https:\\\/\\\/diwine.ee\\\/\",\"logo\":{\"@type\":\"ImageObject\",\"inLanguage\":\"en-GB\",\"@id\":\"https:\\\/\\\/diwine.ee\\\/#\\\/schema\\\/logo\\\/image\\\/\",\"url\":\"https:\\\/\\\/diwine.ee\\\/wp-content\\\/uploads\\\/2025\\\/04\\\/diWine-1080-x-1080-px.png\",\"contentUrl\":\"https:\\\/\\\/diwine.ee\\\/wp-content\\\/uploads\\\/2025\\\/04\\\/diWine-1080-x-1080-px.png\",\"width\":1080,\"height\":1080,\"caption\":\"diWine veinipood\"},\"image\":{\"@id\":\"https:\\\/\\\/diwine.ee\\\/#\\\/schema\\\/logo\\\/image\\\/\"},\"sameAs\":[\"https:\\\/\\\/www.facebook.com\\\/profile.php?id=61573862347231\",\"https:\\\/\\\/www.instagram.com\\\/diwine.ee\"]}]}<\/script>\n<!-- \/ Yoast SEO plugin. -->","yoast_head_json":{"title":"Clos Mogador 2022 - diWine &ndash; Premium kvaliteetveinid &uuml;le maailma | Eesti veinipood","robots":{"index":"index","follow":"follow","max-snippet":"max-snippet:-1","max-image-preview":"max-image-preview:large","max-video-preview":"max-video-preview:-1"},"canonical":"https:\/\/diwine.ee\/en\/product\/clos-mogador-2022\/","og_locale":"en_GB","og_type":"article","og_title":"Clos Mogador 2022 - diWine &ndash; Premium kvaliteetveinid &uuml;le maailma | Eesti veinipood","og_description":"Clos Mogador \u2013 Priorati ikoon ja s\u00fcmbol. Garnacha, Carignani, Cabernet Sauvignoni ja Syrah\u2019 segu, mis on s\u00fcgav, j\u00f5uline ja tasakaalukas. Esimene Priorati vein, mis sai Vi de Finca staatuse.","og_url":"https:\/\/diwine.ee\/en\/product\/clos-mogador-2022\/","og_site_name":"diWine &ndash; Premium kvaliteetveinid &uuml;le maailma | Eesti veinipood","article_publisher":"https:\/\/www.facebook.com\/profile.php?id=61573862347231","article_modified_time":"2026-04-14T09:37:22+00:00","og_image":[{"width":800,"height":800,"url":"https:\/\/diwine.ee\/wp-content\/uploads\/2025\/03\/closmogador-gold.png","type":"image\/png"}],"twitter_card":"summary_large_image","twitter_misc":{"Estimated reading time":"2 minutes"},"schema":{"@context":"https:\/\/schema.org","@graph":[{"@type":"WebPage","@id":"https:\/\/diwine.ee\/product\/clos-mogador-2022\/","url":"https:\/\/diwine.ee\/product\/clos-mogador-2022\/","name":"Clos Mogador 2022 - diWine &ndash; Premium kvaliteetveinid &uuml;le maailma | Eesti veinipood","isPartOf":{"@id":"https:\/\/diwine.ee\/#website"},"primaryImageOfPage":{"@id":"https:\/\/diwine.ee\/product\/clos-mogador-2022\/#primaryimage"},"image":{"@id":"https:\/\/diwine.ee\/product\/clos-mogador-2022\/#primaryimage"},"thumbnailUrl":"https:\/\/diwine.ee\/wp-content\/uploads\/2025\/03\/closmogador-gold.png","datePublished":"2025-03-10T23:16:49+00:00","dateModified":"2026-04-14T09:37:22+00:00","breadcrumb":{"@id":"https:\/\/diwine.ee\/product\/clos-mogador-2022\/#breadcrumb"},"inLanguage":"en-GB","potentialAction":[{"@type":"ReadAction","target":["https:\/\/diwine.ee\/product\/clos-mogador-2022\/"]}]},{"@type":"ImageObject","inLanguage":"en-GB","@id":"https:\/\/diwine.ee\/product\/clos-mogador-2022\/#primaryimage","url":"https:\/\/diwine.ee\/wp-content\/uploads\/2025\/03\/closmogador-gold.png","contentUrl":"https:\/\/diwine.ee\/wp-content\/uploads\/2025\/03\/closmogador-gold.png","width":800,"height":800},{"@type":"BreadcrumbList","@id":"https:\/\/diwine.ee\/product\/clos-mogador-2022\/#breadcrumb","itemListElement":[{"@type":"ListItem","position":1,"name":"Home","item":"https:\/\/diwine.ee\/"},{"@type":"ListItem","position":2,"name":"e-pood","item":"https:\/\/diwine.ee\/tooted\/"},{"@type":"ListItem","position":3,"name":"Clos Mogador 2022"}]},{"@type":"WebSite","@id":"https:\/\/diwine.ee\/#website","url":"https:\/\/diwine.ee\/","name":"diWine \u2013 Premium kvaliteetveinid \u00fcle maailma | Eesti veinipood","description":"Avasta diWine&#039;i hoolikalt valitud kvaliteetveinid maailma tippveinipiirkondadest. Eksklusiivsed punaveinid, valged veinid, vahuveinid ja eriveinid sinu erilisteks hetkedeks.","publisher":{"@id":"https:\/\/diwine.ee\/#organization"},"potentialAction":[{"@type":"SearchAction","target":{"@type":"EntryPoint","urlTemplate":"https:\/\/diwine.ee\/?s={search_term_string}"},"query-input":{"@type":"PropertyValueSpecification","valueRequired":true,"valueName":"search_term_string"}}],"inLanguage":"en-GB"},{"@type":"Organization","@id":"https:\/\/diwine.ee\/#organization","name":"diWine veinipood","url":"https:\/\/diwine.ee\/","logo":{"@type":"ImageObject","inLanguage":"en-GB","@id":"https:\/\/diwine.ee\/#\/schema\/logo\/image\/","url":"https:\/\/diwine.ee\/wp-content\/uploads\/2025\/04\/diWine-1080-x-1080-px.png","contentUrl":"https:\/\/diwine.ee\/wp-content\/uploads\/2025\/04\/diWine-1080-x-1080-px.png","width":1080,"height":1080,"caption":"diWine veinipood"},"image":{"@id":"https:\/\/diwine.ee\/#\/schema\/logo\/image\/"},"sameAs":["https:\/\/www.facebook.com\/profile.php?id=61573862347231","https:\/\/www.instagram.com\/diwine.ee"]}]}},"jetpack_sharing_enabled":true,"_links":{"self":[{"href":"https:\/\/diwine.ee\/en\/wp-json\/wp\/v2\/product\/27534","targetHints":{"allow":["GET"]}}],"collection":[{"href":"https:\/\/diwine.ee\/en\/wp-json\/wp\/v2\/product"}],"about":[{"href":"https:\/\/diwine.ee\/en\/wp-json\/wp\/v2\/types\/product"}],"version-history":[{"count":1,"href":"https:\/\/diwine.ee\/en\/wp-json\/wp\/v2\/product\/27534\/revisions"}],"predecessor-version":[{"id":29727,"href":"https:\/\/diwine.ee\/en\/wp-json\/wp\/v2\/product\/27534\/revisions\/29727"}],"wp:featuredmedia":[{"embeddable":true,"href":"https:\/\/diwine.ee\/en\/wp-json\/wp\/v2\/media\/29736"}],"wp:attachment":[{"href":"https:\/\/diwine.ee\/en\/wp-json\/wp\/v2\/media?parent=27534"}],"wp:term":[{"taxonomy":"product_brand","embeddable":true,"href":"https:\/\/diwine.ee\/en\/wp-json\/wp\/v2\/product_brand?post=27534"},{"taxonomy":"product_cat","embeddable":true,"href":"https:\/\/diwine.ee\/en\/wp-json\/wp\/v2\/product_cat?post=27534"},{"taxonomy":"product_tag","embeddable":true,"href":"https:\/\/diwine.ee\/en\/wp-json\/wp\/v2\/product_tag?post=27534"}],"curies":[{"name":"wp","href":"https:\/\/api.w.org\/{rel}","templated":true}]}}