{"id":27684,"date":"2025-03-20T15:19:15","date_gmt":"2025-03-20T13:19:15","guid":{"rendered":"https:\/\/diwine.ee\/?post_type=product&#038;p=27684"},"modified":"2026-01-20T19:28:20","modified_gmt":"2026-01-20T17:28:20","slug":"clos-erasmus-2022","status":"publish","type":"product","link":"https:\/\/diwine.ee\/en\/product\/clos-erasmus-2022\/","title":{"rendered":"Clos Erasmus 2022"},"content":{"rendered":"<div data-elementor-type=\"wp-post\" data-elementor-id=\"27684\" class=\"elementor elementor-27684\">\n\t\t\t\t<div class=\"wd-negative-gap elementor-element elementor-element-b496628 e-grid e-con-boxed e-con e-parent\" data-id=\"b496628\" data-element_type=\"container\" data-e-type=\"container\">\n\t\t\t\t\t<div class=\"e-con-inner\">\n\t\t\t\t<div class=\"elementor-element elementor-element-aa23989 elementor-widget elementor-widget-wd_text_block\" data-id=\"aa23989\" data-element_type=\"widget\" data-e-type=\"widget\" data-widget_type=\"wd_text_block.default\">\n\t\t\t\t<div class=\"elementor-widget-container\">\n\t\t\t\t\t\t\t<div class=\"wd-text-block reset-last-child text-left\">\n\t\t\t\n\t\t\t<h3 class=\"cvGsUA direction-ltr align-justify para-style-body\"><span class=\"OYPEnA font-feature-liga-off font-feature-clig-off font-feature-calt-off text-decoration-none text-strikethrough-none\">Veini lugu:<\/span><\/h3><p class=\"cvGsUA direction-ltr align-justify para-style-body\"><span class=\"OYPEnA font-feature-liga-off font-feature-clig-off font-feature-calt-off text-decoration-none text-strikethrough-none\">Clos Erasmus 2022 on uusim v\u00e4ljalase Priorati tippveinide seas, j\u00e4tkates aastast aastasse saavutatud k\u00f5rgeid hinnanguid. Valmistatud Daphne Gloriani vanimatest viinapuudest, sealhulgas \u00fcle 80-aastased Garnacha taimed, peegeldab see vein llicorella pinnase maksimaalset potentsiaali.<\/span><\/p><p class=\"cvGsUA direction-ltr align-justify para-style-body\"><span class=\"OYPEnA font-feature-liga-off font-feature-clig-off font-feature-calt-off text-decoration-none text-strikethrough-none\">2022 oli v\u00e4ga kuiv aastak\u00e4ik, kuid hoolikas korje tagas v\u00f5imsa, ent tasakaalustatud veini, mis ei pelga oma 15% alkoholi, kuid s\u00e4ilitab elegantsi ja peene tasakaalu. Toodeti vaid 340 kasti (~3,400 pudelit), muutes selle erakordselt eksklusiivseks.<\/span><\/p><h3 class=\"cvGsUA direction-ltr align-justify para-style-body\"><span class=\"OYPEnA font-feature-liga-off font-feature-clig-off font-feature-calt-off text-decoration-none text-strikethrough-none\">Veini valmistamine:<\/span><\/h3><ul><li><span class=\"OYPEnA font-feature-liga-off font-feature-clig-off font-feature-calt-off text-decoration-none text-strikethrough-none\">~70% Garnacha, 30% Syrah, orgaaniliselt ja biod\u00fcnaamiliselt kasvatatud.<\/span><\/li><li><span class=\"OYPEnA font-feature-liga-off font-feature-clig-off font-feature-calt-off text-decoration-none text-strikethrough-none\">Garnacha p\u00e4rineb 40\u201385-aastastelt viinapuudelt terrassp\u00f5ldudel, Syrah veidi noorematelt taimedelt.<\/span><\/li><li><span class=\"OYPEnA font-feature-liga-off font-feature-clig-off font-feature-calt-off text-decoration-none text-strikethrough-none\">24h jahutamine, looduslik p\u00e4rmi-k\u00e4\u00e4rimine terasmahutites.<\/span><\/li><li><span class=\"OYPEnA font-feature-liga-off font-feature-clig-off font-feature-calt-off text-decoration-none text-strikethrough-none\">\u00d5rn ekstraktsioon (l\u00fchemad pump-over\u2019id), et v\u00e4ltida \u00fclekontaktsust.<\/span><\/li><li><span class=\"OYPEnA font-feature-liga-off font-feature-clig-off font-feature-calt-off text-decoration-none text-strikethrough-none\">Laagerdumine 18 kuud Prantsuse tammes (40% uus) ja osaliselt 700L amforates, et tasakaalustada tamme m\u00f5ju.<\/span><\/li><li><span class=\"OYPEnA font-feature-liga-off font-feature-clig-off font-feature-calt-off text-decoration-none text-strikethrough-none\">Alkohol: 15%, pH 3.3 (h\u00e4mmastavalt madal, andes veinile s\u00e4rtsakust).<\/span><\/li><li><span class=\"OYPEnA font-feature-liga-off font-feature-clig-off font-feature-calt-off text-decoration-none text-strikethrough-none\">Villitud mais 2024, filtreerimata.<\/span><\/li><\/ul>\n\t\t\t\t\t<\/div>\n\t\t\t\t\t\t<\/div>\n\t\t\t\t<\/div>\n\t\t\t\t<div class=\"elementor-element elementor-element-f22db15 elementor-widget elementor-widget-wd_text_block\" data-id=\"f22db15\" data-element_type=\"widget\" data-e-type=\"widget\" data-widget_type=\"wd_text_block.default\">\n\t\t\t\t<div class=\"elementor-widget-container\">\n\t\t\t\t\t\t\t<div class=\"wd-text-block reset-last-child text-left\">\n\t\t\t\n\t\t\t<h3 class=\"cvGsUA direction-ltr align-justify para-style-body\"><span class=\"OYPEnA font-feature-liga-off font-feature-clig-off font-feature-calt-off text-decoration-none text-strikethrough-none\">Maitsenoodid:<\/span><\/h3><p class=\"cvGsUA direction-ltr align-justify para-style-body\"><span class=\"OYPEnA font-feature-liga-off font-feature-clig-off font-feature-calt-off text-decoration-none text-strikethrough-none\">S\u00fcgav purpurpunane v\u00e4rvus. Aroomis metsamarjad, cr\u00e8me de cassis, k\u00fcps ploom, mida raamivad Vahemere \u00fcrdid (rosmariin, loorber), purustatud kiltkivi ja kakaonoodid. Grafiit, kannikesed ja kerge suitsusus lisavad keerukust. Maitses t\u00e4idlane, kuid samas siidine, kombineerides musti kirsse, p\u00f5ldmarjalik\u00f6\u00f6ri, lagritsat ja mineraalsust. Hapete ja tanniinide t\u00e4pne tasakaal loob peaaegu h\u00f5ljuva mulje, vaatamata veini s\u00fcgavusele. V\u00e4rske hape (madal pH) annab veinile eluj\u00f5u ja pika kestvuse. Pikk ja n\u00fcansirikas j\u00e4relmaitse, milles segunevad mustad puuviljad, peen suitsusus ja soolakas mineraalsus. Noores eas on vein veidi kinnine, kuid juba harmooniline ja tasakaalukas.<\/span><\/p><h3 class=\"cvGsUA direction-ltr align-justify para-style-body\"><span class=\"OYPEnA font-feature-liga-off font-feature-clig-off font-feature-calt-off text-decoration-none text-strikethrough-none\">Toidusoovitus:<\/span><\/h3><p><span class=\"OYPEnA font-feature-liga-off font-feature-clig-off font-feature-calt-off text-decoration-none text-strikethrough-none\">Sobib parimate liharoogadega: r\u00f6stitud lambaliha rosmariiniga, Wagyu veiseliha v\u00f5i veinikastmes hautatud uluk, aeglase k\u00fcpsetusega metssiga kadakamarjadega. Peened tanniinid lubavad sobitada ka grillitud tuunikala v\u00f5i pardifileega marjakastmes. Luksuslikud taimetoidu valikud: tr\u00fchvli-risoto, laagerdunud Comt\u00e9 v\u00f5i Manchego juust. Parim serveerida 16\u201317\u00b0C juures ja dekanteerida v\u00e4hemalt tund aega.<\/span><\/p>\n\t\t\t\t\t<\/div>\n\t\t\t\t\t\t<\/div>\n\t\t\t\t<\/div>\n\t\t\t\t<div class=\"elementor-element elementor-element-79dff25 elementor-widget elementor-widget-wd_text_block\" data-id=\"79dff25\" data-element_type=\"widget\" data-e-type=\"widget\" data-widget_type=\"wd_text_block.default\">\n\t\t\t\t<div class=\"elementor-widget-container\">\n\t\t\t\t\t\t\t<div class=\"wd-text-block reset-last-child text-left\">\n\t\t\t\n\t\t\t<h3 class=\"cvGsUA direction-ltr align-justify para-style-body\"><span class=\"OYPEnA font-feature-liga-off font-feature-clig-off font-feature-calt-off text-decoration-none text-strikethrough-none\">S\u00e4ilitamispotentsiaal:<\/span><\/h3><p data-start=\"30\" data-end=\"380\"><span class=\"OYPEnA font-feature-liga-off font-feature-clig-off font-feature-calt-off text-decoration-none text-strikethrough-none\">Monumentaalne vein, mis areneb 20\u201330 aastat. Parim 2026\u20132045, arendades nahkseid, grafiidiseid ja kuivatatud lillede n\u00fcansse. 10 aasta p\u00e4rast v\u00f5ib see saavutada sama keerukuse kui k\u00fcps Ch\u00e2teauneuf-du-Pape v\u00f5i Hermitage.<\/span><\/p><h3 class=\"cvGsUA direction-ltr align-justify para-style-body\"><span class=\"OYPEnA font-feature-liga-off font-feature-clig-off font-feature-calt-off text-decoration-none text-strikethrough-none\">Hinnangud &amp; tunnustused:<\/span><\/h3><ul><li><span class=\"OYPEnA font-feature-liga-off font-feature-clig-off font-feature-calt-off text-decoration-none text-strikethrough-none\">(Ametlikud hinnangud veel ootel), kuid varased vaatihinnangud viitavad 97\u2013100 punktile.<\/span><\/li><li><span class=\"OYPEnA font-feature-liga-off font-feature-clig-off font-feature-calt-off text-decoration-none text-strikethrough-none\">2021 sai 99\/100 WA, 2022 puhul oodatakse sarnast taset.<\/span><\/li><li><span class=\"OYPEnA font-feature-liga-off font-feature-clig-off font-feature-calt-off text-decoration-none text-strikethrough-none\">97\/100 Robert Parker (veel kinnitamata), 97 Decanter, 98 Wine Enthusiast (eelvaated).<\/span><\/li><li><span class=\"OYPEnA font-feature-liga-off font-feature-clig-off font-feature-calt-off text-decoration-none text-strikethrough-none\">Wine Spectator\u2019s Top 100 regulaarselt esindatud.<\/span><\/li><li><span class=\"OYPEnA font-feature-liga-off font-feature-clig-off font-feature-calt-off text-decoration-none text-strikethrough-none\">Priorati absoluutne etalon, mis kinnitab oma kohta Hispaania tippveinide seas.<\/span><\/li><\/ul>\n\t\t\t\t\t<\/div>\n\t\t\t\t\t\t<\/div>\n\t\t\t\t<\/div>\n\t\t\t\t\t<\/div>\n\t\t\t\t<\/div>\n\t\t\t\t<\/div>","protected":false},"excerpt":{"rendered":"<p>Clos Erasmus 2022 on legendaarne Priorati vein, mis \u00fchendab <strong data-start=\"105\" data-end=\"144\">elegantsi, s\u00fcgavuse ja mineraalsuse<\/strong>. Rikkalik <strong data-start=\"155\" data-end=\"213\">marjane aroom, v\u00fcrtsikad n\u00fcansid ja siidised tanniinid<\/strong> teevad sellest v\u00e4ljendusrikka ja tasakaaluka veini. <strong data-start=\"266\" data-end=\"307\" data-is-last-node=\"\">Eksklusiivne ja limiteeritud toodang.<\/strong><\/p>","protected":false},"featured_media":27685,"template":"","meta":[],"product_brand":[138],"product_cat":[29,81],"product_tag":[],"class_list":{"0":"post-27684","1":"product","2":"type-product","3":"status-publish","4":"has-post-thumbnail","6":"product_brand-clos-i-terrasses","7":"product_cat-koik-tooted","8":"product_cat-punane-vein","9":"pa_piirkond-priorat","10":"pa_viinamarjasort-garnacha","11":"pa_viinamarjasort-syrah","13":"first","14":"outofstock","15":"taxable","16":"shipping-taxable","17":"purchasable","18":"product-type-simple"},"yoast_head":"<!-- This site is optimized with the Yoast SEO plugin v27.4 - https:\/\/yoast.com\/product\/yoast-seo-wordpress\/ -->\n<title>Clos Erasmus 2022 - diWine &ndash; Premium kvaliteetveinid &uuml;le maailma | Eesti veinipood<\/title>\n<meta name=\"robots\" content=\"index, follow, max-snippet:-1, max-image-preview:large, max-video-preview:-1\" \/>\n<link rel=\"canonical\" href=\"https:\/\/diwine.ee\/en\/product\/clos-erasmus-2022\/\" \/>\n<meta property=\"og:locale\" content=\"en_GB\" \/>\n<meta property=\"og:type\" content=\"article\" \/>\n<meta property=\"og:title\" content=\"Clos Erasmus 2022 - diWine &ndash; Premium kvaliteetveinid &uuml;le maailma | Eesti veinipood\" \/>\n<meta property=\"og:description\" content=\"Clos Erasmus 2022 on legendaarne Priorati vein, mis \u00fchendab elegantsi, s\u00fcgavuse ja mineraalsuse. Rikkalik marjane aroom, v\u00fcrtsikad n\u00fcansid ja siidised tanniinid teevad sellest v\u00e4ljendusrikka ja tasakaaluka veini. Eksklusiivne ja limiteeritud toodang.\" \/>\n<meta property=\"og:url\" content=\"https:\/\/diwine.ee\/en\/product\/clos-erasmus-2022\/\" \/>\n<meta property=\"og:site_name\" content=\"diWine &ndash; Premium kvaliteetveinid &uuml;le maailma | Eesti veinipood\" \/>\n<meta property=\"article:publisher\" content=\"https:\/\/www.facebook.com\/profile.php?id=61573862347231\" \/>\n<meta property=\"article:modified_time\" content=\"2026-01-20T17:28:20+00:00\" \/>\n<meta property=\"og:image\" content=\"https:\/\/diwine.ee\/wp-content\/uploads\/2025\/03\/Erasmus-2022_800x800.png\" \/>\n\t<meta property=\"og:image:width\" content=\"800\" \/>\n\t<meta property=\"og:image:height\" content=\"800\" \/>\n\t<meta property=\"og:image:type\" content=\"image\/png\" \/>\n<meta name=\"twitter:card\" content=\"summary_large_image\" \/>\n<meta name=\"twitter:label1\" content=\"Estimated reading time\" \/>\n\t<meta name=\"twitter:data1\" content=\"2 minutes\" \/>\n<script type=\"application\/ld+json\" class=\"yoast-schema-graph\">{\"@context\":\"https:\\\/\\\/schema.org\",\"@graph\":[{\"@type\":\"WebPage\",\"@id\":\"https:\\\/\\\/diwine.ee\\\/product\\\/clos-erasmus-2022\\\/\",\"url\":\"https:\\\/\\\/diwine.ee\\\/product\\\/clos-erasmus-2022\\\/\",\"name\":\"Clos Erasmus 2022 - diWine &ndash; Premium kvaliteetveinid &uuml;le maailma | Eesti veinipood\",\"isPartOf\":{\"@id\":\"https:\\\/\\\/diwine.ee\\\/#website\"},\"primaryImageOfPage\":{\"@id\":\"https:\\\/\\\/diwine.ee\\\/product\\\/clos-erasmus-2022\\\/#primaryimage\"},\"image\":{\"@id\":\"https:\\\/\\\/diwine.ee\\\/product\\\/clos-erasmus-2022\\\/#primaryimage\"},\"thumbnailUrl\":\"https:\\\/\\\/diwine.ee\\\/wp-content\\\/uploads\\\/2025\\\/03\\\/Erasmus-2022_800x800.png\",\"datePublished\":\"2025-03-20T13:19:15+00:00\",\"dateModified\":\"2026-01-20T17:28:20+00:00\",\"breadcrumb\":{\"@id\":\"https:\\\/\\\/diwine.ee\\\/product\\\/clos-erasmus-2022\\\/#breadcrumb\"},\"inLanguage\":\"en-GB\",\"potentialAction\":[{\"@type\":\"ReadAction\",\"target\":[\"https:\\\/\\\/diwine.ee\\\/product\\\/clos-erasmus-2022\\\/\"]}]},{\"@type\":\"ImageObject\",\"inLanguage\":\"en-GB\",\"@id\":\"https:\\\/\\\/diwine.ee\\\/product\\\/clos-erasmus-2022\\\/#primaryimage\",\"url\":\"https:\\\/\\\/diwine.ee\\\/wp-content\\\/uploads\\\/2025\\\/03\\\/Erasmus-2022_800x800.png\",\"contentUrl\":\"https:\\\/\\\/diwine.ee\\\/wp-content\\\/uploads\\\/2025\\\/03\\\/Erasmus-2022_800x800.png\",\"width\":800,\"height\":800},{\"@type\":\"BreadcrumbList\",\"@id\":\"https:\\\/\\\/diwine.ee\\\/product\\\/clos-erasmus-2022\\\/#breadcrumb\",\"itemListElement\":[{\"@type\":\"ListItem\",\"position\":1,\"name\":\"Home\",\"item\":\"https:\\\/\\\/diwine.ee\\\/\"},{\"@type\":\"ListItem\",\"position\":2,\"name\":\"e-pood\",\"item\":\"https:\\\/\\\/diwine.ee\\\/tooted\\\/\"},{\"@type\":\"ListItem\",\"position\":3,\"name\":\"Clos Erasmus 2022\"}]},{\"@type\":\"WebSite\",\"@id\":\"https:\\\/\\\/diwine.ee\\\/#website\",\"url\":\"https:\\\/\\\/diwine.ee\\\/\",\"name\":\"diWine \u2013 Premium kvaliteetveinid \u00fcle maailma | Eesti veinipood\",\"description\":\"Avasta diWine&#039;i hoolikalt valitud kvaliteetveinid maailma tippveinipiirkondadest. Eksklusiivsed punaveinid, valged veinid, vahuveinid ja eriveinid sinu erilisteks hetkedeks.\",\"publisher\":{\"@id\":\"https:\\\/\\\/diwine.ee\\\/#organization\"},\"potentialAction\":[{\"@type\":\"SearchAction\",\"target\":{\"@type\":\"EntryPoint\",\"urlTemplate\":\"https:\\\/\\\/diwine.ee\\\/?s={search_term_string}\"},\"query-input\":{\"@type\":\"PropertyValueSpecification\",\"valueRequired\":true,\"valueName\":\"search_term_string\"}}],\"inLanguage\":\"en-GB\"},{\"@type\":\"Organization\",\"@id\":\"https:\\\/\\\/diwine.ee\\\/#organization\",\"name\":\"diWine veinipood\",\"url\":\"https:\\\/\\\/diwine.ee\\\/\",\"logo\":{\"@type\":\"ImageObject\",\"inLanguage\":\"en-GB\",\"@id\":\"https:\\\/\\\/diwine.ee\\\/#\\\/schema\\\/logo\\\/image\\\/\",\"url\":\"https:\\\/\\\/diwine.ee\\\/wp-content\\\/uploads\\\/2025\\\/04\\\/diWine-1080-x-1080-px.png\",\"contentUrl\":\"https:\\\/\\\/diwine.ee\\\/wp-content\\\/uploads\\\/2025\\\/04\\\/diWine-1080-x-1080-px.png\",\"width\":1080,\"height\":1080,\"caption\":\"diWine veinipood\"},\"image\":{\"@id\":\"https:\\\/\\\/diwine.ee\\\/#\\\/schema\\\/logo\\\/image\\\/\"},\"sameAs\":[\"https:\\\/\\\/www.facebook.com\\\/profile.php?id=61573862347231\",\"https:\\\/\\\/www.instagram.com\\\/diwine.ee\"]}]}<\/script>\n<!-- \/ Yoast SEO plugin. -->","yoast_head_json":{"title":"Clos Erasmus 2022 - diWine &ndash; Premium kvaliteetveinid &uuml;le maailma | Eesti veinipood","robots":{"index":"index","follow":"follow","max-snippet":"max-snippet:-1","max-image-preview":"max-image-preview:large","max-video-preview":"max-video-preview:-1"},"canonical":"https:\/\/diwine.ee\/en\/product\/clos-erasmus-2022\/","og_locale":"en_GB","og_type":"article","og_title":"Clos Erasmus 2022 - diWine &ndash; Premium kvaliteetveinid &uuml;le maailma | Eesti veinipood","og_description":"Clos Erasmus 2022 on legendaarne Priorati vein, mis \u00fchendab elegantsi, s\u00fcgavuse ja mineraalsuse. Rikkalik marjane aroom, v\u00fcrtsikad n\u00fcansid ja siidised tanniinid teevad sellest v\u00e4ljendusrikka ja tasakaaluka veini. Eksklusiivne ja limiteeritud toodang.","og_url":"https:\/\/diwine.ee\/en\/product\/clos-erasmus-2022\/","og_site_name":"diWine &ndash; Premium kvaliteetveinid &uuml;le maailma | Eesti veinipood","article_publisher":"https:\/\/www.facebook.com\/profile.php?id=61573862347231","article_modified_time":"2026-01-20T17:28:20+00:00","og_image":[{"width":800,"height":800,"url":"https:\/\/diwine.ee\/wp-content\/uploads\/2025\/03\/Erasmus-2022_800x800.png","type":"image\/png"}],"twitter_card":"summary_large_image","twitter_misc":{"Estimated reading time":"2 minutes"},"schema":{"@context":"https:\/\/schema.org","@graph":[{"@type":"WebPage","@id":"https:\/\/diwine.ee\/product\/clos-erasmus-2022\/","url":"https:\/\/diwine.ee\/product\/clos-erasmus-2022\/","name":"Clos Erasmus 2022 - diWine &ndash; Premium kvaliteetveinid &uuml;le maailma | Eesti veinipood","isPartOf":{"@id":"https:\/\/diwine.ee\/#website"},"primaryImageOfPage":{"@id":"https:\/\/diwine.ee\/product\/clos-erasmus-2022\/#primaryimage"},"image":{"@id":"https:\/\/diwine.ee\/product\/clos-erasmus-2022\/#primaryimage"},"thumbnailUrl":"https:\/\/diwine.ee\/wp-content\/uploads\/2025\/03\/Erasmus-2022_800x800.png","datePublished":"2025-03-20T13:19:15+00:00","dateModified":"2026-01-20T17:28:20+00:00","breadcrumb":{"@id":"https:\/\/diwine.ee\/product\/clos-erasmus-2022\/#breadcrumb"},"inLanguage":"en-GB","potentialAction":[{"@type":"ReadAction","target":["https:\/\/diwine.ee\/product\/clos-erasmus-2022\/"]}]},{"@type":"ImageObject","inLanguage":"en-GB","@id":"https:\/\/diwine.ee\/product\/clos-erasmus-2022\/#primaryimage","url":"https:\/\/diwine.ee\/wp-content\/uploads\/2025\/03\/Erasmus-2022_800x800.png","contentUrl":"https:\/\/diwine.ee\/wp-content\/uploads\/2025\/03\/Erasmus-2022_800x800.png","width":800,"height":800},{"@type":"BreadcrumbList","@id":"https:\/\/diwine.ee\/product\/clos-erasmus-2022\/#breadcrumb","itemListElement":[{"@type":"ListItem","position":1,"name":"Home","item":"https:\/\/diwine.ee\/"},{"@type":"ListItem","position":2,"name":"e-pood","item":"https:\/\/diwine.ee\/tooted\/"},{"@type":"ListItem","position":3,"name":"Clos Erasmus 2022"}]},{"@type":"WebSite","@id":"https:\/\/diwine.ee\/#website","url":"https:\/\/diwine.ee\/","name":"diWine \u2013 Premium kvaliteetveinid \u00fcle maailma | Eesti veinipood","description":"Avasta diWine&#039;i hoolikalt valitud kvaliteetveinid maailma tippveinipiirkondadest. Eksklusiivsed punaveinid, valged veinid, vahuveinid ja eriveinid sinu erilisteks hetkedeks.","publisher":{"@id":"https:\/\/diwine.ee\/#organization"},"potentialAction":[{"@type":"SearchAction","target":{"@type":"EntryPoint","urlTemplate":"https:\/\/diwine.ee\/?s={search_term_string}"},"query-input":{"@type":"PropertyValueSpecification","valueRequired":true,"valueName":"search_term_string"}}],"inLanguage":"en-GB"},{"@type":"Organization","@id":"https:\/\/diwine.ee\/#organization","name":"diWine veinipood","url":"https:\/\/diwine.ee\/","logo":{"@type":"ImageObject","inLanguage":"en-GB","@id":"https:\/\/diwine.ee\/#\/schema\/logo\/image\/","url":"https:\/\/diwine.ee\/wp-content\/uploads\/2025\/04\/diWine-1080-x-1080-px.png","contentUrl":"https:\/\/diwine.ee\/wp-content\/uploads\/2025\/04\/diWine-1080-x-1080-px.png","width":1080,"height":1080,"caption":"diWine veinipood"},"image":{"@id":"https:\/\/diwine.ee\/#\/schema\/logo\/image\/"},"sameAs":["https:\/\/www.facebook.com\/profile.php?id=61573862347231","https:\/\/www.instagram.com\/diwine.ee"]}]}},"jetpack_sharing_enabled":true,"_links":{"self":[{"href":"https:\/\/diwine.ee\/en\/wp-json\/wp\/v2\/product\/27684","targetHints":{"allow":["GET"]}}],"collection":[{"href":"https:\/\/diwine.ee\/en\/wp-json\/wp\/v2\/product"}],"about":[{"href":"https:\/\/diwine.ee\/en\/wp-json\/wp\/v2\/types\/product"}],"version-history":[{"count":0,"href":"https:\/\/diwine.ee\/en\/wp-json\/wp\/v2\/product\/27684\/revisions"}],"wp:featuredmedia":[{"embeddable":true,"href":"https:\/\/diwine.ee\/en\/wp-json\/wp\/v2\/media\/27685"}],"wp:attachment":[{"href":"https:\/\/diwine.ee\/en\/wp-json\/wp\/v2\/media?parent=27684"}],"wp:term":[{"taxonomy":"product_brand","embeddable":true,"href":"https:\/\/diwine.ee\/en\/wp-json\/wp\/v2\/product_brand?post=27684"},{"taxonomy":"product_cat","embeddable":true,"href":"https:\/\/diwine.ee\/en\/wp-json\/wp\/v2\/product_cat?post=27684"},{"taxonomy":"product_tag","embeddable":true,"href":"https:\/\/diwine.ee\/en\/wp-json\/wp\/v2\/product_tag?post=27684"}],"curies":[{"name":"wp","href":"https:\/\/api.w.org\/{rel}","templated":true}]}}