{"id":27699,"date":"2025-03-20T19:01:13","date_gmt":"2025-03-20T17:01:13","guid":{"rendered":"https:\/\/diwine.ee\/?post_type=product&#038;p=27699"},"modified":"2025-12-28T22:50:04","modified_gmt":"2025-12-28T20:50:04","slug":"laurel-blanc-2023","status":"publish","type":"product","link":"https:\/\/diwine.ee\/en\/product\/laurel-blanc-2023\/","title":{"rendered":"Laurel Blanc 2023"},"content":{"rendered":"<div data-elementor-type=\"wp-post\" data-elementor-id=\"27699\" class=\"elementor elementor-27699\">\n\t\t\t\t<div class=\"wd-negative-gap elementor-element elementor-element-b496628 e-grid e-con-boxed e-con e-parent\" data-id=\"b496628\" data-element_type=\"container\" data-e-type=\"container\">\n\t\t\t\t\t<div class=\"e-con-inner\">\n\t\t\t\t<div class=\"elementor-element elementor-element-aa23989 elementor-widget elementor-widget-wd_text_block\" data-id=\"aa23989\" data-element_type=\"widget\" data-e-type=\"widget\" data-widget_type=\"wd_text_block.default\">\n\t\t\t\t<div class=\"elementor-widget-container\">\n\t\t\t\t\t\t\t<div class=\"wd-text-block reset-last-child text-left\">\n\t\t\t\n\t\t\t<h3 class=\"cvGsUA direction-ltr align-justify para-style-body\"><span class=\"OYPEnA font-feature-liga-off font-feature-clig-off font-feature-calt-off text-decoration-none text-strikethrough-none\">Veini lugu:<\/span><\/h3><p data-start=\"0\" data-end=\"364\">2022. aastal omandas Daphne 13-hektarilise maat\u00fcki Les Manyetes Paratge\u2019s, mis asub Gratallopsi k\u00fcla l\u00f5unapiiril. Neist 8,5 hektarit on kaetud viinapuudega, \u00fclej\u00e4\u00e4nud osal kasvavad oliivipuud v\u00f5i on j\u00e4etud looduslikuks. Vanimad viinapuud on istutanud Ren\u00e9 Barbier ning kuigi ala on aja jooksul omanikke vahetanud, on Ren\u00e9 alati mingil moel selle maaga seotud olnud.<\/p><p data-start=\"366\" data-end=\"630\">Daphne huvi selle maat\u00fcki vastu tekkis sellel asuvast umbes kuue hektari suurusest punaste viinamarjade istandustest, millel ta n\u00e4gi on potentsiaali luua \u00a0t\u00e4iesti uue punase cuv\u00e9e. Hetkel lisatakse selle ala viinamarjad Laureli segusse.<\/p><p data-start=\"632\" data-end=\"1168\">Kui oled siiani j\u00f5udnud, v\u00f5ib sul tekkida k\u00fcsimus, miks matemaatika ei klapi. Puuduj\u00e4\u00e4v osa moodustub 2,5 hektarist Garnacha Blancast, 0,46 hektarist Chenin Blancist, 0,28 hektarist Viognier\u2019st ning m\u00f5nest Muscat\u2019i reast. Need viinapuud kaasnesid ostuga ja kui 2023. aasta saagikoristus saabus ootamatult kiiresti ja keeruliselt, korjati need esimesena, eemaldati varred ning jahutati \u00fcheks p\u00e4evaks, samal ajal kui Daphne p\u00fc\u00fcdis laenata v\u00e4ikest k\u00e4sipressi Ester Ninilt ning leida vabu mahuteid k\u00e4\u00e4ritamiseks ja laagerdamiseks.<\/p><p data-start=\"1170\" data-end=\"1525\" data-is-last-node=\"\" data-is-only-node=\"\">J\u00e4ttes veini suuresti omaette kuni saagikoristuse l\u00f5puni, arvas Daphne, et tema esimene katsetus valge veini valmistamisel j\u00e4\u00e4b v\u00e4ljaspool tema keldrit tundmatuks. Kuid igas etapis muutus vein aina v\u00e4ljendusrikkamaks \u2013 segamisest kuni mitme kuu pikkuse puhkeperioodini p\u00e4rast pudeldamist, n\u00e4idates esimesi m\u00e4rke Les Manyetesi ainulaadsest terroir'ist.<\/p><p class=\"cvGsUA direction-ltr align-justify para-style-body\"><span style=\"color: #1b1919; font-size: 22px;\">Veini valmistamine:<\/span><\/p><ul><li><span class=\"OYPEnA font-feature-liga-off font-feature-clig-off font-feature-calt-off text-decoration-none text-strikethrough-none\">Viinamarjad: Garnacha Blanca (~75%), Chenin Blanc (~15%), Viognier ja Muscat (~10%)<\/span><\/li><li><span class=\"OYPEnA font-feature-liga-off font-feature-clig-off font-feature-calt-off text-decoration-none text-strikethrough-none\">Istandus: Les Manyetes, 225\u2013240 m k\u00f5rgusel Gratallopsis<\/span><\/li><li><span class=\"OYPEnA font-feature-liga-off font-feature-clig-off font-feature-calt-off text-decoration-none text-strikethrough-none\">Pinnas: Schist (kiltkivi)<\/span><\/li><li><span class=\"OYPEnA font-feature-liga-off font-feature-clig-off font-feature-calt-off text-decoration-none text-strikethrough-none\">Kasvatus: Orgaaniline (CCPAE sertifitseeritud) ja biod\u00fcnaamilised praktikad<\/span><\/li><li><span class=\"OYPEnA font-feature-liga-off font-feature-clig-off font-feature-calt-off text-decoration-none text-strikethrough-none\">24h k\u00fclmleotus ja jahutus, t\u00e4iskobarad pressiti v\u00e4ikese k\u00e4sipressiga<\/span><\/li><li><span class=\"OYPEnA font-feature-liga-off font-feature-clig-off font-feature-calt-off text-decoration-none text-strikethrough-none\">Looduslik p\u00e4rmik\u00e4\u00e4rimine 400L Prantsuse tammevaatides ja saviamforates<\/span><\/li><li><span class=\"OYPEnA font-feature-liga-off font-feature-clig-off font-feature-calt-off text-decoration-none text-strikethrough-none\">Laagerdumine: 8 kuud samades anumates (kasutatud tammevaat + amfora)<\/span><\/li><li><span class=\"OYPEnA font-feature-liga-off font-feature-clig-off font-feature-calt-off text-decoration-none text-strikethrough-none\">Villitud 2024. aasta keskel, toodetud ~3,400 pudelit<\/span><\/li><\/ul>\n\t\t\t\t\t<\/div>\n\t\t\t\t\t\t<\/div>\n\t\t\t\t<\/div>\n\t\t\t\t<div class=\"elementor-element elementor-element-f22db15 elementor-widget elementor-widget-wd_text_block\" data-id=\"f22db15\" data-element_type=\"widget\" data-e-type=\"widget\" data-widget_type=\"wd_text_block.default\">\n\t\t\t\t<div class=\"elementor-widget-container\">\n\t\t\t\t\t\t\t<div class=\"wd-text-block reset-last-child text-left\">\n\t\t\t\n\t\t\t<h3 class=\"cvGsUA direction-ltr align-justify para-style-body\"><span class=\"OYPEnA font-feature-liga-off font-feature-clig-off font-feature-calt-off text-decoration-none text-strikethrough-none\">Maitsenoodid:<\/span><\/h3><p class=\"cvGsUA direction-ltr align-justify para-style-body\"><span class=\"OYPEnA font-feature-liga-off font-feature-clig-off font-feature-calt-off text-decoration-none text-strikethrough-none\">Kuldne v\u00e4rvus \u00f5rna sidrunikoore helgiga. Aroomis k\u00fcps valge virsik, mesine \u00f5un, apelsini\u00f5ied ja rosmariin. Taustal \u00f5ietolm, v\u00fcrtsikad noodid ja elegantne mineraalsus.<\/span><\/p><p class=\"cvGsUA direction-ltr align-justify para-style-body\"><span class=\"OYPEnA font-feature-liga-off font-feature-clig-off font-feature-calt-off text-decoration-none text-strikethrough-none\">Maitses t\u00e4idlane ja tekstuurilt siidine, kuid samas v\u00e4rske ja mineraalne. Pirn, k\u00fcdoonia, kuivatatud aprikoos ja apteegitill annavad veinile keerukust, samas kui Chenin Blanc\u2019i s\u00e4rav hape hoiab seda elegantsena ja tasakaalus. J\u00e4relmaitse on pikk ja n\u00fcansirikas, l\u00f5ppedes tsitrusekoore, soolaka mineraalsuse ja peene m\u00f5rkjusega.<\/span><\/p><h3 class=\"cvGsUA direction-ltr align-justify para-style-body\"><span class=\"OYPEnA font-feature-liga-off font-feature-clig-off font-feature-calt-off text-decoration-none text-strikethrough-none\">Toidusoovitus:<\/span><\/h3><p class=\"cvGsUA direction-ltr align-justify para-style-body\"><span class=\"OYPEnA font-feature-liga-off font-feature-clig-off font-feature-calt-off text-decoration-none text-strikethrough-none\">Sobib mereandide, Vahemere taimetoitude ja valge lihaga:<\/span><\/p><ul><li><span class=\"OYPEnA font-feature-liga-off font-feature-clig-off font-feature-calt-off text-decoration-none text-strikethrough-none\">Mereannid: paella, grillitud hiidkrevetid, bacalao (soolatud tursk)<\/span><\/li><li><span class=\"OYPEnA font-feature-liga-off font-feature-clig-off font-feature-calt-off text-decoration-none text-strikethrough-none\">Taimetoidud: grillitud arti\u0161okid, k\u00fc\u00fcslauguga praetud spinat, allioli-kaste<\/span><\/li><li><span class=\"OYPEnA font-feature-liga-off font-feature-clig-off font-feature-calt-off text-decoration-none text-strikethrough-none\">Luksuslik kooslus: homaar tsitruse beurre blanc\u2019iga<\/span><\/li><li><span class=\"OYPEnA font-feature-liga-off font-feature-clig-off font-feature-calt-off text-decoration-none text-strikethrough-none\">Valge liha: \u00fcrtidega r\u00f6stitud kana, Maroko sidrunikana tagine<\/span><\/li><li><span class=\"OYPEnA font-feature-liga-off font-feature-clig-off font-feature-calt-off text-decoration-none text-strikethrough-none\">Kohalik Kataloonia klassika: fideu\u00e0 aioliga, noor Mah\u00f3ni juust<\/span><\/li><\/ul><p class=\"cvGsUA direction-ltr align-justify para-style-body\"><span class=\"OYPEnA font-feature-liga-off font-feature-clig-off font-feature-calt-off text-decoration-none text-strikethrough-none\">Serveeri 10\u201312\u00b0C juures, et aroomid t\u00e4ielikult avaneksid.<\/span><\/p>\n\t\t\t\t\t<\/div>\n\t\t\t\t\t\t<\/div>\n\t\t\t\t<\/div>\n\t\t\t\t<div class=\"elementor-element elementor-element-79dff25 elementor-widget elementor-widget-wd_text_block\" data-id=\"79dff25\" data-element_type=\"widget\" data-e-type=\"widget\" data-widget_type=\"wd_text_block.default\">\n\t\t\t\t<div class=\"elementor-widget-container\">\n\t\t\t\t\t\t\t<div class=\"wd-text-block reset-last-child text-left\">\n\t\t\t\n\t\t\t<h3 class=\"cvGsUA direction-ltr align-justify para-style-body\"><span class=\"OYPEnA font-feature-liga-off font-feature-clig-off font-feature-calt-off text-decoration-none text-strikethrough-none\">S\u00e4ilitamispotentsiaal:<\/span><\/h3><p data-start=\"30\" data-end=\"380\"><span class=\"OYPEnA font-feature-liga-off font-feature-clig-off font-feature-calt-off text-decoration-none text-strikethrough-none\">Laurel Blanc 2023 on valmis nautimiseks kohe, kuid areneb h\u00e4sti 5\u20137 aastat. Parim 2025\u20132030, lisandudes aja jooksul mee- ja p\u00e4hklised n\u00fcansse, sarnaselt tipp-Rh\u00f4ne\u2019i valgetele.<\/span><\/p><h3 class=\"cvGsUA direction-ltr align-justify para-style-body\"><span class=\"OYPEnA font-feature-liga-off font-feature-clig-off font-feature-calt-off text-decoration-none text-strikethrough-none\">Hinnangud &amp; tunnustused:<\/span><\/h3><ul><li><span class=\"OYPEnA font-feature-liga-off font-feature-clig-off font-feature-calt-off text-decoration-none text-strikethrough-none\">2023 deb\u00fc\u00fctv\u00e4ljalase sai Wine Advocate\u2019ilt 94\u201395 punkti<\/span><\/li><li><span class=\"OYPEnA font-feature-liga-off font-feature-clig-off font-feature-calt-off text-decoration-none text-strikethrough-none\">T\u00f5en\u00e4oliselt \u00fcks 2023. aasta ihaldatumaid Hispaania valgeid veine<\/span><\/li><\/ul>\n\t\t\t\t\t<\/div>\n\t\t\t\t\t\t<\/div>\n\t\t\t\t<\/div>\n\t\t\t\t\t<\/div>\n\t\t\t\t<\/div>\n\t\t\t\t<\/div>","protected":false},"excerpt":{"rendered":"<p>Laurel Blanc \u2013 haruldane ja elegantne Priorati valge vein, mis \u00fchendab mineraalsuse, rikkaliku tekstuuri ja v\u00e4rskuse. K\u00fcpsed luuviljad, tsitruseline s\u00e4rtsakus ja kerge tammisus teevad sellest mitmek\u00fclgse kaaslase nii mereandidele kui ka peenematele gurmeerogadele.<\/p>","protected":false},"featured_media":27700,"template":"","meta":[],"product_brand":[138],"product_cat":[29,92],"product_tag":[],"class_list":{"0":"post-27699","1":"product","2":"type-product","3":"status-publish","4":"has-post-thumbnail","6":"product_brand-clos-i-terrasses","7":"product_cat-koik-tooted","8":"product_cat-valge-vein","9":"pa_piirkond-priorat","10":"pa_viinamarjasort-chenin-blanc","11":"pa_viinamarjasort-garnacha-blanca","12":"pa_viinamarjasort-moscatel","13":"pa_viinamarjasort-viognier","15":"first","16":"instock","17":"taxable","18":"shipping-taxable","19":"purchasable","20":"product-type-simple"},"yoast_head":"<!-- This site is optimized with the Yoast SEO plugin v27.4 - https:\/\/yoast.com\/product\/yoast-seo-wordpress\/ -->\n<title>Laurel Blanc 2023 - diWine &ndash; Premium kvaliteetveinid &uuml;le maailma | Eesti veinipood<\/title>\n<meta name=\"robots\" content=\"index, follow, max-snippet:-1, max-image-preview:large, max-video-preview:-1\" \/>\n<link rel=\"canonical\" href=\"https:\/\/diwine.ee\/en\/product\/laurel-blanc-2023\/\" \/>\n<meta property=\"og:locale\" content=\"en_GB\" \/>\n<meta property=\"og:type\" content=\"article\" \/>\n<meta property=\"og:title\" content=\"Laurel Blanc 2023 - diWine &ndash; Premium kvaliteetveinid &uuml;le maailma | Eesti veinipood\" \/>\n<meta property=\"og:description\" content=\"Laurel Blanc \u2013 haruldane ja elegantne Priorati valge vein, mis \u00fchendab mineraalsuse, rikkaliku tekstuuri ja v\u00e4rskuse. K\u00fcpsed luuviljad, tsitruseline s\u00e4rtsakus ja kerge tammisus teevad sellest mitmek\u00fclgse kaaslase nii mereandidele kui ka peenematele gurmeerogadele.\" \/>\n<meta property=\"og:url\" content=\"https:\/\/diwine.ee\/en\/product\/laurel-blanc-2023\/\" \/>\n<meta property=\"og:site_name\" content=\"diWine &ndash; Premium kvaliteetveinid &uuml;le maailma | Eesti veinipood\" \/>\n<meta property=\"article:publisher\" content=\"https:\/\/www.facebook.com\/profile.php?id=61573862347231\" \/>\n<meta property=\"article:modified_time\" content=\"2025-12-28T20:50:04+00:00\" \/>\n<meta property=\"og:image\" content=\"https:\/\/diwine.ee\/wp-content\/uploads\/2025\/03\/laurel_bl-2023_800x800.png\" \/>\n\t<meta property=\"og:image:width\" content=\"800\" \/>\n\t<meta property=\"og:image:height\" content=\"800\" \/>\n\t<meta property=\"og:image:type\" content=\"image\/png\" \/>\n<meta name=\"twitter:card\" content=\"summary_large_image\" \/>\n<meta name=\"twitter:label1\" content=\"Estimated reading time\" \/>\n\t<meta name=\"twitter:data1\" content=\"3 minutes\" \/>\n<script type=\"application\/ld+json\" class=\"yoast-schema-graph\">{\"@context\":\"https:\\\/\\\/schema.org\",\"@graph\":[{\"@type\":\"WebPage\",\"@id\":\"https:\\\/\\\/diwine.ee\\\/product\\\/laurel-blanc-2023\\\/\",\"url\":\"https:\\\/\\\/diwine.ee\\\/product\\\/laurel-blanc-2023\\\/\",\"name\":\"Laurel Blanc 2023 - diWine &ndash; Premium kvaliteetveinid &uuml;le maailma | Eesti veinipood\",\"isPartOf\":{\"@id\":\"https:\\\/\\\/diwine.ee\\\/#website\"},\"primaryImageOfPage\":{\"@id\":\"https:\\\/\\\/diwine.ee\\\/product\\\/laurel-blanc-2023\\\/#primaryimage\"},\"image\":{\"@id\":\"https:\\\/\\\/diwine.ee\\\/product\\\/laurel-blanc-2023\\\/#primaryimage\"},\"thumbnailUrl\":\"https:\\\/\\\/diwine.ee\\\/wp-content\\\/uploads\\\/2025\\\/03\\\/laurel_bl-2023_800x800.png\",\"datePublished\":\"2025-03-20T17:01:13+00:00\",\"dateModified\":\"2025-12-28T20:50:04+00:00\",\"breadcrumb\":{\"@id\":\"https:\\\/\\\/diwine.ee\\\/product\\\/laurel-blanc-2023\\\/#breadcrumb\"},\"inLanguage\":\"en-GB\",\"potentialAction\":[{\"@type\":\"ReadAction\",\"target\":[\"https:\\\/\\\/diwine.ee\\\/product\\\/laurel-blanc-2023\\\/\"]}]},{\"@type\":\"ImageObject\",\"inLanguage\":\"en-GB\",\"@id\":\"https:\\\/\\\/diwine.ee\\\/product\\\/laurel-blanc-2023\\\/#primaryimage\",\"url\":\"https:\\\/\\\/diwine.ee\\\/wp-content\\\/uploads\\\/2025\\\/03\\\/laurel_bl-2023_800x800.png\",\"contentUrl\":\"https:\\\/\\\/diwine.ee\\\/wp-content\\\/uploads\\\/2025\\\/03\\\/laurel_bl-2023_800x800.png\",\"width\":800,\"height\":800},{\"@type\":\"BreadcrumbList\",\"@id\":\"https:\\\/\\\/diwine.ee\\\/product\\\/laurel-blanc-2023\\\/#breadcrumb\",\"itemListElement\":[{\"@type\":\"ListItem\",\"position\":1,\"name\":\"Home\",\"item\":\"https:\\\/\\\/diwine.ee\\\/\"},{\"@type\":\"ListItem\",\"position\":2,\"name\":\"e-pood\",\"item\":\"https:\\\/\\\/diwine.ee\\\/tooted\\\/\"},{\"@type\":\"ListItem\",\"position\":3,\"name\":\"Laurel Blanc 2023\"}]},{\"@type\":\"WebSite\",\"@id\":\"https:\\\/\\\/diwine.ee\\\/#website\",\"url\":\"https:\\\/\\\/diwine.ee\\\/\",\"name\":\"diWine \u2013 Premium kvaliteetveinid \u00fcle maailma | Eesti veinipood\",\"description\":\"Avasta diWine&#039;i hoolikalt valitud kvaliteetveinid maailma tippveinipiirkondadest. Eksklusiivsed punaveinid, valged veinid, vahuveinid ja eriveinid sinu erilisteks hetkedeks.\",\"publisher\":{\"@id\":\"https:\\\/\\\/diwine.ee\\\/#organization\"},\"potentialAction\":[{\"@type\":\"SearchAction\",\"target\":{\"@type\":\"EntryPoint\",\"urlTemplate\":\"https:\\\/\\\/diwine.ee\\\/?s={search_term_string}\"},\"query-input\":{\"@type\":\"PropertyValueSpecification\",\"valueRequired\":true,\"valueName\":\"search_term_string\"}}],\"inLanguage\":\"en-GB\"},{\"@type\":\"Organization\",\"@id\":\"https:\\\/\\\/diwine.ee\\\/#organization\",\"name\":\"diWine veinipood\",\"url\":\"https:\\\/\\\/diwine.ee\\\/\",\"logo\":{\"@type\":\"ImageObject\",\"inLanguage\":\"en-GB\",\"@id\":\"https:\\\/\\\/diwine.ee\\\/#\\\/schema\\\/logo\\\/image\\\/\",\"url\":\"https:\\\/\\\/diwine.ee\\\/wp-content\\\/uploads\\\/2025\\\/04\\\/diWine-1080-x-1080-px.png\",\"contentUrl\":\"https:\\\/\\\/diwine.ee\\\/wp-content\\\/uploads\\\/2025\\\/04\\\/diWine-1080-x-1080-px.png\",\"width\":1080,\"height\":1080,\"caption\":\"diWine veinipood\"},\"image\":{\"@id\":\"https:\\\/\\\/diwine.ee\\\/#\\\/schema\\\/logo\\\/image\\\/\"},\"sameAs\":[\"https:\\\/\\\/www.facebook.com\\\/profile.php?id=61573862347231\",\"https:\\\/\\\/www.instagram.com\\\/diwine.ee\"]}]}<\/script>\n<!-- \/ Yoast SEO plugin. -->","yoast_head_json":{"title":"Laurel Blanc 2023 - diWine &ndash; Premium kvaliteetveinid &uuml;le maailma | Eesti veinipood","robots":{"index":"index","follow":"follow","max-snippet":"max-snippet:-1","max-image-preview":"max-image-preview:large","max-video-preview":"max-video-preview:-1"},"canonical":"https:\/\/diwine.ee\/en\/product\/laurel-blanc-2023\/","og_locale":"en_GB","og_type":"article","og_title":"Laurel Blanc 2023 - diWine &ndash; Premium kvaliteetveinid &uuml;le maailma | Eesti veinipood","og_description":"Laurel Blanc \u2013 haruldane ja elegantne Priorati valge vein, mis \u00fchendab mineraalsuse, rikkaliku tekstuuri ja v\u00e4rskuse. K\u00fcpsed luuviljad, tsitruseline s\u00e4rtsakus ja kerge tammisus teevad sellest mitmek\u00fclgse kaaslase nii mereandidele kui ka peenematele gurmeerogadele.","og_url":"https:\/\/diwine.ee\/en\/product\/laurel-blanc-2023\/","og_site_name":"diWine &ndash; Premium kvaliteetveinid &uuml;le maailma | Eesti veinipood","article_publisher":"https:\/\/www.facebook.com\/profile.php?id=61573862347231","article_modified_time":"2025-12-28T20:50:04+00:00","og_image":[{"width":800,"height":800,"url":"https:\/\/diwine.ee\/wp-content\/uploads\/2025\/03\/laurel_bl-2023_800x800.png","type":"image\/png"}],"twitter_card":"summary_large_image","twitter_misc":{"Estimated reading time":"3 minutes"},"schema":{"@context":"https:\/\/schema.org","@graph":[{"@type":"WebPage","@id":"https:\/\/diwine.ee\/product\/laurel-blanc-2023\/","url":"https:\/\/diwine.ee\/product\/laurel-blanc-2023\/","name":"Laurel Blanc 2023 - diWine &ndash; Premium kvaliteetveinid &uuml;le maailma | Eesti veinipood","isPartOf":{"@id":"https:\/\/diwine.ee\/#website"},"primaryImageOfPage":{"@id":"https:\/\/diwine.ee\/product\/laurel-blanc-2023\/#primaryimage"},"image":{"@id":"https:\/\/diwine.ee\/product\/laurel-blanc-2023\/#primaryimage"},"thumbnailUrl":"https:\/\/diwine.ee\/wp-content\/uploads\/2025\/03\/laurel_bl-2023_800x800.png","datePublished":"2025-03-20T17:01:13+00:00","dateModified":"2025-12-28T20:50:04+00:00","breadcrumb":{"@id":"https:\/\/diwine.ee\/product\/laurel-blanc-2023\/#breadcrumb"},"inLanguage":"en-GB","potentialAction":[{"@type":"ReadAction","target":["https:\/\/diwine.ee\/product\/laurel-blanc-2023\/"]}]},{"@type":"ImageObject","inLanguage":"en-GB","@id":"https:\/\/diwine.ee\/product\/laurel-blanc-2023\/#primaryimage","url":"https:\/\/diwine.ee\/wp-content\/uploads\/2025\/03\/laurel_bl-2023_800x800.png","contentUrl":"https:\/\/diwine.ee\/wp-content\/uploads\/2025\/03\/laurel_bl-2023_800x800.png","width":800,"height":800},{"@type":"BreadcrumbList","@id":"https:\/\/diwine.ee\/product\/laurel-blanc-2023\/#breadcrumb","itemListElement":[{"@type":"ListItem","position":1,"name":"Home","item":"https:\/\/diwine.ee\/"},{"@type":"ListItem","position":2,"name":"e-pood","item":"https:\/\/diwine.ee\/tooted\/"},{"@type":"ListItem","position":3,"name":"Laurel Blanc 2023"}]},{"@type":"WebSite","@id":"https:\/\/diwine.ee\/#website","url":"https:\/\/diwine.ee\/","name":"diWine \u2013 Premium kvaliteetveinid \u00fcle maailma | Eesti veinipood","description":"Avasta diWine&#039;i hoolikalt valitud kvaliteetveinid maailma tippveinipiirkondadest. Eksklusiivsed punaveinid, valged veinid, vahuveinid ja eriveinid sinu erilisteks hetkedeks.","publisher":{"@id":"https:\/\/diwine.ee\/#organization"},"potentialAction":[{"@type":"SearchAction","target":{"@type":"EntryPoint","urlTemplate":"https:\/\/diwine.ee\/?s={search_term_string}"},"query-input":{"@type":"PropertyValueSpecification","valueRequired":true,"valueName":"search_term_string"}}],"inLanguage":"en-GB"},{"@type":"Organization","@id":"https:\/\/diwine.ee\/#organization","name":"diWine veinipood","url":"https:\/\/diwine.ee\/","logo":{"@type":"ImageObject","inLanguage":"en-GB","@id":"https:\/\/diwine.ee\/#\/schema\/logo\/image\/","url":"https:\/\/diwine.ee\/wp-content\/uploads\/2025\/04\/diWine-1080-x-1080-px.png","contentUrl":"https:\/\/diwine.ee\/wp-content\/uploads\/2025\/04\/diWine-1080-x-1080-px.png","width":1080,"height":1080,"caption":"diWine veinipood"},"image":{"@id":"https:\/\/diwine.ee\/#\/schema\/logo\/image\/"},"sameAs":["https:\/\/www.facebook.com\/profile.php?id=61573862347231","https:\/\/www.instagram.com\/diwine.ee"]}]}},"jetpack_sharing_enabled":true,"_links":{"self":[{"href":"https:\/\/diwine.ee\/en\/wp-json\/wp\/v2\/product\/27699","targetHints":{"allow":["GET"]}}],"collection":[{"href":"https:\/\/diwine.ee\/en\/wp-json\/wp\/v2\/product"}],"about":[{"href":"https:\/\/diwine.ee\/en\/wp-json\/wp\/v2\/types\/product"}],"version-history":[{"count":0,"href":"https:\/\/diwine.ee\/en\/wp-json\/wp\/v2\/product\/27699\/revisions"}],"wp:featuredmedia":[{"embeddable":true,"href":"https:\/\/diwine.ee\/en\/wp-json\/wp\/v2\/media\/27700"}],"wp:attachment":[{"href":"https:\/\/diwine.ee\/en\/wp-json\/wp\/v2\/media?parent=27699"}],"wp:term":[{"taxonomy":"product_brand","embeddable":true,"href":"https:\/\/diwine.ee\/en\/wp-json\/wp\/v2\/product_brand?post=27699"},{"taxonomy":"product_cat","embeddable":true,"href":"https:\/\/diwine.ee\/en\/wp-json\/wp\/v2\/product_cat?post=27699"},{"taxonomy":"product_tag","embeddable":true,"href":"https:\/\/diwine.ee\/en\/wp-json\/wp\/v2\/product_tag?post=27699"}],"curies":[{"name":"wp","href":"https:\/\/api.w.org\/{rel}","templated":true}]}}