{"id":27732,"date":"2025-03-21T08:58:13","date_gmt":"2025-03-21T06:58:13","guid":{"rendered":"https:\/\/diwine.ee\/?post_type=product&#038;p=27732"},"modified":"2026-04-14T12:43:21","modified_gmt":"2026-04-14T09:43:21","slug":"terra-de-cuques-negre-2022","status":"publish","type":"product","link":"https:\/\/diwine.ee\/en\/product\/terra-de-cuques-negre-2022\/","title":{"rendered":"Terra de Cuques Negre 2022"},"content":{"rendered":"<div data-elementor-type=\"wp-post\" data-elementor-id=\"27732\" class=\"elementor elementor-27732\">\n\t\t\t\t<div class=\"wd-negative-gap elementor-element elementor-element-b496628 e-grid e-con-boxed e-con e-parent\" data-id=\"b496628\" data-element_type=\"container\" data-e-type=\"container\">\n\t\t\t\t\t<div class=\"e-con-inner\">\n\t\t\t\t<div class=\"elementor-element elementor-element-aa23989 elementor-widget elementor-widget-wd_text_block\" data-id=\"aa23989\" data-element_type=\"widget\" data-e-type=\"widget\" data-widget_type=\"wd_text_block.default\">\n\t\t\t\t<div class=\"elementor-widget-container\">\n\t\t\t\t\t\t\t<div class=\"wd-text-block reset-last-child text-left\">\n\t\t\t\n\t\t\t<h3 class=\"cvGsUA direction-ltr align-justify para-style-body\"><span class=\"OYPEnA font-feature-liga-off font-feature-clig-off font-feature-calt-off text-decoration-none text-strikethrough-none\">Veini lugu:<\/span><\/h3><p class=\"cvGsUA direction-ltr align-justify para-style-body\"><span class=\"OYPEnA font-feature-liga-off font-feature-clig-off font-feature-calt-off text-decoration-none text-strikethrough-none\">Terra de Cuques Negre on Terroir al L\u00edmit\u2019i Torroja k\u00fclataseme punane vein, mis pakub sissejuhatust Dominik Huberi veinifilosoofiasse. Erinevalt paljudest Priorati p\u00f5hitaseme veinidest ei ole see tammek\u00fcllane ja j\u00f5uline, vaid peegeldab Torroja terroir\u2019d mahlakas ja kergemini ligip\u00e4\u00e4setavas vormis.<\/span><\/p><p class=\"cvGsUA direction-ltr align-justify para-style-body\"><span class=\"OYPEnA font-feature-liga-off font-feature-clig-off font-feature-calt-off text-decoration-none text-strikethrough-none\">2022 oli soe aastak\u00e4ik, kuid varajane korje ja t\u00e4pne viinamarjakasvatus hoidsid alkoholi m\u00f5\u00f5duka (~14.5%) ja puuvilja v\u00e4rske. Vein k\u00e4\u00e4ritati tervete kobaratega, l\u00fchikese matsereerimisega, et s\u00e4ilitada puhtus ja tasakaal. See on Priorati t\u00f5lgendus Burgundia k\u00fclataseme veinist \u2013 nauditav noorelt, kuid piisavalt keerukas, et t\u00f5siselt v\u00f5tta.<\/span><\/p><h3 class=\"cvGsUA direction-ltr align-justify para-style-body\"><span class=\"OYPEnA font-feature-liga-off font-feature-clig-off font-feature-calt-off text-decoration-none text-strikethrough-none\">Veini valmistamine:<\/span><\/h3><ul><li><span class=\"OYPEnA font-feature-liga-off font-feature-clig-off font-feature-calt-off text-decoration-none text-strikethrough-none\">50% Garnacha, 50% Cari\u00f1ena<\/span><\/li><li><span class=\"OYPEnA font-feature-liga-off font-feature-clig-off font-feature-calt-off text-decoration-none text-strikethrough-none\">25\u201340-aastased viinapuud ~400m k\u00f5rgusel<\/span><\/li><li><span class=\"OYPEnA font-feature-liga-off font-feature-clig-off font-feature-calt-off text-decoration-none text-strikethrough-none\">Orgaaniline viinamarjakasvatus<\/span><\/li><li><span class=\"OYPEnA font-feature-liga-off font-feature-clig-off font-feature-calt-off text-decoration-none text-strikethrough-none\">K\u00e4\u00e4ritamine looduslike p\u00e4rmidega, t\u00e4iskobaratega (semi-carbonic)<\/span><\/li><li><span class=\"OYPEnA font-feature-liga-off font-feature-clig-off font-feature-calt-off text-decoration-none text-strikethrough-none\">L\u00fchike matsereerimine: osa viinamarju 7 p\u00e4eva, osa 10 p\u00e4eva<\/span><\/li><li><span class=\"OYPEnA font-feature-liga-off font-feature-clig-off font-feature-calt-off text-decoration-none text-strikethrough-none\">8 kuud betoonmahutites ja suures kasutatud foudres (ei kasutata uut tamme)<\/span><\/li><li><span class=\"OYPEnA font-feature-liga-off font-feature-clig-off font-feature-calt-off text-decoration-none text-strikethrough-none\">Alkohol ~14\u201314.5%<\/span><\/li><li><span class=\"OYPEnA font-feature-liga-off font-feature-clig-off font-feature-calt-off text-decoration-none text-strikethrough-none\">Toodetud ~10,000 pudelit<\/span><\/li><\/ul>\n\t\t\t\t\t<\/div>\n\t\t\t\t\t\t<\/div>\n\t\t\t\t<\/div>\n\t\t\t\t<div class=\"elementor-element elementor-element-f22db15 elementor-widget elementor-widget-wd_text_block\" data-id=\"f22db15\" data-element_type=\"widget\" data-e-type=\"widget\" data-widget_type=\"wd_text_block.default\">\n\t\t\t\t<div class=\"elementor-widget-container\">\n\t\t\t\t\t\t\t<div class=\"wd-text-block reset-last-child text-left\">\n\t\t\t\n\t\t\t<h3 class=\"cvGsUA direction-ltr align-justify para-style-body\"><span class=\"OYPEnA font-feature-liga-off font-feature-clig-off font-feature-calt-off text-decoration-none text-strikethrough-none\">Maitsenoodid:<\/span><\/h3><p class=\"cvGsUA direction-ltr align-justify para-style-body\"><span class=\"OYPEnA font-feature-liga-off font-feature-clig-off font-feature-calt-off text-decoration-none text-strikethrough-none\">V\u00e4rvus: Keskmise s\u00fcgavusega rubiinpunane.<\/span><\/p><p class=\"cvGsUA direction-ltr align-justify para-style-body\"><span class=\"OYPEnA font-feature-liga-off font-feature-clig-off font-feature-calt-off text-decoration-none text-strikethrough-none\">Aroom: K\u00fcpsed punased ja mustad marjad \u2013 metsvaarikas, murakas, musts\u00f5star. V\u00fcrtsid ja \u00fcrdid \u2013 must pipar, nelk, v\u00e4rske t\u00fc\u00fcmian. \u00d5rn floraliin (pojeng, lagrits) ja kriidine mineraalsus viitavad Torroja pinnasele.<\/span><\/p><p class=\"cvGsUA direction-ltr align-justify para-style-body\"><span class=\"OYPEnA font-feature-liga-off font-feature-clig-off font-feature-calt-off text-decoration-none text-strikethrough-none\">Maitse: Keskmise t\u00e4idlusega, soe ja mahlane. Esmalt must kirss, poissoni marjad, ploomimoos, seej\u00e4rel elav hape ja \u00fcrdine alatoon (rosmariin, loorberileht). Cari\u00f1ena toob peene tanniinstruktuuri ja kriidise l\u00f5pu, hoides veini v\u00e4rske ja tasakaalus. Siidine tekstuur ja pikk mineraalne j\u00e4relmaitse.<\/span><\/p><h3 class=\"cvGsUA direction-ltr align-justify para-style-body\"><span class=\"OYPEnA font-feature-liga-off font-feature-clig-off font-feature-calt-off text-decoration-none text-strikethrough-none\">Toidusoovitus:<\/span><\/h3><ul><li><span class=\"OYPEnA font-feature-liga-off font-feature-clig-off font-feature-calt-off text-decoration-none text-strikethrough-none\">Tapased: grillvorst, alb\u00f3ndigas (hispaania lihapallid), patatas bravas<\/span><\/li><li><span class=\"OYPEnA font-feature-liga-off font-feature-clig-off font-feature-calt-off text-decoration-none text-strikethrough-none\">Vahemere k\u00f6\u00f6k: bakla\u017eaaniparmesaan, pitsa fenkolivorstiga, k\u00fc\u00fcslaugu ja \u00fcrtidega r\u00f6stitud kana<\/span><\/li><li><span class=\"OYPEnA font-feature-liga-off font-feature-clig-off font-feature-calt-off text-decoration-none text-strikethrough-none\">Kataloonia klassika: butifarra vorst valgete ubadega<\/span><\/li><li><span class=\"OYPEnA font-feature-liga-off font-feature-clig-off font-feature-calt-off text-decoration-none text-strikethrough-none\">Grill- ja suitsutatud road: t\u00f5mblihaga burger, grillitud k\u00f6\u00f6giviljad romesco kastmega<\/span><\/li><li><span class=\"OYPEnA font-feature-liga-off font-feature-clig-off font-feature-calt-off text-decoration-none text-strikethrough-none\">K\u00f5vad juustud: 12-kuune Manchego, Cantal<\/span><\/li><li>\u00a0<\/li><\/ul>\n\t\t\t\t\t<\/div>\n\t\t\t\t\t\t<\/div>\n\t\t\t\t<\/div>\n\t\t\t\t<div class=\"elementor-element elementor-element-79dff25 elementor-widget elementor-widget-wd_text_block\" data-id=\"79dff25\" data-element_type=\"widget\" data-e-type=\"widget\" data-widget_type=\"wd_text_block.default\">\n\t\t\t\t<div class=\"elementor-widget-container\">\n\t\t\t\t\t\t\t<div class=\"wd-text-block reset-last-child text-left\">\n\t\t\t\n\t\t\t<h3 class=\"cvGsUA direction-ltr align-justify para-style-body\"><span class=\"OYPEnA font-feature-liga-off font-feature-clig-off font-feature-calt-off text-decoration-none text-strikethrough-none\">S\u00e4ilitamispotentsiaal:<\/span><\/h3><ul><li><span class=\"OYPEnA font-feature-liga-off font-feature-clig-off font-feature-calt-off text-decoration-none text-strikethrough-none\">Ideaalne nautimiseks 2023\u20132028, kuigi v\u00f5ib kesta kauem<\/span><\/li><li><span class=\"OYPEnA font-feature-liga-off font-feature-clig-off font-feature-calt-off text-decoration-none text-strikethrough-none\">Noores eas s\u00e4rtsakas ja mahlane, kuid arenevad \u00fcrdine ja keerukam profiil<\/span><\/li><li><span class=\"OYPEnA font-feature-liga-off font-feature-clig-off font-feature-calt-off text-decoration-none text-strikethrough-none\">Ei vaja pikka laagerdamist \u2013 nauditav kohe p\u00e4rast l\u00fchikest dekanteerimist<\/span><\/li><\/ul><h3 class=\"cvGsUA direction-ltr align-justify para-style-body\"><span class=\"OYPEnA font-feature-liga-off font-feature-clig-off font-feature-calt-off text-decoration-none text-strikethrough-none\">Hinnangud &amp; tunnustused:<\/span><\/h3><ul><li><span class=\"OYPEnA font-feature-liga-off font-feature-clig-off font-feature-calt-off text-decoration-none text-strikethrough-none\">93\/100 \u2013 Robert Parker (Wine Advocate)<\/span><\/li><li><span class=\"OYPEnA font-feature-liga-off font-feature-clig-off font-feature-calt-off text-decoration-none text-strikethrough-none\">93 Pe\u00f1\u00edn, 92 Wine-Searcher (suurep\u00e4rane hinna-kvaliteedi suhe)<\/span><\/li><li><span class=\"OYPEnA font-feature-liga-off font-feature-clig-off font-feature-calt-off text-decoration-none text-strikethrough-none\">Decanter: \"New Wave Priorat\" esindaja, mis demonstreerib v\u00e4rskemat ja elegantsemat Prioratit<\/span><\/li><\/ul>\n\t\t\t\t\t<\/div>\n\t\t\t\t\t\t<\/div>\n\t\t\t\t<\/div>\n\t\t\t\t\t<\/div>\n\t\t\t\t<\/div>\n\t\t\t\t<\/div>","protected":false},"excerpt":{"rendered":"<p data-start=\"0\" data-end=\"101\">Terra de Cuques Negre 2022 \u2013 mahlakas ja elegantselt tasakaalustatud Torroja k\u00fcla-Priorat, mis toob esile piirkonna terroir\u2019i ilma liigse tamme ja j\u00f5ulisuseta.<\/p>","protected":false},"featured_media":29746,"template":"","meta":[],"product_brand":[150],"product_cat":[188,29,81],"product_tag":[],"class_list":{"0":"post-27732","1":"product","2":"type-product","3":"status-publish","4":"has-post-thumbnail","6":"product_brand-terroir-al-limit","7":"product_cat-aasta-vein-2026","8":"product_cat-koik-tooted","9":"product_cat-punane-vein","10":"pa_piirkond-priorat","11":"pa_viinamarjasort-carignan","12":"pa_viinamarjasort-garnacha","14":"first","15":"instock","16":"sale","17":"taxable","18":"shipping-taxable","19":"purchasable","20":"product-type-simple"},"yoast_head":"<!-- This site is optimized with the Yoast SEO plugin v27.4 - https:\/\/yoast.com\/product\/yoast-seo-wordpress\/ -->\n<title>Terra de Cuques Negre 2022 - diWine &ndash; Premium kvaliteetveinid &uuml;le maailma | Eesti veinipood<\/title>\n<meta name=\"robots\" content=\"index, follow, max-snippet:-1, max-image-preview:large, max-video-preview:-1\" \/>\n<link rel=\"canonical\" href=\"https:\/\/diwine.ee\/en\/product\/terra-de-cuques-negre-2022\/\" \/>\n<meta property=\"og:locale\" content=\"en_GB\" \/>\n<meta property=\"og:type\" content=\"article\" \/>\n<meta property=\"og:title\" content=\"Terra de Cuques Negre 2022 - diWine &ndash; Premium kvaliteetveinid &uuml;le maailma | Eesti veinipood\" \/>\n<meta property=\"og:description\" content=\"Terra de Cuques Negre 2022 \u2013 mahlakas ja elegantselt tasakaalustatud Torroja k\u00fcla-Priorat, mis toob esile piirkonna terroir\u2019i ilma liigse tamme ja j\u00f5ulisuseta.\" \/>\n<meta property=\"og:url\" content=\"https:\/\/diwine.ee\/en\/product\/terra-de-cuques-negre-2022\/\" \/>\n<meta property=\"og:site_name\" content=\"diWine &ndash; Premium kvaliteetveinid &uuml;le maailma | Eesti veinipood\" \/>\n<meta property=\"article:publisher\" content=\"https:\/\/www.facebook.com\/profile.php?id=61573862347231\" \/>\n<meta property=\"article:modified_time\" content=\"2026-04-14T09:43:21+00:00\" \/>\n<meta property=\"og:image\" content=\"https:\/\/diwine.ee\/wp-content\/uploads\/2025\/03\/cuques-bronze.png\" \/>\n\t<meta property=\"og:image:width\" content=\"800\" \/>\n\t<meta property=\"og:image:height\" content=\"800\" \/>\n\t<meta property=\"og:image:type\" content=\"image\/png\" \/>\n<meta name=\"twitter:card\" content=\"summary_large_image\" \/>\n<meta name=\"twitter:label1\" content=\"Estimated reading time\" \/>\n\t<meta name=\"twitter:data1\" content=\"2 minutes\" \/>\n<script type=\"application\/ld+json\" class=\"yoast-schema-graph\">{\"@context\":\"https:\\\/\\\/schema.org\",\"@graph\":[{\"@type\":\"WebPage\",\"@id\":\"https:\\\/\\\/diwine.ee\\\/product\\\/terra-de-cuques-negre-2022\\\/\",\"url\":\"https:\\\/\\\/diwine.ee\\\/product\\\/terra-de-cuques-negre-2022\\\/\",\"name\":\"Terra de Cuques Negre 2022 - diWine &ndash; Premium kvaliteetveinid &uuml;le maailma | Eesti veinipood\",\"isPartOf\":{\"@id\":\"https:\\\/\\\/diwine.ee\\\/#website\"},\"primaryImageOfPage\":{\"@id\":\"https:\\\/\\\/diwine.ee\\\/product\\\/terra-de-cuques-negre-2022\\\/#primaryimage\"},\"image\":{\"@id\":\"https:\\\/\\\/diwine.ee\\\/product\\\/terra-de-cuques-negre-2022\\\/#primaryimage\"},\"thumbnailUrl\":\"https:\\\/\\\/diwine.ee\\\/wp-content\\\/uploads\\\/2025\\\/03\\\/cuques-bronze.png\",\"datePublished\":\"2025-03-21T06:58:13+00:00\",\"dateModified\":\"2026-04-14T09:43:21+00:00\",\"breadcrumb\":{\"@id\":\"https:\\\/\\\/diwine.ee\\\/product\\\/terra-de-cuques-negre-2022\\\/#breadcrumb\"},\"inLanguage\":\"en-GB\",\"potentialAction\":[{\"@type\":\"ReadAction\",\"target\":[\"https:\\\/\\\/diwine.ee\\\/product\\\/terra-de-cuques-negre-2022\\\/\"]}]},{\"@type\":\"ImageObject\",\"inLanguage\":\"en-GB\",\"@id\":\"https:\\\/\\\/diwine.ee\\\/product\\\/terra-de-cuques-negre-2022\\\/#primaryimage\",\"url\":\"https:\\\/\\\/diwine.ee\\\/wp-content\\\/uploads\\\/2025\\\/03\\\/cuques-bronze.png\",\"contentUrl\":\"https:\\\/\\\/diwine.ee\\\/wp-content\\\/uploads\\\/2025\\\/03\\\/cuques-bronze.png\",\"width\":800,\"height\":800},{\"@type\":\"BreadcrumbList\",\"@id\":\"https:\\\/\\\/diwine.ee\\\/product\\\/terra-de-cuques-negre-2022\\\/#breadcrumb\",\"itemListElement\":[{\"@type\":\"ListItem\",\"position\":1,\"name\":\"Home\",\"item\":\"https:\\\/\\\/diwine.ee\\\/\"},{\"@type\":\"ListItem\",\"position\":2,\"name\":\"e-pood\",\"item\":\"https:\\\/\\\/diwine.ee\\\/tooted\\\/\"},{\"@type\":\"ListItem\",\"position\":3,\"name\":\"Terra de Cuques Negre 2022\"}]},{\"@type\":\"WebSite\",\"@id\":\"https:\\\/\\\/diwine.ee\\\/#website\",\"url\":\"https:\\\/\\\/diwine.ee\\\/\",\"name\":\"diWine \u2013 Premium kvaliteetveinid \u00fcle maailma | Eesti veinipood\",\"description\":\"Avasta diWine&#039;i hoolikalt valitud kvaliteetveinid maailma tippveinipiirkondadest. Eksklusiivsed punaveinid, valged veinid, vahuveinid ja eriveinid sinu erilisteks hetkedeks.\",\"publisher\":{\"@id\":\"https:\\\/\\\/diwine.ee\\\/#organization\"},\"potentialAction\":[{\"@type\":\"SearchAction\",\"target\":{\"@type\":\"EntryPoint\",\"urlTemplate\":\"https:\\\/\\\/diwine.ee\\\/?s={search_term_string}\"},\"query-input\":{\"@type\":\"PropertyValueSpecification\",\"valueRequired\":true,\"valueName\":\"search_term_string\"}}],\"inLanguage\":\"en-GB\"},{\"@type\":\"Organization\",\"@id\":\"https:\\\/\\\/diwine.ee\\\/#organization\",\"name\":\"diWine veinipood\",\"url\":\"https:\\\/\\\/diwine.ee\\\/\",\"logo\":{\"@type\":\"ImageObject\",\"inLanguage\":\"en-GB\",\"@id\":\"https:\\\/\\\/diwine.ee\\\/#\\\/schema\\\/logo\\\/image\\\/\",\"url\":\"https:\\\/\\\/diwine.ee\\\/wp-content\\\/uploads\\\/2025\\\/04\\\/diWine-1080-x-1080-px.png\",\"contentUrl\":\"https:\\\/\\\/diwine.ee\\\/wp-content\\\/uploads\\\/2025\\\/04\\\/diWine-1080-x-1080-px.png\",\"width\":1080,\"height\":1080,\"caption\":\"diWine veinipood\"},\"image\":{\"@id\":\"https:\\\/\\\/diwine.ee\\\/#\\\/schema\\\/logo\\\/image\\\/\"},\"sameAs\":[\"https:\\\/\\\/www.facebook.com\\\/profile.php?id=61573862347231\",\"https:\\\/\\\/www.instagram.com\\\/diwine.ee\"]}]}<\/script>\n<!-- \/ Yoast SEO plugin. -->","yoast_head_json":{"title":"Terra de Cuques Negre 2022 - diWine &ndash; Premium kvaliteetveinid &uuml;le maailma | Eesti veinipood","robots":{"index":"index","follow":"follow","max-snippet":"max-snippet:-1","max-image-preview":"max-image-preview:large","max-video-preview":"max-video-preview:-1"},"canonical":"https:\/\/diwine.ee\/en\/product\/terra-de-cuques-negre-2022\/","og_locale":"en_GB","og_type":"article","og_title":"Terra de Cuques Negre 2022 - diWine &ndash; Premium kvaliteetveinid &uuml;le maailma | Eesti veinipood","og_description":"Terra de Cuques Negre 2022 \u2013 mahlakas ja elegantselt tasakaalustatud Torroja k\u00fcla-Priorat, mis toob esile piirkonna terroir\u2019i ilma liigse tamme ja j\u00f5ulisuseta.","og_url":"https:\/\/diwine.ee\/en\/product\/terra-de-cuques-negre-2022\/","og_site_name":"diWine &ndash; Premium kvaliteetveinid &uuml;le maailma | Eesti veinipood","article_publisher":"https:\/\/www.facebook.com\/profile.php?id=61573862347231","article_modified_time":"2026-04-14T09:43:21+00:00","og_image":[{"width":800,"height":800,"url":"https:\/\/diwine.ee\/wp-content\/uploads\/2025\/03\/cuques-bronze.png","type":"image\/png"}],"twitter_card":"summary_large_image","twitter_misc":{"Estimated reading time":"2 minutes"},"schema":{"@context":"https:\/\/schema.org","@graph":[{"@type":"WebPage","@id":"https:\/\/diwine.ee\/product\/terra-de-cuques-negre-2022\/","url":"https:\/\/diwine.ee\/product\/terra-de-cuques-negre-2022\/","name":"Terra de Cuques Negre 2022 - diWine &ndash; Premium kvaliteetveinid &uuml;le maailma | Eesti veinipood","isPartOf":{"@id":"https:\/\/diwine.ee\/#website"},"primaryImageOfPage":{"@id":"https:\/\/diwine.ee\/product\/terra-de-cuques-negre-2022\/#primaryimage"},"image":{"@id":"https:\/\/diwine.ee\/product\/terra-de-cuques-negre-2022\/#primaryimage"},"thumbnailUrl":"https:\/\/diwine.ee\/wp-content\/uploads\/2025\/03\/cuques-bronze.png","datePublished":"2025-03-21T06:58:13+00:00","dateModified":"2026-04-14T09:43:21+00:00","breadcrumb":{"@id":"https:\/\/diwine.ee\/product\/terra-de-cuques-negre-2022\/#breadcrumb"},"inLanguage":"en-GB","potentialAction":[{"@type":"ReadAction","target":["https:\/\/diwine.ee\/product\/terra-de-cuques-negre-2022\/"]}]},{"@type":"ImageObject","inLanguage":"en-GB","@id":"https:\/\/diwine.ee\/product\/terra-de-cuques-negre-2022\/#primaryimage","url":"https:\/\/diwine.ee\/wp-content\/uploads\/2025\/03\/cuques-bronze.png","contentUrl":"https:\/\/diwine.ee\/wp-content\/uploads\/2025\/03\/cuques-bronze.png","width":800,"height":800},{"@type":"BreadcrumbList","@id":"https:\/\/diwine.ee\/product\/terra-de-cuques-negre-2022\/#breadcrumb","itemListElement":[{"@type":"ListItem","position":1,"name":"Home","item":"https:\/\/diwine.ee\/"},{"@type":"ListItem","position":2,"name":"e-pood","item":"https:\/\/diwine.ee\/tooted\/"},{"@type":"ListItem","position":3,"name":"Terra de Cuques Negre 2022"}]},{"@type":"WebSite","@id":"https:\/\/diwine.ee\/#website","url":"https:\/\/diwine.ee\/","name":"diWine \u2013 Premium kvaliteetveinid \u00fcle maailma | Eesti veinipood","description":"Avasta diWine&#039;i hoolikalt valitud kvaliteetveinid maailma tippveinipiirkondadest. Eksklusiivsed punaveinid, valged veinid, vahuveinid ja eriveinid sinu erilisteks hetkedeks.","publisher":{"@id":"https:\/\/diwine.ee\/#organization"},"potentialAction":[{"@type":"SearchAction","target":{"@type":"EntryPoint","urlTemplate":"https:\/\/diwine.ee\/?s={search_term_string}"},"query-input":{"@type":"PropertyValueSpecification","valueRequired":true,"valueName":"search_term_string"}}],"inLanguage":"en-GB"},{"@type":"Organization","@id":"https:\/\/diwine.ee\/#organization","name":"diWine veinipood","url":"https:\/\/diwine.ee\/","logo":{"@type":"ImageObject","inLanguage":"en-GB","@id":"https:\/\/diwine.ee\/#\/schema\/logo\/image\/","url":"https:\/\/diwine.ee\/wp-content\/uploads\/2025\/04\/diWine-1080-x-1080-px.png","contentUrl":"https:\/\/diwine.ee\/wp-content\/uploads\/2025\/04\/diWine-1080-x-1080-px.png","width":1080,"height":1080,"caption":"diWine veinipood"},"image":{"@id":"https:\/\/diwine.ee\/#\/schema\/logo\/image\/"},"sameAs":["https:\/\/www.facebook.com\/profile.php?id=61573862347231","https:\/\/www.instagram.com\/diwine.ee"]}]}},"jetpack_sharing_enabled":true,"_links":{"self":[{"href":"https:\/\/diwine.ee\/en\/wp-json\/wp\/v2\/product\/27732","targetHints":{"allow":["GET"]}}],"collection":[{"href":"https:\/\/diwine.ee\/en\/wp-json\/wp\/v2\/product"}],"about":[{"href":"https:\/\/diwine.ee\/en\/wp-json\/wp\/v2\/types\/product"}],"version-history":[{"count":2,"href":"https:\/\/diwine.ee\/en\/wp-json\/wp\/v2\/product\/27732\/revisions"}],"predecessor-version":[{"id":29747,"href":"https:\/\/diwine.ee\/en\/wp-json\/wp\/v2\/product\/27732\/revisions\/29747"}],"wp:featuredmedia":[{"embeddable":true,"href":"https:\/\/diwine.ee\/en\/wp-json\/wp\/v2\/media\/29746"}],"wp:attachment":[{"href":"https:\/\/diwine.ee\/en\/wp-json\/wp\/v2\/media?parent=27732"}],"wp:term":[{"taxonomy":"product_brand","embeddable":true,"href":"https:\/\/diwine.ee\/en\/wp-json\/wp\/v2\/product_brand?post=27732"},{"taxonomy":"product_cat","embeddable":true,"href":"https:\/\/diwine.ee\/en\/wp-json\/wp\/v2\/product_cat?post=27732"},{"taxonomy":"product_tag","embeddable":true,"href":"https:\/\/diwine.ee\/en\/wp-json\/wp\/v2\/product_tag?post=27732"}],"curies":[{"name":"wp","href":"https:\/\/api.w.org\/{rel}","templated":true}]}}