{"id":27762,"date":"2025-03-21T11:18:25","date_gmt":"2025-03-21T09:18:25","guid":{"rendered":"https:\/\/diwine.ee\/?post_type=product&#038;p=27762"},"modified":"2026-01-27T20:58:28","modified_gmt":"2026-01-27T18:58:28","slug":"les-manyes-2022","status":"publish","type":"product","link":"https:\/\/diwine.ee\/en\/product\/les-manyes-2022\/","title":{"rendered":"Les Manyes 2022"},"content":{"rendered":"<div data-elementor-type=\"wp-post\" data-elementor-id=\"27762\" class=\"elementor elementor-27762\">\n\t\t\t\t<div class=\"wd-negative-gap elementor-element elementor-element-b496628 e-grid e-con-boxed e-con e-parent\" data-id=\"b496628\" data-element_type=\"container\" data-e-type=\"container\">\n\t\t\t\t\t<div class=\"e-con-inner\">\n\t\t\t\t<div class=\"elementor-element elementor-element-aa23989 elementor-widget elementor-widget-wd_text_block\" data-id=\"aa23989\" data-element_type=\"widget\" data-e-type=\"widget\" data-widget_type=\"wd_text_block.default\">\n\t\t\t\t<div class=\"elementor-widget-container\">\n\t\t\t\t\t\t\t<div class=\"wd-text-block reset-last-child text-left\">\n\t\t\t\n\t\t\t<h3 class=\"cvGsUA direction-ltr align-justify para-style-body\"><span class=\"OYPEnA font-feature-liga-off font-feature-clig-off font-feature-calt-off text-decoration-none text-strikethrough-none\">Veini lugu:<\/span><\/h3><p data-start=\"97\" data-end=\"438\">Les Manyes on Terroir al L\u00edmit\u2019i eksklusiivne \u00fche viinapuuvein, mis esindab Priorati k\u00f5ige elegantsemat ja \u00f5hulisemat stiili. See p\u00e4rineb Scala Dei l\u00e4hedal asuvalt 800m k\u00f5rgusel paiknevalt p\u00f5hjapoolse asetusega viinapuuaiast, kus kriidine savipinnas (haruldane Prioratis) annab veinile ainulaadse tekstuuri ja mineraalsuse.<\/p><p data-start=\"440\" data-end=\"743\">See on 100% Garnatxa Peluda, Grenache\u2019i haruldasem variant, mille v\u00e4iksemad marjad ja suurem lehepind aitavad s\u00e4ilitada happesust ja tasakaalu. Les Manyes\u2019d on sageli v\u00f5rreldud Burgundia Pinot Noir\u2019i v\u00f5i isegi Barolo veinidega, sest see on peene struktuuriga, siidine ja erakordselt aromaatne.<\/p><p data-start=\"745\" data-end=\"1089\">2022. aastak\u00e4ik on \u00fcks k\u00f5ige harmoonilisemaid \u2013 k\u00fcps, ent v\u00e4rske ja s\u00e4rava puuviljalisusega. Soe kasvuperiood andis veinile s\u00fcgavuse ja j\u00f5u, kuid viinamarjade hiline korje k\u00f5rgel k\u00f5rgusel s\u00e4ilitas elava happesuse ja elegantsi. Toodang on \u00e4\u00e4rmiselt piiratud (~1,200 pudelit), muutes selle \u00fcheks Priorati k\u00f5ige eksklusiivsemaks veiniks.<\/p><h3 class=\"cvGsUA direction-ltr align-justify para-style-body\"><span class=\"OYPEnA font-feature-liga-off font-feature-clig-off font-feature-calt-off text-decoration-none text-strikethrough-none\">Veini valmistamine:<\/span><\/h3><ul><li style=\"list-style-type: none;\" data-start=\"186\" data-end=\"233\"><ul data-start=\"183\" data-end=\"526\"><li data-start=\"183\" data-end=\"230\"><strong data-start=\"185\" data-end=\"197\">Asukoht:<\/strong> Montsanti m\u00e4ed, Mas Deu \u00fcmbruses<\/li><li data-start=\"231\" data-end=\"274\"><strong data-start=\"233\" data-end=\"254\">Viinapuude vanus:<\/strong> Ligikaudu 60 aastat<\/li><li data-start=\"275\" data-end=\"312\"><strong data-start=\"277\" data-end=\"288\">K\u00f5rgus:<\/strong> 800 meetrit merepinnast<\/li><li data-start=\"313\" data-end=\"340\"><strong data-start=\"315\" data-end=\"325\">Suund:<\/strong> L\u00e4\u00e4nesuunaline<\/li><li data-start=\"341\" data-end=\"402\"><strong data-start=\"343\" data-end=\"362\">Viinamarjasort:<\/strong> 100% Garnacha Peluda (karvane Grenache)<\/li><li data-start=\"403\" data-end=\"424\"><strong data-start=\"405\" data-end=\"419\">Mullat\u00fc\u00fcp:<\/strong> Savi<\/li><li data-start=\"425\" data-end=\"463\"><strong data-start=\"427\" data-end=\"440\">Saagikus:<\/strong> 2,000 kg hektari kohta<\/li><li data-start=\"464\" data-end=\"496\"><strong data-start=\"466\" data-end=\"482\">Tootmismaht:<\/strong> 3,500 pudelit<\/li><li data-start=\"497\" data-end=\"526\"><strong data-start=\"499\" data-end=\"520\">Alkoholisisaldus:<\/strong> 13.5%<\/li><\/ul><ul data-start=\"552\" data-end=\"688\"><li data-start=\"552\" data-end=\"581\"><strong data-start=\"554\" data-end=\"564\">Korje:<\/strong> K\u00e4sitsi korjatud<\/li><li data-start=\"582\" data-end=\"646\"><strong data-start=\"584\" data-end=\"603\">Fermentatsioon:<\/strong> Terve kobarana (whole-cluster) k\u00e4\u00e4ritamine<\/li><li data-start=\"647\" data-end=\"688\"><strong data-start=\"649\" data-end=\"666\">Laagerdamine:<\/strong> 8 kuud betoonanumates<\/li><\/ul><\/li><\/ul>\n\t\t\t\t\t<\/div>\n\t\t\t\t\t\t<\/div>\n\t\t\t\t<\/div>\n\t\t\t\t<div class=\"elementor-element elementor-element-f22db15 elementor-widget elementor-widget-wd_text_block\" data-id=\"f22db15\" data-element_type=\"widget\" data-e-type=\"widget\" data-widget_type=\"wd_text_block.default\">\n\t\t\t\t<div class=\"elementor-widget-container\">\n\t\t\t\t\t\t\t<div class=\"wd-text-block reset-last-child text-left\">\n\t\t\t\n\t\t\t<h3 class=\"cvGsUA direction-ltr align-justify para-style-body\"><span class=\"OYPEnA font-feature-liga-off font-feature-clig-off font-feature-calt-off text-decoration-none text-strikethrough-none\">Maitsenoodid:<\/span><\/h3><ul><li data-start=\"1550\" data-end=\"1641\">V\u00e4rvus: Heledam kui enamik Priorati punaseid \u2013 s\u00e4rav rubiinpunane, granaat servadel<\/li><li data-start=\"1642\" data-end=\"1905\">Aroom: \u00c4\u00e4rmiselt aromaatne ja peen. V\u00e4rsked punased marjad (metsmaasikad, j\u00f5hvikas, granaat\u00f5un), lillelised noodid (roosi\u00f5ied, lavendel) ja peen \u00fcrdisus (t\u00fc\u00fcmian, apteegitill). Lubjakivi ja kriidine mineraalsus annavad erilise elegantsi ja struktuuri.<\/li><li data-start=\"1906\" data-end=\"2242\">Maitse: Keskmise t\u00e4idlusega, kuid sametiselt siidine ja elegantne. Suurep\u00e4raselt integreeritud punaste marjade mahlasus (kirss, vaarikas) seguneb tsitruselise v\u00e4rskusega ja peene tanniinistruktuuriga. Hape hoiab veini s\u00e4ravana ja tasakaalus. L\u00f5ppmaitse on pikk ja mineraalne, elegantsete \u00fcrdi- ja lilleliste n\u00fcanssidega.<\/li><\/ul><h3 class=\"cvGsUA direction-ltr align-justify para-style-body\"><span class=\"OYPEnA font-feature-liga-off font-feature-clig-off font-feature-calt-off text-decoration-none text-strikethrough-none\">Toidusoovitus:<\/span><\/h3><p data-start=\"2274\" data-end=\"2370\">Les Manyes vajab kergemat, kuid maitserikast toitu, mis ei varjuta veini peent struktuuri:<\/p><ul data-start=\"2371\" data-end=\"2788\"><li data-start=\"2371\" data-end=\"2424\">Metslinnud: R\u00f6stitud vutt, part kirsikastmega<\/li><li data-start=\"2425\" data-end=\"2516\">Veiselihavalik: T\u00fc\u00fcmianiga k\u00fcpsetatud lambakarree v\u00f5i j\u00e4nes valge veini ja \u00fcrtidega<\/li><li data-start=\"2517\" data-end=\"2592\">Taimsed road: Ratatouille, grillitud punane paprika, tomatikonsomee<\/li><li data-start=\"2593\" data-end=\"2670\">Juustud: Pehmed k\u00fcpsenud juustud (\u00c9poisses, Reblochon, Brie de Meaux)<\/li><li data-start=\"2671\" data-end=\"2788\">Kala ja mereannid: Suure struktuuriga Grenache v\u00f5ib sobida ka grillitud tuunikala v\u00f5i l\u00f5hega veinikastmes<\/li><\/ul>\n\t\t\t\t\t<\/div>\n\t\t\t\t\t\t<\/div>\n\t\t\t\t<\/div>\n\t\t\t\t<div class=\"elementor-element elementor-element-79dff25 elementor-widget elementor-widget-wd_text_block\" data-id=\"79dff25\" data-element_type=\"widget\" data-e-type=\"widget\" data-widget_type=\"wd_text_block.default\">\n\t\t\t\t<div class=\"elementor-widget-container\">\n\t\t\t\t\t\t\t<div class=\"wd-text-block reset-last-child text-left\">\n\t\t\t\n\t\t\t<h3 class=\"cvGsUA direction-ltr align-justify para-style-body\"><span class=\"OYPEnA font-feature-liga-off font-feature-clig-off font-feature-calt-off text-decoration-none text-strikethrough-none\">S\u00e4ilitamispotentsiaal:<\/span><\/h3><ul><li data-start=\"2828\" data-end=\"2857\">Joomisaken: 2025\u20132042<\/li><li data-start=\"2858\" data-end=\"2971\">Suudab vananeda 20+ aastat, muutudes keerukamaks ja arendades tr\u00fchvli, tubaka ja kuivatatud lillede noote<\/li><li data-start=\"2972\" data-end=\"3070\">Ideaalne joomiseks 7\u201310-aastaselt, kuid noorelt avades soovitatav dekanteerida v\u00e4hemalt 2h<\/li><\/ul><p><span style=\"color: #1b1919; font-size: 22px;\">Hinnangud &amp; tunnustused:<\/span><\/p><ul data-start=\"3112\" data-end=\"3350\"><li data-start=\"3112\" data-end=\"3145\">97\/100 Parker (WA) \u2013 2022<\/li><li data-start=\"3146\" data-end=\"3301\">Varasemad aastak\u00e4igud:<ul data-start=\"3179\" data-end=\"3301\"><li data-start=\"3179\" data-end=\"3245\">2016 \u2013 100p Parker (valiti Decanteri \u201cAasta Veiniks\u201d 2019)<\/li><li data-start=\"3248\" data-end=\"3273\">2018 \u2013 98p Parker<\/li><li data-start=\"3276\" data-end=\"3301\">2019 \u2013 98p Parker<\/li><\/ul><\/li><li data-start=\"3302\" data-end=\"3350\">James Suckling ~96-97, Wine &amp; Spirits 97<\/li><\/ul>\n\t\t\t\t\t<\/div>\n\t\t\t\t\t\t<\/div>\n\t\t\t\t<\/div>\n\t\t\t\t\t<\/div>\n\t\t\t\t<\/div>\n\t\t\t\t<\/div>","protected":false},"excerpt":{"rendered":"<p>Les Manyes 2022 \u2013 siidise tekstuuri ja mineraalse s\u00fcgavusega Grenache, mis peegeldab Priorati k\u00f5rgm\u00e4estiku kiltkivist ja lubjakivist terroir\u2019d erakordse elegantsiga.<\/p>","protected":false},"featured_media":27763,"template":"","meta":[],"product_brand":[150],"product_cat":[29,81],"product_tag":[],"class_list":{"0":"post-27762","1":"product","2":"type-product","3":"status-publish","4":"has-post-thumbnail","6":"product_brand-terroir-al-limit","7":"product_cat-koik-tooted","8":"product_cat-punane-vein","9":"pa_piirkond-priorat","10":"pa_viinamarjasort-garnacha-peluda","12":"first","13":"onbackorder","14":"taxable","15":"shipping-taxable","16":"purchasable","17":"product-type-simple"},"yoast_head":"<!-- This site is optimized with the Yoast SEO plugin v27.4 - https:\/\/yoast.com\/product\/yoast-seo-wordpress\/ -->\n<title>Les Manyes 2022 - diWine &ndash; Premium kvaliteetveinid &uuml;le maailma | Eesti veinipood<\/title>\n<meta name=\"robots\" content=\"index, follow, max-snippet:-1, max-image-preview:large, max-video-preview:-1\" \/>\n<link rel=\"canonical\" href=\"https:\/\/diwine.ee\/en\/product\/les-manyes-2022\/\" \/>\n<meta property=\"og:locale\" content=\"en_GB\" \/>\n<meta property=\"og:type\" content=\"article\" \/>\n<meta property=\"og:title\" content=\"Les Manyes 2022 - diWine &ndash; Premium kvaliteetveinid &uuml;le maailma | Eesti veinipood\" \/>\n<meta property=\"og:description\" content=\"Les Manyes 2022 \u2013 siidise tekstuuri ja mineraalse s\u00fcgavusega Grenache, mis peegeldab Priorati k\u00f5rgm\u00e4estiku kiltkivist ja lubjakivist terroir\u2019d erakordse elegantsiga.\" \/>\n<meta property=\"og:url\" content=\"https:\/\/diwine.ee\/en\/product\/les-manyes-2022\/\" \/>\n<meta property=\"og:site_name\" content=\"diWine &ndash; Premium kvaliteetveinid &uuml;le maailma | Eesti veinipood\" \/>\n<meta property=\"article:publisher\" content=\"https:\/\/www.facebook.com\/profile.php?id=61573862347231\" \/>\n<meta property=\"article:modified_time\" content=\"2026-01-27T18:58:28+00:00\" \/>\n<meta property=\"og:image\" content=\"https:\/\/diwine.ee\/wp-content\/uploads\/2025\/03\/Les-Manyes-2022_800x800.png\" \/>\n\t<meta property=\"og:image:width\" content=\"800\" \/>\n\t<meta property=\"og:image:height\" content=\"800\" \/>\n\t<meta property=\"og:image:type\" content=\"image\/png\" \/>\n<meta name=\"twitter:card\" content=\"summary_large_image\" \/>\n<meta name=\"twitter:label1\" content=\"Estimated reading time\" \/>\n\t<meta name=\"twitter:data1\" content=\"2 minutes\" \/>\n<script type=\"application\/ld+json\" class=\"yoast-schema-graph\">{\"@context\":\"https:\\\/\\\/schema.org\",\"@graph\":[{\"@type\":\"WebPage\",\"@id\":\"https:\\\/\\\/diwine.ee\\\/product\\\/les-manyes-2022\\\/\",\"url\":\"https:\\\/\\\/diwine.ee\\\/product\\\/les-manyes-2022\\\/\",\"name\":\"Les Manyes 2022 - diWine &ndash; Premium kvaliteetveinid &uuml;le maailma | Eesti veinipood\",\"isPartOf\":{\"@id\":\"https:\\\/\\\/diwine.ee\\\/#website\"},\"primaryImageOfPage\":{\"@id\":\"https:\\\/\\\/diwine.ee\\\/product\\\/les-manyes-2022\\\/#primaryimage\"},\"image\":{\"@id\":\"https:\\\/\\\/diwine.ee\\\/product\\\/les-manyes-2022\\\/#primaryimage\"},\"thumbnailUrl\":\"https:\\\/\\\/diwine.ee\\\/wp-content\\\/uploads\\\/2025\\\/03\\\/Les-Manyes-2022_800x800.png\",\"datePublished\":\"2025-03-21T09:18:25+00:00\",\"dateModified\":\"2026-01-27T18:58:28+00:00\",\"breadcrumb\":{\"@id\":\"https:\\\/\\\/diwine.ee\\\/product\\\/les-manyes-2022\\\/#breadcrumb\"},\"inLanguage\":\"en-GB\",\"potentialAction\":[{\"@type\":\"ReadAction\",\"target\":[\"https:\\\/\\\/diwine.ee\\\/product\\\/les-manyes-2022\\\/\"]}]},{\"@type\":\"ImageObject\",\"inLanguage\":\"en-GB\",\"@id\":\"https:\\\/\\\/diwine.ee\\\/product\\\/les-manyes-2022\\\/#primaryimage\",\"url\":\"https:\\\/\\\/diwine.ee\\\/wp-content\\\/uploads\\\/2025\\\/03\\\/Les-Manyes-2022_800x800.png\",\"contentUrl\":\"https:\\\/\\\/diwine.ee\\\/wp-content\\\/uploads\\\/2025\\\/03\\\/Les-Manyes-2022_800x800.png\",\"width\":800,\"height\":800},{\"@type\":\"BreadcrumbList\",\"@id\":\"https:\\\/\\\/diwine.ee\\\/product\\\/les-manyes-2022\\\/#breadcrumb\",\"itemListElement\":[{\"@type\":\"ListItem\",\"position\":1,\"name\":\"Home\",\"item\":\"https:\\\/\\\/diwine.ee\\\/\"},{\"@type\":\"ListItem\",\"position\":2,\"name\":\"e-pood\",\"item\":\"https:\\\/\\\/diwine.ee\\\/tooted\\\/\"},{\"@type\":\"ListItem\",\"position\":3,\"name\":\"Les Manyes 2022\"}]},{\"@type\":\"WebSite\",\"@id\":\"https:\\\/\\\/diwine.ee\\\/#website\",\"url\":\"https:\\\/\\\/diwine.ee\\\/\",\"name\":\"diWine \u2013 Premium kvaliteetveinid \u00fcle maailma | Eesti veinipood\",\"description\":\"Avasta diWine&#039;i hoolikalt valitud kvaliteetveinid maailma tippveinipiirkondadest. Eksklusiivsed punaveinid, valged veinid, vahuveinid ja eriveinid sinu erilisteks hetkedeks.\",\"publisher\":{\"@id\":\"https:\\\/\\\/diwine.ee\\\/#organization\"},\"potentialAction\":[{\"@type\":\"SearchAction\",\"target\":{\"@type\":\"EntryPoint\",\"urlTemplate\":\"https:\\\/\\\/diwine.ee\\\/?s={search_term_string}\"},\"query-input\":{\"@type\":\"PropertyValueSpecification\",\"valueRequired\":true,\"valueName\":\"search_term_string\"}}],\"inLanguage\":\"en-GB\"},{\"@type\":\"Organization\",\"@id\":\"https:\\\/\\\/diwine.ee\\\/#organization\",\"name\":\"diWine veinipood\",\"url\":\"https:\\\/\\\/diwine.ee\\\/\",\"logo\":{\"@type\":\"ImageObject\",\"inLanguage\":\"en-GB\",\"@id\":\"https:\\\/\\\/diwine.ee\\\/#\\\/schema\\\/logo\\\/image\\\/\",\"url\":\"https:\\\/\\\/diwine.ee\\\/wp-content\\\/uploads\\\/2025\\\/04\\\/diWine-1080-x-1080-px.png\",\"contentUrl\":\"https:\\\/\\\/diwine.ee\\\/wp-content\\\/uploads\\\/2025\\\/04\\\/diWine-1080-x-1080-px.png\",\"width\":1080,\"height\":1080,\"caption\":\"diWine veinipood\"},\"image\":{\"@id\":\"https:\\\/\\\/diwine.ee\\\/#\\\/schema\\\/logo\\\/image\\\/\"},\"sameAs\":[\"https:\\\/\\\/www.facebook.com\\\/profile.php?id=61573862347231\",\"https:\\\/\\\/www.instagram.com\\\/diwine.ee\"]}]}<\/script>\n<!-- \/ Yoast SEO plugin. -->","yoast_head_json":{"title":"Les Manyes 2022 - diWine &ndash; Premium kvaliteetveinid &uuml;le maailma | Eesti veinipood","robots":{"index":"index","follow":"follow","max-snippet":"max-snippet:-1","max-image-preview":"max-image-preview:large","max-video-preview":"max-video-preview:-1"},"canonical":"https:\/\/diwine.ee\/en\/product\/les-manyes-2022\/","og_locale":"en_GB","og_type":"article","og_title":"Les Manyes 2022 - diWine &ndash; Premium kvaliteetveinid &uuml;le maailma | Eesti veinipood","og_description":"Les Manyes 2022 \u2013 siidise tekstuuri ja mineraalse s\u00fcgavusega Grenache, mis peegeldab Priorati k\u00f5rgm\u00e4estiku kiltkivist ja lubjakivist terroir\u2019d erakordse elegantsiga.","og_url":"https:\/\/diwine.ee\/en\/product\/les-manyes-2022\/","og_site_name":"diWine &ndash; Premium kvaliteetveinid &uuml;le maailma | Eesti veinipood","article_publisher":"https:\/\/www.facebook.com\/profile.php?id=61573862347231","article_modified_time":"2026-01-27T18:58:28+00:00","og_image":[{"width":800,"height":800,"url":"https:\/\/diwine.ee\/wp-content\/uploads\/2025\/03\/Les-Manyes-2022_800x800.png","type":"image\/png"}],"twitter_card":"summary_large_image","twitter_misc":{"Estimated reading time":"2 minutes"},"schema":{"@context":"https:\/\/schema.org","@graph":[{"@type":"WebPage","@id":"https:\/\/diwine.ee\/product\/les-manyes-2022\/","url":"https:\/\/diwine.ee\/product\/les-manyes-2022\/","name":"Les Manyes 2022 - diWine &ndash; Premium kvaliteetveinid &uuml;le maailma | Eesti veinipood","isPartOf":{"@id":"https:\/\/diwine.ee\/#website"},"primaryImageOfPage":{"@id":"https:\/\/diwine.ee\/product\/les-manyes-2022\/#primaryimage"},"image":{"@id":"https:\/\/diwine.ee\/product\/les-manyes-2022\/#primaryimage"},"thumbnailUrl":"https:\/\/diwine.ee\/wp-content\/uploads\/2025\/03\/Les-Manyes-2022_800x800.png","datePublished":"2025-03-21T09:18:25+00:00","dateModified":"2026-01-27T18:58:28+00:00","breadcrumb":{"@id":"https:\/\/diwine.ee\/product\/les-manyes-2022\/#breadcrumb"},"inLanguage":"en-GB","potentialAction":[{"@type":"ReadAction","target":["https:\/\/diwine.ee\/product\/les-manyes-2022\/"]}]},{"@type":"ImageObject","inLanguage":"en-GB","@id":"https:\/\/diwine.ee\/product\/les-manyes-2022\/#primaryimage","url":"https:\/\/diwine.ee\/wp-content\/uploads\/2025\/03\/Les-Manyes-2022_800x800.png","contentUrl":"https:\/\/diwine.ee\/wp-content\/uploads\/2025\/03\/Les-Manyes-2022_800x800.png","width":800,"height":800},{"@type":"BreadcrumbList","@id":"https:\/\/diwine.ee\/product\/les-manyes-2022\/#breadcrumb","itemListElement":[{"@type":"ListItem","position":1,"name":"Home","item":"https:\/\/diwine.ee\/"},{"@type":"ListItem","position":2,"name":"e-pood","item":"https:\/\/diwine.ee\/tooted\/"},{"@type":"ListItem","position":3,"name":"Les Manyes 2022"}]},{"@type":"WebSite","@id":"https:\/\/diwine.ee\/#website","url":"https:\/\/diwine.ee\/","name":"diWine \u2013 Premium kvaliteetveinid \u00fcle maailma | Eesti veinipood","description":"Avasta diWine&#039;i hoolikalt valitud kvaliteetveinid maailma tippveinipiirkondadest. Eksklusiivsed punaveinid, valged veinid, vahuveinid ja eriveinid sinu erilisteks hetkedeks.","publisher":{"@id":"https:\/\/diwine.ee\/#organization"},"potentialAction":[{"@type":"SearchAction","target":{"@type":"EntryPoint","urlTemplate":"https:\/\/diwine.ee\/?s={search_term_string}"},"query-input":{"@type":"PropertyValueSpecification","valueRequired":true,"valueName":"search_term_string"}}],"inLanguage":"en-GB"},{"@type":"Organization","@id":"https:\/\/diwine.ee\/#organization","name":"diWine veinipood","url":"https:\/\/diwine.ee\/","logo":{"@type":"ImageObject","inLanguage":"en-GB","@id":"https:\/\/diwine.ee\/#\/schema\/logo\/image\/","url":"https:\/\/diwine.ee\/wp-content\/uploads\/2025\/04\/diWine-1080-x-1080-px.png","contentUrl":"https:\/\/diwine.ee\/wp-content\/uploads\/2025\/04\/diWine-1080-x-1080-px.png","width":1080,"height":1080,"caption":"diWine veinipood"},"image":{"@id":"https:\/\/diwine.ee\/#\/schema\/logo\/image\/"},"sameAs":["https:\/\/www.facebook.com\/profile.php?id=61573862347231","https:\/\/www.instagram.com\/diwine.ee"]}]}},"jetpack_sharing_enabled":true,"_links":{"self":[{"href":"https:\/\/diwine.ee\/en\/wp-json\/wp\/v2\/product\/27762","targetHints":{"allow":["GET"]}}],"collection":[{"href":"https:\/\/diwine.ee\/en\/wp-json\/wp\/v2\/product"}],"about":[{"href":"https:\/\/diwine.ee\/en\/wp-json\/wp\/v2\/types\/product"}],"version-history":[{"count":0,"href":"https:\/\/diwine.ee\/en\/wp-json\/wp\/v2\/product\/27762\/revisions"}],"wp:featuredmedia":[{"embeddable":true,"href":"https:\/\/diwine.ee\/en\/wp-json\/wp\/v2\/media\/27763"}],"wp:attachment":[{"href":"https:\/\/diwine.ee\/en\/wp-json\/wp\/v2\/media?parent=27762"}],"wp:term":[{"taxonomy":"product_brand","embeddable":true,"href":"https:\/\/diwine.ee\/en\/wp-json\/wp\/v2\/product_brand?post=27762"},{"taxonomy":"product_cat","embeddable":true,"href":"https:\/\/diwine.ee\/en\/wp-json\/wp\/v2\/product_cat?post=27762"},{"taxonomy":"product_tag","embeddable":true,"href":"https:\/\/diwine.ee\/en\/wp-json\/wp\/v2\/product_tag?post=27762"}],"curies":[{"name":"wp","href":"https:\/\/api.w.org\/{rel}","templated":true}]}}