{"id":27851,"date":"2025-06-13T12:16:03","date_gmt":"2025-06-13T09:16:03","guid":{"rendered":"https:\/\/diwine.ee\/?post_type=product&#038;p=27851"},"modified":"2026-01-27T20:58:06","modified_gmt":"2026-01-27T18:58:06","slug":"macabeu-2023","status":"publish","type":"product","link":"https:\/\/diwine.ee\/en\/product\/macabeu-2023\/","title":{"rendered":"Macabeu 2023"},"content":{"rendered":"<div data-elementor-type=\"wp-post\" data-elementor-id=\"27851\" class=\"elementor elementor-27851\">\n\t\t\t\t<div class=\"wd-negative-gap elementor-element elementor-element-b496628 e-grid e-con-boxed e-con e-parent\" data-id=\"b496628\" data-element_type=\"container\" data-e-type=\"container\">\n\t\t\t\t\t<div class=\"e-con-inner\">\n\t\t\t\t<div class=\"elementor-element elementor-element-aa23989 elementor-widget elementor-widget-wd_text_block\" data-id=\"aa23989\" data-element_type=\"widget\" data-e-type=\"widget\" data-widget_type=\"wd_text_block.default\">\n\t\t\t\t<div class=\"elementor-widget-container\">\n\t\t\t\t\t\t\t<div class=\"wd-text-block reset-last-child text-left\">\n\t\t\t\n\t\t\t<h3 class=\"cvGsUA direction-ltr align-justify para-style-body\"><span class=\"OYPEnA font-feature-liga-off font-feature-clig-off font-feature-calt-off text-decoration-none text-strikethrough-none\">Veini lugu:<\/span><\/h3><p class=\"cvGsUA direction-ltr align-justify para-style-body\">\u00d2rbita Venus Macabeu 2023 on osa uuest ja avangardsest veiniprojektist, mille taga on Ren\u00e9 Barbier Jr. (Clos Mogador) ja noored veinitegijad Conca de Barber\u00e0st. Nende eesm\u00e4rk on luua v\u00e4ikese alkoholisisalduse ja s\u00fcgavusega veine, mis peegeldavad piirkonna terroir\u2019d uuel, v\u00e4rskel moel. Macabeu 2023 tuleb kahest istandusest Barber\u00e0 de la Concas \u2013 \u00fcks p\u00f5hja- ja teine l\u00f5unak\u00fcljel \u2013, v\u00f5imaldades keerukuse ja v\u00e4rskuse \u00fchendamist \u00fches pudelis. Veini valmistamisel kasutati inspiratsioonina Jerezi piirkonna bioloogilist laagerdust (velo en flor), mis lisab veinile ainulaadset struktuuri ja s\u00fcgavust.<\/p><h3 class=\"cvGsUA direction-ltr align-justify para-style-body\"><span class=\"OYPEnA font-feature-liga-off font-feature-clig-off font-feature-calt-off text-decoration-none text-strikethrough-none\">Veini valmistamine:<\/span><\/h3><ul><li><p data-start=\"796\" data-end=\"824\"><span style=\"color: #333333; font-size: 16px;\">100% Macabeu kahest Conca de Barber\u00e0 istandusest<\/span><\/p><\/li><li><p data-start=\"796\" data-end=\"824\">Osa marjadest pressiti otse, teine osa k\u00e4\u00e4ritati koos kestadega ~1 n\u00e4dala jooksul<\/p><\/li><li><p data-start=\"796\" data-end=\"824\">M\u00f5lemad osad k\u00fcpsesid 8 kuud vanades tammevaatides<\/p><\/li><li><p data-start=\"796\" data-end=\"824\">Seej\u00e4rel avati vaadid ja algas bioloogiline laagerdumine (<em data-start=\"1079\" data-end=\"1093\">velo en flor<\/em>) veel 8\u20139 kuu v\u00e4ltel<\/p><\/li><li><p data-start=\"796\" data-end=\"824\">Alkohol: ~13%<\/p><\/li><li><p data-start=\"796\" data-end=\"824\">Filtreerimata, looduslik, minimaalse sekkumisega vein<\/p><\/li><\/ul>\n\t\t\t\t\t<\/div>\n\t\t\t\t\t\t<\/div>\n\t\t\t\t<\/div>\n\t\t\t\t<div class=\"elementor-element elementor-element-f22db15 elementor-widget elementor-widget-wd_text_block\" data-id=\"f22db15\" data-element_type=\"widget\" data-e-type=\"widget\" data-widget_type=\"wd_text_block.default\">\n\t\t\t\t<div class=\"elementor-widget-container\">\n\t\t\t\t\t\t\t<div class=\"wd-text-block reset-last-child text-left\">\n\t\t\t\n\t\t\t<h3 class=\"cvGsUA direction-ltr align-justify para-style-body\"><span class=\"OYPEnA font-feature-liga-off font-feature-clig-off font-feature-calt-off text-decoration-none text-strikethrough-none\">Maitsenoodid:<\/span><\/h3><p class=\"cvGsUA direction-ltr align-justify para-style-body\">Keskelt t\u00e4idlane ja kergelt tekstuurne vein. Aroomis leidub k\u00fcpset kollast vilja (pirn, k\u00fcdoonia), mesilasvaha, r\u00f6stitud mandleid ja valgeid lilli. Maitses tuntav p\u00e4hkline s\u00fcgavus ja soolakas mineraalsus, mida tasakaalustab s\u00e4rav hape ja \u00f5rn lilleline foon. L\u00f5ppmaitse on pikk, kerge tsitrusliku m\u00f5rkja ja \u00fcrdise alatooniga. Bioloogiline laagerdus annab vihjeid sarnasest karakterist nagu sherryl v\u00f5i vanadel valgetel Rioja veinidel \u2013 elegantne, puhas ja kompleksne.<\/p><h3 class=\"cvGsUA direction-ltr align-justify para-style-body\"><span class=\"OYPEnA font-feature-liga-off font-feature-clig-off font-feature-calt-off text-decoration-none text-strikethrough-none\">Toidusoovitus:<\/span><\/h3><p data-start=\"1800\" data-end=\"1823\"><strong data-start=\"1800\" data-end=\"1821\">Kala &amp; mereannid:<\/strong><\/p><ul data-start=\"1824\" data-end=\"1962\"><li data-start=\"1824\" data-end=\"1870\"><p data-start=\"1826\" data-end=\"1870\">Grillitud valge kala (nt tursk, meriahven)<\/p><\/li><li data-start=\"1871\" data-end=\"1933\"><p data-start=\"1873\" data-end=\"1933\">Kammkarbid, austrid v\u00f5i kr\u00f5bedal pannil k\u00fcpsetatud kalmaar<\/p><\/li><li data-start=\"1934\" data-end=\"1962\"><p data-start=\"1936\" data-end=\"1962\">Soolatud tursk oliivi\u00f5liga<\/p><\/li><\/ul><p data-start=\"1964\" data-end=\"1982\"><strong data-start=\"1964\" data-end=\"1980\">Taimetoidud:<\/strong><\/p><ul data-start=\"1983\" data-end=\"2127\"><li data-start=\"1983\" data-end=\"2035\"><p data-start=\"1985\" data-end=\"2035\">R\u00f6stitud porru v\u00f5i spargel sidruni ja mandlitega<\/p><\/li><li data-start=\"2036\" data-end=\"2087\"><p data-start=\"2038\" data-end=\"2087\">Ahjus k\u00fcpsetatud pastinaak v\u00f5i valge juurseller<\/p><\/li><li data-start=\"2088\" data-end=\"2127\"><p data-start=\"2090\" data-end=\"2127\">Lillkapsa p\u00fcree v\u00f5i bulgur \u00fcrtidega<\/p><\/li><\/ul><p data-start=\"2129\" data-end=\"2146\"><strong data-start=\"2129\" data-end=\"2144\">Aasia k\u00f6\u00f6k:<\/strong><\/p><ul data-start=\"2147\" data-end=\"2272\"><li data-start=\"2147\" data-end=\"2175\"><p data-start=\"2149\" data-end=\"2175\">Tai kookose-karri kalaga<\/p><\/li><li data-start=\"2176\" data-end=\"2215\"><p data-start=\"2178\" data-end=\"2215\">Miso-glasuurne tofu v\u00f5i k\u00f6\u00f6giviljad<\/p><\/li><li data-start=\"2216\" data-end=\"2272\"><p data-start=\"2218\" data-end=\"2272\">Jaapani aurutatud k\u00f6\u00f6giviljad (nt spinat seesami\u00f5liga)<\/p><\/li><\/ul><p data-start=\"2274\" data-end=\"2297\"><strong data-start=\"2274\" data-end=\"2295\">Pastad &amp; risotod:<\/strong><\/p><ul data-start=\"2298\" data-end=\"2407\"><li data-start=\"2298\" data-end=\"2315\"><p data-start=\"2300\" data-end=\"2315\">Tr\u00fchvlirisoto<\/p><\/li><li data-start=\"2316\" data-end=\"2357\"><p data-start=\"2318\" data-end=\"2357\">Sidrunikoore ja \u0161alottsibula linguine<\/p><\/li><li data-start=\"2358\" data-end=\"2407\"><p data-start=\"2360\" data-end=\"2407\">Pasta k\u00fcpsete tomatite, oliivi\u00f5li ja mandlitega<\/p><\/li><\/ul><p data-start=\"2409\" data-end=\"2423\"><strong data-start=\"2409\" data-end=\"2421\">Juustud:<\/strong><\/p><ul data-start=\"2424\" data-end=\"2530\"><li data-start=\"2424\" data-end=\"2438\"><p data-start=\"2426\" data-end=\"2438\">Kitsejuust<\/p><\/li><li data-start=\"2439\" data-end=\"2466\"><p data-start=\"2441\" data-end=\"2466\">Noor Brie v\u00f5i Camembert<\/p><\/li><li data-start=\"2467\" data-end=\"2530\"><p data-start=\"2469\" data-end=\"2530\">Poolk\u00f5vad p\u00e4hklise alatooniga juustud (nt Mah\u00f3n v\u00f5i Garrotxa)<\/p><\/li><\/ul>\n\t\t\t\t\t<\/div>\n\t\t\t\t\t\t<\/div>\n\t\t\t\t<\/div>\n\t\t\t\t<div class=\"elementor-element elementor-element-79dff25 elementor-widget elementor-widget-wd_text_block\" data-id=\"79dff25\" data-element_type=\"widget\" data-e-type=\"widget\" data-widget_type=\"wd_text_block.default\">\n\t\t\t\t<div class=\"elementor-widget-container\">\n\t\t\t\t\t\t\t<div class=\"wd-text-block reset-last-child text-left\">\n\t\t\t\n\t\t\t<h3 class=\"cvGsUA direction-ltr align-justify para-style-body\"><span class=\"OYPEnA font-feature-liga-off font-feature-clig-off font-feature-calt-off text-decoration-none text-strikethrough-none\">S\u00e4ilitamispotentsiaal:<\/span><\/h3><p>Parim nautimiseks 2024\u20132029. Areneb 3\u20136 aasta jooksul, omandades p\u00e4hklisema ja komplekssema profiili, s\u00e4ilitades samas elava happe ja v\u00e4rskuse.<\/p><p>\u00a0<\/p>\n\t\t\t\t\t<\/div>\n\t\t\t\t\t\t<\/div>\n\t\t\t\t<\/div>\n\t\t\t\t\t<\/div>\n\t\t\t\t<\/div>\n\t\t\t\t<\/div>","protected":false},"excerpt":{"rendered":"<p>Macabeu 2023 \u2013 100% Macabeu \u2013 looduslik, ainulaadne ja s\u00fcgava terroir-tundlikkusega valge vein, mis \u00fchendab Conca de Barber\u00e0 ja Sanl\u00facari (Jerez) inspireeritud meetodid.<\/p>","protected":false},"featured_media":27852,"template":"","meta":[],"product_brand":[146],"product_cat":[29,92],"product_tag":[],"class_list":{"0":"post-27851","1":"product","2":"type-product","3":"status-publish","4":"has-post-thumbnail","6":"product_brand-orbita-venus","7":"product_cat-koik-tooted","8":"product_cat-valge-vein","9":"pa_piirkond-conca-de-barbera","10":"pa_viinamarjasort-macabeo","12":"first","13":"instock","14":"featured","15":"taxable","16":"shipping-taxable","17":"purchasable","18":"product-type-simple"},"yoast_head":"<!-- This site is optimized with the Yoast SEO plugin v27.4 - https:\/\/yoast.com\/product\/yoast-seo-wordpress\/ -->\n<title>Macabeu 2023 - diWine &ndash; Premium kvaliteetveinid &uuml;le maailma | Eesti veinipood<\/title>\n<meta name=\"robots\" content=\"index, follow, max-snippet:-1, max-image-preview:large, max-video-preview:-1\" \/>\n<link rel=\"canonical\" href=\"https:\/\/diwine.ee\/en\/product\/macabeu-2023\/\" \/>\n<meta property=\"og:locale\" content=\"en_GB\" \/>\n<meta property=\"og:type\" content=\"article\" \/>\n<meta property=\"og:title\" content=\"Macabeu 2023 - diWine &ndash; Premium kvaliteetveinid &uuml;le maailma | Eesti veinipood\" \/>\n<meta property=\"og:description\" content=\"Macabeu 2023 \u2013 100% Macabeu \u2013 looduslik, ainulaadne ja s\u00fcgava terroir-tundlikkusega valge vein, mis \u00fchendab Conca de Barber\u00e0 ja Sanl\u00facari (Jerez) inspireeritud meetodid.\" \/>\n<meta property=\"og:url\" content=\"https:\/\/diwine.ee\/en\/product\/macabeu-2023\/\" \/>\n<meta property=\"og:site_name\" content=\"diWine &ndash; Premium kvaliteetveinid &uuml;le maailma | Eesti veinipood\" \/>\n<meta property=\"article:publisher\" content=\"https:\/\/www.facebook.com\/profile.php?id=61573862347231\" \/>\n<meta property=\"article:modified_time\" content=\"2026-01-27T18:58:06+00:00\" \/>\n<meta property=\"og:image\" content=\"https:\/\/diwine.ee\/wp-content\/uploads\/2025\/06\/macabeu-2023.png\" \/>\n\t<meta property=\"og:image:width\" content=\"800\" \/>\n\t<meta property=\"og:image:height\" content=\"800\" \/>\n\t<meta property=\"og:image:type\" content=\"image\/png\" \/>\n<meta name=\"twitter:card\" content=\"summary_large_image\" \/>\n<meta name=\"twitter:label1\" content=\"Estimated reading time\" \/>\n\t<meta name=\"twitter:data1\" content=\"2 minutes\" \/>\n<script type=\"application\/ld+json\" class=\"yoast-schema-graph\">{\"@context\":\"https:\\\/\\\/schema.org\",\"@graph\":[{\"@type\":\"WebPage\",\"@id\":\"https:\\\/\\\/diwine.ee\\\/product\\\/macabeu-2023\\\/\",\"url\":\"https:\\\/\\\/diwine.ee\\\/product\\\/macabeu-2023\\\/\",\"name\":\"Macabeu 2023 - diWine &ndash; Premium kvaliteetveinid &uuml;le maailma | Eesti veinipood\",\"isPartOf\":{\"@id\":\"https:\\\/\\\/diwine.ee\\\/#website\"},\"primaryImageOfPage\":{\"@id\":\"https:\\\/\\\/diwine.ee\\\/product\\\/macabeu-2023\\\/#primaryimage\"},\"image\":{\"@id\":\"https:\\\/\\\/diwine.ee\\\/product\\\/macabeu-2023\\\/#primaryimage\"},\"thumbnailUrl\":\"https:\\\/\\\/diwine.ee\\\/wp-content\\\/uploads\\\/2025\\\/06\\\/macabeu-2023.png\",\"datePublished\":\"2025-06-13T09:16:03+00:00\",\"dateModified\":\"2026-01-27T18:58:06+00:00\",\"breadcrumb\":{\"@id\":\"https:\\\/\\\/diwine.ee\\\/product\\\/macabeu-2023\\\/#breadcrumb\"},\"inLanguage\":\"en-GB\",\"potentialAction\":[{\"@type\":\"ReadAction\",\"target\":[\"https:\\\/\\\/diwine.ee\\\/product\\\/macabeu-2023\\\/\"]}]},{\"@type\":\"ImageObject\",\"inLanguage\":\"en-GB\",\"@id\":\"https:\\\/\\\/diwine.ee\\\/product\\\/macabeu-2023\\\/#primaryimage\",\"url\":\"https:\\\/\\\/diwine.ee\\\/wp-content\\\/uploads\\\/2025\\\/06\\\/macabeu-2023.png\",\"contentUrl\":\"https:\\\/\\\/diwine.ee\\\/wp-content\\\/uploads\\\/2025\\\/06\\\/macabeu-2023.png\",\"width\":800,\"height\":800},{\"@type\":\"BreadcrumbList\",\"@id\":\"https:\\\/\\\/diwine.ee\\\/product\\\/macabeu-2023\\\/#breadcrumb\",\"itemListElement\":[{\"@type\":\"ListItem\",\"position\":1,\"name\":\"Home\",\"item\":\"https:\\\/\\\/diwine.ee\\\/\"},{\"@type\":\"ListItem\",\"position\":2,\"name\":\"e-pood\",\"item\":\"https:\\\/\\\/diwine.ee\\\/tooted\\\/\"},{\"@type\":\"ListItem\",\"position\":3,\"name\":\"Macabeu 2023\"}]},{\"@type\":\"WebSite\",\"@id\":\"https:\\\/\\\/diwine.ee\\\/#website\",\"url\":\"https:\\\/\\\/diwine.ee\\\/\",\"name\":\"diWine \u2013 Premium kvaliteetveinid \u00fcle maailma | Eesti veinipood\",\"description\":\"Avasta diWine&#039;i hoolikalt valitud kvaliteetveinid maailma tippveinipiirkondadest. Eksklusiivsed punaveinid, valged veinid, vahuveinid ja eriveinid sinu erilisteks hetkedeks.\",\"publisher\":{\"@id\":\"https:\\\/\\\/diwine.ee\\\/#organization\"},\"potentialAction\":[{\"@type\":\"SearchAction\",\"target\":{\"@type\":\"EntryPoint\",\"urlTemplate\":\"https:\\\/\\\/diwine.ee\\\/?s={search_term_string}\"},\"query-input\":{\"@type\":\"PropertyValueSpecification\",\"valueRequired\":true,\"valueName\":\"search_term_string\"}}],\"inLanguage\":\"en-GB\"},{\"@type\":\"Organization\",\"@id\":\"https:\\\/\\\/diwine.ee\\\/#organization\",\"name\":\"diWine veinipood\",\"url\":\"https:\\\/\\\/diwine.ee\\\/\",\"logo\":{\"@type\":\"ImageObject\",\"inLanguage\":\"en-GB\",\"@id\":\"https:\\\/\\\/diwine.ee\\\/#\\\/schema\\\/logo\\\/image\\\/\",\"url\":\"https:\\\/\\\/diwine.ee\\\/wp-content\\\/uploads\\\/2025\\\/04\\\/diWine-1080-x-1080-px.png\",\"contentUrl\":\"https:\\\/\\\/diwine.ee\\\/wp-content\\\/uploads\\\/2025\\\/04\\\/diWine-1080-x-1080-px.png\",\"width\":1080,\"height\":1080,\"caption\":\"diWine veinipood\"},\"image\":{\"@id\":\"https:\\\/\\\/diwine.ee\\\/#\\\/schema\\\/logo\\\/image\\\/\"},\"sameAs\":[\"https:\\\/\\\/www.facebook.com\\\/profile.php?id=61573862347231\",\"https:\\\/\\\/www.instagram.com\\\/diwine.ee\"]}]}<\/script>\n<!-- \/ Yoast SEO plugin. -->","yoast_head_json":{"title":"Macabeu 2023 - diWine &ndash; Premium kvaliteetveinid &uuml;le maailma | Eesti veinipood","robots":{"index":"index","follow":"follow","max-snippet":"max-snippet:-1","max-image-preview":"max-image-preview:large","max-video-preview":"max-video-preview:-1"},"canonical":"https:\/\/diwine.ee\/en\/product\/macabeu-2023\/","og_locale":"en_GB","og_type":"article","og_title":"Macabeu 2023 - diWine &ndash; Premium kvaliteetveinid &uuml;le maailma | Eesti veinipood","og_description":"Macabeu 2023 \u2013 100% Macabeu \u2013 looduslik, ainulaadne ja s\u00fcgava terroir-tundlikkusega valge vein, mis \u00fchendab Conca de Barber\u00e0 ja Sanl\u00facari (Jerez) inspireeritud meetodid.","og_url":"https:\/\/diwine.ee\/en\/product\/macabeu-2023\/","og_site_name":"diWine &ndash; Premium kvaliteetveinid &uuml;le maailma | Eesti veinipood","article_publisher":"https:\/\/www.facebook.com\/profile.php?id=61573862347231","article_modified_time":"2026-01-27T18:58:06+00:00","og_image":[{"width":800,"height":800,"url":"https:\/\/diwine.ee\/wp-content\/uploads\/2025\/06\/macabeu-2023.png","type":"image\/png"}],"twitter_card":"summary_large_image","twitter_misc":{"Estimated reading time":"2 minutes"},"schema":{"@context":"https:\/\/schema.org","@graph":[{"@type":"WebPage","@id":"https:\/\/diwine.ee\/product\/macabeu-2023\/","url":"https:\/\/diwine.ee\/product\/macabeu-2023\/","name":"Macabeu 2023 - diWine &ndash; Premium kvaliteetveinid &uuml;le maailma | Eesti veinipood","isPartOf":{"@id":"https:\/\/diwine.ee\/#website"},"primaryImageOfPage":{"@id":"https:\/\/diwine.ee\/product\/macabeu-2023\/#primaryimage"},"image":{"@id":"https:\/\/diwine.ee\/product\/macabeu-2023\/#primaryimage"},"thumbnailUrl":"https:\/\/diwine.ee\/wp-content\/uploads\/2025\/06\/macabeu-2023.png","datePublished":"2025-06-13T09:16:03+00:00","dateModified":"2026-01-27T18:58:06+00:00","breadcrumb":{"@id":"https:\/\/diwine.ee\/product\/macabeu-2023\/#breadcrumb"},"inLanguage":"en-GB","potentialAction":[{"@type":"ReadAction","target":["https:\/\/diwine.ee\/product\/macabeu-2023\/"]}]},{"@type":"ImageObject","inLanguage":"en-GB","@id":"https:\/\/diwine.ee\/product\/macabeu-2023\/#primaryimage","url":"https:\/\/diwine.ee\/wp-content\/uploads\/2025\/06\/macabeu-2023.png","contentUrl":"https:\/\/diwine.ee\/wp-content\/uploads\/2025\/06\/macabeu-2023.png","width":800,"height":800},{"@type":"BreadcrumbList","@id":"https:\/\/diwine.ee\/product\/macabeu-2023\/#breadcrumb","itemListElement":[{"@type":"ListItem","position":1,"name":"Home","item":"https:\/\/diwine.ee\/"},{"@type":"ListItem","position":2,"name":"e-pood","item":"https:\/\/diwine.ee\/tooted\/"},{"@type":"ListItem","position":3,"name":"Macabeu 2023"}]},{"@type":"WebSite","@id":"https:\/\/diwine.ee\/#website","url":"https:\/\/diwine.ee\/","name":"diWine \u2013 Premium kvaliteetveinid \u00fcle maailma | Eesti veinipood","description":"Avasta diWine&#039;i hoolikalt valitud kvaliteetveinid maailma tippveinipiirkondadest. Eksklusiivsed punaveinid, valged veinid, vahuveinid ja eriveinid sinu erilisteks hetkedeks.","publisher":{"@id":"https:\/\/diwine.ee\/#organization"},"potentialAction":[{"@type":"SearchAction","target":{"@type":"EntryPoint","urlTemplate":"https:\/\/diwine.ee\/?s={search_term_string}"},"query-input":{"@type":"PropertyValueSpecification","valueRequired":true,"valueName":"search_term_string"}}],"inLanguage":"en-GB"},{"@type":"Organization","@id":"https:\/\/diwine.ee\/#organization","name":"diWine veinipood","url":"https:\/\/diwine.ee\/","logo":{"@type":"ImageObject","inLanguage":"en-GB","@id":"https:\/\/diwine.ee\/#\/schema\/logo\/image\/","url":"https:\/\/diwine.ee\/wp-content\/uploads\/2025\/04\/diWine-1080-x-1080-px.png","contentUrl":"https:\/\/diwine.ee\/wp-content\/uploads\/2025\/04\/diWine-1080-x-1080-px.png","width":1080,"height":1080,"caption":"diWine veinipood"},"image":{"@id":"https:\/\/diwine.ee\/#\/schema\/logo\/image\/"},"sameAs":["https:\/\/www.facebook.com\/profile.php?id=61573862347231","https:\/\/www.instagram.com\/diwine.ee"]}]}},"jetpack_sharing_enabled":true,"_links":{"self":[{"href":"https:\/\/diwine.ee\/en\/wp-json\/wp\/v2\/product\/27851","targetHints":{"allow":["GET"]}}],"collection":[{"href":"https:\/\/diwine.ee\/en\/wp-json\/wp\/v2\/product"}],"about":[{"href":"https:\/\/diwine.ee\/en\/wp-json\/wp\/v2\/types\/product"}],"version-history":[{"count":0,"href":"https:\/\/diwine.ee\/en\/wp-json\/wp\/v2\/product\/27851\/revisions"}],"wp:featuredmedia":[{"embeddable":true,"href":"https:\/\/diwine.ee\/en\/wp-json\/wp\/v2\/media\/27852"}],"wp:attachment":[{"href":"https:\/\/diwine.ee\/en\/wp-json\/wp\/v2\/media?parent=27851"}],"wp:term":[{"taxonomy":"product_brand","embeddable":true,"href":"https:\/\/diwine.ee\/en\/wp-json\/wp\/v2\/product_brand?post=27851"},{"taxonomy":"product_cat","embeddable":true,"href":"https:\/\/diwine.ee\/en\/wp-json\/wp\/v2\/product_cat?post=27851"},{"taxonomy":"product_tag","embeddable":true,"href":"https:\/\/diwine.ee\/en\/wp-json\/wp\/v2\/product_tag?post=27851"}],"curies":[{"name":"wp","href":"https:\/\/api.w.org\/{rel}","templated":true}]}}