{"id":27859,"date":"2025-06-17T12:45:08","date_gmt":"2025-06-17T09:45:08","guid":{"rendered":"https:\/\/diwine.ee\/?post_type=product&#038;p=27859"},"modified":"2026-04-14T12:36:04","modified_gmt":"2026-04-14T09:36:04","slug":"laurel-blanc-2024","status":"publish","type":"product","link":"https:\/\/diwine.ee\/en\/product\/laurel-blanc-2024\/","title":{"rendered":"Laurel Blanc 2024"},"content":{"rendered":"<div data-elementor-type=\"wp-post\" data-elementor-id=\"27859\" class=\"elementor elementor-27859\">\n\t\t\t\t<div class=\"wd-negative-gap elementor-element elementor-element-b496628 e-grid e-con-boxed e-con e-parent\" data-id=\"b496628\" data-element_type=\"container\" data-e-type=\"container\">\n\t\t\t\t\t<div class=\"e-con-inner\">\n\t\t\t\t<div class=\"elementor-element elementor-element-aa23989 elementor-widget elementor-widget-wd_text_block\" data-id=\"aa23989\" data-element_type=\"widget\" data-e-type=\"widget\" data-widget_type=\"wd_text_block.default\">\n\t\t\t\t<div class=\"elementor-widget-container\">\n\t\t\t\t\t\t\t<div class=\"wd-text-block reset-last-child text-left\">\n\t\t\t\n\t\t\t<h3 class=\"cvGsUA direction-ltr align-justify para-style-body\"><span class=\"OYPEnA font-feature-liga-off font-feature-clig-off font-feature-calt-off text-decoration-none text-strikethrough-none\">Veini lugu:<\/span><\/h3><p data-start=\"385\" data-end=\"706\">Laurel Blanc on Clos i Terrasses\u2019i uusim projekt \u2013 valge Priorat, mis s\u00fcndis t\u00e4nu Daphne Gloriani soovile tuua piirkonna mineraalsus ja elegants ka valge veini maailma. Viinamarjad p\u00e4rinevad Gratallopsi k\u00fcla n\u00f5lvadelt, kus llicorella (kiltkivi) ja lubjakivi pinnas annavad veinile iseloomuliku mineraalsuse ja v\u00e4rskuse.<\/p><p data-start=\"714\" data-end=\"919\">2024. aasta segus on <strong data-start=\"729\" data-end=\"748\">Garnatxa Blanca<\/strong>, <strong data-start=\"750\" data-end=\"766\">Chenin Blanc<\/strong>, <strong data-start=\"768\" data-end=\"780\">Viognier<\/strong> ja v\u00e4ike osa <strong data-start=\"794\" data-end=\"807\">Moscateli<\/strong> \u2013 haruldane kombinatsioon Prioratis, mis annab veinile aromaatse, tekstuurse ja samal ajal v\u00e4ga puhta stiili.<\/p><p data-start=\"921\" data-end=\"1323\">K\u00e4\u00e4ritamine toimus looduslike p\u00e4rmidega <strong data-start=\"961\" data-end=\"1020\">400-liitristes Prantsuse tammevaatides ja saviamforates<\/strong>, misj\u00e4rel k\u00fcpses vein veel umbes 6 kuud neutraalses tammes ja amforas. Uut tamme ei kasutatud, et hoida vein keskendunult v\u00e4rskele puuviljale, mineraalsusele ja elegantsele tekstuurile. Tootmine on <strong data-start=\"1219\" data-end=\"1233\">v\u00e4ga v\u00e4ike<\/strong>, stiil on naturaalne ja modernne \u2013 minimaliseeritud sekkumine, selitamata, filtreerimata.<\/p><p class=\"cvGsUA direction-ltr align-justify para-style-body\"><span style=\"color: #1b1919; font-size: 22px;\">Veini valmistamine:<\/span><\/p><ul><li><span class=\"OYPEnA font-feature-liga-off font-feature-clig-off font-feature-calt-off text-decoration-none text-strikethrough-none\">Viinamarjad: Garnacha Blanca (~75%), Chenin Blanc (~15%), Viognier ja Muscat (~10%)<\/span><\/li><li><span class=\"OYPEnA font-feature-liga-off font-feature-clig-off font-feature-calt-off text-decoration-none text-strikethrough-none\">Istandus: Les Manyetes, 225\u2013240 m k\u00f5rgusel Gratallopsis<\/span><\/li><li><span class=\"OYPEnA font-feature-liga-off font-feature-clig-off font-feature-calt-off text-decoration-none text-strikethrough-none\">Pinnas: Schist (kiltkivi)<\/span><\/li><li><span class=\"OYPEnA font-feature-liga-off font-feature-clig-off font-feature-calt-off text-decoration-none text-strikethrough-none\">Kasvatus: Orgaaniline (CCPAE sertifitseeritud) ja biod\u00fcnaamilised praktikad<\/span><\/li><li><span class=\"OYPEnA font-feature-liga-off font-feature-clig-off font-feature-calt-off text-decoration-none text-strikethrough-none\">24h k\u00fclmleotus ja jahutus, t\u00e4iskobarad pressiti v\u00e4ikese k\u00e4sipressiga<\/span><\/li><li><span class=\"OYPEnA font-feature-liga-off font-feature-clig-off font-feature-calt-off text-decoration-none text-strikethrough-none\">Looduslik p\u00e4rmik\u00e4\u00e4rimine 400L Prantsuse tammevaatides ja saviamforates<\/span><\/li><li><span class=\"OYPEnA font-feature-liga-off font-feature-clig-off font-feature-calt-off text-decoration-none text-strikethrough-none\">Laagerdumine: 8 kuud samades anumates (kasutatud tammevaat + amfora)<\/span><\/li><li><span class=\"OYPEnA font-feature-liga-off font-feature-clig-off font-feature-calt-off text-decoration-none text-strikethrough-none\">Villitud 2024. aasta keskel, toodetud ~3,400 pudelit<\/span><\/li><\/ul>\n\t\t\t\t\t<\/div>\n\t\t\t\t\t\t<\/div>\n\t\t\t\t<\/div>\n\t\t\t\t<div class=\"elementor-element elementor-element-f22db15 elementor-widget elementor-widget-wd_text_block\" data-id=\"f22db15\" data-element_type=\"widget\" data-e-type=\"widget\" data-widget_type=\"wd_text_block.default\">\n\t\t\t\t<div class=\"elementor-widget-container\">\n\t\t\t\t\t\t\t<div class=\"wd-text-block reset-last-child text-left\">\n\t\t\t\n\t\t\t<h3 class=\"cvGsUA direction-ltr align-justify para-style-body\"><span class=\"OYPEnA font-feature-liga-off font-feature-clig-off font-feature-calt-off text-decoration-none text-strikethrough-none\">Maitsenoodid:<\/span><\/h3><p data-start=\"1353\" data-end=\"1632\">Klaasis on vein <strong data-start=\"1369\" data-end=\"1402\">kahvatukollane roheka helgiga<\/strong>. Aroom on \u00f5rn, aga detailne: <strong data-start=\"1432\" data-end=\"1474\">valged \u00f5ied, roheline \u00f5un, sidrunikoor<\/strong>, v\u00e4rske \u00fcrdine noot (fennel, rosmariini\u00f5ied) ja kerge mineraalne joon. Avanedes hakkavad ilmnema ka <strong data-start=\"1575\" data-end=\"1592\">valge virsiku<\/strong>, mandlikoore ja \u00f5rna mesisuse vihjed.<\/p><p data-start=\"1634\" data-end=\"2010\">Suus on vein <strong data-start=\"1647\" data-end=\"1685\">siidine, tekstuurne ja v\u00e4ga v\u00e4rske<\/strong>. Kerge naha-tanniini puudutus (t\u00e4nu l\u00fchikesele kestakontaktile) annab struktuuri, kuid vein ise j\u00e4\u00e4b elegantseks ja \u00f5huliseks. Maitses domineerivad <strong data-start=\"1834\" data-end=\"1886\">tsitrusviljad (lime, greip), valge virsik ja \u00f5un<\/strong>, millel on peen soolakus ja pikk, puhas j\u00e4relmaitse. Happesus on s\u00e4rtsakas, mis hoiab veini kergena ja \u00fclimalt joogisena.<\/p><p data-start=\"2012\" data-end=\"2151\">Laurel Blanc 2024 on kuiv, aromaatne, \u00e4\u00e4rmiselt selge ja modernne valge, mis erilisel moel \u00fchendab Priorati k\u00fcpsuse ja p\u00f5hjamaise v\u00e4rskuse.<\/p><h3 class=\"cvGsUA direction-ltr align-justify para-style-body\"><span class=\"OYPEnA font-feature-liga-off font-feature-clig-off font-feature-calt-off text-decoration-none text-strikethrough-none\">Toidusoovitus:<\/span><\/h3><p data-start=\"2182\" data-end=\"2310\">Veini puhas stiil ja v\u00e4rske hape sobivad k\u00f5ige paremini <strong data-start=\"2238\" data-end=\"2273\">\u00f5rnade ja elegantsete roogadega<\/strong>, mis ei varjuta selle n\u00fcansirohkust.<\/p><p data-start=\"2312\" data-end=\"2329\"><strong data-start=\"2312\" data-end=\"2327\">Soovitused:<\/strong><\/p><ul data-start=\"2330\" data-end=\"2808\"><li data-start=\"2330\" data-end=\"2405\"><p data-start=\"2332\" data-end=\"2405\"><strong data-start=\"2332\" data-end=\"2357\">Karpatsio ja ceviche:<\/strong> kampela, merisiig, kammkarbid, v\u00fcrtsikas laim<\/p><\/li><li data-start=\"2406\" data-end=\"2489\"><p data-start=\"2408\" data-end=\"2489\"><strong data-start=\"2408\" data-end=\"2422\">Mereannid:<\/strong> grillitud krevetid, soola-sidruni meriahven, koorikloomade pasta<\/p><\/li><li data-start=\"2490\" data-end=\"2558\"><p data-start=\"2492\" data-end=\"2558\"><strong data-start=\"2492\" data-end=\"2507\">Valge liha:<\/strong> sidruni-rosmariini kanafilee, \u00fcrdikastega kalkun<\/p><\/li><li data-start=\"2559\" data-end=\"2635\"><p data-start=\"2561\" data-end=\"2635\"><strong data-start=\"2561\" data-end=\"2590\">Kerged pastad ja risotod:<\/strong> sidruni-parmesani risoto, vongole linguine<\/p><\/li><li data-start=\"2636\" data-end=\"2726\"><p data-start=\"2638\" data-end=\"2726\"><strong data-start=\"2638\" data-end=\"2665\">Salatid ja k\u00f6\u00f6giviljad:<\/strong> apelsini-fenneli salat, v\u00e4rske kitsejuust, rohelised \u00fcrdid<\/p><\/li><li data-start=\"2727\" data-end=\"2808\"><p data-start=\"2729\" data-end=\"2808\"><strong data-start=\"2729\" data-end=\"2754\">Aasia puhtad maitsed:<\/strong> sashimi, sushi, aurutatud kala ingveri ja seesamiga<\/p><\/li><\/ul><p data-start=\"2810\" data-end=\"2887\">Serveeri 9\u201310\u00b0C juures. Ei vaja dekanteerimist, kuid klaasis avaneb kiiresti.<\/p>\n\t\t\t\t\t<\/div>\n\t\t\t\t\t\t<\/div>\n\t\t\t\t<\/div>\n\t\t\t\t<div class=\"elementor-element elementor-element-79dff25 elementor-widget elementor-widget-wd_text_block\" data-id=\"79dff25\" data-element_type=\"widget\" data-e-type=\"widget\" data-widget_type=\"wd_text_block.default\">\n\t\t\t\t<div class=\"elementor-widget-container\">\n\t\t\t\t\t\t\t<div class=\"wd-text-block reset-last-child text-left\">\n\t\t\t\n\t\t\t<h3 class=\"cvGsUA direction-ltr align-justify para-style-body\"><span class=\"OYPEnA font-feature-liga-off font-feature-clig-off font-feature-calt-off text-decoration-none text-strikethrough-none\">S\u00e4ilitamispotentsiaal:<\/span><\/h3><p data-start=\"187\" data-end=\"538\">Laurel Blanc 2024 on vein, mis \u00fcllatab oma arenguv\u00f5imega. T\u00e4nu Garnatxa Blanca ja Chenin Blanc\u2019i heale happele, tekstuurile ning barrelis\/amforas k\u00e4\u00e4ritamisele on veinil v\u00e4ga tugev struktuur ja oks\u00fcdatiivne stabiilsus. Seda v\u00f5ib nautida noorena \u2013 kui selle tsitruseline v\u00e4rskus ja lillelisus on k\u00f5ige s\u00e4ravamad \u2013 kuid veinil on ka selge v\u00f5ime k\u00fcpseda.<\/p><p data-start=\"540\" data-end=\"892\">Parim joomisaeg on <strong data-start=\"559\" data-end=\"572\">2025\u20132030<\/strong>, kuid vein areneb h\u00e4sti ka kuni <strong data-start=\"605\" data-end=\"619\">6\u20138 aastat<\/strong> alates aasta\u00adk\u00e4igust. Aastatega s\u00fcvenevad mesised, mandlised ja kergelt v\u00fcrtsikad n\u00fcansid, mineraalsus muutub selgemaks ning tekstuur pehmemaks. Tegemist ei ole l\u00fchikese elueaga valgega, vaid modernse Priorati valgega, mis n\u00e4itab oma parimat palet just 3\u20137 aasta vanuselt.<\/p><h3 class=\"cvGsUA direction-ltr align-justify para-style-body\"><span class=\"OYPEnA font-feature-liga-off font-feature-clig-off font-feature-calt-off text-decoration-none text-strikethrough-none\">Hinnangud &amp; tunnustused:<\/span><\/h3><ul><li><p data-start=\"3267\" data-end=\"3367\">Vein on turul v\u00e4ga uus ja piiratud kogusega, mist\u00f5ttu ametlikke hindeid veel avaldatud pole. Kuid:<\/p><ul data-start=\"3368\" data-end=\"3650\"><li data-start=\"3368\" data-end=\"3469\"><p data-start=\"3370\" data-end=\"3469\">Eelmise aasta esiklased (Laurel Blanc 2023) said <strong data-start=\"3419\" data-end=\"3466\">94\u201395 punkti Wine Advocate\u2019i esmahindamisel<\/strong>.<\/p><\/li><li data-start=\"3470\" data-end=\"3548\"><p data-start=\"3472\" data-end=\"3548\">Kriitikud on veini kiitnud \u201cpuhtuse, t\u00e4psuse ja erakordse tekstuuri\u201d eest.<\/p><\/li><li data-start=\"3549\" data-end=\"3650\"><p data-start=\"3551\" data-end=\"3650\">Laurel Blanc on kiiresti t\u00f5usmas Priorati valgete tippu \u2013 modernne, v\u00e4rske ja v\u00e4ga otsitud stiil.<\/p><\/li><\/ul><\/li><\/ul>\n\t\t\t\t\t<\/div>\n\t\t\t\t\t\t<\/div>\n\t\t\t\t<\/div>\n\t\t\t\t\t<\/div>\n\t\t\t\t<\/div>\n\t\t\t\t<\/div>","protected":false},"excerpt":{"rendered":"<p>Laurel Blanc \u2013 haruldane ja elegantne Priorati valge vein, mis \u00fchendab mineraalsuse, rikkaliku tekstuuri ja v\u00e4rskuse. K\u00fcpsed luuviljad, tsitruseline s\u00e4rtsakus ja kerge tammisus teevad sellest mitmek\u00fclgse kaaslase nii mereandidele kui ka peenematele gurmeerogadele.<\/p>","protected":false},"featured_media":29733,"template":"","meta":[],"product_brand":[138],"product_cat":[188,29,92],"product_tag":[],"class_list":{"0":"post-27859","1":"product","2":"type-product","3":"status-publish","4":"has-post-thumbnail","6":"product_brand-clos-i-terrasses","7":"product_cat-aasta-vein-2026","8":"product_cat-koik-tooted","9":"product_cat-valge-vein","10":"pa_piirkond-priorat","11":"pa_viinamarjasort-chenin-blanc","12":"pa_viinamarjasort-garnacha-blanca","13":"pa_viinamarjasort-moscatel","14":"pa_viinamarjasort-viognier","16":"first","17":"instock","18":"sale","19":"featured","20":"taxable","21":"shipping-taxable","22":"purchasable","23":"product-type-simple"},"yoast_head":"<!-- This site is optimized with the Yoast SEO plugin v27.4 - https:\/\/yoast.com\/product\/yoast-seo-wordpress\/ -->\n<title>Laurel Blanc 2024 - diWine &ndash; Premium kvaliteetveinid &uuml;le maailma | Eesti veinipood<\/title>\n<meta name=\"robots\" content=\"index, follow, max-snippet:-1, max-image-preview:large, max-video-preview:-1\" \/>\n<link rel=\"canonical\" href=\"https:\/\/diwine.ee\/en\/product\/laurel-blanc-2024\/\" \/>\n<meta property=\"og:locale\" content=\"en_GB\" \/>\n<meta property=\"og:type\" content=\"article\" \/>\n<meta property=\"og:title\" content=\"Laurel Blanc 2024 - diWine &ndash; Premium kvaliteetveinid &uuml;le maailma | Eesti veinipood\" \/>\n<meta property=\"og:description\" content=\"Laurel Blanc \u2013 haruldane ja elegantne Priorati valge vein, mis \u00fchendab mineraalsuse, rikkaliku tekstuuri ja v\u00e4rskuse. K\u00fcpsed luuviljad, tsitruseline s\u00e4rtsakus ja kerge tammisus teevad sellest mitmek\u00fclgse kaaslase nii mereandidele kui ka peenematele gurmeerogadele.\" \/>\n<meta property=\"og:url\" content=\"https:\/\/diwine.ee\/en\/product\/laurel-blanc-2024\/\" \/>\n<meta property=\"og:site_name\" content=\"diWine &ndash; Premium kvaliteetveinid &uuml;le maailma | Eesti veinipood\" \/>\n<meta property=\"article:publisher\" content=\"https:\/\/www.facebook.com\/profile.php?id=61573862347231\" \/>\n<meta property=\"article:modified_time\" content=\"2026-04-14T09:36:04+00:00\" \/>\n<meta property=\"og:image\" content=\"https:\/\/diwine.ee\/wp-content\/uploads\/2025\/06\/laurelblanc-gold.png\" \/>\n\t<meta property=\"og:image:width\" content=\"800\" \/>\n\t<meta property=\"og:image:height\" content=\"800\" \/>\n\t<meta property=\"og:image:type\" content=\"image\/png\" \/>\n<meta name=\"twitter:card\" content=\"summary_large_image\" \/>\n<meta name=\"twitter:label1\" content=\"Estimated reading time\" \/>\n\t<meta name=\"twitter:data1\" content=\"3 minutes\" \/>\n<script type=\"application\/ld+json\" class=\"yoast-schema-graph\">{\"@context\":\"https:\\\/\\\/schema.org\",\"@graph\":[{\"@type\":\"WebPage\",\"@id\":\"https:\\\/\\\/diwine.ee\\\/product\\\/laurel-blanc-2024\\\/\",\"url\":\"https:\\\/\\\/diwine.ee\\\/product\\\/laurel-blanc-2024\\\/\",\"name\":\"Laurel Blanc 2024 - diWine &ndash; Premium kvaliteetveinid &uuml;le maailma | Eesti veinipood\",\"isPartOf\":{\"@id\":\"https:\\\/\\\/diwine.ee\\\/#website\"},\"primaryImageOfPage\":{\"@id\":\"https:\\\/\\\/diwine.ee\\\/product\\\/laurel-blanc-2024\\\/#primaryimage\"},\"image\":{\"@id\":\"https:\\\/\\\/diwine.ee\\\/product\\\/laurel-blanc-2024\\\/#primaryimage\"},\"thumbnailUrl\":\"https:\\\/\\\/diwine.ee\\\/wp-content\\\/uploads\\\/2025\\\/06\\\/laurelblanc-gold.png\",\"datePublished\":\"2025-06-17T09:45:08+00:00\",\"dateModified\":\"2026-04-14T09:36:04+00:00\",\"breadcrumb\":{\"@id\":\"https:\\\/\\\/diwine.ee\\\/product\\\/laurel-blanc-2024\\\/#breadcrumb\"},\"inLanguage\":\"en-GB\",\"potentialAction\":[{\"@type\":\"ReadAction\",\"target\":[\"https:\\\/\\\/diwine.ee\\\/product\\\/laurel-blanc-2024\\\/\"]}]},{\"@type\":\"ImageObject\",\"inLanguage\":\"en-GB\",\"@id\":\"https:\\\/\\\/diwine.ee\\\/product\\\/laurel-blanc-2024\\\/#primaryimage\",\"url\":\"https:\\\/\\\/diwine.ee\\\/wp-content\\\/uploads\\\/2025\\\/06\\\/laurelblanc-gold.png\",\"contentUrl\":\"https:\\\/\\\/diwine.ee\\\/wp-content\\\/uploads\\\/2025\\\/06\\\/laurelblanc-gold.png\",\"width\":800,\"height\":800},{\"@type\":\"BreadcrumbList\",\"@id\":\"https:\\\/\\\/diwine.ee\\\/product\\\/laurel-blanc-2024\\\/#breadcrumb\",\"itemListElement\":[{\"@type\":\"ListItem\",\"position\":1,\"name\":\"Home\",\"item\":\"https:\\\/\\\/diwine.ee\\\/\"},{\"@type\":\"ListItem\",\"position\":2,\"name\":\"e-pood\",\"item\":\"https:\\\/\\\/diwine.ee\\\/tooted\\\/\"},{\"@type\":\"ListItem\",\"position\":3,\"name\":\"Laurel Blanc 2024\"}]},{\"@type\":\"WebSite\",\"@id\":\"https:\\\/\\\/diwine.ee\\\/#website\",\"url\":\"https:\\\/\\\/diwine.ee\\\/\",\"name\":\"diWine \u2013 Premium kvaliteetveinid \u00fcle maailma | Eesti veinipood\",\"description\":\"Avasta diWine&#039;i hoolikalt valitud kvaliteetveinid maailma tippveinipiirkondadest. Eksklusiivsed punaveinid, valged veinid, vahuveinid ja eriveinid sinu erilisteks hetkedeks.\",\"publisher\":{\"@id\":\"https:\\\/\\\/diwine.ee\\\/#organization\"},\"potentialAction\":[{\"@type\":\"SearchAction\",\"target\":{\"@type\":\"EntryPoint\",\"urlTemplate\":\"https:\\\/\\\/diwine.ee\\\/?s={search_term_string}\"},\"query-input\":{\"@type\":\"PropertyValueSpecification\",\"valueRequired\":true,\"valueName\":\"search_term_string\"}}],\"inLanguage\":\"en-GB\"},{\"@type\":\"Organization\",\"@id\":\"https:\\\/\\\/diwine.ee\\\/#organization\",\"name\":\"diWine veinipood\",\"url\":\"https:\\\/\\\/diwine.ee\\\/\",\"logo\":{\"@type\":\"ImageObject\",\"inLanguage\":\"en-GB\",\"@id\":\"https:\\\/\\\/diwine.ee\\\/#\\\/schema\\\/logo\\\/image\\\/\",\"url\":\"https:\\\/\\\/diwine.ee\\\/wp-content\\\/uploads\\\/2025\\\/04\\\/diWine-1080-x-1080-px.png\",\"contentUrl\":\"https:\\\/\\\/diwine.ee\\\/wp-content\\\/uploads\\\/2025\\\/04\\\/diWine-1080-x-1080-px.png\",\"width\":1080,\"height\":1080,\"caption\":\"diWine veinipood\"},\"image\":{\"@id\":\"https:\\\/\\\/diwine.ee\\\/#\\\/schema\\\/logo\\\/image\\\/\"},\"sameAs\":[\"https:\\\/\\\/www.facebook.com\\\/profile.php?id=61573862347231\",\"https:\\\/\\\/www.instagram.com\\\/diwine.ee\"]}]}<\/script>\n<!-- \/ Yoast SEO plugin. -->","yoast_head_json":{"title":"Laurel Blanc 2024 - diWine &ndash; Premium kvaliteetveinid &uuml;le maailma | Eesti veinipood","robots":{"index":"index","follow":"follow","max-snippet":"max-snippet:-1","max-image-preview":"max-image-preview:large","max-video-preview":"max-video-preview:-1"},"canonical":"https:\/\/diwine.ee\/en\/product\/laurel-blanc-2024\/","og_locale":"en_GB","og_type":"article","og_title":"Laurel Blanc 2024 - diWine &ndash; Premium kvaliteetveinid &uuml;le maailma | Eesti veinipood","og_description":"Laurel Blanc \u2013 haruldane ja elegantne Priorati valge vein, mis \u00fchendab mineraalsuse, rikkaliku tekstuuri ja v\u00e4rskuse. K\u00fcpsed luuviljad, tsitruseline s\u00e4rtsakus ja kerge tammisus teevad sellest mitmek\u00fclgse kaaslase nii mereandidele kui ka peenematele gurmeerogadele.","og_url":"https:\/\/diwine.ee\/en\/product\/laurel-blanc-2024\/","og_site_name":"diWine &ndash; Premium kvaliteetveinid &uuml;le maailma | Eesti veinipood","article_publisher":"https:\/\/www.facebook.com\/profile.php?id=61573862347231","article_modified_time":"2026-04-14T09:36:04+00:00","og_image":[{"width":800,"height":800,"url":"https:\/\/diwine.ee\/wp-content\/uploads\/2025\/06\/laurelblanc-gold.png","type":"image\/png"}],"twitter_card":"summary_large_image","twitter_misc":{"Estimated reading time":"3 minutes"},"schema":{"@context":"https:\/\/schema.org","@graph":[{"@type":"WebPage","@id":"https:\/\/diwine.ee\/product\/laurel-blanc-2024\/","url":"https:\/\/diwine.ee\/product\/laurel-blanc-2024\/","name":"Laurel Blanc 2024 - diWine &ndash; Premium kvaliteetveinid &uuml;le maailma | Eesti veinipood","isPartOf":{"@id":"https:\/\/diwine.ee\/#website"},"primaryImageOfPage":{"@id":"https:\/\/diwine.ee\/product\/laurel-blanc-2024\/#primaryimage"},"image":{"@id":"https:\/\/diwine.ee\/product\/laurel-blanc-2024\/#primaryimage"},"thumbnailUrl":"https:\/\/diwine.ee\/wp-content\/uploads\/2025\/06\/laurelblanc-gold.png","datePublished":"2025-06-17T09:45:08+00:00","dateModified":"2026-04-14T09:36:04+00:00","breadcrumb":{"@id":"https:\/\/diwine.ee\/product\/laurel-blanc-2024\/#breadcrumb"},"inLanguage":"en-GB","potentialAction":[{"@type":"ReadAction","target":["https:\/\/diwine.ee\/product\/laurel-blanc-2024\/"]}]},{"@type":"ImageObject","inLanguage":"en-GB","@id":"https:\/\/diwine.ee\/product\/laurel-blanc-2024\/#primaryimage","url":"https:\/\/diwine.ee\/wp-content\/uploads\/2025\/06\/laurelblanc-gold.png","contentUrl":"https:\/\/diwine.ee\/wp-content\/uploads\/2025\/06\/laurelblanc-gold.png","width":800,"height":800},{"@type":"BreadcrumbList","@id":"https:\/\/diwine.ee\/product\/laurel-blanc-2024\/#breadcrumb","itemListElement":[{"@type":"ListItem","position":1,"name":"Home","item":"https:\/\/diwine.ee\/"},{"@type":"ListItem","position":2,"name":"e-pood","item":"https:\/\/diwine.ee\/tooted\/"},{"@type":"ListItem","position":3,"name":"Laurel Blanc 2024"}]},{"@type":"WebSite","@id":"https:\/\/diwine.ee\/#website","url":"https:\/\/diwine.ee\/","name":"diWine \u2013 Premium kvaliteetveinid \u00fcle maailma | Eesti veinipood","description":"Avasta diWine&#039;i hoolikalt valitud kvaliteetveinid maailma tippveinipiirkondadest. Eksklusiivsed punaveinid, valged veinid, vahuveinid ja eriveinid sinu erilisteks hetkedeks.","publisher":{"@id":"https:\/\/diwine.ee\/#organization"},"potentialAction":[{"@type":"SearchAction","target":{"@type":"EntryPoint","urlTemplate":"https:\/\/diwine.ee\/?s={search_term_string}"},"query-input":{"@type":"PropertyValueSpecification","valueRequired":true,"valueName":"search_term_string"}}],"inLanguage":"en-GB"},{"@type":"Organization","@id":"https:\/\/diwine.ee\/#organization","name":"diWine veinipood","url":"https:\/\/diwine.ee\/","logo":{"@type":"ImageObject","inLanguage":"en-GB","@id":"https:\/\/diwine.ee\/#\/schema\/logo\/image\/","url":"https:\/\/diwine.ee\/wp-content\/uploads\/2025\/04\/diWine-1080-x-1080-px.png","contentUrl":"https:\/\/diwine.ee\/wp-content\/uploads\/2025\/04\/diWine-1080-x-1080-px.png","width":1080,"height":1080,"caption":"diWine veinipood"},"image":{"@id":"https:\/\/diwine.ee\/#\/schema\/logo\/image\/"},"sameAs":["https:\/\/www.facebook.com\/profile.php?id=61573862347231","https:\/\/www.instagram.com\/diwine.ee"]}]}},"jetpack_sharing_enabled":true,"_links":{"self":[{"href":"https:\/\/diwine.ee\/en\/wp-json\/wp\/v2\/product\/27859","targetHints":{"allow":["GET"]}}],"collection":[{"href":"https:\/\/diwine.ee\/en\/wp-json\/wp\/v2\/product"}],"about":[{"href":"https:\/\/diwine.ee\/en\/wp-json\/wp\/v2\/types\/product"}],"version-history":[{"count":2,"href":"https:\/\/diwine.ee\/en\/wp-json\/wp\/v2\/product\/27859\/revisions"}],"predecessor-version":[{"id":29734,"href":"https:\/\/diwine.ee\/en\/wp-json\/wp\/v2\/product\/27859\/revisions\/29734"}],"wp:featuredmedia":[{"embeddable":true,"href":"https:\/\/diwine.ee\/en\/wp-json\/wp\/v2\/media\/29733"}],"wp:attachment":[{"href":"https:\/\/diwine.ee\/en\/wp-json\/wp\/v2\/media?parent=27859"}],"wp:term":[{"taxonomy":"product_brand","embeddable":true,"href":"https:\/\/diwine.ee\/en\/wp-json\/wp\/v2\/product_brand?post=27859"},{"taxonomy":"product_cat","embeddable":true,"href":"https:\/\/diwine.ee\/en\/wp-json\/wp\/v2\/product_cat?post=27859"},{"taxonomy":"product_tag","embeddable":true,"href":"https:\/\/diwine.ee\/en\/wp-json\/wp\/v2\/product_tag?post=27859"}],"curies":[{"name":"wp","href":"https:\/\/api.w.org\/{rel}","templated":true}]}}