{"id":27907,"date":"2025-07-03T19:26:58","date_gmt":"2025-07-03T16:26:58","guid":{"rendered":"https:\/\/diwine.ee\/?post_type=product&#038;p=27907"},"modified":"2025-12-28T22:48:01","modified_gmt":"2025-12-28T20:48:01","slug":"mg-bb-nature-nv","status":"publish","type":"product","link":"https:\/\/diwine.ee\/en\/product\/mg-bb-nature-nv\/","title":{"rendered":"Michel Genet Nature Grand Cru &#8211; Brut Nature"},"content":{"rendered":"<div data-elementor-type=\"wp-post\" data-elementor-id=\"27907\" class=\"elementor elementor-27907\">\n\t\t\t\t<div class=\"wd-negative-gap elementor-element elementor-element-b496628 e-grid e-con-boxed e-con e-parent\" data-id=\"b496628\" data-element_type=\"container\" data-e-type=\"container\">\n\t\t\t\t\t<div class=\"e-con-inner\">\n\t\t\t\t<div class=\"elementor-element elementor-element-aa23989 elementor-widget elementor-widget-wd_text_block\" data-id=\"aa23989\" data-element_type=\"widget\" data-e-type=\"widget\" data-widget_type=\"wd_text_block.default\">\n\t\t\t\t<div class=\"elementor-widget-container\">\n\t\t\t\t\t\t\t<div class=\"wd-text-block reset-last-child text-left\">\n\t\t\t\n\t\t\t<h3 class=\"cvGsUA direction-ltr align-justify para-style-body\"><span class=\"OYPEnA font-feature-liga-off font-feature-clig-off font-feature-calt-off text-decoration-none text-strikethrough-none\">Veini lugu:<\/span><\/h3><p data-start=\"250\" data-end=\"518\">MG BB Nature on Michel Genet' veinimaja signatuur-stiilis Blanc de Blancs Grand Cru \u0161ampanja, mis valmib ainult Chardonnay viinamarjadest Grand Cru klassifikatsiooniga Chouilly k\u00fcla kriidistel n\u00f5lvadel \u2013 Champagne\u2019i C\u00f4te des Blancs\u2019i s\u00fcdames.<\/p><p data-start=\"520\" data-end=\"1080\">Michel Genet on pereettev\u00f5te, mida juhivad t\u00e4nap\u00e4eval Michel Genet\u2019 lapsed \u2013 Vincent, Agn\u00e8s ja Antoine. Nad on tuntud kui <em data-start=\"642\" data-end=\"673\">\"Manufacteurs de Grands Crus\"<\/em>, ehk k\u00e4sit\u00f6\u00f6meistrid, kes on isiklikult kaasatud igasse tootmise etappi, alates viinamarjade kasvatamisest kuni keldris laagerdamiseni. Viinamarjad p\u00e4rinevad ~9 hektarilt veinimajale kuuluvatelt istandustelt, kus valitseb 95% Chardonnay. Kogu t\u00f6\u00f6 toimub loodusl\u00e4hedaselt: kasutatakse orgaanilisi v\u00e4etisi, pestitsiide minimeeritakse ning iga viinamarjap\u00f5ldu hallatakse eraldi, et s\u00e4ilitada terroir' iseloom.<\/p><p class=\"cvGsUA direction-ltr align-justify para-style-body\"><span style=\"color: #1b1919; font-size: 22px;\">Veini valmistamine:<\/span><\/p><p data-start=\"1082\" data-end=\"1463\">MG BB Nature puhul tehakse viinamarjadest eraldi vinifikatsioon vastavalt p\u00e4ritolukrundile. Kogu veinivalmistus toimub Michel Genet' enda keldrites, j\u00e4rgides k\u00f5rgeimaid kvaliteedistandardeid. Peale esimese selitamise jaanuaris l\u00e4bivad veinid <strong data-start=\"1368\" data-end=\"1423\">malolaktilise fermentatsiooni peene p\u00e4rmisette peal<\/strong>, mis annab veinile pehmuse ja s\u00fcgavuse.<\/p><p data-start=\"1465\" data-end=\"1892\">Fermentatsioon toimub roostevabast terasest v\u00f5i neutraalsetes anumates, et s\u00e4ilitada puhas chardonnay iseloom. \u0160ampanja sisaldab mitme aastak\u00e4igu segu ja olulisel m\u00e4\u00e4ral reservveine, et lisada k\u00fcpsust ja mitmekihilisust. Seej\u00e4rel villitakse vein pudelisse ning laagerdub p\u00e4rmisettel traditsioonilise meetodi j\u00e4rgi. Dosaa\u017e on \u00e4\u00e4rmiselt madal \u2013 <strong data-start=\"1808\" data-end=\"1819\">2,5 g\/l<\/strong>, mis asetab selle kategooriasse <em data-start=\"1852\" data-end=\"1865\">Brut Nature<\/em> ehk t\u00e4iesti kuiv \u0161ampanja.<\/p>\n\t\t\t\t\t<\/div>\n\t\t\t\t\t\t<\/div>\n\t\t\t\t<\/div>\n\t\t\t\t<div class=\"elementor-element elementor-element-f22db15 elementor-widget elementor-widget-wd_text_block\" data-id=\"f22db15\" data-element_type=\"widget\" data-e-type=\"widget\" data-widget_type=\"wd_text_block.default\">\n\t\t\t\t<div class=\"elementor-widget-container\">\n\t\t\t\t\t\t\t<div class=\"wd-text-block reset-last-child text-left\">\n\t\t\t\n\t\t\t<h3 class=\"cvGsUA direction-ltr align-justify para-style-body\"><span class=\"OYPEnA font-feature-liga-off font-feature-clig-off font-feature-calt-off text-decoration-none text-strikethrough-none\">Maitsenoodid:<\/span><\/h3><p data-start=\"1894\" data-end=\"2184\">Klaasis on vein kahvatukollane kuldse varjundiga, mull on peen ja p\u00fcsiv. Aroomis avalduvad <strong data-start=\"2006\" data-end=\"2030\">lilled ja teraviljad<\/strong> \u2013 akaatsia, metsalill, kannike, nisu ning \u00f5rnalt mentoolne v\u00f5i lagritsane noot. Taustal on tunda r\u00f6stmandlit, sarapuup\u00e4hklit ja kriidine mineraalsus.<\/p><p data-start=\"2186\" data-end=\"2604\">Maitses on \u0161ampanja kuiv ja t\u00e4pne, ent tekstuurilt \u00fcllatavalt kreemjas. Alguses tuntav tsitruseline ja valge luuviljaline noot \u2013 sidrunikoor, roheline \u00f5un, valge virsik. Keskmikus areneb brioche ja besee-taoline n\u00fcanss koos v\u00e4rskelt r\u00f6stitud mandli ja k\u00fcpsetusv\u00fcrtsidega. L\u00f5ppmaitse on pikk ja v\u00e4rske, kus avalduvad <strong data-start=\"2502\" data-end=\"2525\">eksootilised viljad<\/strong> nagu ananass ja kollane ploom, millele lisandub soolakas kriidine mineraalsus.<\/p><h3 class=\"cvGsUA direction-ltr align-justify para-style-body\"><span class=\"OYPEnA font-feature-liga-off font-feature-clig-off font-feature-calt-off text-decoration-none text-strikethrough-none\">Toidusoovitus:<\/span><\/h3><p class=\"cvGsUA direction-ltr align-justify para-style-body\">MG BB Nature sobib suurep\u00e4raselt klassikaliste v\u00e4rskete mereandidega nagu <strong data-start=\"2703\" data-end=\"2732\">austrid, kaviari, sashimi<\/strong>, sest selle soolakas, kriidine struktuur ja s\u00e4rtsakas happesus toovad mereanni magususe esile. Samuti sobib see pehme kitsejuustu (nt Crottin de Chavignol), taimsete eelroogade, ceviche ja valge kala juurde. Hea valik ka Aasia k\u00f6\u00f6gi kergemate roogadega nagu Vietnami kevadrullid, sushi v\u00f5i kerge laimimarinaadis l\u00f5he. \u0160ampanja elegants sobib samuti delikaatsete linnuliharoogade ja kergelt praetud mereandide k\u00f5rvale.<\/p>\n\t\t\t\t\t<\/div>\n\t\t\t\t\t\t<\/div>\n\t\t\t\t<\/div>\n\t\t\t\t<div class=\"elementor-element elementor-element-79dff25 elementor-widget elementor-widget-wd_text_block\" data-id=\"79dff25\" data-element_type=\"widget\" data-e-type=\"widget\" data-widget_type=\"wd_text_block.default\">\n\t\t\t\t<div class=\"elementor-widget-container\">\n\t\t\t\t\t\t\t<div class=\"wd-text-block reset-last-child text-left\">\n\t\t\t\n\t\t\t<h3 class=\"cvGsUA direction-ltr align-justify para-style-body\"><span class=\"OYPEnA font-feature-liga-off font-feature-clig-off font-feature-calt-off text-decoration-none text-strikethrough-none\">S\u00e4ilitamispotentsiaal:<\/span><\/h3><p data-start=\"30\" data-end=\"380\">T\u00e4nu madalale dosaa\u017eile ja Grand Cru p\u00e4ritolule sobib see \u0161ampanja nautimiseks nii noorena kui ka <strong data-start=\"3805\" data-end=\"3839\">vananemiseks 5\u20136 aasta jooksul<\/strong> peale degorgement'i. Aastate jooksul arenevad juurde brioche, r\u00f6stitud p\u00e4hklite ja kuivatatud puuviljade n\u00fcansid, samas kui mineraalne selgroog j\u00e4\u00e4b alles. Parim joomisperiood: <strong data-start=\"4018\" data-end=\"4036\">n\u00fc\u00fcd kuni 2028<\/strong>.<\/p><h3 class=\"cvGsUA direction-ltr align-justify para-style-body\"><span class=\"OYPEnA font-feature-liga-off font-feature-clig-off font-feature-calt-off text-decoration-none text-strikethrough-none\">Hinnangud &amp; tunnustused:<\/span><\/h3><p>MG BB Nature on saanud mitmeid tunnustusi \u2013 n\u00e4iteks <strong data-start=\"3236\" data-end=\"3254\">James Suckling<\/strong> on andnud sellele 92 punkti, kiites selle <strong data-start=\"3297\" data-end=\"3352\">tasakaalu, mineraalsust ja s\u00e4rtsakat tsitruse nooti<\/strong>. Vein on hinnatud ka mitmetel rahvusvahelistel konkurssidel; Michel Genet\u2019 veinid on p\u00e4lvinud <strong data-start=\"3447\" data-end=\"3461\">Grand Gold<\/strong> medali Concours Mondial de Bruxelles\u2019il. Veinispetsialistid ja sommeljeed hindavad seda kui Blanc de Blancs \u0161ampanjat, mis pakub Grand Cru tasemel kvaliteeti m\u00e4rksa soodsamas hinnaklassis kui suured \u0161ampanjamajad.<\/p>\n\t\t\t\t\t<\/div>\n\t\t\t\t\t\t<\/div>\n\t\t\t\t<\/div>\n\t\t\t\t\t<\/div>\n\t\t\t\t<\/div>\n\t\t\t\t<\/div>","protected":false},"excerpt":{"rendered":"<p>Elegantne Grand Cru Blanc de Blancs \u0161ampanja Chouilly k\u00fclast \u2013 mineraalne, kuiv ja t\u00e4pne, ananassi, tsitruse ja r\u00f6stmandli nootidega. Brut Nature, ainult 2,5 g\/l dosage.<\/p>","protected":false},"featured_media":27908,"template":"","meta":[],"product_brand":[158],"product_cat":[29,93],"product_tag":[],"class_list":{"0":"post-27907","1":"product","2":"type-product","3":"status-publish","4":"has-post-thumbnail","6":"product_brand-michel-genet","7":"product_cat-koik-tooted","8":"product_cat-sampanja","9":"pa_piirkond-champagne","10":"pa_viinamarjasort-chardonnay","12":"first","13":"instock","14":"featured","15":"taxable","16":"shipping-taxable","17":"purchasable","18":"product-type-simple"},"yoast_head":"<!-- This site is optimized with the Yoast SEO plugin v27.4 - https:\/\/yoast.com\/product\/yoast-seo-wordpress\/ -->\n<title>Michel Genet Nature Grand Cru - Brut Nature - diWine &ndash; Premium kvaliteetveinid &uuml;le maailma | Eesti veinipood<\/title>\n<meta name=\"robots\" content=\"index, follow, max-snippet:-1, max-image-preview:large, max-video-preview:-1\" \/>\n<link rel=\"canonical\" href=\"https:\/\/diwine.ee\/en\/product\/mg-bb-nature-nv\/\" \/>\n<meta property=\"og:locale\" content=\"en_GB\" \/>\n<meta property=\"og:type\" content=\"article\" \/>\n<meta property=\"og:title\" content=\"Michel Genet Nature Grand Cru - Brut Nature - diWine &ndash; Premium kvaliteetveinid &uuml;le maailma | Eesti veinipood\" \/>\n<meta property=\"og:description\" content=\"Elegantne Grand Cru Blanc de Blancs \u0161ampanja Chouilly k\u00fclast \u2013 mineraalne, kuiv ja t\u00e4pne, ananassi, tsitruse ja r\u00f6stmandli nootidega. Brut Nature, ainult 2,5 g\/l dosage.\" \/>\n<meta property=\"og:url\" content=\"https:\/\/diwine.ee\/en\/product\/mg-bb-nature-nv\/\" \/>\n<meta property=\"og:site_name\" content=\"diWine &ndash; Premium kvaliteetveinid &uuml;le maailma | Eesti veinipood\" \/>\n<meta property=\"article:publisher\" content=\"https:\/\/www.facebook.com\/profile.php?id=61573862347231\" \/>\n<meta property=\"article:modified_time\" content=\"2025-12-28T20:48:01+00:00\" \/>\n<meta property=\"og:image\" content=\"https:\/\/diwine.ee\/wp-content\/uploads\/2025\/07\/michel-genet-bb-nature.png\" \/>\n\t<meta property=\"og:image:width\" content=\"800\" \/>\n\t<meta property=\"og:image:height\" content=\"800\" \/>\n\t<meta property=\"og:image:type\" content=\"image\/png\" \/>\n<meta name=\"twitter:card\" content=\"summary_large_image\" \/>\n<meta name=\"twitter:label1\" content=\"Estimated reading time\" \/>\n\t<meta name=\"twitter:data1\" content=\"3 minutes\" \/>\n<script type=\"application\/ld+json\" class=\"yoast-schema-graph\">{\"@context\":\"https:\\\/\\\/schema.org\",\"@graph\":[{\"@type\":\"WebPage\",\"@id\":\"https:\\\/\\\/diwine.ee\\\/product\\\/mg-bb-nature-nv\\\/\",\"url\":\"https:\\\/\\\/diwine.ee\\\/product\\\/mg-bb-nature-nv\\\/\",\"name\":\"Michel Genet Nature Grand Cru - Brut Nature - diWine &ndash; Premium kvaliteetveinid &uuml;le maailma | Eesti veinipood\",\"isPartOf\":{\"@id\":\"https:\\\/\\\/diwine.ee\\\/#website\"},\"primaryImageOfPage\":{\"@id\":\"https:\\\/\\\/diwine.ee\\\/product\\\/mg-bb-nature-nv\\\/#primaryimage\"},\"image\":{\"@id\":\"https:\\\/\\\/diwine.ee\\\/product\\\/mg-bb-nature-nv\\\/#primaryimage\"},\"thumbnailUrl\":\"https:\\\/\\\/diwine.ee\\\/wp-content\\\/uploads\\\/2025\\\/07\\\/michel-genet-bb-nature.png\",\"datePublished\":\"2025-07-03T16:26:58+00:00\",\"dateModified\":\"2025-12-28T20:48:01+00:00\",\"breadcrumb\":{\"@id\":\"https:\\\/\\\/diwine.ee\\\/product\\\/mg-bb-nature-nv\\\/#breadcrumb\"},\"inLanguage\":\"en-GB\",\"potentialAction\":[{\"@type\":\"ReadAction\",\"target\":[\"https:\\\/\\\/diwine.ee\\\/product\\\/mg-bb-nature-nv\\\/\"]}]},{\"@type\":\"ImageObject\",\"inLanguage\":\"en-GB\",\"@id\":\"https:\\\/\\\/diwine.ee\\\/product\\\/mg-bb-nature-nv\\\/#primaryimage\",\"url\":\"https:\\\/\\\/diwine.ee\\\/wp-content\\\/uploads\\\/2025\\\/07\\\/michel-genet-bb-nature.png\",\"contentUrl\":\"https:\\\/\\\/diwine.ee\\\/wp-content\\\/uploads\\\/2025\\\/07\\\/michel-genet-bb-nature.png\",\"width\":800,\"height\":800},{\"@type\":\"BreadcrumbList\",\"@id\":\"https:\\\/\\\/diwine.ee\\\/product\\\/mg-bb-nature-nv\\\/#breadcrumb\",\"itemListElement\":[{\"@type\":\"ListItem\",\"position\":1,\"name\":\"Home\",\"item\":\"https:\\\/\\\/diwine.ee\\\/\"},{\"@type\":\"ListItem\",\"position\":2,\"name\":\"e-pood\",\"item\":\"https:\\\/\\\/diwine.ee\\\/tooted\\\/\"},{\"@type\":\"ListItem\",\"position\":3,\"name\":\"Michel Genet Nature Grand Cru &#8211; Brut Nature\"}]},{\"@type\":\"WebSite\",\"@id\":\"https:\\\/\\\/diwine.ee\\\/#website\",\"url\":\"https:\\\/\\\/diwine.ee\\\/\",\"name\":\"diWine \u2013 Premium kvaliteetveinid \u00fcle maailma | Eesti veinipood\",\"description\":\"Avasta diWine&#039;i hoolikalt valitud kvaliteetveinid maailma tippveinipiirkondadest. Eksklusiivsed punaveinid, valged veinid, vahuveinid ja eriveinid sinu erilisteks hetkedeks.\",\"publisher\":{\"@id\":\"https:\\\/\\\/diwine.ee\\\/#organization\"},\"potentialAction\":[{\"@type\":\"SearchAction\",\"target\":{\"@type\":\"EntryPoint\",\"urlTemplate\":\"https:\\\/\\\/diwine.ee\\\/?s={search_term_string}\"},\"query-input\":{\"@type\":\"PropertyValueSpecification\",\"valueRequired\":true,\"valueName\":\"search_term_string\"}}],\"inLanguage\":\"en-GB\"},{\"@type\":\"Organization\",\"@id\":\"https:\\\/\\\/diwine.ee\\\/#organization\",\"name\":\"diWine veinipood\",\"url\":\"https:\\\/\\\/diwine.ee\\\/\",\"logo\":{\"@type\":\"ImageObject\",\"inLanguage\":\"en-GB\",\"@id\":\"https:\\\/\\\/diwine.ee\\\/#\\\/schema\\\/logo\\\/image\\\/\",\"url\":\"https:\\\/\\\/diwine.ee\\\/wp-content\\\/uploads\\\/2025\\\/04\\\/diWine-1080-x-1080-px.png\",\"contentUrl\":\"https:\\\/\\\/diwine.ee\\\/wp-content\\\/uploads\\\/2025\\\/04\\\/diWine-1080-x-1080-px.png\",\"width\":1080,\"height\":1080,\"caption\":\"diWine veinipood\"},\"image\":{\"@id\":\"https:\\\/\\\/diwine.ee\\\/#\\\/schema\\\/logo\\\/image\\\/\"},\"sameAs\":[\"https:\\\/\\\/www.facebook.com\\\/profile.php?id=61573862347231\",\"https:\\\/\\\/www.instagram.com\\\/diwine.ee\"]}]}<\/script>\n<!-- \/ Yoast SEO plugin. -->","yoast_head_json":{"title":"Michel Genet Nature Grand Cru - Brut Nature - diWine &ndash; Premium kvaliteetveinid &uuml;le maailma | Eesti veinipood","robots":{"index":"index","follow":"follow","max-snippet":"max-snippet:-1","max-image-preview":"max-image-preview:large","max-video-preview":"max-video-preview:-1"},"canonical":"https:\/\/diwine.ee\/en\/product\/mg-bb-nature-nv\/","og_locale":"en_GB","og_type":"article","og_title":"Michel Genet Nature Grand Cru - Brut Nature - diWine &ndash; Premium kvaliteetveinid &uuml;le maailma | Eesti veinipood","og_description":"Elegantne Grand Cru Blanc de Blancs \u0161ampanja Chouilly k\u00fclast \u2013 mineraalne, kuiv ja t\u00e4pne, ananassi, tsitruse ja r\u00f6stmandli nootidega. Brut Nature, ainult 2,5 g\/l dosage.","og_url":"https:\/\/diwine.ee\/en\/product\/mg-bb-nature-nv\/","og_site_name":"diWine &ndash; Premium kvaliteetveinid &uuml;le maailma | Eesti veinipood","article_publisher":"https:\/\/www.facebook.com\/profile.php?id=61573862347231","article_modified_time":"2025-12-28T20:48:01+00:00","og_image":[{"width":800,"height":800,"url":"https:\/\/diwine.ee\/wp-content\/uploads\/2025\/07\/michel-genet-bb-nature.png","type":"image\/png"}],"twitter_card":"summary_large_image","twitter_misc":{"Estimated reading time":"3 minutes"},"schema":{"@context":"https:\/\/schema.org","@graph":[{"@type":"WebPage","@id":"https:\/\/diwine.ee\/product\/mg-bb-nature-nv\/","url":"https:\/\/diwine.ee\/product\/mg-bb-nature-nv\/","name":"Michel Genet Nature Grand Cru - Brut Nature - diWine &ndash; Premium kvaliteetveinid &uuml;le maailma | Eesti veinipood","isPartOf":{"@id":"https:\/\/diwine.ee\/#website"},"primaryImageOfPage":{"@id":"https:\/\/diwine.ee\/product\/mg-bb-nature-nv\/#primaryimage"},"image":{"@id":"https:\/\/diwine.ee\/product\/mg-bb-nature-nv\/#primaryimage"},"thumbnailUrl":"https:\/\/diwine.ee\/wp-content\/uploads\/2025\/07\/michel-genet-bb-nature.png","datePublished":"2025-07-03T16:26:58+00:00","dateModified":"2025-12-28T20:48:01+00:00","breadcrumb":{"@id":"https:\/\/diwine.ee\/product\/mg-bb-nature-nv\/#breadcrumb"},"inLanguage":"en-GB","potentialAction":[{"@type":"ReadAction","target":["https:\/\/diwine.ee\/product\/mg-bb-nature-nv\/"]}]},{"@type":"ImageObject","inLanguage":"en-GB","@id":"https:\/\/diwine.ee\/product\/mg-bb-nature-nv\/#primaryimage","url":"https:\/\/diwine.ee\/wp-content\/uploads\/2025\/07\/michel-genet-bb-nature.png","contentUrl":"https:\/\/diwine.ee\/wp-content\/uploads\/2025\/07\/michel-genet-bb-nature.png","width":800,"height":800},{"@type":"BreadcrumbList","@id":"https:\/\/diwine.ee\/product\/mg-bb-nature-nv\/#breadcrumb","itemListElement":[{"@type":"ListItem","position":1,"name":"Home","item":"https:\/\/diwine.ee\/"},{"@type":"ListItem","position":2,"name":"e-pood","item":"https:\/\/diwine.ee\/tooted\/"},{"@type":"ListItem","position":3,"name":"Michel Genet Nature Grand Cru &#8211; Brut Nature"}]},{"@type":"WebSite","@id":"https:\/\/diwine.ee\/#website","url":"https:\/\/diwine.ee\/","name":"diWine \u2013 Premium kvaliteetveinid \u00fcle maailma | Eesti veinipood","description":"Avasta diWine&#039;i hoolikalt valitud kvaliteetveinid maailma tippveinipiirkondadest. Eksklusiivsed punaveinid, valged veinid, vahuveinid ja eriveinid sinu erilisteks hetkedeks.","publisher":{"@id":"https:\/\/diwine.ee\/#organization"},"potentialAction":[{"@type":"SearchAction","target":{"@type":"EntryPoint","urlTemplate":"https:\/\/diwine.ee\/?s={search_term_string}"},"query-input":{"@type":"PropertyValueSpecification","valueRequired":true,"valueName":"search_term_string"}}],"inLanguage":"en-GB"},{"@type":"Organization","@id":"https:\/\/diwine.ee\/#organization","name":"diWine veinipood","url":"https:\/\/diwine.ee\/","logo":{"@type":"ImageObject","inLanguage":"en-GB","@id":"https:\/\/diwine.ee\/#\/schema\/logo\/image\/","url":"https:\/\/diwine.ee\/wp-content\/uploads\/2025\/04\/diWine-1080-x-1080-px.png","contentUrl":"https:\/\/diwine.ee\/wp-content\/uploads\/2025\/04\/diWine-1080-x-1080-px.png","width":1080,"height":1080,"caption":"diWine veinipood"},"image":{"@id":"https:\/\/diwine.ee\/#\/schema\/logo\/image\/"},"sameAs":["https:\/\/www.facebook.com\/profile.php?id=61573862347231","https:\/\/www.instagram.com\/diwine.ee"]}]}},"jetpack_sharing_enabled":true,"_links":{"self":[{"href":"https:\/\/diwine.ee\/en\/wp-json\/wp\/v2\/product\/27907","targetHints":{"allow":["GET"]}}],"collection":[{"href":"https:\/\/diwine.ee\/en\/wp-json\/wp\/v2\/product"}],"about":[{"href":"https:\/\/diwine.ee\/en\/wp-json\/wp\/v2\/types\/product"}],"version-history":[{"count":0,"href":"https:\/\/diwine.ee\/en\/wp-json\/wp\/v2\/product\/27907\/revisions"}],"wp:featuredmedia":[{"embeddable":true,"href":"https:\/\/diwine.ee\/en\/wp-json\/wp\/v2\/media\/27908"}],"wp:attachment":[{"href":"https:\/\/diwine.ee\/en\/wp-json\/wp\/v2\/media?parent=27907"}],"wp:term":[{"taxonomy":"product_brand","embeddable":true,"href":"https:\/\/diwine.ee\/en\/wp-json\/wp\/v2\/product_brand?post=27907"},{"taxonomy":"product_cat","embeddable":true,"href":"https:\/\/diwine.ee\/en\/wp-json\/wp\/v2\/product_cat?post=27907"},{"taxonomy":"product_tag","embeddable":true,"href":"https:\/\/diwine.ee\/en\/wp-json\/wp\/v2\/product_tag?post=27907"}],"curies":[{"name":"wp","href":"https:\/\/api.w.org\/{rel}","templated":true}]}}