{"id":27914,"date":"2025-07-03T19:44:11","date_gmt":"2025-07-03T16:44:11","guid":{"rendered":"https:\/\/diwine.ee\/?post_type=product&#038;p=27914"},"modified":"2026-04-14T12:38:42","modified_gmt":"2026-04-14T09:38:42","slug":"michel-genet-aop-champagne-mg-bb-spirit-nv","status":"publish","type":"product","link":"https:\/\/diwine.ee\/en\/product\/michel-genet-aop-champagne-mg-bb-spirit-nv\/","title":{"rendered":"Michel Genet Spirit Grand Cru &#8211; Brut"},"content":{"rendered":"<div data-elementor-type=\"wp-post\" data-elementor-id=\"27914\" class=\"elementor elementor-27914\">\n\t\t\t\t<div class=\"wd-negative-gap elementor-element elementor-element-b496628 e-grid e-con-boxed e-con e-parent\" data-id=\"b496628\" data-element_type=\"container\" data-e-type=\"container\">\n\t\t\t\t\t<div class=\"e-con-inner\">\n\t\t\t\t<div class=\"elementor-element elementor-element-aa23989 elementor-widget elementor-widget-wd_text_block\" data-id=\"aa23989\" data-element_type=\"widget\" data-e-type=\"widget\" data-widget_type=\"wd_text_block.default\">\n\t\t\t\t<div class=\"elementor-widget-container\">\n\t\t\t\t\t\t\t<div class=\"wd-text-block reset-last-child text-left\">\n\t\t\t\n\t\t\t<h3 class=\"cvGsUA direction-ltr align-justify para-style-body\"><span class=\"OYPEnA font-feature-liga-off font-feature-clig-off font-feature-calt-off text-decoration-none text-strikethrough-none\">Veini lugu:<\/span><\/h3><p data-start=\"263\" data-end=\"625\">MG BB Spirit on Champagne Michel Genet veinimaja ajalooline cuv\u00e9e \u2013 klassikaline <strong data-start=\"370\" data-end=\"399\">Blanc de Blancs Grand Cru <\/strong>\u0161ampanja, mis peegeldab veinimaja stiili k\u00f5ige puhtamal kujul. Viinamarjad p\u00e4rinevad ainult Grand Cru k\u00fclast <strong data-start=\"509\" data-end=\"521\">Chouilly<\/strong>, C\u00f4te des Blancs\u2019i kriidistelt n\u00f5lvadelt, mis on tuntud oma elegantse ja mineraalse Chardonnay poolest.<\/p><p data-start=\"627\" data-end=\"1107\">Michel Genet veinimaja on pereettev\u00f5te, mille juhid \u2013 Vincent, Agn\u00e8s ja Antoine Genet \u2013 peavad end uhkusega <em data-start=\"735\" data-end=\"766\">\u201cManufacteurs de Grands Crus\u201d<\/em>. Nad on isiklikult seotud iga tootmisetapiga, alates viinamarjade mahedast kasvatamisest kuni pikkade laagerdusaastateni keldris. Viinamarjakasvatus toimub j\u00e4tkusuutlikult, kasutades orgaanilisi v\u00e4etisi ja kemikaalivaba taimekaitset. Tulemuseks on Chardonnay viinamarjast valmistatud \u0161ampanjad, mis v\u00e4ljendavad kristallselgelt oma p\u00e4ritolu.<\/p><p class=\"cvGsUA direction-ltr align-justify para-style-body\"><span style=\"color: #1b1919; font-size: 22px;\">Veini valmistamine:<\/span><\/p><p data-start=\"1109\" data-end=\"1407\">MG BB Spirit on valmistatud <strong data-start=\"1181\" data-end=\"1200\">100% Chardonnay<\/strong> viinamarjadest. K\u00f5ik krundid vinifitseeritakse eraldi, et s\u00e4ilitada nende isikup\u00e4ra. Peale korjet viiakse l\u00e4bi <strong data-start=\"1312\" data-end=\"1356\">malolaktiline fermentatsioon p\u00e4rmisettel<\/strong>, mis lisab veinile kreemjat tekstuuri ja s\u00fcgavust.<\/p><p data-start=\"1409\" data-end=\"1793\">P\u00f5hivein koosneb mitme aastak\u00e4igu segust, milles on alati ka m\u00e4rkimisv\u00e4\u00e4rne osakaal reservveine. See tagab stiili j\u00e4rjepidevuse ning lisab veini keerukust. Enne pudeldamist toimub hoolikas segamine, millele j\u00e4rgneb pikk k\u00fcpsemine p\u00e4rmisettel traditsioonilise meetodi kohaselt. \u0160ampanja saab <strong data-start=\"1700\" data-end=\"1731\">Brut-tasemel dosage\u2019i 8 g\/l<\/strong>, mis annab ideaalse tasakaalu puuviljasuse ja v\u00e4rskuse vahel.<\/p>\n\t\t\t\t\t<\/div>\n\t\t\t\t\t\t<\/div>\n\t\t\t\t<\/div>\n\t\t\t\t<div class=\"elementor-element elementor-element-f22db15 elementor-widget elementor-widget-wd_text_block\" data-id=\"f22db15\" data-element_type=\"widget\" data-e-type=\"widget\" data-widget_type=\"wd_text_block.default\">\n\t\t\t\t<div class=\"elementor-widget-container\">\n\t\t\t\t\t\t\t<div class=\"wd-text-block reset-last-child text-left\">\n\t\t\t\n\t\t\t<h3 class=\"cvGsUA direction-ltr align-justify para-style-body\"><span class=\"OYPEnA font-feature-liga-off font-feature-clig-off font-feature-calt-off text-decoration-none text-strikethrough-none\">Maitsenoodid:<\/span><\/h3><p data-start=\"1795\" data-end=\"2140\">V\u00e4rvuselt kuldkollane, veidi merevaigune, viitab k\u00fcpsusele ja reservveinide olemasolule. Aroomis torkavad esile <strong data-start=\"1928\" data-end=\"2001\">v\u00e4rskelt k\u00fcpsetatud leib, sarvesai, mandlipasteet ja r\u00f6stitud p\u00e4hklid<\/strong> \u2013 selge m\u00e4rk pikast p\u00e4rmisettel laagerdumisest. \u00d5huga avanevad <strong data-start=\"2065\" data-end=\"2109\">tsitrusviljad (sidrun, mandariin, greip)<\/strong> ja peen v\u00fcrtsikas mineraalsus.<\/p><p data-start=\"2142\" data-end=\"2488\">Maitses on vein <strong data-start=\"2158\" data-end=\"2175\">elav ja t\u00e4pne<\/strong>, samas rikkalik \u2013 alguses v\u00e4rsked tsitrused ja kollased viljad, edasi brioche, r\u00f6stmandlid ja kerge soolakas mineraalsus. Keskmaitses avalduvad <strong data-start=\"2320\" data-end=\"2346\">kakao ja linaseemne\u00f5li<\/strong> n\u00fcansid, mis lisavad veini viimistletud, k\u00fcllusliku iseloomu. J\u00e4relmaitse on pikk, kihiline ja t\u00e4idlane, tasakaalustades k\u00fcpsuse ja v\u00e4rskuse.<\/p><h3 class=\"cvGsUA direction-ltr align-justify para-style-body\"><span class=\"OYPEnA font-feature-liga-off font-feature-clig-off font-feature-calt-off text-decoration-none text-strikethrough-none\">Toidusoovitus:<\/span><\/h3><p class=\"cvGsUA direction-ltr align-justify para-style-body\">MG BB Spirit sobib suurep\u00e4raselt <strong data-start=\"2546\" data-end=\"2562\">aperitiiviks<\/strong>, ent t\u00e4nu oma struktuurile ja rikkusele on ta t\u00f5eline <strong data-start=\"2617\" data-end=\"2630\">toiduvein<\/strong>. Ideaalne kaaslane <strong data-start=\"2650\" data-end=\"2718\">karpidele, k\u00fcpsetatud mereandidele ja v\u00f5is praetud kammkarpidele<\/strong>. \u0160ampanja r\u00f6stised ja tsitruselised n\u00fcansid toetavad ka <strong data-start=\"2775\" data-end=\"2794\">valgeid lihasid<\/strong>, n\u00e4iteks \u00fcrtidega r\u00f6stitud kana v\u00f5i vasikaliha. Samuti sobib see <strong data-start=\"2860\" data-end=\"2876\">seenetoitude<\/strong>, nagu metsaseenerisoto v\u00f5i tr\u00fchvliga brie, k\u00f5rvale. Aasiap\u00e4rased kergelt v\u00fcrtsikad road (nt sidrunheina ja ingveriga kala) saavad veini tsitruselisest v\u00e4rskusest veelgi hoogu. Juustudest soovitame <strong data-start=\"3074\" data-end=\"3115\">valgehallitusjuuste (Brie, Camembert)<\/strong> v\u00f5i vanemaid k\u00f5vajuuste, nagu <strong data-start=\"3146\" data-end=\"3167\">Comt\u00e9 v\u00f5i Gruy\u00e8re<\/strong>.<\/p>\n\t\t\t\t\t<\/div>\n\t\t\t\t\t\t<\/div>\n\t\t\t\t<\/div>\n\t\t\t\t<div class=\"elementor-element elementor-element-79dff25 elementor-widget elementor-widget-wd_text_block\" data-id=\"79dff25\" data-element_type=\"widget\" data-e-type=\"widget\" data-widget_type=\"wd_text_block.default\">\n\t\t\t\t<div class=\"elementor-widget-container\">\n\t\t\t\t\t\t\t<div class=\"wd-text-block reset-last-child text-left\">\n\t\t\t\n\t\t\t<h3 class=\"cvGsUA direction-ltr align-justify para-style-body\"><span class=\"OYPEnA font-feature-liga-off font-feature-clig-off font-feature-calt-off text-decoration-none text-strikethrough-none\">S\u00e4ilitamispotentsiaal:<\/span><\/h3><p data-start=\"30\" data-end=\"380\">T\u00e4nu Chardonnay elegantsile, Grand Cru p\u00e4ritolule ja balansseeritud dosage\u2019ile sobib see \u0161ampanja joomiseks kohe, aga areneb h\u00e4sti veel <strong data-start=\"3914\" data-end=\"3956\">5\u20136 aasta jooksul peale degorgeerimist<\/strong>. Aja jooksul muutub mull veelgi pehmemaks, maitses lisanduvad r\u00f6stitud p\u00e4hklid, mesi ja kuivatatud puuviljad, ent s\u00e4ilib mineraalne selgroog ja v\u00e4rskus. Soovitame juua <strong data-start=\"4125\" data-end=\"4138\">2024\u20132029<\/strong>, ent h\u00e4sti hoitud pudel v\u00f5ib ka 2030. aastani areneda.<\/p><h3 class=\"cvGsUA direction-ltr align-justify para-style-body\"><span class=\"OYPEnA font-feature-liga-off font-feature-clig-off font-feature-calt-off text-decoration-none text-strikethrough-none\">Hinnangud &amp; tunnustused:<\/span><\/h3><p>MG BB Spirit on Michel Genet veinimaja <strong data-start=\"3241\" data-end=\"3283\">ajalooline ja k\u00f5ige esinduslikum cuv\u00e9e<\/strong>, mida hinnatakse kogu veinimaja stiili kehastajana. Kuigi tegu on v\u00e4ikese kasvatajast tootjaga (r\u00e9coltant-manipulant), p\u00e4lvib see \u0161ampanja kiitust nii professionaalidelt kui veinis\u00f5pradelt. Vein on saanud <strong data-start=\"3489\" data-end=\"3520\">91\u201392 punktiseid hinnanguid<\/strong> CellarTrackeris ja Vivinos, kus kiidetakse selle <strong data-start=\"3570\" data-end=\"3624\">elegantsi, k\u00fcpsust ja puuvilja-mineraali tasakaalu<\/strong>. Samuti on Michel Genet veinid saanud mitmeid rahvusvahelisi auhindu, sh <strong data-start=\"3698\" data-end=\"3712\">Grand Gold<\/strong> Concours Mondial de Bruxelles\u2019il.<\/p>\n\t\t\t\t\t<\/div>\n\t\t\t\t\t\t<\/div>\n\t\t\t\t<\/div>\n\t\t\t\t\t<\/div>\n\t\t\t\t<\/div>\n\t\t\t\t<\/div>","protected":false},"excerpt":{"rendered":"<p>Struktuurne ja elegantne Grand Cru Blanc de Blancs \u0161ampanja, k\u00fcpsete tsitruste, brioche\u2019i ja mineraalsusega. Klassikaline Brut-stiil, 8 g\/l dosage, sobib suurep\u00e4raselt toiduga nautimiseks.<\/p>","protected":false},"featured_media":29739,"template":"","meta":[],"product_brand":[158],"product_cat":[188,29,93],"product_tag":[],"class_list":{"0":"post-27914","1":"product","2":"type-product","3":"status-publish","4":"has-post-thumbnail","6":"product_brand-michel-genet","7":"product_cat-aasta-vein-2026","8":"product_cat-koik-tooted","9":"product_cat-sampanja","10":"pa_piirkond-champagne","11":"pa_viinamarjasort-chardonnay","13":"first","14":"instock","15":"sale","16":"featured","17":"taxable","18":"shipping-taxable","19":"purchasable","20":"product-type-simple"},"yoast_head":"<!-- This site is optimized with the Yoast SEO plugin v27.4 - https:\/\/yoast.com\/product\/yoast-seo-wordpress\/ -->\n<title>Michel Genet Spirit Grand Cru - Brut - diWine &ndash; Premium kvaliteetveinid &uuml;le maailma | Eesti veinipood<\/title>\n<meta name=\"robots\" content=\"index, follow, max-snippet:-1, max-image-preview:large, max-video-preview:-1\" \/>\n<link rel=\"canonical\" href=\"https:\/\/diwine.ee\/en\/product\/michel-genet-aop-champagne-mg-bb-spirit-nv\/\" \/>\n<meta property=\"og:locale\" content=\"en_GB\" \/>\n<meta property=\"og:type\" content=\"article\" \/>\n<meta property=\"og:title\" content=\"Michel Genet Spirit Grand Cru - Brut - diWine &ndash; Premium kvaliteetveinid &uuml;le maailma | Eesti veinipood\" \/>\n<meta property=\"og:description\" content=\"Struktuurne ja elegantne Grand Cru Blanc de Blancs \u0161ampanja, k\u00fcpsete tsitruste, brioche\u2019i ja mineraalsusega. Klassikaline Brut-stiil, 8 g\/l dosage, sobib suurep\u00e4raselt toiduga nautimiseks.\" \/>\n<meta property=\"og:url\" content=\"https:\/\/diwine.ee\/en\/product\/michel-genet-aop-champagne-mg-bb-spirit-nv\/\" \/>\n<meta property=\"og:site_name\" content=\"diWine &ndash; Premium kvaliteetveinid &uuml;le maailma | Eesti veinipood\" \/>\n<meta property=\"article:publisher\" content=\"https:\/\/www.facebook.com\/profile.php?id=61573862347231\" \/>\n<meta property=\"article:modified_time\" content=\"2026-04-14T09:38:42+00:00\" \/>\n<meta property=\"og:image\" content=\"https:\/\/diwine.ee\/wp-content\/uploads\/2025\/07\/MG-spirit-silver.png\" \/>\n\t<meta property=\"og:image:width\" content=\"800\" \/>\n\t<meta property=\"og:image:height\" content=\"800\" \/>\n\t<meta property=\"og:image:type\" content=\"image\/png\" \/>\n<meta name=\"twitter:card\" content=\"summary_large_image\" \/>\n<meta name=\"twitter:label1\" content=\"Estimated reading time\" \/>\n\t<meta name=\"twitter:data1\" content=\"3 minutes\" \/>\n<script type=\"application\/ld+json\" class=\"yoast-schema-graph\">{\"@context\":\"https:\\\/\\\/schema.org\",\"@graph\":[{\"@type\":\"WebPage\",\"@id\":\"https:\\\/\\\/diwine.ee\\\/product\\\/michel-genet-aop-champagne-mg-bb-spirit-nv\\\/\",\"url\":\"https:\\\/\\\/diwine.ee\\\/product\\\/michel-genet-aop-champagne-mg-bb-spirit-nv\\\/\",\"name\":\"Michel Genet Spirit Grand Cru - Brut - diWine &ndash; Premium kvaliteetveinid &uuml;le maailma | Eesti veinipood\",\"isPartOf\":{\"@id\":\"https:\\\/\\\/diwine.ee\\\/#website\"},\"primaryImageOfPage\":{\"@id\":\"https:\\\/\\\/diwine.ee\\\/product\\\/michel-genet-aop-champagne-mg-bb-spirit-nv\\\/#primaryimage\"},\"image\":{\"@id\":\"https:\\\/\\\/diwine.ee\\\/product\\\/michel-genet-aop-champagne-mg-bb-spirit-nv\\\/#primaryimage\"},\"thumbnailUrl\":\"https:\\\/\\\/diwine.ee\\\/wp-content\\\/uploads\\\/2025\\\/07\\\/MG-spirit-silver.png\",\"datePublished\":\"2025-07-03T16:44:11+00:00\",\"dateModified\":\"2026-04-14T09:38:42+00:00\",\"breadcrumb\":{\"@id\":\"https:\\\/\\\/diwine.ee\\\/product\\\/michel-genet-aop-champagne-mg-bb-spirit-nv\\\/#breadcrumb\"},\"inLanguage\":\"en-GB\",\"potentialAction\":[{\"@type\":\"ReadAction\",\"target\":[\"https:\\\/\\\/diwine.ee\\\/product\\\/michel-genet-aop-champagne-mg-bb-spirit-nv\\\/\"]}]},{\"@type\":\"ImageObject\",\"inLanguage\":\"en-GB\",\"@id\":\"https:\\\/\\\/diwine.ee\\\/product\\\/michel-genet-aop-champagne-mg-bb-spirit-nv\\\/#primaryimage\",\"url\":\"https:\\\/\\\/diwine.ee\\\/wp-content\\\/uploads\\\/2025\\\/07\\\/MG-spirit-silver.png\",\"contentUrl\":\"https:\\\/\\\/diwine.ee\\\/wp-content\\\/uploads\\\/2025\\\/07\\\/MG-spirit-silver.png\",\"width\":800,\"height\":800},{\"@type\":\"BreadcrumbList\",\"@id\":\"https:\\\/\\\/diwine.ee\\\/product\\\/michel-genet-aop-champagne-mg-bb-spirit-nv\\\/#breadcrumb\",\"itemListElement\":[{\"@type\":\"ListItem\",\"position\":1,\"name\":\"Home\",\"item\":\"https:\\\/\\\/diwine.ee\\\/\"},{\"@type\":\"ListItem\",\"position\":2,\"name\":\"e-pood\",\"item\":\"https:\\\/\\\/diwine.ee\\\/tooted\\\/\"},{\"@type\":\"ListItem\",\"position\":3,\"name\":\"Michel Genet Spirit Grand Cru &#8211; Brut\"}]},{\"@type\":\"WebSite\",\"@id\":\"https:\\\/\\\/diwine.ee\\\/#website\",\"url\":\"https:\\\/\\\/diwine.ee\\\/\",\"name\":\"diWine \u2013 Premium kvaliteetveinid \u00fcle maailma | Eesti veinipood\",\"description\":\"Avasta diWine&#039;i hoolikalt valitud kvaliteetveinid maailma tippveinipiirkondadest. Eksklusiivsed punaveinid, valged veinid, vahuveinid ja eriveinid sinu erilisteks hetkedeks.\",\"publisher\":{\"@id\":\"https:\\\/\\\/diwine.ee\\\/#organization\"},\"potentialAction\":[{\"@type\":\"SearchAction\",\"target\":{\"@type\":\"EntryPoint\",\"urlTemplate\":\"https:\\\/\\\/diwine.ee\\\/?s={search_term_string}\"},\"query-input\":{\"@type\":\"PropertyValueSpecification\",\"valueRequired\":true,\"valueName\":\"search_term_string\"}}],\"inLanguage\":\"en-GB\"},{\"@type\":\"Organization\",\"@id\":\"https:\\\/\\\/diwine.ee\\\/#organization\",\"name\":\"diWine veinipood\",\"url\":\"https:\\\/\\\/diwine.ee\\\/\",\"logo\":{\"@type\":\"ImageObject\",\"inLanguage\":\"en-GB\",\"@id\":\"https:\\\/\\\/diwine.ee\\\/#\\\/schema\\\/logo\\\/image\\\/\",\"url\":\"https:\\\/\\\/diwine.ee\\\/wp-content\\\/uploads\\\/2025\\\/04\\\/diWine-1080-x-1080-px.png\",\"contentUrl\":\"https:\\\/\\\/diwine.ee\\\/wp-content\\\/uploads\\\/2025\\\/04\\\/diWine-1080-x-1080-px.png\",\"width\":1080,\"height\":1080,\"caption\":\"diWine veinipood\"},\"image\":{\"@id\":\"https:\\\/\\\/diwine.ee\\\/#\\\/schema\\\/logo\\\/image\\\/\"},\"sameAs\":[\"https:\\\/\\\/www.facebook.com\\\/profile.php?id=61573862347231\",\"https:\\\/\\\/www.instagram.com\\\/diwine.ee\"]}]}<\/script>\n<!-- \/ Yoast SEO plugin. -->","yoast_head_json":{"title":"Michel Genet Spirit Grand Cru - Brut - diWine &ndash; Premium kvaliteetveinid &uuml;le maailma | Eesti veinipood","robots":{"index":"index","follow":"follow","max-snippet":"max-snippet:-1","max-image-preview":"max-image-preview:large","max-video-preview":"max-video-preview:-1"},"canonical":"https:\/\/diwine.ee\/en\/product\/michel-genet-aop-champagne-mg-bb-spirit-nv\/","og_locale":"en_GB","og_type":"article","og_title":"Michel Genet Spirit Grand Cru - Brut - diWine &ndash; Premium kvaliteetveinid &uuml;le maailma | Eesti veinipood","og_description":"Struktuurne ja elegantne Grand Cru Blanc de Blancs \u0161ampanja, k\u00fcpsete tsitruste, brioche\u2019i ja mineraalsusega. Klassikaline Brut-stiil, 8 g\/l dosage, sobib suurep\u00e4raselt toiduga nautimiseks.","og_url":"https:\/\/diwine.ee\/en\/product\/michel-genet-aop-champagne-mg-bb-spirit-nv\/","og_site_name":"diWine &ndash; Premium kvaliteetveinid &uuml;le maailma | Eesti veinipood","article_publisher":"https:\/\/www.facebook.com\/profile.php?id=61573862347231","article_modified_time":"2026-04-14T09:38:42+00:00","og_image":[{"width":800,"height":800,"url":"https:\/\/diwine.ee\/wp-content\/uploads\/2025\/07\/MG-spirit-silver.png","type":"image\/png"}],"twitter_card":"summary_large_image","twitter_misc":{"Estimated reading time":"3 minutes"},"schema":{"@context":"https:\/\/schema.org","@graph":[{"@type":"WebPage","@id":"https:\/\/diwine.ee\/product\/michel-genet-aop-champagne-mg-bb-spirit-nv\/","url":"https:\/\/diwine.ee\/product\/michel-genet-aop-champagne-mg-bb-spirit-nv\/","name":"Michel Genet Spirit Grand Cru - Brut - diWine &ndash; Premium kvaliteetveinid &uuml;le maailma | Eesti veinipood","isPartOf":{"@id":"https:\/\/diwine.ee\/#website"},"primaryImageOfPage":{"@id":"https:\/\/diwine.ee\/product\/michel-genet-aop-champagne-mg-bb-spirit-nv\/#primaryimage"},"image":{"@id":"https:\/\/diwine.ee\/product\/michel-genet-aop-champagne-mg-bb-spirit-nv\/#primaryimage"},"thumbnailUrl":"https:\/\/diwine.ee\/wp-content\/uploads\/2025\/07\/MG-spirit-silver.png","datePublished":"2025-07-03T16:44:11+00:00","dateModified":"2026-04-14T09:38:42+00:00","breadcrumb":{"@id":"https:\/\/diwine.ee\/product\/michel-genet-aop-champagne-mg-bb-spirit-nv\/#breadcrumb"},"inLanguage":"en-GB","potentialAction":[{"@type":"ReadAction","target":["https:\/\/diwine.ee\/product\/michel-genet-aop-champagne-mg-bb-spirit-nv\/"]}]},{"@type":"ImageObject","inLanguage":"en-GB","@id":"https:\/\/diwine.ee\/product\/michel-genet-aop-champagne-mg-bb-spirit-nv\/#primaryimage","url":"https:\/\/diwine.ee\/wp-content\/uploads\/2025\/07\/MG-spirit-silver.png","contentUrl":"https:\/\/diwine.ee\/wp-content\/uploads\/2025\/07\/MG-spirit-silver.png","width":800,"height":800},{"@type":"BreadcrumbList","@id":"https:\/\/diwine.ee\/product\/michel-genet-aop-champagne-mg-bb-spirit-nv\/#breadcrumb","itemListElement":[{"@type":"ListItem","position":1,"name":"Home","item":"https:\/\/diwine.ee\/"},{"@type":"ListItem","position":2,"name":"e-pood","item":"https:\/\/diwine.ee\/tooted\/"},{"@type":"ListItem","position":3,"name":"Michel Genet Spirit Grand Cru &#8211; Brut"}]},{"@type":"WebSite","@id":"https:\/\/diwine.ee\/#website","url":"https:\/\/diwine.ee\/","name":"diWine \u2013 Premium kvaliteetveinid \u00fcle maailma | Eesti veinipood","description":"Avasta diWine&#039;i hoolikalt valitud kvaliteetveinid maailma tippveinipiirkondadest. Eksklusiivsed punaveinid, valged veinid, vahuveinid ja eriveinid sinu erilisteks hetkedeks.","publisher":{"@id":"https:\/\/diwine.ee\/#organization"},"potentialAction":[{"@type":"SearchAction","target":{"@type":"EntryPoint","urlTemplate":"https:\/\/diwine.ee\/?s={search_term_string}"},"query-input":{"@type":"PropertyValueSpecification","valueRequired":true,"valueName":"search_term_string"}}],"inLanguage":"en-GB"},{"@type":"Organization","@id":"https:\/\/diwine.ee\/#organization","name":"diWine veinipood","url":"https:\/\/diwine.ee\/","logo":{"@type":"ImageObject","inLanguage":"en-GB","@id":"https:\/\/diwine.ee\/#\/schema\/logo\/image\/","url":"https:\/\/diwine.ee\/wp-content\/uploads\/2025\/04\/diWine-1080-x-1080-px.png","contentUrl":"https:\/\/diwine.ee\/wp-content\/uploads\/2025\/04\/diWine-1080-x-1080-px.png","width":1080,"height":1080,"caption":"diWine veinipood"},"image":{"@id":"https:\/\/diwine.ee\/#\/schema\/logo\/image\/"},"sameAs":["https:\/\/www.facebook.com\/profile.php?id=61573862347231","https:\/\/www.instagram.com\/diwine.ee"]}]}},"jetpack_sharing_enabled":true,"_links":{"self":[{"href":"https:\/\/diwine.ee\/en\/wp-json\/wp\/v2\/product\/27914","targetHints":{"allow":["GET"]}}],"collection":[{"href":"https:\/\/diwine.ee\/en\/wp-json\/wp\/v2\/product"}],"about":[{"href":"https:\/\/diwine.ee\/en\/wp-json\/wp\/v2\/types\/product"}],"version-history":[{"count":1,"href":"https:\/\/diwine.ee\/en\/wp-json\/wp\/v2\/product\/27914\/revisions"}],"predecessor-version":[{"id":29723,"href":"https:\/\/diwine.ee\/en\/wp-json\/wp\/v2\/product\/27914\/revisions\/29723"}],"wp:featuredmedia":[{"embeddable":true,"href":"https:\/\/diwine.ee\/en\/wp-json\/wp\/v2\/media\/29739"}],"wp:attachment":[{"href":"https:\/\/diwine.ee\/en\/wp-json\/wp\/v2\/media?parent=27914"}],"wp:term":[{"taxonomy":"product_brand","embeddable":true,"href":"https:\/\/diwine.ee\/en\/wp-json\/wp\/v2\/product_brand?post=27914"},{"taxonomy":"product_cat","embeddable":true,"href":"https:\/\/diwine.ee\/en\/wp-json\/wp\/v2\/product_cat?post=27914"},{"taxonomy":"product_tag","embeddable":true,"href":"https:\/\/diwine.ee\/en\/wp-json\/wp\/v2\/product_tag?post=27914"}],"curies":[{"name":"wp","href":"https:\/\/api.w.org\/{rel}","templated":true}]}}