{"id":27922,"date":"2025-07-03T19:51:44","date_gmt":"2025-07-03T16:51:44","guid":{"rendered":"https:\/\/diwine.ee\/?post_type=product&#038;p=27922"},"modified":"2026-01-27T20:57:46","modified_gmt":"2026-01-27T18:57:46","slug":"fleuriet-cote-de-marloup-2023","status":"publish","type":"product","link":"https:\/\/diwine.ee\/en\/product\/fleuriet-cote-de-marloup-2023\/","title":{"rendered":"Fleuriet AOP Sancerre Blanc \u201cC\u00f4te de Marloup\u201d 2023"},"content":{"rendered":"<div data-elementor-type=\"wp-post\" data-elementor-id=\"27922\" class=\"elementor elementor-27922\">\n\t\t\t\t<div class=\"wd-negative-gap elementor-element elementor-element-b496628 e-grid e-con-boxed e-con e-parent\" data-id=\"b496628\" data-element_type=\"container\" data-e-type=\"container\">\n\t\t\t\t\t<div class=\"e-con-inner\">\n\t\t\t\t<div class=\"elementor-element elementor-element-aa23989 elementor-widget elementor-widget-wd_text_block\" data-id=\"aa23989\" data-element_type=\"widget\" data-e-type=\"widget\" data-widget_type=\"wd_text_block.default\">\n\t\t\t\t<div class=\"elementor-widget-container\">\n\t\t\t\t\t\t\t<div class=\"wd-text-block reset-last-child text-left\">\n\t\t\t\n\t\t\t<h3 class=\"cvGsUA direction-ltr align-justify para-style-body\"><span class=\"OYPEnA font-feature-liga-off font-feature-clig-off font-feature-calt-off text-decoration-none text-strikethrough-none\">Veini lugu:<\/span><\/h3><p data-start=\"264\" data-end=\"682\">C\u00f4te de Marloup on Domaine Bernard Fleuriet &amp; Fils\u2019i \u00fcks hinnatumaid ja isikup\u00e4rasemaid Sancerre valgeid veine. Veinimaja asutas Bernard Fleuriet 1991. aastal ning t\u00e4naseks juhivad seda tema pojad Beno\u00eet ja Mathieu. Nad on \u00fched piirkonna silmapaistvamad biod\u00fcnaamilised tootjad \u2013 nende viinamarjakasvatus on <strong data-start=\"598\" data-end=\"642\">sertifitseeritud nii mahep\u00f5llunduse (AB)<\/strong> kui ka <strong data-start=\"650\" data-end=\"674\">Demeter biod\u00fcnaamika<\/strong> j\u00e4rgi.<\/p><p data-start=\"684\" data-end=\"1053\">C\u00f4te de Marloup on <strong data-start=\"703\" data-end=\"741\">\u00fcksik parsel Chavignol\u2019i k\u00fclje all<\/strong>, millel asuvad veinimaja esimesed istandused \u2013 viinapuud istutati 1991. aastal. Tegemist on <strong data-start=\"834\" data-end=\"857\">l\u00f5unapoolse n\u00f5lvaga<\/strong>, mille muld koosneb madalast lubjarikkast savist (<em data-start=\"908\" data-end=\"925\">Terres Blanches<\/em>) ning ainult 10 cm pinnase all paljastub juba kriit \u2013 ideaalne Sauvignon Blanc\u2019le, et arendada k\u00fcpsust, pinget ja mineraalsust.<\/p><p class=\"cvGsUA direction-ltr align-justify para-style-body\"><span style=\"color: #1b1919; font-size: 22px;\">Veini valmistamine:<\/span><\/p><p data-start=\"1055\" data-end=\"1510\">Viinamarjad korjatakse <strong data-start=\"1122\" data-end=\"1144\">t\u00e4ielikult k\u00e4sitsi<\/strong>, umbes 70-liikmelise koristusmeeskonna poolt. K\u00f5ik kobarad sorteeritakse kohapeal ning transporditakse \u00f5rnalt purustamata keldrisse. Seal kasutatakse <strong data-start=\"1295\" data-end=\"1326\">gravitatsioonilist s\u00fcsteemi<\/strong>, kus pneumopressid asuvad tankidest k\u00f5rgemal \u2013 mahla liikumine toimub ilma pumpamiseta ning <strong data-start=\"1419\" data-end=\"1474\">inertgaaside abil kaitstakse see oks\u00fcdeerumise eest<\/strong>. Sulfitit ei lisata enne villimist.<\/p><p data-start=\"1512\" data-end=\"1892\">Fermentatsioon ja laagerdumine toimuvad <strong data-start=\"1552\" data-end=\"1583\">munakujulistes betoonanumas<\/strong>, mis t\u00e4nu oma paksule struktuurile lubavad veinil areneda looduslikul moel. <strong data-start=\"1660\" data-end=\"1703\">Laagerdumine toimub 12 kuud p\u00e4rmisettel<\/strong>, mis annab veinile s\u00fcgavust ja kreemjat tekstuuri, s\u00e4ilitades samas v\u00e4rskuse ja mineraalsuse. Vein valmib ilma tammevaadi m\u00f5juta \u2013 kogu fookus on puhtal terroir\u2019il ja viinamarja iseloomul.<\/p>\n\t\t\t\t\t<\/div>\n\t\t\t\t\t\t<\/div>\n\t\t\t\t<\/div>\n\t\t\t\t<div class=\"elementor-element elementor-element-f22db15 elementor-widget elementor-widget-wd_text_block\" data-id=\"f22db15\" data-element_type=\"widget\" data-e-type=\"widget\" data-widget_type=\"wd_text_block.default\">\n\t\t\t\t<div class=\"elementor-widget-container\">\n\t\t\t\t\t\t\t<div class=\"wd-text-block reset-last-child text-left\">\n\t\t\t\n\t\t\t<h3 class=\"cvGsUA direction-ltr align-justify para-style-body\"><span class=\"OYPEnA font-feature-liga-off font-feature-clig-off font-feature-calt-off text-decoration-none text-strikethrough-none\">Maitsenoodid:<\/span><\/h3><p data-start=\"1894\" data-end=\"2164\">Klaasis on vein helekollane roheka helgiga. Aroomis avalduvad <strong data-start=\"1977\" data-end=\"2056\">valged lilled (n\u00f5mm-liivatee, akaatsia), pirn, kollane \u00f5un ja kerge tsitrus<\/strong>. Taustal tunda <strong data-start=\"2072\" data-end=\"2126\">m\u00e4rga kivi, kriiti ja kerget soolakat mineraalsust<\/strong> \u2013 selge viide lubjarikkale pinnasele.<\/p><p data-start=\"2166\" data-end=\"2565\">Maitses on vein <strong data-start=\"2182\" data-end=\"2226\">keskmise t\u00e4idlusega, tekstuurne ja t\u00e4pne<\/strong>. Algus toob esile mahlaka pirni, virsiku ja sidrunikoore, mida toetab v\u00e4rske happesus ja struktuurne mineraalsus. T\u00e4nu betoonmunas toimunud laagerdumisele on suus tunne \u00fcmar ja kreemjas, ent s\u00e4ilitab teravuse. J\u00e4relmaitses j\u00e4\u00e4vad kestma <strong data-start=\"2464\" data-end=\"2508\">greibi, valge virsiku ja kivine soolakus<\/strong>, mis teevad veinist \u00fche s\u00e4ravaima Sancerre\u2019i v\u00e4ljenduse.<\/p><h3 class=\"cvGsUA direction-ltr align-justify para-style-body\"><span class=\"OYPEnA font-feature-liga-off font-feature-clig-off font-feature-calt-off text-decoration-none text-strikethrough-none\">Toidusoovitus:<\/span><\/h3><p class=\"cvGsUA direction-ltr align-justify para-style-body\">C\u00f4te de Marloup sobib ideaalselt <strong data-start=\"2623\" data-end=\"2637\">mereandide<\/strong>, <strong data-start=\"2639\" data-end=\"2653\">valge kala<\/strong> ja <strong data-start=\"2657\" data-end=\"2681\">v\u00e4rske kitsejuustuga<\/strong> (nt Crottin de Chavignol). Proovi seda <strong data-start=\"2721\" data-end=\"2763\">austrite, tartari, ceviche v\u00f5i sushiga<\/strong> \u2013 veini mineraalsus ja happesus t\u00f5stab esile mereandide puhtuse. Samuti suurep\u00e4rane koos <strong data-start=\"2853\" data-end=\"2890\">kana v\u00f5i kalkuniga valges kastmes<\/strong>, <strong data-start=\"2892\" data-end=\"2913\">grillitud forelli<\/strong>, <strong data-start=\"2915\" data-end=\"2936\">kitsejuustusalati<\/strong>, v\u00f5i <strong data-start=\"2942\" data-end=\"2985\">v\u00e4rske \u00fcrdikastmega k\u00f6\u00f6giviljaroogadega<\/strong>. T\u00e4nu oma elegantsile t\u00f6\u00f6tab see vein ka <strong data-start=\"3027\" data-end=\"3063\">taimetoidu ja peente esmak\u00e4ikude<\/strong> juures. Serveerida 10\u201312 \u00b0C juures.<\/p>\n\t\t\t\t\t<\/div>\n\t\t\t\t\t\t<\/div>\n\t\t\t\t<\/div>\n\t\t\t\t<div class=\"elementor-element elementor-element-79dff25 elementor-widget elementor-widget-wd_text_block\" data-id=\"79dff25\" data-element_type=\"widget\" data-e-type=\"widget\" data-widget_type=\"wd_text_block.default\">\n\t\t\t\t<div class=\"elementor-widget-container\">\n\t\t\t\t\t\t\t<div class=\"wd-text-block reset-last-child text-left\">\n\t\t\t\n\t\t\t<h3 class=\"cvGsUA direction-ltr align-justify para-style-body\"><span class=\"OYPEnA font-feature-liga-off font-feature-clig-off font-feature-calt-off text-decoration-none text-strikethrough-none\">S\u00e4ilitamispotentsiaal:<\/span><\/h3><p data-start=\"30\" data-end=\"380\">Kuigi vein on nauditav kohe, on sellel <strong data-start=\"3673\" data-end=\"3721\">v\u00e4ga hea arengupotentsiaal 5\u20138 aasta jooksul<\/strong>. Esimesel paaril aastal (2024\u20132026) domineerivad v\u00e4rsked lillelised ja puuviljased noodid, edasi arenevad juurde <strong data-start=\"3835\" data-end=\"3896\">kriidine s\u00fcgavus, mesine \u00fcmarus ja tr\u00fchvli-sarnane n\u00fcanss<\/strong>. 2028\u20132030 on vein oma k\u00fcpsuse tipul. Sobib h\u00e4sti ka keldrisse s\u00e4ilitamiseks.<\/p><h3 class=\"cvGsUA direction-ltr align-justify para-style-body\"><span class=\"OYPEnA font-feature-liga-off font-feature-clig-off font-feature-calt-off text-decoration-none text-strikethrough-none\">Hinnangud &amp; tunnustused:<\/span><\/h3><p>Jamie Goode (Wine Anorak) hindas <strong data-start=\"3166\" data-end=\"3181\">2022. aasta<\/strong> aastak\u00e4igu C\u00f4te de Marloupi <strong data-start=\"3210\" data-end=\"3225\">95 punktiga<\/strong>, nimetades seda <em data-start=\"3242\" data-end=\"3327\">\u201et\u00e4iuslikult tekstuurseks veiniks, millel on puuvilja s\u00fcgavus ja selge mineraalsus\u201c<\/em>. 2016. aasta vein p\u00fcsis v\u00e4rske ja tasakaalus veel 7 aastat hiljem, mis t\u00f5estab selle cuv\u00e9e suurep\u00e4rast arengupotentsiaali. Veinimaja on p\u00e4lvinud tunnustust ka <em data-start=\"3487\" data-end=\"3516\">Guide Hachette des Vins\u2019ilt<\/em> ning on tunnustatud biod\u00fcnaamilise t\u00f6\u00f6 ja Sancerre\u2019i terroir\u2019i peene t\u00f5lgenduse eest.<\/p>\n\t\t\t\t\t<\/div>\n\t\t\t\t\t\t<\/div>\n\t\t\t\t<\/div>\n\t\t\t\t\t<\/div>\n\t\t\t\t<\/div>\n\t\t\t\t<\/div>","protected":false},"excerpt":{"rendered":"<p>\u00dche krundi biod\u00fcnaamiline Sancerre valge, millel on k\u00fcps pirn, tsitrus, kriidine mineraalsus ja tekstuurne tasakaal. Fermenteeritud ja laagerdunud 12 kuud betoonmunas.<\/p>","protected":false},"featured_media":27923,"template":"","meta":[],"product_brand":[159],"product_cat":[29,92],"product_tag":[],"class_list":{"0":"post-27922","1":"product","2":"type-product","3":"status-publish","4":"has-post-thumbnail","6":"product_brand-domaine-bernard-fleuriet-fils","7":"product_cat-koik-tooted","8":"product_cat-valge-vein","9":"pa_piirkond-sancerre","10":"pa_viinamarjasort-sauvignon-blanc","12":"first","13":"outofstock","14":"featured","15":"taxable","16":"shipping-taxable","17":"purchasable","18":"product-type-simple"},"yoast_head":"<!-- This site is optimized with the Yoast SEO plugin v27.4 - https:\/\/yoast.com\/product\/yoast-seo-wordpress\/ -->\n<title>Fleuriet AOP Sancerre Blanc \u201cC\u00f4te de Marloup\u201d 2023 - diWine &ndash; Premium kvaliteetveinid &uuml;le maailma | Eesti veinipood<\/title>\n<meta name=\"robots\" content=\"index, follow, max-snippet:-1, max-image-preview:large, max-video-preview:-1\" \/>\n<link rel=\"canonical\" href=\"https:\/\/diwine.ee\/en\/product\/fleuriet-cote-de-marloup-2023\/\" \/>\n<meta property=\"og:locale\" content=\"en_GB\" \/>\n<meta property=\"og:type\" content=\"article\" \/>\n<meta property=\"og:title\" content=\"Fleuriet AOP Sancerre Blanc \u201cC\u00f4te de Marloup\u201d 2023 - diWine &ndash; Premium kvaliteetveinid &uuml;le maailma | Eesti veinipood\" \/>\n<meta property=\"og:description\" content=\"\u00dche krundi biod\u00fcnaamiline Sancerre valge, millel on k\u00fcps pirn, tsitrus, kriidine mineraalsus ja tekstuurne tasakaal. Fermenteeritud ja laagerdunud 12 kuud betoonmunas.\" \/>\n<meta property=\"og:url\" content=\"https:\/\/diwine.ee\/en\/product\/fleuriet-cote-de-marloup-2023\/\" \/>\n<meta property=\"og:site_name\" content=\"diWine &ndash; Premium kvaliteetveinid &uuml;le maailma | Eesti veinipood\" \/>\n<meta property=\"article:publisher\" content=\"https:\/\/www.facebook.com\/profile.php?id=61573862347231\" \/>\n<meta property=\"article:modified_time\" content=\"2026-01-27T18:57:46+00:00\" \/>\n<meta property=\"og:image\" content=\"https:\/\/diwine.ee\/wp-content\/uploads\/2025\/07\/Cote-de-Marloup-2023.png\" \/>\n\t<meta property=\"og:image:width\" content=\"800\" \/>\n\t<meta property=\"og:image:height\" content=\"800\" \/>\n\t<meta property=\"og:image:type\" content=\"image\/png\" \/>\n<meta name=\"twitter:card\" content=\"summary_large_image\" \/>\n<meta name=\"twitter:label1\" content=\"Estimated reading time\" \/>\n\t<meta name=\"twitter:data1\" content=\"3 minutes\" \/>\n<script type=\"application\/ld+json\" class=\"yoast-schema-graph\">{\"@context\":\"https:\\\/\\\/schema.org\",\"@graph\":[{\"@type\":\"WebPage\",\"@id\":\"https:\\\/\\\/diwine.ee\\\/product\\\/fleuriet-cote-de-marloup-2023\\\/\",\"url\":\"https:\\\/\\\/diwine.ee\\\/product\\\/fleuriet-cote-de-marloup-2023\\\/\",\"name\":\"Fleuriet AOP Sancerre Blanc \u201cC\u00f4te de Marloup\u201d 2023 - diWine &ndash; Premium kvaliteetveinid &uuml;le maailma | Eesti veinipood\",\"isPartOf\":{\"@id\":\"https:\\\/\\\/diwine.ee\\\/#website\"},\"primaryImageOfPage\":{\"@id\":\"https:\\\/\\\/diwine.ee\\\/product\\\/fleuriet-cote-de-marloup-2023\\\/#primaryimage\"},\"image\":{\"@id\":\"https:\\\/\\\/diwine.ee\\\/product\\\/fleuriet-cote-de-marloup-2023\\\/#primaryimage\"},\"thumbnailUrl\":\"https:\\\/\\\/diwine.ee\\\/wp-content\\\/uploads\\\/2025\\\/07\\\/Cote-de-Marloup-2023.png\",\"datePublished\":\"2025-07-03T16:51:44+00:00\",\"dateModified\":\"2026-01-27T18:57:46+00:00\",\"breadcrumb\":{\"@id\":\"https:\\\/\\\/diwine.ee\\\/product\\\/fleuriet-cote-de-marloup-2023\\\/#breadcrumb\"},\"inLanguage\":\"en-GB\",\"potentialAction\":[{\"@type\":\"ReadAction\",\"target\":[\"https:\\\/\\\/diwine.ee\\\/product\\\/fleuriet-cote-de-marloup-2023\\\/\"]}]},{\"@type\":\"ImageObject\",\"inLanguage\":\"en-GB\",\"@id\":\"https:\\\/\\\/diwine.ee\\\/product\\\/fleuriet-cote-de-marloup-2023\\\/#primaryimage\",\"url\":\"https:\\\/\\\/diwine.ee\\\/wp-content\\\/uploads\\\/2025\\\/07\\\/Cote-de-Marloup-2023.png\",\"contentUrl\":\"https:\\\/\\\/diwine.ee\\\/wp-content\\\/uploads\\\/2025\\\/07\\\/Cote-de-Marloup-2023.png\",\"width\":800,\"height\":800},{\"@type\":\"BreadcrumbList\",\"@id\":\"https:\\\/\\\/diwine.ee\\\/product\\\/fleuriet-cote-de-marloup-2023\\\/#breadcrumb\",\"itemListElement\":[{\"@type\":\"ListItem\",\"position\":1,\"name\":\"Home\",\"item\":\"https:\\\/\\\/diwine.ee\\\/\"},{\"@type\":\"ListItem\",\"position\":2,\"name\":\"e-pood\",\"item\":\"https:\\\/\\\/diwine.ee\\\/tooted\\\/\"},{\"@type\":\"ListItem\",\"position\":3,\"name\":\"Fleuriet AOP Sancerre Blanc \u201cC\u00f4te de Marloup\u201d 2023\"}]},{\"@type\":\"WebSite\",\"@id\":\"https:\\\/\\\/diwine.ee\\\/#website\",\"url\":\"https:\\\/\\\/diwine.ee\\\/\",\"name\":\"diWine \u2013 Premium kvaliteetveinid \u00fcle maailma | Eesti veinipood\",\"description\":\"Avasta diWine&#039;i hoolikalt valitud kvaliteetveinid maailma tippveinipiirkondadest. Eksklusiivsed punaveinid, valged veinid, vahuveinid ja eriveinid sinu erilisteks hetkedeks.\",\"publisher\":{\"@id\":\"https:\\\/\\\/diwine.ee\\\/#organization\"},\"potentialAction\":[{\"@type\":\"SearchAction\",\"target\":{\"@type\":\"EntryPoint\",\"urlTemplate\":\"https:\\\/\\\/diwine.ee\\\/?s={search_term_string}\"},\"query-input\":{\"@type\":\"PropertyValueSpecification\",\"valueRequired\":true,\"valueName\":\"search_term_string\"}}],\"inLanguage\":\"en-GB\"},{\"@type\":\"Organization\",\"@id\":\"https:\\\/\\\/diwine.ee\\\/#organization\",\"name\":\"diWine veinipood\",\"url\":\"https:\\\/\\\/diwine.ee\\\/\",\"logo\":{\"@type\":\"ImageObject\",\"inLanguage\":\"en-GB\",\"@id\":\"https:\\\/\\\/diwine.ee\\\/#\\\/schema\\\/logo\\\/image\\\/\",\"url\":\"https:\\\/\\\/diwine.ee\\\/wp-content\\\/uploads\\\/2025\\\/04\\\/diWine-1080-x-1080-px.png\",\"contentUrl\":\"https:\\\/\\\/diwine.ee\\\/wp-content\\\/uploads\\\/2025\\\/04\\\/diWine-1080-x-1080-px.png\",\"width\":1080,\"height\":1080,\"caption\":\"diWine veinipood\"},\"image\":{\"@id\":\"https:\\\/\\\/diwine.ee\\\/#\\\/schema\\\/logo\\\/image\\\/\"},\"sameAs\":[\"https:\\\/\\\/www.facebook.com\\\/profile.php?id=61573862347231\",\"https:\\\/\\\/www.instagram.com\\\/diwine.ee\"]}]}<\/script>\n<!-- \/ Yoast SEO plugin. -->","yoast_head_json":{"title":"Fleuriet AOP Sancerre Blanc \u201cC\u00f4te de Marloup\u201d 2023 - diWine &ndash; Premium kvaliteetveinid &uuml;le maailma | Eesti veinipood","robots":{"index":"index","follow":"follow","max-snippet":"max-snippet:-1","max-image-preview":"max-image-preview:large","max-video-preview":"max-video-preview:-1"},"canonical":"https:\/\/diwine.ee\/en\/product\/fleuriet-cote-de-marloup-2023\/","og_locale":"en_GB","og_type":"article","og_title":"Fleuriet AOP Sancerre Blanc \u201cC\u00f4te de Marloup\u201d 2023 - diWine &ndash; Premium kvaliteetveinid &uuml;le maailma | Eesti veinipood","og_description":"\u00dche krundi biod\u00fcnaamiline Sancerre valge, millel on k\u00fcps pirn, tsitrus, kriidine mineraalsus ja tekstuurne tasakaal. Fermenteeritud ja laagerdunud 12 kuud betoonmunas.","og_url":"https:\/\/diwine.ee\/en\/product\/fleuriet-cote-de-marloup-2023\/","og_site_name":"diWine &ndash; Premium kvaliteetveinid &uuml;le maailma | Eesti veinipood","article_publisher":"https:\/\/www.facebook.com\/profile.php?id=61573862347231","article_modified_time":"2026-01-27T18:57:46+00:00","og_image":[{"width":800,"height":800,"url":"https:\/\/diwine.ee\/wp-content\/uploads\/2025\/07\/Cote-de-Marloup-2023.png","type":"image\/png"}],"twitter_card":"summary_large_image","twitter_misc":{"Estimated reading time":"3 minutes"},"schema":{"@context":"https:\/\/schema.org","@graph":[{"@type":"WebPage","@id":"https:\/\/diwine.ee\/product\/fleuriet-cote-de-marloup-2023\/","url":"https:\/\/diwine.ee\/product\/fleuriet-cote-de-marloup-2023\/","name":"Fleuriet AOP Sancerre Blanc \u201cC\u00f4te de Marloup\u201d 2023 - diWine &ndash; Premium kvaliteetveinid &uuml;le maailma | Eesti veinipood","isPartOf":{"@id":"https:\/\/diwine.ee\/#website"},"primaryImageOfPage":{"@id":"https:\/\/diwine.ee\/product\/fleuriet-cote-de-marloup-2023\/#primaryimage"},"image":{"@id":"https:\/\/diwine.ee\/product\/fleuriet-cote-de-marloup-2023\/#primaryimage"},"thumbnailUrl":"https:\/\/diwine.ee\/wp-content\/uploads\/2025\/07\/Cote-de-Marloup-2023.png","datePublished":"2025-07-03T16:51:44+00:00","dateModified":"2026-01-27T18:57:46+00:00","breadcrumb":{"@id":"https:\/\/diwine.ee\/product\/fleuriet-cote-de-marloup-2023\/#breadcrumb"},"inLanguage":"en-GB","potentialAction":[{"@type":"ReadAction","target":["https:\/\/diwine.ee\/product\/fleuriet-cote-de-marloup-2023\/"]}]},{"@type":"ImageObject","inLanguage":"en-GB","@id":"https:\/\/diwine.ee\/product\/fleuriet-cote-de-marloup-2023\/#primaryimage","url":"https:\/\/diwine.ee\/wp-content\/uploads\/2025\/07\/Cote-de-Marloup-2023.png","contentUrl":"https:\/\/diwine.ee\/wp-content\/uploads\/2025\/07\/Cote-de-Marloup-2023.png","width":800,"height":800},{"@type":"BreadcrumbList","@id":"https:\/\/diwine.ee\/product\/fleuriet-cote-de-marloup-2023\/#breadcrumb","itemListElement":[{"@type":"ListItem","position":1,"name":"Home","item":"https:\/\/diwine.ee\/"},{"@type":"ListItem","position":2,"name":"e-pood","item":"https:\/\/diwine.ee\/tooted\/"},{"@type":"ListItem","position":3,"name":"Fleuriet AOP Sancerre Blanc \u201cC\u00f4te de Marloup\u201d 2023"}]},{"@type":"WebSite","@id":"https:\/\/diwine.ee\/#website","url":"https:\/\/diwine.ee\/","name":"diWine \u2013 Premium kvaliteetveinid \u00fcle maailma | Eesti veinipood","description":"Avasta diWine&#039;i hoolikalt valitud kvaliteetveinid maailma tippveinipiirkondadest. Eksklusiivsed punaveinid, valged veinid, vahuveinid ja eriveinid sinu erilisteks hetkedeks.","publisher":{"@id":"https:\/\/diwine.ee\/#organization"},"potentialAction":[{"@type":"SearchAction","target":{"@type":"EntryPoint","urlTemplate":"https:\/\/diwine.ee\/?s={search_term_string}"},"query-input":{"@type":"PropertyValueSpecification","valueRequired":true,"valueName":"search_term_string"}}],"inLanguage":"en-GB"},{"@type":"Organization","@id":"https:\/\/diwine.ee\/#organization","name":"diWine veinipood","url":"https:\/\/diwine.ee\/","logo":{"@type":"ImageObject","inLanguage":"en-GB","@id":"https:\/\/diwine.ee\/#\/schema\/logo\/image\/","url":"https:\/\/diwine.ee\/wp-content\/uploads\/2025\/04\/diWine-1080-x-1080-px.png","contentUrl":"https:\/\/diwine.ee\/wp-content\/uploads\/2025\/04\/diWine-1080-x-1080-px.png","width":1080,"height":1080,"caption":"diWine veinipood"},"image":{"@id":"https:\/\/diwine.ee\/#\/schema\/logo\/image\/"},"sameAs":["https:\/\/www.facebook.com\/profile.php?id=61573862347231","https:\/\/www.instagram.com\/diwine.ee"]}]}},"jetpack_sharing_enabled":true,"_links":{"self":[{"href":"https:\/\/diwine.ee\/en\/wp-json\/wp\/v2\/product\/27922","targetHints":{"allow":["GET"]}}],"collection":[{"href":"https:\/\/diwine.ee\/en\/wp-json\/wp\/v2\/product"}],"about":[{"href":"https:\/\/diwine.ee\/en\/wp-json\/wp\/v2\/types\/product"}],"version-history":[{"count":0,"href":"https:\/\/diwine.ee\/en\/wp-json\/wp\/v2\/product\/27922\/revisions"}],"wp:featuredmedia":[{"embeddable":true,"href":"https:\/\/diwine.ee\/en\/wp-json\/wp\/v2\/media\/27923"}],"wp:attachment":[{"href":"https:\/\/diwine.ee\/en\/wp-json\/wp\/v2\/media?parent=27922"}],"wp:term":[{"taxonomy":"product_brand","embeddable":true,"href":"https:\/\/diwine.ee\/en\/wp-json\/wp\/v2\/product_brand?post=27922"},{"taxonomy":"product_cat","embeddable":true,"href":"https:\/\/diwine.ee\/en\/wp-json\/wp\/v2\/product_cat?post=27922"},{"taxonomy":"product_tag","embeddable":true,"href":"https:\/\/diwine.ee\/en\/wp-json\/wp\/v2\/product_tag?post=27922"}],"curies":[{"name":"wp","href":"https:\/\/api.w.org\/{rel}","templated":true}]}}