{"id":27929,"date":"2025-07-03T20:02:56","date_gmt":"2025-07-03T17:02:56","guid":{"rendered":"https:\/\/diwine.ee\/?post_type=product&#038;p=27929"},"modified":"2026-02-11T20:21:36","modified_gmt":"2026-02-11T18:21:36","slug":"fleuriet-sancerre-rouge-2022","status":"publish","type":"product","link":"https:\/\/diwine.ee\/en\/product\/fleuriet-sancerre-rouge-2022\/","title":{"rendered":"Fleuriet AOC Sancerre Rouge 2022"},"content":{"rendered":"<div data-elementor-type=\"wp-post\" data-elementor-id=\"27929\" class=\"elementor elementor-27929\">\n\t\t\t\t<div class=\"wd-negative-gap elementor-element elementor-element-b496628 e-grid e-con-boxed e-con e-parent\" data-id=\"b496628\" data-element_type=\"container\" data-e-type=\"container\">\n\t\t\t\t\t<div class=\"e-con-inner\">\n\t\t\t\t<div class=\"elementor-element elementor-element-aa23989 elementor-widget elementor-widget-wd_text_block\" data-id=\"aa23989\" data-element_type=\"widget\" data-e-type=\"widget\" data-widget_type=\"wd_text_block.default\">\n\t\t\t\t<div class=\"elementor-widget-container\">\n\t\t\t\t\t\t\t<div class=\"wd-text-block reset-last-child text-left\">\n\t\t\t\n\t\t\t<h3 class=\"cvGsUA direction-ltr align-justify para-style-body\"><span class=\"OYPEnA font-feature-liga-off font-feature-clig-off font-feature-calt-off text-decoration-none text-strikethrough-none\">Veini lugu:<\/span><\/h3><p data-start=\"291\" data-end=\"747\">Domaine Bernard Fleuriet &amp; Fils on Sancerre piirkonna \u00fcks juhtivaid biod\u00fcnaamilisi tootjaid, kelle veinid v\u00e4ljendavad oma p\u00e4ritolu puhtal ja t\u00e4psel viisil. Veinimaja loodi 1991. aastal Bernard Fleuriet\u2019 poolt ning t\u00e4na juhivad seda tema pojad Beno\u00eet ja Mathieu. Nad kasvatavad viinamarju Sancerre\u2019s ja Menetou-Salonis, kokku 25 hektaril, j\u00e4rgides <strong data-start=\"664\" data-end=\"704\">sertifitseeritud mahep\u00f5llunduse (AB)<\/strong> ja <strong data-start=\"708\" data-end=\"734\">biod\u00fcnaamilise Demeter<\/strong> standardeid.<\/p><p data-start=\"749\" data-end=\"1185\">Sancerre Rouge 2022 valmistatakse <strong data-start=\"783\" data-end=\"805\">100% Pinot Noir\u2019st<\/strong>, mis p\u00e4rineb eri kruntidelt ja erinevatelt pinnaset\u00fc\u00fcpidelt \u2013 lubjarikkalt savimullalt (Terres Blanches), kiviselt Caillottes\u2019lt ja flindirikastelt n\u00f5lvadelt (Silex). 2022. aasta oli erakordne aastak\u00e4ik, mis andis v\u00e4ga k\u00fcpsed ja tasakaalustatud marjad. Tootmine toimus <strong data-start=\"1075\" data-end=\"1140\">t\u00e4iesti ilma v\u00e4\u00e4vli lisamiseta k\u00e4\u00e4rituse ja laagerdumise ajal<\/strong>, et s\u00e4ilitada maksimaalne puhtus ja iseloom.<\/p><p data-start=\"1187\" data-end=\"1628\">\u00a0<\/p><p class=\"cvGsUA direction-ltr align-justify para-style-body\"><span style=\"color: #1b1919; font-size: 22px;\">Veini valmistamine:<\/span><\/p><p data-start=\"1055\" data-end=\"1510\">K\u00e4\u00e4ritus kestis <strong data-start=\"1247\" data-end=\"1259\">30 p\u00e4eva<\/strong>, osaliselt terve kobaraga, et tuua esile v\u00e4rskus, lillelisus ja peen tanniinistruktuur. Seej\u00e4rel laagerdus vein <strong data-start=\"1372\" data-end=\"1412\">80% ulatuses Prantsuse tammevaatides<\/strong> ja 20% betoonanumas, <strong data-start=\"1434\" data-end=\"1463\">kokku 12 kuud p\u00e4rmisettel<\/strong>. Kasutati valdavalt vanu neutraalseid vaate, et hoida fookus puuviljal ja terroir\u2019il. L\u00f5plik vein villiti kerge filtreerimisega ja minimaalsete sulfiti lisanditega.<\/p>\n\t\t\t\t\t<\/div>\n\t\t\t\t\t\t<\/div>\n\t\t\t\t<\/div>\n\t\t\t\t<div class=\"elementor-element elementor-element-f22db15 elementor-widget elementor-widget-wd_text_block\" data-id=\"f22db15\" data-element_type=\"widget\" data-e-type=\"widget\" data-widget_type=\"wd_text_block.default\">\n\t\t\t\t<div class=\"elementor-widget-container\">\n\t\t\t\t\t\t\t<div class=\"wd-text-block reset-last-child text-left\">\n\t\t\t\n\t\t\t<h3 class=\"cvGsUA direction-ltr align-justify para-style-body\"><span class=\"OYPEnA font-feature-liga-off font-feature-clig-off font-feature-calt-off text-decoration-none text-strikethrough-none\">Maitsenoodid:<\/span><\/h3><p data-start=\"1894\" data-end=\"2164\">Vein on v\u00e4rvilt s\u00e4rav rubiinpunane. Aroomis torkavad esile <strong data-start=\"1710\" data-end=\"1761\">punased marjad (kirsid, metsmaasikad, vaarikas)<\/strong>, <strong data-start=\"1763\" data-end=\"1783\">violetsed lilled<\/strong>, peen v\u00fcrtsikus ja flindilik suitsusus. Maitses on vein <strong data-start=\"1840\" data-end=\"1904\">keskmise t\u00e4idlusega, v\u00e4ga hea happe ja siidiste tanniinidega<\/strong>. Marjane v\u00e4rskus seguneb \u00fcrtide, valge pipra ja kerge tamme nootidega (nt r\u00f6stitud kohv, pehme vanill). J\u00e4relmaitse on pikk, puhas ja tasakaalustatud.<\/p><h3 class=\"cvGsUA direction-ltr align-justify para-style-body\"><span class=\"OYPEnA font-feature-liga-off font-feature-clig-off font-feature-calt-off text-decoration-none text-strikethrough-none\">Toidusoovitus:<\/span><\/h3><p data-start=\"2057\" data-end=\"2197\">Sancerre Rouge 2022 sobib suurep\u00e4raselt toitudega, kus on <strong data-start=\"2138\" data-end=\"2187\">peen tasakaal liha, \u00fcrtide ja happesuse vahel<\/strong>. N\u00e4iteks:<\/p><ul data-start=\"2199\" data-end=\"2858\"><li data-start=\"2199\" data-end=\"2255\"><p data-start=\"2201\" data-end=\"2255\"><strong data-start=\"2201\" data-end=\"2215\">Linnuliha:<\/strong> R\u00f6stitud part, suitsukalkun, vutiliha<\/p><\/li><li data-start=\"2256\" data-end=\"2323\"><p data-start=\"2258\" data-end=\"2323\"><strong data-start=\"2258\" data-end=\"2270\">Sealiha:<\/strong> Praetud sisefilee, grillitud seakarbonaad \u00fcrtidega<\/p><\/li><li data-start=\"2324\" data-end=\"2389\"><p data-start=\"2326\" data-end=\"2389\"><strong data-start=\"2326\" data-end=\"2340\">Veiseliha:<\/strong> Carpaccio, \u00f5hukeseks l\u00f5igatud steik (nt flank)<\/p><\/li><li data-start=\"2390\" data-end=\"2446\"><p data-start=\"2392\" data-end=\"2446\"><strong data-start=\"2392\" data-end=\"2406\">Ulukiliha:<\/strong> Kergelt k\u00fcpsetatud metskits v\u00f5i j\u00e4nes<\/p><\/li><li data-start=\"2447\" data-end=\"2524\"><p data-start=\"2449\" data-end=\"2524\"><strong data-start=\"2449\" data-end=\"2463\">Taimetoit:<\/strong> Seenerisoto, l\u00e4\u00e4tsed punaveinikastmes, r\u00f6stitud juurviljad<\/p><\/li><li data-start=\"2525\" data-end=\"2692\"><p data-start=\"2527\" data-end=\"2541\"><strong data-start=\"2527\" data-end=\"2539\">Juustud:<\/strong><\/p><ul data-start=\"2544\" data-end=\"2692\"><li data-start=\"2544\" data-end=\"2590\"><p data-start=\"2546\" data-end=\"2590\"><strong data-start=\"2546\" data-end=\"2563\">K\u00f5vad juustud<\/strong> \u2013 Comt\u00e9, Tomme de Savoie<\/p><\/li><li data-start=\"2593\" data-end=\"2637\"><p data-start=\"2595\" data-end=\"2637\"><strong data-start=\"2595\" data-end=\"2613\">Pehmed juustud<\/strong> \u2013 Brie, Pont l'\u00c9v\u00eaque<\/p><\/li><li data-start=\"2640\" data-end=\"2692\"><p data-start=\"2642\" data-end=\"2692\"><strong data-start=\"2642\" data-end=\"2666\">Valgehallitusjuustud<\/strong> \u2013 laagerdunud Camembert<\/p><\/li><\/ul><\/li><li data-start=\"2693\" data-end=\"2758\"><p data-start=\"2695\" data-end=\"2758\"><strong data-start=\"2695\" data-end=\"2710\">Aasia k\u00f6\u00f6k:<\/strong> Teriyaki, hoisin-part, Jaapani grillroogadega<\/p><\/li><li data-start=\"2759\" data-end=\"2858\"><p data-start=\"2761\" data-end=\"2858\"><strong data-start=\"2761\" data-end=\"2786\">Pikalt hautatud road:<\/strong> Vein sobib h\u00e4sti ka hautatud vasikaliha, metsseapaja v\u00f5i aedviljapajaga<\/p><\/li><\/ul>\n\t\t\t\t\t<\/div>\n\t\t\t\t\t\t<\/div>\n\t\t\t\t<\/div>\n\t\t\t\t<div class=\"elementor-element elementor-element-79dff25 elementor-widget elementor-widget-wd_text_block\" data-id=\"79dff25\" data-element_type=\"widget\" data-e-type=\"widget\" data-widget_type=\"wd_text_block.default\">\n\t\t\t\t<div class=\"elementor-widget-container\">\n\t\t\t\t\t\t\t<div class=\"wd-text-block reset-last-child text-left\">\n\t\t\t\n\t\t\t<h3 class=\"cvGsUA direction-ltr align-justify para-style-body\"><span class=\"OYPEnA font-feature-liga-off font-feature-clig-off font-feature-calt-off text-decoration-none text-strikethrough-none\">S\u00e4ilitamispotentsiaal:<\/span><\/h3><p data-start=\"30\" data-end=\"380\">T\u00e4nu struktuurile ja tanniinide peenele raamistikule on selle veinil <strong data-start=\"3263\" data-end=\"3304\">v\u00e4ga hea arengupotentsiaal 6\u20138 aastat<\/strong>. N\u00fc\u00fcd on see v\u00e4rske ja marjane, 3\u20135 aasta p\u00e4rast ilmnevad metsamarjad, v\u00fcrtsid ja metsane keerukus.<\/p><h3 class=\"cvGsUA direction-ltr align-justify para-style-body\"><span class=\"OYPEnA font-feature-liga-off font-feature-clig-off font-feature-calt-off text-decoration-none text-strikethrough-none\">Hinnangud &amp; tunnustused:<\/span><\/h3><p>Jamie Goode (Wine Anorak) andis 2022. aasta veinile <strong data-start=\"2944\" data-end=\"2957\">94 punkti<\/strong>, kiites selle <strong data-start=\"2972\" data-end=\"3016\">puhtust, struktuuri ja v\u00e4rsket marjasust<\/strong>, mis viitab v\u00e4ga h\u00e4sti tehtud Pinot Noir\u2019le. Veinimaja on ka varasemate aastak\u00e4ikudega p\u00e4lvinud <em data-start=\"3113\" data-end=\"3138\">Guide Hachette des Vins<\/em>\u2019is t\u00e4hti ja tunnustusi.<\/p>\n\t\t\t\t\t<\/div>\n\t\t\t\t\t\t<\/div>\n\t\t\t\t<\/div>\n\t\t\t\t\t<\/div>\n\t\t\t\t<\/div>\n\t\t\t\t<\/div>","protected":false},"excerpt":{"rendered":"<p>Elegantne ja elav Pinot Noir Sancerre\u2019st \u2013 k\u00fcpsed punased marjad, lillelisus ja pehme tamme n\u00fcanss. Sobib h\u00e4sti linnuliha, seente ja pehmete juustudega.<\/p>","protected":false},"featured_media":27930,"template":"","meta":[],"product_brand":[159],"product_cat":[29,81],"product_tag":[],"class_list":{"0":"post-27929","1":"product","2":"type-product","3":"status-publish","4":"has-post-thumbnail","6":"product_brand-domaine-bernard-fleuriet-fils","7":"product_cat-koik-tooted","8":"product_cat-punane-vein","9":"pa_piirkond-sancerre","10":"pa_viinamarjasort-pinot-noir","12":"first","13":"instock","14":"featured","15":"taxable","16":"shipping-taxable","17":"purchasable","18":"product-type-simple"},"yoast_head":"<!-- This site is optimized with the Yoast SEO plugin v27.4 - https:\/\/yoast.com\/product\/yoast-seo-wordpress\/ -->\n<title>Fleuriet AOC Sancerre Rouge 2022 - diWine &ndash; Premium kvaliteetveinid &uuml;le maailma | Eesti veinipood<\/title>\n<meta name=\"robots\" content=\"index, follow, max-snippet:-1, max-image-preview:large, max-video-preview:-1\" \/>\n<link rel=\"canonical\" href=\"https:\/\/diwine.ee\/en\/product\/fleuriet-sancerre-rouge-2022\/\" \/>\n<meta property=\"og:locale\" content=\"en_GB\" \/>\n<meta property=\"og:type\" content=\"article\" \/>\n<meta property=\"og:title\" content=\"Fleuriet AOC Sancerre Rouge 2022 - diWine &ndash; Premium kvaliteetveinid &uuml;le maailma | Eesti veinipood\" \/>\n<meta property=\"og:description\" content=\"Elegantne ja elav Pinot Noir Sancerre\u2019st \u2013 k\u00fcpsed punased marjad, lillelisus ja pehme tamme n\u00fcanss. Sobib h\u00e4sti linnuliha, seente ja pehmete juustudega.\" \/>\n<meta property=\"og:url\" content=\"https:\/\/diwine.ee\/en\/product\/fleuriet-sancerre-rouge-2022\/\" \/>\n<meta property=\"og:site_name\" content=\"diWine &ndash; Premium kvaliteetveinid &uuml;le maailma | Eesti veinipood\" \/>\n<meta property=\"article:publisher\" content=\"https:\/\/www.facebook.com\/profile.php?id=61573862347231\" \/>\n<meta property=\"article:modified_time\" content=\"2026-02-11T18:21:36+00:00\" \/>\n<meta property=\"og:image\" content=\"https:\/\/diwine.ee\/wp-content\/uploads\/2025\/07\/fleuriet-rouge-2022.png\" \/>\n\t<meta property=\"og:image:width\" content=\"800\" \/>\n\t<meta property=\"og:image:height\" content=\"800\" \/>\n\t<meta property=\"og:image:type\" content=\"image\/png\" \/>\n<meta name=\"twitter:card\" content=\"summary_large_image\" \/>\n<meta name=\"twitter:label1\" content=\"Estimated reading time\" \/>\n\t<meta name=\"twitter:data1\" content=\"3 minutes\" \/>\n<script type=\"application\/ld+json\" class=\"yoast-schema-graph\">{\"@context\":\"https:\\\/\\\/schema.org\",\"@graph\":[{\"@type\":\"WebPage\",\"@id\":\"https:\\\/\\\/diwine.ee\\\/product\\\/fleuriet-sancerre-rouge-2022\\\/\",\"url\":\"https:\\\/\\\/diwine.ee\\\/product\\\/fleuriet-sancerre-rouge-2022\\\/\",\"name\":\"Fleuriet AOC Sancerre Rouge 2022 - diWine &ndash; Premium kvaliteetveinid &uuml;le maailma | Eesti veinipood\",\"isPartOf\":{\"@id\":\"https:\\\/\\\/diwine.ee\\\/#website\"},\"primaryImageOfPage\":{\"@id\":\"https:\\\/\\\/diwine.ee\\\/product\\\/fleuriet-sancerre-rouge-2022\\\/#primaryimage\"},\"image\":{\"@id\":\"https:\\\/\\\/diwine.ee\\\/product\\\/fleuriet-sancerre-rouge-2022\\\/#primaryimage\"},\"thumbnailUrl\":\"https:\\\/\\\/diwine.ee\\\/wp-content\\\/uploads\\\/2025\\\/07\\\/fleuriet-rouge-2022.png\",\"datePublished\":\"2025-07-03T17:02:56+00:00\",\"dateModified\":\"2026-02-11T18:21:36+00:00\",\"breadcrumb\":{\"@id\":\"https:\\\/\\\/diwine.ee\\\/product\\\/fleuriet-sancerre-rouge-2022\\\/#breadcrumb\"},\"inLanguage\":\"en-GB\",\"potentialAction\":[{\"@type\":\"ReadAction\",\"target\":[\"https:\\\/\\\/diwine.ee\\\/product\\\/fleuriet-sancerre-rouge-2022\\\/\"]}]},{\"@type\":\"ImageObject\",\"inLanguage\":\"en-GB\",\"@id\":\"https:\\\/\\\/diwine.ee\\\/product\\\/fleuriet-sancerre-rouge-2022\\\/#primaryimage\",\"url\":\"https:\\\/\\\/diwine.ee\\\/wp-content\\\/uploads\\\/2025\\\/07\\\/fleuriet-rouge-2022.png\",\"contentUrl\":\"https:\\\/\\\/diwine.ee\\\/wp-content\\\/uploads\\\/2025\\\/07\\\/fleuriet-rouge-2022.png\",\"width\":800,\"height\":800},{\"@type\":\"BreadcrumbList\",\"@id\":\"https:\\\/\\\/diwine.ee\\\/product\\\/fleuriet-sancerre-rouge-2022\\\/#breadcrumb\",\"itemListElement\":[{\"@type\":\"ListItem\",\"position\":1,\"name\":\"Home\",\"item\":\"https:\\\/\\\/diwine.ee\\\/\"},{\"@type\":\"ListItem\",\"position\":2,\"name\":\"e-pood\",\"item\":\"https:\\\/\\\/diwine.ee\\\/tooted\\\/\"},{\"@type\":\"ListItem\",\"position\":3,\"name\":\"Fleuriet AOC Sancerre Rouge 2022\"}]},{\"@type\":\"WebSite\",\"@id\":\"https:\\\/\\\/diwine.ee\\\/#website\",\"url\":\"https:\\\/\\\/diwine.ee\\\/\",\"name\":\"diWine \u2013 Premium kvaliteetveinid \u00fcle maailma | Eesti veinipood\",\"description\":\"Avasta diWine&#039;i hoolikalt valitud kvaliteetveinid maailma tippveinipiirkondadest. Eksklusiivsed punaveinid, valged veinid, vahuveinid ja eriveinid sinu erilisteks hetkedeks.\",\"publisher\":{\"@id\":\"https:\\\/\\\/diwine.ee\\\/#organization\"},\"potentialAction\":[{\"@type\":\"SearchAction\",\"target\":{\"@type\":\"EntryPoint\",\"urlTemplate\":\"https:\\\/\\\/diwine.ee\\\/?s={search_term_string}\"},\"query-input\":{\"@type\":\"PropertyValueSpecification\",\"valueRequired\":true,\"valueName\":\"search_term_string\"}}],\"inLanguage\":\"en-GB\"},{\"@type\":\"Organization\",\"@id\":\"https:\\\/\\\/diwine.ee\\\/#organization\",\"name\":\"diWine veinipood\",\"url\":\"https:\\\/\\\/diwine.ee\\\/\",\"logo\":{\"@type\":\"ImageObject\",\"inLanguage\":\"en-GB\",\"@id\":\"https:\\\/\\\/diwine.ee\\\/#\\\/schema\\\/logo\\\/image\\\/\",\"url\":\"https:\\\/\\\/diwine.ee\\\/wp-content\\\/uploads\\\/2025\\\/04\\\/diWine-1080-x-1080-px.png\",\"contentUrl\":\"https:\\\/\\\/diwine.ee\\\/wp-content\\\/uploads\\\/2025\\\/04\\\/diWine-1080-x-1080-px.png\",\"width\":1080,\"height\":1080,\"caption\":\"diWine veinipood\"},\"image\":{\"@id\":\"https:\\\/\\\/diwine.ee\\\/#\\\/schema\\\/logo\\\/image\\\/\"},\"sameAs\":[\"https:\\\/\\\/www.facebook.com\\\/profile.php?id=61573862347231\",\"https:\\\/\\\/www.instagram.com\\\/diwine.ee\"]}]}<\/script>\n<!-- \/ Yoast SEO plugin. -->","yoast_head_json":{"title":"Fleuriet AOC Sancerre Rouge 2022 - diWine &ndash; Premium kvaliteetveinid &uuml;le maailma | Eesti veinipood","robots":{"index":"index","follow":"follow","max-snippet":"max-snippet:-1","max-image-preview":"max-image-preview:large","max-video-preview":"max-video-preview:-1"},"canonical":"https:\/\/diwine.ee\/en\/product\/fleuriet-sancerre-rouge-2022\/","og_locale":"en_GB","og_type":"article","og_title":"Fleuriet AOC Sancerre Rouge 2022 - diWine &ndash; Premium kvaliteetveinid &uuml;le maailma | Eesti veinipood","og_description":"Elegantne ja elav Pinot Noir Sancerre\u2019st \u2013 k\u00fcpsed punased marjad, lillelisus ja pehme tamme n\u00fcanss. Sobib h\u00e4sti linnuliha, seente ja pehmete juustudega.","og_url":"https:\/\/diwine.ee\/en\/product\/fleuriet-sancerre-rouge-2022\/","og_site_name":"diWine &ndash; Premium kvaliteetveinid &uuml;le maailma | Eesti veinipood","article_publisher":"https:\/\/www.facebook.com\/profile.php?id=61573862347231","article_modified_time":"2026-02-11T18:21:36+00:00","og_image":[{"width":800,"height":800,"url":"https:\/\/diwine.ee\/wp-content\/uploads\/2025\/07\/fleuriet-rouge-2022.png","type":"image\/png"}],"twitter_card":"summary_large_image","twitter_misc":{"Estimated reading time":"3 minutes"},"schema":{"@context":"https:\/\/schema.org","@graph":[{"@type":"WebPage","@id":"https:\/\/diwine.ee\/product\/fleuriet-sancerre-rouge-2022\/","url":"https:\/\/diwine.ee\/product\/fleuriet-sancerre-rouge-2022\/","name":"Fleuriet AOC Sancerre Rouge 2022 - diWine &ndash; Premium kvaliteetveinid &uuml;le maailma | Eesti veinipood","isPartOf":{"@id":"https:\/\/diwine.ee\/#website"},"primaryImageOfPage":{"@id":"https:\/\/diwine.ee\/product\/fleuriet-sancerre-rouge-2022\/#primaryimage"},"image":{"@id":"https:\/\/diwine.ee\/product\/fleuriet-sancerre-rouge-2022\/#primaryimage"},"thumbnailUrl":"https:\/\/diwine.ee\/wp-content\/uploads\/2025\/07\/fleuriet-rouge-2022.png","datePublished":"2025-07-03T17:02:56+00:00","dateModified":"2026-02-11T18:21:36+00:00","breadcrumb":{"@id":"https:\/\/diwine.ee\/product\/fleuriet-sancerre-rouge-2022\/#breadcrumb"},"inLanguage":"en-GB","potentialAction":[{"@type":"ReadAction","target":["https:\/\/diwine.ee\/product\/fleuriet-sancerre-rouge-2022\/"]}]},{"@type":"ImageObject","inLanguage":"en-GB","@id":"https:\/\/diwine.ee\/product\/fleuriet-sancerre-rouge-2022\/#primaryimage","url":"https:\/\/diwine.ee\/wp-content\/uploads\/2025\/07\/fleuriet-rouge-2022.png","contentUrl":"https:\/\/diwine.ee\/wp-content\/uploads\/2025\/07\/fleuriet-rouge-2022.png","width":800,"height":800},{"@type":"BreadcrumbList","@id":"https:\/\/diwine.ee\/product\/fleuriet-sancerre-rouge-2022\/#breadcrumb","itemListElement":[{"@type":"ListItem","position":1,"name":"Home","item":"https:\/\/diwine.ee\/"},{"@type":"ListItem","position":2,"name":"e-pood","item":"https:\/\/diwine.ee\/tooted\/"},{"@type":"ListItem","position":3,"name":"Fleuriet AOC Sancerre Rouge 2022"}]},{"@type":"WebSite","@id":"https:\/\/diwine.ee\/#website","url":"https:\/\/diwine.ee\/","name":"diWine \u2013 Premium kvaliteetveinid \u00fcle maailma | Eesti veinipood","description":"Avasta diWine&#039;i hoolikalt valitud kvaliteetveinid maailma tippveinipiirkondadest. Eksklusiivsed punaveinid, valged veinid, vahuveinid ja eriveinid sinu erilisteks hetkedeks.","publisher":{"@id":"https:\/\/diwine.ee\/#organization"},"potentialAction":[{"@type":"SearchAction","target":{"@type":"EntryPoint","urlTemplate":"https:\/\/diwine.ee\/?s={search_term_string}"},"query-input":{"@type":"PropertyValueSpecification","valueRequired":true,"valueName":"search_term_string"}}],"inLanguage":"en-GB"},{"@type":"Organization","@id":"https:\/\/diwine.ee\/#organization","name":"diWine veinipood","url":"https:\/\/diwine.ee\/","logo":{"@type":"ImageObject","inLanguage":"en-GB","@id":"https:\/\/diwine.ee\/#\/schema\/logo\/image\/","url":"https:\/\/diwine.ee\/wp-content\/uploads\/2025\/04\/diWine-1080-x-1080-px.png","contentUrl":"https:\/\/diwine.ee\/wp-content\/uploads\/2025\/04\/diWine-1080-x-1080-px.png","width":1080,"height":1080,"caption":"diWine veinipood"},"image":{"@id":"https:\/\/diwine.ee\/#\/schema\/logo\/image\/"},"sameAs":["https:\/\/www.facebook.com\/profile.php?id=61573862347231","https:\/\/www.instagram.com\/diwine.ee"]}]}},"jetpack_sharing_enabled":true,"_links":{"self":[{"href":"https:\/\/diwine.ee\/en\/wp-json\/wp\/v2\/product\/27929","targetHints":{"allow":["GET"]}}],"collection":[{"href":"https:\/\/diwine.ee\/en\/wp-json\/wp\/v2\/product"}],"about":[{"href":"https:\/\/diwine.ee\/en\/wp-json\/wp\/v2\/types\/product"}],"version-history":[{"count":0,"href":"https:\/\/diwine.ee\/en\/wp-json\/wp\/v2\/product\/27929\/revisions"}],"wp:featuredmedia":[{"embeddable":true,"href":"https:\/\/diwine.ee\/en\/wp-json\/wp\/v2\/media\/27930"}],"wp:attachment":[{"href":"https:\/\/diwine.ee\/en\/wp-json\/wp\/v2\/media?parent=27929"}],"wp:term":[{"taxonomy":"product_brand","embeddable":true,"href":"https:\/\/diwine.ee\/en\/wp-json\/wp\/v2\/product_brand?post=27929"},{"taxonomy":"product_cat","embeddable":true,"href":"https:\/\/diwine.ee\/en\/wp-json\/wp\/v2\/product_cat?post=27929"},{"taxonomy":"product_tag","embeddable":true,"href":"https:\/\/diwine.ee\/en\/wp-json\/wp\/v2\/product_tag?post=27929"}],"curies":[{"name":"wp","href":"https:\/\/api.w.org\/{rel}","templated":true}]}}