{"id":27938,"date":"2025-08-11T16:27:01","date_gmt":"2025-08-11T13:27:01","guid":{"rendered":"https:\/\/diwine.ee\/?post_type=product&#038;p=27938"},"modified":"2026-04-14T12:37:57","modified_gmt":"2026-04-14T09:37:57","slug":"dido-la-solucio-rosa-2023","status":"publish","type":"product","link":"https:\/\/diwine.ee\/en\/product\/dido-la-solucio-rosa-2023\/","title":{"rendered":"Dido La Solucio Rosa 2023"},"content":{"rendered":"\t\t<div data-elementor-type=\"wp-post\" data-elementor-id=\"27938\" class=\"elementor elementor-27938\">\n\t\t\t\t<div class=\"wd-negative-gap elementor-element elementor-element-b496628 e-grid e-con-boxed e-con e-parent\" data-id=\"b496628\" data-element_type=\"container\" data-e-type=\"container\">\n\t\t\t\t\t<div class=\"e-con-inner\">\n\t\t\t\t<div class=\"elementor-element elementor-element-aa23989 elementor-widget elementor-widget-wd_text_block\" data-id=\"aa23989\" data-element_type=\"widget\" data-e-type=\"widget\" data-widget_type=\"wd_text_block.default\">\n\t\t\t\t<div class=\"elementor-widget-container\">\n\t\t\t\t\t\t\t<div class=\"wd-text-block reset-last-child text-left\">\n\t\t\t\n\t\t\t<h3 class=\"cvGsUA direction-ltr align-justify para-style-body\"><span class=\"OYPEnA font-feature-liga-off font-feature-clig-off font-feature-calt-off text-decoration-none text-strikethrough-none\">Veini lugu:<\/span><\/h3><p class=\"cvGsUA direction-ltr align-justify para-style-body\"><em data-start=\"91\" data-end=\"108\">La Soluci\u00f3 Rosa<\/em> (t\u00f5lkes \u201cRoosa lahendus\u201d) ei ole t\u00fc\u00fcpiline ros\u00e9 \u2013 see loodi kui t\u00f5siseltv\u00f5etav, laagerdumispotentsiaaliga roosa vein, mis toob Montsant\u2019i iseloomu esile heledamas v\u00e4rvitoonis. Sara ja Ren\u00e9 on juba pikka aega teinud punast \u201cDido\u201d veini, kuid alates 2010. aastate keskpaigast hakkasid nad katsetama ros\u00e9\u2019ga, et v\u00e4ljendada oma terroir\u2019d teises v\u00f5tmes. 2023. aasta Dido La Soluci\u00f3 Rosa on valmistatud punaste ja valgete viinamarjasortide koosk\u00e4\u00e4rimisel: peamiselt Garnatxa (Grenache) \u2013 sealhulgas punane, valge ja hall variant \u2013 millele lisanduvad v\u00e4iksemates osades Macabeu (valge sort), Carinyena (Carignan), Ull de Llebre (Tempranillo kohalik nimetus) ja pisut Syrah\u2019d. K\u00f5ik sordid korjatakse ja pressitakse koos, et nende omadused sulanduksid juba algusest peale, andes veinile kahvaturoosa \u201csibulakoore\u201d tooniga l\u00f5he v\u00e4rvi. Viinapuud kasvavad mahep\u00f5llumajanduslikult, ja kuna 2023. aasta oli Montsant\u2019is m\u00f5\u00f5dukate temperatuuridega, saavutasid marjad t\u00e4is maitsekompleksuse ja tasakaalustatud happesuse.<\/p><h3 class=\"cvGsUA direction-ltr align-justify para-style-body\"><span class=\"OYPEnA font-feature-liga-off font-feature-clig-off font-feature-calt-off text-decoration-none text-strikethrough-none\">Veini valmistamine:<\/span><\/h3><p>Dido Ros\u00e9 valmistatakse pigem nagu kvaliteetne valge vein. P\u00e4rast \u00f5rna tervete kobarate pressimist k\u00e4\u00e4ritatakse mahl looduslike p\u00e4rmidega neutraalsetes, sageli v\u00e4ga vanades tammevaatides. K\u00e4\u00e4rimine on v\u00e4ga aeglane ja kestis selle veini puhul umbes 6 kuud, arendades mitmekihilisi maitseid. P\u00e4rast kuivaks k\u00e4\u00e4rimist laagerdus ros\u00e9 p\u00e4rmisettel umbes 14\u201316 kuud suurtes anumates: \u00fcle 50 aasta vanuses 4000-liitrises tammevaadis (foudre) ja 3000-liitrises saviamforas (tinaja). See pikenenud p\u00e4rmisettel hoidmine, mis on ros\u00e9 puhul haruldane, annab veinile lisa\u00adtekstuur, soolaka s\u00fcgavuse ja pikaealisuse. Veini ei filtreerita ega selitata tugevalt, et s\u00e4ilitada selle n\u00fcansirohke iseloom. Villimisajaks (2023. aastak\u00e4igu puhul 2025. aasta varakevadel) on vein juba saanud hea tasakaalu ja oks\u00fcdatiivse stabiilsuse \u2013 olles valmis v\u00e4\u00e4rikalt pudelis k\u00fcpsema, sarnaselt peenele \u0161ampanjale v\u00f5i valgele Burgundiale. Sara P\u00e9rez on m\u00e4rkinud, et see ros\u00e9 \u201ck\u00fcpsub pudelis h\u00e4mmastavalt\u201d ning isegi varased aastak\u00e4igud on endiselt suurep\u00e4rases vormis ka aastate p\u00e4rast.<\/p>\n\t\t\t\t\t<\/div>\n\t\t\t\t\t\t<\/div>\n\t\t\t\t<\/div>\n\t\t\t\t<div class=\"elementor-element elementor-element-f22db15 elementor-widget elementor-widget-wd_text_block\" data-id=\"f22db15\" data-element_type=\"widget\" data-e-type=\"widget\" data-widget_type=\"wd_text_block.default\">\n\t\t\t\t<div class=\"elementor-widget-container\">\n\t\t\t\t\t\t\t<div class=\"wd-text-block reset-last-child text-left\">\n\t\t\t\n\t\t\t<h3 class=\"cvGsUA direction-ltr align-justify para-style-body\"><span class=\"OYPEnA font-feature-liga-off font-feature-clig-off font-feature-calt-off text-decoration-none text-strikethrough-none\">Maitsenoodid:<\/span><\/h3><p class=\"cvGsUA direction-ltr align-justify para-style-body\">Dido La Soluci\u00f3 Rosa 2023 on kahvatus l\u00f5heroosas toonis, vasksete helkidega \u2013 samal tasemel maailma parimate gastronoomiliste ros\u00e9\u2019dega. Aroomis on see peen ja \u00f5rn, pakkudes huvitavat segu valgest virsikust ja metsmaasikatest, \u00f5rnadest kuivatatud lilledest ning iseloomulikust tulekivisest mineraalsusest. Taustal on aimata kerget mahedat mullasust ja Vahemere \u00fcrte, mis peegeldavad terroir\u2019 keerukust. Maitses on see kuiv, keskmise t\u00e4idlusega ja tekstuurne, \u00fcllatavalt kihiline. Alguses avalduvad valged puuviljad (pirn, virsik) ja k\u00fcps tsitrus, mille j\u00e4rel ilmuvad punaste marjade n\u00fcansid, nagu metsmaasikas \u2013 k\u00f5ik p\u00f5imitud v\u00e4rske happega. Pikk p\u00e4rmisettel laagerdumine annab kreemise, \u00fcmara suutunde ja kerge tanniinise haarde (peaaegu fenoolse struktuuri), kuid vein j\u00e4\u00e4b mineraalse selgroo toel elavaks. Degusteerijad m\u00e4rgivad \u201cpeaaegu soolakat l\u00f5ppmaitset\u201d \u2013 n\u00fcansid kuivatatud \u00fcrtidest, v\u00fcrtsidest (kaneel ja vanilje vanast tammest) ning pikk, kriidine mineraalj\u00e4rell\u00f5pp. Vaatamata maitse rikkusele j\u00e4\u00e4b vein s\u00e4ravaks ja v\u00e4rskendavaks, alkoholisisaldusega vaid umbes 13,5% ja suurep\u00e4rase tasakaaluga.<\/p><h3 class=\"cvGsUA direction-ltr align-justify para-style-body\"><span class=\"OYPEnA font-feature-liga-off font-feature-clig-off font-feature-calt-off text-decoration-none text-strikethrough-none\">Toidusoovitus:<\/span><\/h3><p class=\"cvGsUA direction-ltr align-justify para-style-body\">Dido Ros\u00e9\u2019t kirjeldatakse sageli kui \u201cgastronoomilist ros\u00e9\u2019d\u201d \u2013 see on loodud s\u00f6\u00f6ki saatma. Selle soolakas s\u00fcgavus ja kr\u00f5mpsuv struktuur muudavad ta laual v\u00e4ga mitmek\u00fclgseks. Kataloonias sobitatakse seda sageli tapaste ja riisiroogadega \u2013 suurep\u00e4rane oleks n\u00e4iteks mereandide paella v\u00f5i fideu\u00e0, kus veini keha ja mineraalne l\u00f5ige taluvad h\u00e4sti safrani ja k\u00fc\u00fcslaugu maitset. Veini hape ja peen tanniin lasevad seda sobitada ka grillitud kaladega (nt tuunikala v\u00f5i l\u00f5he) ning rikkamate linnuliha\u00adroogadega (nt \u00fcrtidega r\u00f6stitud kana). See peab vastu isegi kergemale ulukilihale v\u00f5i sealihale \u2013 n\u00e4iteks k\u00fc\u00fclikuh hautis v\u00f5i rosmariiniga Iberico sea pihvid \u2013 t\u00e4nu soolasele, maal\u00e4hedasele n\u00fcansile. Samal ajal ei varjuta delikaatsed puuvilja- ja lilletoonid peenemaid roogi, mist\u00f5ttu ka Vahemere salatid, lihavalik v\u00f5i pehmed juustud sobivad selle ros\u00e9 k\u00f5rvale h\u00e4sti. Kokkuv\u00f5ttes on see ros\u00e9, mis v\u00f5ib saata kogu einet alates eelroast kuni pearoani.<\/p>\n\t\t\t\t\t<\/div>\n\t\t\t\t\t\t<\/div>\n\t\t\t\t<\/div>\n\t\t\t\t<div class=\"elementor-element elementor-element-79dff25 elementor-widget elementor-widget-wd_text_block\" data-id=\"79dff25\" data-element_type=\"widget\" data-e-type=\"widget\" data-widget_type=\"wd_text_block.default\">\n\t\t\t\t<div class=\"elementor-widget-container\">\n\t\t\t\t\t\t\t<div class=\"wd-text-block reset-last-child text-left\">\n\t\t\t\n\t\t\t<h3 class=\"cvGsUA direction-ltr align-justify para-style-body\"><span class=\"OYPEnA font-feature-liga-off font-feature-clig-off font-feature-calt-off text-decoration-none text-strikethrough-none\">S\u00e4ilitamispotentsiaal:<\/span><\/h3><p>Erinevalt enamikust ros\u00e9\u2019dest on La Soluci\u00f3 Rosa loodud k\u00fcpsema ja arenema. Tegijad kohtlevad seda meelega nagu peent valget veini ja lasevad sellel hiljem turule j\u00f5uda; n\u00e4iteks 2023. aasta m\u00fc\u00fcakse aasta p\u00e4rast saagikoristust, juba m\u00f5ningase pudelilaagerdusega. Terve hape, fenoolne struktuur ja oks\u00fcdatiivne laagerdus v\u00f5imaldavad ros\u00e9\u2019l areneda kergesti 3\u20135 aastat ja headel aastak\u00e4ikudel isegi kuni 8\u201310 aastat pudelis. Veinikriitikud on kinnitanud selle pikaealisust: vanemad aastak\u00e4igud saavad p\u00e4hklise komplekssuse, kaotamata v\u00e4rskust. Tim Atkin MW m\u00e4rgib, et jahedamatel aastatel on vein noorena \u201ckarm, elegantne ja terav\u201d (peaaegu nagu valge vein) ning tasub kannatlikkust. Ta hindas 2022. aastak\u00e4iku kui \u00fcht Montsant\u2019i parimat ros\u00e9\u2019d ja ennustas, et see p\u00fcsib suurep\u00e4rases joogivormis kuni 2032. aastani. Kokkuv\u00f5ttes v\u00f5ib 2023. aasta Dido Ros\u00e9 julgelt keldrisse j\u00e4tta paariks aastaks \u2013 see v\u00f5ib arendada veelgi rohkem soolakaid n\u00fcansse ja mett meenutavaid noote \u2013 kuigi see on ka praegu imeline neile, kes eelistavad elavat, mineraalset stiili.<\/p><h3 class=\"cvGsUA direction-ltr align-justify para-style-body\"><span class=\"OYPEnA font-feature-liga-off font-feature-clig-off font-feature-calt-off text-decoration-none text-strikethrough-none\">Hinnangud &amp; tunnustused:<\/span><\/h3><p>Dido La Soluci\u00f3 Rosa on saanud kriitikutelt \u00fclemaailmset tunnustust, saavutades sageli oma kategooria tippkohti. 2021. aasta (suurep\u00e4rane jahedam aastak\u00e4ik) sai <em data-start=\"5575\" data-end=\"5596\">Wine Enthusiast\u2019ilt<\/em> 94 punkti, kiites selle muljetavaldavat s\u00fcgavust, tulekivist mineraalsust ja \u201chuvitavat, maitsvat\u201d iseloomu. Hispaania kriitik Luis Guti\u00e9rrez (<em data-start=\"5740\" data-end=\"5755\">Wine Advocate<\/em>) andis samuti 2021. aastale 94 punkti, m\u00e4rkides selle ainulaadset isikup\u00e4ra \u2013 \u201cebatavaline, iseloomuga ros\u00e9\u201d reduktiivse, mineraalse profiiliga, mis jahedamatel aastatel \u201cmeenutab palju rohkem valget veini\u2026 karm, elegantne ja terav\u201d. Ta r\u00f5hutas, et vein \u201ck\u00fcpsub pudelis h\u00e4mmastavalt\u201d ja varased aastak\u00e4igud on endiselt eluj\u00f5ulised. Kuuma 2022. aasta puhul andis Guti\u00e9rrez siiski tugeva 93+ punkti, samal ajal kui Tim Atkin MW hindas seda 94 punktiga ja nimetas seda \u201c\u00fcheks piirkonna parimaks rosado\u2019ks\u201d, kirjeldades selle metsikuid lillen\u00fcansse ja sooja maa noote ning kiites, kuidas vein \u201csuus aina avaneb ja avaneb\u201d. Lisaks t\u00f5stis USA v\u00e4ljaanne <em data-start=\"6403\" data-end=\"6413\">VinePair<\/em> 2025. aastal esile 94-punktise arvustusega, kiites \u201ckreemjat, \u00fcmara suutunnet\u2026 kuivatatud \u00fcrtide ja kaneeli noote\u2026 [ning] soolast ja n\u00fcansirikast\u201d stiili, mis sobib sama h\u00e4sti iseseisvalt nautimiseks kui toiduga. Selline j\u00e4rjepidev k\u00f5rge tunnustus mitme aastak\u00e4igu ja arvustaja poolt kinnitab La Soluci\u00f3 Rosa positsiooni Hispaania ros\u00e9\u2019de etalonina, v\u00f5rreldaval tasemel Provence\u2019i v\u00f5i Rioja parimatega ning t\u00f5eliselt eristuva pakkumisena Montsant\u2019ist.<\/p>\n\t\t\t\t\t<\/div>\n\t\t\t\t\t\t<\/div>\n\t\t\t\t<\/div>\n\t\t\t\t\t<\/div>\n\t\t\t\t<\/div>\n\t\t\t\t<\/div>\n\t\t","protected":false},"excerpt":{"rendered":"<p>Elegantne Montsanti regiooni ros\u00e9\u2011vein \u2014 rikkalikult puuviljane, meeldivalt v\u00e4rske ja struktuurne, kohev tekstuur ja n\u00fcansirikas iseloom.<\/p>","protected":false},"featured_media":29737,"template":"","meta":[],"product_brand":[168],"product_cat":[188,29,167],"product_tag":[],"class_list":{"0":"post-27938","1":"product","2":"type-product","3":"status-publish","4":"has-post-thumbnail","6":"product_brand-venus-la-universal","7":"product_cat-aasta-vein-2026","8":"product_cat-koik-tooted","9":"product_cat-roosa-vein","10":"pa_piirkond-montsant","12":"first","13":"instock","14":"sale","15":"featured","16":"taxable","17":"shipping-taxable","18":"purchasable","19":"product-type-simple"},"yoast_head":"<!-- This site is optimized with the Yoast SEO plugin v27.4 - https:\/\/yoast.com\/product\/yoast-seo-wordpress\/ -->\n<title>Dido La Solucio Rosa 2023 - diWine &ndash; Premium kvaliteetveinid &uuml;le maailma | Eesti veinipood<\/title>\n<meta name=\"robots\" content=\"index, follow, max-snippet:-1, max-image-preview:large, max-video-preview:-1\" \/>\n<link rel=\"canonical\" href=\"https:\/\/diwine.ee\/en\/product\/dido-la-solucio-rosa-2023\/\" \/>\n<meta property=\"og:locale\" content=\"en_GB\" \/>\n<meta property=\"og:type\" content=\"article\" \/>\n<meta property=\"og:title\" content=\"Dido La Solucio Rosa 2023 - diWine &ndash; Premium kvaliteetveinid &uuml;le maailma | Eesti veinipood\" \/>\n<meta property=\"og:description\" content=\"Elegantne Montsanti regiooni ros\u00e9\u2011vein \u2014 rikkalikult puuviljane, meeldivalt v\u00e4rske ja struktuurne, kohev tekstuur ja n\u00fcansirikas iseloom.\" \/>\n<meta property=\"og:url\" content=\"https:\/\/diwine.ee\/en\/product\/dido-la-solucio-rosa-2023\/\" \/>\n<meta property=\"og:site_name\" content=\"diWine &ndash; Premium kvaliteetveinid &uuml;le maailma | Eesti veinipood\" \/>\n<meta property=\"article:publisher\" content=\"https:\/\/www.facebook.com\/profile.php?id=61573862347231\" \/>\n<meta property=\"article:modified_time\" content=\"2026-04-14T09:37:57+00:00\" \/>\n<meta property=\"og:image\" content=\"https:\/\/diwine.ee\/wp-content\/uploads\/2025\/08\/didorose-gold.png\" \/>\n\t<meta property=\"og:image:width\" content=\"800\" \/>\n\t<meta property=\"og:image:height\" content=\"800\" \/>\n\t<meta property=\"og:image:type\" content=\"image\/png\" \/>\n<meta name=\"twitter:card\" content=\"summary_large_image\" \/>\n<meta name=\"twitter:label1\" content=\"Estimated reading time\" \/>\n\t<meta name=\"twitter:data1\" content=\"5 minutes\" \/>\n<script type=\"application\/ld+json\" class=\"yoast-schema-graph\">{\"@context\":\"https:\\\/\\\/schema.org\",\"@graph\":[{\"@type\":\"WebPage\",\"@id\":\"https:\\\/\\\/diwine.ee\\\/product\\\/dido-la-solucio-rosa-2023\\\/\",\"url\":\"https:\\\/\\\/diwine.ee\\\/product\\\/dido-la-solucio-rosa-2023\\\/\",\"name\":\"Dido La Solucio Rosa 2023 - diWine &ndash; Premium kvaliteetveinid &uuml;le maailma | Eesti veinipood\",\"isPartOf\":{\"@id\":\"https:\\\/\\\/diwine.ee\\\/#website\"},\"primaryImageOfPage\":{\"@id\":\"https:\\\/\\\/diwine.ee\\\/product\\\/dido-la-solucio-rosa-2023\\\/#primaryimage\"},\"image\":{\"@id\":\"https:\\\/\\\/diwine.ee\\\/product\\\/dido-la-solucio-rosa-2023\\\/#primaryimage\"},\"thumbnailUrl\":\"https:\\\/\\\/diwine.ee\\\/wp-content\\\/uploads\\\/2025\\\/08\\\/didorose-gold.png\",\"datePublished\":\"2025-08-11T13:27:01+00:00\",\"dateModified\":\"2026-04-14T09:37:57+00:00\",\"breadcrumb\":{\"@id\":\"https:\\\/\\\/diwine.ee\\\/product\\\/dido-la-solucio-rosa-2023\\\/#breadcrumb\"},\"inLanguage\":\"en-GB\",\"potentialAction\":[{\"@type\":\"ReadAction\",\"target\":[\"https:\\\/\\\/diwine.ee\\\/product\\\/dido-la-solucio-rosa-2023\\\/\"]}]},{\"@type\":\"ImageObject\",\"inLanguage\":\"en-GB\",\"@id\":\"https:\\\/\\\/diwine.ee\\\/product\\\/dido-la-solucio-rosa-2023\\\/#primaryimage\",\"url\":\"https:\\\/\\\/diwine.ee\\\/wp-content\\\/uploads\\\/2025\\\/08\\\/didorose-gold.png\",\"contentUrl\":\"https:\\\/\\\/diwine.ee\\\/wp-content\\\/uploads\\\/2025\\\/08\\\/didorose-gold.png\",\"width\":800,\"height\":800},{\"@type\":\"BreadcrumbList\",\"@id\":\"https:\\\/\\\/diwine.ee\\\/product\\\/dido-la-solucio-rosa-2023\\\/#breadcrumb\",\"itemListElement\":[{\"@type\":\"ListItem\",\"position\":1,\"name\":\"Home\",\"item\":\"https:\\\/\\\/diwine.ee\\\/\"},{\"@type\":\"ListItem\",\"position\":2,\"name\":\"e-pood\",\"item\":\"https:\\\/\\\/diwine.ee\\\/tooted\\\/\"},{\"@type\":\"ListItem\",\"position\":3,\"name\":\"Dido La Solucio Rosa 2023\"}]},{\"@type\":\"WebSite\",\"@id\":\"https:\\\/\\\/diwine.ee\\\/#website\",\"url\":\"https:\\\/\\\/diwine.ee\\\/\",\"name\":\"diWine \u2013 Premium kvaliteetveinid \u00fcle maailma | Eesti veinipood\",\"description\":\"Avasta diWine&#039;i hoolikalt valitud kvaliteetveinid maailma tippveinipiirkondadest. Eksklusiivsed punaveinid, valged veinid, vahuveinid ja eriveinid sinu erilisteks hetkedeks.\",\"publisher\":{\"@id\":\"https:\\\/\\\/diwine.ee\\\/#organization\"},\"potentialAction\":[{\"@type\":\"SearchAction\",\"target\":{\"@type\":\"EntryPoint\",\"urlTemplate\":\"https:\\\/\\\/diwine.ee\\\/?s={search_term_string}\"},\"query-input\":{\"@type\":\"PropertyValueSpecification\",\"valueRequired\":true,\"valueName\":\"search_term_string\"}}],\"inLanguage\":\"en-GB\"},{\"@type\":\"Organization\",\"@id\":\"https:\\\/\\\/diwine.ee\\\/#organization\",\"name\":\"diWine veinipood\",\"url\":\"https:\\\/\\\/diwine.ee\\\/\",\"logo\":{\"@type\":\"ImageObject\",\"inLanguage\":\"en-GB\",\"@id\":\"https:\\\/\\\/diwine.ee\\\/#\\\/schema\\\/logo\\\/image\\\/\",\"url\":\"https:\\\/\\\/diwine.ee\\\/wp-content\\\/uploads\\\/2025\\\/04\\\/diWine-1080-x-1080-px.png\",\"contentUrl\":\"https:\\\/\\\/diwine.ee\\\/wp-content\\\/uploads\\\/2025\\\/04\\\/diWine-1080-x-1080-px.png\",\"width\":1080,\"height\":1080,\"caption\":\"diWine veinipood\"},\"image\":{\"@id\":\"https:\\\/\\\/diwine.ee\\\/#\\\/schema\\\/logo\\\/image\\\/\"},\"sameAs\":[\"https:\\\/\\\/www.facebook.com\\\/profile.php?id=61573862347231\",\"https:\\\/\\\/www.instagram.com\\\/diwine.ee\"]}]}<\/script>\n<!-- \/ Yoast SEO plugin. -->","yoast_head_json":{"title":"Dido La Solucio Rosa 2023 - diWine &ndash; Premium kvaliteetveinid &uuml;le maailma | Eesti veinipood","robots":{"index":"index","follow":"follow","max-snippet":"max-snippet:-1","max-image-preview":"max-image-preview:large","max-video-preview":"max-video-preview:-1"},"canonical":"https:\/\/diwine.ee\/en\/product\/dido-la-solucio-rosa-2023\/","og_locale":"en_GB","og_type":"article","og_title":"Dido La Solucio Rosa 2023 - diWine &ndash; Premium kvaliteetveinid &uuml;le maailma | Eesti veinipood","og_description":"Elegantne Montsanti regiooni ros\u00e9\u2011vein \u2014 rikkalikult puuviljane, meeldivalt v\u00e4rske ja struktuurne, kohev tekstuur ja n\u00fcansirikas iseloom.","og_url":"https:\/\/diwine.ee\/en\/product\/dido-la-solucio-rosa-2023\/","og_site_name":"diWine &ndash; Premium kvaliteetveinid &uuml;le maailma | Eesti veinipood","article_publisher":"https:\/\/www.facebook.com\/profile.php?id=61573862347231","article_modified_time":"2026-04-14T09:37:57+00:00","og_image":[{"width":800,"height":800,"url":"https:\/\/diwine.ee\/wp-content\/uploads\/2025\/08\/didorose-gold.png","type":"image\/png"}],"twitter_card":"summary_large_image","twitter_misc":{"Estimated reading time":"5 minutes"},"schema":{"@context":"https:\/\/schema.org","@graph":[{"@type":"WebPage","@id":"https:\/\/diwine.ee\/product\/dido-la-solucio-rosa-2023\/","url":"https:\/\/diwine.ee\/product\/dido-la-solucio-rosa-2023\/","name":"Dido La Solucio Rosa 2023 - diWine &ndash; Premium kvaliteetveinid &uuml;le maailma | Eesti veinipood","isPartOf":{"@id":"https:\/\/diwine.ee\/#website"},"primaryImageOfPage":{"@id":"https:\/\/diwine.ee\/product\/dido-la-solucio-rosa-2023\/#primaryimage"},"image":{"@id":"https:\/\/diwine.ee\/product\/dido-la-solucio-rosa-2023\/#primaryimage"},"thumbnailUrl":"https:\/\/diwine.ee\/wp-content\/uploads\/2025\/08\/didorose-gold.png","datePublished":"2025-08-11T13:27:01+00:00","dateModified":"2026-04-14T09:37:57+00:00","breadcrumb":{"@id":"https:\/\/diwine.ee\/product\/dido-la-solucio-rosa-2023\/#breadcrumb"},"inLanguage":"en-GB","potentialAction":[{"@type":"ReadAction","target":["https:\/\/diwine.ee\/product\/dido-la-solucio-rosa-2023\/"]}]},{"@type":"ImageObject","inLanguage":"en-GB","@id":"https:\/\/diwine.ee\/product\/dido-la-solucio-rosa-2023\/#primaryimage","url":"https:\/\/diwine.ee\/wp-content\/uploads\/2025\/08\/didorose-gold.png","contentUrl":"https:\/\/diwine.ee\/wp-content\/uploads\/2025\/08\/didorose-gold.png","width":800,"height":800},{"@type":"BreadcrumbList","@id":"https:\/\/diwine.ee\/product\/dido-la-solucio-rosa-2023\/#breadcrumb","itemListElement":[{"@type":"ListItem","position":1,"name":"Home","item":"https:\/\/diwine.ee\/"},{"@type":"ListItem","position":2,"name":"e-pood","item":"https:\/\/diwine.ee\/tooted\/"},{"@type":"ListItem","position":3,"name":"Dido La Solucio Rosa 2023"}]},{"@type":"WebSite","@id":"https:\/\/diwine.ee\/#website","url":"https:\/\/diwine.ee\/","name":"diWine \u2013 Premium kvaliteetveinid \u00fcle maailma | Eesti veinipood","description":"Avasta diWine&#039;i hoolikalt valitud kvaliteetveinid maailma tippveinipiirkondadest. Eksklusiivsed punaveinid, valged veinid, vahuveinid ja eriveinid sinu erilisteks hetkedeks.","publisher":{"@id":"https:\/\/diwine.ee\/#organization"},"potentialAction":[{"@type":"SearchAction","target":{"@type":"EntryPoint","urlTemplate":"https:\/\/diwine.ee\/?s={search_term_string}"},"query-input":{"@type":"PropertyValueSpecification","valueRequired":true,"valueName":"search_term_string"}}],"inLanguage":"en-GB"},{"@type":"Organization","@id":"https:\/\/diwine.ee\/#organization","name":"diWine veinipood","url":"https:\/\/diwine.ee\/","logo":{"@type":"ImageObject","inLanguage":"en-GB","@id":"https:\/\/diwine.ee\/#\/schema\/logo\/image\/","url":"https:\/\/diwine.ee\/wp-content\/uploads\/2025\/04\/diWine-1080-x-1080-px.png","contentUrl":"https:\/\/diwine.ee\/wp-content\/uploads\/2025\/04\/diWine-1080-x-1080-px.png","width":1080,"height":1080,"caption":"diWine veinipood"},"image":{"@id":"https:\/\/diwine.ee\/#\/schema\/logo\/image\/"},"sameAs":["https:\/\/www.facebook.com\/profile.php?id=61573862347231","https:\/\/www.instagram.com\/diwine.ee"]}]}},"jetpack_sharing_enabled":true,"_links":{"self":[{"href":"https:\/\/diwine.ee\/en\/wp-json\/wp\/v2\/product\/27938","targetHints":{"allow":["GET"]}}],"collection":[{"href":"https:\/\/diwine.ee\/en\/wp-json\/wp\/v2\/product"}],"about":[{"href":"https:\/\/diwine.ee\/en\/wp-json\/wp\/v2\/types\/product"}],"version-history":[{"count":2,"href":"https:\/\/diwine.ee\/en\/wp-json\/wp\/v2\/product\/27938\/revisions"}],"predecessor-version":[{"id":29738,"href":"https:\/\/diwine.ee\/en\/wp-json\/wp\/v2\/product\/27938\/revisions\/29738"}],"wp:featuredmedia":[{"embeddable":true,"href":"https:\/\/diwine.ee\/en\/wp-json\/wp\/v2\/media\/29737"}],"wp:attachment":[{"href":"https:\/\/diwine.ee\/en\/wp-json\/wp\/v2\/media?parent=27938"}],"wp:term":[{"taxonomy":"product_brand","embeddable":true,"href":"https:\/\/diwine.ee\/en\/wp-json\/wp\/v2\/product_brand?post=27938"},{"taxonomy":"product_cat","embeddable":true,"href":"https:\/\/diwine.ee\/en\/wp-json\/wp\/v2\/product_cat?post=27938"},{"taxonomy":"product_tag","embeddable":true,"href":"https:\/\/diwine.ee\/en\/wp-json\/wp\/v2\/product_tag?post=27938"}],"curies":[{"name":"wp","href":"https:\/\/api.w.org\/{rel}","templated":true}]}}