{"id":28024,"date":"2025-10-29T11:46:34","date_gmt":"2025-10-29T09:46:34","guid":{"rendered":"https:\/\/diwine.ee\/?post_type=product&#038;p=28024"},"modified":"2026-04-14T12:42:44","modified_gmt":"2026-04-14T09:42:44","slug":"regis-poissinet-lemergente-nv","status":"publish","type":"product","link":"https:\/\/diwine.ee\/en\/product\/regis-poissinet-lemergente-nv\/","title":{"rendered":"R\u00e9gis Poissinet L&#8217;\u00e9mergente NV &#8211; Exra Brut"},"content":{"rendered":"<div data-elementor-type=\"wp-post\" data-elementor-id=\"28024\" class=\"elementor elementor-28024\">\n\t\t\t\t<div class=\"wd-negative-gap elementor-element elementor-element-b496628 e-grid e-con-boxed e-con e-parent\" data-id=\"b496628\" data-element_type=\"container\" data-e-type=\"container\">\n\t\t\t\t\t<div class=\"e-con-inner\">\n\t\t\t\t<div class=\"elementor-element elementor-element-aa23989 elementor-widget elementor-widget-wd_text_block\" data-id=\"aa23989\" data-element_type=\"widget\" data-e-type=\"widget\" data-widget_type=\"wd_text_block.default\">\n\t\t\t\t<div class=\"elementor-widget-container\">\n\t\t\t\t\t\t\t<div class=\"wd-text-block reset-last-child text-left\">\n\t\t\t\n\t\t\t<h3 class=\"cvGsUA direction-ltr align-justify para-style-body\"><span class=\"OYPEnA font-feature-liga-off font-feature-clig-off font-feature-calt-off text-decoration-none text-strikethrough-none\">Veini lugu:<\/span><\/h3><p data-start=\"250\" data-end=\"518\"><em data-start=\"998\" data-end=\"1011\">L\u2019\u00e9mergente<\/em> on Poissinet\u2019 majale iseloomulik cuv\u00e9e, mis s\u00fcmboliseerib \u201eesilet\u00f5usmist\u201c \u2013 maa ja inimese koost\u00f6\u00f6 tulemust, mis t\u00f5stab esile Cuchery lubjakivise ja savise pinnase omap\u00e4ra. See on \u0161ampanja, mille eesm\u00e4rk pole s\u00e4ra ega j\u00f5ud, vaid tasakaal ja sisemine energia.<br data-start=\"1270\" data-end=\"1273\" \/>Vein on loodud v\u00e4ljendamaks Marne\u2019i oru Meunier\u2019i elegantsust, millele lisab struktuuri ja selgroogu v\u00e4ike osakaal Chardonnay\u2019d.<\/p><p class=\"cvGsUA direction-ltr align-justify para-style-body\"><span style=\"color: #1b1919; font-size: 22px;\">Veini valmistamine:<\/span><\/p><p data-start=\"1082\" data-end=\"1463\">L\u2019\u00e9mergente p\u00f5hineb valdavalt Meunier\u2019il (u 80%), mida toetab v\u00e4iksem kogus Chardonnay\u2019d vanadelt viinapuudelt. Viinamarjad koristatakse k\u00e4sitsi ning pressitakse \u00f5rnalt, et s\u00e4ilitada mahlade puhtus. K\u00e4\u00e4rimine toimub looduslike p\u00e4rmidega osaliselt emailitud terastankides ja osaliselt v\u00e4ikestes tammevaatides, kus toimub ka malolaktiline fermentatsioon. Seej\u00e4rel k\u00fcpseb vein v\u00e4hemalt 24\u201336 kuud p\u00e4rmisettel, millele lisatakse minimaalselt umbes 3\u20134 g\/l dosaa\u017ei (Extra-Brut).<\/p>\n\t\t\t\t\t<\/div>\n\t\t\t\t\t\t<\/div>\n\t\t\t\t<\/div>\n\t\t\t\t<div class=\"elementor-element elementor-element-f22db15 elementor-widget elementor-widget-wd_text_block\" data-id=\"f22db15\" data-element_type=\"widget\" data-e-type=\"widget\" data-widget_type=\"wd_text_block.default\">\n\t\t\t\t<div class=\"elementor-widget-container\">\n\t\t\t\t\t\t\t<div class=\"wd-text-block reset-last-child text-left\">\n\t\t\t\n\t\t\t<h3 class=\"cvGsUA direction-ltr align-justify para-style-body\"><span class=\"OYPEnA font-feature-liga-off font-feature-clig-off font-feature-calt-off text-decoration-none text-strikethrough-none\">Maitsenoodid:<\/span><\/h3><p data-start=\"1894\" data-end=\"2184\">V\u00e4rvuselt s\u00e4rav kuldne, peene ja p\u00fcsiva mulliga. Aroomis avalduvad k\u00fcpsed pirnid, kollane \u00f5un, sidrunikoore v\u00e4rskus ning \u00f5rn brioche\u2019i ja metslillede n\u00fcanss. Suulael on vein t\u00e4idlane, samas kerge ja voolav, mille struktuuri raamib elav, mahlane happesus. Maitses on tunda k\u00fcpseid tsitruseid, virsikut ja valget pipart, l\u00f5pp on pikk, mineraalne ja soolaselt kuiv, meenutades kriidist pinnast, kust viinamarjad p\u00e4rit on.<\/p><h3 class=\"cvGsUA direction-ltr align-justify para-style-body\"><span class=\"OYPEnA font-feature-liga-off font-feature-clig-off font-feature-calt-off text-decoration-none text-strikethrough-none\">Toidusoovitus:<\/span><\/h3><p class=\"cvGsUA direction-ltr align-justify para-style-body\">T\u00e4iuslik kaaslane v\u00e4rsketele austritele ja krevettidele, samuti grillitud meriahvenale v\u00f5i tursale sidruni ja \u00fcrtidega. L\u2019\u00e9mergente sobib ka k\u00fcpsetatud linnuliha, peene valge juustu v\u00f5i Aasia k\u00f6\u00f6gi kergete roogadega, kus domineerib laim, ingver v\u00f5i koriander.<\/p>\n\t\t\t\t\t<\/div>\n\t\t\t\t\t\t<\/div>\n\t\t\t\t<\/div>\n\t\t\t\t<div class=\"elementor-element elementor-element-79dff25 elementor-widget elementor-widget-wd_text_block\" data-id=\"79dff25\" data-element_type=\"widget\" data-e-type=\"widget\" data-widget_type=\"wd_text_block.default\">\n\t\t\t\t<div class=\"elementor-widget-container\">\n\t\t\t\t\t\t\t<div class=\"wd-text-block reset-last-child text-left\">\n\t\t\t\n\t\t\t<h3 class=\"cvGsUA direction-ltr align-justify para-style-body\"><span class=\"OYPEnA font-feature-liga-off font-feature-clig-off font-feature-calt-off text-decoration-none text-strikethrough-none\">S\u00e4ilitamispotentsiaal:<\/span><\/h3><p data-start=\"30\" data-end=\"380\">Avab end k\u00f5ige paremini 2\u20133 aasta jooksul p\u00e4rast <em>degorgement<\/em>'i, kuid oma tasakaalu ja energilise happe t\u00f5ttu areneb elegantselt v\u00e4hemalt 8 aastat. Aastatega omandab k\u00fcpsema tekstuuri ja brioche\u2019i ning r\u00f6stitud p\u00e4hklite n\u00fcansse.<\/p><h3 class=\"cvGsUA direction-ltr align-justify para-style-body\"><span class=\"OYPEnA font-feature-liga-off font-feature-clig-off font-feature-calt-off text-decoration-none text-strikethrough-none\">Hinnangud &amp; tunnustused:<\/span><\/h3><p><em data-start=\"3010\" data-end=\"3023\">L\u2019\u00e9mergente<\/em> on saanud kriitikutelt ja sommeljeedelt tunnustust oma selge v\u00e4ljenduslaadi ja viimistletud stiili eest. Seda hinnatakse kui \u00fcht Vall\u00e9e de la Marne\u2019i k\u00f5ige iseloomulikumat ja delikaatsemat Meunier-p\u00f5hist \u0161ampanjat, mis \u00fchendab biod\u00fcnaamilise filosoofia ja t\u00e4pse, kaasaegse veinimeistrit\u00f6\u00f6.<\/p>\n\t\t\t\t\t<\/div>\n\t\t\t\t\t\t<\/div>\n\t\t\t\t<\/div>\n\t\t\t\t\t<\/div>\n\t\t\t\t<\/div>\n\t\t\t\t<\/div>","protected":false},"excerpt":{"rendered":"<p>V\u00e4rske ja mineraalne Extra-Brut Vall\u00e9e de la Marne\u2019ist, kus Meunier\u2019i mahlakas puuviljasus kohtub peene p\u00e4rmisuse ja kuiva, soolaselt pikeneva l\u00f5puga.<\/p>","protected":false},"featured_media":29745,"template":"","meta":[],"product_brand":[169],"product_cat":[188,29,93],"product_tag":[],"class_list":{"0":"post-28024","1":"product","2":"type-product","3":"status-publish","4":"has-post-thumbnail","6":"product_brand-regis-poissinet","7":"product_cat-aasta-vein-2026","8":"product_cat-koik-tooted","9":"product_cat-sampanja","10":"pa_piirkond-champagne","11":"pa_viinamarjasort-chardonnay","12":"pa_viinamarjasort-meunier","14":"first","15":"instock","16":"sale","17":"featured","18":"taxable","19":"shipping-taxable","20":"purchasable","21":"product-type-simple"},"yoast_head":"<!-- This site is optimized with the Yoast SEO plugin v27.4 - https:\/\/yoast.com\/product\/yoast-seo-wordpress\/ -->\n<title>R\u00e9gis Poissinet L&#039;\u00e9mergente NV - Exra Brut - diWine &ndash; Premium kvaliteetveinid &uuml;le maailma | Eesti veinipood<\/title>\n<meta name=\"robots\" content=\"index, follow, max-snippet:-1, max-image-preview:large, max-video-preview:-1\" \/>\n<link rel=\"canonical\" href=\"https:\/\/diwine.ee\/en\/product\/regis-poissinet-lemergente-nv\/\" \/>\n<meta property=\"og:locale\" content=\"en_GB\" \/>\n<meta property=\"og:type\" content=\"article\" \/>\n<meta property=\"og:title\" content=\"R\u00e9gis Poissinet L&#039;\u00e9mergente NV - Exra Brut - diWine &ndash; Premium kvaliteetveinid &uuml;le maailma | Eesti veinipood\" \/>\n<meta property=\"og:description\" content=\"V\u00e4rske ja mineraalne Extra-Brut Vall\u00e9e de la Marne\u2019ist, kus Meunier\u2019i mahlakas puuviljasus kohtub peene p\u00e4rmisuse ja kuiva, soolaselt pikeneva l\u00f5puga.\" \/>\n<meta property=\"og:url\" content=\"https:\/\/diwine.ee\/en\/product\/regis-poissinet-lemergente-nv\/\" \/>\n<meta property=\"og:site_name\" content=\"diWine &ndash; Premium kvaliteetveinid &uuml;le maailma | Eesti veinipood\" \/>\n<meta property=\"article:publisher\" content=\"https:\/\/www.facebook.com\/profile.php?id=61573862347231\" \/>\n<meta property=\"article:modified_time\" content=\"2026-04-14T09:42:44+00:00\" \/>\n<meta property=\"og:image\" content=\"https:\/\/diwine.ee\/wp-content\/uploads\/2025\/10\/Lemergente-NV-800x800-bronze.png\" \/>\n\t<meta property=\"og:image:width\" content=\"800\" \/>\n\t<meta property=\"og:image:height\" content=\"800\" \/>\n\t<meta property=\"og:image:type\" content=\"image\/png\" \/>\n<meta name=\"twitter:card\" content=\"summary_large_image\" \/>\n<meta name=\"twitter:label1\" content=\"Estimated reading time\" \/>\n\t<meta name=\"twitter:data1\" content=\"2 minutes\" \/>\n<script type=\"application\/ld+json\" class=\"yoast-schema-graph\">{\"@context\":\"https:\\\/\\\/schema.org\",\"@graph\":[{\"@type\":\"WebPage\",\"@id\":\"https:\\\/\\\/diwine.ee\\\/product\\\/regis-poissinet-lemergente-nv\\\/\",\"url\":\"https:\\\/\\\/diwine.ee\\\/product\\\/regis-poissinet-lemergente-nv\\\/\",\"name\":\"R\u00e9gis Poissinet L'\u00e9mergente NV - Exra Brut - diWine &ndash; Premium kvaliteetveinid &uuml;le maailma | Eesti veinipood\",\"isPartOf\":{\"@id\":\"https:\\\/\\\/diwine.ee\\\/#website\"},\"primaryImageOfPage\":{\"@id\":\"https:\\\/\\\/diwine.ee\\\/product\\\/regis-poissinet-lemergente-nv\\\/#primaryimage\"},\"image\":{\"@id\":\"https:\\\/\\\/diwine.ee\\\/product\\\/regis-poissinet-lemergente-nv\\\/#primaryimage\"},\"thumbnailUrl\":\"https:\\\/\\\/diwine.ee\\\/wp-content\\\/uploads\\\/2025\\\/10\\\/Lemergente-NV-800x800-bronze.png\",\"datePublished\":\"2025-10-29T09:46:34+00:00\",\"dateModified\":\"2026-04-14T09:42:44+00:00\",\"breadcrumb\":{\"@id\":\"https:\\\/\\\/diwine.ee\\\/product\\\/regis-poissinet-lemergente-nv\\\/#breadcrumb\"},\"inLanguage\":\"en-GB\",\"potentialAction\":[{\"@type\":\"ReadAction\",\"target\":[\"https:\\\/\\\/diwine.ee\\\/product\\\/regis-poissinet-lemergente-nv\\\/\"]}]},{\"@type\":\"ImageObject\",\"inLanguage\":\"en-GB\",\"@id\":\"https:\\\/\\\/diwine.ee\\\/product\\\/regis-poissinet-lemergente-nv\\\/#primaryimage\",\"url\":\"https:\\\/\\\/diwine.ee\\\/wp-content\\\/uploads\\\/2025\\\/10\\\/Lemergente-NV-800x800-bronze.png\",\"contentUrl\":\"https:\\\/\\\/diwine.ee\\\/wp-content\\\/uploads\\\/2025\\\/10\\\/Lemergente-NV-800x800-bronze.png\",\"width\":800,\"height\":800},{\"@type\":\"BreadcrumbList\",\"@id\":\"https:\\\/\\\/diwine.ee\\\/product\\\/regis-poissinet-lemergente-nv\\\/#breadcrumb\",\"itemListElement\":[{\"@type\":\"ListItem\",\"position\":1,\"name\":\"Home\",\"item\":\"https:\\\/\\\/diwine.ee\\\/\"},{\"@type\":\"ListItem\",\"position\":2,\"name\":\"e-pood\",\"item\":\"https:\\\/\\\/diwine.ee\\\/tooted\\\/\"},{\"@type\":\"ListItem\",\"position\":3,\"name\":\"R\u00e9gis Poissinet L&#8217;\u00e9mergente NV &#8211; Exra Brut\"}]},{\"@type\":\"WebSite\",\"@id\":\"https:\\\/\\\/diwine.ee\\\/#website\",\"url\":\"https:\\\/\\\/diwine.ee\\\/\",\"name\":\"diWine \u2013 Premium kvaliteetveinid \u00fcle maailma | Eesti veinipood\",\"description\":\"Avasta diWine&#039;i hoolikalt valitud kvaliteetveinid maailma tippveinipiirkondadest. Eksklusiivsed punaveinid, valged veinid, vahuveinid ja eriveinid sinu erilisteks hetkedeks.\",\"publisher\":{\"@id\":\"https:\\\/\\\/diwine.ee\\\/#organization\"},\"potentialAction\":[{\"@type\":\"SearchAction\",\"target\":{\"@type\":\"EntryPoint\",\"urlTemplate\":\"https:\\\/\\\/diwine.ee\\\/?s={search_term_string}\"},\"query-input\":{\"@type\":\"PropertyValueSpecification\",\"valueRequired\":true,\"valueName\":\"search_term_string\"}}],\"inLanguage\":\"en-GB\"},{\"@type\":\"Organization\",\"@id\":\"https:\\\/\\\/diwine.ee\\\/#organization\",\"name\":\"diWine veinipood\",\"url\":\"https:\\\/\\\/diwine.ee\\\/\",\"logo\":{\"@type\":\"ImageObject\",\"inLanguage\":\"en-GB\",\"@id\":\"https:\\\/\\\/diwine.ee\\\/#\\\/schema\\\/logo\\\/image\\\/\",\"url\":\"https:\\\/\\\/diwine.ee\\\/wp-content\\\/uploads\\\/2025\\\/04\\\/diWine-1080-x-1080-px.png\",\"contentUrl\":\"https:\\\/\\\/diwine.ee\\\/wp-content\\\/uploads\\\/2025\\\/04\\\/diWine-1080-x-1080-px.png\",\"width\":1080,\"height\":1080,\"caption\":\"diWine veinipood\"},\"image\":{\"@id\":\"https:\\\/\\\/diwine.ee\\\/#\\\/schema\\\/logo\\\/image\\\/\"},\"sameAs\":[\"https:\\\/\\\/www.facebook.com\\\/profile.php?id=61573862347231\",\"https:\\\/\\\/www.instagram.com\\\/diwine.ee\"]}]}<\/script>\n<!-- \/ Yoast SEO plugin. -->","yoast_head_json":{"title":"R\u00e9gis Poissinet L'\u00e9mergente NV - Exra Brut - diWine &ndash; Premium kvaliteetveinid &uuml;le maailma | Eesti veinipood","robots":{"index":"index","follow":"follow","max-snippet":"max-snippet:-1","max-image-preview":"max-image-preview:large","max-video-preview":"max-video-preview:-1"},"canonical":"https:\/\/diwine.ee\/en\/product\/regis-poissinet-lemergente-nv\/","og_locale":"en_GB","og_type":"article","og_title":"R\u00e9gis Poissinet L'\u00e9mergente NV - Exra Brut - diWine &ndash; Premium kvaliteetveinid &uuml;le maailma | Eesti veinipood","og_description":"V\u00e4rske ja mineraalne Extra-Brut Vall\u00e9e de la Marne\u2019ist, kus Meunier\u2019i mahlakas puuviljasus kohtub peene p\u00e4rmisuse ja kuiva, soolaselt pikeneva l\u00f5puga.","og_url":"https:\/\/diwine.ee\/en\/product\/regis-poissinet-lemergente-nv\/","og_site_name":"diWine &ndash; Premium kvaliteetveinid &uuml;le maailma | Eesti veinipood","article_publisher":"https:\/\/www.facebook.com\/profile.php?id=61573862347231","article_modified_time":"2026-04-14T09:42:44+00:00","og_image":[{"width":800,"height":800,"url":"https:\/\/diwine.ee\/wp-content\/uploads\/2025\/10\/Lemergente-NV-800x800-bronze.png","type":"image\/png"}],"twitter_card":"summary_large_image","twitter_misc":{"Estimated reading time":"2 minutes"},"schema":{"@context":"https:\/\/schema.org","@graph":[{"@type":"WebPage","@id":"https:\/\/diwine.ee\/product\/regis-poissinet-lemergente-nv\/","url":"https:\/\/diwine.ee\/product\/regis-poissinet-lemergente-nv\/","name":"R\u00e9gis Poissinet L'\u00e9mergente NV - Exra Brut - diWine &ndash; Premium kvaliteetveinid &uuml;le maailma | Eesti veinipood","isPartOf":{"@id":"https:\/\/diwine.ee\/#website"},"primaryImageOfPage":{"@id":"https:\/\/diwine.ee\/product\/regis-poissinet-lemergente-nv\/#primaryimage"},"image":{"@id":"https:\/\/diwine.ee\/product\/regis-poissinet-lemergente-nv\/#primaryimage"},"thumbnailUrl":"https:\/\/diwine.ee\/wp-content\/uploads\/2025\/10\/Lemergente-NV-800x800-bronze.png","datePublished":"2025-10-29T09:46:34+00:00","dateModified":"2026-04-14T09:42:44+00:00","breadcrumb":{"@id":"https:\/\/diwine.ee\/product\/regis-poissinet-lemergente-nv\/#breadcrumb"},"inLanguage":"en-GB","potentialAction":[{"@type":"ReadAction","target":["https:\/\/diwine.ee\/product\/regis-poissinet-lemergente-nv\/"]}]},{"@type":"ImageObject","inLanguage":"en-GB","@id":"https:\/\/diwine.ee\/product\/regis-poissinet-lemergente-nv\/#primaryimage","url":"https:\/\/diwine.ee\/wp-content\/uploads\/2025\/10\/Lemergente-NV-800x800-bronze.png","contentUrl":"https:\/\/diwine.ee\/wp-content\/uploads\/2025\/10\/Lemergente-NV-800x800-bronze.png","width":800,"height":800},{"@type":"BreadcrumbList","@id":"https:\/\/diwine.ee\/product\/regis-poissinet-lemergente-nv\/#breadcrumb","itemListElement":[{"@type":"ListItem","position":1,"name":"Home","item":"https:\/\/diwine.ee\/"},{"@type":"ListItem","position":2,"name":"e-pood","item":"https:\/\/diwine.ee\/tooted\/"},{"@type":"ListItem","position":3,"name":"R\u00e9gis Poissinet L&#8217;\u00e9mergente NV &#8211; Exra Brut"}]},{"@type":"WebSite","@id":"https:\/\/diwine.ee\/#website","url":"https:\/\/diwine.ee\/","name":"diWine \u2013 Premium kvaliteetveinid \u00fcle maailma | Eesti veinipood","description":"Avasta diWine&#039;i hoolikalt valitud kvaliteetveinid maailma tippveinipiirkondadest. Eksklusiivsed punaveinid, valged veinid, vahuveinid ja eriveinid sinu erilisteks hetkedeks.","publisher":{"@id":"https:\/\/diwine.ee\/#organization"},"potentialAction":[{"@type":"SearchAction","target":{"@type":"EntryPoint","urlTemplate":"https:\/\/diwine.ee\/?s={search_term_string}"},"query-input":{"@type":"PropertyValueSpecification","valueRequired":true,"valueName":"search_term_string"}}],"inLanguage":"en-GB"},{"@type":"Organization","@id":"https:\/\/diwine.ee\/#organization","name":"diWine veinipood","url":"https:\/\/diwine.ee\/","logo":{"@type":"ImageObject","inLanguage":"en-GB","@id":"https:\/\/diwine.ee\/#\/schema\/logo\/image\/","url":"https:\/\/diwine.ee\/wp-content\/uploads\/2025\/04\/diWine-1080-x-1080-px.png","contentUrl":"https:\/\/diwine.ee\/wp-content\/uploads\/2025\/04\/diWine-1080-x-1080-px.png","width":1080,"height":1080,"caption":"diWine veinipood"},"image":{"@id":"https:\/\/diwine.ee\/#\/schema\/logo\/image\/"},"sameAs":["https:\/\/www.facebook.com\/profile.php?id=61573862347231","https:\/\/www.instagram.com\/diwine.ee"]}]}},"jetpack_sharing_enabled":true,"_links":{"self":[{"href":"https:\/\/diwine.ee\/en\/wp-json\/wp\/v2\/product\/28024","targetHints":{"allow":["GET"]}}],"collection":[{"href":"https:\/\/diwine.ee\/en\/wp-json\/wp\/v2\/product"}],"about":[{"href":"https:\/\/diwine.ee\/en\/wp-json\/wp\/v2\/types\/product"}],"version-history":[{"count":1,"href":"https:\/\/diwine.ee\/en\/wp-json\/wp\/v2\/product\/28024\/revisions"}],"predecessor-version":[{"id":29729,"href":"https:\/\/diwine.ee\/en\/wp-json\/wp\/v2\/product\/28024\/revisions\/29729"}],"wp:featuredmedia":[{"embeddable":true,"href":"https:\/\/diwine.ee\/en\/wp-json\/wp\/v2\/media\/29745"}],"wp:attachment":[{"href":"https:\/\/diwine.ee\/en\/wp-json\/wp\/v2\/media?parent=28024"}],"wp:term":[{"taxonomy":"product_brand","embeddable":true,"href":"https:\/\/diwine.ee\/en\/wp-json\/wp\/v2\/product_brand?post=28024"},{"taxonomy":"product_cat","embeddable":true,"href":"https:\/\/diwine.ee\/en\/wp-json\/wp\/v2\/product_cat?post=28024"},{"taxonomy":"product_tag","embeddable":true,"href":"https:\/\/diwine.ee\/en\/wp-json\/wp\/v2\/product_tag?post=28024"}],"curies":[{"name":"wp","href":"https:\/\/api.w.org\/{rel}","templated":true}]}}