{"id":28044,"date":"2025-11-09T18:22:58","date_gmt":"2025-11-09T16:22:58","guid":{"rendered":"https:\/\/diwine.ee\/?post_type=product&#038;p=28044"},"modified":"2026-04-14T21:31:52","modified_gmt":"2026-04-14T18:31:52","slug":"bourgeois%e2%80%91diaz-bd3c","status":"publish","type":"product","link":"https:\/\/diwine.ee\/en\/product\/bourgeois%e2%80%91diaz-bd3c\/","title":{"rendered":"Bourgeois\u2011Diaz BD\u20193C \u2013 Brut Nature"},"content":{"rendered":"<div data-elementor-type=\"wp-post\" data-elementor-id=\"28044\" class=\"elementor elementor-28044\">\n\t\t\t\t<div class=\"wd-negative-gap elementor-element elementor-element-b496628 e-grid e-con-boxed e-con e-parent\" data-id=\"b496628\" data-element_type=\"container\" data-e-type=\"container\">\n\t\t\t\t\t<div class=\"e-con-inner\">\n\t\t\t\t<div class=\"elementor-element elementor-element-aa23989 elementor-widget elementor-widget-wd_text_block\" data-id=\"aa23989\" data-element_type=\"widget\" data-e-type=\"widget\" data-widget_type=\"wd_text_block.default\">\n\t\t\t\t<div class=\"elementor-widget-container\">\n\t\t\t\t\t\t\t<div class=\"wd-text-block reset-last-child text-left\">\n\t\t\t\n\t\t\t<h3 class=\"cvGsUA direction-ltr align-justify para-style-body\"><span class=\"OYPEnA font-feature-liga-off font-feature-clig-off font-feature-calt-off text-decoration-none text-strikethrough-none\">Veini lugu:<\/span><\/h3><p data-start=\"316\" data-end=\"735\">BD\u20193C (Trois C\u00e9pages \u2013 \u201ekolm viinamarja\u201c) on Bourgeois-Diaz maja k\u00f5ige universaalsem ja tasakaalukam cuv\u00e9e. See peegeldab Crouttes-sur-Marne\u2019i k\u00fcla savi- ja lubjakivise pinnase mitmekesisust ning biod\u00fcnaamilise t\u00f6\u00f6 tulemusi, mis on viinud maa eluj\u00f5u ja viinamarjade v\u00e4ljenduse uuele tasemele. Vein \u00fchendab kolme Champagne\u2019i peamist sorti, mis k\u00f5ik on kasvatatud majapidamise 40-aastastel viinapuudel.<\/p><p data-start=\"737\" data-end=\"922\">BD\u20193C v\u00e4ljendab maja filosoofiat: v\u00f5imalikult v\u00e4hese sekkumisega valmistatud vein, mis n\u00e4itab piirkonna t\u00f5elist iseloomu \u2013 energiline, t\u00e4pne ja elav, ilma lisasuhkru ja filtratsioonita.<\/p><p class=\"cvGsUA direction-ltr align-justify para-style-body\"><span style=\"color: #1b1919; font-size: 22px;\">Veini valmistamine:<\/span><\/p><p data-start=\"1082\" data-end=\"1463\">Koostis: ligikaudu 40 % Pinot Noir, 35 % Pinot Meunier ja 25 % Chardonnay.<br data-start=\"1028\" data-end=\"1031\" \/>Viinamarjad koristatakse k\u00e4sitsi biod\u00fcnaamiliselt haritud p\u00f5ldudelt Crouttes-sur-Marne\u2019i n\u00f5lvadel. Pressimine toimub traditsioonilise Coquard-pressiga. K\u00e4\u00e4rimine algab looduslike p\u00e4rmidega, osaliselt roostevabades terastankides ja osaliselt v\u00e4ikestes tammevaatides.<br data-start=\"1296\" data-end=\"1299\" \/>Malolaktiline fermentatsioon toimub loomulikult, veine ei filtreerita ega selitata.<br data-start=\"1382\" data-end=\"1385\" \/>Vein k\u00fcpseb pudelis p\u00e4rmisettel 24\u201336 kuud enne degorgeerimist.<br data-start=\"1448\" data-end=\"1451\" \/>Dosaa\u017e: <strong data-start=\"1459\" data-end=\"1483\">0 g\/l \u2013 Brut Nature.<\/strong><br data-start=\"1483\" data-end=\"1486\" \/>Sulfitite kogus on minimaalne.<\/p>\n\t\t\t\t\t<\/div>\n\t\t\t\t\t\t<\/div>\n\t\t\t\t<\/div>\n\t\t\t\t<div class=\"elementor-element elementor-element-f22db15 elementor-widget elementor-widget-wd_text_block\" data-id=\"f22db15\" data-element_type=\"widget\" data-e-type=\"widget\" data-widget_type=\"wd_text_block.default\">\n\t\t\t\t<div class=\"elementor-widget-container\">\n\t\t\t\t\t\t\t<div class=\"wd-text-block reset-last-child text-left\">\n\t\t\t\n\t\t\t<h3 class=\"cvGsUA direction-ltr align-justify para-style-body\"><span class=\"OYPEnA font-feature-liga-off font-feature-clig-off font-feature-calt-off text-decoration-none text-strikethrough-none\">Maitsenoodid:<\/span><\/h3><p data-start=\"1894\" data-end=\"2184\">Aroomis v\u00e4rske pirn, k\u00fcps roheline \u00f5un, valged lilled ja \u00f5rn brioche\u2019i varjund. Suulael elav ja t\u00e4pne, kergelt tsitruseline algus, millele j\u00e4rgneb virsiku ja mandli n\u00fcanss. Tekstuur on siidine, kuid pingeline; l\u00f5pp kuiv, soolaselt mineraalne ja pikk. Stiililt selge, t\u00e4pne ja energiline \u2013 t\u00f5eline Vall\u00e9e de la Marne\u2019i signatuur.<\/p><h3 class=\"cvGsUA direction-ltr align-justify para-style-body\"><span class=\"OYPEnA font-feature-liga-off font-feature-clig-off font-feature-calt-off text-decoration-none text-strikethrough-none\">Toidusoovitus:<\/span><\/h3><p class=\"cvGsUA direction-ltr align-justify para-style-body\">Sobib ideaalselt mereandide ja v\u00e4rske kala juurde (austrid, krevetid, meriahven), samuti kergelt v\u00fcrtsika Aasia k\u00f6\u00f6giga. V\u00e4ga hea aperitiivina v\u00f5i koos kitsejuustu ja sidruniga valmistatud roogadega.<\/p>\n\t\t\t\t\t<\/div>\n\t\t\t\t\t\t<\/div>\n\t\t\t\t<\/div>\n\t\t\t\t<div class=\"elementor-element elementor-element-79dff25 elementor-widget elementor-widget-wd_text_block\" data-id=\"79dff25\" data-element_type=\"widget\" data-e-type=\"widget\" data-widget_type=\"wd_text_block.default\">\n\t\t\t\t<div class=\"elementor-widget-container\">\n\t\t\t\t\t\t\t<div class=\"wd-text-block reset-last-child text-left\">\n\t\t\t\n\t\t\t<h3 class=\"cvGsUA direction-ltr align-justify para-style-body\"><span class=\"OYPEnA font-feature-liga-off font-feature-clig-off font-feature-calt-off text-decoration-none text-strikethrough-none\">S\u00e4ilitamispotentsiaal:<\/span><\/h3><p data-start=\"30\" data-end=\"380\">Parim nautimiseks 2\u20135 aasta jooksul p\u00e4rast degorgeerimist, kuid hea hoiustamise korral v\u00f5ib areneda veel 7 aastat, saades k\u00fcpsemaid brioche\u2019i ja p\u00e4hkliseid noote.<\/p><h3 class=\"cvGsUA direction-ltr align-justify para-style-body\"><span class=\"OYPEnA font-feature-liga-off font-feature-clig-off font-feature-calt-off text-decoration-none text-strikethrough-none\">Hinnangud &amp; tunnustused:<\/span><\/h3><p>\u2013 <em data-start=\"2335\" data-end=\"2368\">RVF (La Revue du Vin de France)<\/em>: 91 p<br data-start=\"2374\" data-end=\"2377\" \/>\u2013 <em data-start=\"2379\" data-end=\"2406\">Wine Anorak (Jamie Goode)<\/em>: 93 p<br data-start=\"2412\" data-end=\"2415\" \/>\u2013 <em data-start=\"2417\" data-end=\"2461\">Le Guide des Meilleurs Vins de France 2023<\/em>: \u201eSilmapaistev biod\u00fcnaamiline tootja, kelle BD\u20193C n\u00e4itab erakordset tasakaalu ja puhtust.\u201c<\/p>\n\t\t\t\t\t<\/div>\n\t\t\t\t\t\t<\/div>\n\t\t\t\t<\/div>\n\t\t\t\t\t<\/div>\n\t\t\t\t<\/div>\n\t\t\t\t<\/div>","protected":false},"excerpt":{"rendered":"<p>Kolmest klassikalisest viinamarjasordist valmistatud Brut Nature \u0161ampanja, mis \u00fchendab Meunier\u2019 rikkalikkuse, Pinot Noir\u2019 struktuuri ja Chardonnay mineraalse t\u00e4psuse.<\/p>","protected":false},"featured_media":29740,"template":"","meta":[],"product_brand":[171],"product_cat":[188,29,93],"product_tag":[],"class_list":{"0":"post-28044","1":"product","2":"type-product","3":"status-publish","4":"has-post-thumbnail","6":"product_brand-bourgeois-diaz","7":"product_cat-aasta-vein-2026","8":"product_cat-koik-tooted","9":"product_cat-sampanja","10":"pa_piirkond-champagne","11":"pa_viinamarjasort-chardonnay","12":"pa_viinamarjasort-meunier","13":"pa_viinamarjasort-pinot-noir","15":"first","16":"instock","17":"sale","18":"featured","19":"taxable","20":"shipping-taxable","21":"purchasable","22":"product-type-simple"},"yoast_head":"<!-- This site is optimized with the Yoast SEO plugin v27.4 - https:\/\/yoast.com\/product\/yoast-seo-wordpress\/ -->\n<title>Bourgeois\u2011Diaz BD\u20193C \u2013 Brut Nature - diWine &ndash; Premium kvaliteetveinid &uuml;le maailma | Eesti veinipood<\/title>\n<meta name=\"robots\" content=\"index, follow, max-snippet:-1, max-image-preview:large, max-video-preview:-1\" \/>\n<link rel=\"canonical\" href=\"https:\/\/diwine.ee\/en\/product\/bourgeois\u2011diaz-bd3c\/\" \/>\n<meta property=\"og:locale\" content=\"en_GB\" \/>\n<meta property=\"og:type\" content=\"article\" \/>\n<meta property=\"og:title\" content=\"Bourgeois\u2011Diaz BD\u20193C \u2013 Brut Nature - diWine &ndash; Premium kvaliteetveinid &uuml;le maailma | Eesti veinipood\" \/>\n<meta property=\"og:description\" content=\"Kolmest klassikalisest viinamarjasordist valmistatud Brut Nature \u0161ampanja, mis \u00fchendab Meunier\u2019 rikkalikkuse, Pinot Noir\u2019 struktuuri ja Chardonnay mineraalse t\u00e4psuse.\" \/>\n<meta property=\"og:url\" content=\"https:\/\/diwine.ee\/en\/product\/bourgeois\u2011diaz-bd3c\/\" \/>\n<meta property=\"og:site_name\" content=\"diWine &ndash; Premium kvaliteetveinid &uuml;le maailma | Eesti veinipood\" \/>\n<meta property=\"article:publisher\" content=\"https:\/\/www.facebook.com\/profile.php?id=61573862347231\" \/>\n<meta property=\"article:modified_time\" content=\"2026-04-14T18:31:52+00:00\" \/>\n<meta property=\"og:image\" content=\"https:\/\/diwine.ee\/wp-content\/uploads\/2025\/11\/BD3C-silver.png\" \/>\n\t<meta property=\"og:image:width\" content=\"800\" \/>\n\t<meta property=\"og:image:height\" content=\"800\" \/>\n\t<meta property=\"og:image:type\" content=\"image\/png\" \/>\n<meta name=\"twitter:card\" content=\"summary_large_image\" \/>\n<meta name=\"twitter:label1\" content=\"Estimated reading time\" \/>\n\t<meta name=\"twitter:data1\" content=\"2 minutes\" \/>\n<script type=\"application\/ld+json\" class=\"yoast-schema-graph\">{\"@context\":\"https:\\\/\\\/schema.org\",\"@graph\":[{\"@type\":\"WebPage\",\"@id\":\"https:\\\/\\\/diwine.ee\\\/product\\\/bourgeois%e2%80%91diaz-bd3c\\\/\",\"url\":\"https:\\\/\\\/diwine.ee\\\/product\\\/bourgeois%e2%80%91diaz-bd3c\\\/\",\"name\":\"Bourgeois\u2011Diaz BD\u20193C \u2013 Brut Nature - diWine &ndash; Premium kvaliteetveinid &uuml;le maailma | Eesti veinipood\",\"isPartOf\":{\"@id\":\"https:\\\/\\\/diwine.ee\\\/#website\"},\"primaryImageOfPage\":{\"@id\":\"https:\\\/\\\/diwine.ee\\\/product\\\/bourgeois%e2%80%91diaz-bd3c\\\/#primaryimage\"},\"image\":{\"@id\":\"https:\\\/\\\/diwine.ee\\\/product\\\/bourgeois%e2%80%91diaz-bd3c\\\/#primaryimage\"},\"thumbnailUrl\":\"https:\\\/\\\/diwine.ee\\\/wp-content\\\/uploads\\\/2025\\\/11\\\/BD3C-silver.png\",\"datePublished\":\"2025-11-09T16:22:58+00:00\",\"dateModified\":\"2026-04-14T18:31:52+00:00\",\"breadcrumb\":{\"@id\":\"https:\\\/\\\/diwine.ee\\\/product\\\/bourgeois%e2%80%91diaz-bd3c\\\/#breadcrumb\"},\"inLanguage\":\"en-GB\",\"potentialAction\":[{\"@type\":\"ReadAction\",\"target\":[\"https:\\\/\\\/diwine.ee\\\/product\\\/bourgeois%e2%80%91diaz-bd3c\\\/\"]}]},{\"@type\":\"ImageObject\",\"inLanguage\":\"en-GB\",\"@id\":\"https:\\\/\\\/diwine.ee\\\/product\\\/bourgeois%e2%80%91diaz-bd3c\\\/#primaryimage\",\"url\":\"https:\\\/\\\/diwine.ee\\\/wp-content\\\/uploads\\\/2025\\\/11\\\/BD3C-silver.png\",\"contentUrl\":\"https:\\\/\\\/diwine.ee\\\/wp-content\\\/uploads\\\/2025\\\/11\\\/BD3C-silver.png\",\"width\":800,\"height\":800},{\"@type\":\"BreadcrumbList\",\"@id\":\"https:\\\/\\\/diwine.ee\\\/product\\\/bourgeois%e2%80%91diaz-bd3c\\\/#breadcrumb\",\"itemListElement\":[{\"@type\":\"ListItem\",\"position\":1,\"name\":\"Home\",\"item\":\"https:\\\/\\\/diwine.ee\\\/\"},{\"@type\":\"ListItem\",\"position\":2,\"name\":\"e-pood\",\"item\":\"https:\\\/\\\/diwine.ee\\\/tooted\\\/\"},{\"@type\":\"ListItem\",\"position\":3,\"name\":\"Bourgeois\u2011Diaz BD\u20193C \u2013 Brut Nature\"}]},{\"@type\":\"WebSite\",\"@id\":\"https:\\\/\\\/diwine.ee\\\/#website\",\"url\":\"https:\\\/\\\/diwine.ee\\\/\",\"name\":\"diWine \u2013 Premium kvaliteetveinid \u00fcle maailma | Eesti veinipood\",\"description\":\"Avasta diWine&#039;i hoolikalt valitud kvaliteetveinid maailma tippveinipiirkondadest. Eksklusiivsed punaveinid, valged veinid, vahuveinid ja eriveinid sinu erilisteks hetkedeks.\",\"publisher\":{\"@id\":\"https:\\\/\\\/diwine.ee\\\/#organization\"},\"potentialAction\":[{\"@type\":\"SearchAction\",\"target\":{\"@type\":\"EntryPoint\",\"urlTemplate\":\"https:\\\/\\\/diwine.ee\\\/?s={search_term_string}\"},\"query-input\":{\"@type\":\"PropertyValueSpecification\",\"valueRequired\":true,\"valueName\":\"search_term_string\"}}],\"inLanguage\":\"en-GB\"},{\"@type\":\"Organization\",\"@id\":\"https:\\\/\\\/diwine.ee\\\/#organization\",\"name\":\"diWine veinipood\",\"url\":\"https:\\\/\\\/diwine.ee\\\/\",\"logo\":{\"@type\":\"ImageObject\",\"inLanguage\":\"en-GB\",\"@id\":\"https:\\\/\\\/diwine.ee\\\/#\\\/schema\\\/logo\\\/image\\\/\",\"url\":\"https:\\\/\\\/diwine.ee\\\/wp-content\\\/uploads\\\/2025\\\/04\\\/diWine-1080-x-1080-px.png\",\"contentUrl\":\"https:\\\/\\\/diwine.ee\\\/wp-content\\\/uploads\\\/2025\\\/04\\\/diWine-1080-x-1080-px.png\",\"width\":1080,\"height\":1080,\"caption\":\"diWine veinipood\"},\"image\":{\"@id\":\"https:\\\/\\\/diwine.ee\\\/#\\\/schema\\\/logo\\\/image\\\/\"},\"sameAs\":[\"https:\\\/\\\/www.facebook.com\\\/profile.php?id=61573862347231\",\"https:\\\/\\\/www.instagram.com\\\/diwine.ee\"]}]}<\/script>\n<!-- \/ Yoast SEO plugin. -->","yoast_head_json":{"title":"Bourgeois\u2011Diaz BD\u20193C \u2013 Brut Nature - diWine &ndash; Premium kvaliteetveinid &uuml;le maailma | Eesti veinipood","robots":{"index":"index","follow":"follow","max-snippet":"max-snippet:-1","max-image-preview":"max-image-preview:large","max-video-preview":"max-video-preview:-1"},"canonical":"https:\/\/diwine.ee\/en\/product\/bourgeois\u2011diaz-bd3c\/","og_locale":"en_GB","og_type":"article","og_title":"Bourgeois\u2011Diaz BD\u20193C \u2013 Brut Nature - diWine &ndash; Premium kvaliteetveinid &uuml;le maailma | Eesti veinipood","og_description":"Kolmest klassikalisest viinamarjasordist valmistatud Brut Nature \u0161ampanja, mis \u00fchendab Meunier\u2019 rikkalikkuse, Pinot Noir\u2019 struktuuri ja Chardonnay mineraalse t\u00e4psuse.","og_url":"https:\/\/diwine.ee\/en\/product\/bourgeois\u2011diaz-bd3c\/","og_site_name":"diWine &ndash; Premium kvaliteetveinid &uuml;le maailma | Eesti veinipood","article_publisher":"https:\/\/www.facebook.com\/profile.php?id=61573862347231","article_modified_time":"2026-04-14T18:31:52+00:00","og_image":[{"width":800,"height":800,"url":"https:\/\/diwine.ee\/wp-content\/uploads\/2025\/11\/BD3C-silver.png","type":"image\/png"}],"twitter_card":"summary_large_image","twitter_misc":{"Estimated reading time":"2 minutes"},"schema":{"@context":"https:\/\/schema.org","@graph":[{"@type":"WebPage","@id":"https:\/\/diwine.ee\/product\/bourgeois%e2%80%91diaz-bd3c\/","url":"https:\/\/diwine.ee\/product\/bourgeois%e2%80%91diaz-bd3c\/","name":"Bourgeois\u2011Diaz BD\u20193C \u2013 Brut Nature - diWine &ndash; Premium kvaliteetveinid &uuml;le maailma | Eesti veinipood","isPartOf":{"@id":"https:\/\/diwine.ee\/#website"},"primaryImageOfPage":{"@id":"https:\/\/diwine.ee\/product\/bourgeois%e2%80%91diaz-bd3c\/#primaryimage"},"image":{"@id":"https:\/\/diwine.ee\/product\/bourgeois%e2%80%91diaz-bd3c\/#primaryimage"},"thumbnailUrl":"https:\/\/diwine.ee\/wp-content\/uploads\/2025\/11\/BD3C-silver.png","datePublished":"2025-11-09T16:22:58+00:00","dateModified":"2026-04-14T18:31:52+00:00","breadcrumb":{"@id":"https:\/\/diwine.ee\/product\/bourgeois%e2%80%91diaz-bd3c\/#breadcrumb"},"inLanguage":"en-GB","potentialAction":[{"@type":"ReadAction","target":["https:\/\/diwine.ee\/product\/bourgeois%e2%80%91diaz-bd3c\/"]}]},{"@type":"ImageObject","inLanguage":"en-GB","@id":"https:\/\/diwine.ee\/product\/bourgeois%e2%80%91diaz-bd3c\/#primaryimage","url":"https:\/\/diwine.ee\/wp-content\/uploads\/2025\/11\/BD3C-silver.png","contentUrl":"https:\/\/diwine.ee\/wp-content\/uploads\/2025\/11\/BD3C-silver.png","width":800,"height":800},{"@type":"BreadcrumbList","@id":"https:\/\/diwine.ee\/product\/bourgeois%e2%80%91diaz-bd3c\/#breadcrumb","itemListElement":[{"@type":"ListItem","position":1,"name":"Home","item":"https:\/\/diwine.ee\/"},{"@type":"ListItem","position":2,"name":"e-pood","item":"https:\/\/diwine.ee\/tooted\/"},{"@type":"ListItem","position":3,"name":"Bourgeois\u2011Diaz BD\u20193C \u2013 Brut Nature"}]},{"@type":"WebSite","@id":"https:\/\/diwine.ee\/#website","url":"https:\/\/diwine.ee\/","name":"diWine \u2013 Premium kvaliteetveinid \u00fcle maailma | Eesti veinipood","description":"Avasta diWine&#039;i hoolikalt valitud kvaliteetveinid maailma tippveinipiirkondadest. Eksklusiivsed punaveinid, valged veinid, vahuveinid ja eriveinid sinu erilisteks hetkedeks.","publisher":{"@id":"https:\/\/diwine.ee\/#organization"},"potentialAction":[{"@type":"SearchAction","target":{"@type":"EntryPoint","urlTemplate":"https:\/\/diwine.ee\/?s={search_term_string}"},"query-input":{"@type":"PropertyValueSpecification","valueRequired":true,"valueName":"search_term_string"}}],"inLanguage":"en-GB"},{"@type":"Organization","@id":"https:\/\/diwine.ee\/#organization","name":"diWine veinipood","url":"https:\/\/diwine.ee\/","logo":{"@type":"ImageObject","inLanguage":"en-GB","@id":"https:\/\/diwine.ee\/#\/schema\/logo\/image\/","url":"https:\/\/diwine.ee\/wp-content\/uploads\/2025\/04\/diWine-1080-x-1080-px.png","contentUrl":"https:\/\/diwine.ee\/wp-content\/uploads\/2025\/04\/diWine-1080-x-1080-px.png","width":1080,"height":1080,"caption":"diWine veinipood"},"image":{"@id":"https:\/\/diwine.ee\/#\/schema\/logo\/image\/"},"sameAs":["https:\/\/www.facebook.com\/profile.php?id=61573862347231","https:\/\/www.instagram.com\/diwine.ee"]}]}},"jetpack_sharing_enabled":true,"_links":{"self":[{"href":"https:\/\/diwine.ee\/en\/wp-json\/wp\/v2\/product\/28044","targetHints":{"allow":["GET"]}}],"collection":[{"href":"https:\/\/diwine.ee\/en\/wp-json\/wp\/v2\/product"}],"about":[{"href":"https:\/\/diwine.ee\/en\/wp-json\/wp\/v2\/types\/product"}],"version-history":[{"count":1,"href":"https:\/\/diwine.ee\/en\/wp-json\/wp\/v2\/product\/28044\/revisions"}],"predecessor-version":[{"id":29721,"href":"https:\/\/diwine.ee\/en\/wp-json\/wp\/v2\/product\/28044\/revisions\/29721"}],"wp:featuredmedia":[{"embeddable":true,"href":"https:\/\/diwine.ee\/en\/wp-json\/wp\/v2\/media\/29740"}],"wp:attachment":[{"href":"https:\/\/diwine.ee\/en\/wp-json\/wp\/v2\/media?parent=28044"}],"wp:term":[{"taxonomy":"product_brand","embeddable":true,"href":"https:\/\/diwine.ee\/en\/wp-json\/wp\/v2\/product_brand?post=28044"},{"taxonomy":"product_cat","embeddable":true,"href":"https:\/\/diwine.ee\/en\/wp-json\/wp\/v2\/product_cat?post=28044"},{"taxonomy":"product_tag","embeddable":true,"href":"https:\/\/diwine.ee\/en\/wp-json\/wp\/v2\/product_tag?post=28044"}],"curies":[{"name":"wp","href":"https:\/\/api.w.org\/{rel}","templated":true}]}}