{"id":28054,"date":"2025-11-09T18:50:17","date_gmt":"2025-11-09T16:50:17","guid":{"rendered":"https:\/\/diwine.ee\/?post_type=product&#038;p=28054"},"modified":"2026-01-15T21:14:55","modified_gmt":"2026-01-15T19:14:55","slug":"champagne-bourgeois%e2%80%91diaz-bd3cc-2018","status":"publish","type":"product","link":"https:\/\/diwine.ee\/en\/product\/champagne-bourgeois%e2%80%91diaz-bd3cc-2018\/","title":{"rendered":"Bourgeois-Diaz BD\u20193CC 2018 &#8211; Brut Nature"},"content":{"rendered":"<div data-elementor-type=\"wp-post\" data-elementor-id=\"28054\" class=\"elementor elementor-28054\">\n\t\t\t\t<div class=\"wd-negative-gap elementor-element elementor-element-b496628 e-grid e-con-boxed e-con e-parent\" data-id=\"b496628\" data-element_type=\"container\" data-e-type=\"container\">\n\t\t\t\t\t<div class=\"e-con-inner\">\n\t\t\t\t<div class=\"elementor-element elementor-element-aa23989 elementor-widget elementor-widget-wd_text_block\" data-id=\"aa23989\" data-element_type=\"widget\" data-e-type=\"widget\" data-widget_type=\"wd_text_block.default\">\n\t\t\t\t<div class=\"elementor-widget-container\">\n\t\t\t\t\t\t\t<div class=\"wd-text-block reset-last-child text-left\">\n\t\t\t\n\t\t\t<h3 class=\"cvGsUA direction-ltr align-justify para-style-body\"><span class=\"OYPEnA font-feature-liga-off font-feature-clig-off font-feature-calt-off text-decoration-none text-strikethrough-none\">Veini lugu:<\/span><\/h3><p data-start=\"316\" data-end=\"735\">BD\u20193CC (\u201eTrois C\u00e9pages Collection\u201c) on Bourgeois-Diaz\u2019i kolmest klassikalisest viinamarjast valmistatud prestii\u017ene cuv\u00e9e, mis ilmub ainult parimatel aastak\u00e4ikudel. 2018. aasta oli Vall\u00e9e de la Marne\u2019is erakordselt soe ja stabiilne, v\u00f5imaldades viinamarjadel saavutada haruldaselt t\u00e4ieliku k\u00fcpsuse, s\u00e4ilitades samas piisava happe.<br data-start=\"820\" data-end=\"823\" \/>Vein on s\u00fcgavam ja kontsentreeritum t\u00f5lgendus majale omasest stiilist \u2013 v\u00e4ljendades Crou ttes-sur-Marne\u2019i savi-lubjakivise pinnase iseloomu ja biod\u00fcnaamilise kasvatuse energiat. BD\u20193CC on m\u00f5eldud vananemispotentsiaaliga \u0161ampanjana, mis \u00fchendab j\u00f5ulisuse ja t\u00e4pse elegantsi.<\/p><p class=\"cvGsUA direction-ltr align-justify para-style-body\"><span style=\"color: #1b1919; font-size: 22px;\">Veini valmistamine:<\/span><\/p><p data-start=\"1082\" data-end=\"1463\">Koostis: ligikaudu 40 % Pinot Noir, 35 % Pinot Meunier ja 25 % Chardonnay.<br data-start=\"1202\" data-end=\"1205\" \/>Viinamarjad on p\u00e4rit vanadelt, \u00fcle 40-aastastelt viinapuudelt. K\u00f5ik t\u00f6\u00f6d tehakse k\u00e4sitsi ja viinamarjad pressitakse traditsioonilise Coquard-pressiga. K\u00e4\u00e4rimine toimub looduslike p\u00e4rmidega v\u00e4ikestes tammevaatides, kus vein j\u00e4\u00e4b m\u00f5neks kuuks setetele.<br data-start=\"1455\" data-end=\"1458\" \/>Malolaktiline fermentatsioon toimub loomulikult.<br data-start=\"1506\" data-end=\"1509\" \/>Vein villiti kevadel 2019 ning laagerdus pudelis p\u00e4rmisettel \u00fcle <strong data-start=\"1574\" data-end=\"1584\">60 kuu<\/strong> (5 aastat) enne degorgeerimist.<br data-start=\"1616\" data-end=\"1619\" \/>Dosaa\u017e: <strong data-start=\"1627\" data-end=\"1651\">0 g\/l \u2013 Brut Nature.<\/strong><br data-start=\"1651\" data-end=\"1654\" \/>Sulfitite lisamine on minimaalne.<\/p>\n\t\t\t\t\t<\/div>\n\t\t\t\t\t\t<\/div>\n\t\t\t\t<\/div>\n\t\t\t\t<div class=\"elementor-element elementor-element-f22db15 elementor-widget elementor-widget-wd_text_block\" data-id=\"f22db15\" data-element_type=\"widget\" data-e-type=\"widget\" data-widget_type=\"wd_text_block.default\">\n\t\t\t\t<div class=\"elementor-widget-container\">\n\t\t\t\t\t\t\t<div class=\"wd-text-block reset-last-child text-left\">\n\t\t\t\n\t\t\t<h3 class=\"cvGsUA direction-ltr align-justify para-style-body\"><span class=\"OYPEnA font-feature-liga-off font-feature-clig-off font-feature-calt-off text-decoration-none text-strikethrough-none\">Maitsenoodid:<\/span><\/h3><p data-start=\"1894\" data-end=\"2184\">Aroomis on tunda r\u00f6stitud sarapuup\u00e4hklit, k\u00fcpset \u00f5una, valget virsikut ja \u00f5rna suitsust nooti. Suulael avaneb vein mitmekihiliselt: esmalt k\u00fcpsed kollased viljad ja tsitrused, seej\u00e4rel brioche\u2019i ja mandli n\u00fcansid, mida raamib tugev mineraalne joon. Tekstuur on kreemine, kuid pingeline; hape t\u00e4pne ja elegantne. Finaal pikk, kuiv ja soolaselt mineraalne \u2013 iseloomulik m\u00e4rk majale ja Vall\u00e9e de la Marne terroir\u2019le.<\/p><h3 class=\"cvGsUA direction-ltr align-justify para-style-body\"><span class=\"OYPEnA font-feature-liga-off font-feature-clig-off font-feature-calt-off text-decoration-none text-strikethrough-none\">Toidusoovitus:<\/span><\/h3><p class=\"cvGsUA direction-ltr align-justify para-style-body\">Suurep\u00e4rane kaaslane k\u00fcpsetatud valgele kalale, homaarile v\u00f5i tr\u00fchvli- ja v\u00f5ikastmetega linnulihale. Sobib ka vanema Comt\u00e9 v\u00f5i Gruy\u00e8re juustuga. Tippklassi gastronoomiline \u0161ampanja.<\/p>\n\t\t\t\t\t<\/div>\n\t\t\t\t\t\t<\/div>\n\t\t\t\t<\/div>\n\t\t\t\t<div class=\"elementor-element elementor-element-79dff25 elementor-widget elementor-widget-wd_text_block\" data-id=\"79dff25\" data-element_type=\"widget\" data-e-type=\"widget\" data-widget_type=\"wd_text_block.default\">\n\t\t\t\t<div class=\"elementor-widget-container\">\n\t\t\t\t\t\t\t<div class=\"wd-text-block reset-last-child text-left\">\n\t\t\t\n\t\t\t<h3 class=\"cvGsUA direction-ltr align-justify para-style-body\"><span class=\"OYPEnA font-feature-liga-off font-feature-clig-off font-feature-calt-off text-decoration-none text-strikethrough-none\">S\u00e4ilitamispotentsiaal:<\/span><\/h3><p data-start=\"30\" data-end=\"380\">Parim joomisaken 2024\u20132032. 2018. aastak\u00e4igu struktuur ja pikk p\u00e4rmisettel laagerdus v\u00f5imaldavad veinil areneda veel v\u00e4hemalt k\u00fcmme aastat, omandades k\u00fcpses faasis brioche\u2019i, kuivatatud puuviljade ja p\u00e4hkliseid toone.<\/p><h3 class=\"cvGsUA direction-ltr align-justify para-style-body\"><span class=\"OYPEnA font-feature-liga-off font-feature-clig-off font-feature-calt-off text-decoration-none text-strikethrough-none\">Hinnangud &amp; tunnustused:<\/span><\/h3><p>\u2013 <em data-start=\"2628\" data-end=\"2661\">RVF (La Revue du Vin de France)<\/em>: 93 p<br data-start=\"2667\" data-end=\"2670\" \/>\u2013 <em data-start=\"2672\" data-end=\"2716\">Le Guide des Meilleurs Vins de France 2023<\/em>: \u201cBD\u20193CC 2018 n\u00e4itab erakordset s\u00fcgavust ja t\u00e4psust, t\u00f5eline v\u00e4ljendus biod\u00fcnaamilisest Vall\u00e9e de la Marne\u2019ist.\u201d<br data-start=\"2829\" data-end=\"2832\" \/>\u2013 <em data-start=\"2834\" data-end=\"2847\">Wine Anorak<\/em>: 94 p \u2013 \u201ePrecision, richness and drive; saline tension balances ripe fruit \u2013 superb structure.\u201c<\/p>\n\t\t\t\t\t<\/div>\n\t\t\t\t\t\t<\/div>\n\t\t\t\t<\/div>\n\t\t\t\t\t<\/div>\n\t\t\t\t<\/div>\n\t\t\t\t<\/div>","protected":false},"excerpt":{"rendered":"<p>2018. aasta saagist valmistatud kolme viinamarja segu \u2013 s\u00fcgavam, struktureeritum ja pikema laagerdusega \u0161ampanja, mis n\u00e4itab Bourgeois-Diaz\u2019i biod\u00fcnaamilise t\u00f6\u00f6 k\u00fcpsust ja t\u00e4psust.<\/p>","protected":false},"featured_media":28056,"template":"","meta":[],"product_brand":[171],"product_cat":[29,93],"product_tag":[],"class_list":{"0":"post-28054","1":"product","2":"type-product","3":"status-publish","4":"has-post-thumbnail","6":"product_brand-bourgeois-diaz","7":"product_cat-koik-tooted","8":"product_cat-sampanja","9":"pa_piirkond-champagne","10":"pa_viinamarjasort-chardonnay","11":"pa_viinamarjasort-meunier","12":"pa_viinamarjasort-pinot-noir","14":"first","15":"instock","16":"featured","17":"taxable","18":"shipping-taxable","19":"purchasable","20":"product-type-simple"},"yoast_head":"<!-- This site is optimized with the Yoast SEO plugin v27.4 - https:\/\/yoast.com\/product\/yoast-seo-wordpress\/ -->\n<title>Bourgeois-Diaz BD\u20193CC 2018 - Brut Nature - diWine &ndash; Premium kvaliteetveinid &uuml;le maailma | Eesti veinipood<\/title>\n<meta name=\"robots\" content=\"index, follow, max-snippet:-1, max-image-preview:large, max-video-preview:-1\" \/>\n<link rel=\"canonical\" href=\"https:\/\/diwine.ee\/en\/product\/champagne-bourgeois\u2011diaz-bd3cc-2018\/\" \/>\n<meta property=\"og:locale\" content=\"en_GB\" \/>\n<meta property=\"og:type\" content=\"article\" \/>\n<meta property=\"og:title\" content=\"Bourgeois-Diaz BD\u20193CC 2018 - Brut Nature - diWine &ndash; Premium kvaliteetveinid &uuml;le maailma | Eesti veinipood\" \/>\n<meta property=\"og:description\" content=\"2018. aasta saagist valmistatud kolme viinamarja segu \u2013 s\u00fcgavam, struktureeritum ja pikema laagerdusega \u0161ampanja, mis n\u00e4itab Bourgeois-Diaz\u2019i biod\u00fcnaamilise t\u00f6\u00f6 k\u00fcpsust ja t\u00e4psust.\" \/>\n<meta property=\"og:url\" content=\"https:\/\/diwine.ee\/en\/product\/champagne-bourgeois\u2011diaz-bd3cc-2018\/\" \/>\n<meta property=\"og:site_name\" content=\"diWine &ndash; Premium kvaliteetveinid &uuml;le maailma | Eesti veinipood\" \/>\n<meta property=\"article:publisher\" content=\"https:\/\/www.facebook.com\/profile.php?id=61573862347231\" \/>\n<meta property=\"article:modified_time\" content=\"2026-01-15T19:14:55+00:00\" \/>\n<meta property=\"og:image\" content=\"https:\/\/diwine.ee\/wp-content\/uploads\/2025\/11\/bd3cc.png\" \/>\n\t<meta property=\"og:image:width\" content=\"800\" \/>\n\t<meta property=\"og:image:height\" content=\"800\" \/>\n\t<meta property=\"og:image:type\" content=\"image\/png\" \/>\n<meta name=\"twitter:card\" content=\"summary_large_image\" \/>\n<meta name=\"twitter:label1\" content=\"Estimated reading time\" \/>\n\t<meta name=\"twitter:data1\" content=\"2 minutes\" \/>\n<script type=\"application\/ld+json\" class=\"yoast-schema-graph\">{\"@context\":\"https:\\\/\\\/schema.org\",\"@graph\":[{\"@type\":\"WebPage\",\"@id\":\"https:\\\/\\\/diwine.ee\\\/product\\\/champagne-bourgeois%e2%80%91diaz-bd3cc-2018\\\/\",\"url\":\"https:\\\/\\\/diwine.ee\\\/product\\\/champagne-bourgeois%e2%80%91diaz-bd3cc-2018\\\/\",\"name\":\"Bourgeois-Diaz BD\u20193CC 2018 - Brut Nature - diWine &ndash; Premium kvaliteetveinid &uuml;le maailma | Eesti veinipood\",\"isPartOf\":{\"@id\":\"https:\\\/\\\/diwine.ee\\\/#website\"},\"primaryImageOfPage\":{\"@id\":\"https:\\\/\\\/diwine.ee\\\/product\\\/champagne-bourgeois%e2%80%91diaz-bd3cc-2018\\\/#primaryimage\"},\"image\":{\"@id\":\"https:\\\/\\\/diwine.ee\\\/product\\\/champagne-bourgeois%e2%80%91diaz-bd3cc-2018\\\/#primaryimage\"},\"thumbnailUrl\":\"https:\\\/\\\/diwine.ee\\\/wp-content\\\/uploads\\\/2025\\\/11\\\/bd3cc.png\",\"datePublished\":\"2025-11-09T16:50:17+00:00\",\"dateModified\":\"2026-01-15T19:14:55+00:00\",\"breadcrumb\":{\"@id\":\"https:\\\/\\\/diwine.ee\\\/product\\\/champagne-bourgeois%e2%80%91diaz-bd3cc-2018\\\/#breadcrumb\"},\"inLanguage\":\"en-GB\",\"potentialAction\":[{\"@type\":\"ReadAction\",\"target\":[\"https:\\\/\\\/diwine.ee\\\/product\\\/champagne-bourgeois%e2%80%91diaz-bd3cc-2018\\\/\"]}]},{\"@type\":\"ImageObject\",\"inLanguage\":\"en-GB\",\"@id\":\"https:\\\/\\\/diwine.ee\\\/product\\\/champagne-bourgeois%e2%80%91diaz-bd3cc-2018\\\/#primaryimage\",\"url\":\"https:\\\/\\\/diwine.ee\\\/wp-content\\\/uploads\\\/2025\\\/11\\\/bd3cc.png\",\"contentUrl\":\"https:\\\/\\\/diwine.ee\\\/wp-content\\\/uploads\\\/2025\\\/11\\\/bd3cc.png\",\"width\":800,\"height\":800},{\"@type\":\"BreadcrumbList\",\"@id\":\"https:\\\/\\\/diwine.ee\\\/product\\\/champagne-bourgeois%e2%80%91diaz-bd3cc-2018\\\/#breadcrumb\",\"itemListElement\":[{\"@type\":\"ListItem\",\"position\":1,\"name\":\"Home\",\"item\":\"https:\\\/\\\/diwine.ee\\\/\"},{\"@type\":\"ListItem\",\"position\":2,\"name\":\"e-pood\",\"item\":\"https:\\\/\\\/diwine.ee\\\/tooted\\\/\"},{\"@type\":\"ListItem\",\"position\":3,\"name\":\"Bourgeois-Diaz BD\u20193CC 2018 &#8211; Brut Nature\"}]},{\"@type\":\"WebSite\",\"@id\":\"https:\\\/\\\/diwine.ee\\\/#website\",\"url\":\"https:\\\/\\\/diwine.ee\\\/\",\"name\":\"diWine \u2013 Premium kvaliteetveinid \u00fcle maailma | Eesti veinipood\",\"description\":\"Avasta diWine&#039;i hoolikalt valitud kvaliteetveinid maailma tippveinipiirkondadest. Eksklusiivsed punaveinid, valged veinid, vahuveinid ja eriveinid sinu erilisteks hetkedeks.\",\"publisher\":{\"@id\":\"https:\\\/\\\/diwine.ee\\\/#organization\"},\"potentialAction\":[{\"@type\":\"SearchAction\",\"target\":{\"@type\":\"EntryPoint\",\"urlTemplate\":\"https:\\\/\\\/diwine.ee\\\/?s={search_term_string}\"},\"query-input\":{\"@type\":\"PropertyValueSpecification\",\"valueRequired\":true,\"valueName\":\"search_term_string\"}}],\"inLanguage\":\"en-GB\"},{\"@type\":\"Organization\",\"@id\":\"https:\\\/\\\/diwine.ee\\\/#organization\",\"name\":\"diWine veinipood\",\"url\":\"https:\\\/\\\/diwine.ee\\\/\",\"logo\":{\"@type\":\"ImageObject\",\"inLanguage\":\"en-GB\",\"@id\":\"https:\\\/\\\/diwine.ee\\\/#\\\/schema\\\/logo\\\/image\\\/\",\"url\":\"https:\\\/\\\/diwine.ee\\\/wp-content\\\/uploads\\\/2025\\\/04\\\/diWine-1080-x-1080-px.png\",\"contentUrl\":\"https:\\\/\\\/diwine.ee\\\/wp-content\\\/uploads\\\/2025\\\/04\\\/diWine-1080-x-1080-px.png\",\"width\":1080,\"height\":1080,\"caption\":\"diWine veinipood\"},\"image\":{\"@id\":\"https:\\\/\\\/diwine.ee\\\/#\\\/schema\\\/logo\\\/image\\\/\"},\"sameAs\":[\"https:\\\/\\\/www.facebook.com\\\/profile.php?id=61573862347231\",\"https:\\\/\\\/www.instagram.com\\\/diwine.ee\"]}]}<\/script>\n<!-- \/ Yoast SEO plugin. -->","yoast_head_json":{"title":"Bourgeois-Diaz BD\u20193CC 2018 - Brut Nature - diWine &ndash; Premium kvaliteetveinid &uuml;le maailma | Eesti veinipood","robots":{"index":"index","follow":"follow","max-snippet":"max-snippet:-1","max-image-preview":"max-image-preview:large","max-video-preview":"max-video-preview:-1"},"canonical":"https:\/\/diwine.ee\/en\/product\/champagne-bourgeois\u2011diaz-bd3cc-2018\/","og_locale":"en_GB","og_type":"article","og_title":"Bourgeois-Diaz BD\u20193CC 2018 - Brut Nature - diWine &ndash; Premium kvaliteetveinid &uuml;le maailma | Eesti veinipood","og_description":"2018. aasta saagist valmistatud kolme viinamarja segu \u2013 s\u00fcgavam, struktureeritum ja pikema laagerdusega \u0161ampanja, mis n\u00e4itab Bourgeois-Diaz\u2019i biod\u00fcnaamilise t\u00f6\u00f6 k\u00fcpsust ja t\u00e4psust.","og_url":"https:\/\/diwine.ee\/en\/product\/champagne-bourgeois\u2011diaz-bd3cc-2018\/","og_site_name":"diWine &ndash; Premium kvaliteetveinid &uuml;le maailma | Eesti veinipood","article_publisher":"https:\/\/www.facebook.com\/profile.php?id=61573862347231","article_modified_time":"2026-01-15T19:14:55+00:00","og_image":[{"width":800,"height":800,"url":"https:\/\/diwine.ee\/wp-content\/uploads\/2025\/11\/bd3cc.png","type":"image\/png"}],"twitter_card":"summary_large_image","twitter_misc":{"Estimated reading time":"2 minutes"},"schema":{"@context":"https:\/\/schema.org","@graph":[{"@type":"WebPage","@id":"https:\/\/diwine.ee\/product\/champagne-bourgeois%e2%80%91diaz-bd3cc-2018\/","url":"https:\/\/diwine.ee\/product\/champagne-bourgeois%e2%80%91diaz-bd3cc-2018\/","name":"Bourgeois-Diaz BD\u20193CC 2018 - Brut Nature - diWine &ndash; Premium kvaliteetveinid &uuml;le maailma | Eesti veinipood","isPartOf":{"@id":"https:\/\/diwine.ee\/#website"},"primaryImageOfPage":{"@id":"https:\/\/diwine.ee\/product\/champagne-bourgeois%e2%80%91diaz-bd3cc-2018\/#primaryimage"},"image":{"@id":"https:\/\/diwine.ee\/product\/champagne-bourgeois%e2%80%91diaz-bd3cc-2018\/#primaryimage"},"thumbnailUrl":"https:\/\/diwine.ee\/wp-content\/uploads\/2025\/11\/bd3cc.png","datePublished":"2025-11-09T16:50:17+00:00","dateModified":"2026-01-15T19:14:55+00:00","breadcrumb":{"@id":"https:\/\/diwine.ee\/product\/champagne-bourgeois%e2%80%91diaz-bd3cc-2018\/#breadcrumb"},"inLanguage":"en-GB","potentialAction":[{"@type":"ReadAction","target":["https:\/\/diwine.ee\/product\/champagne-bourgeois%e2%80%91diaz-bd3cc-2018\/"]}]},{"@type":"ImageObject","inLanguage":"en-GB","@id":"https:\/\/diwine.ee\/product\/champagne-bourgeois%e2%80%91diaz-bd3cc-2018\/#primaryimage","url":"https:\/\/diwine.ee\/wp-content\/uploads\/2025\/11\/bd3cc.png","contentUrl":"https:\/\/diwine.ee\/wp-content\/uploads\/2025\/11\/bd3cc.png","width":800,"height":800},{"@type":"BreadcrumbList","@id":"https:\/\/diwine.ee\/product\/champagne-bourgeois%e2%80%91diaz-bd3cc-2018\/#breadcrumb","itemListElement":[{"@type":"ListItem","position":1,"name":"Home","item":"https:\/\/diwine.ee\/"},{"@type":"ListItem","position":2,"name":"e-pood","item":"https:\/\/diwine.ee\/tooted\/"},{"@type":"ListItem","position":3,"name":"Bourgeois-Diaz BD\u20193CC 2018 &#8211; Brut Nature"}]},{"@type":"WebSite","@id":"https:\/\/diwine.ee\/#website","url":"https:\/\/diwine.ee\/","name":"diWine \u2013 Premium kvaliteetveinid \u00fcle maailma | Eesti veinipood","description":"Avasta diWine&#039;i hoolikalt valitud kvaliteetveinid maailma tippveinipiirkondadest. Eksklusiivsed punaveinid, valged veinid, vahuveinid ja eriveinid sinu erilisteks hetkedeks.","publisher":{"@id":"https:\/\/diwine.ee\/#organization"},"potentialAction":[{"@type":"SearchAction","target":{"@type":"EntryPoint","urlTemplate":"https:\/\/diwine.ee\/?s={search_term_string}"},"query-input":{"@type":"PropertyValueSpecification","valueRequired":true,"valueName":"search_term_string"}}],"inLanguage":"en-GB"},{"@type":"Organization","@id":"https:\/\/diwine.ee\/#organization","name":"diWine veinipood","url":"https:\/\/diwine.ee\/","logo":{"@type":"ImageObject","inLanguage":"en-GB","@id":"https:\/\/diwine.ee\/#\/schema\/logo\/image\/","url":"https:\/\/diwine.ee\/wp-content\/uploads\/2025\/04\/diWine-1080-x-1080-px.png","contentUrl":"https:\/\/diwine.ee\/wp-content\/uploads\/2025\/04\/diWine-1080-x-1080-px.png","width":1080,"height":1080,"caption":"diWine veinipood"},"image":{"@id":"https:\/\/diwine.ee\/#\/schema\/logo\/image\/"},"sameAs":["https:\/\/www.facebook.com\/profile.php?id=61573862347231","https:\/\/www.instagram.com\/diwine.ee"]}]}},"jetpack_sharing_enabled":true,"_links":{"self":[{"href":"https:\/\/diwine.ee\/en\/wp-json\/wp\/v2\/product\/28054","targetHints":{"allow":["GET"]}}],"collection":[{"href":"https:\/\/diwine.ee\/en\/wp-json\/wp\/v2\/product"}],"about":[{"href":"https:\/\/diwine.ee\/en\/wp-json\/wp\/v2\/types\/product"}],"version-history":[{"count":0,"href":"https:\/\/diwine.ee\/en\/wp-json\/wp\/v2\/product\/28054\/revisions"}],"wp:featuredmedia":[{"embeddable":true,"href":"https:\/\/diwine.ee\/en\/wp-json\/wp\/v2\/media\/28056"}],"wp:attachment":[{"href":"https:\/\/diwine.ee\/en\/wp-json\/wp\/v2\/media?parent=28054"}],"wp:term":[{"taxonomy":"product_brand","embeddable":true,"href":"https:\/\/diwine.ee\/en\/wp-json\/wp\/v2\/product_brand?post=28054"},{"taxonomy":"product_cat","embeddable":true,"href":"https:\/\/diwine.ee\/en\/wp-json\/wp\/v2\/product_cat?post=28054"},{"taxonomy":"product_tag","embeddable":true,"href":"https:\/\/diwine.ee\/en\/wp-json\/wp\/v2\/product_tag?post=28054"}],"curies":[{"name":"wp","href":"https:\/\/api.w.org\/{rel}","templated":true}]}}