{"id":28061,"date":"2025-11-09T18:58:08","date_gmt":"2025-11-09T16:58:08","guid":{"rendered":"https:\/\/diwine.ee\/?post_type=product&#038;p=28061"},"modified":"2026-01-15T21:14:45","modified_gmt":"2026-01-15T19:14:45","slug":"bourgeois-diaz-bdm","status":"publish","type":"product","link":"https:\/\/diwine.ee\/en\/product\/bourgeois-diaz-bdm\/","title":{"rendered":"Bourgeois-Diaz BD\u2019M &#8211; Brut Nature"},"content":{"rendered":"<div data-elementor-type=\"wp-post\" data-elementor-id=\"28061\" class=\"elementor elementor-28061\">\n\t\t\t\t<div class=\"wd-negative-gap elementor-element elementor-element-b496628 e-grid e-con-boxed e-con e-parent\" data-id=\"b496628\" data-element_type=\"container\" data-e-type=\"container\">\n\t\t\t\t\t<div class=\"e-con-inner\">\n\t\t\t\t<div class=\"elementor-element elementor-element-aa23989 elementor-widget elementor-widget-wd_text_block\" data-id=\"aa23989\" data-element_type=\"widget\" data-e-type=\"widget\" data-widget_type=\"wd_text_block.default\">\n\t\t\t\t<div class=\"elementor-widget-container\">\n\t\t\t\t\t\t\t<div class=\"wd-text-block reset-last-child text-left\">\n\t\t\t\n\t\t\t<h3 class=\"cvGsUA direction-ltr align-justify para-style-body\"><span class=\"OYPEnA font-feature-liga-off font-feature-clig-off font-feature-calt-off text-decoration-none text-strikethrough-none\">Veini lugu:<\/span><\/h3><p data-start=\"316\" data-end=\"735\">BD\u2019M (\u201eBlanc de Meunier\u201c) on Bourgeois-Diaz maja t\u00f5lgendus Vall\u00e9e de la Marne\u2019i p\u00f5hiviinamarjast \u2013 Meunier\u2019st. See sort on piirkonna k\u00f5ige iseloomulikum, kuid sageli alahinnatud, ja just siin saavutab ta erakordse v\u00e4ljendusj\u00f5u.<br data-start=\"625\" data-end=\"628\" \/>Vein p\u00e4rineb Crouttes-sur-Marne\u2019i vanimatelt Meunier istandustelt, kus viinapuud on 40\u201350 aasta vanused. T\u00e4nu s\u00fcgavale juurestikule ja biod\u00fcnaamilisele kasvatusele annab Meunier k\u00fcpseid, kontsentreeritud marju, mis suudavad v\u00e4ljendada nii j\u00f5udu kui elegantsi. BD\u2019M on loodud n\u00e4itamaks, et Meunier v\u00f5ib seista iseseisva ja t\u00e4isverelise \u0161ampanjana teiste sortide k\u00f5rval.<\/p><p class=\"cvGsUA direction-ltr align-justify para-style-body\"><span style=\"color: #1b1919; font-size: 22px;\">Veini valmistamine:<\/span><\/p><p data-start=\"1082\" data-end=\"1463\">Koostis: 100% Pinot Meunier.<br data-start=\"1056\" data-end=\"1059\" \/>Viinamarjad korjatakse k\u00e4sitsi ja pressitakse Coquard-traditsioonpressiga. K\u00e4\u00e4rimine toimub looduslike p\u00e4rmidega osaliselt roostevabades terastankides ja osaliselt v\u00e4ikestes, kasutatud tammevaatides.<br data-start=\"1258\" data-end=\"1261\" \/>Malolaktiline fermentatsioon toimub loomulikult, ilma sekkumiseta.<br data-start=\"1327\" data-end=\"1330\" \/>P\u00e4rast esmast k\u00e4\u00e4ritust k\u00fcpseb vein pudelis p\u00e4rmisettel ligikaudu <strong data-start=\"1396\" data-end=\"1407\">36 kuud<\/strong> enne degorgeerimist.<br data-start=\"1428\" data-end=\"1431\" \/>Dosaa\u017e: <strong data-start=\"1439\" data-end=\"1463\">0 g\/l \u2013 Brut Nature.<\/strong><br data-start=\"1463\" data-end=\"1466\" \/>Sulfitite kogus on minimaalne (alla 25 mg\/l).<\/p>\n\t\t\t\t\t<\/div>\n\t\t\t\t\t\t<\/div>\n\t\t\t\t<\/div>\n\t\t\t\t<div class=\"elementor-element elementor-element-f22db15 elementor-widget elementor-widget-wd_text_block\" data-id=\"f22db15\" data-element_type=\"widget\" data-e-type=\"widget\" data-widget_type=\"wd_text_block.default\">\n\t\t\t\t<div class=\"elementor-widget-container\">\n\t\t\t\t\t\t\t<div class=\"wd-text-block reset-last-child text-left\">\n\t\t\t\n\t\t\t<h3 class=\"cvGsUA direction-ltr align-justify para-style-body\"><span class=\"OYPEnA font-feature-liga-off font-feature-clig-off font-feature-calt-off text-decoration-none text-strikethrough-none\">Maitsenoodid:<\/span><\/h3><p data-start=\"1894\" data-end=\"2184\">Aroomis on tunda k\u00fcpseid kollaseid \u00f5unu, pirni ja virsikut, millele lisanduvad brioche\u2019i, sarapuup\u00e4hkli ja kerge suitsuse n\u00fcansi toonid. Suulael on vein t\u00e4idlane ja mahlakas, v\u00e4ljendades k\u00fcpset puuvilja, samas mineraalset ja soolakat raamistikku. Tekstuur on kreemine, hape elav ja t\u00e4pne. J\u00e4relmaitse pikk, kuiv ja selge \u2013 m\u00e4rk vanade Meunier viinapuude s\u00fcgavusest.<\/p><h3 class=\"cvGsUA direction-ltr align-justify para-style-body\"><span class=\"OYPEnA font-feature-liga-off font-feature-clig-off font-feature-calt-off text-decoration-none text-strikethrough-none\">Toidusoovitus:<\/span><\/h3><p class=\"cvGsUA direction-ltr align-justify para-style-body\">BD\u2019M sobib suurep\u00e4raselt praetud v\u00f5i grillitud valge kala, r\u00f6stitud k\u00f6\u00f6giviljade ja linnuliha k\u00f5rvale. Samuti t\u00e4iendab metsaseente risotot v\u00f5i vanemaid k\u00f5vemaid juuste (nt Gruy\u00e8re, Comt\u00e9).<\/p>\n\t\t\t\t\t<\/div>\n\t\t\t\t\t\t<\/div>\n\t\t\t\t<\/div>\n\t\t\t\t<div class=\"elementor-element elementor-element-79dff25 elementor-widget elementor-widget-wd_text_block\" data-id=\"79dff25\" data-element_type=\"widget\" data-e-type=\"widget\" data-widget_type=\"wd_text_block.default\">\n\t\t\t\t<div class=\"elementor-widget-container\">\n\t\t\t\t\t\t\t<div class=\"wd-text-block reset-last-child text-left\">\n\t\t\t\n\t\t\t<h3 class=\"cvGsUA direction-ltr align-justify para-style-body\"><span class=\"OYPEnA font-feature-liga-off font-feature-clig-off font-feature-calt-off text-decoration-none text-strikethrough-none\">S\u00e4ilitamispotentsiaal:<\/span><\/h3><p data-start=\"30\" data-end=\"380\">Parim nautimiseks 2\u20136 aasta jooksul p\u00e4rast degorgeerimist. T\u00e4nu tugevale struktuurile ja madalale dosaa\u017eile areneb BD\u2019M h\u00e4sti veel 8 aastat, omandades p\u00e4hkliseid ja r\u00f6stitud noote.<\/p><h3 class=\"cvGsUA direction-ltr align-justify para-style-body\"><span class=\"OYPEnA font-feature-liga-off font-feature-clig-off font-feature-calt-off text-decoration-none text-strikethrough-none\">Hinnangud &amp; tunnustused:<\/span><\/h3><p>\u2013 <em data-start=\"2376\" data-end=\"2403\">La Revue du Vin de France<\/em>: 92 p \u2013 \u201eT\u00e4idlane ja energiast kantud Blanc de Meunier, millel on j\u00f5uline, ent elegantne struktuur.\u201c<br data-start=\"2504\" data-end=\"2507\" \/>\u2013 <em data-start=\"2509\" data-end=\"2536\">Wine Anorak (Jamie Goode)<\/em>: 93 p \u2013 \u201eGreat focus and minerality, with lovely depth and saline finish.\u201c<br data-start=\"2611\" data-end=\"2614\" \/>\u2013 <em data-start=\"2616\" data-end=\"2660\">Le Guide des Meilleurs Vins de France 2023<\/em>: m\u00e4rgitud kui \u00fcks v\u00e4ljendusrikkamaid Meunier-p\u00f5hiseid cuv\u00e9e\u2019sid Vall\u00e9e de la Marne\u2019is.<\/p>\n\t\t\t\t\t<\/div>\n\t\t\t\t\t\t<\/div>\n\t\t\t\t<\/div>\n\t\t\t\t\t<\/div>\n\t\t\t\t<\/div>\n\t\t\t\t<\/div>","protected":false},"excerpt":{"rendered":"<p>\u00dche viinamarjasordi \u0161ampanja 100% Pinot Meunier\u2019st, mis v\u00e4ljendab Vall\u00e9e de la Marne\u2019i iseloomu: mahlakas puuviljasus, s\u00fcgav tekstuur ja kuiv, mineraalne l\u00f5pp.<\/p>","protected":false},"featured_media":28062,"template":"","meta":[],"product_brand":[171],"product_cat":[29,93],"product_tag":[],"class_list":{"0":"post-28061","1":"product","2":"type-product","3":"status-publish","4":"has-post-thumbnail","6":"product_brand-bourgeois-diaz","7":"product_cat-koik-tooted","8":"product_cat-sampanja","9":"pa_piirkond-champagne","10":"pa_viinamarjasort-meunier","12":"first","13":"instock","14":"featured","15":"taxable","16":"shipping-taxable","17":"purchasable","18":"product-type-simple"},"yoast_head":"<!-- This site is optimized with the Yoast SEO plugin v27.4 - https:\/\/yoast.com\/product\/yoast-seo-wordpress\/ -->\n<title>Bourgeois-Diaz BD\u2019M - Brut Nature - diWine &ndash; Premium kvaliteetveinid &uuml;le maailma | Eesti veinipood<\/title>\n<meta name=\"robots\" content=\"index, follow, max-snippet:-1, max-image-preview:large, max-video-preview:-1\" \/>\n<link rel=\"canonical\" href=\"https:\/\/diwine.ee\/en\/product\/bourgeois-diaz-bdm\/\" \/>\n<meta property=\"og:locale\" content=\"en_GB\" \/>\n<meta property=\"og:type\" content=\"article\" \/>\n<meta property=\"og:title\" content=\"Bourgeois-Diaz BD\u2019M - Brut Nature - diWine &ndash; Premium kvaliteetveinid &uuml;le maailma | Eesti veinipood\" \/>\n<meta property=\"og:description\" content=\"\u00dche viinamarjasordi \u0161ampanja 100% Pinot Meunier\u2019st, mis v\u00e4ljendab Vall\u00e9e de la Marne\u2019i iseloomu: mahlakas puuviljasus, s\u00fcgav tekstuur ja kuiv, mineraalne l\u00f5pp.\" \/>\n<meta property=\"og:url\" content=\"https:\/\/diwine.ee\/en\/product\/bourgeois-diaz-bdm\/\" \/>\n<meta property=\"og:site_name\" content=\"diWine &ndash; Premium kvaliteetveinid &uuml;le maailma | Eesti veinipood\" \/>\n<meta property=\"article:publisher\" content=\"https:\/\/www.facebook.com\/profile.php?id=61573862347231\" \/>\n<meta property=\"article:modified_time\" content=\"2026-01-15T19:14:45+00:00\" \/>\n<meta property=\"og:image\" content=\"https:\/\/diwine.ee\/wp-content\/uploads\/2025\/11\/bdm.png\" \/>\n\t<meta property=\"og:image:width\" content=\"800\" \/>\n\t<meta property=\"og:image:height\" content=\"800\" \/>\n\t<meta property=\"og:image:type\" content=\"image\/png\" \/>\n<meta name=\"twitter:card\" content=\"summary_large_image\" \/>\n<meta name=\"twitter:label1\" content=\"Estimated reading time\" \/>\n\t<meta name=\"twitter:data1\" content=\"2 minutes\" \/>\n<script type=\"application\/ld+json\" class=\"yoast-schema-graph\">{\"@context\":\"https:\\\/\\\/schema.org\",\"@graph\":[{\"@type\":\"WebPage\",\"@id\":\"https:\\\/\\\/diwine.ee\\\/product\\\/bourgeois-diaz-bdm\\\/\",\"url\":\"https:\\\/\\\/diwine.ee\\\/product\\\/bourgeois-diaz-bdm\\\/\",\"name\":\"Bourgeois-Diaz BD\u2019M - Brut Nature - diWine &ndash; Premium kvaliteetveinid &uuml;le maailma | Eesti veinipood\",\"isPartOf\":{\"@id\":\"https:\\\/\\\/diwine.ee\\\/#website\"},\"primaryImageOfPage\":{\"@id\":\"https:\\\/\\\/diwine.ee\\\/product\\\/bourgeois-diaz-bdm\\\/#primaryimage\"},\"image\":{\"@id\":\"https:\\\/\\\/diwine.ee\\\/product\\\/bourgeois-diaz-bdm\\\/#primaryimage\"},\"thumbnailUrl\":\"https:\\\/\\\/diwine.ee\\\/wp-content\\\/uploads\\\/2025\\\/11\\\/bdm.png\",\"datePublished\":\"2025-11-09T16:58:08+00:00\",\"dateModified\":\"2026-01-15T19:14:45+00:00\",\"breadcrumb\":{\"@id\":\"https:\\\/\\\/diwine.ee\\\/product\\\/bourgeois-diaz-bdm\\\/#breadcrumb\"},\"inLanguage\":\"en-GB\",\"potentialAction\":[{\"@type\":\"ReadAction\",\"target\":[\"https:\\\/\\\/diwine.ee\\\/product\\\/bourgeois-diaz-bdm\\\/\"]}]},{\"@type\":\"ImageObject\",\"inLanguage\":\"en-GB\",\"@id\":\"https:\\\/\\\/diwine.ee\\\/product\\\/bourgeois-diaz-bdm\\\/#primaryimage\",\"url\":\"https:\\\/\\\/diwine.ee\\\/wp-content\\\/uploads\\\/2025\\\/11\\\/bdm.png\",\"contentUrl\":\"https:\\\/\\\/diwine.ee\\\/wp-content\\\/uploads\\\/2025\\\/11\\\/bdm.png\",\"width\":800,\"height\":800},{\"@type\":\"BreadcrumbList\",\"@id\":\"https:\\\/\\\/diwine.ee\\\/product\\\/bourgeois-diaz-bdm\\\/#breadcrumb\",\"itemListElement\":[{\"@type\":\"ListItem\",\"position\":1,\"name\":\"Home\",\"item\":\"https:\\\/\\\/diwine.ee\\\/\"},{\"@type\":\"ListItem\",\"position\":2,\"name\":\"e-pood\",\"item\":\"https:\\\/\\\/diwine.ee\\\/tooted\\\/\"},{\"@type\":\"ListItem\",\"position\":3,\"name\":\"Bourgeois-Diaz BD\u2019M &#8211; Brut Nature\"}]},{\"@type\":\"WebSite\",\"@id\":\"https:\\\/\\\/diwine.ee\\\/#website\",\"url\":\"https:\\\/\\\/diwine.ee\\\/\",\"name\":\"diWine \u2013 Premium kvaliteetveinid \u00fcle maailma | Eesti veinipood\",\"description\":\"Avasta diWine&#039;i hoolikalt valitud kvaliteetveinid maailma tippveinipiirkondadest. Eksklusiivsed punaveinid, valged veinid, vahuveinid ja eriveinid sinu erilisteks hetkedeks.\",\"publisher\":{\"@id\":\"https:\\\/\\\/diwine.ee\\\/#organization\"},\"potentialAction\":[{\"@type\":\"SearchAction\",\"target\":{\"@type\":\"EntryPoint\",\"urlTemplate\":\"https:\\\/\\\/diwine.ee\\\/?s={search_term_string}\"},\"query-input\":{\"@type\":\"PropertyValueSpecification\",\"valueRequired\":true,\"valueName\":\"search_term_string\"}}],\"inLanguage\":\"en-GB\"},{\"@type\":\"Organization\",\"@id\":\"https:\\\/\\\/diwine.ee\\\/#organization\",\"name\":\"diWine veinipood\",\"url\":\"https:\\\/\\\/diwine.ee\\\/\",\"logo\":{\"@type\":\"ImageObject\",\"inLanguage\":\"en-GB\",\"@id\":\"https:\\\/\\\/diwine.ee\\\/#\\\/schema\\\/logo\\\/image\\\/\",\"url\":\"https:\\\/\\\/diwine.ee\\\/wp-content\\\/uploads\\\/2025\\\/04\\\/diWine-1080-x-1080-px.png\",\"contentUrl\":\"https:\\\/\\\/diwine.ee\\\/wp-content\\\/uploads\\\/2025\\\/04\\\/diWine-1080-x-1080-px.png\",\"width\":1080,\"height\":1080,\"caption\":\"diWine veinipood\"},\"image\":{\"@id\":\"https:\\\/\\\/diwine.ee\\\/#\\\/schema\\\/logo\\\/image\\\/\"},\"sameAs\":[\"https:\\\/\\\/www.facebook.com\\\/profile.php?id=61573862347231\",\"https:\\\/\\\/www.instagram.com\\\/diwine.ee\"]}]}<\/script>\n<!-- \/ Yoast SEO plugin. -->","yoast_head_json":{"title":"Bourgeois-Diaz BD\u2019M - Brut Nature - diWine &ndash; Premium kvaliteetveinid &uuml;le maailma | Eesti veinipood","robots":{"index":"index","follow":"follow","max-snippet":"max-snippet:-1","max-image-preview":"max-image-preview:large","max-video-preview":"max-video-preview:-1"},"canonical":"https:\/\/diwine.ee\/en\/product\/bourgeois-diaz-bdm\/","og_locale":"en_GB","og_type":"article","og_title":"Bourgeois-Diaz BD\u2019M - Brut Nature - diWine &ndash; Premium kvaliteetveinid &uuml;le maailma | Eesti veinipood","og_description":"\u00dche viinamarjasordi \u0161ampanja 100% Pinot Meunier\u2019st, mis v\u00e4ljendab Vall\u00e9e de la Marne\u2019i iseloomu: mahlakas puuviljasus, s\u00fcgav tekstuur ja kuiv, mineraalne l\u00f5pp.","og_url":"https:\/\/diwine.ee\/en\/product\/bourgeois-diaz-bdm\/","og_site_name":"diWine &ndash; Premium kvaliteetveinid &uuml;le maailma | Eesti veinipood","article_publisher":"https:\/\/www.facebook.com\/profile.php?id=61573862347231","article_modified_time":"2026-01-15T19:14:45+00:00","og_image":[{"width":800,"height":800,"url":"https:\/\/diwine.ee\/wp-content\/uploads\/2025\/11\/bdm.png","type":"image\/png"}],"twitter_card":"summary_large_image","twitter_misc":{"Estimated reading time":"2 minutes"},"schema":{"@context":"https:\/\/schema.org","@graph":[{"@type":"WebPage","@id":"https:\/\/diwine.ee\/product\/bourgeois-diaz-bdm\/","url":"https:\/\/diwine.ee\/product\/bourgeois-diaz-bdm\/","name":"Bourgeois-Diaz BD\u2019M - Brut Nature - diWine &ndash; Premium kvaliteetveinid &uuml;le maailma | Eesti veinipood","isPartOf":{"@id":"https:\/\/diwine.ee\/#website"},"primaryImageOfPage":{"@id":"https:\/\/diwine.ee\/product\/bourgeois-diaz-bdm\/#primaryimage"},"image":{"@id":"https:\/\/diwine.ee\/product\/bourgeois-diaz-bdm\/#primaryimage"},"thumbnailUrl":"https:\/\/diwine.ee\/wp-content\/uploads\/2025\/11\/bdm.png","datePublished":"2025-11-09T16:58:08+00:00","dateModified":"2026-01-15T19:14:45+00:00","breadcrumb":{"@id":"https:\/\/diwine.ee\/product\/bourgeois-diaz-bdm\/#breadcrumb"},"inLanguage":"en-GB","potentialAction":[{"@type":"ReadAction","target":["https:\/\/diwine.ee\/product\/bourgeois-diaz-bdm\/"]}]},{"@type":"ImageObject","inLanguage":"en-GB","@id":"https:\/\/diwine.ee\/product\/bourgeois-diaz-bdm\/#primaryimage","url":"https:\/\/diwine.ee\/wp-content\/uploads\/2025\/11\/bdm.png","contentUrl":"https:\/\/diwine.ee\/wp-content\/uploads\/2025\/11\/bdm.png","width":800,"height":800},{"@type":"BreadcrumbList","@id":"https:\/\/diwine.ee\/product\/bourgeois-diaz-bdm\/#breadcrumb","itemListElement":[{"@type":"ListItem","position":1,"name":"Home","item":"https:\/\/diwine.ee\/"},{"@type":"ListItem","position":2,"name":"e-pood","item":"https:\/\/diwine.ee\/tooted\/"},{"@type":"ListItem","position":3,"name":"Bourgeois-Diaz BD\u2019M &#8211; Brut Nature"}]},{"@type":"WebSite","@id":"https:\/\/diwine.ee\/#website","url":"https:\/\/diwine.ee\/","name":"diWine \u2013 Premium kvaliteetveinid \u00fcle maailma | Eesti veinipood","description":"Avasta diWine&#039;i hoolikalt valitud kvaliteetveinid maailma tippveinipiirkondadest. Eksklusiivsed punaveinid, valged veinid, vahuveinid ja eriveinid sinu erilisteks hetkedeks.","publisher":{"@id":"https:\/\/diwine.ee\/#organization"},"potentialAction":[{"@type":"SearchAction","target":{"@type":"EntryPoint","urlTemplate":"https:\/\/diwine.ee\/?s={search_term_string}"},"query-input":{"@type":"PropertyValueSpecification","valueRequired":true,"valueName":"search_term_string"}}],"inLanguage":"en-GB"},{"@type":"Organization","@id":"https:\/\/diwine.ee\/#organization","name":"diWine veinipood","url":"https:\/\/diwine.ee\/","logo":{"@type":"ImageObject","inLanguage":"en-GB","@id":"https:\/\/diwine.ee\/#\/schema\/logo\/image\/","url":"https:\/\/diwine.ee\/wp-content\/uploads\/2025\/04\/diWine-1080-x-1080-px.png","contentUrl":"https:\/\/diwine.ee\/wp-content\/uploads\/2025\/04\/diWine-1080-x-1080-px.png","width":1080,"height":1080,"caption":"diWine veinipood"},"image":{"@id":"https:\/\/diwine.ee\/#\/schema\/logo\/image\/"},"sameAs":["https:\/\/www.facebook.com\/profile.php?id=61573862347231","https:\/\/www.instagram.com\/diwine.ee"]}]}},"jetpack_sharing_enabled":true,"_links":{"self":[{"href":"https:\/\/diwine.ee\/en\/wp-json\/wp\/v2\/product\/28061","targetHints":{"allow":["GET"]}}],"collection":[{"href":"https:\/\/diwine.ee\/en\/wp-json\/wp\/v2\/product"}],"about":[{"href":"https:\/\/diwine.ee\/en\/wp-json\/wp\/v2\/types\/product"}],"version-history":[{"count":0,"href":"https:\/\/diwine.ee\/en\/wp-json\/wp\/v2\/product\/28061\/revisions"}],"wp:featuredmedia":[{"embeddable":true,"href":"https:\/\/diwine.ee\/en\/wp-json\/wp\/v2\/media\/28062"}],"wp:attachment":[{"href":"https:\/\/diwine.ee\/en\/wp-json\/wp\/v2\/media?parent=28061"}],"wp:term":[{"taxonomy":"product_brand","embeddable":true,"href":"https:\/\/diwine.ee\/en\/wp-json\/wp\/v2\/product_brand?post=28061"},{"taxonomy":"product_cat","embeddable":true,"href":"https:\/\/diwine.ee\/en\/wp-json\/wp\/v2\/product_cat?post=28061"},{"taxonomy":"product_tag","embeddable":true,"href":"https:\/\/diwine.ee\/en\/wp-json\/wp\/v2\/product_tag?post=28061"}],"curies":[{"name":"wp","href":"https:\/\/api.w.org\/{rel}","templated":true}]}}