{"id":28069,"date":"2025-11-09T19:07:06","date_gmt":"2025-11-09T17:07:06","guid":{"rendered":"https:\/\/diwine.ee\/?post_type=product&#038;p=28069"},"modified":"2026-01-15T21:14:34","modified_gmt":"2026-01-15T19:14:34","slug":"champagne-bourgeois-diaz-bdn","status":"publish","type":"product","link":"https:\/\/diwine.ee\/en\/product\/champagne-bourgeois-diaz-bdn\/","title":{"rendered":"Bourgeois-Diaz BD\u2019N &#8211; Brut Nature"},"content":{"rendered":"<div data-elementor-type=\"wp-post\" data-elementor-id=\"28069\" class=\"elementor elementor-28069\">\n\t\t\t\t<div class=\"wd-negative-gap elementor-element elementor-element-b496628 e-grid e-con-boxed e-con e-parent\" data-id=\"b496628\" data-element_type=\"container\" data-e-type=\"container\">\n\t\t\t\t\t<div class=\"e-con-inner\">\n\t\t\t\t<div class=\"elementor-element elementor-element-aa23989 elementor-widget elementor-widget-wd_text_block\" data-id=\"aa23989\" data-element_type=\"widget\" data-e-type=\"widget\" data-widget_type=\"wd_text_block.default\">\n\t\t\t\t<div class=\"elementor-widget-container\">\n\t\t\t\t\t\t\t<div class=\"wd-text-block reset-last-child text-left\">\n\t\t\t\n\t\t\t<h3 class=\"cvGsUA direction-ltr align-justify para-style-body\"><span class=\"OYPEnA font-feature-liga-off font-feature-clig-off font-feature-calt-off text-decoration-none text-strikethrough-none\">Veini lugu:<\/span><\/h3><p data-start=\"316\" data-end=\"735\">BD\u2019N (\u201eBlanc de Noirs\u201c) on Bourgeois-Diaz\u2019i t\u00f5lgendus Vall\u00e9e de la Marne\u2019i tumedatest viinamarjadest. See cuv\u00e9e \u00fchendab Pinot Noir\u2019 j\u00f5ulisuse ja Pinot Meunier\u2019 mahlaka, viljaka iseloomu, tuues esile piirkonna lubjakivise savimulla s\u00fcgavuse. Vein on loodud n\u00e4itamaks, et tumedatest viinamarjadest valmistatud valge \u0161ampanja v\u00f5ib olla sama puhas ja mitmekihiline kui klassikaline Blanc de Blancs \u2013 kuid hoopis teistsuguse, marjasema energiaga.<br data-start=\"937\" data-end=\"940\" \/>See cuv\u00e9e on \u00fcks maja vundamendiveine, mis v\u00e4ljendab loodusliku viinamarjakasvatuse, k\u00e4sit\u00f6\u00f6pressimise ja looduslike p\u00e4rmide koosm\u00f5ju k\u00f5ige ausamal kujul.<\/p><p class=\"cvGsUA direction-ltr align-justify para-style-body\"><span style=\"color: #1b1919; font-size: 22px;\">Veini valmistamine:<\/span><\/p><p data-start=\"1082\" data-end=\"1463\">Koostis: ligikaudu 70% Pinot Meunier ja 30% Pinot Noir.<br data-start=\"1181\" data-end=\"1184\" \/>Viinamarjad on p\u00e4rit Crouttes-sur-Marne\u2019i ja Leuvrigny n\u00f5lvadelt, kus muld koosneb savi ja lubjakivi kihistustest, andes veinile nii struktuuri kui mineraalset pinget.<br data-start=\"1351\" data-end=\"1354\" \/>K\u00e4\u00e4ritamine toimub looduslike p\u00e4rmidega, ilma lisatud suhkruta, osaliselt v\u00e4ikestes kasutatud tammevaatides ja osaliselt roostevabades terastankides.<br data-start=\"1503\" data-end=\"1506\" \/>Malolaktiline fermentatsioon toimub loomulikult.<br data-start=\"1554\" data-end=\"1557\" \/>P\u00e4rast villimist laagerdub vein p\u00e4rmisettel <strong data-start=\"1601\" data-end=\"1615\">30\u201340 kuud<\/strong>, seej\u00e4rel degorgeeritakse ilma dosaa\u017eita (<strong data-start=\"1658\" data-end=\"1681\">0 g\/l \u2013 Brut Nature<\/strong>).<br data-start=\"1683\" data-end=\"1686\" \/>Sulfitite kasutus minimaalne.<\/p>\n\t\t\t\t\t<\/div>\n\t\t\t\t\t\t<\/div>\n\t\t\t\t<\/div>\n\t\t\t\t<div class=\"elementor-element elementor-element-f22db15 elementor-widget elementor-widget-wd_text_block\" data-id=\"f22db15\" data-element_type=\"widget\" data-e-type=\"widget\" data-widget_type=\"wd_text_block.default\">\n\t\t\t\t<div class=\"elementor-widget-container\">\n\t\t\t\t\t\t\t<div class=\"wd-text-block reset-last-child text-left\">\n\t\t\t\n\t\t\t<h3 class=\"cvGsUA direction-ltr align-justify para-style-body\"><span class=\"OYPEnA font-feature-liga-off font-feature-clig-off font-feature-calt-off text-decoration-none text-strikethrough-none\">Maitsenoodid:<\/span><\/h3><p data-start=\"1894\" data-end=\"2184\">Aroom on s\u00fcgav ja mitmekihiline: k\u00fcpsed punased \u00f5unad, metsmaasikas, kerge kirsi- ja vaarikan\u00fcanss, millele lisandub kuivatatud \u00fcrtide, kriidi ja r\u00f6stitud sarapuup\u00e4hkli noote. Suulael kombineeruvad punase marja mahlakus, tsitruseline v\u00e4rskus ja soolane mineraalsus. Tekstuur on tihe, kuid elegantne; hape sirge ja energiline. L\u00f5pp on pikk, kuiv ja mineraalne, meenutades Crou ttes-sur-Marne\u2019i lubjakivist s\u00fcgavust.<br data-start=\"2157\" data-end=\"2160\" \/>Stiililt j\u00f5uline, kuid tasakaalus \u2013 vein, mis n\u00e4itab Bourgeois-Diaz\u2019i kompromissitut terroir\u2019i v\u00e4ljendusviisi.<\/p><h3 class=\"cvGsUA direction-ltr align-justify para-style-body\"><span class=\"OYPEnA font-feature-liga-off font-feature-clig-off font-feature-calt-off text-decoration-none text-strikethrough-none\">Toidusoovitus:<\/span><\/h3><p class=\"cvGsUA direction-ltr align-justify para-style-body\">BD\u2019N on gastronoomiline \u0161ampanja, mis toimib laua \u00e4\u00e4res kui t\u00f5sine toiduvein. Sobib suurep\u00e4raselt r\u00f6stitud vuti, pardifilee v\u00f5i vasikakarbonaadiga. V\u00e4ga hea ka suitsuse noodi ja umami-rohkete roogadega \u2013 n\u00e4iteks tr\u00fchvlikastmega risoto, seenetortellinid v\u00f5i r\u00f6stitud juurselleriga valmistatud roog.<br data-start=\"2594\" data-end=\"2597\" \/>Mereandide armastajatele sobib h\u00e4sti k\u00fcpsetatud mereahvena, homaari v\u00f5i krevettide juurde, kus v\u00f5i ja sidruni tasakaal r\u00f5hutab veini mineraalset pinget. Ka vanemad k\u00f5vad juustud (Comt\u00e9, Mimolette) loovad elegantse koosm\u00e4ngu.<\/p>\n\t\t\t\t\t<\/div>\n\t\t\t\t\t\t<\/div>\n\t\t\t\t<\/div>\n\t\t\t\t<div class=\"elementor-element elementor-element-79dff25 elementor-widget elementor-widget-wd_text_block\" data-id=\"79dff25\" data-element_type=\"widget\" data-e-type=\"widget\" data-widget_type=\"wd_text_block.default\">\n\t\t\t\t<div class=\"elementor-widget-container\">\n\t\t\t\t\t\t\t<div class=\"wd-text-block reset-last-child text-left\">\n\t\t\t\n\t\t\t<h3 class=\"cvGsUA direction-ltr align-justify para-style-body\"><span class=\"OYPEnA font-feature-liga-off font-feature-clig-off font-feature-calt-off text-decoration-none text-strikethrough-none\">S\u00e4ilitamispotentsiaal:<\/span><\/h3><p data-start=\"30\" data-end=\"380\">Optimaalne joomisaken 2024\u20132030. Struktuur ja madal dosaa\u017e v\u00f5imaldavad veinil areneda v\u00e4hemalt 7\u20139 aastat, mille jooksul muutub aroomikompleks s\u00fcgavamaks \u2013 brioche, p\u00e4hkel, kuivatatud puuvili ja tume mesi ilmuvad koos peene oks\u00fcdatiivse nootiga, s\u00e4ilitades samas v\u00e4rskuse ja mineraalsuse.<\/p><h3 class=\"cvGsUA direction-ltr align-justify para-style-body\"><span class=\"OYPEnA font-feature-liga-off font-feature-clig-off font-feature-calt-off text-decoration-none text-strikethrough-none\">Hinnangud &amp; tunnustused:<\/span><\/h3><p>\u2013 <em data-start=\"3186\" data-end=\"3219\">RVF (La Revue du Vin de France)<\/em>: 92 punkti \u2013 \u201eSelge ja j\u00f5uline Blanc de Noirs, millel on mineraalne selgroog ja t\u00e4pne tekstuur.\u201c<br data-start=\"3316\" data-end=\"3319\" \/>\u2013 <em data-start=\"3321\" data-end=\"3348\">Wine Anorak (Jamie Goode)<\/em>: 93 punkti \u2013 \u201eStructured, dry and expressive, with red fruit tension and saline drive.\u201c<br data-start=\"3436\" data-end=\"3439\" \/>\u2013 <em data-start=\"3441\" data-end=\"3485\">Le Guide des Meilleurs Vins de France 2023<\/em>: nimetatud \u00fcheks k\u00f5ige j\u00e4rjepidevamaks terroir\u2019p\u00f5hiseks Blanc de Noirs\u2019ks Vall\u00e9e de la Marne\u2019is.<\/p>\n\t\t\t\t\t<\/div>\n\t\t\t\t\t\t<\/div>\n\t\t\t\t<\/div>\n\t\t\t\t\t<\/div>\n\t\t\t\t<\/div>\n\t\t\t\t<\/div>","protected":false},"excerpt":{"rendered":"<p>Kuiv ja j\u00f5uline Blanc de Noirs, valmistatud Pinot Noir\u2019st ja Pinot Meunier\u2019st, v\u00e4ljendades Vall\u00e9e de la Marne\u2019i k\u00fcpset puuviljasust, tekstuurilist s\u00fcgavust ja mineraalset t\u00e4psust.<\/p>","protected":false},"featured_media":28070,"template":"","meta":[],"product_brand":[171],"product_cat":[29,93],"product_tag":[],"class_list":{"0":"post-28069","1":"product","2":"type-product","3":"status-publish","4":"has-post-thumbnail","6":"product_brand-bourgeois-diaz","7":"product_cat-koik-tooted","8":"product_cat-sampanja","9":"pa_piirkond-champagne","10":"pa_viinamarjasort-meunier","11":"pa_viinamarjasort-pinot-noir","13":"first","14":"instock","15":"featured","16":"taxable","17":"shipping-taxable","18":"purchasable","19":"product-type-simple"},"yoast_head":"<!-- This site is optimized with the Yoast SEO plugin v27.4 - https:\/\/yoast.com\/product\/yoast-seo-wordpress\/ -->\n<title>Bourgeois-Diaz BD\u2019N - Brut Nature - diWine &ndash; Premium kvaliteetveinid &uuml;le maailma | Eesti veinipood<\/title>\n<meta name=\"robots\" content=\"index, follow, max-snippet:-1, max-image-preview:large, max-video-preview:-1\" \/>\n<link rel=\"canonical\" href=\"https:\/\/diwine.ee\/en\/product\/champagne-bourgeois-diaz-bdn\/\" \/>\n<meta property=\"og:locale\" content=\"en_GB\" \/>\n<meta property=\"og:type\" content=\"article\" \/>\n<meta property=\"og:title\" content=\"Bourgeois-Diaz BD\u2019N - Brut Nature - diWine &ndash; Premium kvaliteetveinid &uuml;le maailma | Eesti veinipood\" \/>\n<meta property=\"og:description\" content=\"Kuiv ja j\u00f5uline Blanc de Noirs, valmistatud Pinot Noir\u2019st ja Pinot Meunier\u2019st, v\u00e4ljendades Vall\u00e9e de la Marne\u2019i k\u00fcpset puuviljasust, tekstuurilist s\u00fcgavust ja mineraalset t\u00e4psust.\" \/>\n<meta property=\"og:url\" content=\"https:\/\/diwine.ee\/en\/product\/champagne-bourgeois-diaz-bdn\/\" \/>\n<meta property=\"og:site_name\" content=\"diWine &ndash; Premium kvaliteetveinid &uuml;le maailma | Eesti veinipood\" \/>\n<meta property=\"article:publisher\" content=\"https:\/\/www.facebook.com\/profile.php?id=61573862347231\" \/>\n<meta property=\"article:modified_time\" content=\"2026-01-15T19:14:34+00:00\" \/>\n<meta property=\"og:image\" content=\"https:\/\/diwine.ee\/wp-content\/uploads\/2025\/11\/bdn-800x800-1.png\" \/>\n\t<meta property=\"og:image:width\" content=\"800\" \/>\n\t<meta property=\"og:image:height\" content=\"800\" \/>\n\t<meta property=\"og:image:type\" content=\"image\/png\" \/>\n<meta name=\"twitter:card\" content=\"summary_large_image\" \/>\n<meta name=\"twitter:label1\" content=\"Estimated reading time\" \/>\n\t<meta name=\"twitter:data1\" content=\"3 minutes\" \/>\n<script type=\"application\/ld+json\" class=\"yoast-schema-graph\">{\"@context\":\"https:\\\/\\\/schema.org\",\"@graph\":[{\"@type\":\"WebPage\",\"@id\":\"https:\\\/\\\/diwine.ee\\\/product\\\/champagne-bourgeois-diaz-bdn\\\/\",\"url\":\"https:\\\/\\\/diwine.ee\\\/product\\\/champagne-bourgeois-diaz-bdn\\\/\",\"name\":\"Bourgeois-Diaz BD\u2019N - Brut Nature - diWine &ndash; Premium kvaliteetveinid &uuml;le maailma | Eesti veinipood\",\"isPartOf\":{\"@id\":\"https:\\\/\\\/diwine.ee\\\/#website\"},\"primaryImageOfPage\":{\"@id\":\"https:\\\/\\\/diwine.ee\\\/product\\\/champagne-bourgeois-diaz-bdn\\\/#primaryimage\"},\"image\":{\"@id\":\"https:\\\/\\\/diwine.ee\\\/product\\\/champagne-bourgeois-diaz-bdn\\\/#primaryimage\"},\"thumbnailUrl\":\"https:\\\/\\\/diwine.ee\\\/wp-content\\\/uploads\\\/2025\\\/11\\\/bdn-800x800-1.png\",\"datePublished\":\"2025-11-09T17:07:06+00:00\",\"dateModified\":\"2026-01-15T19:14:34+00:00\",\"breadcrumb\":{\"@id\":\"https:\\\/\\\/diwine.ee\\\/product\\\/champagne-bourgeois-diaz-bdn\\\/#breadcrumb\"},\"inLanguage\":\"en-GB\",\"potentialAction\":[{\"@type\":\"ReadAction\",\"target\":[\"https:\\\/\\\/diwine.ee\\\/product\\\/champagne-bourgeois-diaz-bdn\\\/\"]}]},{\"@type\":\"ImageObject\",\"inLanguage\":\"en-GB\",\"@id\":\"https:\\\/\\\/diwine.ee\\\/product\\\/champagne-bourgeois-diaz-bdn\\\/#primaryimage\",\"url\":\"https:\\\/\\\/diwine.ee\\\/wp-content\\\/uploads\\\/2025\\\/11\\\/bdn-800x800-1.png\",\"contentUrl\":\"https:\\\/\\\/diwine.ee\\\/wp-content\\\/uploads\\\/2025\\\/11\\\/bdn-800x800-1.png\",\"width\":800,\"height\":800},{\"@type\":\"BreadcrumbList\",\"@id\":\"https:\\\/\\\/diwine.ee\\\/product\\\/champagne-bourgeois-diaz-bdn\\\/#breadcrumb\",\"itemListElement\":[{\"@type\":\"ListItem\",\"position\":1,\"name\":\"Home\",\"item\":\"https:\\\/\\\/diwine.ee\\\/\"},{\"@type\":\"ListItem\",\"position\":2,\"name\":\"e-pood\",\"item\":\"https:\\\/\\\/diwine.ee\\\/tooted\\\/\"},{\"@type\":\"ListItem\",\"position\":3,\"name\":\"Bourgeois-Diaz BD\u2019N &#8211; Brut Nature\"}]},{\"@type\":\"WebSite\",\"@id\":\"https:\\\/\\\/diwine.ee\\\/#website\",\"url\":\"https:\\\/\\\/diwine.ee\\\/\",\"name\":\"diWine \u2013 Premium kvaliteetveinid \u00fcle maailma | Eesti veinipood\",\"description\":\"Avasta diWine&#039;i hoolikalt valitud kvaliteetveinid maailma tippveinipiirkondadest. Eksklusiivsed punaveinid, valged veinid, vahuveinid ja eriveinid sinu erilisteks hetkedeks.\",\"publisher\":{\"@id\":\"https:\\\/\\\/diwine.ee\\\/#organization\"},\"potentialAction\":[{\"@type\":\"SearchAction\",\"target\":{\"@type\":\"EntryPoint\",\"urlTemplate\":\"https:\\\/\\\/diwine.ee\\\/?s={search_term_string}\"},\"query-input\":{\"@type\":\"PropertyValueSpecification\",\"valueRequired\":true,\"valueName\":\"search_term_string\"}}],\"inLanguage\":\"en-GB\"},{\"@type\":\"Organization\",\"@id\":\"https:\\\/\\\/diwine.ee\\\/#organization\",\"name\":\"diWine veinipood\",\"url\":\"https:\\\/\\\/diwine.ee\\\/\",\"logo\":{\"@type\":\"ImageObject\",\"inLanguage\":\"en-GB\",\"@id\":\"https:\\\/\\\/diwine.ee\\\/#\\\/schema\\\/logo\\\/image\\\/\",\"url\":\"https:\\\/\\\/diwine.ee\\\/wp-content\\\/uploads\\\/2025\\\/04\\\/diWine-1080-x-1080-px.png\",\"contentUrl\":\"https:\\\/\\\/diwine.ee\\\/wp-content\\\/uploads\\\/2025\\\/04\\\/diWine-1080-x-1080-px.png\",\"width\":1080,\"height\":1080,\"caption\":\"diWine veinipood\"},\"image\":{\"@id\":\"https:\\\/\\\/diwine.ee\\\/#\\\/schema\\\/logo\\\/image\\\/\"},\"sameAs\":[\"https:\\\/\\\/www.facebook.com\\\/profile.php?id=61573862347231\",\"https:\\\/\\\/www.instagram.com\\\/diwine.ee\"]}]}<\/script>\n<!-- \/ Yoast SEO plugin. -->","yoast_head_json":{"title":"Bourgeois-Diaz BD\u2019N - Brut Nature - diWine &ndash; Premium kvaliteetveinid &uuml;le maailma | Eesti veinipood","robots":{"index":"index","follow":"follow","max-snippet":"max-snippet:-1","max-image-preview":"max-image-preview:large","max-video-preview":"max-video-preview:-1"},"canonical":"https:\/\/diwine.ee\/en\/product\/champagne-bourgeois-diaz-bdn\/","og_locale":"en_GB","og_type":"article","og_title":"Bourgeois-Diaz BD\u2019N - Brut Nature - diWine &ndash; Premium kvaliteetveinid &uuml;le maailma | Eesti veinipood","og_description":"Kuiv ja j\u00f5uline Blanc de Noirs, valmistatud Pinot Noir\u2019st ja Pinot Meunier\u2019st, v\u00e4ljendades Vall\u00e9e de la Marne\u2019i k\u00fcpset puuviljasust, tekstuurilist s\u00fcgavust ja mineraalset t\u00e4psust.","og_url":"https:\/\/diwine.ee\/en\/product\/champagne-bourgeois-diaz-bdn\/","og_site_name":"diWine &ndash; Premium kvaliteetveinid &uuml;le maailma | Eesti veinipood","article_publisher":"https:\/\/www.facebook.com\/profile.php?id=61573862347231","article_modified_time":"2026-01-15T19:14:34+00:00","og_image":[{"width":800,"height":800,"url":"https:\/\/diwine.ee\/wp-content\/uploads\/2025\/11\/bdn-800x800-1.png","type":"image\/png"}],"twitter_card":"summary_large_image","twitter_misc":{"Estimated reading time":"3 minutes"},"schema":{"@context":"https:\/\/schema.org","@graph":[{"@type":"WebPage","@id":"https:\/\/diwine.ee\/product\/champagne-bourgeois-diaz-bdn\/","url":"https:\/\/diwine.ee\/product\/champagne-bourgeois-diaz-bdn\/","name":"Bourgeois-Diaz BD\u2019N - Brut Nature - diWine &ndash; Premium kvaliteetveinid &uuml;le maailma | Eesti veinipood","isPartOf":{"@id":"https:\/\/diwine.ee\/#website"},"primaryImageOfPage":{"@id":"https:\/\/diwine.ee\/product\/champagne-bourgeois-diaz-bdn\/#primaryimage"},"image":{"@id":"https:\/\/diwine.ee\/product\/champagne-bourgeois-diaz-bdn\/#primaryimage"},"thumbnailUrl":"https:\/\/diwine.ee\/wp-content\/uploads\/2025\/11\/bdn-800x800-1.png","datePublished":"2025-11-09T17:07:06+00:00","dateModified":"2026-01-15T19:14:34+00:00","breadcrumb":{"@id":"https:\/\/diwine.ee\/product\/champagne-bourgeois-diaz-bdn\/#breadcrumb"},"inLanguage":"en-GB","potentialAction":[{"@type":"ReadAction","target":["https:\/\/diwine.ee\/product\/champagne-bourgeois-diaz-bdn\/"]}]},{"@type":"ImageObject","inLanguage":"en-GB","@id":"https:\/\/diwine.ee\/product\/champagne-bourgeois-diaz-bdn\/#primaryimage","url":"https:\/\/diwine.ee\/wp-content\/uploads\/2025\/11\/bdn-800x800-1.png","contentUrl":"https:\/\/diwine.ee\/wp-content\/uploads\/2025\/11\/bdn-800x800-1.png","width":800,"height":800},{"@type":"BreadcrumbList","@id":"https:\/\/diwine.ee\/product\/champagne-bourgeois-diaz-bdn\/#breadcrumb","itemListElement":[{"@type":"ListItem","position":1,"name":"Home","item":"https:\/\/diwine.ee\/"},{"@type":"ListItem","position":2,"name":"e-pood","item":"https:\/\/diwine.ee\/tooted\/"},{"@type":"ListItem","position":3,"name":"Bourgeois-Diaz BD\u2019N &#8211; Brut Nature"}]},{"@type":"WebSite","@id":"https:\/\/diwine.ee\/#website","url":"https:\/\/diwine.ee\/","name":"diWine \u2013 Premium kvaliteetveinid \u00fcle maailma | Eesti veinipood","description":"Avasta diWine&#039;i hoolikalt valitud kvaliteetveinid maailma tippveinipiirkondadest. Eksklusiivsed punaveinid, valged veinid, vahuveinid ja eriveinid sinu erilisteks hetkedeks.","publisher":{"@id":"https:\/\/diwine.ee\/#organization"},"potentialAction":[{"@type":"SearchAction","target":{"@type":"EntryPoint","urlTemplate":"https:\/\/diwine.ee\/?s={search_term_string}"},"query-input":{"@type":"PropertyValueSpecification","valueRequired":true,"valueName":"search_term_string"}}],"inLanguage":"en-GB"},{"@type":"Organization","@id":"https:\/\/diwine.ee\/#organization","name":"diWine veinipood","url":"https:\/\/diwine.ee\/","logo":{"@type":"ImageObject","inLanguage":"en-GB","@id":"https:\/\/diwine.ee\/#\/schema\/logo\/image\/","url":"https:\/\/diwine.ee\/wp-content\/uploads\/2025\/04\/diWine-1080-x-1080-px.png","contentUrl":"https:\/\/diwine.ee\/wp-content\/uploads\/2025\/04\/diWine-1080-x-1080-px.png","width":1080,"height":1080,"caption":"diWine veinipood"},"image":{"@id":"https:\/\/diwine.ee\/#\/schema\/logo\/image\/"},"sameAs":["https:\/\/www.facebook.com\/profile.php?id=61573862347231","https:\/\/www.instagram.com\/diwine.ee"]}]}},"jetpack_sharing_enabled":true,"_links":{"self":[{"href":"https:\/\/diwine.ee\/en\/wp-json\/wp\/v2\/product\/28069","targetHints":{"allow":["GET"]}}],"collection":[{"href":"https:\/\/diwine.ee\/en\/wp-json\/wp\/v2\/product"}],"about":[{"href":"https:\/\/diwine.ee\/en\/wp-json\/wp\/v2\/types\/product"}],"version-history":[{"count":0,"href":"https:\/\/diwine.ee\/en\/wp-json\/wp\/v2\/product\/28069\/revisions"}],"wp:featuredmedia":[{"embeddable":true,"href":"https:\/\/diwine.ee\/en\/wp-json\/wp\/v2\/media\/28070"}],"wp:attachment":[{"href":"https:\/\/diwine.ee\/en\/wp-json\/wp\/v2\/media?parent=28069"}],"wp:term":[{"taxonomy":"product_brand","embeddable":true,"href":"https:\/\/diwine.ee\/en\/wp-json\/wp\/v2\/product_brand?post=28069"},{"taxonomy":"product_cat","embeddable":true,"href":"https:\/\/diwine.ee\/en\/wp-json\/wp\/v2\/product_cat?post=28069"},{"taxonomy":"product_tag","embeddable":true,"href":"https:\/\/diwine.ee\/en\/wp-json\/wp\/v2\/product_tag?post=28069"}],"curies":[{"name":"wp","href":"https:\/\/api.w.org\/{rel}","templated":true}]}}