{"id":28075,"date":"2025-11-09T21:46:30","date_gmt":"2025-11-09T19:46:30","guid":{"rendered":"https:\/\/diwine.ee\/?post_type=product&#038;p=28075"},"modified":"2026-01-15T21:14:25","modified_gmt":"2026-01-15T19:14:25","slug":"champagne-bourgeois-diaz-bdrs","status":"publish","type":"product","link":"https:\/\/diwine.ee\/en\/product\/champagne-bourgeois-diaz-bdrs\/","title":{"rendered":"Bourgeois-Diaz BD\u2019RS &#8211; Brut Nature"},"content":{"rendered":"<div data-elementor-type=\"wp-post\" data-elementor-id=\"28075\" class=\"elementor elementor-28075\">\n\t\t\t\t<div class=\"wd-negative-gap elementor-element elementor-element-b496628 e-grid e-con-boxed e-con e-parent\" data-id=\"b496628\" data-element_type=\"container\" data-e-type=\"container\">\n\t\t\t\t\t<div class=\"e-con-inner\">\n\t\t\t\t<div class=\"elementor-element elementor-element-aa23989 elementor-widget elementor-widget-wd_text_block\" data-id=\"aa23989\" data-element_type=\"widget\" data-e-type=\"widget\" data-widget_type=\"wd_text_block.default\">\n\t\t\t\t<div class=\"elementor-widget-container\">\n\t\t\t\t\t\t\t<div class=\"wd-text-block reset-last-child text-left\">\n\t\t\t\n\t\t\t<h3 class=\"cvGsUA direction-ltr align-justify para-style-body\"><span class=\"OYPEnA font-feature-liga-off font-feature-clig-off font-feature-calt-off text-decoration-none text-strikethrough-none\">Veini lugu:<\/span><\/h3><p data-start=\"316\" data-end=\"735\">BD\u2019RS (\u201eRos\u00e9 de Saign\u00e9e\u201c) on Bourgeois-Diaz\u2019i t\u00f5eline k\u00e4sit\u00f6\u00f6line ros\u00e9 \u2013 vein, mis ei s\u00fcnni v\u00e4rviseguga (assemblage), vaid l\u00fchikese kestakontaktiga meetodil ehk <em data-start=\"564\" data-end=\"573\">saign\u00e9e<\/em>. See t\u00e4hendab, et osa punase \u0161ampanjaveini mahla lastakse p\u00e4rast l\u00fchikest leotust eraldi k\u00e4\u00e4rima, saavutades nii s\u00fcgava v\u00e4rvuse ja puuviljase intensiivsuse ilma tehnilise manipuleerimiseta.<br data-start=\"763\" data-end=\"766\" \/>Cuv\u00e9e \u00fchendab Pinot Noir ja Pinot Meunier j\u00f5u ning energia, v\u00e4ljendades Crouttes-sur-Marne\u2019i savi-lubjakivise pinnase mahlakat k\u00fcpsust. BD\u2019RS on loodud neile, kes eelistavad ros\u00e9\u2019s t\u00f5sist iseloomu ja struktuuri \u2013 see on pigem toiduvein kui aperitiiv.<\/p><p class=\"cvGsUA direction-ltr align-justify para-style-body\"><span style=\"color: #1b1919; font-size: 22px;\">Veini valmistamine:<\/span><\/p><p data-start=\"1082\" data-end=\"1463\">Koostis: ligikaudu 60% Pinot Noir ja 40% Pinot Meunier.<br data-start=\"1103\" data-end=\"1106\" \/>Viinamarjad on p\u00e4rit biod\u00fcnaamiliselt haritud vanadelt istandustelt Crouttes-sur-Marne\u2019is, kus keskmine viinapuu vanus on 40 aastat.<br data-start=\"1238\" data-end=\"1241\" \/>Marjade leotus kestab umbes 24 tundi, mille j\u00e4rel osa mahlast eraldatakse (<em data-start=\"1316\" data-end=\"1325\">saign\u00e9e<\/em>), et saavutada intensiivne v\u00e4rv ja tekstuur. K\u00e4\u00e4rimine toimub looduslike p\u00e4rmidega v\u00e4ikestes tammevaatides, malolaktiline fermentatsioon toimub loomulikult.<br data-start=\"1482\" data-end=\"1485\" \/>Vein k\u00fcpseb pudelis p\u00e4rmisettel umbes <strong data-start=\"1523\" data-end=\"1534\">30 kuud<\/strong>, enne degorgeerimist.<br data-start=\"1556\" data-end=\"1559\" \/>Dosaa\u017e: <strong data-start=\"1567\" data-end=\"1591\">0 g\/l \u2013 Brut Nature.<\/strong><br data-start=\"1591\" data-end=\"1594\" \/>Sulfitite lisamine minimaalne.<\/p>\n\t\t\t\t\t<\/div>\n\t\t\t\t\t\t<\/div>\n\t\t\t\t<\/div>\n\t\t\t\t<div class=\"elementor-element elementor-element-f22db15 elementor-widget elementor-widget-wd_text_block\" data-id=\"f22db15\" data-element_type=\"widget\" data-e-type=\"widget\" data-widget_type=\"wd_text_block.default\">\n\t\t\t\t<div class=\"elementor-widget-container\">\n\t\t\t\t\t\t\t<div class=\"wd-text-block reset-last-child text-left\">\n\t\t\t\n\t\t\t<h3 class=\"cvGsUA direction-ltr align-justify para-style-body\"><span class=\"OYPEnA font-feature-liga-off font-feature-clig-off font-feature-calt-off text-decoration-none text-strikethrough-none\">Maitsenoodid:<\/span><\/h3><p data-start=\"1894\" data-end=\"2184\">Aroom on intensiivne ja v\u00e4ljendusrikas: metsmaasikas, punane s\u00f5star, kirsikivi ja kerge metsane \u00fcrdisus. Suulael on vein t\u00e4idlane, s\u00fcgava puuviljase keskosaga ja peene happelise pingega. Tekstuur meenutab pigem kerget punast veini kui klassikalist ros\u00e9\u2019d, samas s\u00e4ilitades \u0161ampanja v\u00e4rskuse ja mullide elegantsi.<br data-start=\"1964\" data-end=\"1967\" \/>L\u00f5pp on kuiv, soolakas ja mineraalne, kerge piprase varjundiga \u2013 n\u00e4itab veini looduslikku j\u00f5udu ja biod\u00fcnaamilise t\u00f6\u00f6 t\u00e4psust.<\/p><h3 class=\"cvGsUA direction-ltr align-justify para-style-body\"><span class=\"OYPEnA font-feature-liga-off font-feature-clig-off font-feature-calt-off text-decoration-none text-strikethrough-none\">Toidusoovitus:<\/span><\/h3><p class=\"cvGsUA direction-ltr align-justify para-style-body\">BD\u2019RS on ideaalne \u0161ampanja toidulauale \u2013 see talub tugevaid maitseid ja tekstuure. Sobib suurep\u00e4raselt <strong data-start=\"2223\" data-end=\"2272\">tuunikala tartari, grillitud l\u00f5he, pardirinna<\/strong> v\u00f5i <strong data-start=\"2277\" data-end=\"2299\">vasikakarbonaadiga<\/strong>.<br data-start=\"2300\" data-end=\"2303\" \/>V\u00e4ga hea valik ka <strong data-start=\"2321\" data-end=\"2357\">kergelt v\u00fcrtsikate Aasia roogade<\/strong>, <strong data-start=\"2359\" data-end=\"2386\">k\u00fcpsetatud punase peedi<\/strong>, <strong data-start=\"2388\" data-end=\"2410\">metsaseente risoto<\/strong> ja <strong data-start=\"2414\" data-end=\"2443\">vaarikakastmega pardiliha<\/strong> juurde.<br data-start=\"2451\" data-end=\"2454\" \/>Juustudest sobivad noored pestukoorega kitse- ja lambajuustud, samuti pehmed tr\u00fchvlijuustud.<\/p>\n\t\t\t\t\t<\/div>\n\t\t\t\t\t\t<\/div>\n\t\t\t\t<\/div>\n\t\t\t\t<div class=\"elementor-element elementor-element-79dff25 elementor-widget elementor-widget-wd_text_block\" data-id=\"79dff25\" data-element_type=\"widget\" data-e-type=\"widget\" data-widget_type=\"wd_text_block.default\">\n\t\t\t\t<div class=\"elementor-widget-container\">\n\t\t\t\t\t\t\t<div class=\"wd-text-block reset-last-child text-left\">\n\t\t\t\n\t\t\t<h3 class=\"cvGsUA direction-ltr align-justify para-style-body\"><span class=\"OYPEnA font-feature-liga-off font-feature-clig-off font-feature-calt-off text-decoration-none text-strikethrough-none\">S\u00e4ilitamispotentsiaal:<\/span><\/h3><p data-start=\"30\" data-end=\"380\">Parim nautimiseks 2\u20134 aasta jooksul p\u00e4rast degorgeerimist, kuid hea hoiustamise korral v\u00f5ib areneda 6\u20137 aastat, saavutades s\u00fcgavama maitsepaleti ja kuivatatud marjade ning v\u00fcrtsikate nootide n\u00fcansid.<\/p><h3 class=\"cvGsUA direction-ltr align-justify para-style-body\"><span class=\"OYPEnA font-feature-liga-off font-feature-clig-off font-feature-calt-off text-decoration-none text-strikethrough-none\">Hinnangud &amp; tunnustused:<\/span><\/h3><p>\u2013 <em data-start=\"2822\" data-end=\"2855\">RVF (La Revue du Vin de France)<\/em>: 91 p \u2013 \u201eT\u00f5sise karakteriga ros\u00e9 de saign\u00e9e, millel on struktuur ja s\u00fcgavus, mis meenutab Burgundia punaseid.\u201c<br data-start=\"2966\" data-end=\"2969\" \/>\u2013 <em data-start=\"2971\" data-end=\"2998\">Wine Anorak (Jamie Goode)<\/em>: 92 p \u2013 \u201eBright, dry and textural ros\u00e9 \u2013 red cherry, fine tannins and lively precision.\u201c<br data-start=\"3087\" data-end=\"3090\" \/>\u2013 <em data-start=\"3092\" data-end=\"3136\">Le Guide des Meilleurs Vins de France 2023<\/em>: m\u00e4rgitud kui \u00fcks v\u00e4ljendusrikkamaid biod\u00fcnaamilisi Ros\u00e9 de Saign\u00e9e \u0161ampanjasid Vall\u00e9e de la Marne\u2019is.<\/p>\n\t\t\t\t\t<\/div>\n\t\t\t\t\t\t<\/div>\n\t\t\t\t<\/div>\n\t\t\t\t\t<\/div>\n\t\t\t\t<\/div>\n\t\t\t\t<\/div>","protected":false},"excerpt":{"rendered":"<p>T\u00e4iss\u00fcgav Ros\u00e9 de Saign\u00e9e, valmistatud Pinot Noir\u2019 ja Pinot Meunier\u2019 viinamarjadest; kuiv, j\u00f5uline ja marjase iseloomuga \u0161ampanja, millel on v\u00e4ljendusrikas v\u00e4rv ja gastronoomiline struktuur.<\/p>","protected":false},"featured_media":28076,"template":"","meta":[],"product_brand":[171],"product_cat":[29,93],"product_tag":[],"class_list":{"0":"post-28075","1":"product","2":"type-product","3":"status-publish","4":"has-post-thumbnail","6":"product_brand-bourgeois-diaz","7":"product_cat-koik-tooted","8":"product_cat-sampanja","9":"pa_piirkond-champagne","10":"pa_viinamarjasort-meunier","11":"pa_viinamarjasort-pinot-noir","13":"first","14":"instock","15":"featured","16":"taxable","17":"shipping-taxable","18":"purchasable","19":"product-type-simple"},"yoast_head":"<!-- This site is optimized with the Yoast SEO plugin v27.4 - https:\/\/yoast.com\/product\/yoast-seo-wordpress\/ -->\n<title>Bourgeois-Diaz BD\u2019RS - Brut Nature - diWine &ndash; Premium kvaliteetveinid &uuml;le maailma | Eesti veinipood<\/title>\n<meta name=\"robots\" content=\"index, follow, max-snippet:-1, max-image-preview:large, max-video-preview:-1\" \/>\n<link rel=\"canonical\" href=\"https:\/\/diwine.ee\/en\/product\/champagne-bourgeois-diaz-bdrs\/\" \/>\n<meta property=\"og:locale\" content=\"en_GB\" \/>\n<meta property=\"og:type\" content=\"article\" \/>\n<meta property=\"og:title\" content=\"Bourgeois-Diaz BD\u2019RS - Brut Nature - diWine &ndash; Premium kvaliteetveinid &uuml;le maailma | Eesti veinipood\" \/>\n<meta property=\"og:description\" content=\"T\u00e4iss\u00fcgav Ros\u00e9 de Saign\u00e9e, valmistatud Pinot Noir\u2019 ja Pinot Meunier\u2019 viinamarjadest; kuiv, j\u00f5uline ja marjase iseloomuga \u0161ampanja, millel on v\u00e4ljendusrikas v\u00e4rv ja gastronoomiline struktuur.\" \/>\n<meta property=\"og:url\" content=\"https:\/\/diwine.ee\/en\/product\/champagne-bourgeois-diaz-bdrs\/\" \/>\n<meta property=\"og:site_name\" content=\"diWine &ndash; Premium kvaliteetveinid &uuml;le maailma | Eesti veinipood\" \/>\n<meta property=\"article:publisher\" content=\"https:\/\/www.facebook.com\/profile.php?id=61573862347231\" \/>\n<meta property=\"article:modified_time\" content=\"2026-01-15T19:14:25+00:00\" \/>\n<meta property=\"og:image\" content=\"https:\/\/diwine.ee\/wp-content\/uploads\/2025\/11\/bdrs-800x800-1.png\" \/>\n\t<meta property=\"og:image:width\" content=\"800\" \/>\n\t<meta property=\"og:image:height\" content=\"800\" \/>\n\t<meta property=\"og:image:type\" content=\"image\/png\" \/>\n<meta name=\"twitter:card\" content=\"summary_large_image\" \/>\n<meta name=\"twitter:label1\" content=\"Estimated reading time\" \/>\n\t<meta name=\"twitter:data1\" content=\"2 minutes\" \/>\n<script type=\"application\/ld+json\" class=\"yoast-schema-graph\">{\"@context\":\"https:\\\/\\\/schema.org\",\"@graph\":[{\"@type\":\"WebPage\",\"@id\":\"https:\\\/\\\/diwine.ee\\\/product\\\/champagne-bourgeois-diaz-bdrs\\\/\",\"url\":\"https:\\\/\\\/diwine.ee\\\/product\\\/champagne-bourgeois-diaz-bdrs\\\/\",\"name\":\"Bourgeois-Diaz BD\u2019RS - Brut Nature - diWine &ndash; Premium kvaliteetveinid &uuml;le maailma | Eesti veinipood\",\"isPartOf\":{\"@id\":\"https:\\\/\\\/diwine.ee\\\/#website\"},\"primaryImageOfPage\":{\"@id\":\"https:\\\/\\\/diwine.ee\\\/product\\\/champagne-bourgeois-diaz-bdrs\\\/#primaryimage\"},\"image\":{\"@id\":\"https:\\\/\\\/diwine.ee\\\/product\\\/champagne-bourgeois-diaz-bdrs\\\/#primaryimage\"},\"thumbnailUrl\":\"https:\\\/\\\/diwine.ee\\\/wp-content\\\/uploads\\\/2025\\\/11\\\/bdrs-800x800-1.png\",\"datePublished\":\"2025-11-09T19:46:30+00:00\",\"dateModified\":\"2026-01-15T19:14:25+00:00\",\"breadcrumb\":{\"@id\":\"https:\\\/\\\/diwine.ee\\\/product\\\/champagne-bourgeois-diaz-bdrs\\\/#breadcrumb\"},\"inLanguage\":\"en-GB\",\"potentialAction\":[{\"@type\":\"ReadAction\",\"target\":[\"https:\\\/\\\/diwine.ee\\\/product\\\/champagne-bourgeois-diaz-bdrs\\\/\"]}]},{\"@type\":\"ImageObject\",\"inLanguage\":\"en-GB\",\"@id\":\"https:\\\/\\\/diwine.ee\\\/product\\\/champagne-bourgeois-diaz-bdrs\\\/#primaryimage\",\"url\":\"https:\\\/\\\/diwine.ee\\\/wp-content\\\/uploads\\\/2025\\\/11\\\/bdrs-800x800-1.png\",\"contentUrl\":\"https:\\\/\\\/diwine.ee\\\/wp-content\\\/uploads\\\/2025\\\/11\\\/bdrs-800x800-1.png\",\"width\":800,\"height\":800},{\"@type\":\"BreadcrumbList\",\"@id\":\"https:\\\/\\\/diwine.ee\\\/product\\\/champagne-bourgeois-diaz-bdrs\\\/#breadcrumb\",\"itemListElement\":[{\"@type\":\"ListItem\",\"position\":1,\"name\":\"Home\",\"item\":\"https:\\\/\\\/diwine.ee\\\/\"},{\"@type\":\"ListItem\",\"position\":2,\"name\":\"e-pood\",\"item\":\"https:\\\/\\\/diwine.ee\\\/tooted\\\/\"},{\"@type\":\"ListItem\",\"position\":3,\"name\":\"Bourgeois-Diaz BD\u2019RS &#8211; Brut Nature\"}]},{\"@type\":\"WebSite\",\"@id\":\"https:\\\/\\\/diwine.ee\\\/#website\",\"url\":\"https:\\\/\\\/diwine.ee\\\/\",\"name\":\"diWine \u2013 Premium kvaliteetveinid \u00fcle maailma | Eesti veinipood\",\"description\":\"Avasta diWine&#039;i hoolikalt valitud kvaliteetveinid maailma tippveinipiirkondadest. Eksklusiivsed punaveinid, valged veinid, vahuveinid ja eriveinid sinu erilisteks hetkedeks.\",\"publisher\":{\"@id\":\"https:\\\/\\\/diwine.ee\\\/#organization\"},\"potentialAction\":[{\"@type\":\"SearchAction\",\"target\":{\"@type\":\"EntryPoint\",\"urlTemplate\":\"https:\\\/\\\/diwine.ee\\\/?s={search_term_string}\"},\"query-input\":{\"@type\":\"PropertyValueSpecification\",\"valueRequired\":true,\"valueName\":\"search_term_string\"}}],\"inLanguage\":\"en-GB\"},{\"@type\":\"Organization\",\"@id\":\"https:\\\/\\\/diwine.ee\\\/#organization\",\"name\":\"diWine veinipood\",\"url\":\"https:\\\/\\\/diwine.ee\\\/\",\"logo\":{\"@type\":\"ImageObject\",\"inLanguage\":\"en-GB\",\"@id\":\"https:\\\/\\\/diwine.ee\\\/#\\\/schema\\\/logo\\\/image\\\/\",\"url\":\"https:\\\/\\\/diwine.ee\\\/wp-content\\\/uploads\\\/2025\\\/04\\\/diWine-1080-x-1080-px.png\",\"contentUrl\":\"https:\\\/\\\/diwine.ee\\\/wp-content\\\/uploads\\\/2025\\\/04\\\/diWine-1080-x-1080-px.png\",\"width\":1080,\"height\":1080,\"caption\":\"diWine veinipood\"},\"image\":{\"@id\":\"https:\\\/\\\/diwine.ee\\\/#\\\/schema\\\/logo\\\/image\\\/\"},\"sameAs\":[\"https:\\\/\\\/www.facebook.com\\\/profile.php?id=61573862347231\",\"https:\\\/\\\/www.instagram.com\\\/diwine.ee\"]}]}<\/script>\n<!-- \/ Yoast SEO plugin. -->","yoast_head_json":{"title":"Bourgeois-Diaz BD\u2019RS - Brut Nature - diWine &ndash; Premium kvaliteetveinid &uuml;le maailma | Eesti veinipood","robots":{"index":"index","follow":"follow","max-snippet":"max-snippet:-1","max-image-preview":"max-image-preview:large","max-video-preview":"max-video-preview:-1"},"canonical":"https:\/\/diwine.ee\/en\/product\/champagne-bourgeois-diaz-bdrs\/","og_locale":"en_GB","og_type":"article","og_title":"Bourgeois-Diaz BD\u2019RS - Brut Nature - diWine &ndash; Premium kvaliteetveinid &uuml;le maailma | Eesti veinipood","og_description":"T\u00e4iss\u00fcgav Ros\u00e9 de Saign\u00e9e, valmistatud Pinot Noir\u2019 ja Pinot Meunier\u2019 viinamarjadest; kuiv, j\u00f5uline ja marjase iseloomuga \u0161ampanja, millel on v\u00e4ljendusrikas v\u00e4rv ja gastronoomiline struktuur.","og_url":"https:\/\/diwine.ee\/en\/product\/champagne-bourgeois-diaz-bdrs\/","og_site_name":"diWine &ndash; Premium kvaliteetveinid &uuml;le maailma | Eesti veinipood","article_publisher":"https:\/\/www.facebook.com\/profile.php?id=61573862347231","article_modified_time":"2026-01-15T19:14:25+00:00","og_image":[{"width":800,"height":800,"url":"https:\/\/diwine.ee\/wp-content\/uploads\/2025\/11\/bdrs-800x800-1.png","type":"image\/png"}],"twitter_card":"summary_large_image","twitter_misc":{"Estimated reading time":"2 minutes"},"schema":{"@context":"https:\/\/schema.org","@graph":[{"@type":"WebPage","@id":"https:\/\/diwine.ee\/product\/champagne-bourgeois-diaz-bdrs\/","url":"https:\/\/diwine.ee\/product\/champagne-bourgeois-diaz-bdrs\/","name":"Bourgeois-Diaz BD\u2019RS - Brut Nature - diWine &ndash; Premium kvaliteetveinid &uuml;le maailma | Eesti veinipood","isPartOf":{"@id":"https:\/\/diwine.ee\/#website"},"primaryImageOfPage":{"@id":"https:\/\/diwine.ee\/product\/champagne-bourgeois-diaz-bdrs\/#primaryimage"},"image":{"@id":"https:\/\/diwine.ee\/product\/champagne-bourgeois-diaz-bdrs\/#primaryimage"},"thumbnailUrl":"https:\/\/diwine.ee\/wp-content\/uploads\/2025\/11\/bdrs-800x800-1.png","datePublished":"2025-11-09T19:46:30+00:00","dateModified":"2026-01-15T19:14:25+00:00","breadcrumb":{"@id":"https:\/\/diwine.ee\/product\/champagne-bourgeois-diaz-bdrs\/#breadcrumb"},"inLanguage":"en-GB","potentialAction":[{"@type":"ReadAction","target":["https:\/\/diwine.ee\/product\/champagne-bourgeois-diaz-bdrs\/"]}]},{"@type":"ImageObject","inLanguage":"en-GB","@id":"https:\/\/diwine.ee\/product\/champagne-bourgeois-diaz-bdrs\/#primaryimage","url":"https:\/\/diwine.ee\/wp-content\/uploads\/2025\/11\/bdrs-800x800-1.png","contentUrl":"https:\/\/diwine.ee\/wp-content\/uploads\/2025\/11\/bdrs-800x800-1.png","width":800,"height":800},{"@type":"BreadcrumbList","@id":"https:\/\/diwine.ee\/product\/champagne-bourgeois-diaz-bdrs\/#breadcrumb","itemListElement":[{"@type":"ListItem","position":1,"name":"Home","item":"https:\/\/diwine.ee\/"},{"@type":"ListItem","position":2,"name":"e-pood","item":"https:\/\/diwine.ee\/tooted\/"},{"@type":"ListItem","position":3,"name":"Bourgeois-Diaz BD\u2019RS &#8211; Brut Nature"}]},{"@type":"WebSite","@id":"https:\/\/diwine.ee\/#website","url":"https:\/\/diwine.ee\/","name":"diWine \u2013 Premium kvaliteetveinid \u00fcle maailma | Eesti veinipood","description":"Avasta diWine&#039;i hoolikalt valitud kvaliteetveinid maailma tippveinipiirkondadest. Eksklusiivsed punaveinid, valged veinid, vahuveinid ja eriveinid sinu erilisteks hetkedeks.","publisher":{"@id":"https:\/\/diwine.ee\/#organization"},"potentialAction":[{"@type":"SearchAction","target":{"@type":"EntryPoint","urlTemplate":"https:\/\/diwine.ee\/?s={search_term_string}"},"query-input":{"@type":"PropertyValueSpecification","valueRequired":true,"valueName":"search_term_string"}}],"inLanguage":"en-GB"},{"@type":"Organization","@id":"https:\/\/diwine.ee\/#organization","name":"diWine veinipood","url":"https:\/\/diwine.ee\/","logo":{"@type":"ImageObject","inLanguage":"en-GB","@id":"https:\/\/diwine.ee\/#\/schema\/logo\/image\/","url":"https:\/\/diwine.ee\/wp-content\/uploads\/2025\/04\/diWine-1080-x-1080-px.png","contentUrl":"https:\/\/diwine.ee\/wp-content\/uploads\/2025\/04\/diWine-1080-x-1080-px.png","width":1080,"height":1080,"caption":"diWine veinipood"},"image":{"@id":"https:\/\/diwine.ee\/#\/schema\/logo\/image\/"},"sameAs":["https:\/\/www.facebook.com\/profile.php?id=61573862347231","https:\/\/www.instagram.com\/diwine.ee"]}]}},"jetpack_sharing_enabled":true,"_links":{"self":[{"href":"https:\/\/diwine.ee\/en\/wp-json\/wp\/v2\/product\/28075","targetHints":{"allow":["GET"]}}],"collection":[{"href":"https:\/\/diwine.ee\/en\/wp-json\/wp\/v2\/product"}],"about":[{"href":"https:\/\/diwine.ee\/en\/wp-json\/wp\/v2\/types\/product"}],"version-history":[{"count":0,"href":"https:\/\/diwine.ee\/en\/wp-json\/wp\/v2\/product\/28075\/revisions"}],"wp:featuredmedia":[{"embeddable":true,"href":"https:\/\/diwine.ee\/en\/wp-json\/wp\/v2\/media\/28076"}],"wp:attachment":[{"href":"https:\/\/diwine.ee\/en\/wp-json\/wp\/v2\/media?parent=28075"}],"wp:term":[{"taxonomy":"product_brand","embeddable":true,"href":"https:\/\/diwine.ee\/en\/wp-json\/wp\/v2\/product_brand?post=28075"},{"taxonomy":"product_cat","embeddable":true,"href":"https:\/\/diwine.ee\/en\/wp-json\/wp\/v2\/product_cat?post=28075"},{"taxonomy":"product_tag","embeddable":true,"href":"https:\/\/diwine.ee\/en\/wp-json\/wp\/v2\/product_tag?post=28075"}],"curies":[{"name":"wp","href":"https:\/\/api.w.org\/{rel}","templated":true}]}}