{"id":28085,"date":"2025-11-09T21:57:16","date_gmt":"2025-11-09T19:57:16","guid":{"rendered":"https:\/\/diwine.ee\/?post_type=product&#038;p=28085"},"modified":"2026-03-05T15:37:47","modified_gmt":"2026-03-05T13:37:47","slug":"champagne-bourgeois-diaz-les-bien-aimees-2019","status":"publish","type":"product","link":"https:\/\/diwine.ee\/en\/product\/champagne-bourgeois-diaz-les-bien-aimees-2019\/","title":{"rendered":"Bourgeois-Diaz &#8220;Les Bien Aim\u00e9es&#8221; 2019 &#8211; Brut Nature"},"content":{"rendered":"<div data-elementor-type=\"wp-post\" data-elementor-id=\"28085\" class=\"elementor elementor-28085\">\n\t\t\t\t<div class=\"wd-negative-gap elementor-element elementor-element-b496628 e-grid e-con-boxed e-con e-parent\" data-id=\"b496628\" data-element_type=\"container\" data-e-type=\"container\">\n\t\t\t\t\t<div class=\"e-con-inner\">\n\t\t\t\t<div class=\"elementor-element elementor-element-aa23989 elementor-widget elementor-widget-wd_text_block\" data-id=\"aa23989\" data-element_type=\"widget\" data-e-type=\"widget\" data-widget_type=\"wd_text_block.default\">\n\t\t\t\t<div class=\"elementor-widget-container\">\n\t\t\t\t\t\t\t<div class=\"wd-text-block reset-last-child text-left\">\n\t\t\t\n\t\t\t<h3 class=\"cvGsUA direction-ltr align-justify para-style-body\"><span class=\"OYPEnA font-feature-liga-off font-feature-clig-off font-feature-calt-off text-decoration-none text-strikethrough-none\">Veini lugu:<\/span><\/h3><p data-start=\"316\" data-end=\"735\">Les Bien Aim\u00e9es (\u201earmastatud\u201c) on \u00fcks Bourgeois-Diaz\u2019i k\u00f5ige prestii\u017esemaid <em data-start=\"605\" data-end=\"622\">single-vineyard<\/em> \u0161ampanjasid. Viinamarjad kasvavad Crou ttes-sur-Marne\u2019i n\u00f5lvadel, v\u00e4ikeses, 1960. aastatel rajatud Pinot Noir aias, mille pinnas on s\u00fcgavalt savi- ja lubjakivine.<br data-start=\"785\" data-end=\"788\" \/>2019. aasta t\u00f5i piirkonda tasakaalustatud k\u00fcpsuse \u2013 soe, kuid mitte liialt kuum suvi tagas marjade tiheduse ja aromaatse selguse. See aastak\u00e4ik v\u00e4ljendab suurep\u00e4raselt terroir' mineraalset s\u00fcgavust ja biod\u00fcnaamilise t\u00f6\u00f6 tulemust: eluj\u00f5uline viinapuu, puhas viljaprofiil ja harmooniline k\u00fcpsus.<\/p><p class=\"cvGsUA direction-ltr align-justify para-style-body\"><span style=\"color: #1b1919; font-size: 22px;\">Veini valmistamine:<\/span><\/p><p data-start=\"1082\" data-end=\"1463\">Koostis: <strong data-start=\"1122\" data-end=\"1143\">100 % Pinot Noir.<\/strong><br data-start=\"1143\" data-end=\"1146\" \/>Viinamarjad korjatakse k\u00e4sitsi ja pressitakse traditsioonilisel Coquard-pressil. K\u00e4\u00e4rimine toimub looduslike p\u00e4rmidega v\u00e4ikestes, kasutatud tammevaatides, kus vein j\u00e4\u00e4b p\u00e4rmisetele mitmeks kuuks. Malolaktiline fermentatsioon toimub loomulikult.<br data-start=\"1390\" data-end=\"1393\" \/>P\u00e4rast villimist k\u00fcpseb vein pudelis p\u00e4rmisettel \u00fcle <strong data-start=\"1446\" data-end=\"1467\">60 kuu (5 aastat)<\/strong> enne degorgeerimist.<br data-start=\"1488\" data-end=\"1491\" \/>Dosaa\u017e: <strong data-start=\"1499\" data-end=\"1523\">0 g\/l \u2013 Brut Nature.<\/strong><br data-start=\"1523\" data-end=\"1526\" \/>Sulfitite lisamine minimaalne (&lt; 25 mg\/l).<\/p>\n\t\t\t\t\t<\/div>\n\t\t\t\t\t\t<\/div>\n\t\t\t\t<\/div>\n\t\t\t\t<div class=\"elementor-element elementor-element-f22db15 elementor-widget elementor-widget-wd_text_block\" data-id=\"f22db15\" data-element_type=\"widget\" data-e-type=\"widget\" data-widget_type=\"wd_text_block.default\">\n\t\t\t\t<div class=\"elementor-widget-container\">\n\t\t\t\t\t\t\t<div class=\"wd-text-block reset-last-child text-left\">\n\t\t\t\n\t\t\t<h3 class=\"cvGsUA direction-ltr align-justify para-style-body\"><span class=\"OYPEnA font-feature-liga-off font-feature-clig-off font-feature-calt-off text-decoration-none text-strikethrough-none\">Maitsenoodid:<\/span><\/h3><p data-start=\"1894\" data-end=\"2184\">Aroomis k\u00fcps must kirss, metskirss, suitsune varjund ja kergelt r\u00f6stitud mandel. Suulael tihe ja siidine, alguses punase marja v\u00e4rskus, millele lisandub brioche\u2019i ja \u00f5rnade v\u00fcrtside (pipar, nelk) n\u00fcansse. Happesus on t\u00e4pne ja kandv, tekstuur s\u00fcgav ning mineraalne.<br data-start=\"1860\" data-end=\"1863\" \/>J\u00e4relmaitse pikk ja kuiv, soolakas, kerge \u00fcrdine noot lisab kompleksust. \u00dchendab j\u00f5ulisuse ja puhta elegantsi \u2013 Pinot Noir oma k\u00f5ige siiramas v\u00e4ljenduses.<\/p><h3 class=\"cvGsUA direction-ltr align-justify para-style-body\"><span class=\"OYPEnA font-feature-liga-off font-feature-clig-off font-feature-calt-off text-decoration-none text-strikethrough-none\">Toidusoovitus:<\/span><\/h3><p class=\"cvGsUA direction-ltr align-justify para-style-body\">Les Bien Aim\u00e9es 2019 on t\u00f5sine gastronoomiline \u0161ampanja, mis sobib:<br data-start=\"2111\" data-end=\"2114\" \/>\u2013 <strong data-start=\"2116\" data-end=\"2139\">pardifilee v\u00f5i vuti<\/strong> juurde, eriti kui roog sisaldab musta tr\u00fchvli v\u00f5i metsaseente elementi;<br data-start=\"2211\" data-end=\"2214\" \/>\u2013 <strong data-start=\"2216\" data-end=\"2239\">veisefileest tartar<\/strong>, <strong data-start=\"2241\" data-end=\"2260\">vasikakarbonaad<\/strong>, <strong data-start=\"2262\" data-end=\"2293\">r\u00f6stitud peet v\u00f5i pastinaak<\/strong>;<br data-start=\"2294\" data-end=\"2297\" \/>\u2013 mereandidest <strong data-start=\"2312\" data-end=\"2333\">k\u00fcpsetatud homaar<\/strong> v\u00f5i <strong data-start=\"2338\" data-end=\"2363\">v\u00f5ikastmega meriahven<\/strong>;<br data-start=\"2364\" data-end=\"2367\" \/>\u2013 juustudest <strong data-start=\"2380\" data-end=\"2394\">vana Comt\u00e9<\/strong>, <strong data-start=\"2396\" data-end=\"2407\">Gruy\u00e8re<\/strong>, <strong data-start=\"2409\" data-end=\"2428\">tr\u00fchvlikitsekas<\/strong>.<br data-start=\"2429\" data-end=\"2432\" data-is-only-node=\"\" \/>T\u00e4nu oma struktuurile t\u00f6\u00f6tab see \u0161ampanja nii valge kui punase liha k\u00f5rvale \u2013 haruldane tasakaal.<\/p>\n\t\t\t\t\t<\/div>\n\t\t\t\t\t\t<\/div>\n\t\t\t\t<\/div>\n\t\t\t\t<div class=\"elementor-element elementor-element-79dff25 elementor-widget elementor-widget-wd_text_block\" data-id=\"79dff25\" data-element_type=\"widget\" data-e-type=\"widget\" data-widget_type=\"wd_text_block.default\">\n\t\t\t\t<div class=\"elementor-widget-container\">\n\t\t\t\t\t\t\t<div class=\"wd-text-block reset-last-child text-left\">\n\t\t\t\n\t\t\t<h3 class=\"cvGsUA direction-ltr align-justify para-style-body\"><span class=\"OYPEnA font-feature-liga-off font-feature-clig-off font-feature-calt-off text-decoration-none text-strikethrough-none\">S\u00e4ilitamispotentsiaal:<\/span><\/h3><p data-start=\"30\" data-end=\"380\">Tippvormis 2025\u20132035. Pikem k\u00fcpsemine toob esile brioche\u2019i, r\u00f6stitud p\u00e4hklid ja kuivatatud puuviljad, s\u00e4ilitades samas Pinot Noir\u2019 v\u00e4rskuse ja struktuuri. Potentsiaal areneda v\u00e4\u00e4rikalt v\u00e4hemalt 10\u201312 aastat p\u00e4rast degorgeerimist.<\/p><h3 class=\"cvGsUA direction-ltr align-justify para-style-body\"><span class=\"OYPEnA font-feature-liga-off font-feature-clig-off font-feature-calt-off text-decoration-none text-strikethrough-none\">Hinnangud &amp; tunnustused:<\/span><\/h3><p>\u2013 <em data-start=\"2833\" data-end=\"2866\">RVF (La Revue du Vin de France)<\/em>: <strong data-start=\"2868\" data-end=\"2876\">94 p<\/strong> \u2013 \u201eTihe ja s\u00fcgav Pinot Noir, millel on t\u00e4pne mineraalne raam ja erakordne tekstuur.\u201c<br data-start=\"2961\" data-end=\"2964\" \/>\u2013 <em data-start=\"2966\" data-end=\"2993\">Wine Anorak (Jamie Goode)<\/em>: <strong data-start=\"2995\" data-end=\"3003\">94 p<\/strong> \u2013 \u201ePowerful, chalk-driven and perfectly dry; long, saline finish.\u201c<br data-start=\"3070\" data-end=\"3073\" \/>\u2013 <em data-start=\"3075\" data-end=\"3119\">Le Guide des Meilleurs Vins de France 2024<\/em>: nimetatud kui \u00fcks parima tasakaaluga Pinot Noir\u2019 p\u00f5hiseid single-vineyard \u0161ampanjasid Vall\u00e9e de la Marne\u2019is.<\/p>\n\t\t\t\t\t<\/div>\n\t\t\t\t\t\t<\/div>\n\t\t\t\t<\/div>\n\t\t\t\t\t<\/div>\n\t\t\t\t<\/div>\n\t\t\t\t<\/div>","protected":false},"excerpt":{"rendered":"<p>\u00dche aia ja \u00fche sordi cuv\u00e9e 100% Pinot Noir\u2019st, p\u00e4rit vanadelt, 1963. aastal istutatud viinapuudelt. 2019. aastak\u00e4igu vein on t\u00e4pne, kontsentreeritud ja erakordselt elegantne \u2013 s\u00fcgava tekstuuri ning pingelise happestruktuuriga Brut Nature.<\/p>","protected":false},"featured_media":28086,"template":"","meta":[],"product_brand":[171],"product_cat":[29,93],"product_tag":[],"class_list":{"0":"post-28085","1":"product","2":"type-product","3":"status-publish","4":"has-post-thumbnail","6":"product_brand-bourgeois-diaz","7":"product_cat-koik-tooted","8":"product_cat-sampanja","9":"pa_piirkond-champagne","10":"pa_viinamarjasort-pinot-noir","12":"first","13":"instock","14":"featured","15":"taxable","16":"shipping-taxable","17":"purchasable","18":"product-type-simple"},"yoast_head":"<!-- This site is optimized with the Yoast SEO plugin v27.4 - https:\/\/yoast.com\/product\/yoast-seo-wordpress\/ -->\n<title>Bourgeois-Diaz &quot;Les Bien Aim\u00e9es&quot; 2019 - Brut Nature - diWine &ndash; Premium kvaliteetveinid &uuml;le maailma | Eesti veinipood<\/title>\n<meta name=\"robots\" content=\"index, follow, max-snippet:-1, max-image-preview:large, max-video-preview:-1\" \/>\n<link rel=\"canonical\" href=\"https:\/\/diwine.ee\/en\/product\/champagne-bourgeois-diaz-les-bien-aimees-2019\/\" \/>\n<meta property=\"og:locale\" content=\"en_GB\" \/>\n<meta property=\"og:type\" content=\"article\" \/>\n<meta property=\"og:title\" content=\"Bourgeois-Diaz &quot;Les Bien Aim\u00e9es&quot; 2019 - Brut Nature - diWine &ndash; Premium kvaliteetveinid &uuml;le maailma | Eesti veinipood\" \/>\n<meta property=\"og:description\" content=\"\u00dche aia ja \u00fche sordi cuv\u00e9e 100% Pinot Noir\u2019st, p\u00e4rit vanadelt, 1963. aastal istutatud viinapuudelt. 2019. aastak\u00e4igu vein on t\u00e4pne, kontsentreeritud ja erakordselt elegantne \u2013 s\u00fcgava tekstuuri ning pingelise happestruktuuriga Brut Nature.\" \/>\n<meta property=\"og:url\" content=\"https:\/\/diwine.ee\/en\/product\/champagne-bourgeois-diaz-les-bien-aimees-2019\/\" \/>\n<meta property=\"og:site_name\" content=\"diWine &ndash; Premium kvaliteetveinid &uuml;le maailma | Eesti veinipood\" \/>\n<meta property=\"article:publisher\" content=\"https:\/\/www.facebook.com\/profile.php?id=61573862347231\" \/>\n<meta property=\"article:modified_time\" content=\"2026-03-05T13:37:47+00:00\" \/>\n<meta property=\"og:image\" content=\"https:\/\/diwine.ee\/wp-content\/uploads\/2025\/11\/les-bien-aimees_800x800.png\" \/>\n\t<meta property=\"og:image:width\" content=\"800\" \/>\n\t<meta property=\"og:image:height\" content=\"800\" \/>\n\t<meta property=\"og:image:type\" content=\"image\/png\" \/>\n<meta name=\"twitter:card\" content=\"summary_large_image\" \/>\n<meta name=\"twitter:label1\" content=\"Estimated reading time\" \/>\n\t<meta name=\"twitter:data1\" content=\"2 minutes\" \/>\n<script type=\"application\/ld+json\" class=\"yoast-schema-graph\">{\"@context\":\"https:\\\/\\\/schema.org\",\"@graph\":[{\"@type\":\"WebPage\",\"@id\":\"https:\\\/\\\/diwine.ee\\\/product\\\/champagne-bourgeois-diaz-les-bien-aimees-2019\\\/\",\"url\":\"https:\\\/\\\/diwine.ee\\\/product\\\/champagne-bourgeois-diaz-les-bien-aimees-2019\\\/\",\"name\":\"Bourgeois-Diaz \\\"Les Bien Aim\u00e9es\\\" 2019 - Brut Nature - diWine &ndash; Premium kvaliteetveinid &uuml;le maailma | Eesti veinipood\",\"isPartOf\":{\"@id\":\"https:\\\/\\\/diwine.ee\\\/#website\"},\"primaryImageOfPage\":{\"@id\":\"https:\\\/\\\/diwine.ee\\\/product\\\/champagne-bourgeois-diaz-les-bien-aimees-2019\\\/#primaryimage\"},\"image\":{\"@id\":\"https:\\\/\\\/diwine.ee\\\/product\\\/champagne-bourgeois-diaz-les-bien-aimees-2019\\\/#primaryimage\"},\"thumbnailUrl\":\"https:\\\/\\\/diwine.ee\\\/wp-content\\\/uploads\\\/2025\\\/11\\\/les-bien-aimees_800x800.png\",\"datePublished\":\"2025-11-09T19:57:16+00:00\",\"dateModified\":\"2026-03-05T13:37:47+00:00\",\"breadcrumb\":{\"@id\":\"https:\\\/\\\/diwine.ee\\\/product\\\/champagne-bourgeois-diaz-les-bien-aimees-2019\\\/#breadcrumb\"},\"inLanguage\":\"en-GB\",\"potentialAction\":[{\"@type\":\"ReadAction\",\"target\":[\"https:\\\/\\\/diwine.ee\\\/product\\\/champagne-bourgeois-diaz-les-bien-aimees-2019\\\/\"]}]},{\"@type\":\"ImageObject\",\"inLanguage\":\"en-GB\",\"@id\":\"https:\\\/\\\/diwine.ee\\\/product\\\/champagne-bourgeois-diaz-les-bien-aimees-2019\\\/#primaryimage\",\"url\":\"https:\\\/\\\/diwine.ee\\\/wp-content\\\/uploads\\\/2025\\\/11\\\/les-bien-aimees_800x800.png\",\"contentUrl\":\"https:\\\/\\\/diwine.ee\\\/wp-content\\\/uploads\\\/2025\\\/11\\\/les-bien-aimees_800x800.png\",\"width\":800,\"height\":800},{\"@type\":\"BreadcrumbList\",\"@id\":\"https:\\\/\\\/diwine.ee\\\/product\\\/champagne-bourgeois-diaz-les-bien-aimees-2019\\\/#breadcrumb\",\"itemListElement\":[{\"@type\":\"ListItem\",\"position\":1,\"name\":\"Home\",\"item\":\"https:\\\/\\\/diwine.ee\\\/\"},{\"@type\":\"ListItem\",\"position\":2,\"name\":\"e-pood\",\"item\":\"https:\\\/\\\/diwine.ee\\\/tooted\\\/\"},{\"@type\":\"ListItem\",\"position\":3,\"name\":\"Bourgeois-Diaz &#8220;Les Bien Aim\u00e9es&#8221; 2019 &#8211; Brut Nature\"}]},{\"@type\":\"WebSite\",\"@id\":\"https:\\\/\\\/diwine.ee\\\/#website\",\"url\":\"https:\\\/\\\/diwine.ee\\\/\",\"name\":\"diWine \u2013 Premium kvaliteetveinid \u00fcle maailma | Eesti veinipood\",\"description\":\"Avasta diWine&#039;i hoolikalt valitud kvaliteetveinid maailma tippveinipiirkondadest. Eksklusiivsed punaveinid, valged veinid, vahuveinid ja eriveinid sinu erilisteks hetkedeks.\",\"publisher\":{\"@id\":\"https:\\\/\\\/diwine.ee\\\/#organization\"},\"potentialAction\":[{\"@type\":\"SearchAction\",\"target\":{\"@type\":\"EntryPoint\",\"urlTemplate\":\"https:\\\/\\\/diwine.ee\\\/?s={search_term_string}\"},\"query-input\":{\"@type\":\"PropertyValueSpecification\",\"valueRequired\":true,\"valueName\":\"search_term_string\"}}],\"inLanguage\":\"en-GB\"},{\"@type\":\"Organization\",\"@id\":\"https:\\\/\\\/diwine.ee\\\/#organization\",\"name\":\"diWine veinipood\",\"url\":\"https:\\\/\\\/diwine.ee\\\/\",\"logo\":{\"@type\":\"ImageObject\",\"inLanguage\":\"en-GB\",\"@id\":\"https:\\\/\\\/diwine.ee\\\/#\\\/schema\\\/logo\\\/image\\\/\",\"url\":\"https:\\\/\\\/diwine.ee\\\/wp-content\\\/uploads\\\/2025\\\/04\\\/diWine-1080-x-1080-px.png\",\"contentUrl\":\"https:\\\/\\\/diwine.ee\\\/wp-content\\\/uploads\\\/2025\\\/04\\\/diWine-1080-x-1080-px.png\",\"width\":1080,\"height\":1080,\"caption\":\"diWine veinipood\"},\"image\":{\"@id\":\"https:\\\/\\\/diwine.ee\\\/#\\\/schema\\\/logo\\\/image\\\/\"},\"sameAs\":[\"https:\\\/\\\/www.facebook.com\\\/profile.php?id=61573862347231\",\"https:\\\/\\\/www.instagram.com\\\/diwine.ee\"]}]}<\/script>\n<!-- \/ Yoast SEO plugin. -->","yoast_head_json":{"title":"Bourgeois-Diaz \"Les Bien Aim\u00e9es\" 2019 - Brut Nature - diWine &ndash; Premium kvaliteetveinid &uuml;le maailma | Eesti veinipood","robots":{"index":"index","follow":"follow","max-snippet":"max-snippet:-1","max-image-preview":"max-image-preview:large","max-video-preview":"max-video-preview:-1"},"canonical":"https:\/\/diwine.ee\/en\/product\/champagne-bourgeois-diaz-les-bien-aimees-2019\/","og_locale":"en_GB","og_type":"article","og_title":"Bourgeois-Diaz \"Les Bien Aim\u00e9es\" 2019 - Brut Nature - diWine &ndash; Premium kvaliteetveinid &uuml;le maailma | Eesti veinipood","og_description":"\u00dche aia ja \u00fche sordi cuv\u00e9e 100% Pinot Noir\u2019st, p\u00e4rit vanadelt, 1963. aastal istutatud viinapuudelt. 2019. aastak\u00e4igu vein on t\u00e4pne, kontsentreeritud ja erakordselt elegantne \u2013 s\u00fcgava tekstuuri ning pingelise happestruktuuriga Brut Nature.","og_url":"https:\/\/diwine.ee\/en\/product\/champagne-bourgeois-diaz-les-bien-aimees-2019\/","og_site_name":"diWine &ndash; Premium kvaliteetveinid &uuml;le maailma | Eesti veinipood","article_publisher":"https:\/\/www.facebook.com\/profile.php?id=61573862347231","article_modified_time":"2026-03-05T13:37:47+00:00","og_image":[{"width":800,"height":800,"url":"https:\/\/diwine.ee\/wp-content\/uploads\/2025\/11\/les-bien-aimees_800x800.png","type":"image\/png"}],"twitter_card":"summary_large_image","twitter_misc":{"Estimated reading time":"2 minutes"},"schema":{"@context":"https:\/\/schema.org","@graph":[{"@type":"WebPage","@id":"https:\/\/diwine.ee\/product\/champagne-bourgeois-diaz-les-bien-aimees-2019\/","url":"https:\/\/diwine.ee\/product\/champagne-bourgeois-diaz-les-bien-aimees-2019\/","name":"Bourgeois-Diaz \"Les Bien Aim\u00e9es\" 2019 - Brut Nature - diWine &ndash; Premium kvaliteetveinid &uuml;le maailma | Eesti veinipood","isPartOf":{"@id":"https:\/\/diwine.ee\/#website"},"primaryImageOfPage":{"@id":"https:\/\/diwine.ee\/product\/champagne-bourgeois-diaz-les-bien-aimees-2019\/#primaryimage"},"image":{"@id":"https:\/\/diwine.ee\/product\/champagne-bourgeois-diaz-les-bien-aimees-2019\/#primaryimage"},"thumbnailUrl":"https:\/\/diwine.ee\/wp-content\/uploads\/2025\/11\/les-bien-aimees_800x800.png","datePublished":"2025-11-09T19:57:16+00:00","dateModified":"2026-03-05T13:37:47+00:00","breadcrumb":{"@id":"https:\/\/diwine.ee\/product\/champagne-bourgeois-diaz-les-bien-aimees-2019\/#breadcrumb"},"inLanguage":"en-GB","potentialAction":[{"@type":"ReadAction","target":["https:\/\/diwine.ee\/product\/champagne-bourgeois-diaz-les-bien-aimees-2019\/"]}]},{"@type":"ImageObject","inLanguage":"en-GB","@id":"https:\/\/diwine.ee\/product\/champagne-bourgeois-diaz-les-bien-aimees-2019\/#primaryimage","url":"https:\/\/diwine.ee\/wp-content\/uploads\/2025\/11\/les-bien-aimees_800x800.png","contentUrl":"https:\/\/diwine.ee\/wp-content\/uploads\/2025\/11\/les-bien-aimees_800x800.png","width":800,"height":800},{"@type":"BreadcrumbList","@id":"https:\/\/diwine.ee\/product\/champagne-bourgeois-diaz-les-bien-aimees-2019\/#breadcrumb","itemListElement":[{"@type":"ListItem","position":1,"name":"Home","item":"https:\/\/diwine.ee\/"},{"@type":"ListItem","position":2,"name":"e-pood","item":"https:\/\/diwine.ee\/tooted\/"},{"@type":"ListItem","position":3,"name":"Bourgeois-Diaz &#8220;Les Bien Aim\u00e9es&#8221; 2019 &#8211; Brut Nature"}]},{"@type":"WebSite","@id":"https:\/\/diwine.ee\/#website","url":"https:\/\/diwine.ee\/","name":"diWine \u2013 Premium kvaliteetveinid \u00fcle maailma | Eesti veinipood","description":"Avasta diWine&#039;i hoolikalt valitud kvaliteetveinid maailma tippveinipiirkondadest. Eksklusiivsed punaveinid, valged veinid, vahuveinid ja eriveinid sinu erilisteks hetkedeks.","publisher":{"@id":"https:\/\/diwine.ee\/#organization"},"potentialAction":[{"@type":"SearchAction","target":{"@type":"EntryPoint","urlTemplate":"https:\/\/diwine.ee\/?s={search_term_string}"},"query-input":{"@type":"PropertyValueSpecification","valueRequired":true,"valueName":"search_term_string"}}],"inLanguage":"en-GB"},{"@type":"Organization","@id":"https:\/\/diwine.ee\/#organization","name":"diWine veinipood","url":"https:\/\/diwine.ee\/","logo":{"@type":"ImageObject","inLanguage":"en-GB","@id":"https:\/\/diwine.ee\/#\/schema\/logo\/image\/","url":"https:\/\/diwine.ee\/wp-content\/uploads\/2025\/04\/diWine-1080-x-1080-px.png","contentUrl":"https:\/\/diwine.ee\/wp-content\/uploads\/2025\/04\/diWine-1080-x-1080-px.png","width":1080,"height":1080,"caption":"diWine veinipood"},"image":{"@id":"https:\/\/diwine.ee\/#\/schema\/logo\/image\/"},"sameAs":["https:\/\/www.facebook.com\/profile.php?id=61573862347231","https:\/\/www.instagram.com\/diwine.ee"]}]}},"jetpack_sharing_enabled":true,"_links":{"self":[{"href":"https:\/\/diwine.ee\/en\/wp-json\/wp\/v2\/product\/28085","targetHints":{"allow":["GET"]}}],"collection":[{"href":"https:\/\/diwine.ee\/en\/wp-json\/wp\/v2\/product"}],"about":[{"href":"https:\/\/diwine.ee\/en\/wp-json\/wp\/v2\/types\/product"}],"version-history":[{"count":0,"href":"https:\/\/diwine.ee\/en\/wp-json\/wp\/v2\/product\/28085\/revisions"}],"wp:featuredmedia":[{"embeddable":true,"href":"https:\/\/diwine.ee\/en\/wp-json\/wp\/v2\/media\/28086"}],"wp:attachment":[{"href":"https:\/\/diwine.ee\/en\/wp-json\/wp\/v2\/media?parent=28085"}],"wp:term":[{"taxonomy":"product_brand","embeddable":true,"href":"https:\/\/diwine.ee\/en\/wp-json\/wp\/v2\/product_brand?post=28085"},{"taxonomy":"product_cat","embeddable":true,"href":"https:\/\/diwine.ee\/en\/wp-json\/wp\/v2\/product_cat?post=28085"},{"taxonomy":"product_tag","embeddable":true,"href":"https:\/\/diwine.ee\/en\/wp-json\/wp\/v2\/product_tag?post=28085"}],"curies":[{"name":"wp","href":"https:\/\/api.w.org\/{rel}","templated":true}]}}