{"id":28092,"date":"2025-11-09T22:10:42","date_gmt":"2025-11-09T20:10:42","guid":{"rendered":"https:\/\/diwine.ee\/?post_type=product&#038;p=28092"},"modified":"2026-01-15T21:14:07","modified_gmt":"2026-01-15T19:14:07","slug":"champagne-bourgeois-diaz-les-justices-2019","status":"publish","type":"product","link":"https:\/\/diwine.ee\/en\/product\/champagne-bourgeois-diaz-les-justices-2019\/","title":{"rendered":"Bourgeois-Diaz &#8220;Les Justices&#8221; 2019 &#8211; Brut Nature"},"content":{"rendered":"<div data-elementor-type=\"wp-post\" data-elementor-id=\"28092\" class=\"elementor elementor-28092\">\n\t\t\t\t<div class=\"wd-negative-gap elementor-element elementor-element-b496628 e-grid e-con-boxed e-con e-parent\" data-id=\"b496628\" data-element_type=\"container\" data-e-type=\"container\">\n\t\t\t\t\t<div class=\"e-con-inner\">\n\t\t\t\t<div class=\"elementor-element elementor-element-aa23989 elementor-widget elementor-widget-wd_text_block\" data-id=\"aa23989\" data-element_type=\"widget\" data-e-type=\"widget\" data-widget_type=\"wd_text_block.default\">\n\t\t\t\t<div class=\"elementor-widget-container\">\n\t\t\t\t\t\t\t<div class=\"wd-text-block reset-last-child text-left\">\n\t\t\t\n\t\t\t<h3 class=\"cvGsUA direction-ltr align-justify para-style-body\"><span class=\"OYPEnA font-feature-liga-off font-feature-clig-off font-feature-calt-off text-decoration-none text-strikethrough-none\">Veini lugu:<\/span><\/h3><p data-start=\"316\" data-end=\"735\">Les Justices on \u00fcks Bourgeois-Diaz\u2019i k\u00f5ige kontsentreeritumaid ja isikup\u00e4rasemaid <em data-start=\"591\" data-end=\"608\">single-vineyard<\/em> cuv\u00e9e\u2019sid. Viinamarjad p\u00e4rinevad Crou ttes-sur-Marne\u2019i l\u00e4hedal asuvast v\u00e4ikesest, 1963. aastal istutatud Pinot Meunier\u2019 aiast. See on \u00fcks maja vanimaid ja hinnatumaid istandusi, kus s\u00fcgav savi-lubjakivine pinnas annab veinile j\u00f5ulise struktuuri ja mineraalse s\u00fcgavuse.<br data-start=\"877\" data-end=\"880\" \/>2019. aasta tasakaalustatud ilmastik v\u00f5imaldas saada marju, mis olid \u00fchtaegu k\u00fcpsed ja erakordselt aromaatsed, s\u00e4ilitades samas hea happe ja elegantsi.<br data-start=\"1031\" data-end=\"1034\" \/>Les Justices on p\u00fchendatud m\u00f5ttele \u00f5iglusest terroiri suhtes \u2013 lasta loodusel r\u00e4\u00e4kida ise, ilma manipuleerimise ja lisanditeta.<\/p><p class=\"cvGsUA direction-ltr align-justify para-style-body\"><span style=\"color: #1b1919; font-size: 22px;\">Veini valmistamine:<\/span><\/p><p data-start=\"1082\" data-end=\"1463\">Koostis: <strong data-start=\"1204\" data-end=\"1228\">100 % Pinot Meunier.<\/strong><br data-start=\"1228\" data-end=\"1231\" \/>Viinamarjad korjatakse k\u00e4sitsi biod\u00fcnaamiliselt haritud viinapuudelt. Pressimine toimub Coquard-traditsioonpressiga. K\u00e4\u00e4rimine algab looduslike p\u00e4rmidega v\u00e4ikestes kasutatud tammevaatides, kus vein j\u00e4\u00e4b m\u00f5neks kuuks p\u00e4rmisetele.<br data-start=\"1459\" data-end=\"1462\" \/>Malolaktiline fermentatsioon toimub loomulikult.<br data-start=\"1510\" data-end=\"1513\" \/>P\u00e4rast villimist k\u00fcpseb vein pudelis p\u00e4rmisettel \u00fcle <strong data-start=\"1566\" data-end=\"1587\">60 kuu (5 aastat)<\/strong> enne degorgeerimist.<br data-start=\"1608\" data-end=\"1611\" \/>Dosaa\u017e: <strong data-start=\"1619\" data-end=\"1643\">0 g\/l \u2013 Brut Nature.<\/strong><br data-start=\"1643\" data-end=\"1646\" \/>Sulfitite kogus minimaalne (&lt; 25 mg\/l).<\/p>\n\t\t\t\t\t<\/div>\n\t\t\t\t\t\t<\/div>\n\t\t\t\t<\/div>\n\t\t\t\t<div class=\"elementor-element elementor-element-f22db15 elementor-widget elementor-widget-wd_text_block\" data-id=\"f22db15\" data-element_type=\"widget\" data-e-type=\"widget\" data-widget_type=\"wd_text_block.default\">\n\t\t\t\t<div class=\"elementor-widget-container\">\n\t\t\t\t\t\t\t<div class=\"wd-text-block reset-last-child text-left\">\n\t\t\t\n\t\t\t<h3 class=\"cvGsUA direction-ltr align-justify para-style-body\"><span class=\"OYPEnA font-feature-liga-off font-feature-clig-off font-feature-calt-off text-decoration-none text-strikethrough-none\">Maitsenoodid:<\/span><\/h3><p data-start=\"1894\" data-end=\"2184\">Aroomis ilmneb k\u00fcps virsik, aprikoos, pirn ja kerge mesisus, millele lisandub r\u00f6stitud sarapuup\u00e4hkli ja v\u00e4rske kriidi noote. Suulael on vein rikkalik, kuid pinges \u2013 mahlakas puuviljane keskosa on tasakaalus t\u00e4pse happesuse ja soolase mineraalsusega. Tekstuur on kreemine ja mitmekihiline, meenutades parimaid Meunier-p\u00f5hiseid \u0161ampanjasid Vall\u00e9e de la Marne\u2019ist.<br data-start=\"2074\" data-end=\"2077\" \/>L\u00f5pp on pikk, kuiv ja kristalselt puhas, kerge \u00fcrdise ja tsitruselise varjundiga.<\/p><h3 class=\"cvGsUA direction-ltr align-justify para-style-body\"><span class=\"OYPEnA font-feature-liga-off font-feature-clig-off font-feature-calt-off text-decoration-none text-strikethrough-none\">Toidusoovitus:<\/span><\/h3><p class=\"cvGsUA direction-ltr align-justify para-style-body\">Les Justices 2019 on erakordselt universaalne toiduvein. Sobib suurep\u00e4raselt:<br data-start=\"2262\" data-end=\"2265\" \/>\u2013 <strong data-start=\"2267\" data-end=\"2284\">tr\u00fchvlirisoto<\/strong> v\u00f5i <strong data-start=\"2289\" data-end=\"2310\">metsaseente pasta<\/strong> juurde, kus veini kreemine tekstuur toetab roa umami-rikkust;<br data-start=\"2372\" data-end=\"2375\" \/>\u2013 <strong data-start=\"2377\" data-end=\"2406\">r\u00f6stitud vasikakarbonaadi<\/strong> v\u00f5i <strong data-start=\"2411\" data-end=\"2427\">kana confit\u2019<\/strong> k\u00f5rvale, kus soolakas mineraalsus loob tasakaalu rasvasusele;<br data-start=\"2489\" data-end=\"2492\" \/>\u2013 <strong data-start=\"2494\" data-end=\"2519\">valge kala v\u00f5ikastmes<\/strong>, <strong data-start=\"2521\" data-end=\"2537\">koorikloomad<\/strong>, eriti <strong data-start=\"2545\" data-end=\"2566\">k\u00fcpsetatud homaar<\/strong> v\u00f5i <strong data-start=\"2571\" data-end=\"2601\">karbid valge veini kastmes<\/strong>;<br data-start=\"2602\" data-end=\"2605\" \/>\u2013 samuti <strong data-start=\"2614\" data-end=\"2641\">k\u00fcpsemad pehmed juustud<\/strong> nagu Comt\u00e9, Beaufort v\u00f5i T\u00eate de Moine.<\/p>\n\t\t\t\t\t<\/div>\n\t\t\t\t\t\t<\/div>\n\t\t\t\t<\/div>\n\t\t\t\t<div class=\"elementor-element elementor-element-79dff25 elementor-widget elementor-widget-wd_text_block\" data-id=\"79dff25\" data-element_type=\"widget\" data-e-type=\"widget\" data-widget_type=\"wd_text_block.default\">\n\t\t\t\t<div class=\"elementor-widget-container\">\n\t\t\t\t\t\t\t<div class=\"wd-text-block reset-last-child text-left\">\n\t\t\t\n\t\t\t<h3 class=\"cvGsUA direction-ltr align-justify para-style-body\"><span class=\"OYPEnA font-feature-liga-off font-feature-clig-off font-feature-calt-off text-decoration-none text-strikethrough-none\">S\u00e4ilitamispotentsiaal:<\/span><\/h3><p data-start=\"30\" data-end=\"380\">Parim nautimiseks 2025\u20132035. T\u00e4nu Meunier\u2019 looduslikule struktuurile ja pikaajalisele p\u00e4rmisettel laagerdusele suudab vein areneda v\u00e4hemalt 10\u201312 aastat, omandades aja jooksul kuivatatud puuviljade, brioche\u2019i ja mandli n\u00fcansid, s\u00e4ilitades samas elava happe ja v\u00e4rskuse.<\/p><h3 class=\"cvGsUA direction-ltr align-justify para-style-body\"><span class=\"OYPEnA font-feature-liga-off font-feature-clig-off font-feature-calt-off text-decoration-none text-strikethrough-none\">Hinnangud &amp; tunnustused:<\/span><\/h3><p>\u2013 <em data-start=\"3027\" data-end=\"3054\">La Revue du Vin de France<\/em>: <strong data-start=\"3056\" data-end=\"3069\">94 punkti<\/strong> \u2013 \u201ePinot Meunier haruldases tasakaalus: s\u00fcgav, mineraalne ja erakordselt puhas.\u201c<br data-start=\"3150\" data-end=\"3153\" \/>\u2013 <em data-start=\"3155\" data-end=\"3182\">Wine Anorak (Jamie Goode)<\/em>: <strong data-start=\"3184\" data-end=\"3197\">93 punkti<\/strong> \u2013 \u201eTextural and saline, with ripe fruit and precise energy.\u201c<br data-start=\"3258\" data-end=\"3261\" \/>\u2013 <em data-start=\"3263\" data-end=\"3307\">Le Guide des Meilleurs Vins de France 2024<\/em>: m\u00e4rgitud kui \u00fcks parimaid Meunier-p\u00f5hiseid \u0161ampanjasid Vall\u00e9e de la Marne\u2019is.<\/p>\n\t\t\t\t\t<\/div>\n\t\t\t\t\t\t<\/div>\n\t\t\t\t<\/div>\n\t\t\t\t\t<\/div>\n\t\t\t\t<\/div>\n\t\t\t\t<\/div>","protected":false},"excerpt":{"rendered":"<p>\u00dche aia ja \u00fche sordi \u0161ampanja 100% Pinot Meunier\u2019st, mis v\u00e4ljendab Vall\u00e9e de la Marne\u2019i savise ja lubjakivise pinnase s\u00fcgavust. 2019. aastak\u00e4igu vein on samal ajal j\u00f5uline ja delikaatne \u2013 t\u00e4pse struktuuri, soolase mineraalsuse ja erakordse pikkusega Brut Nature.<\/p>","protected":false},"featured_media":28093,"template":"","meta":[],"product_brand":[171],"product_cat":[29,93],"product_tag":[],"class_list":{"0":"post-28092","1":"product","2":"type-product","3":"status-publish","4":"has-post-thumbnail","6":"product_brand-bourgeois-diaz","7":"product_cat-koik-tooted","8":"product_cat-sampanja","9":"pa_piirkond-champagne","10":"pa_viinamarjasort-meunier","12":"first","13":"instock","14":"featured","15":"taxable","16":"shipping-taxable","17":"purchasable","18":"product-type-simple"},"yoast_head":"<!-- This site is optimized with the Yoast SEO plugin v27.4 - https:\/\/yoast.com\/product\/yoast-seo-wordpress\/ -->\n<title>Bourgeois-Diaz &quot;Les Justices&quot; 2019 - Brut Nature - diWine &ndash; Premium kvaliteetveinid &uuml;le maailma | Eesti veinipood<\/title>\n<meta name=\"robots\" content=\"index, follow, max-snippet:-1, max-image-preview:large, max-video-preview:-1\" \/>\n<link rel=\"canonical\" href=\"https:\/\/diwine.ee\/en\/product\/champagne-bourgeois-diaz-les-justices-2019\/\" \/>\n<meta property=\"og:locale\" content=\"en_GB\" \/>\n<meta property=\"og:type\" content=\"article\" \/>\n<meta property=\"og:title\" content=\"Bourgeois-Diaz &quot;Les Justices&quot; 2019 - Brut Nature - diWine &ndash; Premium kvaliteetveinid &uuml;le maailma | Eesti veinipood\" \/>\n<meta property=\"og:description\" content=\"\u00dche aia ja \u00fche sordi \u0161ampanja 100% Pinot Meunier\u2019st, mis v\u00e4ljendab Vall\u00e9e de la Marne\u2019i savise ja lubjakivise pinnase s\u00fcgavust. 2019. aastak\u00e4igu vein on samal ajal j\u00f5uline ja delikaatne \u2013 t\u00e4pse struktuuri, soolase mineraalsuse ja erakordse pikkusega Brut Nature.\" \/>\n<meta property=\"og:url\" content=\"https:\/\/diwine.ee\/en\/product\/champagne-bourgeois-diaz-les-justices-2019\/\" \/>\n<meta property=\"og:site_name\" content=\"diWine &ndash; Premium kvaliteetveinid &uuml;le maailma | Eesti veinipood\" \/>\n<meta property=\"article:publisher\" content=\"https:\/\/www.facebook.com\/profile.php?id=61573862347231\" \/>\n<meta property=\"article:modified_time\" content=\"2026-01-15T19:14:07+00:00\" \/>\n<meta property=\"og:image\" content=\"https:\/\/diwine.ee\/wp-content\/uploads\/2025\/11\/les-justices_800x800.png\" \/>\n\t<meta property=\"og:image:width\" content=\"800\" \/>\n\t<meta property=\"og:image:height\" content=\"800\" \/>\n\t<meta property=\"og:image:type\" content=\"image\/png\" \/>\n<meta name=\"twitter:card\" content=\"summary_large_image\" \/>\n<meta name=\"twitter:label1\" content=\"Estimated reading time\" \/>\n\t<meta name=\"twitter:data1\" content=\"2 minutes\" \/>\n<script type=\"application\/ld+json\" class=\"yoast-schema-graph\">{\"@context\":\"https:\\\/\\\/schema.org\",\"@graph\":[{\"@type\":\"WebPage\",\"@id\":\"https:\\\/\\\/diwine.ee\\\/product\\\/champagne-bourgeois-diaz-les-justices-2019\\\/\",\"url\":\"https:\\\/\\\/diwine.ee\\\/product\\\/champagne-bourgeois-diaz-les-justices-2019\\\/\",\"name\":\"Bourgeois-Diaz \\\"Les Justices\\\" 2019 - Brut Nature - diWine &ndash; Premium kvaliteetveinid &uuml;le maailma | Eesti veinipood\",\"isPartOf\":{\"@id\":\"https:\\\/\\\/diwine.ee\\\/#website\"},\"primaryImageOfPage\":{\"@id\":\"https:\\\/\\\/diwine.ee\\\/product\\\/champagne-bourgeois-diaz-les-justices-2019\\\/#primaryimage\"},\"image\":{\"@id\":\"https:\\\/\\\/diwine.ee\\\/product\\\/champagne-bourgeois-diaz-les-justices-2019\\\/#primaryimage\"},\"thumbnailUrl\":\"https:\\\/\\\/diwine.ee\\\/wp-content\\\/uploads\\\/2025\\\/11\\\/les-justices_800x800.png\",\"datePublished\":\"2025-11-09T20:10:42+00:00\",\"dateModified\":\"2026-01-15T19:14:07+00:00\",\"breadcrumb\":{\"@id\":\"https:\\\/\\\/diwine.ee\\\/product\\\/champagne-bourgeois-diaz-les-justices-2019\\\/#breadcrumb\"},\"inLanguage\":\"en-GB\",\"potentialAction\":[{\"@type\":\"ReadAction\",\"target\":[\"https:\\\/\\\/diwine.ee\\\/product\\\/champagne-bourgeois-diaz-les-justices-2019\\\/\"]}]},{\"@type\":\"ImageObject\",\"inLanguage\":\"en-GB\",\"@id\":\"https:\\\/\\\/diwine.ee\\\/product\\\/champagne-bourgeois-diaz-les-justices-2019\\\/#primaryimage\",\"url\":\"https:\\\/\\\/diwine.ee\\\/wp-content\\\/uploads\\\/2025\\\/11\\\/les-justices_800x800.png\",\"contentUrl\":\"https:\\\/\\\/diwine.ee\\\/wp-content\\\/uploads\\\/2025\\\/11\\\/les-justices_800x800.png\",\"width\":800,\"height\":800},{\"@type\":\"BreadcrumbList\",\"@id\":\"https:\\\/\\\/diwine.ee\\\/product\\\/champagne-bourgeois-diaz-les-justices-2019\\\/#breadcrumb\",\"itemListElement\":[{\"@type\":\"ListItem\",\"position\":1,\"name\":\"Home\",\"item\":\"https:\\\/\\\/diwine.ee\\\/\"},{\"@type\":\"ListItem\",\"position\":2,\"name\":\"e-pood\",\"item\":\"https:\\\/\\\/diwine.ee\\\/tooted\\\/\"},{\"@type\":\"ListItem\",\"position\":3,\"name\":\"Bourgeois-Diaz &#8220;Les Justices&#8221; 2019 &#8211; Brut Nature\"}]},{\"@type\":\"WebSite\",\"@id\":\"https:\\\/\\\/diwine.ee\\\/#website\",\"url\":\"https:\\\/\\\/diwine.ee\\\/\",\"name\":\"diWine \u2013 Premium kvaliteetveinid \u00fcle maailma | Eesti veinipood\",\"description\":\"Avasta diWine&#039;i hoolikalt valitud kvaliteetveinid maailma tippveinipiirkondadest. Eksklusiivsed punaveinid, valged veinid, vahuveinid ja eriveinid sinu erilisteks hetkedeks.\",\"publisher\":{\"@id\":\"https:\\\/\\\/diwine.ee\\\/#organization\"},\"potentialAction\":[{\"@type\":\"SearchAction\",\"target\":{\"@type\":\"EntryPoint\",\"urlTemplate\":\"https:\\\/\\\/diwine.ee\\\/?s={search_term_string}\"},\"query-input\":{\"@type\":\"PropertyValueSpecification\",\"valueRequired\":true,\"valueName\":\"search_term_string\"}}],\"inLanguage\":\"en-GB\"},{\"@type\":\"Organization\",\"@id\":\"https:\\\/\\\/diwine.ee\\\/#organization\",\"name\":\"diWine veinipood\",\"url\":\"https:\\\/\\\/diwine.ee\\\/\",\"logo\":{\"@type\":\"ImageObject\",\"inLanguage\":\"en-GB\",\"@id\":\"https:\\\/\\\/diwine.ee\\\/#\\\/schema\\\/logo\\\/image\\\/\",\"url\":\"https:\\\/\\\/diwine.ee\\\/wp-content\\\/uploads\\\/2025\\\/04\\\/diWine-1080-x-1080-px.png\",\"contentUrl\":\"https:\\\/\\\/diwine.ee\\\/wp-content\\\/uploads\\\/2025\\\/04\\\/diWine-1080-x-1080-px.png\",\"width\":1080,\"height\":1080,\"caption\":\"diWine veinipood\"},\"image\":{\"@id\":\"https:\\\/\\\/diwine.ee\\\/#\\\/schema\\\/logo\\\/image\\\/\"},\"sameAs\":[\"https:\\\/\\\/www.facebook.com\\\/profile.php?id=61573862347231\",\"https:\\\/\\\/www.instagram.com\\\/diwine.ee\"]}]}<\/script>\n<!-- \/ Yoast SEO plugin. -->","yoast_head_json":{"title":"Bourgeois-Diaz \"Les Justices\" 2019 - Brut Nature - diWine &ndash; Premium kvaliteetveinid &uuml;le maailma | Eesti veinipood","robots":{"index":"index","follow":"follow","max-snippet":"max-snippet:-1","max-image-preview":"max-image-preview:large","max-video-preview":"max-video-preview:-1"},"canonical":"https:\/\/diwine.ee\/en\/product\/champagne-bourgeois-diaz-les-justices-2019\/","og_locale":"en_GB","og_type":"article","og_title":"Bourgeois-Diaz \"Les Justices\" 2019 - Brut Nature - diWine &ndash; Premium kvaliteetveinid &uuml;le maailma | Eesti veinipood","og_description":"\u00dche aia ja \u00fche sordi \u0161ampanja 100% Pinot Meunier\u2019st, mis v\u00e4ljendab Vall\u00e9e de la Marne\u2019i savise ja lubjakivise pinnase s\u00fcgavust. 2019. aastak\u00e4igu vein on samal ajal j\u00f5uline ja delikaatne \u2013 t\u00e4pse struktuuri, soolase mineraalsuse ja erakordse pikkusega Brut Nature.","og_url":"https:\/\/diwine.ee\/en\/product\/champagne-bourgeois-diaz-les-justices-2019\/","og_site_name":"diWine &ndash; Premium kvaliteetveinid &uuml;le maailma | Eesti veinipood","article_publisher":"https:\/\/www.facebook.com\/profile.php?id=61573862347231","article_modified_time":"2026-01-15T19:14:07+00:00","og_image":[{"width":800,"height":800,"url":"https:\/\/diwine.ee\/wp-content\/uploads\/2025\/11\/les-justices_800x800.png","type":"image\/png"}],"twitter_card":"summary_large_image","twitter_misc":{"Estimated reading time":"2 minutes"},"schema":{"@context":"https:\/\/schema.org","@graph":[{"@type":"WebPage","@id":"https:\/\/diwine.ee\/product\/champagne-bourgeois-diaz-les-justices-2019\/","url":"https:\/\/diwine.ee\/product\/champagne-bourgeois-diaz-les-justices-2019\/","name":"Bourgeois-Diaz \"Les Justices\" 2019 - Brut Nature - diWine &ndash; Premium kvaliteetveinid &uuml;le maailma | Eesti veinipood","isPartOf":{"@id":"https:\/\/diwine.ee\/#website"},"primaryImageOfPage":{"@id":"https:\/\/diwine.ee\/product\/champagne-bourgeois-diaz-les-justices-2019\/#primaryimage"},"image":{"@id":"https:\/\/diwine.ee\/product\/champagne-bourgeois-diaz-les-justices-2019\/#primaryimage"},"thumbnailUrl":"https:\/\/diwine.ee\/wp-content\/uploads\/2025\/11\/les-justices_800x800.png","datePublished":"2025-11-09T20:10:42+00:00","dateModified":"2026-01-15T19:14:07+00:00","breadcrumb":{"@id":"https:\/\/diwine.ee\/product\/champagne-bourgeois-diaz-les-justices-2019\/#breadcrumb"},"inLanguage":"en-GB","potentialAction":[{"@type":"ReadAction","target":["https:\/\/diwine.ee\/product\/champagne-bourgeois-diaz-les-justices-2019\/"]}]},{"@type":"ImageObject","inLanguage":"en-GB","@id":"https:\/\/diwine.ee\/product\/champagne-bourgeois-diaz-les-justices-2019\/#primaryimage","url":"https:\/\/diwine.ee\/wp-content\/uploads\/2025\/11\/les-justices_800x800.png","contentUrl":"https:\/\/diwine.ee\/wp-content\/uploads\/2025\/11\/les-justices_800x800.png","width":800,"height":800},{"@type":"BreadcrumbList","@id":"https:\/\/diwine.ee\/product\/champagne-bourgeois-diaz-les-justices-2019\/#breadcrumb","itemListElement":[{"@type":"ListItem","position":1,"name":"Home","item":"https:\/\/diwine.ee\/"},{"@type":"ListItem","position":2,"name":"e-pood","item":"https:\/\/diwine.ee\/tooted\/"},{"@type":"ListItem","position":3,"name":"Bourgeois-Diaz &#8220;Les Justices&#8221; 2019 &#8211; Brut Nature"}]},{"@type":"WebSite","@id":"https:\/\/diwine.ee\/#website","url":"https:\/\/diwine.ee\/","name":"diWine \u2013 Premium kvaliteetveinid \u00fcle maailma | Eesti veinipood","description":"Avasta diWine&#039;i hoolikalt valitud kvaliteetveinid maailma tippveinipiirkondadest. Eksklusiivsed punaveinid, valged veinid, vahuveinid ja eriveinid sinu erilisteks hetkedeks.","publisher":{"@id":"https:\/\/diwine.ee\/#organization"},"potentialAction":[{"@type":"SearchAction","target":{"@type":"EntryPoint","urlTemplate":"https:\/\/diwine.ee\/?s={search_term_string}"},"query-input":{"@type":"PropertyValueSpecification","valueRequired":true,"valueName":"search_term_string"}}],"inLanguage":"en-GB"},{"@type":"Organization","@id":"https:\/\/diwine.ee\/#organization","name":"diWine veinipood","url":"https:\/\/diwine.ee\/","logo":{"@type":"ImageObject","inLanguage":"en-GB","@id":"https:\/\/diwine.ee\/#\/schema\/logo\/image\/","url":"https:\/\/diwine.ee\/wp-content\/uploads\/2025\/04\/diWine-1080-x-1080-px.png","contentUrl":"https:\/\/diwine.ee\/wp-content\/uploads\/2025\/04\/diWine-1080-x-1080-px.png","width":1080,"height":1080,"caption":"diWine veinipood"},"image":{"@id":"https:\/\/diwine.ee\/#\/schema\/logo\/image\/"},"sameAs":["https:\/\/www.facebook.com\/profile.php?id=61573862347231","https:\/\/www.instagram.com\/diwine.ee"]}]}},"jetpack_sharing_enabled":true,"_links":{"self":[{"href":"https:\/\/diwine.ee\/en\/wp-json\/wp\/v2\/product\/28092","targetHints":{"allow":["GET"]}}],"collection":[{"href":"https:\/\/diwine.ee\/en\/wp-json\/wp\/v2\/product"}],"about":[{"href":"https:\/\/diwine.ee\/en\/wp-json\/wp\/v2\/types\/product"}],"version-history":[{"count":0,"href":"https:\/\/diwine.ee\/en\/wp-json\/wp\/v2\/product\/28092\/revisions"}],"wp:featuredmedia":[{"embeddable":true,"href":"https:\/\/diwine.ee\/en\/wp-json\/wp\/v2\/media\/28093"}],"wp:attachment":[{"href":"https:\/\/diwine.ee\/en\/wp-json\/wp\/v2\/media?parent=28092"}],"wp:term":[{"taxonomy":"product_brand","embeddable":true,"href":"https:\/\/diwine.ee\/en\/wp-json\/wp\/v2\/product_brand?post=28092"},{"taxonomy":"product_cat","embeddable":true,"href":"https:\/\/diwine.ee\/en\/wp-json\/wp\/v2\/product_cat?post=28092"},{"taxonomy":"product_tag","embeddable":true,"href":"https:\/\/diwine.ee\/en\/wp-json\/wp\/v2\/product_tag?post=28092"}],"curies":[{"name":"wp","href":"https:\/\/api.w.org\/{rel}","templated":true}]}}