{"id":28152,"date":"2025-12-01T16:09:29","date_gmt":"2025-12-01T14:09:29","guid":{"rendered":"https:\/\/diwine.ee\/?post_type=product&#038;p=28152"},"modified":"2026-01-15T21:15:35","modified_gmt":"2026-01-15T19:15:35","slug":"marie-courtin-resonance","status":"publish","type":"product","link":"https:\/\/diwine.ee\/en\/product\/marie-courtin-resonance\/","title":{"rendered":"Marie-Courtin &#8220;R\u00e9sonance&#8221; &#8211; Extra Brut"},"content":{"rendered":"<div data-elementor-type=\"wp-post\" data-elementor-id=\"28152\" class=\"elementor elementor-28152\">\n\t\t\t\t<div class=\"wd-negative-gap elementor-element elementor-element-b496628 e-grid e-con-boxed e-con e-parent\" data-id=\"b496628\" data-element_type=\"container\" data-e-type=\"container\">\n\t\t\t\t\t<div class=\"e-con-inner\">\n\t\t\t\t<div class=\"elementor-element elementor-element-aa23989 elementor-widget elementor-widget-wd_text_block\" data-id=\"aa23989\" data-element_type=\"widget\" data-e-type=\"widget\" data-widget_type=\"wd_text_block.default\">\n\t\t\t\t<div class=\"elementor-widget-container\">\n\t\t\t\t\t\t\t<div class=\"wd-text-block reset-last-child text-left\">\n\t\t\t\n\t\t\t<h3 class=\"cvGsUA direction-ltr align-justify para-style-body\"><span class=\"OYPEnA font-feature-liga-off font-feature-clig-off font-feature-calt-off text-decoration-none text-strikethrough-none\">Veini lugu:<\/span><\/h3><p data-start=\"590\" data-end=\"1226\">R\u00e9sonance on \u00fcks neid \u0161ampanjasid, mis n\u00e4itab v\u00e4ga selgelt, miks C\u00f4te des Bar on viimase k\u00fcmnendi jooksul t\u00f5usnud <em data-start=\"722\" data-end=\"742\">grower Champagne\u2019i<\/em> maailma kultuspiirkondade hulka. Dominique Moreau t\u00f6\u00f6tab oma v\u00e4ikest 2,5 hektari suurust viinamarjaaeda nagu aeda \u2013 k\u00e4sitsi, biod\u00fcnaamiliselt, ilma igasuguste lisandite v\u00f5i tehnoloogilise ilustamiseta. Tema eesm\u00e4rk pole teha universaalset ja ohutult \u00fcmarat \u0161ampanjat, vaid tabada hetke, mil loodus, pinnas ja aasta ilmastik \u201eh\u00e4\u00e4lestuvad\u201c \u00fchele lainele. Sealt tuleb ka nimi R\u00e9sonance: idee, et vein kannab edasi pinnase r\u00fctmi, biod\u00fcnaamilise t\u00f6\u00f6 ts\u00fckleid ja marja loomulikku energiat.<\/p><p data-start=\"1228\" data-end=\"1604\">R\u00e9sonance on p\u00e4rit viinamarjaaiast, mis asub v\u00e4ga lubjarikkal Kimmeridgiani pinnasel \u2013 samal kivimil, mis annab Chablis\u2019le selle kuulsa soolaka ja kriidise iseloomu. Pinot Noir\u2019 marjad, mis siin kasvavad, on k\u00fcpsed, ent mitte rasked; aromaatsed, ent mitte magusad. See on \u00fcks puhtamaid Pinot Noir\u2019i v\u00e4ljendusi kogu Aube piirkonnas: intensiivne, t\u00e4pne ja loomulikult elegantne.<\/p><p class=\"cvGsUA direction-ltr align-justify para-style-body\"><span style=\"color: #1b1919; font-size: 22px;\">Veini valmistamine:<\/span><\/p><p data-start=\"1544\" data-end=\"1729\"><strong data-start=\"1544\" data-end=\"1557\">Koosseis:<\/strong> 100% Pinot Noir<br data-start=\"1573\" data-end=\"1576\" \/><strong data-start=\"1576\" data-end=\"1597\">Viinapuude vanus:<\/strong> ~25 aastat<br data-start=\"1608\" data-end=\"1611\" \/><strong data-start=\"1611\" data-end=\"1622\">Pinnas:<\/strong> Kimmeridgiani lubjakivi (sama, mis Chablis\u2019s)<br data-start=\"1668\" data-end=\"1671\" \/><strong data-start=\"1671\" data-end=\"1681\">Asend:<\/strong> idapoolne n\u00f5lv<br data-start=\"1696\" data-end=\"1699\" \/><strong data-start=\"1699\" data-end=\"1712\">Kasvatus:<\/strong> biod\u00fcnaamiline<\/p><p data-start=\"1731\" data-end=\"2149\"><strong data-start=\"1731\" data-end=\"1750\">Vinifikatsioon:<\/strong><br data-start=\"1750\" data-end=\"1753\" \/>\u2022 destemmi ei tehta<br data-start=\"1772\" data-end=\"1775\" \/>\u2022 maceratsiooni ei tehta (valge vein punastest marjadest)<br data-start=\"1832\" data-end=\"1835\" \/>\u2022 k\u00e4\u00e4ritamine <strong data-start=\"1849\" data-end=\"1883\">roostevabast terasest tankides<\/strong> (steel tanks) \u2014 ilma puidu m\u00f5juta<br data-start=\"1917\" data-end=\"1920\" \/>\u2022 k\u00fcpsemine <strong data-start=\"1932\" data-end=\"1966\">roostevabast terasest tankides<\/strong><br data-start=\"1966\" data-end=\"1969\" \/>\u2022 laagerdusaeg: <strong data-start=\"1985\" data-end=\"1997\">3 aastat<\/strong> p\u00e4rmisettel<br data-start=\"2009\" data-end=\"2012\" \/>\u2022 racking: jah<br data-start=\"2026\" data-end=\"2029\" \/>\u2022 ei selitata ega filtreerita<br data-start=\"2058\" data-end=\"2061\" \/>\u2022 SO\u2082: kasutatakse v\u00e4ikestes kogustes (tehniline, mitte stiiline)<br data-start=\"2126\" data-end=\"2129\" \/>\u2022 dosage: Extra Brut<\/p><p data-start=\"2151\" data-end=\"2278\">K\u00f5ik tehnilised sammud on suunatud sellele, et Pinot Noir v\u00e4ljenduks v\u00f5imalikult selgelt \u2014 ilma raskuse v\u00f5i liigse sekkumiseta.<\/p>\n\t\t\t\t\t<\/div>\n\t\t\t\t\t\t<\/div>\n\t\t\t\t<\/div>\n\t\t\t\t<div class=\"elementor-element elementor-element-f22db15 elementor-widget elementor-widget-wd_text_block\" data-id=\"f22db15\" data-element_type=\"widget\" data-e-type=\"widget\" data-widget_type=\"wd_text_block.default\">\n\t\t\t\t<div class=\"elementor-widget-container\">\n\t\t\t\t\t\t\t<div class=\"wd-text-block reset-last-child text-left\">\n\t\t\t\n\t\t\t<h3 class=\"cvGsUA direction-ltr align-justify para-style-body\"><span class=\"OYPEnA font-feature-liga-off font-feature-clig-off font-feature-calt-off text-decoration-none text-strikethrough-none\">Maitsenoodid:<\/span><\/h3><p data-start=\"2308\" data-end=\"2774\">Aroomis: punane \u00f5un, k\u00fcps metsmaasikas, v\u00e4rske kirss, kerge tsitrusenoot ja valgete lillede \u00f5rn aroom. Taustal tunda mineraalset \u201ckriidipulbrit\u201d ja kerget piprast n\u00fcanssi, mis p\u00e4rineb lubjakivisest pinnasest.<br data-start=\"2516\" data-end=\"2519\" \/>Maitses on vein elav ja selge joonisega: punased marjad, tsitruselised, lubjakivine soolakus ja t\u00e4pne, r\u00fctmiline hape.<br data-start=\"2637\" data-end=\"2640\" \/>Tekstuur on pikk ja siidine, vibratsiooniga, mis on Marie-Courtini stiili signatuur.<br data-start=\"2724\" data-end=\"2727\" \/>J\u00e4relmaitse on kuiv, pikk ja aromaatselt puhas.<\/p><p data-start=\"2776\" data-end=\"2871\"><em data-start=\"2776\" data-end=\"2787\">R\u00e9sonance<\/em> on \u0161ampanja, mis m\u00f5jub korraga v\u00e4rske ja s\u00fcgavana \u2014 energiline, kuid pehme servaga.<\/p><h3 class=\"cvGsUA direction-ltr align-justify para-style-body\"><span class=\"OYPEnA font-feature-liga-off font-feature-clig-off font-feature-calt-off text-decoration-none text-strikethrough-none\">Toidusoovitus:<\/span><\/h3><p data-start=\"2904\" data-end=\"3174\">\u2022 austrid ja muud koorikloomad<br data-start=\"2934\" data-end=\"2937\" \/>\u2022 sushi, sashimi, valge kala tartar<br data-start=\"2972\" data-end=\"2975\" \/>\u2022 v\u00e4rske kitsejuust (ch\u00e8vre), burrata, ricotta<br data-start=\"3021\" data-end=\"3024\" \/>\u2022 sidruniga k\u00fcpsetatud forell v\u00f5i meriahven<br data-start=\"3067\" data-end=\"3070\" \/>\u2022 kevadised k\u00f6\u00f6giviljad (spargel, hernepureed, nuikapsas)<br data-start=\"3127\" data-end=\"3130\" \/>\u2022 kerged pastaroogad sidruni v\u00f5i \u00fcrdiv\u00f5iga<\/p><p data-start=\"3176\" data-end=\"3287\">See on suurep\u00e4rane \u201cuniversaalne \u0161ampanja\u201d, mis sobib v\u00e4ga erinevate roogade k\u00f5rvale, ilma et midagi varjutaks.<\/p>\n\t\t\t\t\t<\/div>\n\t\t\t\t\t\t<\/div>\n\t\t\t\t<\/div>\n\t\t\t\t<div class=\"elementor-element elementor-element-79dff25 elementor-widget elementor-widget-wd_text_block\" data-id=\"79dff25\" data-element_type=\"widget\" data-e-type=\"widget\" data-widget_type=\"wd_text_block.default\">\n\t\t\t\t<div class=\"elementor-widget-container\">\n\t\t\t\t\t\t\t<div class=\"wd-text-block reset-last-child text-left\">\n\t\t\t\n\t\t\t<h3 class=\"cvGsUA direction-ltr align-justify para-style-body\"><span class=\"OYPEnA font-feature-liga-off font-feature-clig-off font-feature-calt-off text-decoration-none text-strikethrough-none\">S\u00e4ilitamispotentsiaal:<\/span><\/h3><p data-start=\"30\" data-end=\"380\">2024\u20132030<br data-start=\"3338\" data-end=\"3341\" \/>Arenedes tekivad brioche\u2019i, p\u00e4hkli ja \u00f5rnade kuivatatud puuviljade noodid, samal ajal kui lubjakivine struktuur j\u00e4\u00e4b v\u00e4ga selgelt tuntavaks.<\/p><h3 class=\"cvGsUA direction-ltr align-justify para-style-body\"><span class=\"OYPEnA font-feature-liga-off font-feature-clig-off font-feature-calt-off text-decoration-none text-strikethrough-none\">Hinnangud &amp; tunnustused:<\/span><\/h3><p data-start=\"3522\" data-end=\"3689\"><em data-start=\"3522\" data-end=\"3533\">R\u00e9sonance<\/em> on rahvusvaheliselt tuntud kui \u00fcks k\u00f5ige puhtama stiiliga Blanc de Noirs\u2019e C\u00f4te des Bar\u2019is \u2014 alati kiidetud oma mineraalse selguse ja puhta tekstuuri eest.<\/p><p data-start=\"3691\" data-end=\"3967\">\u2022 <strong data-start=\"3693\" data-end=\"3728\">Vinous (varasemad aastak\u00e4igud):<\/strong> 92\u201393 punkti \u2014 \u201cBright, tense and deeply mineral.\u201d<br data-start=\"3779\" data-end=\"3782\" \/>\u2022 <strong data-start=\"3784\" data-end=\"3802\">Wine Advocate:<\/strong> hinnatud kui \u201et\u00e4pne, elegantne ja v\u00e4ga selge joonisega Pinot Noir.\u201c<br data-start=\"3870\" data-end=\"3873\" \/>\u2022 <strong data-start=\"3875\" data-end=\"3883\">RVF:<\/strong> tunnustanud cuv\u00e9e\u2019d kui \u201cMarie-Courtini k\u00f5ige energilisema signatuuriga \u0161ampanjat\u201d.<\/p>\n\t\t\t\t\t<\/div>\n\t\t\t\t\t\t<\/div>\n\t\t\t\t<\/div>\n\t\t\t\t\t<\/div>\n\t\t\t\t<\/div>\n\t\t\t\t<\/div>","protected":false},"excerpt":{"rendered":"<p>Puhas ja energiline <em data-start=\"465\" data-end=\"481\">Blanc de Noirs<\/em>, mis toob esile idapoolsel Kimmeridgiani lubjakivil kasvanud Pinot Noir\u2019i v\u00e4rskuse, punase marja selguse ja Marie-Courtini biod\u00fcnaamilise viinamarjatoa elusa t\u00e4psuse.<\/p>","protected":false},"featured_media":28153,"template":"","meta":[],"product_brand":[175],"product_cat":[29,93],"product_tag":[],"class_list":{"0":"post-28152","1":"product","2":"type-product","3":"status-publish","4":"has-post-thumbnail","6":"product_brand-marie-courtin","7":"product_cat-koik-tooted","8":"product_cat-sampanja","9":"pa_piirkond-champagne","10":"pa_viinamarjasort-chardonnay","11":"pa_viinamarjasort-pinot-noir","13":"first","14":"instock","15":"featured","16":"taxable","17":"shipping-taxable","18":"purchasable","19":"product-type-simple"},"yoast_head":"<!-- This site is optimized with the Yoast SEO plugin v27.4 - https:\/\/yoast.com\/product\/yoast-seo-wordpress\/ -->\n<title>Marie-Courtin &quot;R\u00e9sonance&quot; - Extra Brut - diWine &ndash; Premium kvaliteetveinid &uuml;le maailma | Eesti veinipood<\/title>\n<meta name=\"robots\" content=\"index, follow, max-snippet:-1, max-image-preview:large, max-video-preview:-1\" \/>\n<link rel=\"canonical\" href=\"https:\/\/diwine.ee\/en\/product\/marie-courtin-resonance\/\" \/>\n<meta property=\"og:locale\" content=\"en_GB\" \/>\n<meta property=\"og:type\" content=\"article\" \/>\n<meta property=\"og:title\" content=\"Marie-Courtin &quot;R\u00e9sonance&quot; - Extra Brut - diWine &ndash; Premium kvaliteetveinid &uuml;le maailma | Eesti veinipood\" \/>\n<meta property=\"og:description\" content=\"Puhas ja energiline Blanc de Noirs, mis toob esile idapoolsel Kimmeridgiani lubjakivil kasvanud Pinot Noir\u2019i v\u00e4rskuse, punase marja selguse ja Marie-Courtini biod\u00fcnaamilise viinamarjatoa elusa t\u00e4psuse.\" \/>\n<meta property=\"og:url\" content=\"https:\/\/diwine.ee\/en\/product\/marie-courtin-resonance\/\" \/>\n<meta property=\"og:site_name\" content=\"diWine &ndash; Premium kvaliteetveinid &uuml;le maailma | Eesti veinipood\" \/>\n<meta property=\"article:publisher\" content=\"https:\/\/www.facebook.com\/profile.php?id=61573862347231\" \/>\n<meta property=\"article:modified_time\" content=\"2026-01-15T19:15:35+00:00\" \/>\n<meta property=\"og:image\" content=\"https:\/\/diwine.ee\/wp-content\/uploads\/2025\/12\/resonance_800x800_v2.png\" \/>\n\t<meta property=\"og:image:width\" content=\"800\" \/>\n\t<meta property=\"og:image:height\" content=\"800\" \/>\n\t<meta property=\"og:image:type\" content=\"image\/png\" \/>\n<meta name=\"twitter:card\" content=\"summary_large_image\" \/>\n<meta name=\"twitter:label1\" content=\"Estimated reading time\" \/>\n\t<meta name=\"twitter:data1\" content=\"3 minutes\" \/>\n<script type=\"application\/ld+json\" class=\"yoast-schema-graph\">{\"@context\":\"https:\\\/\\\/schema.org\",\"@graph\":[{\"@type\":\"WebPage\",\"@id\":\"https:\\\/\\\/diwine.ee\\\/product\\\/marie-courtin-resonance\\\/\",\"url\":\"https:\\\/\\\/diwine.ee\\\/product\\\/marie-courtin-resonance\\\/\",\"name\":\"Marie-Courtin \\\"R\u00e9sonance\\\" - Extra Brut - diWine &ndash; Premium kvaliteetveinid &uuml;le maailma | Eesti veinipood\",\"isPartOf\":{\"@id\":\"https:\\\/\\\/diwine.ee\\\/#website\"},\"primaryImageOfPage\":{\"@id\":\"https:\\\/\\\/diwine.ee\\\/product\\\/marie-courtin-resonance\\\/#primaryimage\"},\"image\":{\"@id\":\"https:\\\/\\\/diwine.ee\\\/product\\\/marie-courtin-resonance\\\/#primaryimage\"},\"thumbnailUrl\":\"https:\\\/\\\/diwine.ee\\\/wp-content\\\/uploads\\\/2025\\\/12\\\/resonance_800x800_v2.png\",\"datePublished\":\"2025-12-01T14:09:29+00:00\",\"dateModified\":\"2026-01-15T19:15:35+00:00\",\"breadcrumb\":{\"@id\":\"https:\\\/\\\/diwine.ee\\\/product\\\/marie-courtin-resonance\\\/#breadcrumb\"},\"inLanguage\":\"en-GB\",\"potentialAction\":[{\"@type\":\"ReadAction\",\"target\":[\"https:\\\/\\\/diwine.ee\\\/product\\\/marie-courtin-resonance\\\/\"]}]},{\"@type\":\"ImageObject\",\"inLanguage\":\"en-GB\",\"@id\":\"https:\\\/\\\/diwine.ee\\\/product\\\/marie-courtin-resonance\\\/#primaryimage\",\"url\":\"https:\\\/\\\/diwine.ee\\\/wp-content\\\/uploads\\\/2025\\\/12\\\/resonance_800x800_v2.png\",\"contentUrl\":\"https:\\\/\\\/diwine.ee\\\/wp-content\\\/uploads\\\/2025\\\/12\\\/resonance_800x800_v2.png\",\"width\":800,\"height\":800},{\"@type\":\"BreadcrumbList\",\"@id\":\"https:\\\/\\\/diwine.ee\\\/product\\\/marie-courtin-resonance\\\/#breadcrumb\",\"itemListElement\":[{\"@type\":\"ListItem\",\"position\":1,\"name\":\"Home\",\"item\":\"https:\\\/\\\/diwine.ee\\\/\"},{\"@type\":\"ListItem\",\"position\":2,\"name\":\"e-pood\",\"item\":\"https:\\\/\\\/diwine.ee\\\/tooted\\\/\"},{\"@type\":\"ListItem\",\"position\":3,\"name\":\"Marie-Courtin &#8220;R\u00e9sonance&#8221; &#8211; Extra Brut\"}]},{\"@type\":\"WebSite\",\"@id\":\"https:\\\/\\\/diwine.ee\\\/#website\",\"url\":\"https:\\\/\\\/diwine.ee\\\/\",\"name\":\"diWine \u2013 Premium kvaliteetveinid \u00fcle maailma | Eesti veinipood\",\"description\":\"Avasta diWine&#039;i hoolikalt valitud kvaliteetveinid maailma tippveinipiirkondadest. Eksklusiivsed punaveinid, valged veinid, vahuveinid ja eriveinid sinu erilisteks hetkedeks.\",\"publisher\":{\"@id\":\"https:\\\/\\\/diwine.ee\\\/#organization\"},\"potentialAction\":[{\"@type\":\"SearchAction\",\"target\":{\"@type\":\"EntryPoint\",\"urlTemplate\":\"https:\\\/\\\/diwine.ee\\\/?s={search_term_string}\"},\"query-input\":{\"@type\":\"PropertyValueSpecification\",\"valueRequired\":true,\"valueName\":\"search_term_string\"}}],\"inLanguage\":\"en-GB\"},{\"@type\":\"Organization\",\"@id\":\"https:\\\/\\\/diwine.ee\\\/#organization\",\"name\":\"diWine veinipood\",\"url\":\"https:\\\/\\\/diwine.ee\\\/\",\"logo\":{\"@type\":\"ImageObject\",\"inLanguage\":\"en-GB\",\"@id\":\"https:\\\/\\\/diwine.ee\\\/#\\\/schema\\\/logo\\\/image\\\/\",\"url\":\"https:\\\/\\\/diwine.ee\\\/wp-content\\\/uploads\\\/2025\\\/04\\\/diWine-1080-x-1080-px.png\",\"contentUrl\":\"https:\\\/\\\/diwine.ee\\\/wp-content\\\/uploads\\\/2025\\\/04\\\/diWine-1080-x-1080-px.png\",\"width\":1080,\"height\":1080,\"caption\":\"diWine veinipood\"},\"image\":{\"@id\":\"https:\\\/\\\/diwine.ee\\\/#\\\/schema\\\/logo\\\/image\\\/\"},\"sameAs\":[\"https:\\\/\\\/www.facebook.com\\\/profile.php?id=61573862347231\",\"https:\\\/\\\/www.instagram.com\\\/diwine.ee\"]}]}<\/script>\n<!-- \/ Yoast SEO plugin. -->","yoast_head_json":{"title":"Marie-Courtin \"R\u00e9sonance\" - Extra Brut - diWine &ndash; Premium kvaliteetveinid &uuml;le maailma | Eesti veinipood","robots":{"index":"index","follow":"follow","max-snippet":"max-snippet:-1","max-image-preview":"max-image-preview:large","max-video-preview":"max-video-preview:-1"},"canonical":"https:\/\/diwine.ee\/en\/product\/marie-courtin-resonance\/","og_locale":"en_GB","og_type":"article","og_title":"Marie-Courtin \"R\u00e9sonance\" - Extra Brut - diWine &ndash; Premium kvaliteetveinid &uuml;le maailma | Eesti veinipood","og_description":"Puhas ja energiline Blanc de Noirs, mis toob esile idapoolsel Kimmeridgiani lubjakivil kasvanud Pinot Noir\u2019i v\u00e4rskuse, punase marja selguse ja Marie-Courtini biod\u00fcnaamilise viinamarjatoa elusa t\u00e4psuse.","og_url":"https:\/\/diwine.ee\/en\/product\/marie-courtin-resonance\/","og_site_name":"diWine &ndash; Premium kvaliteetveinid &uuml;le maailma | Eesti veinipood","article_publisher":"https:\/\/www.facebook.com\/profile.php?id=61573862347231","article_modified_time":"2026-01-15T19:15:35+00:00","og_image":[{"width":800,"height":800,"url":"https:\/\/diwine.ee\/wp-content\/uploads\/2025\/12\/resonance_800x800_v2.png","type":"image\/png"}],"twitter_card":"summary_large_image","twitter_misc":{"Estimated reading time":"3 minutes"},"schema":{"@context":"https:\/\/schema.org","@graph":[{"@type":"WebPage","@id":"https:\/\/diwine.ee\/product\/marie-courtin-resonance\/","url":"https:\/\/diwine.ee\/product\/marie-courtin-resonance\/","name":"Marie-Courtin \"R\u00e9sonance\" - Extra Brut - diWine &ndash; Premium kvaliteetveinid &uuml;le maailma | Eesti veinipood","isPartOf":{"@id":"https:\/\/diwine.ee\/#website"},"primaryImageOfPage":{"@id":"https:\/\/diwine.ee\/product\/marie-courtin-resonance\/#primaryimage"},"image":{"@id":"https:\/\/diwine.ee\/product\/marie-courtin-resonance\/#primaryimage"},"thumbnailUrl":"https:\/\/diwine.ee\/wp-content\/uploads\/2025\/12\/resonance_800x800_v2.png","datePublished":"2025-12-01T14:09:29+00:00","dateModified":"2026-01-15T19:15:35+00:00","breadcrumb":{"@id":"https:\/\/diwine.ee\/product\/marie-courtin-resonance\/#breadcrumb"},"inLanguage":"en-GB","potentialAction":[{"@type":"ReadAction","target":["https:\/\/diwine.ee\/product\/marie-courtin-resonance\/"]}]},{"@type":"ImageObject","inLanguage":"en-GB","@id":"https:\/\/diwine.ee\/product\/marie-courtin-resonance\/#primaryimage","url":"https:\/\/diwine.ee\/wp-content\/uploads\/2025\/12\/resonance_800x800_v2.png","contentUrl":"https:\/\/diwine.ee\/wp-content\/uploads\/2025\/12\/resonance_800x800_v2.png","width":800,"height":800},{"@type":"BreadcrumbList","@id":"https:\/\/diwine.ee\/product\/marie-courtin-resonance\/#breadcrumb","itemListElement":[{"@type":"ListItem","position":1,"name":"Home","item":"https:\/\/diwine.ee\/"},{"@type":"ListItem","position":2,"name":"e-pood","item":"https:\/\/diwine.ee\/tooted\/"},{"@type":"ListItem","position":3,"name":"Marie-Courtin &#8220;R\u00e9sonance&#8221; &#8211; Extra Brut"}]},{"@type":"WebSite","@id":"https:\/\/diwine.ee\/#website","url":"https:\/\/diwine.ee\/","name":"diWine \u2013 Premium kvaliteetveinid \u00fcle maailma | Eesti veinipood","description":"Avasta diWine&#039;i hoolikalt valitud kvaliteetveinid maailma tippveinipiirkondadest. Eksklusiivsed punaveinid, valged veinid, vahuveinid ja eriveinid sinu erilisteks hetkedeks.","publisher":{"@id":"https:\/\/diwine.ee\/#organization"},"potentialAction":[{"@type":"SearchAction","target":{"@type":"EntryPoint","urlTemplate":"https:\/\/diwine.ee\/?s={search_term_string}"},"query-input":{"@type":"PropertyValueSpecification","valueRequired":true,"valueName":"search_term_string"}}],"inLanguage":"en-GB"},{"@type":"Organization","@id":"https:\/\/diwine.ee\/#organization","name":"diWine veinipood","url":"https:\/\/diwine.ee\/","logo":{"@type":"ImageObject","inLanguage":"en-GB","@id":"https:\/\/diwine.ee\/#\/schema\/logo\/image\/","url":"https:\/\/diwine.ee\/wp-content\/uploads\/2025\/04\/diWine-1080-x-1080-px.png","contentUrl":"https:\/\/diwine.ee\/wp-content\/uploads\/2025\/04\/diWine-1080-x-1080-px.png","width":1080,"height":1080,"caption":"diWine veinipood"},"image":{"@id":"https:\/\/diwine.ee\/#\/schema\/logo\/image\/"},"sameAs":["https:\/\/www.facebook.com\/profile.php?id=61573862347231","https:\/\/www.instagram.com\/diwine.ee"]}]}},"jetpack_sharing_enabled":true,"_links":{"self":[{"href":"https:\/\/diwine.ee\/en\/wp-json\/wp\/v2\/product\/28152","targetHints":{"allow":["GET"]}}],"collection":[{"href":"https:\/\/diwine.ee\/en\/wp-json\/wp\/v2\/product"}],"about":[{"href":"https:\/\/diwine.ee\/en\/wp-json\/wp\/v2\/types\/product"}],"version-history":[{"count":0,"href":"https:\/\/diwine.ee\/en\/wp-json\/wp\/v2\/product\/28152\/revisions"}],"wp:featuredmedia":[{"embeddable":true,"href":"https:\/\/diwine.ee\/en\/wp-json\/wp\/v2\/media\/28153"}],"wp:attachment":[{"href":"https:\/\/diwine.ee\/en\/wp-json\/wp\/v2\/media?parent=28152"}],"wp:term":[{"taxonomy":"product_brand","embeddable":true,"href":"https:\/\/diwine.ee\/en\/wp-json\/wp\/v2\/product_brand?post=28152"},{"taxonomy":"product_cat","embeddable":true,"href":"https:\/\/diwine.ee\/en\/wp-json\/wp\/v2\/product_cat?post=28152"},{"taxonomy":"product_tag","embeddable":true,"href":"https:\/\/diwine.ee\/en\/wp-json\/wp\/v2\/product_tag?post=28152"}],"curies":[{"name":"wp","href":"https:\/\/api.w.org\/{rel}","templated":true}]}}