{"id":28159,"date":"2025-12-01T16:54:40","date_gmt":"2025-12-01T14:54:40","guid":{"rendered":"https:\/\/diwine.ee\/?post_type=product&#038;p=28159"},"modified":"2026-01-15T21:15:45","modified_gmt":"2026-01-15T19:15:45","slug":"marie-courtin-presence","status":"publish","type":"product","link":"https:\/\/diwine.ee\/en\/product\/marie-courtin-presence\/","title":{"rendered":"Marie-Courtin \u201cPr\u00e9sence\u201d 2022 &#8211; Extra Brut"},"content":{"rendered":"<div data-elementor-type=\"wp-post\" data-elementor-id=\"28159\" class=\"elementor elementor-28159\">\n\t\t\t\t<div class=\"wd-negative-gap elementor-element elementor-element-b496628 e-grid e-con-boxed e-con e-parent\" data-id=\"b496628\" data-element_type=\"container\" data-e-type=\"container\">\n\t\t\t\t\t<div class=\"e-con-inner\">\n\t\t\t\t<div class=\"elementor-element elementor-element-aa23989 elementor-widget elementor-widget-wd_text_block\" data-id=\"aa23989\" data-element_type=\"widget\" data-e-type=\"widget\" data-widget_type=\"wd_text_block.default\">\n\t\t\t\t<div class=\"elementor-widget-container\">\n\t\t\t\t\t\t\t<div class=\"wd-text-block reset-last-child text-left\">\n\t\t\t\n\t\t\t<h3 class=\"cvGsUA direction-ltr align-justify para-style-body\"><span class=\"OYPEnA font-feature-liga-off font-feature-clig-off font-feature-calt-off text-decoration-none text-strikethrough-none\">Veini lugu:<\/span><\/h3><p data-start=\"592\" data-end=\"948\"><em data-start=\"592\" data-end=\"602\">Pr\u00e9sence<\/em> on Marie-Courtini k\u00f5ige vaiksem, n\u00fcansirikkam ja meditatiivsem valge cuv\u00e9e \u2014 vein, mis ei p\u00fc\u00fca domineerida, vaid keskendub hetke rahulikule kohalolule. Dominique Moreau l\u00f5i selle cuv\u00e9e selleks, et v\u00e4ljendada oma viinapuuaiast p\u00e4rinevat \u201cvaikset energiat\u201d: tekstuuri, mis ei t\u00f5sta h\u00e4\u00e4lt, ja aromaatset s\u00fcgavust, mis avaneb aeglaselt ja v\u00e4\u00e4rikalt.<\/p><p data-start=\"956\" data-end=\"1478\">2022. aasta marjad p\u00e4rinevad kahest v\u00e4ga erineva iseloomuga viinamarjaaiast:<br data-start=\"1026\" data-end=\"1029\" \/><strong data-start=\"1029\" data-end=\"1043\">Chardonnay<\/strong> kasvab <strong data-start=\"1051\" data-end=\"1075\">Portlandi lubjakivil<\/strong> ja <strong data-start=\"1079\" data-end=\"1102\">l\u00f5unapoolsel n\u00f5lval<\/strong>, mis annab veinile k\u00fcpsust, p\u00e4ikeselisust ja elegantset puuviljasust.<br data-start=\"1172\" data-end=\"1175\" \/><strong data-start=\"1175\" data-end=\"1190\">Pinot Blanc<\/strong> tuleb <strong data-start=\"1197\" data-end=\"1226\">Kimmeridgiani lubjakivilt<\/strong> ning <strong data-start=\"1232\" data-end=\"1255\">idapoolselt n\u00f5lvalt<\/strong>, mis annab veinile v\u00e4rskust, mineraalset selgroogu ja \u00f5rnasid lillelisi n\u00fcansse.<br data-start=\"1336\" data-end=\"1339\" \/>See kahe stiili koosk\u00f5la ongi <em data-start=\"1369\" data-end=\"1381\">Pr\u00e9sence\u2019i<\/em> unikaalsus \u2014 harmoonia, mis ei ole kunagi \u00fclek\u00fcllane ega tehniline, vaid loomulik ja tasakaalus.<\/p><p class=\"cvGsUA direction-ltr align-justify para-style-body\"><span style=\"color: #1b1919; font-size: 22px;\">Veini valmistamine:<\/span><\/p><p data-start=\"1514\" data-end=\"1676\"><strong data-start=\"1514\" data-end=\"1527\">Koosseis:<\/strong> 70% Chardonnay + 30% Pinot Blanc <br data-start=\"1598\" data-end=\"1601\" \/><strong data-start=\"1601\" data-end=\"1622\">Viinapuude vanus:<\/strong> ~20 aastat<br data-start=\"1633\" data-end=\"1636\" \/><strong data-start=\"1636\" data-end=\"1649\">Kasvatus:<\/strong> biod\u00fcnaamiline (Demeter)<\/p><p data-start=\"1678\" data-end=\"2024\"><strong data-start=\"1678\" data-end=\"1697\">Vinifikatsioon:<\/strong><br data-start=\"1697\" data-end=\"1700\" \/>\u2013 k\u00e4\u00e4ritamine <strong data-start=\"1714\" data-end=\"1741\">emailitud terastankides<\/strong> (<em data-start=\"1743\" data-end=\"1765\">enameled steel tanks<\/em>) \u2014 neutraalne keskkond, ei lisa maitseid<br data-start=\"1806\" data-end=\"1809\" \/>\u2013 k\u00fcpsemine <strong data-start=\"1821\" data-end=\"1857\">emailitud terastankides 5 aastat<\/strong> (v\u00e4ga pikk periood ilma tamme m\u00f5juta)<br data-start=\"1895\" data-end=\"1898\" \/>\u2013 SO\u2082: <strong data-start=\"1905\" data-end=\"1918\">ei lisata<\/strong> (null lisatud sulfitit)<br data-start=\"1942\" data-end=\"1945\" \/>\u2013 racking: jah<br data-start=\"1959\" data-end=\"1962\" \/>\u2013 selitust ega filtratsiooni ei tehta<br data-start=\"1999\" data-end=\"2002\" \/>\u2013 dosage: Extra Brut<\/p><p data-start=\"2026\" data-end=\"2213\">Emailitud terastankide kasutamine on \u00e4\u00e4rmiselt haruldane \u0161ampanja puhul \u2014 see annab veinile erakordse puhtuse ja t\u00e4psuse, koos rahuliku k\u00fcpsemisega, mis loob pehme ja elegantse tekstuuri.<\/p>\n\t\t\t\t\t<\/div>\n\t\t\t\t\t\t<\/div>\n\t\t\t\t<\/div>\n\t\t\t\t<div class=\"elementor-element elementor-element-f22db15 elementor-widget elementor-widget-wd_text_block\" data-id=\"f22db15\" data-element_type=\"widget\" data-e-type=\"widget\" data-widget_type=\"wd_text_block.default\">\n\t\t\t\t<div class=\"elementor-widget-container\">\n\t\t\t\t\t\t\t<div class=\"wd-text-block reset-last-child text-left\">\n\t\t\t\n\t\t\t<h3 class=\"cvGsUA direction-ltr align-justify para-style-body\"><span class=\"OYPEnA font-feature-liga-off font-feature-clig-off font-feature-calt-off text-decoration-none text-strikethrough-none\">Maitsenoodid:<\/span><\/h3><p data-start=\"2243\" data-end=\"2698\">Aroomis valge virsik, pirn, \u00f5unakoor, sidrunikoor, valged \u00f5ied, akaatsia ja kerge mandlise n\u00fcansi.<br data-start=\"2341\" data-end=\"2344\" \/>Maitses on vein \u00f5huline ja selge joonega: alguses v\u00e4rske tsitruseline energia, millele j\u00e4rgneb pehme puuviljakiht ja pikk, soolakas lubjakivi-mineraalsus.<br data-start=\"2498\" data-end=\"2501\" \/>Chardonnay annab elegantse ja aristokraatliku raamistiku; Pinot Blanc lisab mahlasust, lillelisust ja delikaatset v\u00fcrtsi.<br data-start=\"2622\" data-end=\"2625\" \/>J\u00e4relmaitse on pikk, rahulik ja v\u00e4ga puhas, kergelt mandline l\u00f5ppnoodiga.<\/p><p data-start=\"2700\" data-end=\"2811\">Pr\u00e9sence on vein, mis sobib eelk\u00f5ige neile, kes hindavad \u0161ampanjas vaikust ja peenust \u2014 see on \u201cvaikne luksus\u201d.<\/p><h3 class=\"cvGsUA direction-ltr align-justify para-style-body\"><span class=\"OYPEnA font-feature-liga-off font-feature-clig-off font-feature-calt-off text-decoration-none text-strikethrough-none\">Toidusoovitus:<\/span><\/h3><p data-start=\"2844\" data-end=\"3111\">\u2022 austrid, kammkarbid ja kerged mereannid<br data-start=\"2885\" data-end=\"2888\" \/>\u2022 valge kala tartar, ceviche, sushi<br data-start=\"2923\" data-end=\"2926\" \/>\u2022 spargliroa v\u00f5i arti\u0161okiga risoto<br data-start=\"2960\" data-end=\"2963\" \/>\u2022 ricotta, burrata, v\u00e4rske kitsejuust<br data-start=\"3000\" data-end=\"3003\" \/>\u2022 koorene meriahven v\u00f5i tursk<br data-start=\"3032\" data-end=\"3035\" \/>\u2022 kerge sidrunikreemiga pasta v\u00f5i ingveri-tsitruse marinaadiga k\u00f6\u00f6giviljad<\/p><p data-start=\"3113\" data-end=\"3199\">See on ideaalne \u0161ampanja roogadega, mis vajavad peent ja mitte domineerivat partnerit.<\/p>\n\t\t\t\t\t<\/div>\n\t\t\t\t\t\t<\/div>\n\t\t\t\t<\/div>\n\t\t\t\t<div class=\"elementor-element elementor-element-79dff25 elementor-widget elementor-widget-wd_text_block\" data-id=\"79dff25\" data-element_type=\"widget\" data-e-type=\"widget\" data-widget_type=\"wd_text_block.default\">\n\t\t\t\t<div class=\"elementor-widget-container\">\n\t\t\t\t\t\t\t<div class=\"wd-text-block reset-last-child text-left\">\n\t\t\t\n\t\t\t<h3 class=\"cvGsUA direction-ltr align-justify para-style-body\"><span class=\"OYPEnA font-feature-liga-off font-feature-clig-off font-feature-calt-off text-decoration-none text-strikethrough-none\">S\u00e4ilitamispotentsiaal:<\/span><\/h3><p data-start=\"30\" data-end=\"380\">2024\u20132030+<br \/>Arenedes tekivad kuivatatud lillede, r\u00f6stitud mandli, brioche\u2019i ja k\u00fcpse pirni n\u00fcansid, kuid vein s\u00e4ilitab alati oma selge, lubjakivise s\u00fcdamiku.<\/p><h3 class=\"cvGsUA direction-ltr align-justify para-style-body\"><span class=\"OYPEnA font-feature-liga-off font-feature-clig-off font-feature-calt-off text-decoration-none text-strikethrough-none\">Hinnangud &amp; tunnustused:<\/span><\/h3><p>\u2022 <strong data-start=\"3539\" data-end=\"3574\">Vinous (varasemad aastak\u00e4igud):<\/strong> 92\u201393p \u2014 \u201eElegantne, n\u00fcansirikas ja puhta tekstuuriga.\u201c<br data-start=\"3630\" data-end=\"3633\" \/>\u2022 <strong data-start=\"3635\" data-end=\"3653\">Wine Advocate:<\/strong> kiitnud cuv\u00e9e\u2019d kui \u201cv\u00e4ga iseloomulikku n\u00e4idet biod\u00fcnaamilisest valgest \u0161ampanjast\u201d.<br data-start=\"3738\" data-end=\"3741\" \/>\u2022 <strong data-start=\"3743\" data-end=\"3764\">Sommeljeede seas:<\/strong> k\u00f5rgelt hinnatud t\u00e4nu oma mineraalsele elegantsile ja erakordselt puhtale stiilile.<\/p>\n\t\t\t\t\t<\/div>\n\t\t\t\t\t\t<\/div>\n\t\t\t\t<\/div>\n\t\t\t\t\t<\/div>\n\t\t\t\t<\/div>\n\t\t\t\t<\/div>","protected":false},"excerpt":{"rendered":"<p>Elegantne ja \u00f5huline \u0161ampanja, mis \u00fchendab Chardonnay mineraalse t\u00e4psuse ja Pinot Blanc\u2019i aromaatse pehmuse \u2014 k\u00fcpsenud 5 aastat emailitud terastankides, ilma lisatud SO\u2082-ta.<\/p>","protected":false},"featured_media":28384,"template":"","meta":[],"product_brand":[175],"product_cat":[29,93],"product_tag":[],"class_list":{"0":"post-28159","1":"product","2":"type-product","3":"status-publish","4":"has-post-thumbnail","6":"product_brand-marie-courtin","7":"product_cat-koik-tooted","8":"product_cat-sampanja","9":"pa_piirkond-champagne","10":"pa_viinamarjasort-chardonnay","11":"pa_viinamarjasort-pinot-blanc","13":"first","14":"instock","15":"featured","16":"taxable","17":"shipping-taxable","18":"purchasable","19":"product-type-simple"},"yoast_head":"<!-- This site is optimized with the Yoast SEO plugin v27.4 - https:\/\/yoast.com\/product\/yoast-seo-wordpress\/ -->\n<title>Marie-Courtin \u201cPr\u00e9sence\u201d 2022 - Extra Brut - diWine &ndash; Premium kvaliteetveinid &uuml;le maailma | Eesti veinipood<\/title>\n<meta name=\"robots\" content=\"index, follow, max-snippet:-1, max-image-preview:large, max-video-preview:-1\" \/>\n<link rel=\"canonical\" href=\"https:\/\/diwine.ee\/en\/product\/marie-courtin-presence\/\" \/>\n<meta property=\"og:locale\" content=\"en_GB\" \/>\n<meta property=\"og:type\" content=\"article\" \/>\n<meta property=\"og:title\" content=\"Marie-Courtin \u201cPr\u00e9sence\u201d 2022 - Extra Brut - diWine &ndash; Premium kvaliteetveinid &uuml;le maailma | Eesti veinipood\" \/>\n<meta property=\"og:description\" content=\"Elegantne ja \u00f5huline \u0161ampanja, mis \u00fchendab Chardonnay mineraalse t\u00e4psuse ja Pinot Blanc\u2019i aromaatse pehmuse \u2014 k\u00fcpsenud 5 aastat emailitud terastankides, ilma lisatud SO\u2082-ta.\" \/>\n<meta property=\"og:url\" content=\"https:\/\/diwine.ee\/en\/product\/marie-courtin-presence\/\" \/>\n<meta property=\"og:site_name\" content=\"diWine &ndash; Premium kvaliteetveinid &uuml;le maailma | Eesti veinipood\" \/>\n<meta property=\"article:publisher\" content=\"https:\/\/www.facebook.com\/profile.php?id=61573862347231\" \/>\n<meta property=\"article:modified_time\" content=\"2026-01-15T19:15:45+00:00\" \/>\n<meta property=\"og:image\" content=\"https:\/\/diwine.ee\/wp-content\/uploads\/2025\/12\/presence_2022.png\" \/>\n\t<meta property=\"og:image:width\" content=\"800\" \/>\n\t<meta property=\"og:image:height\" content=\"800\" \/>\n\t<meta property=\"og:image:type\" content=\"image\/png\" \/>\n<meta name=\"twitter:card\" content=\"summary_large_image\" \/>\n<meta name=\"twitter:label1\" content=\"Estimated reading time\" \/>\n\t<meta name=\"twitter:data1\" content=\"3 minutes\" \/>\n<script type=\"application\/ld+json\" class=\"yoast-schema-graph\">{\"@context\":\"https:\\\/\\\/schema.org\",\"@graph\":[{\"@type\":\"WebPage\",\"@id\":\"https:\\\/\\\/diwine.ee\\\/product\\\/marie-courtin-presence\\\/\",\"url\":\"https:\\\/\\\/diwine.ee\\\/product\\\/marie-courtin-presence\\\/\",\"name\":\"Marie-Courtin \u201cPr\u00e9sence\u201d 2022 - Extra Brut - diWine &ndash; Premium kvaliteetveinid &uuml;le maailma | Eesti veinipood\",\"isPartOf\":{\"@id\":\"https:\\\/\\\/diwine.ee\\\/#website\"},\"primaryImageOfPage\":{\"@id\":\"https:\\\/\\\/diwine.ee\\\/product\\\/marie-courtin-presence\\\/#primaryimage\"},\"image\":{\"@id\":\"https:\\\/\\\/diwine.ee\\\/product\\\/marie-courtin-presence\\\/#primaryimage\"},\"thumbnailUrl\":\"https:\\\/\\\/diwine.ee\\\/wp-content\\\/uploads\\\/2025\\\/12\\\/presence_2022.png\",\"datePublished\":\"2025-12-01T14:54:40+00:00\",\"dateModified\":\"2026-01-15T19:15:45+00:00\",\"breadcrumb\":{\"@id\":\"https:\\\/\\\/diwine.ee\\\/product\\\/marie-courtin-presence\\\/#breadcrumb\"},\"inLanguage\":\"en-GB\",\"potentialAction\":[{\"@type\":\"ReadAction\",\"target\":[\"https:\\\/\\\/diwine.ee\\\/product\\\/marie-courtin-presence\\\/\"]}]},{\"@type\":\"ImageObject\",\"inLanguage\":\"en-GB\",\"@id\":\"https:\\\/\\\/diwine.ee\\\/product\\\/marie-courtin-presence\\\/#primaryimage\",\"url\":\"https:\\\/\\\/diwine.ee\\\/wp-content\\\/uploads\\\/2025\\\/12\\\/presence_2022.png\",\"contentUrl\":\"https:\\\/\\\/diwine.ee\\\/wp-content\\\/uploads\\\/2025\\\/12\\\/presence_2022.png\",\"width\":800,\"height\":800},{\"@type\":\"BreadcrumbList\",\"@id\":\"https:\\\/\\\/diwine.ee\\\/product\\\/marie-courtin-presence\\\/#breadcrumb\",\"itemListElement\":[{\"@type\":\"ListItem\",\"position\":1,\"name\":\"Home\",\"item\":\"https:\\\/\\\/diwine.ee\\\/\"},{\"@type\":\"ListItem\",\"position\":2,\"name\":\"e-pood\",\"item\":\"https:\\\/\\\/diwine.ee\\\/tooted\\\/\"},{\"@type\":\"ListItem\",\"position\":3,\"name\":\"Marie-Courtin \u201cPr\u00e9sence\u201d 2022 &#8211; Extra Brut\"}]},{\"@type\":\"WebSite\",\"@id\":\"https:\\\/\\\/diwine.ee\\\/#website\",\"url\":\"https:\\\/\\\/diwine.ee\\\/\",\"name\":\"diWine \u2013 Premium kvaliteetveinid \u00fcle maailma | Eesti veinipood\",\"description\":\"Avasta diWine&#039;i hoolikalt valitud kvaliteetveinid maailma tippveinipiirkondadest. Eksklusiivsed punaveinid, valged veinid, vahuveinid ja eriveinid sinu erilisteks hetkedeks.\",\"publisher\":{\"@id\":\"https:\\\/\\\/diwine.ee\\\/#organization\"},\"potentialAction\":[{\"@type\":\"SearchAction\",\"target\":{\"@type\":\"EntryPoint\",\"urlTemplate\":\"https:\\\/\\\/diwine.ee\\\/?s={search_term_string}\"},\"query-input\":{\"@type\":\"PropertyValueSpecification\",\"valueRequired\":true,\"valueName\":\"search_term_string\"}}],\"inLanguage\":\"en-GB\"},{\"@type\":\"Organization\",\"@id\":\"https:\\\/\\\/diwine.ee\\\/#organization\",\"name\":\"diWine veinipood\",\"url\":\"https:\\\/\\\/diwine.ee\\\/\",\"logo\":{\"@type\":\"ImageObject\",\"inLanguage\":\"en-GB\",\"@id\":\"https:\\\/\\\/diwine.ee\\\/#\\\/schema\\\/logo\\\/image\\\/\",\"url\":\"https:\\\/\\\/diwine.ee\\\/wp-content\\\/uploads\\\/2025\\\/04\\\/diWine-1080-x-1080-px.png\",\"contentUrl\":\"https:\\\/\\\/diwine.ee\\\/wp-content\\\/uploads\\\/2025\\\/04\\\/diWine-1080-x-1080-px.png\",\"width\":1080,\"height\":1080,\"caption\":\"diWine veinipood\"},\"image\":{\"@id\":\"https:\\\/\\\/diwine.ee\\\/#\\\/schema\\\/logo\\\/image\\\/\"},\"sameAs\":[\"https:\\\/\\\/www.facebook.com\\\/profile.php?id=61573862347231\",\"https:\\\/\\\/www.instagram.com\\\/diwine.ee\"]}]}<\/script>\n<!-- \/ Yoast SEO plugin. -->","yoast_head_json":{"title":"Marie-Courtin \u201cPr\u00e9sence\u201d 2022 - Extra Brut - diWine &ndash; Premium kvaliteetveinid &uuml;le maailma | Eesti veinipood","robots":{"index":"index","follow":"follow","max-snippet":"max-snippet:-1","max-image-preview":"max-image-preview:large","max-video-preview":"max-video-preview:-1"},"canonical":"https:\/\/diwine.ee\/en\/product\/marie-courtin-presence\/","og_locale":"en_GB","og_type":"article","og_title":"Marie-Courtin \u201cPr\u00e9sence\u201d 2022 - Extra Brut - diWine &ndash; Premium kvaliteetveinid &uuml;le maailma | Eesti veinipood","og_description":"Elegantne ja \u00f5huline \u0161ampanja, mis \u00fchendab Chardonnay mineraalse t\u00e4psuse ja Pinot Blanc\u2019i aromaatse pehmuse \u2014 k\u00fcpsenud 5 aastat emailitud terastankides, ilma lisatud SO\u2082-ta.","og_url":"https:\/\/diwine.ee\/en\/product\/marie-courtin-presence\/","og_site_name":"diWine &ndash; Premium kvaliteetveinid &uuml;le maailma | Eesti veinipood","article_publisher":"https:\/\/www.facebook.com\/profile.php?id=61573862347231","article_modified_time":"2026-01-15T19:15:45+00:00","og_image":[{"width":800,"height":800,"url":"https:\/\/diwine.ee\/wp-content\/uploads\/2025\/12\/presence_2022.png","type":"image\/png"}],"twitter_card":"summary_large_image","twitter_misc":{"Estimated reading time":"3 minutes"},"schema":{"@context":"https:\/\/schema.org","@graph":[{"@type":"WebPage","@id":"https:\/\/diwine.ee\/product\/marie-courtin-presence\/","url":"https:\/\/diwine.ee\/product\/marie-courtin-presence\/","name":"Marie-Courtin \u201cPr\u00e9sence\u201d 2022 - Extra Brut - diWine &ndash; Premium kvaliteetveinid &uuml;le maailma | Eesti veinipood","isPartOf":{"@id":"https:\/\/diwine.ee\/#website"},"primaryImageOfPage":{"@id":"https:\/\/diwine.ee\/product\/marie-courtin-presence\/#primaryimage"},"image":{"@id":"https:\/\/diwine.ee\/product\/marie-courtin-presence\/#primaryimage"},"thumbnailUrl":"https:\/\/diwine.ee\/wp-content\/uploads\/2025\/12\/presence_2022.png","datePublished":"2025-12-01T14:54:40+00:00","dateModified":"2026-01-15T19:15:45+00:00","breadcrumb":{"@id":"https:\/\/diwine.ee\/product\/marie-courtin-presence\/#breadcrumb"},"inLanguage":"en-GB","potentialAction":[{"@type":"ReadAction","target":["https:\/\/diwine.ee\/product\/marie-courtin-presence\/"]}]},{"@type":"ImageObject","inLanguage":"en-GB","@id":"https:\/\/diwine.ee\/product\/marie-courtin-presence\/#primaryimage","url":"https:\/\/diwine.ee\/wp-content\/uploads\/2025\/12\/presence_2022.png","contentUrl":"https:\/\/diwine.ee\/wp-content\/uploads\/2025\/12\/presence_2022.png","width":800,"height":800},{"@type":"BreadcrumbList","@id":"https:\/\/diwine.ee\/product\/marie-courtin-presence\/#breadcrumb","itemListElement":[{"@type":"ListItem","position":1,"name":"Home","item":"https:\/\/diwine.ee\/"},{"@type":"ListItem","position":2,"name":"e-pood","item":"https:\/\/diwine.ee\/tooted\/"},{"@type":"ListItem","position":3,"name":"Marie-Courtin \u201cPr\u00e9sence\u201d 2022 &#8211; Extra Brut"}]},{"@type":"WebSite","@id":"https:\/\/diwine.ee\/#website","url":"https:\/\/diwine.ee\/","name":"diWine \u2013 Premium kvaliteetveinid \u00fcle maailma | Eesti veinipood","description":"Avasta diWine&#039;i hoolikalt valitud kvaliteetveinid maailma tippveinipiirkondadest. Eksklusiivsed punaveinid, valged veinid, vahuveinid ja eriveinid sinu erilisteks hetkedeks.","publisher":{"@id":"https:\/\/diwine.ee\/#organization"},"potentialAction":[{"@type":"SearchAction","target":{"@type":"EntryPoint","urlTemplate":"https:\/\/diwine.ee\/?s={search_term_string}"},"query-input":{"@type":"PropertyValueSpecification","valueRequired":true,"valueName":"search_term_string"}}],"inLanguage":"en-GB"},{"@type":"Organization","@id":"https:\/\/diwine.ee\/#organization","name":"diWine veinipood","url":"https:\/\/diwine.ee\/","logo":{"@type":"ImageObject","inLanguage":"en-GB","@id":"https:\/\/diwine.ee\/#\/schema\/logo\/image\/","url":"https:\/\/diwine.ee\/wp-content\/uploads\/2025\/04\/diWine-1080-x-1080-px.png","contentUrl":"https:\/\/diwine.ee\/wp-content\/uploads\/2025\/04\/diWine-1080-x-1080-px.png","width":1080,"height":1080,"caption":"diWine veinipood"},"image":{"@id":"https:\/\/diwine.ee\/#\/schema\/logo\/image\/"},"sameAs":["https:\/\/www.facebook.com\/profile.php?id=61573862347231","https:\/\/www.instagram.com\/diwine.ee"]}]}},"jetpack_sharing_enabled":true,"_links":{"self":[{"href":"https:\/\/diwine.ee\/en\/wp-json\/wp\/v2\/product\/28159","targetHints":{"allow":["GET"]}}],"collection":[{"href":"https:\/\/diwine.ee\/en\/wp-json\/wp\/v2\/product"}],"about":[{"href":"https:\/\/diwine.ee\/en\/wp-json\/wp\/v2\/types\/product"}],"version-history":[{"count":0,"href":"https:\/\/diwine.ee\/en\/wp-json\/wp\/v2\/product\/28159\/revisions"}],"wp:featuredmedia":[{"embeddable":true,"href":"https:\/\/diwine.ee\/en\/wp-json\/wp\/v2\/media\/28384"}],"wp:attachment":[{"href":"https:\/\/diwine.ee\/en\/wp-json\/wp\/v2\/media?parent=28159"}],"wp:term":[{"taxonomy":"product_brand","embeddable":true,"href":"https:\/\/diwine.ee\/en\/wp-json\/wp\/v2\/product_brand?post=28159"},{"taxonomy":"product_cat","embeddable":true,"href":"https:\/\/diwine.ee\/en\/wp-json\/wp\/v2\/product_cat?post=28159"},{"taxonomy":"product_tag","embeddable":true,"href":"https:\/\/diwine.ee\/en\/wp-json\/wp\/v2\/product_tag?post=28159"}],"curies":[{"name":"wp","href":"https:\/\/api.w.org\/{rel}","templated":true}]}}