{"id":28167,"date":"2025-12-01T17:29:27","date_gmt":"2025-12-01T15:29:27","guid":{"rendered":"https:\/\/diwine.ee\/?post_type=product&#038;p=28167"},"modified":"2025-12-28T22:44:52","modified_gmt":"2025-12-28T20:44:52","slug":"marie-courtin-efflorescence-2019","status":"publish","type":"product","link":"https:\/\/diwine.ee\/en\/product\/marie-courtin-efflorescence-2019\/","title":{"rendered":"Marie-Courtin \u201cEfflorescence\u201d 2019 \u2013 Extra Brut"},"content":{"rendered":"<div data-elementor-type=\"wp-post\" data-elementor-id=\"28167\" class=\"elementor elementor-28167\">\n\t\t\t\t<div class=\"wd-negative-gap elementor-element elementor-element-b496628 e-grid e-con-boxed e-con e-parent\" data-id=\"b496628\" data-element_type=\"container\" data-e-type=\"container\">\n\t\t\t\t\t<div class=\"e-con-inner\">\n\t\t\t\t<div class=\"elementor-element elementor-element-aa23989 elementor-widget elementor-widget-wd_text_block\" data-id=\"aa23989\" data-element_type=\"widget\" data-e-type=\"widget\" data-widget_type=\"wd_text_block.default\">\n\t\t\t\t<div class=\"elementor-widget-container\">\n\t\t\t\t\t\t\t<div class=\"wd-text-block reset-last-child text-left\">\n\t\t\t\n\t\t\t<h3 class=\"cvGsUA direction-ltr align-justify para-style-body\"><span class=\"OYPEnA font-feature-liga-off font-feature-clig-off font-feature-calt-off text-decoration-none text-strikethrough-none\">Veini lugu:<\/span><\/h3><p data-start=\"732\" data-end=\"1210\">Efflorescence on \u00fcks Marie-Courtini k\u00f5ige intensiivsema iseloomuga cuv\u00e9e\u2019sid \u2014 vein, kus k\u00fcpse Pinot Noir\u2019i marjasus, tammevaadi \u00f5rn m\u00f5ju ja biod\u00fcnaamilise kasvatuse energeetiline t\u00e4psus \u00fchenduvad terviklikuks ja j\u00f5uliseks v\u00e4ljenduseks.<br data-start=\"968\" data-end=\"971\" \/>Viinamarjad p\u00e4rinevad umbes 40-aastastelt p\u00f5\u00f5sastelt, mille juured on s\u00fcgavalt juurdunud Kimmeridgiani lubjakivi kihtidesse. Selle pinnase signatuur \u2014 soolakas, kivine ja metallne n\u00fcanss \u2014 annab Efflorescence\u2019ile struktuuri ja selge r\u00fctmi.<\/p><p data-start=\"1218\" data-end=\"1495\">2019. aasta oli Aube\u2019i piirkonnas k\u00fcps ja tasakaalukas aasta, mis andis Pinot Noir\u2019ile erakordselt aromaatse selguse ja loodusliku k\u00fcpsuse. Efflorescence 2019 on cuv\u00e9e, mis toob selle energia v\u00e4lja ilma, et vein muutuks raskeks: see on samal ajal s\u00fcgav ja elegantne, v\u00f5imas ja t\u00e4pne.<\/p><p class=\"cvGsUA direction-ltr align-justify para-style-body\"><span style=\"color: #1b1919; font-size: 22px;\">Veini valmistamine:<\/span><\/p><p data-start=\"1531\" data-end=\"1712\">\u2022 100% Pinot Noir<br data-start=\"1548\" data-end=\"1551\" \/>\u2022 Viinapuude vanus: ~40 aastat<br data-start=\"1581\" data-end=\"1584\" \/>\u2022 Pinnas: Kimmeridgiani lubjakivi<br data-start=\"1617\" data-end=\"1620\" \/>\u2022 Asend: idapoolne n\u00f5lv (hommikup\u00e4ike, v\u00e4rske hape)<br data-start=\"1671\" data-end=\"1674\" \/>\u2022 Kasvatus: biod\u00fcnaamiline (Demeter)<\/p><p data-start=\"1714\" data-end=\"2047\"><strong data-start=\"1714\" data-end=\"1733\">Vinifikatsioon:<\/strong><br data-start=\"1733\" data-end=\"1736\" \/>\u2013 k\u00e4\u00e4ritamine <strong data-start=\"1750\" data-end=\"1767\">tammevaatides<\/strong> (mitte terases, mitte emailis)<br data-start=\"1798\" data-end=\"1801\" \/>\u2013 k\u00fcpsemine <strong data-start=\"1813\" data-end=\"1838\">tammevaatides 12 kuud<\/strong><br data-start=\"1876\" data-end=\"1879\" \/>\u2013 pudelilaagerdus p\u00e4rmisettel <strong data-start=\"1909\" data-end=\"1920\">36 kuud<\/strong><br data-start=\"1920\" data-end=\"1923\" \/>\u2013 racking: jah<br data-start=\"1937\" data-end=\"1940\" \/>\u2013 selitus ja filtratsioon: ei<br data-start=\"1969\" data-end=\"1972\" \/>\u2013 SO\u2082: <strong data-start=\"1979\" data-end=\"1994\">kasutatakse<\/strong> (erinevalt Concordance\u2019ist)<br data-start=\"2022\" data-end=\"2025\" \/>\u2013 dosage: Extra Brut<\/p><p data-start=\"2049\" data-end=\"2218\">Tammevaadid on kasutatud ja neutraalsed \u2014 vein ei muutu \u201ctammiseks\u201d, vaid saab \u00f5rna mikrooks\u00fcdatsiooni, mis avab Pinot Noir\u2019i struktuuri ja muudab tekstuuri siidisemaks.<\/p>\n\t\t\t\t\t<\/div>\n\t\t\t\t\t\t<\/div>\n\t\t\t\t<\/div>\n\t\t\t\t<div class=\"elementor-element elementor-element-f22db15 elementor-widget elementor-widget-wd_text_block\" data-id=\"f22db15\" data-element_type=\"widget\" data-e-type=\"widget\" data-widget_type=\"wd_text_block.default\">\n\t\t\t\t<div class=\"elementor-widget-container\">\n\t\t\t\t\t\t\t<div class=\"wd-text-block reset-last-child text-left\">\n\t\t\t\n\t\t\t<h3 class=\"cvGsUA direction-ltr align-justify para-style-body\"><span class=\"OYPEnA font-feature-liga-off font-feature-clig-off font-feature-calt-off text-decoration-none text-strikethrough-none\">Maitsenoodid:<\/span><\/h3><p data-start=\"2447\" data-end=\"2658\">Aroomis leidub k\u00fcpset kirssi, metsmaasikat, vaarikat, musta ploomi ning kuivemaid \u00fcrte.<br data-start=\"2335\" data-end=\"2338\" \/>Pika tammevaadis laagerduse t\u00f5ttu ilmneb \u00f5rn suitsusus ja rafineeritud v\u00fcrtsikus \u2014 vihje mustale piprale, sarapuup\u00e4hklile ja kuivatatud apelsinikoorele.<br data-start=\"2490\" data-end=\"2493\" \/>Maitses on vein rikkalik ja mitmekihiline: punased marjad, kerge tsitruseline v\u00e4rskus ja s\u00fcgav mineraalne soolakus. Tekstuur on siidine, t\u00e4idlane ja samas selge kontuuriga.<br data-start=\"2665\" data-end=\"2668\" \/>J\u00e4relmaitse on pikk, kuiv, aromaatne ja v\u00e4ga elegantne.<\/p><h3 class=\"cvGsUA direction-ltr align-justify para-style-body\"><span class=\"OYPEnA font-feature-liga-off font-feature-clig-off font-feature-calt-off text-decoration-none text-strikethrough-none\">Toidusoovitus:<\/span><\/h3><p data-start=\"2756\" data-end=\"3085\">\u2022 pardifilee v\u00f5i linnuliha rosmariini ja pruunv\u00f5iga<br data-start=\"2807\" data-end=\"2810\" \/>\u2022 tr\u00fchvlikreemiga pasta v\u00f5i metsaseenekaste<br data-start=\"2853\" data-end=\"2856\" \/>\u2022 grillitud v\u00f5i kergelt suitsutatud kala<br data-start=\"2896\" data-end=\"2899\" \/>\u2022 vasikaliha ja k\u00f6\u00f6giviljad (pastinaak, seller, k\u00f5rvits)<br data-start=\"2955\" data-end=\"2958\" \/>\u2022 k\u00f5vemad juustud: Comt\u00e9, Gruy\u00e8re, Mimolette<br data-start=\"3002\" data-end=\"3005\" \/>\u2022 sobib suurep\u00e4raselt k\u00fcpsetatud kalmaaride, seenetoitude ja s\u00fcgisroogade juurde<\/p><p data-start=\"3087\" data-end=\"3191\">See on \u0161ampanja, mis sobib ideaalselt laua keskpunkti \u2014 gastronoomiline ja v\u00f5imas, kuid alati elegantne.<\/p>\n\t\t\t\t\t<\/div>\n\t\t\t\t\t\t<\/div>\n\t\t\t\t<\/div>\n\t\t\t\t<div class=\"elementor-element elementor-element-79dff25 elementor-widget elementor-widget-wd_text_block\" data-id=\"79dff25\" data-element_type=\"widget\" data-e-type=\"widget\" data-widget_type=\"wd_text_block.default\">\n\t\t\t\t<div class=\"elementor-widget-container\">\n\t\t\t\t\t\t\t<div class=\"wd-text-block reset-last-child text-left\">\n\t\t\t\n\t\t\t<h3 class=\"cvGsUA direction-ltr align-justify para-style-body\"><span class=\"OYPEnA font-feature-liga-off font-feature-clig-off font-feature-calt-off text-decoration-none text-strikethrough-none\">S\u00e4ilitamispotentsiaal:<\/span><\/h3><p data-start=\"30\" data-end=\"380\">2024\u20132034.<br data-start=\"3497\" data-end=\"3500\" \/>Aastatega lisanduvad brioche, r\u00f6stitud mandli, suitsuse mineraalsuse ja kuivatatud \u00fcrtide n\u00fcansid.<\/p><h3 class=\"cvGsUA direction-ltr align-justify para-style-body\"><span class=\"OYPEnA font-feature-liga-off font-feature-clig-off font-feature-calt-off text-decoration-none text-strikethrough-none\">Hinnangud &amp; tunnustused:<\/span><\/h3><p>\u2022 <strong data-start=\"3498\" data-end=\"3509\">Vinous:<\/strong> 94\u201395 punkti \u2014 \u201eMitmekihiline, s\u00fcgav ja suurep\u00e4raselt tekstuurne Pinot Noir.\u201c<br data-start=\"3587\" data-end=\"3590\" \/>\u2022 <strong data-start=\"3592\" data-end=\"3610\">Wine Advocate:<\/strong> 93 punkti \u2014 \u201eAromaatne, t\u00e4pne ja j\u00f5uline Blanc de Noirs, millel on tugev mineraalne selgroog.\u201c<br data-start=\"3705\" data-end=\"3708\" \/>\u2022 <strong data-start=\"3710\" data-end=\"3718\">RVF:<\/strong> kiidetud kui \u00fcks Aube\u2019i k\u00f5ige isikup\u00e4rasemaid Pinot Noir\u2019i cuv\u00e9e\u2019sid.<br data-start=\"3788\" data-end=\"3791\" \/>\u2022 <strong data-start=\"3793\" data-end=\"3823\">Meininger\u2019s International:<\/strong> tunnustatud oma tiheduse, n\u00fcansirikkuse ja gastronoomilise potentsiaali eest.<\/p>\n\t\t\t\t\t<\/div>\n\t\t\t\t\t\t<\/div>\n\t\t\t\t<\/div>\n\t\t\t\t\t<\/div>\n\t\t\t\t<\/div>\n\t\t\t\t<\/div>","protected":false},"excerpt":{"rendered":"<p>T\u00e4idlane ja s\u00fcgav Pinot Noir\u2019i <em data-start=\"538\" data-end=\"554\">Blanc de Noirs<\/em>, mis on k\u00fcpsenud tammevaadis 12 kuud ning v\u00e4ljendab Aube\u2019i Kimmeridgiani lubjakivi mineraalsust ja k\u00fcpsete viinapuude j\u00f5udu erakordselt puhtal kujul.<\/p>","protected":false},"featured_media":28173,"template":"","meta":[],"product_brand":[175],"product_cat":[29,93],"product_tag":[],"class_list":{"0":"post-28167","1":"product","2":"type-product","3":"status-publish","4":"has-post-thumbnail","6":"product_brand-marie-courtin","7":"product_cat-koik-tooted","8":"product_cat-sampanja","9":"pa_piirkond-champagne","10":"pa_viinamarjasort-pinot-noir","12":"first","13":"instock","14":"featured","15":"taxable","16":"shipping-taxable","17":"purchasable","18":"product-type-simple"},"yoast_head":"<!-- This site is optimized with the Yoast SEO plugin v27.4 - https:\/\/yoast.com\/product\/yoast-seo-wordpress\/ -->\n<title>Marie-Courtin \u201cEfflorescence\u201d 2019 \u2013 Extra Brut - diWine &ndash; Premium kvaliteetveinid &uuml;le maailma | Eesti veinipood<\/title>\n<meta name=\"robots\" content=\"index, follow, max-snippet:-1, max-image-preview:large, max-video-preview:-1\" \/>\n<link rel=\"canonical\" href=\"https:\/\/diwine.ee\/en\/product\/marie-courtin-efflorescence-2019\/\" \/>\n<meta property=\"og:locale\" content=\"en_GB\" \/>\n<meta property=\"og:type\" content=\"article\" \/>\n<meta property=\"og:title\" content=\"Marie-Courtin \u201cEfflorescence\u201d 2019 \u2013 Extra Brut - diWine &ndash; Premium kvaliteetveinid &uuml;le maailma | Eesti veinipood\" \/>\n<meta property=\"og:description\" content=\"T\u00e4idlane ja s\u00fcgav Pinot Noir\u2019i Blanc de Noirs, mis on k\u00fcpsenud tammevaadis 12 kuud ning v\u00e4ljendab Aube\u2019i Kimmeridgiani lubjakivi mineraalsust ja k\u00fcpsete viinapuude j\u00f5udu erakordselt puhtal kujul.\" \/>\n<meta property=\"og:url\" content=\"https:\/\/diwine.ee\/en\/product\/marie-courtin-efflorescence-2019\/\" \/>\n<meta property=\"og:site_name\" content=\"diWine &ndash; Premium kvaliteetveinid &uuml;le maailma | Eesti veinipood\" \/>\n<meta property=\"article:publisher\" content=\"https:\/\/www.facebook.com\/profile.php?id=61573862347231\" \/>\n<meta property=\"article:modified_time\" content=\"2025-12-28T20:44:52+00:00\" \/>\n<meta property=\"og:image\" content=\"https:\/\/diwine.ee\/wp-content\/uploads\/2025\/12\/efflorescence_800x800.png\" \/>\n\t<meta property=\"og:image:width\" content=\"800\" \/>\n\t<meta property=\"og:image:height\" content=\"800\" \/>\n\t<meta property=\"og:image:type\" content=\"image\/png\" \/>\n<meta name=\"twitter:card\" content=\"summary_large_image\" \/>\n<meta name=\"twitter:label1\" content=\"Estimated reading time\" \/>\n\t<meta name=\"twitter:data1\" content=\"2 minutes\" \/>\n<script type=\"application\/ld+json\" class=\"yoast-schema-graph\">{\"@context\":\"https:\\\/\\\/schema.org\",\"@graph\":[{\"@type\":\"WebPage\",\"@id\":\"https:\\\/\\\/diwine.ee\\\/product\\\/marie-courtin-efflorescence-2019\\\/\",\"url\":\"https:\\\/\\\/diwine.ee\\\/product\\\/marie-courtin-efflorescence-2019\\\/\",\"name\":\"Marie-Courtin \u201cEfflorescence\u201d 2019 \u2013 Extra Brut - diWine &ndash; Premium kvaliteetveinid &uuml;le maailma | Eesti veinipood\",\"isPartOf\":{\"@id\":\"https:\\\/\\\/diwine.ee\\\/#website\"},\"primaryImageOfPage\":{\"@id\":\"https:\\\/\\\/diwine.ee\\\/product\\\/marie-courtin-efflorescence-2019\\\/#primaryimage\"},\"image\":{\"@id\":\"https:\\\/\\\/diwine.ee\\\/product\\\/marie-courtin-efflorescence-2019\\\/#primaryimage\"},\"thumbnailUrl\":\"https:\\\/\\\/diwine.ee\\\/wp-content\\\/uploads\\\/2025\\\/12\\\/efflorescence_800x800.png\",\"datePublished\":\"2025-12-01T15:29:27+00:00\",\"dateModified\":\"2025-12-28T20:44:52+00:00\",\"breadcrumb\":{\"@id\":\"https:\\\/\\\/diwine.ee\\\/product\\\/marie-courtin-efflorescence-2019\\\/#breadcrumb\"},\"inLanguage\":\"en-GB\",\"potentialAction\":[{\"@type\":\"ReadAction\",\"target\":[\"https:\\\/\\\/diwine.ee\\\/product\\\/marie-courtin-efflorescence-2019\\\/\"]}]},{\"@type\":\"ImageObject\",\"inLanguage\":\"en-GB\",\"@id\":\"https:\\\/\\\/diwine.ee\\\/product\\\/marie-courtin-efflorescence-2019\\\/#primaryimage\",\"url\":\"https:\\\/\\\/diwine.ee\\\/wp-content\\\/uploads\\\/2025\\\/12\\\/efflorescence_800x800.png\",\"contentUrl\":\"https:\\\/\\\/diwine.ee\\\/wp-content\\\/uploads\\\/2025\\\/12\\\/efflorescence_800x800.png\",\"width\":800,\"height\":800},{\"@type\":\"BreadcrumbList\",\"@id\":\"https:\\\/\\\/diwine.ee\\\/product\\\/marie-courtin-efflorescence-2019\\\/#breadcrumb\",\"itemListElement\":[{\"@type\":\"ListItem\",\"position\":1,\"name\":\"Home\",\"item\":\"https:\\\/\\\/diwine.ee\\\/\"},{\"@type\":\"ListItem\",\"position\":2,\"name\":\"e-pood\",\"item\":\"https:\\\/\\\/diwine.ee\\\/tooted\\\/\"},{\"@type\":\"ListItem\",\"position\":3,\"name\":\"Marie-Courtin \u201cEfflorescence\u201d 2019 \u2013 Extra Brut\"}]},{\"@type\":\"WebSite\",\"@id\":\"https:\\\/\\\/diwine.ee\\\/#website\",\"url\":\"https:\\\/\\\/diwine.ee\\\/\",\"name\":\"diWine \u2013 Premium kvaliteetveinid \u00fcle maailma | Eesti veinipood\",\"description\":\"Avasta diWine&#039;i hoolikalt valitud kvaliteetveinid maailma tippveinipiirkondadest. Eksklusiivsed punaveinid, valged veinid, vahuveinid ja eriveinid sinu erilisteks hetkedeks.\",\"publisher\":{\"@id\":\"https:\\\/\\\/diwine.ee\\\/#organization\"},\"potentialAction\":[{\"@type\":\"SearchAction\",\"target\":{\"@type\":\"EntryPoint\",\"urlTemplate\":\"https:\\\/\\\/diwine.ee\\\/?s={search_term_string}\"},\"query-input\":{\"@type\":\"PropertyValueSpecification\",\"valueRequired\":true,\"valueName\":\"search_term_string\"}}],\"inLanguage\":\"en-GB\"},{\"@type\":\"Organization\",\"@id\":\"https:\\\/\\\/diwine.ee\\\/#organization\",\"name\":\"diWine veinipood\",\"url\":\"https:\\\/\\\/diwine.ee\\\/\",\"logo\":{\"@type\":\"ImageObject\",\"inLanguage\":\"en-GB\",\"@id\":\"https:\\\/\\\/diwine.ee\\\/#\\\/schema\\\/logo\\\/image\\\/\",\"url\":\"https:\\\/\\\/diwine.ee\\\/wp-content\\\/uploads\\\/2025\\\/04\\\/diWine-1080-x-1080-px.png\",\"contentUrl\":\"https:\\\/\\\/diwine.ee\\\/wp-content\\\/uploads\\\/2025\\\/04\\\/diWine-1080-x-1080-px.png\",\"width\":1080,\"height\":1080,\"caption\":\"diWine veinipood\"},\"image\":{\"@id\":\"https:\\\/\\\/diwine.ee\\\/#\\\/schema\\\/logo\\\/image\\\/\"},\"sameAs\":[\"https:\\\/\\\/www.facebook.com\\\/profile.php?id=61573862347231\",\"https:\\\/\\\/www.instagram.com\\\/diwine.ee\"]}]}<\/script>\n<!-- \/ Yoast SEO plugin. -->","yoast_head_json":{"title":"Marie-Courtin \u201cEfflorescence\u201d 2019 \u2013 Extra Brut - diWine &ndash; Premium kvaliteetveinid &uuml;le maailma | Eesti veinipood","robots":{"index":"index","follow":"follow","max-snippet":"max-snippet:-1","max-image-preview":"max-image-preview:large","max-video-preview":"max-video-preview:-1"},"canonical":"https:\/\/diwine.ee\/en\/product\/marie-courtin-efflorescence-2019\/","og_locale":"en_GB","og_type":"article","og_title":"Marie-Courtin \u201cEfflorescence\u201d 2019 \u2013 Extra Brut - diWine &ndash; Premium kvaliteetveinid &uuml;le maailma | Eesti veinipood","og_description":"T\u00e4idlane ja s\u00fcgav Pinot Noir\u2019i Blanc de Noirs, mis on k\u00fcpsenud tammevaadis 12 kuud ning v\u00e4ljendab Aube\u2019i Kimmeridgiani lubjakivi mineraalsust ja k\u00fcpsete viinapuude j\u00f5udu erakordselt puhtal kujul.","og_url":"https:\/\/diwine.ee\/en\/product\/marie-courtin-efflorescence-2019\/","og_site_name":"diWine &ndash; Premium kvaliteetveinid &uuml;le maailma | Eesti veinipood","article_publisher":"https:\/\/www.facebook.com\/profile.php?id=61573862347231","article_modified_time":"2025-12-28T20:44:52+00:00","og_image":[{"width":800,"height":800,"url":"https:\/\/diwine.ee\/wp-content\/uploads\/2025\/12\/efflorescence_800x800.png","type":"image\/png"}],"twitter_card":"summary_large_image","twitter_misc":{"Estimated reading time":"2 minutes"},"schema":{"@context":"https:\/\/schema.org","@graph":[{"@type":"WebPage","@id":"https:\/\/diwine.ee\/product\/marie-courtin-efflorescence-2019\/","url":"https:\/\/diwine.ee\/product\/marie-courtin-efflorescence-2019\/","name":"Marie-Courtin \u201cEfflorescence\u201d 2019 \u2013 Extra Brut - diWine &ndash; Premium kvaliteetveinid &uuml;le maailma | Eesti veinipood","isPartOf":{"@id":"https:\/\/diwine.ee\/#website"},"primaryImageOfPage":{"@id":"https:\/\/diwine.ee\/product\/marie-courtin-efflorescence-2019\/#primaryimage"},"image":{"@id":"https:\/\/diwine.ee\/product\/marie-courtin-efflorescence-2019\/#primaryimage"},"thumbnailUrl":"https:\/\/diwine.ee\/wp-content\/uploads\/2025\/12\/efflorescence_800x800.png","datePublished":"2025-12-01T15:29:27+00:00","dateModified":"2025-12-28T20:44:52+00:00","breadcrumb":{"@id":"https:\/\/diwine.ee\/product\/marie-courtin-efflorescence-2019\/#breadcrumb"},"inLanguage":"en-GB","potentialAction":[{"@type":"ReadAction","target":["https:\/\/diwine.ee\/product\/marie-courtin-efflorescence-2019\/"]}]},{"@type":"ImageObject","inLanguage":"en-GB","@id":"https:\/\/diwine.ee\/product\/marie-courtin-efflorescence-2019\/#primaryimage","url":"https:\/\/diwine.ee\/wp-content\/uploads\/2025\/12\/efflorescence_800x800.png","contentUrl":"https:\/\/diwine.ee\/wp-content\/uploads\/2025\/12\/efflorescence_800x800.png","width":800,"height":800},{"@type":"BreadcrumbList","@id":"https:\/\/diwine.ee\/product\/marie-courtin-efflorescence-2019\/#breadcrumb","itemListElement":[{"@type":"ListItem","position":1,"name":"Home","item":"https:\/\/diwine.ee\/"},{"@type":"ListItem","position":2,"name":"e-pood","item":"https:\/\/diwine.ee\/tooted\/"},{"@type":"ListItem","position":3,"name":"Marie-Courtin \u201cEfflorescence\u201d 2019 \u2013 Extra Brut"}]},{"@type":"WebSite","@id":"https:\/\/diwine.ee\/#website","url":"https:\/\/diwine.ee\/","name":"diWine \u2013 Premium kvaliteetveinid \u00fcle maailma | Eesti veinipood","description":"Avasta diWine&#039;i hoolikalt valitud kvaliteetveinid maailma tippveinipiirkondadest. Eksklusiivsed punaveinid, valged veinid, vahuveinid ja eriveinid sinu erilisteks hetkedeks.","publisher":{"@id":"https:\/\/diwine.ee\/#organization"},"potentialAction":[{"@type":"SearchAction","target":{"@type":"EntryPoint","urlTemplate":"https:\/\/diwine.ee\/?s={search_term_string}"},"query-input":{"@type":"PropertyValueSpecification","valueRequired":true,"valueName":"search_term_string"}}],"inLanguage":"en-GB"},{"@type":"Organization","@id":"https:\/\/diwine.ee\/#organization","name":"diWine veinipood","url":"https:\/\/diwine.ee\/","logo":{"@type":"ImageObject","inLanguage":"en-GB","@id":"https:\/\/diwine.ee\/#\/schema\/logo\/image\/","url":"https:\/\/diwine.ee\/wp-content\/uploads\/2025\/04\/diWine-1080-x-1080-px.png","contentUrl":"https:\/\/diwine.ee\/wp-content\/uploads\/2025\/04\/diWine-1080-x-1080-px.png","width":1080,"height":1080,"caption":"diWine veinipood"},"image":{"@id":"https:\/\/diwine.ee\/#\/schema\/logo\/image\/"},"sameAs":["https:\/\/www.facebook.com\/profile.php?id=61573862347231","https:\/\/www.instagram.com\/diwine.ee"]}]}},"jetpack_sharing_enabled":true,"_links":{"self":[{"href":"https:\/\/diwine.ee\/en\/wp-json\/wp\/v2\/product\/28167","targetHints":{"allow":["GET"]}}],"collection":[{"href":"https:\/\/diwine.ee\/en\/wp-json\/wp\/v2\/product"}],"about":[{"href":"https:\/\/diwine.ee\/en\/wp-json\/wp\/v2\/types\/product"}],"version-history":[{"count":0,"href":"https:\/\/diwine.ee\/en\/wp-json\/wp\/v2\/product\/28167\/revisions"}],"wp:featuredmedia":[{"embeddable":true,"href":"https:\/\/diwine.ee\/en\/wp-json\/wp\/v2\/media\/28173"}],"wp:attachment":[{"href":"https:\/\/diwine.ee\/en\/wp-json\/wp\/v2\/media?parent=28167"}],"wp:term":[{"taxonomy":"product_brand","embeddable":true,"href":"https:\/\/diwine.ee\/en\/wp-json\/wp\/v2\/product_brand?post=28167"},{"taxonomy":"product_cat","embeddable":true,"href":"https:\/\/diwine.ee\/en\/wp-json\/wp\/v2\/product_cat?post=28167"},{"taxonomy":"product_tag","embeddable":true,"href":"https:\/\/diwine.ee\/en\/wp-json\/wp\/v2\/product_tag?post=28167"}],"curies":[{"name":"wp","href":"https:\/\/api.w.org\/{rel}","templated":true}]}}