{"id":28182,"date":"2025-12-01T18:09:05","date_gmt":"2025-12-01T16:09:05","guid":{"rendered":"https:\/\/diwine.ee\/?post_type=product&#038;p=28182"},"modified":"2025-12-28T22:44:23","modified_gmt":"2025-12-28T20:44:23","slug":"marie-courtin-concordance-2018","status":"publish","type":"product","link":"https:\/\/diwine.ee\/en\/product\/marie-courtin-concordance-2018\/","title":{"rendered":"Marie-Courtin &#8220;Concordance&#8221; 2018 \u2013 Extra Brut"},"content":{"rendered":"<div data-elementor-type=\"wp-post\" data-elementor-id=\"28182\" class=\"elementor elementor-28182\">\n\t\t\t\t<div class=\"wd-negative-gap elementor-element elementor-element-b496628 e-grid e-con-boxed e-con e-parent\" data-id=\"b496628\" data-element_type=\"container\" data-e-type=\"container\">\n\t\t\t\t\t<div class=\"e-con-inner\">\n\t\t\t\t<div class=\"elementor-element elementor-element-aa23989 elementor-widget elementor-widget-wd_text_block\" data-id=\"aa23989\" data-element_type=\"widget\" data-e-type=\"widget\" data-widget_type=\"wd_text_block.default\">\n\t\t\t\t<div class=\"elementor-widget-container\">\n\t\t\t\t\t\t\t<div class=\"wd-text-block reset-last-child text-left\">\n\t\t\t\n\t\t\t<h3 class=\"cvGsUA direction-ltr align-justify para-style-body\"><span class=\"OYPEnA font-feature-liga-off font-feature-clig-off font-feature-calt-off text-decoration-none text-strikethrough-none\">Veini lugu:<\/span><\/h3><p data-start=\"1440\" data-end=\"1981\"><em data-start=\"1440\" data-end=\"1453\">Concordance<\/em> on \u00fcks k\u00f5ige puhastkujulisi \u0161ampanjasid, mida Marie-Courtin loob \u2014 cuv\u00e9e, mille valmistamisel ei kasutata tilkagi lisatud SO\u2082 ning kus vein k\u00fcpseb aastate kaupa t\u00e4ielikult neutraalses keskkonnas. See n\u00f5uab erakordset marja tervist ja viinapuu tasakaalu.<br data-start=\"1707\" data-end=\"1710\" \/>2018. aastak\u00e4igu marjad p\u00e4rinevad umbes 50-aastastelt Pinot Noir\u2019i p\u00f5\u00f5sastelt, mille juured ulatuvad s\u00fcgavale Marne\u2019i savi ja Kimmeridgiani lubjakivi segusse. See pinnas annab veinile kaubam\u00e4rgiks saanud soolaka mineraalsuse, teravdatud aroomid ja v\u00e4ga selge energeetika.<\/p><p data-start=\"1983\" data-end=\"2319\">Polisot\u2019 k\u00fcla idapoolsed n\u00f5lvad p\u00fc\u00fcavad hommikup\u00e4ikest ja hoiavad marjad jahedana \u2014 just see v\u00f5imaldab <em data-start=\"2086\" data-end=\"2099\">sans soufre<\/em>stiilis valmistada veini, mis on loomulikult stabiilne, t\u00e4pne ja s\u00e4rav. Concordance ei ole lihtsalt sulfitivaba \u0161ampanja, vaid vein, mis v\u00e4ljendab viinapuu aeda nii vahetult, kui see \u0161ampanja maailmas \u00fcldse v\u00f5imalik on.<\/p><p data-start=\"536\" data-end=\"1111\"><span style=\"color: #1b1919; font-size: 22px;\">Veini valmistamine:<\/span><\/p><p data-start=\"2355\" data-end=\"2524\">\u2022 100% Pinot Noir<br data-start=\"2372\" data-end=\"2375\" \/>\u2022 Viinapuude vanus ~50 aastat<br data-start=\"2404\" data-end=\"2407\" \/>\u2022 Pinnas: Marne (savi) + Kimmeridgiani lubjakivi<br data-start=\"2455\" data-end=\"2458\" \/>\u2022 Asend: idapoolne n\u00f5lv<br data-start=\"2481\" data-end=\"2484\" \/>\u2022 Biod\u00fcnaamiline kasvatamine (Demeter)<\/p><p data-start=\"2526\" data-end=\"2682\"><strong data-start=\"2526\" data-end=\"2542\">K\u00e4\u00e4ritamine:<\/strong><br data-start=\"2542\" data-end=\"2545\" \/>\u2013 looduslike p\u00e4rmidega<br data-start=\"2567\" data-end=\"2570\" \/>\u2013 <strong data-start=\"2572\" data-end=\"2599\">emailitud terastankides<\/strong> (mitte tammes, mitte roostevabast terases)<\/p><p data-start=\"2684\" data-end=\"2891\"><strong data-start=\"2684\" data-end=\"2698\">Laagerdus:<\/strong><br data-start=\"2698\" data-end=\"2701\" \/>\u2013 t\u00e4ielikult <strong data-start=\"2714\" data-end=\"2741\">emailitud terastankides<\/strong><br data-start=\"2741\" data-end=\"2744\" \/>\u2013 ligikaudu <strong data-start=\"2756\" data-end=\"2768\">7 aastat<\/strong> p\u00e4rmisettel enne degorgement\u2019i <br data-start=\"2837\" data-end=\"2840\" \/>\u2013 racking: jah<br data-start=\"2854\" data-end=\"2857\" \/>\u2013 selitust ega filtratsiooni: ei<\/p><p data-start=\"2893\" data-end=\"2942\"><strong data-start=\"2893\" data-end=\"2901\">SO\u2082:<\/strong><br data-start=\"2901\" data-end=\"2904\" \/>\u2013 <strong data-start=\"2906\" data-end=\"2919\">ei lisata<\/strong> (sans soufre ajout\u00e9)<\/p><p data-start=\"2944\" data-end=\"3027\"><strong data-start=\"2944\" data-end=\"2955\">Dosage:<\/strong><br data-start=\"2955\" data-end=\"2958\" \/>\u2013 Extra Brut (0\u20133 g\/l), kuid maitseprofiil on sisuliselt Brut Nature.<\/p>\n\t\t\t\t\t<\/div>\n\t\t\t\t\t\t<\/div>\n\t\t\t\t<\/div>\n\t\t\t\t<div class=\"elementor-element elementor-element-f22db15 elementor-widget elementor-widget-wd_text_block\" data-id=\"f22db15\" data-element_type=\"widget\" data-e-type=\"widget\" data-widget_type=\"wd_text_block.default\">\n\t\t\t\t<div class=\"elementor-widget-container\">\n\t\t\t\t\t\t\t<div class=\"wd-text-block reset-last-child text-left\">\n\t\t\t\n\t\t\t<h3 class=\"cvGsUA direction-ltr align-justify para-style-body\"><span class=\"OYPEnA font-feature-liga-off font-feature-clig-off font-feature-calt-off text-decoration-none text-strikethrough-none\">Maitsenoodid:<\/span><\/h3><p data-start=\"2069\" data-end=\"2547\">Aroomis kerkivad esile metskirss, punane s\u00f5star, pihlakas, roheline \u00fcrdine puudutus ja suitsune noot, mis tekib pika p\u00e4rmisettel k\u00fcpsemise t\u00f5ttu, mitte vaatidest.<br data-start=\"3219\" data-end=\"3222\" \/>Maitses on vein t\u00e4pne, vertikaalne ja v\u00e4ga puhas. Esimese lonksuga avaneb punaste marjade v\u00e4rskus, millele j\u00e4rgneb sidruni ja greibi mineraalne teravus ning pikalt p\u00fcsiv soolakas lubjakivi-j\u00e4relmaitse.<br data-start=\"3423\" data-end=\"3426\" \/>Tekstuur on pingeline, \u00f5huline ja erakordselt energiline \u2014 Concordance on vein, mis tundub elavat klaasis ja muutub iga hetkega aromaatsemaks.<\/p><h3 class=\"cvGsUA direction-ltr align-justify para-style-body\"><span class=\"OYPEnA font-feature-liga-off font-feature-clig-off font-feature-calt-off text-decoration-none text-strikethrough-none\">Toidusoovitus:<\/span><\/h3><p data-start=\"3601\" data-end=\"3913\">\u2022 austrid, suured krevettid, kammkarbid<br data-start=\"3640\" data-end=\"3643\" \/>\u2022 sushi, sashimi, ceviche<br data-start=\"3668\" data-end=\"3671\" \/>\u2022 forell v\u00f5i meriahven sidruni ja \u00fcrdiv\u00f5iga<br data-start=\"3714\" data-end=\"3717\" \/>\u2022 arti\u0161oki- ja spargliristotod (Concordance talub h\u00e4sti ebatraditsioonilisi \u201c\u0161ampanja-vastaseid\u201d k\u00f6\u00f6givilju nagu arti\u0161okk)<br data-start=\"3839\" data-end=\"3842\" \/>\u2022 v\u00e4rske kitsejuust, toorpiimajuustud<br data-start=\"3879\" data-end=\"3882\" \/>\u2022 kerge suitsuga valged kalad<\/p><p data-start=\"3915\" data-end=\"3994\">See on \u0161ampanja, mis sobib eriti h\u00e4sti roogadega, kus puhtus on k\u00f5ige olulisem.<\/p>\n\t\t\t\t\t<\/div>\n\t\t\t\t\t\t<\/div>\n\t\t\t\t<\/div>\n\t\t\t\t<div class=\"elementor-element elementor-element-79dff25 elementor-widget elementor-widget-wd_text_block\" data-id=\"79dff25\" data-element_type=\"widget\" data-e-type=\"widget\" data-widget_type=\"wd_text_block.default\">\n\t\t\t\t<div class=\"elementor-widget-container\">\n\t\t\t\t\t\t\t<div class=\"wd-text-block reset-last-child text-left\">\n\t\t\t\n\t\t\t<h3 class=\"cvGsUA direction-ltr align-justify para-style-body\"><span class=\"OYPEnA font-feature-liga-off font-feature-clig-off font-feature-calt-off text-decoration-none text-strikethrough-none\">S\u00e4ilitamispotentsiaal:<\/span><\/h3><p data-start=\"30\" data-end=\"380\">2024\u20132032+<br data-start=\"3148\" data-end=\"3151\" \/>Pika k\u00fcpsemisega vein, mis muutub aastatega \u00fcmaramaks ja lisab brioche\u2019i, r\u00f6stitud p\u00e4hkli, kuivatatud \u00fcrtide ja \u00f5rna magusa tsitruse n\u00fcansse, s\u00e4ilitades siiski oma loomuliku t\u00e4psuse ja pingestatuse.<\/p><h3 class=\"cvGsUA direction-ltr align-justify para-style-body\"><span class=\"OYPEnA font-feature-liga-off font-feature-clig-off font-feature-calt-off text-decoration-none text-strikethrough-none\">Hinnangud &amp; tunnustused:<\/span><\/h3><p>\u2022 <strong data-start=\"4386\" data-end=\"4397\">Vinous:<\/strong> 94p \u2014 \u201ePingeline, s\u00e4rav ja erakordselt t\u00e4pne sans-soufre Pinot Noir.\u201c<br data-start=\"4467\" data-end=\"4470\" \/>\u2022 <strong data-start=\"4472\" data-end=\"4490\">Wine Advocate:<\/strong> 93p \u2014 \u201ePimestavalt puhas ja energiline, suurep\u00e4rase struktuuri ja s\u00fcgava mineraalsusega.\u201c<br data-start=\"4580\" data-end=\"4583\" \/>\u2022 <strong data-start=\"4585\" data-end=\"4593\">RVF:<\/strong> nimetatud \u00fcheks k\u00f5ige julgema stiiliga biod\u00fcnaamiliseks \u0161ampanjaks Aube\u2019is.<br data-start=\"4669\" data-end=\"4672\" \/>\u2022 <strong data-start=\"4674\" data-end=\"4706\">Le Guide des Meilleurs Vins:<\/strong> \u201c\u0161ampanja, mis n\u00e4itab sulfitivaba stiili k\u00f5ige elegantsemal kujul\u201d.<\/p>\n\t\t\t\t\t<\/div>\n\t\t\t\t\t\t<\/div>\n\t\t\t\t<\/div>\n\t\t\t\t\t<\/div>\n\t\t\t\t<\/div>\n\t\t\t\t<\/div>","protected":false},"excerpt":{"rendered":"<p>V\u00e4ljendusrikas <em data-start=\"1239\" data-end=\"1252\">sans soufre<\/em> Blanc de Noirs, mis peegeldab 50-aastaste viinapuude s\u00fcgavust, idapoolse n\u00f5lva v\u00e4rskust ning lubjakivist ja savist koosneva pinnase kivist ja soolakat t\u00e4psust.<\/p>","protected":false},"featured_media":28183,"template":"","meta":[],"product_brand":[175],"product_cat":[29,93],"product_tag":[],"class_list":{"0":"post-28182","1":"product","2":"type-product","3":"status-publish","4":"has-post-thumbnail","6":"product_brand-marie-courtin","7":"product_cat-koik-tooted","8":"product_cat-sampanja","9":"pa_piirkond-champagne","10":"pa_viinamarjasort-pinot-noir","12":"first","13":"instock","14":"featured","15":"taxable","16":"shipping-taxable","17":"purchasable","18":"product-type-simple"},"yoast_head":"<!-- This site is optimized with the Yoast SEO plugin v27.4 - https:\/\/yoast.com\/product\/yoast-seo-wordpress\/ -->\n<title>Marie-Courtin &quot;Concordance&quot; 2018 \u2013 Extra Brut - diWine &ndash; Premium kvaliteetveinid &uuml;le maailma | Eesti veinipood<\/title>\n<meta name=\"robots\" content=\"index, follow, max-snippet:-1, max-image-preview:large, max-video-preview:-1\" \/>\n<link rel=\"canonical\" href=\"https:\/\/diwine.ee\/en\/product\/marie-courtin-concordance-2018\/\" \/>\n<meta property=\"og:locale\" content=\"en_GB\" \/>\n<meta property=\"og:type\" content=\"article\" \/>\n<meta property=\"og:title\" content=\"Marie-Courtin &quot;Concordance&quot; 2018 \u2013 Extra Brut - diWine &ndash; Premium kvaliteetveinid &uuml;le maailma | Eesti veinipood\" \/>\n<meta property=\"og:description\" content=\"V\u00e4ljendusrikas sans soufre Blanc de Noirs, mis peegeldab 50-aastaste viinapuude s\u00fcgavust, idapoolse n\u00f5lva v\u00e4rskust ning lubjakivist ja savist koosneva pinnase kivist ja soolakat t\u00e4psust.\" \/>\n<meta property=\"og:url\" content=\"https:\/\/diwine.ee\/en\/product\/marie-courtin-concordance-2018\/\" \/>\n<meta property=\"og:site_name\" content=\"diWine &ndash; Premium kvaliteetveinid &uuml;le maailma | Eesti veinipood\" \/>\n<meta property=\"article:publisher\" content=\"https:\/\/www.facebook.com\/profile.php?id=61573862347231\" \/>\n<meta property=\"article:modified_time\" content=\"2025-12-28T20:44:23+00:00\" \/>\n<meta property=\"og:image\" content=\"https:\/\/diwine.ee\/wp-content\/uploads\/2025\/12\/concordance_800x800.png\" \/>\n\t<meta property=\"og:image:width\" content=\"800\" \/>\n\t<meta property=\"og:image:height\" content=\"800\" \/>\n\t<meta property=\"og:image:type\" content=\"image\/png\" \/>\n<meta name=\"twitter:card\" content=\"summary_large_image\" \/>\n<meta name=\"twitter:label1\" content=\"Estimated reading time\" \/>\n\t<meta name=\"twitter:data1\" content=\"3 minutes\" \/>\n<script type=\"application\/ld+json\" class=\"yoast-schema-graph\">{\"@context\":\"https:\\\/\\\/schema.org\",\"@graph\":[{\"@type\":\"WebPage\",\"@id\":\"https:\\\/\\\/diwine.ee\\\/product\\\/marie-courtin-concordance-2018\\\/\",\"url\":\"https:\\\/\\\/diwine.ee\\\/product\\\/marie-courtin-concordance-2018\\\/\",\"name\":\"Marie-Courtin \\\"Concordance\\\" 2018 \u2013 Extra Brut - diWine &ndash; Premium kvaliteetveinid &uuml;le maailma | Eesti veinipood\",\"isPartOf\":{\"@id\":\"https:\\\/\\\/diwine.ee\\\/#website\"},\"primaryImageOfPage\":{\"@id\":\"https:\\\/\\\/diwine.ee\\\/product\\\/marie-courtin-concordance-2018\\\/#primaryimage\"},\"image\":{\"@id\":\"https:\\\/\\\/diwine.ee\\\/product\\\/marie-courtin-concordance-2018\\\/#primaryimage\"},\"thumbnailUrl\":\"https:\\\/\\\/diwine.ee\\\/wp-content\\\/uploads\\\/2025\\\/12\\\/concordance_800x800.png\",\"datePublished\":\"2025-12-01T16:09:05+00:00\",\"dateModified\":\"2025-12-28T20:44:23+00:00\",\"breadcrumb\":{\"@id\":\"https:\\\/\\\/diwine.ee\\\/product\\\/marie-courtin-concordance-2018\\\/#breadcrumb\"},\"inLanguage\":\"en-GB\",\"potentialAction\":[{\"@type\":\"ReadAction\",\"target\":[\"https:\\\/\\\/diwine.ee\\\/product\\\/marie-courtin-concordance-2018\\\/\"]}]},{\"@type\":\"ImageObject\",\"inLanguage\":\"en-GB\",\"@id\":\"https:\\\/\\\/diwine.ee\\\/product\\\/marie-courtin-concordance-2018\\\/#primaryimage\",\"url\":\"https:\\\/\\\/diwine.ee\\\/wp-content\\\/uploads\\\/2025\\\/12\\\/concordance_800x800.png\",\"contentUrl\":\"https:\\\/\\\/diwine.ee\\\/wp-content\\\/uploads\\\/2025\\\/12\\\/concordance_800x800.png\",\"width\":800,\"height\":800},{\"@type\":\"BreadcrumbList\",\"@id\":\"https:\\\/\\\/diwine.ee\\\/product\\\/marie-courtin-concordance-2018\\\/#breadcrumb\",\"itemListElement\":[{\"@type\":\"ListItem\",\"position\":1,\"name\":\"Home\",\"item\":\"https:\\\/\\\/diwine.ee\\\/\"},{\"@type\":\"ListItem\",\"position\":2,\"name\":\"e-pood\",\"item\":\"https:\\\/\\\/diwine.ee\\\/tooted\\\/\"},{\"@type\":\"ListItem\",\"position\":3,\"name\":\"Marie-Courtin &#8220;Concordance&#8221; 2018 \u2013 Extra Brut\"}]},{\"@type\":\"WebSite\",\"@id\":\"https:\\\/\\\/diwine.ee\\\/#website\",\"url\":\"https:\\\/\\\/diwine.ee\\\/\",\"name\":\"diWine \u2013 Premium kvaliteetveinid \u00fcle maailma | Eesti veinipood\",\"description\":\"Avasta diWine&#039;i hoolikalt valitud kvaliteetveinid maailma tippveinipiirkondadest. Eksklusiivsed punaveinid, valged veinid, vahuveinid ja eriveinid sinu erilisteks hetkedeks.\",\"publisher\":{\"@id\":\"https:\\\/\\\/diwine.ee\\\/#organization\"},\"potentialAction\":[{\"@type\":\"SearchAction\",\"target\":{\"@type\":\"EntryPoint\",\"urlTemplate\":\"https:\\\/\\\/diwine.ee\\\/?s={search_term_string}\"},\"query-input\":{\"@type\":\"PropertyValueSpecification\",\"valueRequired\":true,\"valueName\":\"search_term_string\"}}],\"inLanguage\":\"en-GB\"},{\"@type\":\"Organization\",\"@id\":\"https:\\\/\\\/diwine.ee\\\/#organization\",\"name\":\"diWine veinipood\",\"url\":\"https:\\\/\\\/diwine.ee\\\/\",\"logo\":{\"@type\":\"ImageObject\",\"inLanguage\":\"en-GB\",\"@id\":\"https:\\\/\\\/diwine.ee\\\/#\\\/schema\\\/logo\\\/image\\\/\",\"url\":\"https:\\\/\\\/diwine.ee\\\/wp-content\\\/uploads\\\/2025\\\/04\\\/diWine-1080-x-1080-px.png\",\"contentUrl\":\"https:\\\/\\\/diwine.ee\\\/wp-content\\\/uploads\\\/2025\\\/04\\\/diWine-1080-x-1080-px.png\",\"width\":1080,\"height\":1080,\"caption\":\"diWine veinipood\"},\"image\":{\"@id\":\"https:\\\/\\\/diwine.ee\\\/#\\\/schema\\\/logo\\\/image\\\/\"},\"sameAs\":[\"https:\\\/\\\/www.facebook.com\\\/profile.php?id=61573862347231\",\"https:\\\/\\\/www.instagram.com\\\/diwine.ee\"]}]}<\/script>\n<!-- \/ Yoast SEO plugin. -->","yoast_head_json":{"title":"Marie-Courtin \"Concordance\" 2018 \u2013 Extra Brut - diWine &ndash; Premium kvaliteetveinid &uuml;le maailma | Eesti veinipood","robots":{"index":"index","follow":"follow","max-snippet":"max-snippet:-1","max-image-preview":"max-image-preview:large","max-video-preview":"max-video-preview:-1"},"canonical":"https:\/\/diwine.ee\/en\/product\/marie-courtin-concordance-2018\/","og_locale":"en_GB","og_type":"article","og_title":"Marie-Courtin \"Concordance\" 2018 \u2013 Extra Brut - diWine &ndash; Premium kvaliteetveinid &uuml;le maailma | Eesti veinipood","og_description":"V\u00e4ljendusrikas sans soufre Blanc de Noirs, mis peegeldab 50-aastaste viinapuude s\u00fcgavust, idapoolse n\u00f5lva v\u00e4rskust ning lubjakivist ja savist koosneva pinnase kivist ja soolakat t\u00e4psust.","og_url":"https:\/\/diwine.ee\/en\/product\/marie-courtin-concordance-2018\/","og_site_name":"diWine &ndash; Premium kvaliteetveinid &uuml;le maailma | Eesti veinipood","article_publisher":"https:\/\/www.facebook.com\/profile.php?id=61573862347231","article_modified_time":"2025-12-28T20:44:23+00:00","og_image":[{"width":800,"height":800,"url":"https:\/\/diwine.ee\/wp-content\/uploads\/2025\/12\/concordance_800x800.png","type":"image\/png"}],"twitter_card":"summary_large_image","twitter_misc":{"Estimated reading time":"3 minutes"},"schema":{"@context":"https:\/\/schema.org","@graph":[{"@type":"WebPage","@id":"https:\/\/diwine.ee\/product\/marie-courtin-concordance-2018\/","url":"https:\/\/diwine.ee\/product\/marie-courtin-concordance-2018\/","name":"Marie-Courtin \"Concordance\" 2018 \u2013 Extra Brut - diWine &ndash; Premium kvaliteetveinid &uuml;le maailma | Eesti veinipood","isPartOf":{"@id":"https:\/\/diwine.ee\/#website"},"primaryImageOfPage":{"@id":"https:\/\/diwine.ee\/product\/marie-courtin-concordance-2018\/#primaryimage"},"image":{"@id":"https:\/\/diwine.ee\/product\/marie-courtin-concordance-2018\/#primaryimage"},"thumbnailUrl":"https:\/\/diwine.ee\/wp-content\/uploads\/2025\/12\/concordance_800x800.png","datePublished":"2025-12-01T16:09:05+00:00","dateModified":"2025-12-28T20:44:23+00:00","breadcrumb":{"@id":"https:\/\/diwine.ee\/product\/marie-courtin-concordance-2018\/#breadcrumb"},"inLanguage":"en-GB","potentialAction":[{"@type":"ReadAction","target":["https:\/\/diwine.ee\/product\/marie-courtin-concordance-2018\/"]}]},{"@type":"ImageObject","inLanguage":"en-GB","@id":"https:\/\/diwine.ee\/product\/marie-courtin-concordance-2018\/#primaryimage","url":"https:\/\/diwine.ee\/wp-content\/uploads\/2025\/12\/concordance_800x800.png","contentUrl":"https:\/\/diwine.ee\/wp-content\/uploads\/2025\/12\/concordance_800x800.png","width":800,"height":800},{"@type":"BreadcrumbList","@id":"https:\/\/diwine.ee\/product\/marie-courtin-concordance-2018\/#breadcrumb","itemListElement":[{"@type":"ListItem","position":1,"name":"Home","item":"https:\/\/diwine.ee\/"},{"@type":"ListItem","position":2,"name":"e-pood","item":"https:\/\/diwine.ee\/tooted\/"},{"@type":"ListItem","position":3,"name":"Marie-Courtin &#8220;Concordance&#8221; 2018 \u2013 Extra Brut"}]},{"@type":"WebSite","@id":"https:\/\/diwine.ee\/#website","url":"https:\/\/diwine.ee\/","name":"diWine \u2013 Premium kvaliteetveinid \u00fcle maailma | Eesti veinipood","description":"Avasta diWine&#039;i hoolikalt valitud kvaliteetveinid maailma tippveinipiirkondadest. Eksklusiivsed punaveinid, valged veinid, vahuveinid ja eriveinid sinu erilisteks hetkedeks.","publisher":{"@id":"https:\/\/diwine.ee\/#organization"},"potentialAction":[{"@type":"SearchAction","target":{"@type":"EntryPoint","urlTemplate":"https:\/\/diwine.ee\/?s={search_term_string}"},"query-input":{"@type":"PropertyValueSpecification","valueRequired":true,"valueName":"search_term_string"}}],"inLanguage":"en-GB"},{"@type":"Organization","@id":"https:\/\/diwine.ee\/#organization","name":"diWine veinipood","url":"https:\/\/diwine.ee\/","logo":{"@type":"ImageObject","inLanguage":"en-GB","@id":"https:\/\/diwine.ee\/#\/schema\/logo\/image\/","url":"https:\/\/diwine.ee\/wp-content\/uploads\/2025\/04\/diWine-1080-x-1080-px.png","contentUrl":"https:\/\/diwine.ee\/wp-content\/uploads\/2025\/04\/diWine-1080-x-1080-px.png","width":1080,"height":1080,"caption":"diWine veinipood"},"image":{"@id":"https:\/\/diwine.ee\/#\/schema\/logo\/image\/"},"sameAs":["https:\/\/www.facebook.com\/profile.php?id=61573862347231","https:\/\/www.instagram.com\/diwine.ee"]}]}},"jetpack_sharing_enabled":true,"_links":{"self":[{"href":"https:\/\/diwine.ee\/en\/wp-json\/wp\/v2\/product\/28182","targetHints":{"allow":["GET"]}}],"collection":[{"href":"https:\/\/diwine.ee\/en\/wp-json\/wp\/v2\/product"}],"about":[{"href":"https:\/\/diwine.ee\/en\/wp-json\/wp\/v2\/types\/product"}],"version-history":[{"count":0,"href":"https:\/\/diwine.ee\/en\/wp-json\/wp\/v2\/product\/28182\/revisions"}],"wp:featuredmedia":[{"embeddable":true,"href":"https:\/\/diwine.ee\/en\/wp-json\/wp\/v2\/media\/28183"}],"wp:attachment":[{"href":"https:\/\/diwine.ee\/en\/wp-json\/wp\/v2\/media?parent=28182"}],"wp:term":[{"taxonomy":"product_brand","embeddable":true,"href":"https:\/\/diwine.ee\/en\/wp-json\/wp\/v2\/product_brand?post=28182"},{"taxonomy":"product_cat","embeddable":true,"href":"https:\/\/diwine.ee\/en\/wp-json\/wp\/v2\/product_cat?post=28182"},{"taxonomy":"product_tag","embeddable":true,"href":"https:\/\/diwine.ee\/en\/wp-json\/wp\/v2\/product_tag?post=28182"}],"curies":[{"name":"wp","href":"https:\/\/api.w.org\/{rel}","templated":true}]}}