{"id":28222,"date":"2025-12-02T10:00:10","date_gmt":"2025-12-02T08:00:10","guid":{"rendered":"https:\/\/diwine.ee\/?post_type=product&#038;p=28222"},"modified":"2025-12-15T17:01:08","modified_gmt":"2025-12-15T15:01:08","slug":"colas-robin-2018","status":"publish","type":"product","link":"https:\/\/diwine.ee\/en\/product\/colas-robin-2018\/","title":{"rendered":"Piollot Colas Robin 2018 \u2013 Brut Nature"},"content":{"rendered":"<div data-elementor-type=\"wp-post\" data-elementor-id=\"28222\" class=\"elementor elementor-28222\">\n\t\t\t\t<div class=\"wd-negative-gap elementor-element elementor-element-b496628 e-grid e-con-boxed e-con e-parent\" data-id=\"b496628\" data-element_type=\"container\" data-e-type=\"container\">\n\t\t\t\t\t<div class=\"e-con-inner\">\n\t\t\t\t<div class=\"elementor-element elementor-element-aa23989 elementor-widget elementor-widget-wd_text_block\" data-id=\"aa23989\" data-element_type=\"widget\" data-e-type=\"widget\" data-widget_type=\"wd_text_block.default\">\n\t\t\t\t<div class=\"elementor-widget-container\">\n\t\t\t\t\t\t\t<div class=\"wd-text-block reset-last-child text-left\">\n\t\t\t\n\t\t\t<h3 class=\"cvGsUA direction-ltr align-justify para-style-body\"><span class=\"OYPEnA font-feature-liga-off font-feature-clig-off font-feature-calt-off text-decoration-none text-strikethrough-none\">Veini lugu:<\/span><\/h3><p data-start=\"665\" data-end=\"987\"><em data-start=\"665\" data-end=\"678\">Colas Robin<\/em> on Champagne Piollot\u2019 \u00fcks k\u00f5ige erilisemaid ja haruldasemaid cuv\u00e9e\u2019sid \u2014 vein, mis p\u00f5hineb 1996. aastal istutatud Pinot Blanc\u2019i p\u00f5llul. See sort on Champagne\u2019is \u00e4\u00e4rmiselt v\u00e4helevinud ning Piollot on \u00fcks v\u00e4heseid tootjaid, kes mitte ainult ei kasvata Pinot Blanc\u2019i, vaid teeb sellest ka eraldiseisva \u0161ampanja.<\/p><p data-start=\"989\" data-end=\"1338\">P\u00f5ld asub Polisot\u2019 k\u00fclas C\u00f4te des Bar\u2019is, piirkonnas, kus Kimmeridgiani lubjakivi loob ideaalse tingimuse aromaatsele, mineraalsele ja struktuursele valgele veinile. P\u00f5llu <strong data-start=\"1161\" data-end=\"1182\">l\u00f5unapoolne asend<\/strong>\u00a0annab piisavalt p\u00e4ikest, et Pinot Blanc saavutaks k\u00fcpsuse, samas kui orgaaniline ja biod\u00fcnaamiline kasvatamine tagab marjade tervise ja energilise puhtuse.<\/p><p data-start=\"1340\" data-end=\"1648\"><em data-start=\"1340\" data-end=\"1353\">Colas Robin<\/em> on austusavaldus Piollot perekonna ajaloolisele t\u00f6\u00f6le \u2014 vein, mis kehastab nende p\u00fchendumust vanade p\u00f5\u00f5saste s\u00e4ilitamisele, traditsioonilisele p\u00f5llukultuurile ja haruldaste sortide hoidmisele. See pole tehniline \u0161ampanja, vaid terroir\u2019i ja perekonna p\u00e4randi v\u00e4ga selge ja isikup\u00e4rane v\u00e4ljendus.<\/p><p data-start=\"536\" data-end=\"1111\"><span style=\"color: #1b1919; font-size: 22px;\">Veini valmistamine:<\/span><\/p><p data-start=\"1684\" data-end=\"1850\"><strong data-start=\"1684\" data-end=\"1702\">Viinamari:<\/strong> 100% Pinot Blanc (istutatud 1996)<br data-start=\"1736\" data-end=\"1739\" \/><strong data-start=\"1739\" data-end=\"1750\">Pinnas:<\/strong> Kimmeridgiani lubjakivi<br data-start=\"1774\" data-end=\"1777\" \/><strong data-start=\"1777\" data-end=\"1787\">Asend:<\/strong> l\u00f5unapoolne n\u00f5lv<br data-start=\"1804\" data-end=\"1807\" \/><strong data-start=\"1807\" data-end=\"1820\">Kasvatus:<\/strong> orgaaniline ja biod\u00fcnaamiline<\/p><p data-start=\"1852\" data-end=\"2277\"><strong data-start=\"1852\" data-end=\"1871\">Vinifikatsioon:<\/strong><br data-start=\"1871\" data-end=\"1874\" \/>\u2022 destemming: ei<br data-start=\"1890\" data-end=\"1893\" \/>\u2022 maceration: ei (klassikaline valge pressimine)<br data-start=\"1941\" data-end=\"1944\" \/>\u2022 k\u00e4\u00e4ritamine <strong data-start=\"1958\" data-end=\"2009\">roostevabast terasest tankides ja tammevaatides<\/strong> (kombineeritud)<br data-start=\"2025\" data-end=\"2028\" \/>\u2022 k\u00fcpsemine <strong data-start=\"2040\" data-end=\"2068\">steel tank + oak barrels<\/strong> (kombineeritud k\u00fcpsetus)<br data-start=\"2093\" data-end=\"2096\" \/>\u2022 settel k\u00fcpsenud kokku <strong data-start=\"2115\" data-end=\"2127\">5 aastat<\/strong> enne turule j\u00f5udmist<br data-start=\"2148\" data-end=\"2151\" \/>\u2022 racking: jah<br data-start=\"2165\" data-end=\"2168\" \/>\u2022 ei selitatata ega filtreerita<br data-start=\"2199\" data-end=\"2202\" \/>\u2022 SO\u2082: jah (v\u00e4ga madal tehniline kogus)<br data-start=\"2241\" data-end=\"2244\" \/>\u2022 dosage: <strong data-start=\"2254\" data-end=\"2269\">Brut Nature<\/strong> (0 g\/l)<\/p><p data-start=\"2279\" data-end=\"2406\">Tammevaatide roll ei ole anda tammesust, vaid pehmet mikrooks\u00fcdatsiooni, mis avab Pinot Blanc\u2019i tekstuuri ja aromaatseid kihte.<\/p>\n\t\t\t\t\t<\/div>\n\t\t\t\t\t\t<\/div>\n\t\t\t\t<\/div>\n\t\t\t\t<div class=\"elementor-element elementor-element-f22db15 elementor-widget elementor-widget-wd_text_block\" data-id=\"f22db15\" data-element_type=\"widget\" data-e-type=\"widget\" data-widget_type=\"wd_text_block.default\">\n\t\t\t\t<div class=\"elementor-widget-container\">\n\t\t\t\t\t\t\t<div class=\"wd-text-block reset-last-child text-left\">\n\t\t\t\n\t\t\t<h3 class=\"cvGsUA direction-ltr align-justify para-style-body\"><span class=\"OYPEnA font-feature-liga-off font-feature-clig-off font-feature-calt-off text-decoration-none text-strikethrough-none\">Maitsenoodid:<\/span><\/h3><p data-start=\"2436\" data-end=\"2896\">Aroomis: valge virsik, kahekoore pirn, mandlikreem, \u00f5unakoor, mineraalne kriidine toon ja \u00f5rn lilleline varjund.<br data-start=\"2548\" data-end=\"2551\" \/>Kerge tammevaadi m\u00f5ju annab vihje mesisusele ja v\u00fcrtsikale mandlile, muutmata veini raskeks ega magusaks.<br data-start=\"2656\" data-end=\"2659\" \/>Maitses on vein tekstuurne, kergelt kreemikas ja elegantselt tasakaalus. Lubjakivine mineraalsus annab soolaka, kivise alatooni; puuviljad on puhtad ja k\u00fcpsed.<br data-start=\"2818\" data-end=\"2821\" \/>J\u00e4relmaitse on pikk, kuiv ja aromaatselt \u00f5huline \u2014 Pinot Blanc\u2019i signatuur.<\/p><p data-start=\"2898\" data-end=\"3075\">See cuv\u00e9e on \u00fcks parimaid n\u00e4iteid sellest, et Champagne ei pea alati olema Pinot Noir\u2019i ja Chardonnay p\u00f5hiselt \u2014 Pinot Blanc toob kaasa t\u00e4iesti teistsuguse tekstuuri ja elamuse.<\/p><h3 class=\"cvGsUA direction-ltr align-justify para-style-body\"><span class=\"OYPEnA font-feature-liga-off font-feature-clig-off font-feature-calt-off text-decoration-none text-strikethrough-none\">Toidusoovitus:<\/span><\/h3><p data-start=\"3108\" data-end=\"3398\">\u2022 valge kala (forell, meriahven), kammkarbid<br data-start=\"3152\" data-end=\"3155\" \/>\u2022 v\u00e4rsked koorikloomad ja sushi<br data-start=\"3186\" data-end=\"3189\" \/>\u2022 kitsejuust, Comt\u00e9, Tomme de Savoie<br data-start=\"3225\" data-end=\"3228\" \/>\u2022 k\u00f6\u00f6giviljap\u00f5hised roogad: spargel, arti\u0161okk, herned, fenkol<br data-start=\"3289\" data-end=\"3292\" \/>\u2022 valge liha kerge sidruni- v\u00f5i \u00fcrdikastmega<br data-start=\"3336\" data-end=\"3339\" \/>\u2022 sobib suurep\u00e4raselt kreemisemat sorti mereandide juurde<\/p><p data-start=\"3400\" data-end=\"3521\">Pinot Blanc\u2019i aromaatne pehmus ja mineraalne t\u00e4psus teevad sellest \u0161ampanjast \u00fche Piolloti k\u00f5ige gastronoomilisema cuv\u00e9e.<\/p>\n\t\t\t\t\t<\/div>\n\t\t\t\t\t\t<\/div>\n\t\t\t\t<\/div>\n\t\t\t\t<div class=\"elementor-element elementor-element-79dff25 elementor-widget elementor-widget-wd_text_block\" data-id=\"79dff25\" data-element_type=\"widget\" data-e-type=\"widget\" data-widget_type=\"wd_text_block.default\">\n\t\t\t\t<div class=\"elementor-widget-container\">\n\t\t\t\t\t\t\t<div class=\"wd-text-block reset-last-child text-left\">\n\t\t\t\n\t\t\t<h3 class=\"cvGsUA direction-ltr align-justify para-style-body\"><span class=\"OYPEnA font-feature-liga-off font-feature-clig-off font-feature-calt-off text-decoration-none text-strikethrough-none\">S\u00e4ilitamispotentsiaal:<\/span><\/h3><p data-start=\"30\" data-end=\"380\">2024\u20132032+<br data-start=\"3573\" data-end=\"3576\" \/>Arenedes tekivad kuivatatud puuvilja, r\u00f6stitud p\u00e4hkli, karamellistatud \u00f5una ja brioche\u2019i n\u00fcansid, s\u00e4ilitades siidise tekstuuri ja soolaka lubjakivi iseloomu.<\/p><h3 class=\"cvGsUA direction-ltr align-justify para-style-body\"><span class=\"OYPEnA font-feature-liga-off font-feature-clig-off font-feature-calt-off text-decoration-none text-strikethrough-none\">Hinnangud &amp; tunnustused:<\/span><\/h3><p>\u2022 <strong data-start=\"3959\" data-end=\"3994\">Vinous (varasemad aastak\u00e4igud):<\/strong> 92\u201394 punkti \u2013 \u201cUnikaalne, mineraalne ja erakordselt aromaatne Pinot Blanc Champagne.\u201d<br data-start=\"4081\" data-end=\"4084\" \/>\u2022 <strong data-start=\"4086\" data-end=\"4104\">Wine Advocate:<\/strong> tunnustab selle cuv\u00e9e \u201ctekstuurilist s\u00fcgavust ja v\u00e4ga puhast stilistikat.\u201d<br data-start=\"4179\" data-end=\"4182\" \/>\u2022 <strong data-start=\"4184\" data-end=\"4205\">Sommeljeede seas:<\/strong> \u00fcks hinnatumaid Pinot Blanc\u2019i p\u00f5hiselt \u0161ampanjasid Champagne\u2019is \u00fcldse.<\/p>\n\t\t\t\t\t<\/div>\n\t\t\t\t\t\t<\/div>\n\t\t\t\t<\/div>\n\t\t\t\t\t<\/div>\n\t\t\t\t<\/div>\n\t\t\t\t<\/div>","protected":false},"excerpt":{"rendered":"<p>Haruldane 100% Pinot Blanc \u0161ampanja, mis \u00fchendab Kimmeridgiani lubjakivi mineraalsuse, l\u00f5unapoolse n\u00f5lva k\u00fcpsuse ja viieaastase k\u00fcpsemise elegantselt n\u00fcansirikkaks, tekstuurselt s\u00fcgavaks Brut Nature veiniks.<\/p>","protected":false},"featured_media":28223,"template":"","meta":[],"product_brand":[176],"product_cat":[29,93],"product_tag":[],"class_list":{"0":"post-28222","1":"product","2":"type-product","3":"status-publish","4":"has-post-thumbnail","6":"product_brand-piollot","7":"product_cat-koik-tooted","8":"product_cat-sampanja","9":"pa_piirkond-champagne","10":"pa_viinamarjasort-pinot-blanc","12":"first","13":"instock","14":"featured","15":"taxable","16":"shipping-taxable","17":"purchasable","18":"product-type-simple"},"yoast_head":"<!-- This site is optimized with the Yoast SEO plugin v27.4 - https:\/\/yoast.com\/product\/yoast-seo-wordpress\/ -->\n<title>Piollot Colas Robin 2018 \u2013 Brut Nature - diWine &ndash; Premium kvaliteetveinid &uuml;le maailma | Eesti veinipood<\/title>\n<meta name=\"robots\" content=\"index, follow, max-snippet:-1, max-image-preview:large, max-video-preview:-1\" \/>\n<link rel=\"canonical\" href=\"https:\/\/diwine.ee\/en\/product\/colas-robin-2018\/\" \/>\n<meta property=\"og:locale\" content=\"en_GB\" \/>\n<meta property=\"og:type\" content=\"article\" \/>\n<meta property=\"og:title\" content=\"Piollot Colas Robin 2018 \u2013 Brut Nature - diWine &ndash; Premium kvaliteetveinid &uuml;le maailma | Eesti veinipood\" \/>\n<meta property=\"og:description\" content=\"Haruldane 100% Pinot Blanc \u0161ampanja, mis \u00fchendab Kimmeridgiani lubjakivi mineraalsuse, l\u00f5unapoolse n\u00f5lva k\u00fcpsuse ja viieaastase k\u00fcpsemise elegantselt n\u00fcansirikkaks, tekstuurselt s\u00fcgavaks Brut Nature veiniks.\" \/>\n<meta property=\"og:url\" content=\"https:\/\/diwine.ee\/en\/product\/colas-robin-2018\/\" \/>\n<meta property=\"og:site_name\" content=\"diWine &ndash; Premium kvaliteetveinid &uuml;le maailma | Eesti veinipood\" \/>\n<meta property=\"article:publisher\" content=\"https:\/\/www.facebook.com\/profile.php?id=61573862347231\" \/>\n<meta property=\"article:modified_time\" content=\"2025-12-15T15:01:08+00:00\" \/>\n<meta property=\"og:image\" content=\"https:\/\/diwine.ee\/wp-content\/uploads\/2025\/12\/colas-robin_800x800.png\" \/>\n\t<meta property=\"og:image:width\" content=\"800\" \/>\n\t<meta property=\"og:image:height\" content=\"800\" \/>\n\t<meta property=\"og:image:type\" content=\"image\/png\" \/>\n<meta name=\"twitter:card\" content=\"summary_large_image\" \/>\n<meta name=\"twitter:label1\" content=\"Estimated reading time\" \/>\n\t<meta name=\"twitter:data1\" content=\"3 minutes\" \/>\n<script type=\"application\/ld+json\" class=\"yoast-schema-graph\">{\"@context\":\"https:\\\/\\\/schema.org\",\"@graph\":[{\"@type\":\"WebPage\",\"@id\":\"https:\\\/\\\/diwine.ee\\\/product\\\/colas-robin-2018\\\/\",\"url\":\"https:\\\/\\\/diwine.ee\\\/product\\\/colas-robin-2018\\\/\",\"name\":\"Piollot Colas Robin 2018 \u2013 Brut Nature - diWine &ndash; Premium kvaliteetveinid &uuml;le maailma | Eesti veinipood\",\"isPartOf\":{\"@id\":\"https:\\\/\\\/diwine.ee\\\/#website\"},\"primaryImageOfPage\":{\"@id\":\"https:\\\/\\\/diwine.ee\\\/product\\\/colas-robin-2018\\\/#primaryimage\"},\"image\":{\"@id\":\"https:\\\/\\\/diwine.ee\\\/product\\\/colas-robin-2018\\\/#primaryimage\"},\"thumbnailUrl\":\"https:\\\/\\\/diwine.ee\\\/wp-content\\\/uploads\\\/2025\\\/12\\\/colas-robin_800x800.png\",\"datePublished\":\"2025-12-02T08:00:10+00:00\",\"dateModified\":\"2025-12-15T15:01:08+00:00\",\"breadcrumb\":{\"@id\":\"https:\\\/\\\/diwine.ee\\\/product\\\/colas-robin-2018\\\/#breadcrumb\"},\"inLanguage\":\"en-GB\",\"potentialAction\":[{\"@type\":\"ReadAction\",\"target\":[\"https:\\\/\\\/diwine.ee\\\/product\\\/colas-robin-2018\\\/\"]}]},{\"@type\":\"ImageObject\",\"inLanguage\":\"en-GB\",\"@id\":\"https:\\\/\\\/diwine.ee\\\/product\\\/colas-robin-2018\\\/#primaryimage\",\"url\":\"https:\\\/\\\/diwine.ee\\\/wp-content\\\/uploads\\\/2025\\\/12\\\/colas-robin_800x800.png\",\"contentUrl\":\"https:\\\/\\\/diwine.ee\\\/wp-content\\\/uploads\\\/2025\\\/12\\\/colas-robin_800x800.png\",\"width\":800,\"height\":800},{\"@type\":\"BreadcrumbList\",\"@id\":\"https:\\\/\\\/diwine.ee\\\/product\\\/colas-robin-2018\\\/#breadcrumb\",\"itemListElement\":[{\"@type\":\"ListItem\",\"position\":1,\"name\":\"Home\",\"item\":\"https:\\\/\\\/diwine.ee\\\/\"},{\"@type\":\"ListItem\",\"position\":2,\"name\":\"e-pood\",\"item\":\"https:\\\/\\\/diwine.ee\\\/tooted\\\/\"},{\"@type\":\"ListItem\",\"position\":3,\"name\":\"Piollot Colas Robin 2018 \u2013 Brut Nature\"}]},{\"@type\":\"WebSite\",\"@id\":\"https:\\\/\\\/diwine.ee\\\/#website\",\"url\":\"https:\\\/\\\/diwine.ee\\\/\",\"name\":\"diWine \u2013 Premium kvaliteetveinid \u00fcle maailma | Eesti veinipood\",\"description\":\"Avasta diWine&#039;i hoolikalt valitud kvaliteetveinid maailma tippveinipiirkondadest. Eksklusiivsed punaveinid, valged veinid, vahuveinid ja eriveinid sinu erilisteks hetkedeks.\",\"publisher\":{\"@id\":\"https:\\\/\\\/diwine.ee\\\/#organization\"},\"potentialAction\":[{\"@type\":\"SearchAction\",\"target\":{\"@type\":\"EntryPoint\",\"urlTemplate\":\"https:\\\/\\\/diwine.ee\\\/?s={search_term_string}\"},\"query-input\":{\"@type\":\"PropertyValueSpecification\",\"valueRequired\":true,\"valueName\":\"search_term_string\"}}],\"inLanguage\":\"en-GB\"},{\"@type\":\"Organization\",\"@id\":\"https:\\\/\\\/diwine.ee\\\/#organization\",\"name\":\"diWine veinipood\",\"url\":\"https:\\\/\\\/diwine.ee\\\/\",\"logo\":{\"@type\":\"ImageObject\",\"inLanguage\":\"en-GB\",\"@id\":\"https:\\\/\\\/diwine.ee\\\/#\\\/schema\\\/logo\\\/image\\\/\",\"url\":\"https:\\\/\\\/diwine.ee\\\/wp-content\\\/uploads\\\/2025\\\/04\\\/diWine-1080-x-1080-px.png\",\"contentUrl\":\"https:\\\/\\\/diwine.ee\\\/wp-content\\\/uploads\\\/2025\\\/04\\\/diWine-1080-x-1080-px.png\",\"width\":1080,\"height\":1080,\"caption\":\"diWine veinipood\"},\"image\":{\"@id\":\"https:\\\/\\\/diwine.ee\\\/#\\\/schema\\\/logo\\\/image\\\/\"},\"sameAs\":[\"https:\\\/\\\/www.facebook.com\\\/profile.php?id=61573862347231\",\"https:\\\/\\\/www.instagram.com\\\/diwine.ee\"]}]}<\/script>\n<!-- \/ Yoast SEO plugin. -->","yoast_head_json":{"title":"Piollot Colas Robin 2018 \u2013 Brut Nature - diWine &ndash; Premium kvaliteetveinid &uuml;le maailma | Eesti veinipood","robots":{"index":"index","follow":"follow","max-snippet":"max-snippet:-1","max-image-preview":"max-image-preview:large","max-video-preview":"max-video-preview:-1"},"canonical":"https:\/\/diwine.ee\/en\/product\/colas-robin-2018\/","og_locale":"en_GB","og_type":"article","og_title":"Piollot Colas Robin 2018 \u2013 Brut Nature - diWine &ndash; Premium kvaliteetveinid &uuml;le maailma | Eesti veinipood","og_description":"Haruldane 100% Pinot Blanc \u0161ampanja, mis \u00fchendab Kimmeridgiani lubjakivi mineraalsuse, l\u00f5unapoolse n\u00f5lva k\u00fcpsuse ja viieaastase k\u00fcpsemise elegantselt n\u00fcansirikkaks, tekstuurselt s\u00fcgavaks Brut Nature veiniks.","og_url":"https:\/\/diwine.ee\/en\/product\/colas-robin-2018\/","og_site_name":"diWine &ndash; Premium kvaliteetveinid &uuml;le maailma | Eesti veinipood","article_publisher":"https:\/\/www.facebook.com\/profile.php?id=61573862347231","article_modified_time":"2025-12-15T15:01:08+00:00","og_image":[{"width":800,"height":800,"url":"https:\/\/diwine.ee\/wp-content\/uploads\/2025\/12\/colas-robin_800x800.png","type":"image\/png"}],"twitter_card":"summary_large_image","twitter_misc":{"Estimated reading time":"3 minutes"},"schema":{"@context":"https:\/\/schema.org","@graph":[{"@type":"WebPage","@id":"https:\/\/diwine.ee\/product\/colas-robin-2018\/","url":"https:\/\/diwine.ee\/product\/colas-robin-2018\/","name":"Piollot Colas Robin 2018 \u2013 Brut Nature - diWine &ndash; Premium kvaliteetveinid &uuml;le maailma | Eesti veinipood","isPartOf":{"@id":"https:\/\/diwine.ee\/#website"},"primaryImageOfPage":{"@id":"https:\/\/diwine.ee\/product\/colas-robin-2018\/#primaryimage"},"image":{"@id":"https:\/\/diwine.ee\/product\/colas-robin-2018\/#primaryimage"},"thumbnailUrl":"https:\/\/diwine.ee\/wp-content\/uploads\/2025\/12\/colas-robin_800x800.png","datePublished":"2025-12-02T08:00:10+00:00","dateModified":"2025-12-15T15:01:08+00:00","breadcrumb":{"@id":"https:\/\/diwine.ee\/product\/colas-robin-2018\/#breadcrumb"},"inLanguage":"en-GB","potentialAction":[{"@type":"ReadAction","target":["https:\/\/diwine.ee\/product\/colas-robin-2018\/"]}]},{"@type":"ImageObject","inLanguage":"en-GB","@id":"https:\/\/diwine.ee\/product\/colas-robin-2018\/#primaryimage","url":"https:\/\/diwine.ee\/wp-content\/uploads\/2025\/12\/colas-robin_800x800.png","contentUrl":"https:\/\/diwine.ee\/wp-content\/uploads\/2025\/12\/colas-robin_800x800.png","width":800,"height":800},{"@type":"BreadcrumbList","@id":"https:\/\/diwine.ee\/product\/colas-robin-2018\/#breadcrumb","itemListElement":[{"@type":"ListItem","position":1,"name":"Home","item":"https:\/\/diwine.ee\/"},{"@type":"ListItem","position":2,"name":"e-pood","item":"https:\/\/diwine.ee\/tooted\/"},{"@type":"ListItem","position":3,"name":"Piollot Colas Robin 2018 \u2013 Brut Nature"}]},{"@type":"WebSite","@id":"https:\/\/diwine.ee\/#website","url":"https:\/\/diwine.ee\/","name":"diWine \u2013 Premium kvaliteetveinid \u00fcle maailma | Eesti veinipood","description":"Avasta diWine&#039;i hoolikalt valitud kvaliteetveinid maailma tippveinipiirkondadest. Eksklusiivsed punaveinid, valged veinid, vahuveinid ja eriveinid sinu erilisteks hetkedeks.","publisher":{"@id":"https:\/\/diwine.ee\/#organization"},"potentialAction":[{"@type":"SearchAction","target":{"@type":"EntryPoint","urlTemplate":"https:\/\/diwine.ee\/?s={search_term_string}"},"query-input":{"@type":"PropertyValueSpecification","valueRequired":true,"valueName":"search_term_string"}}],"inLanguage":"en-GB"},{"@type":"Organization","@id":"https:\/\/diwine.ee\/#organization","name":"diWine veinipood","url":"https:\/\/diwine.ee\/","logo":{"@type":"ImageObject","inLanguage":"en-GB","@id":"https:\/\/diwine.ee\/#\/schema\/logo\/image\/","url":"https:\/\/diwine.ee\/wp-content\/uploads\/2025\/04\/diWine-1080-x-1080-px.png","contentUrl":"https:\/\/diwine.ee\/wp-content\/uploads\/2025\/04\/diWine-1080-x-1080-px.png","width":1080,"height":1080,"caption":"diWine veinipood"},"image":{"@id":"https:\/\/diwine.ee\/#\/schema\/logo\/image\/"},"sameAs":["https:\/\/www.facebook.com\/profile.php?id=61573862347231","https:\/\/www.instagram.com\/diwine.ee"]}]}},"jetpack_sharing_enabled":true,"_links":{"self":[{"href":"https:\/\/diwine.ee\/en\/wp-json\/wp\/v2\/product\/28222","targetHints":{"allow":["GET"]}}],"collection":[{"href":"https:\/\/diwine.ee\/en\/wp-json\/wp\/v2\/product"}],"about":[{"href":"https:\/\/diwine.ee\/en\/wp-json\/wp\/v2\/types\/product"}],"version-history":[{"count":0,"href":"https:\/\/diwine.ee\/en\/wp-json\/wp\/v2\/product\/28222\/revisions"}],"wp:featuredmedia":[{"embeddable":true,"href":"https:\/\/diwine.ee\/en\/wp-json\/wp\/v2\/media\/28223"}],"wp:attachment":[{"href":"https:\/\/diwine.ee\/en\/wp-json\/wp\/v2\/media?parent=28222"}],"wp:term":[{"taxonomy":"product_brand","embeddable":true,"href":"https:\/\/diwine.ee\/en\/wp-json\/wp\/v2\/product_brand?post=28222"},{"taxonomy":"product_cat","embeddable":true,"href":"https:\/\/diwine.ee\/en\/wp-json\/wp\/v2\/product_cat?post=28222"},{"taxonomy":"product_tag","embeddable":true,"href":"https:\/\/diwine.ee\/en\/wp-json\/wp\/v2\/product_tag?post=28222"}],"curies":[{"name":"wp","href":"https:\/\/api.w.org\/{rel}","templated":true}]}}