{"id":28235,"date":"2025-12-02T10:13:54","date_gmt":"2025-12-02T08:13:54","guid":{"rendered":"https:\/\/diwine.ee\/?post_type=product&#038;p=28235"},"modified":"2026-01-27T20:57:00","modified_gmt":"2026-01-27T18:57:00","slug":"piollot-come-des-tallants","status":"publish","type":"product","link":"https:\/\/diwine.ee\/en\/product\/piollot-come-des-tallants\/","title":{"rendered":"Piollot C\u00f4me des Tallants \u2013 Brut Nature"},"content":{"rendered":"<div data-elementor-type=\"wp-post\" data-elementor-id=\"28235\" class=\"elementor elementor-28235\">\n\t\t\t\t<div class=\"wd-negative-gap elementor-element elementor-element-b496628 e-grid e-con-boxed e-con e-parent\" data-id=\"b496628\" data-element_type=\"container\" data-e-type=\"container\">\n\t\t\t\t\t<div class=\"e-con-inner\">\n\t\t\t\t<div class=\"elementor-element elementor-element-aa23989 elementor-widget elementor-widget-wd_text_block\" data-id=\"aa23989\" data-element_type=\"widget\" data-e-type=\"widget\" data-widget_type=\"wd_text_block.default\">\n\t\t\t\t<div class=\"elementor-widget-container\">\n\t\t\t\t\t\t\t<div class=\"wd-text-block reset-last-child text-left\">\n\t\t\t\n\t\t\t<h3 class=\"cvGsUA direction-ltr align-justify para-style-body\"><span class=\"OYPEnA font-feature-liga-off font-feature-clig-off font-feature-calt-off text-decoration-none text-strikethrough-none\">Veini lugu:<\/span><\/h3><p data-start=\"638\" data-end=\"856\"><em data-start=\"638\" data-end=\"657\">C\u00f4me des Tallants<\/em> on \u00fcks Piollot\u2019 perekonna k\u00f5ige iseloomulikumaid cuv\u00e9e\u2019sid \u2014 \u0161ampanja, mis s\u00fcndib 1988. aastal istutatud Pinot Noir\u2019i p\u00f5llul, ja mis v\u00e4ljendab C\u00f4te des Bar\u2019i geoloogilist rikkust v\u00e4ga vahetul kujul.<\/p><p data-start=\"858\" data-end=\"1251\">Viinapuuaed asub <strong data-start=\"875\" data-end=\"898\">l\u00f5unapoolsel n\u00f5lval<\/strong>, p\u00fc\u00fcdes p\u00e4ikese soojust ja luues Pinot Noir\u2019ile k\u00fcpsuse, mis v\u00e4ljendub veinina s\u00fcgava viljakuse ja k\u00fcllusliku tekstuurina. Samal ajal on p\u00f5llu alus <strong data-start=\"1047\" data-end=\"1092\">Marne\u2019i savi ning Kimmeridgiani lubjakivi<\/strong>, mis annab veinile struktuuri, mineraalset pinget ja pikki, kiviseid jooni.<br data-start=\"1168\" data-end=\"1171\" \/>See kontrast \u2014 soe asetus ja kivine pinnas \u2014 ongi C\u00f4me des Tallants\u2019i signatuur.<\/p><p data-start=\"1253\" data-end=\"1483\">Piollot\u2019 perekond harib maad <strong data-start=\"1282\" data-end=\"1319\">orgaaniliselt ja biod\u00fcnaamiliselt<\/strong>, k\u00e4sitsi ning minimaalse sekkumisega. Tulemuseks on vein, mis ei ole tehnoloogiline, vaid loomulik \u2014 terroir\u2019i vahetu peegeldusega, ilma kosmeetika ja ilustusteta.<\/p><p data-start=\"536\" data-end=\"1111\"><span style=\"color: #1b1919; font-size: 22px;\">Veini valmistamine:<\/span><\/p><p data-start=\"1519\" data-end=\"1731\"><strong data-start=\"1519\" data-end=\"1532\">Viinamari:<\/strong> 100% Pinot Noir<br data-start=\"1548\" data-end=\"1551\" \/><strong data-start=\"1551\" data-end=\"1572\">Viinapuude vanus:<\/strong> istutatud 1988<br data-start=\"1587\" data-end=\"1590\" \/><strong data-start=\"1590\" data-end=\"1601\">Pinnas:<\/strong> Marne (savi) + Kimmeridgiani lubjakivi<br data-start=\"1640\" data-end=\"1643\" \/><strong data-start=\"1643\" data-end=\"1653\">Asend:<\/strong> l\u00f5unapoolne n\u00f5lv (k\u00fcps marjasus)<br data-start=\"1686\" data-end=\"1689\" \/><strong data-start=\"1689\" data-end=\"1702\">Kasvatus:<\/strong> orgaaniline &amp; biod\u00fcnaamiline<\/p><p data-start=\"1733\" data-end=\"2083\"><strong data-start=\"1733\" data-end=\"1752\">Vinifikatsioon:<\/strong><br data-start=\"1752\" data-end=\"1755\" \/>\u2022 destemming: ei<br data-start=\"1771\" data-end=\"1774\" \/>\u2022 maceration: ei<br data-start=\"1790\" data-end=\"1793\" \/>\u2022 k\u00e4\u00e4ritamine <strong data-start=\"1807\" data-end=\"1845\">roostevabast terases (steel tanks)<\/strong> \u2013 neutraalne, t\u00e4pne, ilma puidu m\u00f5juta<br data-start=\"1884\" data-end=\"1887\" \/>\u2022 k\u00fcpsemine <strong data-start=\"1899\" data-end=\"1923\">roostevabast terases<\/strong><br data-start=\"1923\" data-end=\"1926\" \/>\u2022 laagerdusaeg: <strong data-start=\"1942\" data-end=\"1954\">4 aastat<\/strong> p\u00e4rmisettel<br data-start=\"1966\" data-end=\"1969\" \/>\u2022 racking: jah<br data-start=\"1983\" data-end=\"1986\" \/>\u2022 selitus \/ filtratsioon: ei<br data-start=\"2014\" data-end=\"2017\" \/>\u2022 SO\u2082: jah (v\u00e4ike tehniline kogus)<br data-start=\"2051\" data-end=\"2054\" \/>\u2022 dosage: Brut Nature (0 g\/l)<\/p><p data-start=\"2085\" data-end=\"2204\">See on \u00fcks Piolloti k\u00f5ige \u201cjoonestatud\u201d cuv\u00e9e\u2019sid \u2014 Pinot Noir, mis avaneb v\u00e4ga puhtalt, ilma tamme ja ilma magususeta.<\/p>\n\t\t\t\t\t<\/div>\n\t\t\t\t\t\t<\/div>\n\t\t\t\t<\/div>\n\t\t\t\t<div class=\"elementor-element elementor-element-f22db15 elementor-widget elementor-widget-wd_text_block\" data-id=\"f22db15\" data-element_type=\"widget\" data-e-type=\"widget\" data-widget_type=\"wd_text_block.default\">\n\t\t\t\t<div class=\"elementor-widget-container\">\n\t\t\t\t\t\t\t<div class=\"wd-text-block reset-last-child text-left\">\n\t\t\t\n\t\t\t<h3 class=\"cvGsUA direction-ltr align-justify para-style-body\"><span class=\"OYPEnA font-feature-liga-off font-feature-clig-off font-feature-calt-off text-decoration-none text-strikethrough-none\">Maitsenoodid:<\/span><\/h3><p data-start=\"2234\" data-end=\"2464\">Aroomis: k\u00fcps kirss, maasikajogurt, punane s\u00f5star, kergelt suitsune lubjakivi, roosipipar, mahe \u00fcrdikus.<br data-start=\"2338\" data-end=\"2341\" \/>Taustal segunevad tsitrusekoor, mee\u00f5rn toon ja kerge mesine kreemisus, mis p\u00e4rineb pika p\u00e4rmisettel k\u00fcpsemise tulemusena.<\/p><p data-start=\"2466\" data-end=\"2768\">Maitses: vein on j\u00f5uline ja sirge joonisega. Alguses marjane (kirss, metsmaasikas), seej\u00e4rel t\u00f5useb esile v\u00e4rske tsitruseline hape ja pikk soolakas mineraalsus.<br data-start=\"2626\" data-end=\"2629\" \/>Tekstuur on siidine, kerge kreemisusega, kuid samal ajal v\u00e4ga fokusseeritud ja energiline.<br data-start=\"2719\" data-end=\"2722\" \/>J\u00e4relmaitse on kuiv, pikk ja soojalt v\u00fcrtsine.<\/p><h3 class=\"cvGsUA direction-ltr align-justify para-style-body\"><span class=\"OYPEnA font-feature-liga-off font-feature-clig-off font-feature-calt-off text-decoration-none text-strikethrough-none\">Toidusoovitus:<\/span><\/h3><p data-start=\"2801\" data-end=\"3156\">\u2022 pardifilee, vutt v\u00f5i vasikaliha \u00fcrdiv\u00f5iga<br data-start=\"2844\" data-end=\"2847\" \/>\u2022 kergelt suitsutatud l\u00f5he v\u00f5i forell<br data-start=\"2884\" data-end=\"2887\" \/>\u2022 grillitud v\u00f5i r\u00f6stitud juurviljad (pastinaak, peet, seller)<br data-start=\"2948\" data-end=\"2951\" \/>\u2022 seenekreem, risoto tr\u00fchvli v\u00f5i metsaseentega<br data-start=\"2997\" data-end=\"3000\" \/>\u2022 Comt\u00e9, Gruy\u00e8re ja muud mahedamalt p\u00e4hklised juustud<br data-start=\"3053\" data-end=\"3056\" \/>\u2022 sobib suurep\u00e4raselt ka j\u00f5ulisemate suupistete k\u00f5rvale (kuivatatud vorstid, \u00f5hulised lihapasteedid)<\/p><p data-start=\"3158\" data-end=\"3248\"><em data-start=\"3158\" data-end=\"3177\">C\u00f4me des Tallants<\/em> on gastronoomiline \u0161ampanja, mis sobib ideaalselt s\u00f6\u00f6gilaua keskmesse.<\/p>\n\t\t\t\t\t<\/div>\n\t\t\t\t\t\t<\/div>\n\t\t\t\t<\/div>\n\t\t\t\t<div class=\"elementor-element elementor-element-79dff25 elementor-widget elementor-widget-wd_text_block\" data-id=\"79dff25\" data-element_type=\"widget\" data-e-type=\"widget\" data-widget_type=\"wd_text_block.default\">\n\t\t\t\t<div class=\"elementor-widget-container\">\n\t\t\t\t\t\t\t<div class=\"wd-text-block reset-last-child text-left\">\n\t\t\t\n\t\t\t<h3 class=\"cvGsUA direction-ltr align-justify para-style-body\"><span class=\"OYPEnA font-feature-liga-off font-feature-clig-off font-feature-calt-off text-decoration-none text-strikethrough-none\">S\u00e4ilitamispotentsiaal:<\/span><\/h3><p data-start=\"30\" data-end=\"380\">2024\u20132033+<br data-start=\"3573\" data-end=\"3576\" \/>Aja jooksul lisandub brioche\u2019i, r\u00f6stitud p\u00e4hklit, kuivatatud kirsi ja s\u00fcgavama mineraalsuse kihte.<\/p><h3 class=\"cvGsUA direction-ltr align-justify para-style-body\"><span class=\"OYPEnA font-feature-liga-off font-feature-clig-off font-feature-calt-off text-decoration-none text-strikethrough-none\">Hinnangud &amp; tunnustused:<\/span><\/h3><p>\u2022 <strong data-start=\"3445\" data-end=\"3485\">Vinous (varasemad partii-hinnangud):<\/strong> 92\u201393 punkti \u2014 \u201cEnergiast pakatav, v\u00e4ga selge mineraalse kontuuriga Pinot Noir.\u201d<br data-start=\"3566\" data-end=\"3569\" \/>\u2022 <strong data-start=\"3571\" data-end=\"3589\">Wine Advocate:<\/strong> kiitnud cuv\u00e9e\u2019d selle \u201ct\u00e4psuse, j\u00f5u ja s\u00fcgava terroir\u2019i ekspressiooni\u201d eest.<br data-start=\"3666\" data-end=\"3669\" \/>\u2022 <strong data-start=\"3671\" data-end=\"3698\">Revue du Vin de France:<\/strong> nimetanud C\u00f4me des Tallants\u2019i \u201cv\u00f5rdkujuks C\u00f4te des Bar\u2019i Pinot Noir\u2019i k\u00fcpsuse ja mineraalsuse tasakaalule.\u201d<\/p>\n\t\t\t\t\t<\/div>\n\t\t\t\t\t\t<\/div>\n\t\t\t\t<\/div>\n\t\t\t\t\t<\/div>\n\t\t\t\t<\/div>\n\t\t\t\t<\/div>","protected":false},"excerpt":{"rendered":"<p>Struktureeritud ja mineraalne 100% Pinot Noir \u0161ampanja l\u00f5unapoolsel n\u00f5lval kasvavatelt 1988. aasta viinapuudelt, mis toob klaasi soojuse, s\u00fcgavuse ja r\u00fctmika lubjakivise selgroo.<\/p>","protected":false},"featured_media":28237,"template":"","meta":[],"product_brand":[176],"product_cat":[29,93],"product_tag":[],"class_list":{"0":"post-28235","1":"product","2":"type-product","3":"status-publish","4":"has-post-thumbnail","6":"product_brand-piollot","7":"product_cat-koik-tooted","8":"product_cat-sampanja","9":"pa_piirkond-champagne","10":"pa_viinamarjasort-pinot-noir","12":"first","13":"instock","14":"featured","15":"taxable","16":"shipping-taxable","17":"purchasable","18":"product-type-simple"},"yoast_head":"<!-- This site is optimized with the Yoast SEO plugin v27.4 - https:\/\/yoast.com\/product\/yoast-seo-wordpress\/ -->\n<title>Piollot C\u00f4me des Tallants \u2013 Brut Nature - diWine &ndash; Premium kvaliteetveinid &uuml;le maailma | Eesti veinipood<\/title>\n<meta name=\"robots\" content=\"index, follow, max-snippet:-1, max-image-preview:large, max-video-preview:-1\" \/>\n<link rel=\"canonical\" href=\"https:\/\/diwine.ee\/en\/product\/piollot-come-des-tallants\/\" \/>\n<meta property=\"og:locale\" content=\"en_GB\" \/>\n<meta property=\"og:type\" content=\"article\" \/>\n<meta property=\"og:title\" content=\"Piollot C\u00f4me des Tallants \u2013 Brut Nature - diWine &ndash; Premium kvaliteetveinid &uuml;le maailma | Eesti veinipood\" \/>\n<meta property=\"og:description\" content=\"Struktureeritud ja mineraalne 100% Pinot Noir \u0161ampanja l\u00f5unapoolsel n\u00f5lval kasvavatelt 1988. aasta viinapuudelt, mis toob klaasi soojuse, s\u00fcgavuse ja r\u00fctmika lubjakivise selgroo.\" \/>\n<meta property=\"og:url\" content=\"https:\/\/diwine.ee\/en\/product\/piollot-come-des-tallants\/\" \/>\n<meta property=\"og:site_name\" content=\"diWine &ndash; Premium kvaliteetveinid &uuml;le maailma | Eesti veinipood\" \/>\n<meta property=\"article:publisher\" content=\"https:\/\/www.facebook.com\/profile.php?id=61573862347231\" \/>\n<meta property=\"article:modified_time\" content=\"2026-01-27T18:57:00+00:00\" \/>\n<meta property=\"og:image\" content=\"https:\/\/diwine.ee\/wp-content\/uploads\/2025\/12\/come-des-tallants_800x800.png\" \/>\n\t<meta property=\"og:image:width\" content=\"800\" \/>\n\t<meta property=\"og:image:height\" content=\"800\" \/>\n\t<meta property=\"og:image:type\" content=\"image\/png\" \/>\n<meta name=\"twitter:card\" content=\"summary_large_image\" \/>\n<meta name=\"twitter:label1\" content=\"Estimated reading time\" \/>\n\t<meta name=\"twitter:data1\" content=\"3 minutes\" \/>\n<script type=\"application\/ld+json\" class=\"yoast-schema-graph\">{\"@context\":\"https:\\\/\\\/schema.org\",\"@graph\":[{\"@type\":\"WebPage\",\"@id\":\"https:\\\/\\\/diwine.ee\\\/product\\\/piollot-come-des-tallants\\\/\",\"url\":\"https:\\\/\\\/diwine.ee\\\/product\\\/piollot-come-des-tallants\\\/\",\"name\":\"Piollot C\u00f4me des Tallants \u2013 Brut Nature - diWine &ndash; Premium kvaliteetveinid &uuml;le maailma | Eesti veinipood\",\"isPartOf\":{\"@id\":\"https:\\\/\\\/diwine.ee\\\/#website\"},\"primaryImageOfPage\":{\"@id\":\"https:\\\/\\\/diwine.ee\\\/product\\\/piollot-come-des-tallants\\\/#primaryimage\"},\"image\":{\"@id\":\"https:\\\/\\\/diwine.ee\\\/product\\\/piollot-come-des-tallants\\\/#primaryimage\"},\"thumbnailUrl\":\"https:\\\/\\\/diwine.ee\\\/wp-content\\\/uploads\\\/2025\\\/12\\\/come-des-tallants_800x800.png\",\"datePublished\":\"2025-12-02T08:13:54+00:00\",\"dateModified\":\"2026-01-27T18:57:00+00:00\",\"breadcrumb\":{\"@id\":\"https:\\\/\\\/diwine.ee\\\/product\\\/piollot-come-des-tallants\\\/#breadcrumb\"},\"inLanguage\":\"en-GB\",\"potentialAction\":[{\"@type\":\"ReadAction\",\"target\":[\"https:\\\/\\\/diwine.ee\\\/product\\\/piollot-come-des-tallants\\\/\"]}]},{\"@type\":\"ImageObject\",\"inLanguage\":\"en-GB\",\"@id\":\"https:\\\/\\\/diwine.ee\\\/product\\\/piollot-come-des-tallants\\\/#primaryimage\",\"url\":\"https:\\\/\\\/diwine.ee\\\/wp-content\\\/uploads\\\/2025\\\/12\\\/come-des-tallants_800x800.png\",\"contentUrl\":\"https:\\\/\\\/diwine.ee\\\/wp-content\\\/uploads\\\/2025\\\/12\\\/come-des-tallants_800x800.png\",\"width\":800,\"height\":800},{\"@type\":\"BreadcrumbList\",\"@id\":\"https:\\\/\\\/diwine.ee\\\/product\\\/piollot-come-des-tallants\\\/#breadcrumb\",\"itemListElement\":[{\"@type\":\"ListItem\",\"position\":1,\"name\":\"Home\",\"item\":\"https:\\\/\\\/diwine.ee\\\/\"},{\"@type\":\"ListItem\",\"position\":2,\"name\":\"e-pood\",\"item\":\"https:\\\/\\\/diwine.ee\\\/tooted\\\/\"},{\"@type\":\"ListItem\",\"position\":3,\"name\":\"Piollot C\u00f4me des Tallants \u2013 Brut Nature\"}]},{\"@type\":\"WebSite\",\"@id\":\"https:\\\/\\\/diwine.ee\\\/#website\",\"url\":\"https:\\\/\\\/diwine.ee\\\/\",\"name\":\"diWine \u2013 Premium kvaliteetveinid \u00fcle maailma | Eesti veinipood\",\"description\":\"Avasta diWine&#039;i hoolikalt valitud kvaliteetveinid maailma tippveinipiirkondadest. Eksklusiivsed punaveinid, valged veinid, vahuveinid ja eriveinid sinu erilisteks hetkedeks.\",\"publisher\":{\"@id\":\"https:\\\/\\\/diwine.ee\\\/#organization\"},\"potentialAction\":[{\"@type\":\"SearchAction\",\"target\":{\"@type\":\"EntryPoint\",\"urlTemplate\":\"https:\\\/\\\/diwine.ee\\\/?s={search_term_string}\"},\"query-input\":{\"@type\":\"PropertyValueSpecification\",\"valueRequired\":true,\"valueName\":\"search_term_string\"}}],\"inLanguage\":\"en-GB\"},{\"@type\":\"Organization\",\"@id\":\"https:\\\/\\\/diwine.ee\\\/#organization\",\"name\":\"diWine veinipood\",\"url\":\"https:\\\/\\\/diwine.ee\\\/\",\"logo\":{\"@type\":\"ImageObject\",\"inLanguage\":\"en-GB\",\"@id\":\"https:\\\/\\\/diwine.ee\\\/#\\\/schema\\\/logo\\\/image\\\/\",\"url\":\"https:\\\/\\\/diwine.ee\\\/wp-content\\\/uploads\\\/2025\\\/04\\\/diWine-1080-x-1080-px.png\",\"contentUrl\":\"https:\\\/\\\/diwine.ee\\\/wp-content\\\/uploads\\\/2025\\\/04\\\/diWine-1080-x-1080-px.png\",\"width\":1080,\"height\":1080,\"caption\":\"diWine veinipood\"},\"image\":{\"@id\":\"https:\\\/\\\/diwine.ee\\\/#\\\/schema\\\/logo\\\/image\\\/\"},\"sameAs\":[\"https:\\\/\\\/www.facebook.com\\\/profile.php?id=61573862347231\",\"https:\\\/\\\/www.instagram.com\\\/diwine.ee\"]}]}<\/script>\n<!-- \/ Yoast SEO plugin. -->","yoast_head_json":{"title":"Piollot C\u00f4me des Tallants \u2013 Brut Nature - diWine &ndash; Premium kvaliteetveinid &uuml;le maailma | Eesti veinipood","robots":{"index":"index","follow":"follow","max-snippet":"max-snippet:-1","max-image-preview":"max-image-preview:large","max-video-preview":"max-video-preview:-1"},"canonical":"https:\/\/diwine.ee\/en\/product\/piollot-come-des-tallants\/","og_locale":"en_GB","og_type":"article","og_title":"Piollot C\u00f4me des Tallants \u2013 Brut Nature - diWine &ndash; Premium kvaliteetveinid &uuml;le maailma | Eesti veinipood","og_description":"Struktureeritud ja mineraalne 100% Pinot Noir \u0161ampanja l\u00f5unapoolsel n\u00f5lval kasvavatelt 1988. aasta viinapuudelt, mis toob klaasi soojuse, s\u00fcgavuse ja r\u00fctmika lubjakivise selgroo.","og_url":"https:\/\/diwine.ee\/en\/product\/piollot-come-des-tallants\/","og_site_name":"diWine &ndash; Premium kvaliteetveinid &uuml;le maailma | Eesti veinipood","article_publisher":"https:\/\/www.facebook.com\/profile.php?id=61573862347231","article_modified_time":"2026-01-27T18:57:00+00:00","og_image":[{"width":800,"height":800,"url":"https:\/\/diwine.ee\/wp-content\/uploads\/2025\/12\/come-des-tallants_800x800.png","type":"image\/png"}],"twitter_card":"summary_large_image","twitter_misc":{"Estimated reading time":"3 minutes"},"schema":{"@context":"https:\/\/schema.org","@graph":[{"@type":"WebPage","@id":"https:\/\/diwine.ee\/product\/piollot-come-des-tallants\/","url":"https:\/\/diwine.ee\/product\/piollot-come-des-tallants\/","name":"Piollot C\u00f4me des Tallants \u2013 Brut Nature - diWine &ndash; Premium kvaliteetveinid &uuml;le maailma | Eesti veinipood","isPartOf":{"@id":"https:\/\/diwine.ee\/#website"},"primaryImageOfPage":{"@id":"https:\/\/diwine.ee\/product\/piollot-come-des-tallants\/#primaryimage"},"image":{"@id":"https:\/\/diwine.ee\/product\/piollot-come-des-tallants\/#primaryimage"},"thumbnailUrl":"https:\/\/diwine.ee\/wp-content\/uploads\/2025\/12\/come-des-tallants_800x800.png","datePublished":"2025-12-02T08:13:54+00:00","dateModified":"2026-01-27T18:57:00+00:00","breadcrumb":{"@id":"https:\/\/diwine.ee\/product\/piollot-come-des-tallants\/#breadcrumb"},"inLanguage":"en-GB","potentialAction":[{"@type":"ReadAction","target":["https:\/\/diwine.ee\/product\/piollot-come-des-tallants\/"]}]},{"@type":"ImageObject","inLanguage":"en-GB","@id":"https:\/\/diwine.ee\/product\/piollot-come-des-tallants\/#primaryimage","url":"https:\/\/diwine.ee\/wp-content\/uploads\/2025\/12\/come-des-tallants_800x800.png","contentUrl":"https:\/\/diwine.ee\/wp-content\/uploads\/2025\/12\/come-des-tallants_800x800.png","width":800,"height":800},{"@type":"BreadcrumbList","@id":"https:\/\/diwine.ee\/product\/piollot-come-des-tallants\/#breadcrumb","itemListElement":[{"@type":"ListItem","position":1,"name":"Home","item":"https:\/\/diwine.ee\/"},{"@type":"ListItem","position":2,"name":"e-pood","item":"https:\/\/diwine.ee\/tooted\/"},{"@type":"ListItem","position":3,"name":"Piollot C\u00f4me des Tallants \u2013 Brut Nature"}]},{"@type":"WebSite","@id":"https:\/\/diwine.ee\/#website","url":"https:\/\/diwine.ee\/","name":"diWine \u2013 Premium kvaliteetveinid \u00fcle maailma | Eesti veinipood","description":"Avasta diWine&#039;i hoolikalt valitud kvaliteetveinid maailma tippveinipiirkondadest. Eksklusiivsed punaveinid, valged veinid, vahuveinid ja eriveinid sinu erilisteks hetkedeks.","publisher":{"@id":"https:\/\/diwine.ee\/#organization"},"potentialAction":[{"@type":"SearchAction","target":{"@type":"EntryPoint","urlTemplate":"https:\/\/diwine.ee\/?s={search_term_string}"},"query-input":{"@type":"PropertyValueSpecification","valueRequired":true,"valueName":"search_term_string"}}],"inLanguage":"en-GB"},{"@type":"Organization","@id":"https:\/\/diwine.ee\/#organization","name":"diWine veinipood","url":"https:\/\/diwine.ee\/","logo":{"@type":"ImageObject","inLanguage":"en-GB","@id":"https:\/\/diwine.ee\/#\/schema\/logo\/image\/","url":"https:\/\/diwine.ee\/wp-content\/uploads\/2025\/04\/diWine-1080-x-1080-px.png","contentUrl":"https:\/\/diwine.ee\/wp-content\/uploads\/2025\/04\/diWine-1080-x-1080-px.png","width":1080,"height":1080,"caption":"diWine veinipood"},"image":{"@id":"https:\/\/diwine.ee\/#\/schema\/logo\/image\/"},"sameAs":["https:\/\/www.facebook.com\/profile.php?id=61573862347231","https:\/\/www.instagram.com\/diwine.ee"]}]}},"jetpack_sharing_enabled":true,"_links":{"self":[{"href":"https:\/\/diwine.ee\/en\/wp-json\/wp\/v2\/product\/28235","targetHints":{"allow":["GET"]}}],"collection":[{"href":"https:\/\/diwine.ee\/en\/wp-json\/wp\/v2\/product"}],"about":[{"href":"https:\/\/diwine.ee\/en\/wp-json\/wp\/v2\/types\/product"}],"version-history":[{"count":0,"href":"https:\/\/diwine.ee\/en\/wp-json\/wp\/v2\/product\/28235\/revisions"}],"wp:featuredmedia":[{"embeddable":true,"href":"https:\/\/diwine.ee\/en\/wp-json\/wp\/v2\/media\/28237"}],"wp:attachment":[{"href":"https:\/\/diwine.ee\/en\/wp-json\/wp\/v2\/media?parent=28235"}],"wp:term":[{"taxonomy":"product_brand","embeddable":true,"href":"https:\/\/diwine.ee\/en\/wp-json\/wp\/v2\/product_brand?post=28235"},{"taxonomy":"product_cat","embeddable":true,"href":"https:\/\/diwine.ee\/en\/wp-json\/wp\/v2\/product_cat?post=28235"},{"taxonomy":"product_tag","embeddable":true,"href":"https:\/\/diwine.ee\/en\/wp-json\/wp\/v2\/product_tag?post=28235"}],"curies":[{"name":"wp","href":"https:\/\/api.w.org\/{rel}","templated":true}]}}