{"id":28242,"date":"2025-12-02T10:20:38","date_gmt":"2025-12-02T08:20:38","guid":{"rendered":"https:\/\/diwine.ee\/?post_type=product&#038;p=28242"},"modified":"2025-12-15T17:00:33","modified_gmt":"2025-12-15T15:00:33","slug":"piollot-les-protelles-2019","status":"publish","type":"product","link":"https:\/\/diwine.ee\/en\/product\/piollot-les-protelles-2019\/","title":{"rendered":"Piollot Ros\u00e9 Les Protelles 2019 &#8211; Brut Nature"},"content":{"rendered":"<div data-elementor-type=\"wp-post\" data-elementor-id=\"28242\" class=\"elementor elementor-28242\">\n\t\t\t\t<div class=\"wd-negative-gap elementor-element elementor-element-b496628 e-grid e-con-boxed e-con e-parent\" data-id=\"b496628\" data-element_type=\"container\" data-e-type=\"container\">\n\t\t\t\t\t<div class=\"e-con-inner\">\n\t\t\t\t<div class=\"elementor-element elementor-element-aa23989 elementor-widget elementor-widget-wd_text_block\" data-id=\"aa23989\" data-element_type=\"widget\" data-e-type=\"widget\" data-widget_type=\"wd_text_block.default\">\n\t\t\t\t<div class=\"elementor-widget-container\">\n\t\t\t\t\t\t\t<div class=\"wd-text-block reset-last-child text-left\">\n\t\t\t\n\t\t\t<h3 class=\"cvGsUA direction-ltr align-justify para-style-body\"><span class=\"OYPEnA font-feature-liga-off font-feature-clig-off font-feature-calt-off text-decoration-none text-strikethrough-none\">Veini lugu:<\/span><\/h3><p data-start=\"643\" data-end=\"997\"><em data-start=\"643\" data-end=\"658\">Les Protelles<\/em> on Piollot\u2019 perekonna ros\u00e9, mis s\u00fcnnib terroir\u2019i k\u00f5ige ausamal kujul: ilma saign\u00e9e meetodita, ilma v\u00e4rvimise v\u00f5i korrigeerimiseta, vaid <strong data-start=\"795\" data-end=\"817\">p\u00e4ris maceration\u2019i<\/strong> teel. Pinot Noir marjad seisavad koos kestadega 96 tundi \u2014 pikk, kuid kontrollitud periood, mis annab veinile s\u00fcgavpunase kuju, rikkalikud marjatanniinid ja v\u00e4ga selge struktuuri.<\/p><p data-start=\"999\" data-end=\"1263\">Viinapuuaed asub <strong data-start=\"1016\" data-end=\"1039\">l\u00f5unapoolsel n\u00f5lval<\/strong> Polisot\u2019 k\u00fclas ning on 40 aastat vana. Selline vanus tagab madalama saagi, kontsentreeritud marjad ja k\u00fcpse maitseprofiili.<br data-start=\"1163\" data-end=\"1166\" \/>Pinnaseks on <strong data-start=\"1179\" data-end=\"1206\">Kimmeridgiani lubjakivi<\/strong>, mis lisab veinile \u201ckivist\u201d s\u00fcdamikku ja soolakat l\u00f5ppu.<\/p><p data-start=\"1265\" data-end=\"1444\"><em data-start=\"1265\" data-end=\"1280\">Les Protelles<\/em> on ros\u00e9, mis ei ole suhkru ega tehnika poolt silutud \u2014 see on ehe, s\u00fcgav ja ideaalne valik neile, kes eelistavad ros\u00e9-s t\u00f5elist karakterit ja t\u00f5elist Pinot Noir\u2019i.<\/p><p data-start=\"536\" data-end=\"1111\"><span style=\"color: #1b1919; font-size: 22px;\">Veini valmistamine:<\/span><\/p><p data-start=\"1480\" data-end=\"1657\"><strong data-start=\"1480\" data-end=\"1493\">Viinamari:<\/strong> 100% Pinot Noir<br data-start=\"1509\" data-end=\"1512\" \/><strong data-start=\"1512\" data-end=\"1533\">Viinapuude vanus:<\/strong> ~40 aastat<br data-start=\"1544\" data-end=\"1547\" \/><strong data-start=\"1547\" data-end=\"1558\">Pinnas:<\/strong> Kimmeridgiani lubjakivi<br data-start=\"1582\" data-end=\"1585\" \/><strong data-start=\"1585\" data-end=\"1595\">Asend:<\/strong> l\u00f5unapoolne n\u00f5lv<br data-start=\"1612\" data-end=\"1615\" \/><strong data-start=\"1615\" data-end=\"1628\">Kasvatus:<\/strong> orgaaniline &amp; biod\u00fcnaamiline<\/p><p data-start=\"1659\" data-end=\"1968\"><strong data-start=\"1659\" data-end=\"1678\">Vinifikatsioon:<\/strong><br data-start=\"1678\" data-end=\"1681\" \/>\u2022 destemming: ei<br data-start=\"1697\" data-end=\"1700\" \/>\u2022 maceration: <strong data-start=\"1714\" data-end=\"1726\">96 tundi<\/strong> kestadega \u2714<br data-start=\"1738\" data-end=\"1741\" \/>\u2022 k\u00e4\u00e4ritamine: <strong data-start=\"1756\" data-end=\"1794\">roostevabast terases (steel tanks)<\/strong><br data-start=\"1794\" data-end=\"1797\" \/>\u2022 k\u00fcpsemine: <strong data-start=\"1810\" data-end=\"1834\">roostevabast terases<\/strong><br data-start=\"1834\" data-end=\"1837\" \/>\u2022 laagerdusaeg: <strong data-start=\"1853\" data-end=\"1865\">3 aastat<\/strong><br data-start=\"1865\" data-end=\"1868\" \/>\u2022 racking: ei<br data-start=\"1881\" data-end=\"1884\" \/>\u2022 selitus \/ filtratsioon: jah (kergelt)<br data-start=\"1923\" data-end=\"1926\" \/>\u2022 SO\u2082: jah<br data-start=\"1936\" data-end=\"1939\" \/>\u2022 dosage: Brut Nature (0 g\/l)<\/p><p data-start=\"1970\" data-end=\"2112\">See on t\u00f5eline <em data-start=\"1985\" data-end=\"2005\">ros\u00e9 de mac\u00e9ration<\/em> \u2014 mitte elegantne, vaid t\u00f5sine; mitte \u00f5rn, vaid j\u00f5uline; mitte roosa mullijook, vaid gastronoomiline vein.<\/p>\n\t\t\t\t\t<\/div>\n\t\t\t\t\t\t<\/div>\n\t\t\t\t<\/div>\n\t\t\t\t<div class=\"elementor-element elementor-element-f22db15 elementor-widget elementor-widget-wd_text_block\" data-id=\"f22db15\" data-element_type=\"widget\" data-e-type=\"widget\" data-widget_type=\"wd_text_block.default\">\n\t\t\t\t<div class=\"elementor-widget-container\">\n\t\t\t\t\t\t\t<div class=\"wd-text-block reset-last-child text-left\">\n\t\t\t\n\t\t\t<h3 class=\"cvGsUA direction-ltr align-justify para-style-body\"><span class=\"OYPEnA font-feature-liga-off font-feature-clig-off font-feature-calt-off text-decoration-none text-strikethrough-none\">Maitsenoodid:<\/span><\/h3><p data-start=\"2142\" data-end=\"2574\">Aroomis: k\u00fcps maasikas, punane kirss, vaarikas, granaat\u00f5un, roos, hibiskus ja kerge metsaseene v\u00f5i maa noot, mis tuleneb pikast kestakontaktist.<br data-start=\"2286\" data-end=\"2289\" \/>Maitses: mahlakas, tummine ja s\u00e4rtsaka happega. Punased marjad segunevad kerge tanniiniga, mis loob ros\u00e9-s haruldase struktuuri. Tekstuur on siidine, aga j\u00f5uliselt toetatud mineraalsuse ja pehme v\u00fcrtsikusega.<br data-start=\"2497\" data-end=\"2500\" \/>J\u00e4relmaitse: pikk, kuiv, soolaka kivise tooniga ja \u00f5rna \u00fcrdise teravusega.<\/p><p data-start=\"2576\" data-end=\"2670\"><em data-start=\"2576\" data-end=\"2591\">Les Protelles<\/em> on ros\u00e9, mis ei ole m\u00f5eldud \u201cterrassimulliks\u201d \u2014 see on vein, mis kannab toitu.<\/p><h3 class=\"cvGsUA direction-ltr align-justify para-style-body\"><span class=\"OYPEnA font-feature-liga-off font-feature-clig-off font-feature-calt-off text-decoration-none text-strikethrough-none\">Toidusoovitus:<\/span><\/h3><p data-start=\"2703\" data-end=\"2999\">\u2022 grillitud l\u00f5he, tuunikala, krevettide \u0161a\u0161l\u00f5kk<br data-start=\"2750\" data-end=\"2753\" \/>\u2022 tartar (nii veise- kui tuunikalatartar)<br data-start=\"2794\" data-end=\"2797\" \/>\u2022 r\u00f6stitud juurikad (peedid, pastinaak, seller)<br data-start=\"2844\" data-end=\"2847\" \/>\u2022 pardiliha, vutt, suitsutatud forell<br data-start=\"2884\" data-end=\"2887\" \/>\u2022 tr\u00fchvli ja metsaseentega pastad<br data-start=\"2920\" data-end=\"2923\" \/>\u2022 pehmemad, aromaatsed juustud (Tomme, Saint-Nectaire, valgehallitusjuustud)<\/p><p data-start=\"3001\" data-end=\"3127\">See ros\u00e9 sobib ka v\u00fcrtsikamate ja umamisemate maitsetega kui enamik Champagne ros\u00e9\u2019sid \u2014 just t\u00e4nu tanniinile ja struktuurile.<\/p>\n\t\t\t\t\t<\/div>\n\t\t\t\t\t\t<\/div>\n\t\t\t\t<\/div>\n\t\t\t\t<div class=\"elementor-element elementor-element-79dff25 elementor-widget elementor-widget-wd_text_block\" data-id=\"79dff25\" data-element_type=\"widget\" data-e-type=\"widget\" data-widget_type=\"wd_text_block.default\">\n\t\t\t\t<div class=\"elementor-widget-container\">\n\t\t\t\t\t\t\t<div class=\"wd-text-block reset-last-child text-left\">\n\t\t\t\n\t\t\t<h3 class=\"cvGsUA direction-ltr align-justify para-style-body\"><span class=\"OYPEnA font-feature-liga-off font-feature-clig-off font-feature-calt-off text-decoration-none text-strikethrough-none\">S\u00e4ilitamispotentsiaal:<\/span><\/h3><p data-start=\"30\" data-end=\"380\">2024\u20132030+<br data-start=\"3573\" data-end=\"3576\" \/>Aja jooksul lisanduvad kuivatatud maasika, roosi, \u00fcrtide ja metsaseene n\u00fcansid. Tekstuur muutub veelgi \u00fcmaramaks ja aromaatsemaks.<\/p><h3 class=\"cvGsUA direction-ltr align-justify para-style-body\"><span class=\"OYPEnA font-feature-liga-off font-feature-clig-off font-feature-calt-off text-decoration-none text-strikethrough-none\">Hinnangud &amp; tunnustused:<\/span><\/h3><p>\u2022 <strong data-start=\"3355\" data-end=\"3366\">Vinous:<\/strong> 91\u201393p (varasemad partii-kirjeldused) \u2014 \u201cGastronoomiline ja t\u00f5sise struktuuriga maceration ros\u00e9.\u201d<br data-start=\"3464\" data-end=\"3467\" \/>\u2022 <strong data-start=\"3469\" data-end=\"3487\">Wine Advocate:<\/strong> kiitnud cuv\u00e9e\u2019d selle \u201cj\u00f5ulise puuviljaprofiili ja mineraalse s\u00fcgavuse\u201d eest.<br data-start=\"3565\" data-end=\"3568\" \/>\u2022 <strong data-start=\"3570\" data-end=\"3578\">RVF:<\/strong> m\u00e4rkinud <em data-start=\"3588\" data-end=\"3605\">Les Protelles\u2019i<\/em> kui \u201c\u00fcks C\u00f4te des Bar\u2019i k\u00f5ige karakterrohkemaid ros\u00e9\u2019sid.\u201d<br data-start=\"3664\" data-end=\"3667\" \/>\u2022 Sommeljeede seas tuntud kui ros\u00e9, mis on \u201ct\u00f5eliselt toiduvein, mitte lihtsalt roosa mull\u201d.<\/p>\n\t\t\t\t\t<\/div>\n\t\t\t\t\t\t<\/div>\n\t\t\t\t<\/div>\n\t\t\t\t\t<\/div>\n\t\t\t\t<\/div>\n\t\t\t\t<\/div>","protected":false},"excerpt":{"rendered":"<p>Intensiivne ja gastronoomiline ros\u00e9 \u0161ampanja 100% Pinot Noir\u2019st, 96-tunnise maceration\u2019i ja l\u00f5unapoolse n\u00f5lva k\u00fcpsuse toel \u2014 s\u00fcgava v\u00e4rvi, rikkaliku marjalisuse ja kivise mineraalsusega Brut Nature ros\u00e9.<\/p>","protected":false},"featured_media":28243,"template":"","meta":[],"product_brand":[176],"product_cat":[29,93],"product_tag":[],"class_list":{"0":"post-28242","1":"product","2":"type-product","3":"status-publish","4":"has-post-thumbnail","6":"product_brand-piollot","7":"product_cat-koik-tooted","8":"product_cat-sampanja","9":"pa_piirkond-champagne","10":"pa_viinamarjasort-pinot-noir","12":"first","13":"instock","14":"featured","15":"taxable","16":"shipping-taxable","17":"purchasable","18":"product-type-simple"},"yoast_head":"<!-- This site is optimized with the Yoast SEO plugin v27.4 - https:\/\/yoast.com\/product\/yoast-seo-wordpress\/ -->\n<title>Piollot Ros\u00e9 Les Protelles 2019 - Brut Nature - diWine &ndash; Premium kvaliteetveinid &uuml;le maailma | Eesti veinipood<\/title>\n<meta name=\"robots\" content=\"index, follow, max-snippet:-1, max-image-preview:large, max-video-preview:-1\" \/>\n<link rel=\"canonical\" href=\"https:\/\/diwine.ee\/en\/product\/piollot-les-protelles-2019\/\" \/>\n<meta property=\"og:locale\" content=\"en_GB\" \/>\n<meta property=\"og:type\" content=\"article\" \/>\n<meta property=\"og:title\" content=\"Piollot Ros\u00e9 Les Protelles 2019 - Brut Nature - diWine &ndash; Premium kvaliteetveinid &uuml;le maailma | Eesti veinipood\" \/>\n<meta property=\"og:description\" content=\"Intensiivne ja gastronoomiline ros\u00e9 \u0161ampanja 100% Pinot Noir\u2019st, 96-tunnise maceration\u2019i ja l\u00f5unapoolse n\u00f5lva k\u00fcpsuse toel \u2014 s\u00fcgava v\u00e4rvi, rikkaliku marjalisuse ja kivise mineraalsusega Brut Nature ros\u00e9.\" \/>\n<meta property=\"og:url\" content=\"https:\/\/diwine.ee\/en\/product\/piollot-les-protelles-2019\/\" \/>\n<meta property=\"og:site_name\" content=\"diWine &ndash; Premium kvaliteetveinid &uuml;le maailma | Eesti veinipood\" \/>\n<meta property=\"article:publisher\" content=\"https:\/\/www.facebook.com\/profile.php?id=61573862347231\" \/>\n<meta property=\"article:modified_time\" content=\"2025-12-15T15:00:33+00:00\" \/>\n<meta property=\"og:image\" content=\"https:\/\/diwine.ee\/wp-content\/uploads\/2025\/12\/les-protelles_800x800.png\" \/>\n\t<meta property=\"og:image:width\" content=\"800\" \/>\n\t<meta property=\"og:image:height\" content=\"800\" \/>\n\t<meta property=\"og:image:type\" content=\"image\/png\" \/>\n<meta name=\"twitter:card\" content=\"summary_large_image\" \/>\n<meta name=\"twitter:label1\" content=\"Estimated reading time\" \/>\n\t<meta name=\"twitter:data1\" content=\"3 minutes\" \/>\n<script type=\"application\/ld+json\" class=\"yoast-schema-graph\">{\"@context\":\"https:\\\/\\\/schema.org\",\"@graph\":[{\"@type\":\"WebPage\",\"@id\":\"https:\\\/\\\/diwine.ee\\\/product\\\/piollot-les-protelles-2019\\\/\",\"url\":\"https:\\\/\\\/diwine.ee\\\/product\\\/piollot-les-protelles-2019\\\/\",\"name\":\"Piollot Ros\u00e9 Les Protelles 2019 - Brut Nature - diWine &ndash; Premium kvaliteetveinid &uuml;le maailma | Eesti veinipood\",\"isPartOf\":{\"@id\":\"https:\\\/\\\/diwine.ee\\\/#website\"},\"primaryImageOfPage\":{\"@id\":\"https:\\\/\\\/diwine.ee\\\/product\\\/piollot-les-protelles-2019\\\/#primaryimage\"},\"image\":{\"@id\":\"https:\\\/\\\/diwine.ee\\\/product\\\/piollot-les-protelles-2019\\\/#primaryimage\"},\"thumbnailUrl\":\"https:\\\/\\\/diwine.ee\\\/wp-content\\\/uploads\\\/2025\\\/12\\\/les-protelles_800x800.png\",\"datePublished\":\"2025-12-02T08:20:38+00:00\",\"dateModified\":\"2025-12-15T15:00:33+00:00\",\"breadcrumb\":{\"@id\":\"https:\\\/\\\/diwine.ee\\\/product\\\/piollot-les-protelles-2019\\\/#breadcrumb\"},\"inLanguage\":\"en-GB\",\"potentialAction\":[{\"@type\":\"ReadAction\",\"target\":[\"https:\\\/\\\/diwine.ee\\\/product\\\/piollot-les-protelles-2019\\\/\"]}]},{\"@type\":\"ImageObject\",\"inLanguage\":\"en-GB\",\"@id\":\"https:\\\/\\\/diwine.ee\\\/product\\\/piollot-les-protelles-2019\\\/#primaryimage\",\"url\":\"https:\\\/\\\/diwine.ee\\\/wp-content\\\/uploads\\\/2025\\\/12\\\/les-protelles_800x800.png\",\"contentUrl\":\"https:\\\/\\\/diwine.ee\\\/wp-content\\\/uploads\\\/2025\\\/12\\\/les-protelles_800x800.png\",\"width\":800,\"height\":800},{\"@type\":\"BreadcrumbList\",\"@id\":\"https:\\\/\\\/diwine.ee\\\/product\\\/piollot-les-protelles-2019\\\/#breadcrumb\",\"itemListElement\":[{\"@type\":\"ListItem\",\"position\":1,\"name\":\"Home\",\"item\":\"https:\\\/\\\/diwine.ee\\\/\"},{\"@type\":\"ListItem\",\"position\":2,\"name\":\"e-pood\",\"item\":\"https:\\\/\\\/diwine.ee\\\/tooted\\\/\"},{\"@type\":\"ListItem\",\"position\":3,\"name\":\"Piollot Ros\u00e9 Les Protelles 2019 &#8211; Brut Nature\"}]},{\"@type\":\"WebSite\",\"@id\":\"https:\\\/\\\/diwine.ee\\\/#website\",\"url\":\"https:\\\/\\\/diwine.ee\\\/\",\"name\":\"diWine \u2013 Premium kvaliteetveinid \u00fcle maailma | Eesti veinipood\",\"description\":\"Avasta diWine&#039;i hoolikalt valitud kvaliteetveinid maailma tippveinipiirkondadest. Eksklusiivsed punaveinid, valged veinid, vahuveinid ja eriveinid sinu erilisteks hetkedeks.\",\"publisher\":{\"@id\":\"https:\\\/\\\/diwine.ee\\\/#organization\"},\"potentialAction\":[{\"@type\":\"SearchAction\",\"target\":{\"@type\":\"EntryPoint\",\"urlTemplate\":\"https:\\\/\\\/diwine.ee\\\/?s={search_term_string}\"},\"query-input\":{\"@type\":\"PropertyValueSpecification\",\"valueRequired\":true,\"valueName\":\"search_term_string\"}}],\"inLanguage\":\"en-GB\"},{\"@type\":\"Organization\",\"@id\":\"https:\\\/\\\/diwine.ee\\\/#organization\",\"name\":\"diWine veinipood\",\"url\":\"https:\\\/\\\/diwine.ee\\\/\",\"logo\":{\"@type\":\"ImageObject\",\"inLanguage\":\"en-GB\",\"@id\":\"https:\\\/\\\/diwine.ee\\\/#\\\/schema\\\/logo\\\/image\\\/\",\"url\":\"https:\\\/\\\/diwine.ee\\\/wp-content\\\/uploads\\\/2025\\\/04\\\/diWine-1080-x-1080-px.png\",\"contentUrl\":\"https:\\\/\\\/diwine.ee\\\/wp-content\\\/uploads\\\/2025\\\/04\\\/diWine-1080-x-1080-px.png\",\"width\":1080,\"height\":1080,\"caption\":\"diWine veinipood\"},\"image\":{\"@id\":\"https:\\\/\\\/diwine.ee\\\/#\\\/schema\\\/logo\\\/image\\\/\"},\"sameAs\":[\"https:\\\/\\\/www.facebook.com\\\/profile.php?id=61573862347231\",\"https:\\\/\\\/www.instagram.com\\\/diwine.ee\"]}]}<\/script>\n<!-- \/ Yoast SEO plugin. -->","yoast_head_json":{"title":"Piollot Ros\u00e9 Les Protelles 2019 - Brut Nature - diWine &ndash; Premium kvaliteetveinid &uuml;le maailma | Eesti veinipood","robots":{"index":"index","follow":"follow","max-snippet":"max-snippet:-1","max-image-preview":"max-image-preview:large","max-video-preview":"max-video-preview:-1"},"canonical":"https:\/\/diwine.ee\/en\/product\/piollot-les-protelles-2019\/","og_locale":"en_GB","og_type":"article","og_title":"Piollot Ros\u00e9 Les Protelles 2019 - Brut Nature - diWine &ndash; Premium kvaliteetveinid &uuml;le maailma | Eesti veinipood","og_description":"Intensiivne ja gastronoomiline ros\u00e9 \u0161ampanja 100% Pinot Noir\u2019st, 96-tunnise maceration\u2019i ja l\u00f5unapoolse n\u00f5lva k\u00fcpsuse toel \u2014 s\u00fcgava v\u00e4rvi, rikkaliku marjalisuse ja kivise mineraalsusega Brut Nature ros\u00e9.","og_url":"https:\/\/diwine.ee\/en\/product\/piollot-les-protelles-2019\/","og_site_name":"diWine &ndash; Premium kvaliteetveinid &uuml;le maailma | Eesti veinipood","article_publisher":"https:\/\/www.facebook.com\/profile.php?id=61573862347231","article_modified_time":"2025-12-15T15:00:33+00:00","og_image":[{"width":800,"height":800,"url":"https:\/\/diwine.ee\/wp-content\/uploads\/2025\/12\/les-protelles_800x800.png","type":"image\/png"}],"twitter_card":"summary_large_image","twitter_misc":{"Estimated reading time":"3 minutes"},"schema":{"@context":"https:\/\/schema.org","@graph":[{"@type":"WebPage","@id":"https:\/\/diwine.ee\/product\/piollot-les-protelles-2019\/","url":"https:\/\/diwine.ee\/product\/piollot-les-protelles-2019\/","name":"Piollot Ros\u00e9 Les Protelles 2019 - Brut Nature - diWine &ndash; Premium kvaliteetveinid &uuml;le maailma | Eesti veinipood","isPartOf":{"@id":"https:\/\/diwine.ee\/#website"},"primaryImageOfPage":{"@id":"https:\/\/diwine.ee\/product\/piollot-les-protelles-2019\/#primaryimage"},"image":{"@id":"https:\/\/diwine.ee\/product\/piollot-les-protelles-2019\/#primaryimage"},"thumbnailUrl":"https:\/\/diwine.ee\/wp-content\/uploads\/2025\/12\/les-protelles_800x800.png","datePublished":"2025-12-02T08:20:38+00:00","dateModified":"2025-12-15T15:00:33+00:00","breadcrumb":{"@id":"https:\/\/diwine.ee\/product\/piollot-les-protelles-2019\/#breadcrumb"},"inLanguage":"en-GB","potentialAction":[{"@type":"ReadAction","target":["https:\/\/diwine.ee\/product\/piollot-les-protelles-2019\/"]}]},{"@type":"ImageObject","inLanguage":"en-GB","@id":"https:\/\/diwine.ee\/product\/piollot-les-protelles-2019\/#primaryimage","url":"https:\/\/diwine.ee\/wp-content\/uploads\/2025\/12\/les-protelles_800x800.png","contentUrl":"https:\/\/diwine.ee\/wp-content\/uploads\/2025\/12\/les-protelles_800x800.png","width":800,"height":800},{"@type":"BreadcrumbList","@id":"https:\/\/diwine.ee\/product\/piollot-les-protelles-2019\/#breadcrumb","itemListElement":[{"@type":"ListItem","position":1,"name":"Home","item":"https:\/\/diwine.ee\/"},{"@type":"ListItem","position":2,"name":"e-pood","item":"https:\/\/diwine.ee\/tooted\/"},{"@type":"ListItem","position":3,"name":"Piollot Ros\u00e9 Les Protelles 2019 &#8211; Brut Nature"}]},{"@type":"WebSite","@id":"https:\/\/diwine.ee\/#website","url":"https:\/\/diwine.ee\/","name":"diWine \u2013 Premium kvaliteetveinid \u00fcle maailma | Eesti veinipood","description":"Avasta diWine&#039;i hoolikalt valitud kvaliteetveinid maailma tippveinipiirkondadest. Eksklusiivsed punaveinid, valged veinid, vahuveinid ja eriveinid sinu erilisteks hetkedeks.","publisher":{"@id":"https:\/\/diwine.ee\/#organization"},"potentialAction":[{"@type":"SearchAction","target":{"@type":"EntryPoint","urlTemplate":"https:\/\/diwine.ee\/?s={search_term_string}"},"query-input":{"@type":"PropertyValueSpecification","valueRequired":true,"valueName":"search_term_string"}}],"inLanguage":"en-GB"},{"@type":"Organization","@id":"https:\/\/diwine.ee\/#organization","name":"diWine veinipood","url":"https:\/\/diwine.ee\/","logo":{"@type":"ImageObject","inLanguage":"en-GB","@id":"https:\/\/diwine.ee\/#\/schema\/logo\/image\/","url":"https:\/\/diwine.ee\/wp-content\/uploads\/2025\/04\/diWine-1080-x-1080-px.png","contentUrl":"https:\/\/diwine.ee\/wp-content\/uploads\/2025\/04\/diWine-1080-x-1080-px.png","width":1080,"height":1080,"caption":"diWine veinipood"},"image":{"@id":"https:\/\/diwine.ee\/#\/schema\/logo\/image\/"},"sameAs":["https:\/\/www.facebook.com\/profile.php?id=61573862347231","https:\/\/www.instagram.com\/diwine.ee"]}]}},"jetpack_sharing_enabled":true,"_links":{"self":[{"href":"https:\/\/diwine.ee\/en\/wp-json\/wp\/v2\/product\/28242","targetHints":{"allow":["GET"]}}],"collection":[{"href":"https:\/\/diwine.ee\/en\/wp-json\/wp\/v2\/product"}],"about":[{"href":"https:\/\/diwine.ee\/en\/wp-json\/wp\/v2\/types\/product"}],"version-history":[{"count":0,"href":"https:\/\/diwine.ee\/en\/wp-json\/wp\/v2\/product\/28242\/revisions"}],"wp:featuredmedia":[{"embeddable":true,"href":"https:\/\/diwine.ee\/en\/wp-json\/wp\/v2\/media\/28243"}],"wp:attachment":[{"href":"https:\/\/diwine.ee\/en\/wp-json\/wp\/v2\/media?parent=28242"}],"wp:term":[{"taxonomy":"product_brand","embeddable":true,"href":"https:\/\/diwine.ee\/en\/wp-json\/wp\/v2\/product_brand?post=28242"},{"taxonomy":"product_cat","embeddable":true,"href":"https:\/\/diwine.ee\/en\/wp-json\/wp\/v2\/product_cat?post=28242"},{"taxonomy":"product_tag","embeddable":true,"href":"https:\/\/diwine.ee\/en\/wp-json\/wp\/v2\/product_tag?post=28242"}],"curies":[{"name":"wp","href":"https:\/\/api.w.org\/{rel}","templated":true}]}}