{"id":28248,"date":"2025-12-02T10:30:02","date_gmt":"2025-12-02T08:30:02","guid":{"rendered":"https:\/\/diwine.ee\/?post_type=product&#038;p=28248"},"modified":"2025-12-15T17:00:17","modified_gmt":"2025-12-15T15:00:17","slug":"piollot-mepetit-2019","status":"publish","type":"product","link":"https:\/\/diwine.ee\/en\/product\/piollot-mepetit-2019\/","title":{"rendered":"Piollot M\u00e9petit 2019 \u2013 Brut Nature"},"content":{"rendered":"<div data-elementor-type=\"wp-post\" data-elementor-id=\"28248\" class=\"elementor elementor-28248\">\n\t\t\t\t<div class=\"wd-negative-gap elementor-element elementor-element-b496628 e-grid e-con-boxed e-con e-parent\" data-id=\"b496628\" data-element_type=\"container\" data-e-type=\"container\">\n\t\t\t\t\t<div class=\"e-con-inner\">\n\t\t\t\t<div class=\"elementor-element elementor-element-aa23989 elementor-widget elementor-widget-wd_text_block\" data-id=\"aa23989\" data-element_type=\"widget\" data-e-type=\"widget\" data-widget_type=\"wd_text_block.default\">\n\t\t\t\t<div class=\"elementor-widget-container\">\n\t\t\t\t\t\t\t<div class=\"wd-text-block reset-last-child text-left\">\n\t\t\t\n\t\t\t<h3 class=\"cvGsUA direction-ltr align-justify para-style-body\"><span class=\"OYPEnA font-feature-liga-off font-feature-clig-off font-feature-calt-off text-decoration-none text-strikethrough-none\">Veini lugu:<\/span><\/h3><p data-start=\"729\" data-end=\"1110\"><em data-start=\"729\" data-end=\"738\">M\u00e9petit<\/em> on Piollot\u2019 perekonna austusavaldus piirkonna ajaloolisele sordile \u2014 Pinot Meunier\u2019le, mis on C\u00f4te des Bar\u2019is alati m\u00e4nginud olulist rolli. Erinevalt traditsioonilisest Champagne\u2019i k\u00e4sitlusest, kus Meunier on olnud pigem \u201ctoetusrollis\u201d, annab Piollot sellele sordile t\u00e4ieliku lavaruumi, tuues v\u00e4lja selle parima: mahlakuse, tekstuurse s\u00fcgavuse ja intensiivse aromaatsuse.<\/p><p data-start=\"1112\" data-end=\"1378\">Viinamarjad p\u00e4rinevad <strong data-start=\"1134\" data-end=\"1160\">1990. aastal istutatud<\/strong> p\u00f5\u00f5sastelt, mis on juurdunud Marne\u2019i savi ja Kimmeridgiani lubjakivi segusse. L\u00f5unapoolne n\u00f5lv annab Meunier\u2019le k\u00fcpsust ja p\u00e4ikeselist iseloomu, samas kui pinnase mineraalne struktuur lisab veinile selge kivise tuuma.<\/p><p data-start=\"1380\" data-end=\"1560\">M\u00e9p\u00e9ti nimi tuleb Piollot perekonna enda dialektist \u2014 see on intiimne, perekondlik cuv\u00e9e, mis r\u00e4\u00e4gib nende isiklikust seotusest viinapuuaiaga ning austusest Meunier\u2019 erip\u00e4ra vastu.<\/p><p data-start=\"536\" data-end=\"1111\"><span style=\"color: #1b1919; font-size: 22px;\">Veini valmistamine:<\/span><\/p><p data-start=\"1596\" data-end=\"1821\"><strong data-start=\"1596\" data-end=\"1609\">Viinamari:<\/strong> 100% Pinot Meunier<br data-start=\"1628\" data-end=\"1631\" \/><strong data-start=\"1631\" data-end=\"1652\">Viinapuude vanus:<\/strong> istutatud 1990<br data-start=\"1667\" data-end=\"1670\" \/><strong data-start=\"1670\" data-end=\"1681\">Pinnas:<\/strong> Marne (savi) + Kimmeridgiani lubjakivi<br data-start=\"1720\" data-end=\"1723\" \/><strong data-start=\"1723\" data-end=\"1733\">Asend:<\/strong> l\u00f5unapoolne n\u00f5lv (k\u00fcps, aromaatne stiil)<br data-start=\"1774\" data-end=\"1777\" \/><strong data-start=\"1777\" data-end=\"1790\">Kasvatus:<\/strong> orgaaniline &amp; biod\u00fcnaamiline<\/p><p data-start=\"1823\" data-end=\"2147\"><strong data-start=\"1823\" data-end=\"1842\">Vinifikatsioon:<\/strong><br data-start=\"1842\" data-end=\"1845\" \/>\u2022 destemming: ei<br data-start=\"1861\" data-end=\"1864\" \/>\u2022 maceration: ei<br data-start=\"1880\" data-end=\"1883\" \/>\u2022 k\u00e4\u00e4ritamine: <strong data-start=\"1898\" data-end=\"1936\">roostevabast terases (steel tanks)<\/strong><br data-start=\"1936\" data-end=\"1939\" \/>\u2022 k\u00fcpsemine: <strong data-start=\"1952\" data-end=\"1983\">tammevaatides (oak barrels)<\/strong> \u2714<br data-start=\"1985\" data-end=\"1988\" \/>\u2022 p\u00e4rmisettel laagerdus: <strong data-start=\"2013\" data-end=\"2025\">4 aastat<\/strong><br data-start=\"2025\" data-end=\"2028\" \/>\u2022 racking: jah<br data-start=\"2042\" data-end=\"2045\" \/>\u2022 selitus \/ filtratsioon: ei<br data-start=\"2073\" data-end=\"2076\" \/>\u2022 SO\u2082: jah (v\u00e4ga madal tehniline kogus)<br data-start=\"2115\" data-end=\"2118\" \/>\u2022 dosage: Brut Nature (0 g\/l)<\/p><p data-start=\"2149\" data-end=\"2272\">M\u00e9p\u00e9ti puhul annab tammevaat lihtsalt \u00f5rna struktuuri ja avab Meunier\u2019 aromaatset kihilisust \u2014 tamme maitse ei ole eesm\u00e4rk.<\/p>\n\t\t\t\t\t<\/div>\n\t\t\t\t\t\t<\/div>\n\t\t\t\t<\/div>\n\t\t\t\t<div class=\"elementor-element elementor-element-f22db15 elementor-widget elementor-widget-wd_text_block\" data-id=\"f22db15\" data-element_type=\"widget\" data-e-type=\"widget\" data-widget_type=\"wd_text_block.default\">\n\t\t\t\t<div class=\"elementor-widget-container\">\n\t\t\t\t\t\t\t<div class=\"wd-text-block reset-last-child text-left\">\n\t\t\t\n\t\t\t<h3 class=\"cvGsUA direction-ltr align-justify para-style-body\"><span class=\"OYPEnA font-feature-liga-off font-feature-clig-off font-feature-calt-off text-decoration-none text-strikethrough-none\">Maitsenoodid:<\/span><\/h3><p data-start=\"2302\" data-end=\"2776\">Aroomis: k\u00fcps pirn, kollane \u00f5un, aprikoos, k\u00fcdoonia, punane ploom, v\u00fcrtsid (valge pipar, nelk), kerge mesine noot ja \u00f5rn suitsune varjund.<br data-start=\"2440\" data-end=\"2443\" \/>Maitses on vein mahlakas ja t\u00e4idlane, Meunier\u2019le t\u00fc\u00fcpilise maheda marjasusega. Kreemikas tekstuur seguneb elava happe ja soolaka lubjakivi-mineraalsusega.<br data-start=\"2597\" data-end=\"2600\" \/>Tammevaadis k\u00fcpsemine annab vihje r\u00f6stitud mandlile, kuivatatud \u00f5iele ja kergele v\u00fcrtsikale s\u00fcgavusele.<br data-start=\"2703\" data-end=\"2706\" \/>J\u00e4relmaitse on pikk, aromaatne, kerge v\u00fcrtsi ja k\u00fcpse pirni energiaga.<\/p><p data-start=\"2778\" data-end=\"2877\"><em data-start=\"2778\" data-end=\"2787\">M\u00e9petit<\/em> on Piollot\u2019 k\u00f5ige aromaatsem ja kohe avanev cuv\u00e9e \u2014 soe, ligip\u00e4\u00e4setav ja gastronoomiline.<\/p><p data-start=\"2142\" data-end=\"2574\"><span style=\"color: #1b1919; font-size: 22px;\">Toidusoovitus:<\/span><\/p><p data-start=\"2703\" data-end=\"2999\">\u2022 pardifilee, kalkuni- v\u00f5i kanalihaga road<br data-start=\"2952\" data-end=\"2955\" \/>\u2022 suitsutatud forell, k\u00fcpsetatud l\u00f5he, koorene tursak\u00f5ht<br data-start=\"3011\" data-end=\"3014\" \/>\u2022 rohelise pipra v\u00f5i \u00fcrdiv\u00f5iga pastad<br data-start=\"3051\" data-end=\"3054\" \/>\u2022 k\u00f5rvitsap\u00fcree, r\u00f6stitud juurviljad<br data-start=\"3090\" data-end=\"3093\" \/>\u2022 pehmed juustud (Brillat-Savarin, Chaource), valgehallitusjuustud<br data-start=\"3159\" data-end=\"3162\" \/>\u2022 sobib suurep\u00e4raselt ka kergelt v\u00fcrtsikate Aasia roogadega (ingver, soja, seesam)<\/p>\n\t\t\t\t\t<\/div>\n\t\t\t\t\t\t<\/div>\n\t\t\t\t<\/div>\n\t\t\t\t<div class=\"elementor-element elementor-element-79dff25 elementor-widget elementor-widget-wd_text_block\" data-id=\"79dff25\" data-element_type=\"widget\" data-e-type=\"widget\" data-widget_type=\"wd_text_block.default\">\n\t\t\t\t<div class=\"elementor-widget-container\">\n\t\t\t\t\t\t\t<div class=\"wd-text-block reset-last-child text-left\">\n\t\t\t\n\t\t\t<h3 class=\"cvGsUA direction-ltr align-justify para-style-body\"><span class=\"OYPEnA font-feature-liga-off font-feature-clig-off font-feature-calt-off text-decoration-none text-strikethrough-none\">S\u00e4ilitamispotentsiaal:<\/span><\/h3><p data-start=\"30\" data-end=\"380\">2024\u20132030+<br data-start=\"3573\" data-end=\"3576\" \/>Aja jooksul lisanduvad brioche\u2019i, r\u00f6stitud p\u00e4hkli ja kuivatatud luuviljade n\u00fcansid, tekstuur muutub \u00fcmaramaks, kuid Meunier\u2019 mahlakus s\u00e4ilib.<\/p><h3 class=\"cvGsUA direction-ltr align-justify para-style-body\"><span class=\"OYPEnA font-feature-liga-off font-feature-clig-off font-feature-calt-off text-decoration-none text-strikethrough-none\">Hinnangud &amp; tunnustused:<\/span><\/h3><p>\u2022 <strong data-start=\"3483\" data-end=\"3518\">Vinous (varasemad aastak\u00e4igud):<\/strong> 91\u201393 punkti \u2014 \u201cLopsakas, t\u00e4idlane ja v\u00e4ga aromaatne Meunier, millel on selge tekstuuriline s\u00fcgavus.\u201d<br data-start=\"3620\" data-end=\"3623\" \/>\u2022 <strong data-start=\"3625\" data-end=\"3643\">Wine Advocate:<\/strong> kiitnud cuv\u00e9e\u2019d \u201eselle soe\u00adtooni puuviljasuse ja m\u00e4rkimisv\u00e4\u00e4rse gastronoomilise potentsiaali\u201c eest.<br data-start=\"3743\" data-end=\"3746\" \/>\u2022 <strong data-start=\"3748\" data-end=\"3756\">RVF:<\/strong> m\u00e4rgib M\u00e9p\u00e9ti kui \u201c\u00fcht parimat n\u00e4idet puhtast Meunier\u2019st C\u00f4te des Bar\u2019is.\u201d<br data-start=\"3831\" data-end=\"3834\" \/>\u2022 Sommeljeede seas armastatud t\u00e4nu oma ligip\u00e4\u00e4setavale, kuid samas s\u00fcgavale stiilile.<\/p>\n\t\t\t\t\t<\/div>\n\t\t\t\t\t\t<\/div>\n\t\t\t\t<\/div>\n\t\t\t\t\t<\/div>\n\t\t\t\t<\/div>\n\t\t\t\t<\/div>","protected":false},"excerpt":{"rendered":"<p>T\u00e4idlane ja aromaatne 100% Pinot Meunier \u0161ampanja, mille l\u00f5unapoolse n\u00f5lva k\u00fcpsus, nelja-aastane laagerdus ja tammevaatide pehme puudutus loovad mahlaselt v\u00fcrtsika ja s\u00fcgava Brut Nature cuv\u00e9e.<\/p>","protected":false},"featured_media":28249,"template":"","meta":[],"product_brand":[176],"product_cat":[29,93],"product_tag":[],"class_list":{"0":"post-28248","1":"product","2":"type-product","3":"status-publish","4":"has-post-thumbnail","6":"product_brand-piollot","7":"product_cat-koik-tooted","8":"product_cat-sampanja","9":"pa_piirkond-champagne","10":"pa_viinamarjasort-meunier","12":"first","13":"instock","14":"featured","15":"taxable","16":"shipping-taxable","17":"purchasable","18":"product-type-simple"},"yoast_head":"<!-- This site is optimized with the Yoast SEO plugin v27.4 - https:\/\/yoast.com\/product\/yoast-seo-wordpress\/ -->\n<title>Piollot M\u00e9petit 2019 \u2013 Brut Nature - diWine &ndash; Premium kvaliteetveinid &uuml;le maailma | Eesti veinipood<\/title>\n<meta name=\"robots\" content=\"index, follow, max-snippet:-1, max-image-preview:large, max-video-preview:-1\" \/>\n<link rel=\"canonical\" href=\"https:\/\/diwine.ee\/en\/product\/piollot-mepetit-2019\/\" \/>\n<meta property=\"og:locale\" content=\"en_GB\" \/>\n<meta property=\"og:type\" content=\"article\" \/>\n<meta property=\"og:title\" content=\"Piollot M\u00e9petit 2019 \u2013 Brut Nature - diWine &ndash; Premium kvaliteetveinid &uuml;le maailma | Eesti veinipood\" \/>\n<meta property=\"og:description\" content=\"T\u00e4idlane ja aromaatne 100% Pinot Meunier \u0161ampanja, mille l\u00f5unapoolse n\u00f5lva k\u00fcpsus, nelja-aastane laagerdus ja tammevaatide pehme puudutus loovad mahlaselt v\u00fcrtsika ja s\u00fcgava Brut Nature cuv\u00e9e.\" \/>\n<meta property=\"og:url\" content=\"https:\/\/diwine.ee\/en\/product\/piollot-mepetit-2019\/\" \/>\n<meta property=\"og:site_name\" content=\"diWine &ndash; Premium kvaliteetveinid &uuml;le maailma | Eesti veinipood\" \/>\n<meta property=\"article:publisher\" content=\"https:\/\/www.facebook.com\/profile.php?id=61573862347231\" \/>\n<meta property=\"article:modified_time\" content=\"2025-12-15T15:00:17+00:00\" \/>\n<meta property=\"og:image\" content=\"https:\/\/diwine.ee\/wp-content\/uploads\/2025\/12\/mepetit_800x800.png\" \/>\n\t<meta property=\"og:image:width\" content=\"800\" \/>\n\t<meta property=\"og:image:height\" content=\"800\" \/>\n\t<meta property=\"og:image:type\" content=\"image\/png\" \/>\n<meta name=\"twitter:card\" content=\"summary_large_image\" \/>\n<meta name=\"twitter:label1\" content=\"Estimated reading time\" \/>\n\t<meta name=\"twitter:data1\" content=\"3 minutes\" \/>\n<script type=\"application\/ld+json\" class=\"yoast-schema-graph\">{\"@context\":\"https:\\\/\\\/schema.org\",\"@graph\":[{\"@type\":\"WebPage\",\"@id\":\"https:\\\/\\\/diwine.ee\\\/product\\\/piollot-mepetit-2019\\\/\",\"url\":\"https:\\\/\\\/diwine.ee\\\/product\\\/piollot-mepetit-2019\\\/\",\"name\":\"Piollot M\u00e9petit 2019 \u2013 Brut Nature - diWine &ndash; Premium kvaliteetveinid &uuml;le maailma | Eesti veinipood\",\"isPartOf\":{\"@id\":\"https:\\\/\\\/diwine.ee\\\/#website\"},\"primaryImageOfPage\":{\"@id\":\"https:\\\/\\\/diwine.ee\\\/product\\\/piollot-mepetit-2019\\\/#primaryimage\"},\"image\":{\"@id\":\"https:\\\/\\\/diwine.ee\\\/product\\\/piollot-mepetit-2019\\\/#primaryimage\"},\"thumbnailUrl\":\"https:\\\/\\\/diwine.ee\\\/wp-content\\\/uploads\\\/2025\\\/12\\\/mepetit_800x800.png\",\"datePublished\":\"2025-12-02T08:30:02+00:00\",\"dateModified\":\"2025-12-15T15:00:17+00:00\",\"breadcrumb\":{\"@id\":\"https:\\\/\\\/diwine.ee\\\/product\\\/piollot-mepetit-2019\\\/#breadcrumb\"},\"inLanguage\":\"en-GB\",\"potentialAction\":[{\"@type\":\"ReadAction\",\"target\":[\"https:\\\/\\\/diwine.ee\\\/product\\\/piollot-mepetit-2019\\\/\"]}]},{\"@type\":\"ImageObject\",\"inLanguage\":\"en-GB\",\"@id\":\"https:\\\/\\\/diwine.ee\\\/product\\\/piollot-mepetit-2019\\\/#primaryimage\",\"url\":\"https:\\\/\\\/diwine.ee\\\/wp-content\\\/uploads\\\/2025\\\/12\\\/mepetit_800x800.png\",\"contentUrl\":\"https:\\\/\\\/diwine.ee\\\/wp-content\\\/uploads\\\/2025\\\/12\\\/mepetit_800x800.png\",\"width\":800,\"height\":800},{\"@type\":\"BreadcrumbList\",\"@id\":\"https:\\\/\\\/diwine.ee\\\/product\\\/piollot-mepetit-2019\\\/#breadcrumb\",\"itemListElement\":[{\"@type\":\"ListItem\",\"position\":1,\"name\":\"Home\",\"item\":\"https:\\\/\\\/diwine.ee\\\/\"},{\"@type\":\"ListItem\",\"position\":2,\"name\":\"e-pood\",\"item\":\"https:\\\/\\\/diwine.ee\\\/tooted\\\/\"},{\"@type\":\"ListItem\",\"position\":3,\"name\":\"Piollot M\u00e9petit 2019 \u2013 Brut Nature\"}]},{\"@type\":\"WebSite\",\"@id\":\"https:\\\/\\\/diwine.ee\\\/#website\",\"url\":\"https:\\\/\\\/diwine.ee\\\/\",\"name\":\"diWine \u2013 Premium kvaliteetveinid \u00fcle maailma | Eesti veinipood\",\"description\":\"Avasta diWine&#039;i hoolikalt valitud kvaliteetveinid maailma tippveinipiirkondadest. Eksklusiivsed punaveinid, valged veinid, vahuveinid ja eriveinid sinu erilisteks hetkedeks.\",\"publisher\":{\"@id\":\"https:\\\/\\\/diwine.ee\\\/#organization\"},\"potentialAction\":[{\"@type\":\"SearchAction\",\"target\":{\"@type\":\"EntryPoint\",\"urlTemplate\":\"https:\\\/\\\/diwine.ee\\\/?s={search_term_string}\"},\"query-input\":{\"@type\":\"PropertyValueSpecification\",\"valueRequired\":true,\"valueName\":\"search_term_string\"}}],\"inLanguage\":\"en-GB\"},{\"@type\":\"Organization\",\"@id\":\"https:\\\/\\\/diwine.ee\\\/#organization\",\"name\":\"diWine veinipood\",\"url\":\"https:\\\/\\\/diwine.ee\\\/\",\"logo\":{\"@type\":\"ImageObject\",\"inLanguage\":\"en-GB\",\"@id\":\"https:\\\/\\\/diwine.ee\\\/#\\\/schema\\\/logo\\\/image\\\/\",\"url\":\"https:\\\/\\\/diwine.ee\\\/wp-content\\\/uploads\\\/2025\\\/04\\\/diWine-1080-x-1080-px.png\",\"contentUrl\":\"https:\\\/\\\/diwine.ee\\\/wp-content\\\/uploads\\\/2025\\\/04\\\/diWine-1080-x-1080-px.png\",\"width\":1080,\"height\":1080,\"caption\":\"diWine veinipood\"},\"image\":{\"@id\":\"https:\\\/\\\/diwine.ee\\\/#\\\/schema\\\/logo\\\/image\\\/\"},\"sameAs\":[\"https:\\\/\\\/www.facebook.com\\\/profile.php?id=61573862347231\",\"https:\\\/\\\/www.instagram.com\\\/diwine.ee\"]}]}<\/script>\n<!-- \/ Yoast SEO plugin. -->","yoast_head_json":{"title":"Piollot M\u00e9petit 2019 \u2013 Brut Nature - diWine &ndash; Premium kvaliteetveinid &uuml;le maailma | Eesti veinipood","robots":{"index":"index","follow":"follow","max-snippet":"max-snippet:-1","max-image-preview":"max-image-preview:large","max-video-preview":"max-video-preview:-1"},"canonical":"https:\/\/diwine.ee\/en\/product\/piollot-mepetit-2019\/","og_locale":"en_GB","og_type":"article","og_title":"Piollot M\u00e9petit 2019 \u2013 Brut Nature - diWine &ndash; Premium kvaliteetveinid &uuml;le maailma | Eesti veinipood","og_description":"T\u00e4idlane ja aromaatne 100% Pinot Meunier \u0161ampanja, mille l\u00f5unapoolse n\u00f5lva k\u00fcpsus, nelja-aastane laagerdus ja tammevaatide pehme puudutus loovad mahlaselt v\u00fcrtsika ja s\u00fcgava Brut Nature cuv\u00e9e.","og_url":"https:\/\/diwine.ee\/en\/product\/piollot-mepetit-2019\/","og_site_name":"diWine &ndash; Premium kvaliteetveinid &uuml;le maailma | Eesti veinipood","article_publisher":"https:\/\/www.facebook.com\/profile.php?id=61573862347231","article_modified_time":"2025-12-15T15:00:17+00:00","og_image":[{"width":800,"height":800,"url":"https:\/\/diwine.ee\/wp-content\/uploads\/2025\/12\/mepetit_800x800.png","type":"image\/png"}],"twitter_card":"summary_large_image","twitter_misc":{"Estimated reading time":"3 minutes"},"schema":{"@context":"https:\/\/schema.org","@graph":[{"@type":"WebPage","@id":"https:\/\/diwine.ee\/product\/piollot-mepetit-2019\/","url":"https:\/\/diwine.ee\/product\/piollot-mepetit-2019\/","name":"Piollot M\u00e9petit 2019 \u2013 Brut Nature - diWine &ndash; Premium kvaliteetveinid &uuml;le maailma | Eesti veinipood","isPartOf":{"@id":"https:\/\/diwine.ee\/#website"},"primaryImageOfPage":{"@id":"https:\/\/diwine.ee\/product\/piollot-mepetit-2019\/#primaryimage"},"image":{"@id":"https:\/\/diwine.ee\/product\/piollot-mepetit-2019\/#primaryimage"},"thumbnailUrl":"https:\/\/diwine.ee\/wp-content\/uploads\/2025\/12\/mepetit_800x800.png","datePublished":"2025-12-02T08:30:02+00:00","dateModified":"2025-12-15T15:00:17+00:00","breadcrumb":{"@id":"https:\/\/diwine.ee\/product\/piollot-mepetit-2019\/#breadcrumb"},"inLanguage":"en-GB","potentialAction":[{"@type":"ReadAction","target":["https:\/\/diwine.ee\/product\/piollot-mepetit-2019\/"]}]},{"@type":"ImageObject","inLanguage":"en-GB","@id":"https:\/\/diwine.ee\/product\/piollot-mepetit-2019\/#primaryimage","url":"https:\/\/diwine.ee\/wp-content\/uploads\/2025\/12\/mepetit_800x800.png","contentUrl":"https:\/\/diwine.ee\/wp-content\/uploads\/2025\/12\/mepetit_800x800.png","width":800,"height":800},{"@type":"BreadcrumbList","@id":"https:\/\/diwine.ee\/product\/piollot-mepetit-2019\/#breadcrumb","itemListElement":[{"@type":"ListItem","position":1,"name":"Home","item":"https:\/\/diwine.ee\/"},{"@type":"ListItem","position":2,"name":"e-pood","item":"https:\/\/diwine.ee\/tooted\/"},{"@type":"ListItem","position":3,"name":"Piollot M\u00e9petit 2019 \u2013 Brut Nature"}]},{"@type":"WebSite","@id":"https:\/\/diwine.ee\/#website","url":"https:\/\/diwine.ee\/","name":"diWine \u2013 Premium kvaliteetveinid \u00fcle maailma | Eesti veinipood","description":"Avasta diWine&#039;i hoolikalt valitud kvaliteetveinid maailma tippveinipiirkondadest. Eksklusiivsed punaveinid, valged veinid, vahuveinid ja eriveinid sinu erilisteks hetkedeks.","publisher":{"@id":"https:\/\/diwine.ee\/#organization"},"potentialAction":[{"@type":"SearchAction","target":{"@type":"EntryPoint","urlTemplate":"https:\/\/diwine.ee\/?s={search_term_string}"},"query-input":{"@type":"PropertyValueSpecification","valueRequired":true,"valueName":"search_term_string"}}],"inLanguage":"en-GB"},{"@type":"Organization","@id":"https:\/\/diwine.ee\/#organization","name":"diWine veinipood","url":"https:\/\/diwine.ee\/","logo":{"@type":"ImageObject","inLanguage":"en-GB","@id":"https:\/\/diwine.ee\/#\/schema\/logo\/image\/","url":"https:\/\/diwine.ee\/wp-content\/uploads\/2025\/04\/diWine-1080-x-1080-px.png","contentUrl":"https:\/\/diwine.ee\/wp-content\/uploads\/2025\/04\/diWine-1080-x-1080-px.png","width":1080,"height":1080,"caption":"diWine veinipood"},"image":{"@id":"https:\/\/diwine.ee\/#\/schema\/logo\/image\/"},"sameAs":["https:\/\/www.facebook.com\/profile.php?id=61573862347231","https:\/\/www.instagram.com\/diwine.ee"]}]}},"jetpack_sharing_enabled":true,"_links":{"self":[{"href":"https:\/\/diwine.ee\/en\/wp-json\/wp\/v2\/product\/28248","targetHints":{"allow":["GET"]}}],"collection":[{"href":"https:\/\/diwine.ee\/en\/wp-json\/wp\/v2\/product"}],"about":[{"href":"https:\/\/diwine.ee\/en\/wp-json\/wp\/v2\/types\/product"}],"version-history":[{"count":0,"href":"https:\/\/diwine.ee\/en\/wp-json\/wp\/v2\/product\/28248\/revisions"}],"wp:featuredmedia":[{"embeddable":true,"href":"https:\/\/diwine.ee\/en\/wp-json\/wp\/v2\/media\/28249"}],"wp:attachment":[{"href":"https:\/\/diwine.ee\/en\/wp-json\/wp\/v2\/media?parent=28248"}],"wp:term":[{"taxonomy":"product_brand","embeddable":true,"href":"https:\/\/diwine.ee\/en\/wp-json\/wp\/v2\/product_brand?post=28248"},{"taxonomy":"product_cat","embeddable":true,"href":"https:\/\/diwine.ee\/en\/wp-json\/wp\/v2\/product_cat?post=28248"},{"taxonomy":"product_tag","embeddable":true,"href":"https:\/\/diwine.ee\/en\/wp-json\/wp\/v2\/product_tag?post=28248"}],"curies":[{"name":"wp","href":"https:\/\/api.w.org\/{rel}","templated":true}]}}