{"id":28254,"date":"2025-12-02T10:36:22","date_gmt":"2025-12-02T08:36:22","guid":{"rendered":"https:\/\/diwine.ee\/?post_type=product&#038;p=28254"},"modified":"2026-04-14T12:40:44","modified_gmt":"2026-04-14T09:40:44","slug":"piollot-cuvee-de-reserve","status":"publish","type":"product","link":"https:\/\/diwine.ee\/en\/product\/piollot-cuvee-de-reserve\/","title":{"rendered":"Piollot Cuv\u00e9e de R\u00e9serve \u2013 Brut"},"content":{"rendered":"<div data-elementor-type=\"wp-post\" data-elementor-id=\"28254\" class=\"elementor elementor-28254\">\n\t\t\t\t<div class=\"wd-negative-gap elementor-element elementor-element-b496628 e-grid e-con-boxed e-con e-parent\" data-id=\"b496628\" data-element_type=\"container\" data-e-type=\"container\">\n\t\t\t\t\t<div class=\"e-con-inner\">\n\t\t\t\t<div class=\"elementor-element elementor-element-aa23989 elementor-widget elementor-widget-wd_text_block\" data-id=\"aa23989\" data-element_type=\"widget\" data-e-type=\"widget\" data-widget_type=\"wd_text_block.default\">\n\t\t\t\t<div class=\"elementor-widget-container\">\n\t\t\t\t\t\t\t<div class=\"wd-text-block reset-last-child text-left\">\n\t\t\t\n\t\t\t<h3 class=\"cvGsUA direction-ltr align-justify para-style-body\"><span class=\"OYPEnA font-feature-liga-off font-feature-clig-off font-feature-calt-off text-decoration-none text-strikethrough-none\">Veini lugu:<\/span><\/h3><p data-start=\"649\" data-end=\"967\"><em data-start=\"649\" data-end=\"667\">Cuv\u00e9e de R\u00e9serve<\/em> on Piollot\u2019 perekonna k\u00f5ige traditsioonilisem \u0161ampanja \u2014 cuv\u00e9e, kus Pinot Noir ja Chardonnay t\u00e4iendavad teineteist harmooniliselt.<br data-start=\"798\" data-end=\"801\" \/>See on vein, mis tutvustab Piollot\u2019 stiili inimestele, kes proovivad maja esimest korda, ja samal ajal pakub detailide otsijatele piisavalt s\u00fcgavust, et j\u00e4\u00e4da meelde.<\/p><p data-start=\"969\" data-end=\"1281\">P\u00f5ldude viinapuud on <strong data-start=\"990\" data-end=\"1012\">25\u201345 aastat vanad<\/strong>, kasvades Polisot\u2019 k\u00fcla p\u00f5ldudel, kus Kimmeridgiani lubjakivi annab veinile vertikaalse selgroo ja soolaka t\u00e4psuse.<br data-start=\"1128\" data-end=\"1131\" \/>L\u00f5una-ida suunaline asend pakub ideaalset tasakaalu: hommikune jahedus hoiab happe v\u00e4rskena, keskp\u00e4evane p\u00e4ike lisab k\u00fcpsust ja pehmet puuviljalisust.<\/p><p data-start=\"1283\" data-end=\"1501\"><em data-start=\"1283\" data-end=\"1301\">Cuv\u00e9e de R\u00e9serve<\/em> on elegantne, sirgjooneline ja siidine \u2014 \u0161ampanja, mis sobib nii pidulikuks avapauguhetkeks kui ka toidu k\u00f5rvale. See on Piollot\u2019 perekonna k\u00f5ige \u201cuniversaalsem\u201d vein nii stiili kui iseloomu poolest.<\/p><p data-start=\"536\" data-end=\"1111\"><span style=\"color: #1b1919; font-size: 22px;\">Veini valmistamine:<\/span><\/p><p data-start=\"1596\" data-end=\"1821\"><strong data-start=\"1596\" data-end=\"1609\">Viinamari: <\/strong>Pinot Noir &amp; Chardonnay (t\u00e4pne suhe aastati varieerub)<br data-start=\"1605\" data-end=\"1608\" \/><strong data-start=\"1608\" data-end=\"1629\">Viinapuude vanus:<\/strong> 25\u201345 aastat<br data-start=\"1642\" data-end=\"1645\" \/><strong data-start=\"1645\" data-end=\"1656\">Pinnas:<\/strong> Kimmeridgiani lubjakivi<br data-start=\"1680\" data-end=\"1683\" \/><strong data-start=\"1683\" data-end=\"1693\">Asend:<\/strong> l\u00f5una-ida n\u00f5lv<br data-start=\"1708\" data-end=\"1711\" \/><strong data-start=\"1711\" data-end=\"1724\">Kasvatus:<\/strong> orgaaniline &amp; biod\u00fcnaamiline<\/p><p data-start=\"1757\" data-end=\"2071\"><strong data-start=\"1757\" data-end=\"1776\">Vinifikatsioon:<\/strong><br data-start=\"1776\" data-end=\"1779\" \/>\u2022 destemming: ei<br data-start=\"1795\" data-end=\"1798\" \/>\u2022 maceration: ei<br data-start=\"1814\" data-end=\"1817\" \/>\u2022 k\u00e4\u00e4ritamine <strong data-start=\"1831\" data-end=\"1879\">roostevabast terasest tankides (steel tanks)<\/strong><br data-start=\"1879\" data-end=\"1882\" \/>\u2022 k\u00fcpsemine <strong data-start=\"1894\" data-end=\"1928\">roostevabast terasest tankides<\/strong><br data-start=\"1928\" data-end=\"1931\" \/>\u2022 laagerdusaeg: <strong data-start=\"1947\" data-end=\"1959\">2 aastat<\/strong> p\u00e4rmisettel<br data-start=\"1971\" data-end=\"1974\" \/>\u2022 racking: jah<br data-start=\"1988\" data-end=\"1991\" \/>\u2022 selitus \/ filtratsioon: osaliselt (NO \/ YES)<br data-start=\"2037\" data-end=\"2040\" \/>\u2022 SO\u2082: jah<br data-start=\"2050\" data-end=\"2053\" \/>\u2022 dosage: <strong data-start=\"2063\" data-end=\"2071\">Brut<\/strong><\/p><p data-start=\"2073\" data-end=\"2210\">Terastank tagab cuv\u00e9e\u2019le kristalse puhtuse ja t\u00e4pse struktuuri, r\u00f5hutades puuvilja ja mineraalsuse koosk\u00f5la ilma oks\u00fcdatiivse m\u00f5jutuseta.<\/p>\n\t\t\t\t\t<\/div>\n\t\t\t\t\t\t<\/div>\n\t\t\t\t<\/div>\n\t\t\t\t<div class=\"elementor-element elementor-element-f22db15 elementor-widget elementor-widget-wd_text_block\" data-id=\"f22db15\" data-element_type=\"widget\" data-e-type=\"widget\" data-widget_type=\"wd_text_block.default\">\n\t\t\t\t<div class=\"elementor-widget-container\">\n\t\t\t\t\t\t\t<div class=\"wd-text-block reset-last-child text-left\">\n\t\t\t\n\t\t\t<h3 class=\"cvGsUA direction-ltr align-justify para-style-body\"><span class=\"OYPEnA font-feature-liga-off font-feature-clig-off font-feature-calt-off text-decoration-none text-strikethrough-none\">Maitsenoodid:<\/span><\/h3><p data-start=\"2240\" data-end=\"2636\">Aroomis ilmneb k\u00fcps roheline \u00f5un, pirn, sidrunikoor, valged lilled, kerge brio\u0161iline noot ja soolakas kivine varjund.<br data-start=\"2357\" data-end=\"2360\" \/>Maitses on vein siidine, puuviljane ja v\u00e4rskelt elegantne: punaste marjade pehme vihje Pinot Noir\u2019lt ning tsitruseline ja kreemjas tasakaal Chardonnaylt.<br data-start=\"2513\" data-end=\"2516\" \/>J\u00e4relmaitse on puhas, kuiv ja kerge mandlise l\u00f5ppnoodiga \u2014 ideaalne Brut stiil, kus ei domineeri magusus ega happelisus.<\/p><p data-start=\"2638\" data-end=\"2771\"><em data-start=\"2638\" data-end=\"2656\">Cuv\u00e9e de R\u00e9serve<\/em> on t\u00f5eliselt harmooniline \u0161ampanja: mitte liiga tehniline, mitte liiga lihtne \u2014 just t\u00e4pselt seal, kus peab olema.<\/p><p data-start=\"2142\" data-end=\"2574\"><span style=\"color: #1b1919; font-size: 22px;\">Toidusoovitus:<\/span><\/p><p data-start=\"2804\" data-end=\"3032\">\u2022 austrid, krevetid ja kergelt sidruniga valge kala<br data-start=\"2855\" data-end=\"2858\" \/>\u2022 sushi ja sashimi<br data-start=\"2876\" data-end=\"2879\" \/>\u2022 v\u00e4rske salat kitsejuustuga<br data-start=\"2907\" data-end=\"2910\" \/>\u2022 kreemine pasta (sidruni, \u00fcrtide v\u00f5i koorega)<br data-start=\"2956\" data-end=\"2959\" \/>\u2022 grillitud kana v\u00f5i kalkun<br data-start=\"2986\" data-end=\"2989\" \/>\u2022 pehmemad juustud (Brie, Camembert, Tomme)<\/p><p data-start=\"3034\" data-end=\"3096\">Sobib ideaalselt ka tervitusjoogiks v\u00f5i pidulikuks avamulliks.<\/p>\n\t\t\t\t\t<\/div>\n\t\t\t\t\t\t<\/div>\n\t\t\t\t<\/div>\n\t\t\t\t<div class=\"elementor-element elementor-element-79dff25 elementor-widget elementor-widget-wd_text_block\" data-id=\"79dff25\" data-element_type=\"widget\" data-e-type=\"widget\" data-widget_type=\"wd_text_block.default\">\n\t\t\t\t<div class=\"elementor-widget-container\">\n\t\t\t\t\t\t\t<div class=\"wd-text-block reset-last-child text-left\">\n\t\t\t\n\t\t\t<h3 class=\"cvGsUA direction-ltr align-justify para-style-body\"><span class=\"OYPEnA font-feature-liga-off font-feature-clig-off font-feature-calt-off text-decoration-none text-strikethrough-none\">S\u00e4ilitamispotentsiaal:<\/span><\/h3><p data-start=\"30\" data-end=\"380\">2024\u20132029<br data-start=\"3573\" data-end=\"3576\" \/>S\u00e4ilitamisel lisandub brioche\u2019i ja r\u00f6stitud p\u00e4hkli noote ning Chardonnay mineraalne \u00f5hulisus j\u00e4\u00e4b kenasti balanssi Pinot Noir\u2019i pehmusega.<\/p><h3 class=\"cvGsUA direction-ltr align-justify para-style-body\"><span class=\"OYPEnA font-feature-liga-off font-feature-clig-off font-feature-calt-off text-decoration-none text-strikethrough-none\">Hinnangud &amp; tunnustused:<\/span><\/h3><p>\u2022 <strong data-start=\"3331\" data-end=\"3342\">Vinous:<\/strong> 90\u201392 punkti (varasemad partii-kirjeldused) \u2014 \u201cTasakaalus, mahlane ja v\u00e4ga puhta profiiliga Brut.\u201d<br data-start=\"3441\" data-end=\"3444\" \/>\u2022 <strong data-start=\"3446\" data-end=\"3464\">Wine Advocate:<\/strong> tunnustanud cuv\u00e9e\u2019d kui \u201cv\u00e4ga usaldusv\u00e4\u00e4rset ja stiilset majasisest visiitkaarti.\u201d<br data-start=\"3547\" data-end=\"3550\" \/>\u2022 <strong data-start=\"3552\" data-end=\"3560\">RVF:<\/strong> m\u00e4rginud seda kui \u201c\u00fcks parimatest traditsioonilise stiiliga \u00a0Brut\u2019idest Aube\u2019i piirkonnast.\u201d<\/p>\n\t\t\t\t\t<\/div>\n\t\t\t\t\t\t<\/div>\n\t\t\t\t<\/div>\n\t\t\t\t\t<\/div>\n\t\t\t\t<\/div>\n\t\t\t\t<\/div>","protected":false},"excerpt":{"rendered":"<p>Klassikaline ja elegantne Pinot Noir\u2019i ning Chardonnay segu, mis \u00fchendab l\u00f5unapoolse n\u00f5lva k\u00fcpsuse ja Kimmeridgiani lubjakivi mineraalsuse, pakkudes t\u00e4pset, tasakaalus ja siidist Brut stiili.<\/p>","protected":false},"featured_media":29742,"template":"","meta":[],"product_brand":[176],"product_cat":[188,29,93],"product_tag":[],"class_list":{"0":"post-28254","1":"product","2":"type-product","3":"status-publish","4":"has-post-thumbnail","6":"product_brand-piollot","7":"product_cat-aasta-vein-2026","8":"product_cat-koik-tooted","9":"product_cat-sampanja","10":"pa_piirkond-champagne","11":"pa_viinamarjasort-chardonnay","12":"pa_viinamarjasort-pinot-noir","14":"first","15":"instock","16":"sale","17":"featured","18":"taxable","19":"shipping-taxable","20":"purchasable","21":"product-type-simple"},"yoast_head":"<!-- This site is optimized with the Yoast SEO plugin v27.4 - https:\/\/yoast.com\/product\/yoast-seo-wordpress\/ -->\n<title>Piollot Cuv\u00e9e de R\u00e9serve \u2013 Brut - diWine &ndash; Premium kvaliteetveinid &uuml;le maailma | Eesti veinipood<\/title>\n<meta name=\"robots\" content=\"index, follow, max-snippet:-1, max-image-preview:large, max-video-preview:-1\" \/>\n<link rel=\"canonical\" href=\"https:\/\/diwine.ee\/en\/product\/piollot-cuvee-de-reserve\/\" \/>\n<meta property=\"og:locale\" content=\"en_GB\" \/>\n<meta property=\"og:type\" content=\"article\" \/>\n<meta property=\"og:title\" content=\"Piollot Cuv\u00e9e de R\u00e9serve \u2013 Brut - diWine &ndash; Premium kvaliteetveinid &uuml;le maailma | Eesti veinipood\" \/>\n<meta property=\"og:description\" content=\"Klassikaline ja elegantne Pinot Noir\u2019i ning Chardonnay segu, mis \u00fchendab l\u00f5unapoolse n\u00f5lva k\u00fcpsuse ja Kimmeridgiani lubjakivi mineraalsuse, pakkudes t\u00e4pset, tasakaalus ja siidist Brut stiili.\" \/>\n<meta property=\"og:url\" content=\"https:\/\/diwine.ee\/en\/product\/piollot-cuvee-de-reserve\/\" \/>\n<meta property=\"og:site_name\" content=\"diWine &ndash; Premium kvaliteetveinid &uuml;le maailma | Eesti veinipood\" \/>\n<meta property=\"article:publisher\" content=\"https:\/\/www.facebook.com\/profile.php?id=61573862347231\" \/>\n<meta property=\"article:modified_time\" content=\"2026-04-14T09:40:44+00:00\" \/>\n<meta property=\"og:image\" content=\"https:\/\/diwine.ee\/wp-content\/uploads\/2025\/12\/cuveedereserve-silver.png\" \/>\n\t<meta property=\"og:image:width\" content=\"800\" \/>\n\t<meta property=\"og:image:height\" content=\"800\" \/>\n\t<meta property=\"og:image:type\" content=\"image\/png\" \/>\n<meta name=\"twitter:card\" content=\"summary_large_image\" \/>\n<meta name=\"twitter:label1\" content=\"Estimated reading time\" \/>\n\t<meta name=\"twitter:data1\" content=\"2 minutes\" \/>\n<script type=\"application\/ld+json\" class=\"yoast-schema-graph\">{\"@context\":\"https:\\\/\\\/schema.org\",\"@graph\":[{\"@type\":\"WebPage\",\"@id\":\"https:\\\/\\\/diwine.ee\\\/product\\\/piollot-cuvee-de-reserve\\\/\",\"url\":\"https:\\\/\\\/diwine.ee\\\/product\\\/piollot-cuvee-de-reserve\\\/\",\"name\":\"Piollot Cuv\u00e9e de R\u00e9serve \u2013 Brut - diWine &ndash; Premium kvaliteetveinid &uuml;le maailma | Eesti veinipood\",\"isPartOf\":{\"@id\":\"https:\\\/\\\/diwine.ee\\\/#website\"},\"primaryImageOfPage\":{\"@id\":\"https:\\\/\\\/diwine.ee\\\/product\\\/piollot-cuvee-de-reserve\\\/#primaryimage\"},\"image\":{\"@id\":\"https:\\\/\\\/diwine.ee\\\/product\\\/piollot-cuvee-de-reserve\\\/#primaryimage\"},\"thumbnailUrl\":\"https:\\\/\\\/diwine.ee\\\/wp-content\\\/uploads\\\/2025\\\/12\\\/cuveedereserve-silver.png\",\"datePublished\":\"2025-12-02T08:36:22+00:00\",\"dateModified\":\"2026-04-14T09:40:44+00:00\",\"breadcrumb\":{\"@id\":\"https:\\\/\\\/diwine.ee\\\/product\\\/piollot-cuvee-de-reserve\\\/#breadcrumb\"},\"inLanguage\":\"en-GB\",\"potentialAction\":[{\"@type\":\"ReadAction\",\"target\":[\"https:\\\/\\\/diwine.ee\\\/product\\\/piollot-cuvee-de-reserve\\\/\"]}]},{\"@type\":\"ImageObject\",\"inLanguage\":\"en-GB\",\"@id\":\"https:\\\/\\\/diwine.ee\\\/product\\\/piollot-cuvee-de-reserve\\\/#primaryimage\",\"url\":\"https:\\\/\\\/diwine.ee\\\/wp-content\\\/uploads\\\/2025\\\/12\\\/cuveedereserve-silver.png\",\"contentUrl\":\"https:\\\/\\\/diwine.ee\\\/wp-content\\\/uploads\\\/2025\\\/12\\\/cuveedereserve-silver.png\",\"width\":800,\"height\":800},{\"@type\":\"BreadcrumbList\",\"@id\":\"https:\\\/\\\/diwine.ee\\\/product\\\/piollot-cuvee-de-reserve\\\/#breadcrumb\",\"itemListElement\":[{\"@type\":\"ListItem\",\"position\":1,\"name\":\"Home\",\"item\":\"https:\\\/\\\/diwine.ee\\\/\"},{\"@type\":\"ListItem\",\"position\":2,\"name\":\"e-pood\",\"item\":\"https:\\\/\\\/diwine.ee\\\/tooted\\\/\"},{\"@type\":\"ListItem\",\"position\":3,\"name\":\"Piollot Cuv\u00e9e de R\u00e9serve \u2013 Brut\"}]},{\"@type\":\"WebSite\",\"@id\":\"https:\\\/\\\/diwine.ee\\\/#website\",\"url\":\"https:\\\/\\\/diwine.ee\\\/\",\"name\":\"diWine \u2013 Premium kvaliteetveinid \u00fcle maailma | Eesti veinipood\",\"description\":\"Avasta diWine&#039;i hoolikalt valitud kvaliteetveinid maailma tippveinipiirkondadest. Eksklusiivsed punaveinid, valged veinid, vahuveinid ja eriveinid sinu erilisteks hetkedeks.\",\"publisher\":{\"@id\":\"https:\\\/\\\/diwine.ee\\\/#organization\"},\"potentialAction\":[{\"@type\":\"SearchAction\",\"target\":{\"@type\":\"EntryPoint\",\"urlTemplate\":\"https:\\\/\\\/diwine.ee\\\/?s={search_term_string}\"},\"query-input\":{\"@type\":\"PropertyValueSpecification\",\"valueRequired\":true,\"valueName\":\"search_term_string\"}}],\"inLanguage\":\"en-GB\"},{\"@type\":\"Organization\",\"@id\":\"https:\\\/\\\/diwine.ee\\\/#organization\",\"name\":\"diWine veinipood\",\"url\":\"https:\\\/\\\/diwine.ee\\\/\",\"logo\":{\"@type\":\"ImageObject\",\"inLanguage\":\"en-GB\",\"@id\":\"https:\\\/\\\/diwine.ee\\\/#\\\/schema\\\/logo\\\/image\\\/\",\"url\":\"https:\\\/\\\/diwine.ee\\\/wp-content\\\/uploads\\\/2025\\\/04\\\/diWine-1080-x-1080-px.png\",\"contentUrl\":\"https:\\\/\\\/diwine.ee\\\/wp-content\\\/uploads\\\/2025\\\/04\\\/diWine-1080-x-1080-px.png\",\"width\":1080,\"height\":1080,\"caption\":\"diWine veinipood\"},\"image\":{\"@id\":\"https:\\\/\\\/diwine.ee\\\/#\\\/schema\\\/logo\\\/image\\\/\"},\"sameAs\":[\"https:\\\/\\\/www.facebook.com\\\/profile.php?id=61573862347231\",\"https:\\\/\\\/www.instagram.com\\\/diwine.ee\"]}]}<\/script>\n<!-- \/ Yoast SEO plugin. -->","yoast_head_json":{"title":"Piollot Cuv\u00e9e de R\u00e9serve \u2013 Brut - diWine &ndash; Premium kvaliteetveinid &uuml;le maailma | Eesti veinipood","robots":{"index":"index","follow":"follow","max-snippet":"max-snippet:-1","max-image-preview":"max-image-preview:large","max-video-preview":"max-video-preview:-1"},"canonical":"https:\/\/diwine.ee\/en\/product\/piollot-cuvee-de-reserve\/","og_locale":"en_GB","og_type":"article","og_title":"Piollot Cuv\u00e9e de R\u00e9serve \u2013 Brut - diWine &ndash; Premium kvaliteetveinid &uuml;le maailma | Eesti veinipood","og_description":"Klassikaline ja elegantne Pinot Noir\u2019i ning Chardonnay segu, mis \u00fchendab l\u00f5unapoolse n\u00f5lva k\u00fcpsuse ja Kimmeridgiani lubjakivi mineraalsuse, pakkudes t\u00e4pset, tasakaalus ja siidist Brut stiili.","og_url":"https:\/\/diwine.ee\/en\/product\/piollot-cuvee-de-reserve\/","og_site_name":"diWine &ndash; Premium kvaliteetveinid &uuml;le maailma | Eesti veinipood","article_publisher":"https:\/\/www.facebook.com\/profile.php?id=61573862347231","article_modified_time":"2026-04-14T09:40:44+00:00","og_image":[{"width":800,"height":800,"url":"https:\/\/diwine.ee\/wp-content\/uploads\/2025\/12\/cuveedereserve-silver.png","type":"image\/png"}],"twitter_card":"summary_large_image","twitter_misc":{"Estimated reading time":"2 minutes"},"schema":{"@context":"https:\/\/schema.org","@graph":[{"@type":"WebPage","@id":"https:\/\/diwine.ee\/product\/piollot-cuvee-de-reserve\/","url":"https:\/\/diwine.ee\/product\/piollot-cuvee-de-reserve\/","name":"Piollot Cuv\u00e9e de R\u00e9serve \u2013 Brut - diWine &ndash; Premium kvaliteetveinid &uuml;le maailma | Eesti veinipood","isPartOf":{"@id":"https:\/\/diwine.ee\/#website"},"primaryImageOfPage":{"@id":"https:\/\/diwine.ee\/product\/piollot-cuvee-de-reserve\/#primaryimage"},"image":{"@id":"https:\/\/diwine.ee\/product\/piollot-cuvee-de-reserve\/#primaryimage"},"thumbnailUrl":"https:\/\/diwine.ee\/wp-content\/uploads\/2025\/12\/cuveedereserve-silver.png","datePublished":"2025-12-02T08:36:22+00:00","dateModified":"2026-04-14T09:40:44+00:00","breadcrumb":{"@id":"https:\/\/diwine.ee\/product\/piollot-cuvee-de-reserve\/#breadcrumb"},"inLanguage":"en-GB","potentialAction":[{"@type":"ReadAction","target":["https:\/\/diwine.ee\/product\/piollot-cuvee-de-reserve\/"]}]},{"@type":"ImageObject","inLanguage":"en-GB","@id":"https:\/\/diwine.ee\/product\/piollot-cuvee-de-reserve\/#primaryimage","url":"https:\/\/diwine.ee\/wp-content\/uploads\/2025\/12\/cuveedereserve-silver.png","contentUrl":"https:\/\/diwine.ee\/wp-content\/uploads\/2025\/12\/cuveedereserve-silver.png","width":800,"height":800},{"@type":"BreadcrumbList","@id":"https:\/\/diwine.ee\/product\/piollot-cuvee-de-reserve\/#breadcrumb","itemListElement":[{"@type":"ListItem","position":1,"name":"Home","item":"https:\/\/diwine.ee\/"},{"@type":"ListItem","position":2,"name":"e-pood","item":"https:\/\/diwine.ee\/tooted\/"},{"@type":"ListItem","position":3,"name":"Piollot Cuv\u00e9e de R\u00e9serve \u2013 Brut"}]},{"@type":"WebSite","@id":"https:\/\/diwine.ee\/#website","url":"https:\/\/diwine.ee\/","name":"diWine \u2013 Premium kvaliteetveinid \u00fcle maailma | Eesti veinipood","description":"Avasta diWine&#039;i hoolikalt valitud kvaliteetveinid maailma tippveinipiirkondadest. Eksklusiivsed punaveinid, valged veinid, vahuveinid ja eriveinid sinu erilisteks hetkedeks.","publisher":{"@id":"https:\/\/diwine.ee\/#organization"},"potentialAction":[{"@type":"SearchAction","target":{"@type":"EntryPoint","urlTemplate":"https:\/\/diwine.ee\/?s={search_term_string}"},"query-input":{"@type":"PropertyValueSpecification","valueRequired":true,"valueName":"search_term_string"}}],"inLanguage":"en-GB"},{"@type":"Organization","@id":"https:\/\/diwine.ee\/#organization","name":"diWine veinipood","url":"https:\/\/diwine.ee\/","logo":{"@type":"ImageObject","inLanguage":"en-GB","@id":"https:\/\/diwine.ee\/#\/schema\/logo\/image\/","url":"https:\/\/diwine.ee\/wp-content\/uploads\/2025\/04\/diWine-1080-x-1080-px.png","contentUrl":"https:\/\/diwine.ee\/wp-content\/uploads\/2025\/04\/diWine-1080-x-1080-px.png","width":1080,"height":1080,"caption":"diWine veinipood"},"image":{"@id":"https:\/\/diwine.ee\/#\/schema\/logo\/image\/"},"sameAs":["https:\/\/www.facebook.com\/profile.php?id=61573862347231","https:\/\/www.instagram.com\/diwine.ee"]}]}},"jetpack_sharing_enabled":true,"_links":{"self":[{"href":"https:\/\/diwine.ee\/en\/wp-json\/wp\/v2\/product\/28254","targetHints":{"allow":["GET"]}}],"collection":[{"href":"https:\/\/diwine.ee\/en\/wp-json\/wp\/v2\/product"}],"about":[{"href":"https:\/\/diwine.ee\/en\/wp-json\/wp\/v2\/types\/product"}],"version-history":[{"count":2,"href":"https:\/\/diwine.ee\/en\/wp-json\/wp\/v2\/product\/28254\/revisions"}],"predecessor-version":[{"id":29743,"href":"https:\/\/diwine.ee\/en\/wp-json\/wp\/v2\/product\/28254\/revisions\/29743"}],"wp:featuredmedia":[{"embeddable":true,"href":"https:\/\/diwine.ee\/en\/wp-json\/wp\/v2\/media\/29742"}],"wp:attachment":[{"href":"https:\/\/diwine.ee\/en\/wp-json\/wp\/v2\/media?parent=28254"}],"wp:term":[{"taxonomy":"product_brand","embeddable":true,"href":"https:\/\/diwine.ee\/en\/wp-json\/wp\/v2\/product_brand?post=28254"},{"taxonomy":"product_cat","embeddable":true,"href":"https:\/\/diwine.ee\/en\/wp-json\/wp\/v2\/product_cat?post=28254"},{"taxonomy":"product_tag","embeddable":true,"href":"https:\/\/diwine.ee\/en\/wp-json\/wp\/v2\/product_tag?post=28254"}],"curies":[{"name":"wp","href":"https:\/\/api.w.org\/{rel}","templated":true}]}}