{"id":28265,"date":"2025-12-02T14:21:17","date_gmt":"2025-12-02T12:21:17","guid":{"rendered":"https:\/\/diwine.ee\/?post_type=product&#038;p=28265"},"modified":"2025-12-28T22:43:06","modified_gmt":"2025-12-28T20:43:06","slug":"piollot-ratafia","status":"publish","type":"product","link":"https:\/\/diwine.ee\/en\/product\/piollot-ratafia\/","title":{"rendered":"Piollot &#8211; Ratafia Champenois &#8220;Le Cabaniste&#8221;"},"content":{"rendered":"<div data-elementor-type=\"wp-post\" data-elementor-id=\"28265\" class=\"elementor elementor-28265\">\n\t\t\t\t<div class=\"wd-negative-gap elementor-element elementor-element-b496628 e-grid e-con-boxed e-con e-parent\" data-id=\"b496628\" data-element_type=\"container\" data-e-type=\"container\">\n\t\t\t\t\t<div class=\"e-con-inner\">\n\t\t\t\t<div class=\"elementor-element elementor-element-aa23989 elementor-widget elementor-widget-wd_text_block\" data-id=\"aa23989\" data-element_type=\"widget\" data-e-type=\"widget\" data-widget_type=\"wd_text_block.default\">\n\t\t\t\t<div class=\"elementor-widget-container\">\n\t\t\t\t\t\t\t<div class=\"wd-text-block reset-last-child text-left\">\n\t\t\t\n\t\t\t<h3 class=\"cvGsUA direction-ltr align-justify para-style-body\"><span class=\"OYPEnA font-feature-liga-off font-feature-clig-off font-feature-calt-off text-decoration-none text-strikethrough-none\">Veini lugu:<\/span><\/h3><p data-start=\"722\" data-end=\"1160\"><em data-start=\"722\" data-end=\"736\">Le Cabaniste<\/em> on Piollot\u2019 perekonna t\u00f5eline k\u00e4sit\u00f6\u00f6lik v\u00e4\u00e4rmagus vein \u2014 <strong data-start=\"795\" data-end=\"817\">Ratafia Champenois<\/strong>, Champagne\u2019i \u00fcks vanimaid traditsioonilisi jooke, mis oli piirkonnas kasutusel juba ammu enne \u0161ampanja s\u00fcndi.<br data-start=\"927\" data-end=\"930\" \/>See cuv\u00e9e on \u00fchtaegu haruldane ja erakordselt autentne: see valmistatakse ainult Pinot Noir\u2019st, mille k\u00e4\u00e4rimine peatatakse <strong data-start=\"1053\" data-end=\"1067\">mutage\u2019iga<\/strong>, lisades naturaalset eau-de-vie\u2019d, mis on destilleeritud veinist samas p\u00e4rimuslikus stiilis.<\/p><p data-start=\"1162\" data-end=\"1553\">Viinamarjad p\u00e4rinevad <strong data-start=\"1184\" data-end=\"1212\">biod\u00fcnaamiliselt haritud<\/strong> p\u00f5ldudelt, mille alus on Kimmeridgiani lubjakivi \u2014 sama geoloogiline struktuur, mis annab iseloomu Chablis\u2019 tuntuimatele veinidele.<br data-start=\"1344\" data-end=\"1347\" \/>Joogile nime andnud \u201cLe Cabaniste\u201d viitab perekonna ajaloos meistrile, kes hoolitses tammevaatide ja keldri eest. See on austusavaldus aegade\u00fclestele meetoditele, mis toovad veinidesse s\u00fcgavust ja kestvust.<\/p><p data-start=\"536\" data-end=\"1111\"><span style=\"color: #1b1919; font-size: 22px;\">Veini valmistamine:<\/span><\/p><p data-start=\"1596\" data-end=\"1821\"><strong data-start=\"1596\" data-end=\"1609\">Viinamari: <\/strong>100% Pinot Noir<br data-start=\"1617\" data-end=\"1620\" \/><strong data-start=\"1620\" data-end=\"1631\">Pinnas:<\/strong> Kimmeridgiani lubjakivi<br data-start=\"1655\" data-end=\"1658\" \/><strong data-start=\"1658\" data-end=\"1671\">Kasvatus:<\/strong> biod\u00fcnaamiline<br data-start=\"1686\" data-end=\"1689\" \/><strong data-start=\"1689\" data-end=\"1699\">Stiil:<\/strong> Ratafia Champenois (peatatud k\u00e4\u00e4rimine, naturaalne magusus)<\/p><p data-start=\"1763\" data-end=\"2134\"><strong data-start=\"1763\" data-end=\"1782\">Vinifikatsioon:<\/strong><br data-start=\"1782\" data-end=\"1785\" \/>\u2022 <strong data-start=\"1787\" data-end=\"1807\">Mutage \u00e0 la Fine<\/strong> \u2013 k\u00e4\u00e4rimine peatatakse lisades eau-de-vie\u2019d \u2714<br data-start=\"1853\" data-end=\"1856\" \/>\u2022 Alkohol: <strong data-start=\"1867\" data-end=\"1877\">17.75%<\/strong><br data-start=\"1877\" data-end=\"1880\" \/>\u2022 Suhkrut: <strong data-start=\"1891\" data-end=\"1902\">114 g\/L<\/strong><br data-start=\"1902\" data-end=\"1905\" \/>\u2022 Fermentatsioon: peatatud (mutage)<br data-start=\"1940\" data-end=\"1943\" \/>\u2022 K\u00fcpsemine: <strong data-start=\"1956\" data-end=\"1977\">228 L tammevaadid<\/strong><br data-start=\"1977\" data-end=\"1980\" \/>\u2022 Laagerdus: <strong data-start=\"1993\" data-end=\"2017\">5 aastat tammevaadis<\/strong> (oluline kvaliteedim\u00e4rk) \u2714<br data-start=\"2044\" data-end=\"2047\" \/>\u2022 Racking: jah<br data-start=\"2061\" data-end=\"2064\" \/>\u2022 Selitus \/ filtratsioon: ei<br data-start=\"2092\" data-end=\"2095\" \/>\u2022 Total SO\u2082: <strong data-start=\"2108\" data-end=\"2119\">19 mg\/l<\/strong> (v\u00e4ga madal)<\/p><p data-start=\"2136\" data-end=\"2383\">See pikk viieaastane k\u00fcpsemine v\u00e4ikeses vaatides annab joogile uskumatult s\u00fcgava struktuuri, karamellise varjundi ja komplekssuse, mida leiab pigem vanades dessertveinides v\u00f5i noortes konjakites \u2014 kuid s\u00e4ilitades Pinot Noir\u2019i v\u00e4rskuse ja puuvilja.<\/p>\n\t\t\t\t\t<\/div>\n\t\t\t\t\t\t<\/div>\n\t\t\t\t<\/div>\n\t\t\t\t<div class=\"elementor-element elementor-element-f22db15 elementor-widget elementor-widget-wd_text_block\" data-id=\"f22db15\" data-element_type=\"widget\" data-e-type=\"widget\" data-widget_type=\"wd_text_block.default\">\n\t\t\t\t<div class=\"elementor-widget-container\">\n\t\t\t\t\t\t\t<div class=\"wd-text-block reset-last-child text-left\">\n\t\t\t\n\t\t\t<h3 class=\"cvGsUA direction-ltr align-justify para-style-body\"><span class=\"OYPEnA font-feature-liga-off font-feature-clig-off font-feature-calt-off text-decoration-none text-strikethrough-none\">Maitsenoodid:<\/span><\/h3><p data-start=\"2413\" data-end=\"2613\">Aroomis: k\u00fcps kirss, k\u00fcdoonia, kuivatatud aprikoos, viigimari, r\u00f6stitud p\u00e4hklid, mesi, karamell, vanill ja \u00f5rn v\u00fcrts. Taustal on tunda tammevarjundit, mis ei domineeri, kuid annab elegantset s\u00fcgavust.<\/p><p data-start=\"2615\" data-end=\"2950\">Maitses: rikkalik ja sametine tekstuur, millel on harmooniline tasakaal puuviljasuse, happesuse ja magususe vahel. Vein on k\u00fclluslik, kuid mitte kleepuv \u2014 tamm tasakaalustab magusust ja lubjakivine soolakas joon hoiab terviku elavana.<br data-start=\"2849\" data-end=\"2852\" \/>J\u00e4relmaitse on pikk, soe, karamelline ja v\u00fcrtsine, punaste luuviljade ja r\u00f6stitud mandli n\u00fcansiga.<\/p><p data-start=\"2142\" data-end=\"2574\"><span style=\"color: #1b1919; font-size: 22px;\">Toidusoovitus:<\/span><\/p><p data-start=\"2983\" data-end=\"3070\">Ratafia on \u00fcks k\u00f5ige universaalsemaid dessertjooke ning sobib nii magusa kui soolasega:<\/p><p data-start=\"3072\" data-end=\"3194\"><strong data-start=\"3072\" data-end=\"3084\">Magusad:<\/strong><br data-start=\"3084\" data-end=\"3087\" \/>\u2022 cr\u00e8me br\u00fbl\u00e9e<br data-start=\"3101\" data-end=\"3104\" \/>\u2022 \u00f5unakook, pirnitart, \u0161okolaadimousse<br data-start=\"3142\" data-end=\"3145\" \/>\u2022 karamell, vanill, mee ja p\u00e4hkliga magustoidud<\/p><p data-start=\"3196\" data-end=\"3407\"><strong data-start=\"3196\" data-end=\"3209\">Soolased:<\/strong><br data-start=\"3209\" data-end=\"3212\" \/>\u2022 foie gras (klassikaline pairing)<br data-start=\"3246\" data-end=\"3249\" \/>\u2022 sinihallitusjuust (Roquefort, Gorgonzola)<br data-start=\"3292\" data-end=\"3295\" \/>\u2022 k\u00fcpsed k\u00f5vad juustud (Comt\u00e9 24\u201336m, Gruy\u00e8re)<br data-start=\"3341\" data-end=\"3344\" \/>\u2022 pardiconfit, rikkamad linnuroad<br data-start=\"3377\" data-end=\"3380\" \/>\u2022 seenepateed &amp; metsaseened<\/p><p data-start=\"3409\" data-end=\"3468\">V\u00e4ga sobilik ka digestiivina\u00a0konjaki v\u00f5i viski asemel.<\/p>\n\t\t\t\t\t<\/div>\n\t\t\t\t\t\t<\/div>\n\t\t\t\t<\/div>\n\t\t\t\t<div class=\"elementor-element elementor-element-79dff25 elementor-widget elementor-widget-wd_text_block\" data-id=\"79dff25\" data-element_type=\"widget\" data-e-type=\"widget\" data-widget_type=\"wd_text_block.default\">\n\t\t\t\t<div class=\"elementor-widget-container\">\n\t\t\t\t\t\t\t<div class=\"wd-text-block reset-last-child text-left\">\n\t\t\t\n\t\t\t<h3 class=\"cvGsUA direction-ltr align-justify para-style-body\"><span class=\"OYPEnA font-feature-liga-off font-feature-clig-off font-feature-calt-off text-decoration-none text-strikethrough-none\">S\u00e4ilitamispotentsiaal:<\/span><\/h3><p data-start=\"30\" data-end=\"380\">2024\u20132040+<br data-start=\"3520\" data-end=\"3523\" \/>Ratafia vananeb suurep\u00e4raselt \u2014 aja jooksul lisanduvad karamell, p\u00e4hkel, kuivatatud viigimarjad, tubakas ja \u0161erri-sarnased n\u00fcansid.<\/p><h3 class=\"cvGsUA direction-ltr align-justify para-style-body\"><span class=\"OYPEnA font-feature-liga-off font-feature-clig-off font-feature-calt-off text-decoration-none text-strikethrough-none\">Hinnangud &amp; tunnustused:<\/span><\/h3><p>\u2022 <strong data-start=\"3697\" data-end=\"3710\">Decanter:<\/strong> kiitnud Piollot\u2019 Ratafiat kui \u201c\u00fcks puhtamaid ja k\u00f5ige veenvamaid interprteeringuid Champagne\u2019i ratafiast\u201d.<br data-start=\"3817\" data-end=\"3820\" \/>\u2022 <strong data-start=\"3822\" data-end=\"3840\">Wine Advocate:<\/strong> m\u00e4rkinud \u201cm\u00e4rkimisv\u00e4\u00e4rset s\u00fcgavust ja elegantsi haruldaselt pika vaatide k\u00fcpsemise t\u00f5ttu\u201d.<br data-start=\"3931\" data-end=\"3934\" \/>\u2022 Sommeljeede seas tuntud kui <strong data-start=\"3964\" data-end=\"4017\">\u00fcks C\u00f4te des Bar\u2019i v\u00e4\u00e4rtuslikumaid ratafia-stiile<\/strong>.<\/p>\n\t\t\t\t\t<\/div>\n\t\t\t\t\t\t<\/div>\n\t\t\t\t<\/div>\n\t\t\t\t\t<\/div>\n\t\t\t\t<\/div>\n\t\t\t\t<\/div>","protected":false},"excerpt":{"rendered":"<p>Viis aastat v\u00e4ikestes tammevaatides k\u00fcpsenud, sametine ja s\u00fcgav Ratafia Champenois, mis \u00fchendab Pinot Noir\u2019i rikkaliku puuviljasuse, Kimmeridgiani lubjakivi n\u00fcansid ja eau-de-vie\u2019ga peatatud k\u00e4\u00e4rimisest tekkiva loodusliku magususe.<\/p>","protected":false},"featured_media":28263,"template":"","meta":[],"product_brand":[176],"product_cat":[29,178],"product_tag":[],"class_list":{"0":"post-28265","1":"product","2":"type-product","3":"status-publish","4":"has-post-thumbnail","6":"product_brand-piollot","7":"product_cat-koik-tooted","8":"product_cat-likoor","9":"pa_piirkond-champagne","10":"pa_viinamarjasort-pinot-noir","12":"first","13":"instock","14":"featured","15":"taxable","16":"shipping-taxable","17":"purchasable","18":"product-type-simple"},"yoast_head":"<!-- This site is optimized with the Yoast SEO plugin v27.4 - https:\/\/yoast.com\/product\/yoast-seo-wordpress\/ -->\n<title>Piollot - Ratafia Champenois &quot;Le Cabaniste&quot; - diWine &ndash; Premium kvaliteetveinid &uuml;le maailma | Eesti veinipood<\/title>\n<meta name=\"robots\" content=\"index, follow, max-snippet:-1, max-image-preview:large, max-video-preview:-1\" \/>\n<link rel=\"canonical\" href=\"https:\/\/diwine.ee\/en\/product\/piollot-ratafia\/\" \/>\n<meta property=\"og:locale\" content=\"en_GB\" \/>\n<meta property=\"og:type\" content=\"article\" \/>\n<meta property=\"og:title\" content=\"Piollot - Ratafia Champenois &quot;Le Cabaniste&quot; - diWine &ndash; Premium kvaliteetveinid &uuml;le maailma | Eesti veinipood\" \/>\n<meta property=\"og:description\" content=\"Viis aastat v\u00e4ikestes tammevaatides k\u00fcpsenud, sametine ja s\u00fcgav Ratafia Champenois, mis \u00fchendab Pinot Noir\u2019i rikkaliku puuviljasuse, Kimmeridgiani lubjakivi n\u00fcansid ja eau-de-vie\u2019ga peatatud k\u00e4\u00e4rimisest tekkiva loodusliku magususe.\" \/>\n<meta property=\"og:url\" content=\"https:\/\/diwine.ee\/en\/product\/piollot-ratafia\/\" \/>\n<meta property=\"og:site_name\" content=\"diWine &ndash; Premium kvaliteetveinid &uuml;le maailma | Eesti veinipood\" \/>\n<meta property=\"article:publisher\" content=\"https:\/\/www.facebook.com\/profile.php?id=61573862347231\" \/>\n<meta property=\"article:modified_time\" content=\"2025-12-28T20:43:06+00:00\" \/>\n<meta property=\"og:image\" content=\"https:\/\/diwine.ee\/wp-content\/uploads\/2025\/12\/ratafia-piollot_800x800.png\" \/>\n\t<meta property=\"og:image:width\" content=\"800\" \/>\n\t<meta property=\"og:image:height\" content=\"800\" \/>\n\t<meta property=\"og:image:type\" content=\"image\/png\" \/>\n<meta name=\"twitter:card\" content=\"summary_large_image\" \/>\n<meta name=\"twitter:label1\" content=\"Estimated reading time\" \/>\n\t<meta name=\"twitter:data1\" content=\"3 minutes\" \/>\n<script type=\"application\/ld+json\" class=\"yoast-schema-graph\">{\"@context\":\"https:\\\/\\\/schema.org\",\"@graph\":[{\"@type\":\"WebPage\",\"@id\":\"https:\\\/\\\/diwine.ee\\\/product\\\/piollot-ratafia\\\/\",\"url\":\"https:\\\/\\\/diwine.ee\\\/product\\\/piollot-ratafia\\\/\",\"name\":\"Piollot - Ratafia Champenois \\\"Le Cabaniste\\\" - diWine &ndash; Premium kvaliteetveinid &uuml;le maailma | Eesti veinipood\",\"isPartOf\":{\"@id\":\"https:\\\/\\\/diwine.ee\\\/#website\"},\"primaryImageOfPage\":{\"@id\":\"https:\\\/\\\/diwine.ee\\\/product\\\/piollot-ratafia\\\/#primaryimage\"},\"image\":{\"@id\":\"https:\\\/\\\/diwine.ee\\\/product\\\/piollot-ratafia\\\/#primaryimage\"},\"thumbnailUrl\":\"https:\\\/\\\/diwine.ee\\\/wp-content\\\/uploads\\\/2025\\\/12\\\/ratafia-piollot_800x800.png\",\"datePublished\":\"2025-12-02T12:21:17+00:00\",\"dateModified\":\"2025-12-28T20:43:06+00:00\",\"breadcrumb\":{\"@id\":\"https:\\\/\\\/diwine.ee\\\/product\\\/piollot-ratafia\\\/#breadcrumb\"},\"inLanguage\":\"en-GB\",\"potentialAction\":[{\"@type\":\"ReadAction\",\"target\":[\"https:\\\/\\\/diwine.ee\\\/product\\\/piollot-ratafia\\\/\"]}]},{\"@type\":\"ImageObject\",\"inLanguage\":\"en-GB\",\"@id\":\"https:\\\/\\\/diwine.ee\\\/product\\\/piollot-ratafia\\\/#primaryimage\",\"url\":\"https:\\\/\\\/diwine.ee\\\/wp-content\\\/uploads\\\/2025\\\/12\\\/ratafia-piollot_800x800.png\",\"contentUrl\":\"https:\\\/\\\/diwine.ee\\\/wp-content\\\/uploads\\\/2025\\\/12\\\/ratafia-piollot_800x800.png\",\"width\":800,\"height\":800},{\"@type\":\"BreadcrumbList\",\"@id\":\"https:\\\/\\\/diwine.ee\\\/product\\\/piollot-ratafia\\\/#breadcrumb\",\"itemListElement\":[{\"@type\":\"ListItem\",\"position\":1,\"name\":\"Home\",\"item\":\"https:\\\/\\\/diwine.ee\\\/\"},{\"@type\":\"ListItem\",\"position\":2,\"name\":\"e-pood\",\"item\":\"https:\\\/\\\/diwine.ee\\\/tooted\\\/\"},{\"@type\":\"ListItem\",\"position\":3,\"name\":\"Piollot &#8211; Ratafia Champenois &#8220;Le Cabaniste&#8221;\"}]},{\"@type\":\"WebSite\",\"@id\":\"https:\\\/\\\/diwine.ee\\\/#website\",\"url\":\"https:\\\/\\\/diwine.ee\\\/\",\"name\":\"diWine \u2013 Premium kvaliteetveinid \u00fcle maailma | Eesti veinipood\",\"description\":\"Avasta diWine&#039;i hoolikalt valitud kvaliteetveinid maailma tippveinipiirkondadest. Eksklusiivsed punaveinid, valged veinid, vahuveinid ja eriveinid sinu erilisteks hetkedeks.\",\"publisher\":{\"@id\":\"https:\\\/\\\/diwine.ee\\\/#organization\"},\"potentialAction\":[{\"@type\":\"SearchAction\",\"target\":{\"@type\":\"EntryPoint\",\"urlTemplate\":\"https:\\\/\\\/diwine.ee\\\/?s={search_term_string}\"},\"query-input\":{\"@type\":\"PropertyValueSpecification\",\"valueRequired\":true,\"valueName\":\"search_term_string\"}}],\"inLanguage\":\"en-GB\"},{\"@type\":\"Organization\",\"@id\":\"https:\\\/\\\/diwine.ee\\\/#organization\",\"name\":\"diWine veinipood\",\"url\":\"https:\\\/\\\/diwine.ee\\\/\",\"logo\":{\"@type\":\"ImageObject\",\"inLanguage\":\"en-GB\",\"@id\":\"https:\\\/\\\/diwine.ee\\\/#\\\/schema\\\/logo\\\/image\\\/\",\"url\":\"https:\\\/\\\/diwine.ee\\\/wp-content\\\/uploads\\\/2025\\\/04\\\/diWine-1080-x-1080-px.png\",\"contentUrl\":\"https:\\\/\\\/diwine.ee\\\/wp-content\\\/uploads\\\/2025\\\/04\\\/diWine-1080-x-1080-px.png\",\"width\":1080,\"height\":1080,\"caption\":\"diWine veinipood\"},\"image\":{\"@id\":\"https:\\\/\\\/diwine.ee\\\/#\\\/schema\\\/logo\\\/image\\\/\"},\"sameAs\":[\"https:\\\/\\\/www.facebook.com\\\/profile.php?id=61573862347231\",\"https:\\\/\\\/www.instagram.com\\\/diwine.ee\"]}]}<\/script>\n<!-- \/ Yoast SEO plugin. -->","yoast_head_json":{"title":"Piollot - Ratafia Champenois \"Le Cabaniste\" - diWine &ndash; Premium kvaliteetveinid &uuml;le maailma | Eesti veinipood","robots":{"index":"index","follow":"follow","max-snippet":"max-snippet:-1","max-image-preview":"max-image-preview:large","max-video-preview":"max-video-preview:-1"},"canonical":"https:\/\/diwine.ee\/en\/product\/piollot-ratafia\/","og_locale":"en_GB","og_type":"article","og_title":"Piollot - Ratafia Champenois \"Le Cabaniste\" - diWine &ndash; Premium kvaliteetveinid &uuml;le maailma | Eesti veinipood","og_description":"Viis aastat v\u00e4ikestes tammevaatides k\u00fcpsenud, sametine ja s\u00fcgav Ratafia Champenois, mis \u00fchendab Pinot Noir\u2019i rikkaliku puuviljasuse, Kimmeridgiani lubjakivi n\u00fcansid ja eau-de-vie\u2019ga peatatud k\u00e4\u00e4rimisest tekkiva loodusliku magususe.","og_url":"https:\/\/diwine.ee\/en\/product\/piollot-ratafia\/","og_site_name":"diWine &ndash; Premium kvaliteetveinid &uuml;le maailma | Eesti veinipood","article_publisher":"https:\/\/www.facebook.com\/profile.php?id=61573862347231","article_modified_time":"2025-12-28T20:43:06+00:00","og_image":[{"width":800,"height":800,"url":"https:\/\/diwine.ee\/wp-content\/uploads\/2025\/12\/ratafia-piollot_800x800.png","type":"image\/png"}],"twitter_card":"summary_large_image","twitter_misc":{"Estimated reading time":"3 minutes"},"schema":{"@context":"https:\/\/schema.org","@graph":[{"@type":"WebPage","@id":"https:\/\/diwine.ee\/product\/piollot-ratafia\/","url":"https:\/\/diwine.ee\/product\/piollot-ratafia\/","name":"Piollot - Ratafia Champenois \"Le Cabaniste\" - diWine &ndash; Premium kvaliteetveinid &uuml;le maailma | Eesti veinipood","isPartOf":{"@id":"https:\/\/diwine.ee\/#website"},"primaryImageOfPage":{"@id":"https:\/\/diwine.ee\/product\/piollot-ratafia\/#primaryimage"},"image":{"@id":"https:\/\/diwine.ee\/product\/piollot-ratafia\/#primaryimage"},"thumbnailUrl":"https:\/\/diwine.ee\/wp-content\/uploads\/2025\/12\/ratafia-piollot_800x800.png","datePublished":"2025-12-02T12:21:17+00:00","dateModified":"2025-12-28T20:43:06+00:00","breadcrumb":{"@id":"https:\/\/diwine.ee\/product\/piollot-ratafia\/#breadcrumb"},"inLanguage":"en-GB","potentialAction":[{"@type":"ReadAction","target":["https:\/\/diwine.ee\/product\/piollot-ratafia\/"]}]},{"@type":"ImageObject","inLanguage":"en-GB","@id":"https:\/\/diwine.ee\/product\/piollot-ratafia\/#primaryimage","url":"https:\/\/diwine.ee\/wp-content\/uploads\/2025\/12\/ratafia-piollot_800x800.png","contentUrl":"https:\/\/diwine.ee\/wp-content\/uploads\/2025\/12\/ratafia-piollot_800x800.png","width":800,"height":800},{"@type":"BreadcrumbList","@id":"https:\/\/diwine.ee\/product\/piollot-ratafia\/#breadcrumb","itemListElement":[{"@type":"ListItem","position":1,"name":"Home","item":"https:\/\/diwine.ee\/"},{"@type":"ListItem","position":2,"name":"e-pood","item":"https:\/\/diwine.ee\/tooted\/"},{"@type":"ListItem","position":3,"name":"Piollot &#8211; Ratafia Champenois &#8220;Le Cabaniste&#8221;"}]},{"@type":"WebSite","@id":"https:\/\/diwine.ee\/#website","url":"https:\/\/diwine.ee\/","name":"diWine \u2013 Premium kvaliteetveinid \u00fcle maailma | Eesti veinipood","description":"Avasta diWine&#039;i hoolikalt valitud kvaliteetveinid maailma tippveinipiirkondadest. Eksklusiivsed punaveinid, valged veinid, vahuveinid ja eriveinid sinu erilisteks hetkedeks.","publisher":{"@id":"https:\/\/diwine.ee\/#organization"},"potentialAction":[{"@type":"SearchAction","target":{"@type":"EntryPoint","urlTemplate":"https:\/\/diwine.ee\/?s={search_term_string}"},"query-input":{"@type":"PropertyValueSpecification","valueRequired":true,"valueName":"search_term_string"}}],"inLanguage":"en-GB"},{"@type":"Organization","@id":"https:\/\/diwine.ee\/#organization","name":"diWine veinipood","url":"https:\/\/diwine.ee\/","logo":{"@type":"ImageObject","inLanguage":"en-GB","@id":"https:\/\/diwine.ee\/#\/schema\/logo\/image\/","url":"https:\/\/diwine.ee\/wp-content\/uploads\/2025\/04\/diWine-1080-x-1080-px.png","contentUrl":"https:\/\/diwine.ee\/wp-content\/uploads\/2025\/04\/diWine-1080-x-1080-px.png","width":1080,"height":1080,"caption":"diWine veinipood"},"image":{"@id":"https:\/\/diwine.ee\/#\/schema\/logo\/image\/"},"sameAs":["https:\/\/www.facebook.com\/profile.php?id=61573862347231","https:\/\/www.instagram.com\/diwine.ee"]}]}},"jetpack_sharing_enabled":true,"_links":{"self":[{"href":"https:\/\/diwine.ee\/en\/wp-json\/wp\/v2\/product\/28265","targetHints":{"allow":["GET"]}}],"collection":[{"href":"https:\/\/diwine.ee\/en\/wp-json\/wp\/v2\/product"}],"about":[{"href":"https:\/\/diwine.ee\/en\/wp-json\/wp\/v2\/types\/product"}],"version-history":[{"count":0,"href":"https:\/\/diwine.ee\/en\/wp-json\/wp\/v2\/product\/28265\/revisions"}],"wp:featuredmedia":[{"embeddable":true,"href":"https:\/\/diwine.ee\/en\/wp-json\/wp\/v2\/media\/28263"}],"wp:attachment":[{"href":"https:\/\/diwine.ee\/en\/wp-json\/wp\/v2\/media?parent=28265"}],"wp:term":[{"taxonomy":"product_brand","embeddable":true,"href":"https:\/\/diwine.ee\/en\/wp-json\/wp\/v2\/product_brand?post=28265"},{"taxonomy":"product_cat","embeddable":true,"href":"https:\/\/diwine.ee\/en\/wp-json\/wp\/v2\/product_cat?post=28265"},{"taxonomy":"product_tag","embeddable":true,"href":"https:\/\/diwine.ee\/en\/wp-json\/wp\/v2\/product_tag?post=28265"}],"curies":[{"name":"wp","href":"https:\/\/api.w.org\/{rel}","templated":true}]}}