{"id":28273,"date":"2025-12-02T15:21:09","date_gmt":"2025-12-02T13:21:09","guid":{"rendered":"https:\/\/diwine.ee\/?post_type=product&#038;p=28273"},"modified":"2025-12-02T15:27:08","modified_gmt":"2025-12-02T13:27:08","slug":"laurel-2023","status":"publish","type":"product","link":"https:\/\/diwine.ee\/en\/product\/laurel-2023\/","title":{"rendered":"Laurel 2023"},"content":{"rendered":"<div data-elementor-type=\"wp-post\" data-elementor-id=\"28273\" class=\"elementor elementor-28273\">\n\t\t\t\t<div class=\"wd-negative-gap elementor-element elementor-element-b496628 e-grid e-con-boxed e-con e-parent\" data-id=\"b496628\" data-element_type=\"container\" data-e-type=\"container\">\n\t\t\t\t\t<div class=\"e-con-inner\">\n\t\t\t\t<div class=\"elementor-element elementor-element-aa23989 elementor-widget elementor-widget-wd_text_block\" data-id=\"aa23989\" data-element_type=\"widget\" data-e-type=\"widget\" data-widget_type=\"wd_text_block.default\">\n\t\t\t\t<div class=\"elementor-widget-container\">\n\t\t\t\t\t\t\t<div class=\"wd-text-block reset-last-child text-left\">\n\t\t\t\n\t\t\t<h3 class=\"cvGsUA direction-ltr align-justify para-style-body\"><span class=\"OYPEnA font-feature-liga-off font-feature-clig-off font-feature-calt-off text-decoration-none text-strikethrough-none\">Veini lugu:<\/span><\/h3><p data-start=\"470\" data-end=\"866\">Laurel on Daphne Gloriani loodud Clos i Terrasses\u2019 teine vein, kuid kvaliteedilt seisab ta kindlalt omaette. Viinamarjad p\u00e4rinevad Gratallopsi k\u00fcla orgaaniliselt haritavatelt terrassidelt \u2013 osad neist samadelt llicorella (kiltkivi) n\u00f5lvadelt, kust s\u00fcnnib ka legendaarne Clos Erasmus. 2023. aasta segus on p\u00f5hir\u00f5hk <strong data-start=\"786\" data-end=\"798\">Garnatxa<\/strong>\u2019l, millele lisanduvad <strong data-start=\"821\" data-end=\"863\">Syrah ja v\u00e4ike osa Cabernet Sauvignoni<\/strong>.<\/p><p data-start=\"868\" data-end=\"1243\">Iga parcella korjatakse k\u00e4sitsi, marjad sorteeritakse rangelt ning vein k\u00e4\u00e4ritatakse \u00f5rnalt, et s\u00e4ilitada v\u00e4rskus ja aromaatne puhtus. Laurel k\u00fcpseb mitmekesises valikus anumates \u2013 <strong data-start=\"1049\" data-end=\"1143\">suurtes tammevaatides, betoonmahutites, amforates ja neutraalsetes Prantsuse tammevaatides<\/strong>. See l\u00e4henemine annab veinile mitmekihilise tekstuuri, samas hoides seda v\u00e4rskena ja elegantsena.<\/p><p data-start=\"1245\" data-end=\"1457\">Laurel\u2019i v\u00f5ib pidada Clos Erasmus\u2019e \u201cv\u00e4ikseks \u00f5eks\u201d, kuid see pole lihtsalt k\u00f5rvalprojekt \u2013 see vein on saanud \u00fcle maailma kriitikutelt tunnustust oma s\u00fcgavuse, iseloomu ja erakordse hinna-kvaliteedi suhte t\u00f5ttu.<\/p><p class=\"cvGsUA direction-ltr align-justify para-style-body\"><span style=\"color: #1b1919; font-size: 22px;\">Veini valmistamine:<\/span><\/p><ul><li><span class=\"OYPEnA font-feature-liga-off font-feature-clig-off font-feature-calt-off text-decoration-none text-strikethrough-none\">~75\u201380% Garnacha, 20% Syrah, 5% Cabernet Sauvignon (proportsioon v\u00f5ib varieeruda).<\/span><\/li><li><span class=\"OYPEnA font-feature-liga-off font-feature-clig-off font-feature-calt-off text-decoration-none text-strikethrough-none\">Viinapuud 5\u201340 aastat vanad<\/span><\/li><li><span class=\"OYPEnA font-feature-liga-off font-feature-clig-off font-feature-calt-off text-decoration-none text-strikethrough-none\">24h k\u00fclmleotust, looduslik p\u00e4rmik\u00e4\u00e4rimine (~2\u20133 n\u00e4dalat), 4-n\u00e4dalane matsereerimine.<\/span><\/li><li><span class=\"OYPEnA font-feature-liga-off font-feature-clig-off font-feature-calt-off text-decoration-none text-strikethrough-none\">18 kuud laagerdumist kasutatud Prantsuse tammevaatides, foudres\u2019 ja amforates.<\/span><\/li><li><span class=\"OYPEnA font-feature-liga-off font-feature-clig-off font-feature-calt-off text-decoration-none text-strikethrough-none\">Alkohol ~14.5%, pH 3.3.<\/span><\/li><li><span class=\"OYPEnA font-feature-liga-off font-feature-clig-off font-feature-calt-off text-decoration-none text-strikethrough-none\">Toodetud ~28,000 pudelit, villitud mais 2024.<\/span><\/li><li>\u00a0<\/li><\/ul>\n\t\t\t\t\t<\/div>\n\t\t\t\t\t\t<\/div>\n\t\t\t\t<\/div>\n\t\t\t\t<div class=\"elementor-element elementor-element-f22db15 elementor-widget elementor-widget-wd_text_block\" data-id=\"f22db15\" data-element_type=\"widget\" data-e-type=\"widget\" data-widget_type=\"wd_text_block.default\">\n\t\t\t\t<div class=\"elementor-widget-container\">\n\t\t\t\t\t\t\t<div class=\"wd-text-block reset-last-child text-left\">\n\t\t\t\n\t\t\t<h3 class=\"cvGsUA direction-ltr align-justify para-style-body\"><span class=\"OYPEnA font-feature-liga-off font-feature-clig-off font-feature-calt-off text-decoration-none text-strikethrough-none\">Maitsenoodid:<\/span><\/h3><p data-start=\"1487\" data-end=\"1698\">Klaasis on vein <strong data-start=\"1503\" data-end=\"1525\">selge rubiinpunane<\/strong>, kergelt l\u00e4bikumav. Aroomis on tunda <strong data-start=\"1563\" data-end=\"1590\">v\u00e4rskeid punaseid marju<\/strong> \u2013 vaarikas, kirss, metsmaasikas \u2013 mille \u00fcmber keerlevad <strong data-start=\"1647\" data-end=\"1695\">lilled, Vahemere \u00fcrdid ja kerge lagritsanoot<\/strong>.<\/p><p data-start=\"1700\" data-end=\"1988\">Suus on Laurel 2023 <strong data-start=\"1720\" data-end=\"1753\">siidine, mahlane ja elegantne<\/strong>. Struktuur on keskmisest t\u00e4idlasem, kuid tekstuur j\u00e4\u00e4b kergeks ja voolavaks. Marjased maitsed on puhtad ja detailirohked: <strong data-start=\"1876\" data-end=\"1918\">punane s\u00f5star, j\u00f5hvikas, k\u00fcps vaarikas<\/strong>, millele lisanduvad \u00f5rnad v\u00fcrtsid ja kiltkivi-soolakas mineraalsus.<\/p><p data-start=\"1990\" data-end=\"2201\">Tanniinid on <strong data-start=\"2003\" data-end=\"2027\">pehmed ja poleeritud<\/strong>, happesus v\u00e4rske ning j\u00e4relmaitse <strong data-start=\"2062\" data-end=\"2100\">pikk, marjane ja kergelt v\u00fcrtsikas<\/strong>. Vein on juba noorena v\u00e4ga nauditav, kuid selle p\u00f5hjas on piisavalt s\u00fcgavust, et vananeda v\u00e4\u00e4rikalt.<\/p><h3 class=\"cvGsUA direction-ltr align-justify para-style-body\"><span class=\"OYPEnA font-feature-liga-off font-feature-clig-off font-feature-calt-off text-decoration-none text-strikethrough-none\">Toidusoovitus:<\/span><\/h3><p data-start=\"2232\" data-end=\"2348\">Laurel 2023 on mitmek\u00fclgne kaaslane Vahemere k\u00f6\u00f6gile ning sobib nii lihtsamate kui ka pidulikumate roogade juurde.<\/p><ul data-start=\"2350\" data-end=\"2735\"><li data-start=\"2350\" data-end=\"2428\"><p data-start=\"2352\" data-end=\"2428\"><strong data-start=\"2352\" data-end=\"2384\">Grillitud v\u00f5i r\u00f6stitud liha:<\/strong> lambakaree, sea kaelakarbonaad, BBQ-ribid<\/p><\/li><li data-start=\"2429\" data-end=\"2522\"><p data-start=\"2431\" data-end=\"2522\"><strong data-start=\"2431\" data-end=\"2449\">Vahemere road:<\/strong> tomati-pastasordid, lasanje, \u00fcrtidega aeglaselt k\u00fcpsetatud k\u00f6\u00f6giviljad<\/p><\/li><li data-start=\"2523\" data-end=\"2590\"><p data-start=\"2525\" data-end=\"2590\"><strong data-start=\"2525\" data-end=\"2538\">Hautised:<\/strong> veiselihahautis, k\u00fc\u00fcliku- v\u00f5i kanahautis \u00fcrtidega<\/p><\/li><li data-start=\"2591\" data-end=\"2647\"><p data-start=\"2593\" data-end=\"2647\"><strong data-start=\"2593\" data-end=\"2613\">Hispaania stiil:<\/strong> tapas, chorizo, iberico sealiha<\/p><\/li><li data-start=\"2648\" data-end=\"2735\"><p data-start=\"2650\" data-end=\"2735\"><strong data-start=\"2650\" data-end=\"2662\">Juustud:<\/strong> Manchego, k\u00fcpsemad k\u00f5vajuustud, tr\u00fchvli- v\u00f5i \u00fcrtidega pehmemad juustud<\/p><\/li><\/ul><p data-start=\"2737\" data-end=\"2817\">Serveeri 15\u201316\u00b0C juures, vajadusel 30\u201360 minutit enne serveerimist dekanteerida.<\/p>\n\t\t\t\t\t<\/div>\n\t\t\t\t\t\t<\/div>\n\t\t\t\t<\/div>\n\t\t\t\t<div class=\"elementor-element elementor-element-79dff25 elementor-widget elementor-widget-wd_text_block\" data-id=\"79dff25\" data-element_type=\"widget\" data-e-type=\"widget\" data-widget_type=\"wd_text_block.default\">\n\t\t\t\t<div class=\"elementor-widget-container\">\n\t\t\t\t\t\t\t<div class=\"wd-text-block reset-last-child text-left\">\n\t\t\t\n\t\t\t<h3 class=\"cvGsUA direction-ltr align-justify para-style-body\"><span class=\"OYPEnA font-feature-liga-off font-feature-clig-off font-feature-calt-off text-decoration-none text-strikethrough-none\">S\u00e4ilitamispotentsiaal:<\/span><\/h3><p data-start=\"30\" data-end=\"380\">Laurel 2023 on joodav juba praegu, kuid saavutab parima tasakaalu j\u00e4rgmise <strong data-start=\"2931\" data-end=\"2944\">5\u20138 aasta<\/strong> jooksul. Hoia pudelit jahedas ja valguse eest kaitstud ning oota julgelt kuni <strong data-start=\"3023\" data-end=\"3036\">2030\u20132032<\/strong>, et n\u00e4ha, kuidas vein muutub s\u00fcgavamaks ja mahlasemaks.<\/p><h3 class=\"cvGsUA direction-ltr align-justify para-style-body\"><span class=\"OYPEnA font-feature-liga-off font-feature-clig-off font-feature-calt-off text-decoration-none text-strikethrough-none\">Hinnangud &amp; tunnustused:<\/span><\/h3><ul><li><p data-start=\"3133\" data-end=\"3210\">Laurel on aastast aastasse p\u00e4lvinud k\u00f5rgelt hinnatud kriitikute t\u00e4helepanu.<\/p><ul data-start=\"3212\" data-end=\"3506\"><li data-start=\"3212\" data-end=\"3269\"><p data-start=\"3214\" data-end=\"3269\">Varasemad aastak\u00e4igud: <strong data-start=\"3237\" data-end=\"3267\">95\u201396 punkti Wine Advocate<\/strong><\/p><\/li><li data-start=\"3270\" data-end=\"3370\"><p data-start=\"3272\" data-end=\"3370\">2023 ametlik hinnang avaldamisel (prognoos p\u00f5hineb veinimaja erakordselt stabiilsel kvaliteedil)<\/p><\/li><li data-start=\"3371\" data-end=\"3436\"><p data-start=\"3373\" data-end=\"3436\">Tuntud kui \u00fcks Priorati parima hinna-kvaliteedi suhtega veine<\/p><\/li><li data-start=\"3437\" data-end=\"3506\"><p data-start=\"3439\" data-end=\"3506\">Piiratud kogus ja tugev n\u00f5udlus restoranide ning sommeljeede seas<\/p><\/li><\/ul><\/li><\/ul>\n\t\t\t\t\t<\/div>\n\t\t\t\t\t\t<\/div>\n\t\t\t\t<\/div>\n\t\t\t\t\t<\/div>\n\t\t\t\t<\/div>\n\t\t\t\t<\/div>","protected":false},"excerpt":{"rendered":"<p>Laurel 2023 on elegantne, mahlane ja iseloomukas Priorati punane, mis \u00fchendab marjase v\u00e4rskuse, \u00fcrdised noodid ja kiltkivi mineraalsuse siidise tekstuuriga.<\/p>","protected":false},"featured_media":27693,"template":"","meta":[],"product_brand":[138],"product_cat":[29,81],"product_tag":[],"class_list":{"0":"post-28273","1":"product","2":"type-product","3":"status-publish","4":"has-post-thumbnail","6":"product_brand-clos-i-terrasses","7":"product_cat-koik-tooted","8":"product_cat-punane-vein","9":"pa_piirkond-priorat","10":"pa_viinamarjasort-cabernet-sauvignon","11":"pa_viinamarjasort-garnacha","12":"pa_viinamarjasort-syrah","14":"first","15":"instock","16":"taxable","17":"shipping-taxable","18":"purchasable","19":"product-type-simple"},"yoast_head":"<!-- This site is optimized with the Yoast SEO plugin v27.4 - https:\/\/yoast.com\/product\/yoast-seo-wordpress\/ -->\n<title>Laurel 2023 - diWine &ndash; Premium kvaliteetveinid &uuml;le maailma | Eesti veinipood<\/title>\n<meta name=\"robots\" content=\"index, follow, max-snippet:-1, max-image-preview:large, max-video-preview:-1\" \/>\n<link rel=\"canonical\" href=\"https:\/\/diwine.ee\/en\/product\/laurel-2023\/\" \/>\n<meta property=\"og:locale\" content=\"en_GB\" \/>\n<meta property=\"og:type\" content=\"article\" \/>\n<meta property=\"og:title\" content=\"Laurel 2023 - diWine &ndash; Premium kvaliteetveinid &uuml;le maailma | Eesti veinipood\" \/>\n<meta property=\"og:description\" content=\"Laurel 2023 on elegantne, mahlane ja iseloomukas Priorati punane, mis \u00fchendab marjase v\u00e4rskuse, \u00fcrdised noodid ja kiltkivi mineraalsuse siidise tekstuuriga.\" \/>\n<meta property=\"og:url\" content=\"https:\/\/diwine.ee\/en\/product\/laurel-2023\/\" \/>\n<meta property=\"og:site_name\" content=\"diWine &ndash; Premium kvaliteetveinid &uuml;le maailma | Eesti veinipood\" \/>\n<meta property=\"article:publisher\" content=\"https:\/\/www.facebook.com\/profile.php?id=61573862347231\" \/>\n<meta property=\"article:modified_time\" content=\"2025-12-02T13:27:08+00:00\" \/>\n<meta property=\"og:image\" content=\"https:\/\/diwine.ee\/wp-content\/uploads\/2025\/03\/Laurel-2022_800x800.png\" \/>\n\t<meta property=\"og:image:width\" content=\"800\" \/>\n\t<meta property=\"og:image:height\" content=\"800\" \/>\n\t<meta property=\"og:image:type\" content=\"image\/png\" \/>\n<meta name=\"twitter:card\" content=\"summary_large_image\" \/>\n<meta name=\"twitter:label1\" content=\"Estimated reading time\" \/>\n\t<meta name=\"twitter:data1\" content=\"3 minutes\" \/>\n<script type=\"application\/ld+json\" class=\"yoast-schema-graph\">{\"@context\":\"https:\\\/\\\/schema.org\",\"@graph\":[{\"@type\":\"WebPage\",\"@id\":\"https:\\\/\\\/diwine.ee\\\/product\\\/laurel-2023\\\/\",\"url\":\"https:\\\/\\\/diwine.ee\\\/product\\\/laurel-2023\\\/\",\"name\":\"Laurel 2023 - diWine &ndash; Premium kvaliteetveinid &uuml;le maailma | Eesti veinipood\",\"isPartOf\":{\"@id\":\"https:\\\/\\\/diwine.ee\\\/#website\"},\"primaryImageOfPage\":{\"@id\":\"https:\\\/\\\/diwine.ee\\\/product\\\/laurel-2023\\\/#primaryimage\"},\"image\":{\"@id\":\"https:\\\/\\\/diwine.ee\\\/product\\\/laurel-2023\\\/#primaryimage\"},\"thumbnailUrl\":\"https:\\\/\\\/diwine.ee\\\/wp-content\\\/uploads\\\/2025\\\/03\\\/Laurel-2022_800x800.png\",\"datePublished\":\"2025-12-02T13:21:09+00:00\",\"dateModified\":\"2025-12-02T13:27:08+00:00\",\"breadcrumb\":{\"@id\":\"https:\\\/\\\/diwine.ee\\\/product\\\/laurel-2023\\\/#breadcrumb\"},\"inLanguage\":\"en-GB\",\"potentialAction\":[{\"@type\":\"ReadAction\",\"target\":[\"https:\\\/\\\/diwine.ee\\\/product\\\/laurel-2023\\\/\"]}]},{\"@type\":\"ImageObject\",\"inLanguage\":\"en-GB\",\"@id\":\"https:\\\/\\\/diwine.ee\\\/product\\\/laurel-2023\\\/#primaryimage\",\"url\":\"https:\\\/\\\/diwine.ee\\\/wp-content\\\/uploads\\\/2025\\\/03\\\/Laurel-2022_800x800.png\",\"contentUrl\":\"https:\\\/\\\/diwine.ee\\\/wp-content\\\/uploads\\\/2025\\\/03\\\/Laurel-2022_800x800.png\",\"width\":800,\"height\":800},{\"@type\":\"BreadcrumbList\",\"@id\":\"https:\\\/\\\/diwine.ee\\\/product\\\/laurel-2023\\\/#breadcrumb\",\"itemListElement\":[{\"@type\":\"ListItem\",\"position\":1,\"name\":\"Home\",\"item\":\"https:\\\/\\\/diwine.ee\\\/\"},{\"@type\":\"ListItem\",\"position\":2,\"name\":\"e-pood\",\"item\":\"https:\\\/\\\/diwine.ee\\\/tooted\\\/\"},{\"@type\":\"ListItem\",\"position\":3,\"name\":\"Laurel 2023\"}]},{\"@type\":\"WebSite\",\"@id\":\"https:\\\/\\\/diwine.ee\\\/#website\",\"url\":\"https:\\\/\\\/diwine.ee\\\/\",\"name\":\"diWine \u2013 Premium kvaliteetveinid \u00fcle maailma | Eesti veinipood\",\"description\":\"Avasta diWine&#039;i hoolikalt valitud kvaliteetveinid maailma tippveinipiirkondadest. Eksklusiivsed punaveinid, valged veinid, vahuveinid ja eriveinid sinu erilisteks hetkedeks.\",\"publisher\":{\"@id\":\"https:\\\/\\\/diwine.ee\\\/#organization\"},\"potentialAction\":[{\"@type\":\"SearchAction\",\"target\":{\"@type\":\"EntryPoint\",\"urlTemplate\":\"https:\\\/\\\/diwine.ee\\\/?s={search_term_string}\"},\"query-input\":{\"@type\":\"PropertyValueSpecification\",\"valueRequired\":true,\"valueName\":\"search_term_string\"}}],\"inLanguage\":\"en-GB\"},{\"@type\":\"Organization\",\"@id\":\"https:\\\/\\\/diwine.ee\\\/#organization\",\"name\":\"diWine veinipood\",\"url\":\"https:\\\/\\\/diwine.ee\\\/\",\"logo\":{\"@type\":\"ImageObject\",\"inLanguage\":\"en-GB\",\"@id\":\"https:\\\/\\\/diwine.ee\\\/#\\\/schema\\\/logo\\\/image\\\/\",\"url\":\"https:\\\/\\\/diwine.ee\\\/wp-content\\\/uploads\\\/2025\\\/04\\\/diWine-1080-x-1080-px.png\",\"contentUrl\":\"https:\\\/\\\/diwine.ee\\\/wp-content\\\/uploads\\\/2025\\\/04\\\/diWine-1080-x-1080-px.png\",\"width\":1080,\"height\":1080,\"caption\":\"diWine veinipood\"},\"image\":{\"@id\":\"https:\\\/\\\/diwine.ee\\\/#\\\/schema\\\/logo\\\/image\\\/\"},\"sameAs\":[\"https:\\\/\\\/www.facebook.com\\\/profile.php?id=61573862347231\",\"https:\\\/\\\/www.instagram.com\\\/diwine.ee\"]}]}<\/script>\n<!-- \/ Yoast SEO plugin. -->","yoast_head_json":{"title":"Laurel 2023 - diWine &ndash; Premium kvaliteetveinid &uuml;le maailma | Eesti veinipood","robots":{"index":"index","follow":"follow","max-snippet":"max-snippet:-1","max-image-preview":"max-image-preview:large","max-video-preview":"max-video-preview:-1"},"canonical":"https:\/\/diwine.ee\/en\/product\/laurel-2023\/","og_locale":"en_GB","og_type":"article","og_title":"Laurel 2023 - diWine &ndash; Premium kvaliteetveinid &uuml;le maailma | Eesti veinipood","og_description":"Laurel 2023 on elegantne, mahlane ja iseloomukas Priorati punane, mis \u00fchendab marjase v\u00e4rskuse, \u00fcrdised noodid ja kiltkivi mineraalsuse siidise tekstuuriga.","og_url":"https:\/\/diwine.ee\/en\/product\/laurel-2023\/","og_site_name":"diWine &ndash; Premium kvaliteetveinid &uuml;le maailma | Eesti veinipood","article_publisher":"https:\/\/www.facebook.com\/profile.php?id=61573862347231","article_modified_time":"2025-12-02T13:27:08+00:00","og_image":[{"width":800,"height":800,"url":"https:\/\/diwine.ee\/wp-content\/uploads\/2025\/03\/Laurel-2022_800x800.png","type":"image\/png"}],"twitter_card":"summary_large_image","twitter_misc":{"Estimated reading time":"3 minutes"},"schema":{"@context":"https:\/\/schema.org","@graph":[{"@type":"WebPage","@id":"https:\/\/diwine.ee\/product\/laurel-2023\/","url":"https:\/\/diwine.ee\/product\/laurel-2023\/","name":"Laurel 2023 - diWine &ndash; Premium kvaliteetveinid &uuml;le maailma | Eesti veinipood","isPartOf":{"@id":"https:\/\/diwine.ee\/#website"},"primaryImageOfPage":{"@id":"https:\/\/diwine.ee\/product\/laurel-2023\/#primaryimage"},"image":{"@id":"https:\/\/diwine.ee\/product\/laurel-2023\/#primaryimage"},"thumbnailUrl":"https:\/\/diwine.ee\/wp-content\/uploads\/2025\/03\/Laurel-2022_800x800.png","datePublished":"2025-12-02T13:21:09+00:00","dateModified":"2025-12-02T13:27:08+00:00","breadcrumb":{"@id":"https:\/\/diwine.ee\/product\/laurel-2023\/#breadcrumb"},"inLanguage":"en-GB","potentialAction":[{"@type":"ReadAction","target":["https:\/\/diwine.ee\/product\/laurel-2023\/"]}]},{"@type":"ImageObject","inLanguage":"en-GB","@id":"https:\/\/diwine.ee\/product\/laurel-2023\/#primaryimage","url":"https:\/\/diwine.ee\/wp-content\/uploads\/2025\/03\/Laurel-2022_800x800.png","contentUrl":"https:\/\/diwine.ee\/wp-content\/uploads\/2025\/03\/Laurel-2022_800x800.png","width":800,"height":800},{"@type":"BreadcrumbList","@id":"https:\/\/diwine.ee\/product\/laurel-2023\/#breadcrumb","itemListElement":[{"@type":"ListItem","position":1,"name":"Home","item":"https:\/\/diwine.ee\/"},{"@type":"ListItem","position":2,"name":"e-pood","item":"https:\/\/diwine.ee\/tooted\/"},{"@type":"ListItem","position":3,"name":"Laurel 2023"}]},{"@type":"WebSite","@id":"https:\/\/diwine.ee\/#website","url":"https:\/\/diwine.ee\/","name":"diWine \u2013 Premium kvaliteetveinid \u00fcle maailma | Eesti veinipood","description":"Avasta diWine&#039;i hoolikalt valitud kvaliteetveinid maailma tippveinipiirkondadest. Eksklusiivsed punaveinid, valged veinid, vahuveinid ja eriveinid sinu erilisteks hetkedeks.","publisher":{"@id":"https:\/\/diwine.ee\/#organization"},"potentialAction":[{"@type":"SearchAction","target":{"@type":"EntryPoint","urlTemplate":"https:\/\/diwine.ee\/?s={search_term_string}"},"query-input":{"@type":"PropertyValueSpecification","valueRequired":true,"valueName":"search_term_string"}}],"inLanguage":"en-GB"},{"@type":"Organization","@id":"https:\/\/diwine.ee\/#organization","name":"diWine veinipood","url":"https:\/\/diwine.ee\/","logo":{"@type":"ImageObject","inLanguage":"en-GB","@id":"https:\/\/diwine.ee\/#\/schema\/logo\/image\/","url":"https:\/\/diwine.ee\/wp-content\/uploads\/2025\/04\/diWine-1080-x-1080-px.png","contentUrl":"https:\/\/diwine.ee\/wp-content\/uploads\/2025\/04\/diWine-1080-x-1080-px.png","width":1080,"height":1080,"caption":"diWine veinipood"},"image":{"@id":"https:\/\/diwine.ee\/#\/schema\/logo\/image\/"},"sameAs":["https:\/\/www.facebook.com\/profile.php?id=61573862347231","https:\/\/www.instagram.com\/diwine.ee"]}]}},"jetpack_sharing_enabled":true,"_links":{"self":[{"href":"https:\/\/diwine.ee\/en\/wp-json\/wp\/v2\/product\/28273","targetHints":{"allow":["GET"]}}],"collection":[{"href":"https:\/\/diwine.ee\/en\/wp-json\/wp\/v2\/product"}],"about":[{"href":"https:\/\/diwine.ee\/en\/wp-json\/wp\/v2\/types\/product"}],"version-history":[{"count":0,"href":"https:\/\/diwine.ee\/en\/wp-json\/wp\/v2\/product\/28273\/revisions"}],"wp:featuredmedia":[{"embeddable":true,"href":"https:\/\/diwine.ee\/en\/wp-json\/wp\/v2\/media\/27693"}],"wp:attachment":[{"href":"https:\/\/diwine.ee\/en\/wp-json\/wp\/v2\/media?parent=28273"}],"wp:term":[{"taxonomy":"product_brand","embeddable":true,"href":"https:\/\/diwine.ee\/en\/wp-json\/wp\/v2\/product_brand?post=28273"},{"taxonomy":"product_cat","embeddable":true,"href":"https:\/\/diwine.ee\/en\/wp-json\/wp\/v2\/product_cat?post=28273"},{"taxonomy":"product_tag","embeddable":true,"href":"https:\/\/diwine.ee\/en\/wp-json\/wp\/v2\/product_tag?post=28273"}],"curies":[{"name":"wp","href":"https:\/\/api.w.org\/{rel}","templated":true}]}}