{"id":28283,"date":"2025-12-02T15:33:33","date_gmt":"2025-12-02T13:33:33","guid":{"rendered":"https:\/\/diwine.ee\/?post_type=product&#038;p=28283"},"modified":"2026-01-27T20:56:14","modified_gmt":"2026-01-27T18:56:14","slug":"clos-erasmus-2023","status":"publish","type":"product","link":"https:\/\/diwine.ee\/en\/product\/clos-erasmus-2023\/","title":{"rendered":"Clos Erasmus 2023"},"content":{"rendered":"<div data-elementor-type=\"wp-post\" data-elementor-id=\"28283\" class=\"elementor elementor-28283\">\n\t\t\t\t<div class=\"wd-negative-gap elementor-element elementor-element-b496628 e-grid e-con-boxed e-con e-parent\" data-id=\"b496628\" data-element_type=\"container\" data-e-type=\"container\">\n\t\t\t\t\t<div class=\"e-con-inner\">\n\t\t\t\t<div class=\"elementor-element elementor-element-aa23989 elementor-widget elementor-widget-wd_text_block\" data-id=\"aa23989\" data-element_type=\"widget\" data-e-type=\"widget\" data-widget_type=\"wd_text_block.default\">\n\t\t\t\t<div class=\"elementor-widget-container\">\n\t\t\t\t\t\t\t<div class=\"wd-text-block reset-last-child text-left\">\n\t\t\t\n\t\t\t<h3 class=\"cvGsUA direction-ltr align-justify para-style-body\"><span class=\"OYPEnA font-feature-liga-off font-feature-clig-off font-feature-calt-off text-decoration-none text-strikethrough-none\">Veini lugu:<\/span><\/h3><p data-start=\"303\" data-end=\"622\">Clos Erasmus on \u00fcks Priorati legendidest \u2013 vein, mis t\u00f5i piirkonna maailma tippu ning mille taga on piirkonna \u00fcks m\u00f5jukamaid nimesid, <strong data-start=\"437\" data-end=\"455\">Daphne Glorian<\/strong>. 2023. aasta vein p\u00e4rineb samadelt \u00fclimadalate saakidega terrassidelt Gratallopsis, kus llicorella ehk kiltkivi annab veinile erakordse mineraalsuse, s\u00fcgavuse ja j\u00f5u.<\/p><p data-start=\"624\" data-end=\"881\">Viinamarjad \u2013 valdavalt <strong data-start=\"648\" data-end=\"660\">Garnatxa<\/strong>, v\u00e4ikese osa <strong data-start=\"674\" data-end=\"686\">Syrah\u2019ga<\/strong> \u2013 p\u00e4rinevad kolmest ikoonilisest krundist: <strong data-start=\"730\" data-end=\"764\">Escales, Aubagues ja Socarrats<\/strong>. K\u00f5ik korjatakse k\u00e4sitsi, sorteeritakse marjhaaval ning k\u00e4\u00e4ritatakse looduslike p\u00e4rmidega v\u00e4ikestes puiduanumates.<\/p><p data-start=\"883\" data-end=\"1140\">2023 k\u00e4\u00e4ritati ja leotati \u00f5rnalt, et hoida puuvilja puhtust ning v\u00e4ltida \u00fcleekstraktsiooni. Seej\u00e4rel k\u00fcpses vein umbes <strong data-start=\"1002\" data-end=\"1033\">17\u201318 kuud Prantsuse tammes<\/strong>, millest osa on uus tammevaat, osa teise ringi vaat \u2013 eesm\u00e4rk ei ole tamme v\u00f5im, vaid balanss ja tekstuur.<\/p><p data-start=\"1142\" data-end=\"1422\">Clos Erasmus\u2019e tootmine on <strong data-start=\"1169\" data-end=\"1191\">\u00e4\u00e4rmiselt piiratud<\/strong> (tuhanded, mitte k\u00fcmned tuhanded pudelid). Ainult parimad partiid j\u00f5uavad pudelisse. \u00dclej\u00e4\u00e4nu deklareerib veinimaja Laurel\u2019i alla. See on p\u00f5hjus, miks vein on igal aastal kriitikute seas harukordselt stabiilne ja k\u00f5rgelt hinnatud.<\/p><h3 class=\"cvGsUA direction-ltr align-justify para-style-body\"><span class=\"OYPEnA font-feature-liga-off font-feature-clig-off font-feature-calt-off text-decoration-none text-strikethrough-none\">Veini valmistamine:<\/span><\/h3><ul><li><span class=\"OYPEnA font-feature-liga-off font-feature-clig-off font-feature-calt-off text-decoration-none text-strikethrough-none\">~70% Garnacha, 30% Syrah, orgaaniliselt ja biod\u00fcnaamiliselt kasvatatud.<\/span><\/li><li><span class=\"OYPEnA font-feature-liga-off font-feature-clig-off font-feature-calt-off text-decoration-none text-strikethrough-none\">Garnacha p\u00e4rineb 40\u201385-aastastelt viinapuudelt terrassp\u00f5ldudel, Syrah veidi noorematelt taimedelt.<\/span><\/li><li><span class=\"OYPEnA font-feature-liga-off font-feature-clig-off font-feature-calt-off text-decoration-none text-strikethrough-none\">24h jahutamine, looduslik p\u00e4rmi-k\u00e4\u00e4rimine terasmahutites.<\/span><\/li><li><span class=\"OYPEnA font-feature-liga-off font-feature-clig-off font-feature-calt-off text-decoration-none text-strikethrough-none\">\u00d5rn ekstraktsioon (l\u00fchemad pump-over\u2019id), et v\u00e4ltida \u00fclekontaktsust.<\/span><\/li><li><span class=\"OYPEnA font-feature-liga-off font-feature-clig-off font-feature-calt-off text-decoration-none text-strikethrough-none\">Laagerdumine 18 kuud Prantsuse tammes (40% uus) ja osaliselt 700L amforates, et tasakaalustada tamme m\u00f5ju.<\/span><\/li><li><span class=\"OYPEnA font-feature-liga-off font-feature-clig-off font-feature-calt-off text-decoration-none text-strikethrough-none\">Alkohol: 15%, pH 3.3 (h\u00e4mmastavalt madal, andes veinile s\u00e4rtsakust).<\/span><\/li><li><span class=\"OYPEnA font-feature-liga-off font-feature-clig-off font-feature-calt-off text-decoration-none text-strikethrough-none\">Villitud mais 2024, filtreerimata.<\/span><\/li><\/ul>\n\t\t\t\t\t<\/div>\n\t\t\t\t\t\t<\/div>\n\t\t\t\t<\/div>\n\t\t\t\t<div class=\"elementor-element elementor-element-f22db15 elementor-widget elementor-widget-wd_text_block\" data-id=\"f22db15\" data-element_type=\"widget\" data-e-type=\"widget\" data-widget_type=\"wd_text_block.default\">\n\t\t\t\t<div class=\"elementor-widget-container\">\n\t\t\t\t\t\t\t<div class=\"wd-text-block reset-last-child text-left\">\n\t\t\t\n\t\t\t<h3 class=\"cvGsUA direction-ltr align-justify para-style-body\"><span class=\"OYPEnA font-feature-liga-off font-feature-clig-off font-feature-calt-off text-decoration-none text-strikethrough-none\">Maitsenoodid:<\/span><\/h3><p data-start=\"1452\" data-end=\"1717\">Clos Erasmus 2023 on <strong data-start=\"1473\" data-end=\"1508\">tume, s\u00fcgav ja kontsentreeritud<\/strong>, tuues esile k\u00f5ik Priorati j\u00f5u ja elegantsi. Aroomis on kohe tunda <strong data-start=\"1576\" data-end=\"1608\">murakat, musts\u00f5start, ploomi<\/strong>, millele lisanduvad <strong data-start=\"1629\" data-end=\"1662\">violetid, v\u00fcrtsid, must pipar<\/strong>, Vahemere \u00fcrdid ja iseloomulik kiltkivine mineraalsus.<\/p><p data-start=\"1719\" data-end=\"1997\">Suus on vein <strong data-start=\"1732\" data-end=\"1784\">t\u00e4idlane, j\u00f5uline ja samas laitmatult tasakaalus<\/strong>. Tanniin on <strong data-start=\"1797\" data-end=\"1817\">sametine ja tihe<\/strong>, happesus annab v\u00e4rskust ning marjane s\u00fcgavus on muljetavaldav. Maitses leiab musti luuvilju, k\u00fcpseid musti marju, tumedat \u0161okolaadi, lagritsat ning mineralseid, kiviseid noote.<\/p><p data-start=\"1999\" data-end=\"2199\">J\u00e4relmaitse on <strong data-start=\"2014\" data-end=\"2061\">v\u00e4ga pikk, v\u00fcrtsikas, marjane ja mineraalne<\/strong>, kestes mituk\u00fcmmend sekundit. See on vein, mis kasvab klaasis ning muutub dekanteerimisel veelgi struktureeritumaks ja mitmekihilisemaks.<\/p><p data-start=\"2201\" data-end=\"2357\">Clos Erasmus 2023 on oma nooruses intensiivne ja j\u00f5uline \u201cmetsik loom\u201d, kuid samas erakordselt puhas ja \u00fcllatavalt v\u00e4rske. Klassikaline tipptasemel Priorat.<\/p><h3 class=\"cvGsUA direction-ltr align-justify para-style-body\"><span class=\"OYPEnA font-feature-liga-off font-feature-clig-off font-feature-calt-off text-decoration-none text-strikethrough-none\">Toidusoovitus:<\/span><\/h3><p data-start=\"2388\" data-end=\"2464\">See on vein, mis vajab enda k\u00f5rvale tugevaid, rikkalikke maitseid. Ideaalne:<\/p><ul data-start=\"2466\" data-end=\"2767\"><li data-start=\"2466\" data-end=\"2512\"><p data-start=\"2468\" data-end=\"2512\"><strong data-start=\"2468\" data-end=\"2483\">Lambakarree<\/strong>, rosmariini ja k\u00fc\u00fcslauguga<\/p><\/li><li data-start=\"2513\" data-end=\"2575\"><p data-start=\"2515\" data-end=\"2575\"><strong data-start=\"2515\" data-end=\"2554\">Aeglase tulega k\u00fcpsetatud veiseliha<\/strong> v\u00f5i veiselihap\u00f5sed<\/p><\/li><li data-start=\"2576\" data-end=\"2636\"><p data-start=\"2578\" data-end=\"2636\"><strong data-start=\"2578\" data-end=\"2605\">Hirve- ja metsloomaroad<\/strong>, tr\u00fchvliga v\u00f5i musta pipraga<\/p><\/li><li data-start=\"2637\" data-end=\"2694\"><p data-start=\"2639\" data-end=\"2694\"><strong data-start=\"2639\" data-end=\"2662\">Rikkalikud hautised<\/strong> (boeuf bourguignon, ossobuco)<\/p><\/li><li data-start=\"2695\" data-end=\"2767\"><p data-start=\"2697\" data-end=\"2767\"><strong data-start=\"2697\" data-end=\"2726\">K\u00f5vad laagerdunud juustud<\/strong> \u2013 Manchego, Comt\u00e9, Parmigiano Reggiano<\/p><\/li><\/ul><p data-start=\"2769\" data-end=\"2840\">Serveeri 16\u201318\u00b0C juures. Noorelt soovitatav <strong data-start=\"2813\" data-end=\"2839\">1\u20132 tundi dekanteerida<\/strong>.<\/p>\n\t\t\t\t\t<\/div>\n\t\t\t\t\t\t<\/div>\n\t\t\t\t<\/div>\n\t\t\t\t<div class=\"elementor-element elementor-element-79dff25 elementor-widget elementor-widget-wd_text_block\" data-id=\"79dff25\" data-element_type=\"widget\" data-e-type=\"widget\" data-widget_type=\"wd_text_block.default\">\n\t\t\t\t<div class=\"elementor-widget-container\">\n\t\t\t\t\t\t\t<div class=\"wd-text-block reset-last-child text-left\">\n\t\t\t\n\t\t\t<h3 class=\"cvGsUA direction-ltr align-justify para-style-body\"><span class=\"OYPEnA font-feature-liga-off font-feature-clig-off font-feature-calt-off text-decoration-none text-strikethrough-none\">S\u00e4ilitamispotentsiaal:<\/span><\/h3><p data-start=\"2879\" data-end=\"2994\">Clos Erasmus 2023 on <strong data-start=\"2900\" data-end=\"2937\">kauakestev kollektsioneerimisvein<\/strong>, mille tegelik potentsiaal avab end alles aja jooksul.<\/p><ul data-start=\"2996\" data-end=\"3104\"><li data-start=\"2996\" data-end=\"3028\"><p data-start=\"2998\" data-end=\"3028\"><strong data-start=\"2998\" data-end=\"3016\">Joodav alates:<\/strong> 2026\u20132027<\/p><\/li><li data-start=\"3029\" data-end=\"3061\"><p data-start=\"3031\" data-end=\"3061\"><strong data-start=\"3031\" data-end=\"3049\">Parim periood:<\/strong> 2030\u20132040<\/p><\/li><li data-start=\"3062\" data-end=\"3104\"><p data-start=\"3064\" data-end=\"3104\"><strong data-start=\"3064\" data-end=\"3088\">Arenemispotentsiaal:<\/strong> 15\u201320+ aastat<\/p><\/li><\/ul><p data-start=\"3106\" data-end=\"3296\">Tugev struktuur, k\u00f5rge kontsentratsioon ja kiltkivine mineraalsus teevad sellest veini, mis areneb aastak\u00fcmneid ning muutub aja jooksul siidiselt pehmeks, n\u00fcansirohkeks ja veelgi s\u00fcgavamaks.<\/p><h3 class=\"cvGsUA direction-ltr align-justify para-style-body\"><span class=\"OYPEnA font-feature-liga-off font-feature-clig-off font-feature-calt-off text-decoration-none text-strikethrough-none\">Hinnangud &amp; tunnustused:<\/span><\/h3><p data-start=\"3337\" data-end=\"3431\">Clos Erasmus on ajalooliselt \u00fcks Hispaania enimhinnatud veine \u2013 mitme 100-punkti tulemusega.<\/p><ul data-start=\"3433\" data-end=\"3698\"><li data-start=\"3433\" data-end=\"3488\"><p data-start=\"3435\" data-end=\"3488\"><strong data-start=\"3435\" data-end=\"3486\">2023 (vaadiproov): 97\u201399 punkti \u2013 Wine Advocate<\/strong><\/p><\/li><li data-start=\"3489\" data-end=\"3528\"><p data-start=\"3491\" data-end=\"3528\"><strong data-start=\"3491\" data-end=\"3526\">2022: 98 punkti \u2013 Wine Advocate<\/strong><\/p><\/li><li data-start=\"3529\" data-end=\"3569\"><p data-start=\"3531\" data-end=\"3569\"><strong data-start=\"3531\" data-end=\"3567\">2020: 100 punkti \u2013 Wine Advocate<\/strong><\/p><\/li><li data-start=\"3570\" data-end=\"3629\"><p data-start=\"3572\" data-end=\"3629\">Pikaajaline rekord: 96+ punkti peaaegu igal aastak\u00e4igul<\/p><\/li><li data-start=\"3630\" data-end=\"3698\"><p data-start=\"3632\" data-end=\"3698\">V\u00e4ga piiratud saadavus ning tugev n\u00f5udlus kollektsion\u00e4\u00e4ride seas<\/p><\/li><li data-start=\"3630\" data-end=\"3698\"><p data-start=\"3632\" data-end=\"3698\">2023. aasta veinil on k\u00f5ik eeldused j\u00f5uda taas 98\u2013100 punktini, kui l\u00f5plikud hinnangud avaldatakse.<\/p><\/li><\/ul>\n\t\t\t\t\t<\/div>\n\t\t\t\t\t\t<\/div>\n\t\t\t\t<\/div>\n\t\t\t\t\t<\/div>\n\t\t\t\t<\/div>\n\t\t\t\t<\/div>","protected":false},"excerpt":{"rendered":"<p>Clos Erasmus 2023 on v\u00f5imas, s\u00fcgav ja erakordselt elegantne Priorati tippvein, mille intensiivne marjasus, siidine struktuur ja kiltkivine mineraalsus loovad \u00fcleilmse kultusveini v\u00e4\u00e4rilise kogemuse.<\/p>","protected":false},"featured_media":28284,"template":"","meta":[],"product_brand":[138],"product_cat":[29,81],"product_tag":[],"class_list":{"0":"post-28283","1":"product","2":"type-product","3":"status-publish","4":"has-post-thumbnail","6":"product_brand-clos-i-terrasses","7":"product_cat-koik-tooted","8":"product_cat-punane-vein","9":"pa_piirkond-priorat","10":"pa_viinamarjasort-garnacha","11":"pa_viinamarjasort-syrah","13":"first","14":"instock","15":"taxable","16":"shipping-taxable","17":"purchasable","18":"product-type-simple"},"yoast_head":"<!-- This site is optimized with the Yoast SEO plugin v27.4 - https:\/\/yoast.com\/product\/yoast-seo-wordpress\/ -->\n<title>Clos Erasmus 2023 - diWine &ndash; Premium kvaliteetveinid &uuml;le maailma | Eesti veinipood<\/title>\n<meta name=\"robots\" content=\"index, follow, max-snippet:-1, max-image-preview:large, max-video-preview:-1\" \/>\n<link rel=\"canonical\" href=\"https:\/\/diwine.ee\/en\/product\/clos-erasmus-2023\/\" \/>\n<meta property=\"og:locale\" content=\"en_GB\" \/>\n<meta property=\"og:type\" content=\"article\" \/>\n<meta property=\"og:title\" content=\"Clos Erasmus 2023 - diWine &ndash; Premium kvaliteetveinid &uuml;le maailma | Eesti veinipood\" \/>\n<meta property=\"og:description\" content=\"Clos Erasmus 2023 on v\u00f5imas, s\u00fcgav ja erakordselt elegantne Priorati tippvein, mille intensiivne marjasus, siidine struktuur ja kiltkivine mineraalsus loovad \u00fcleilmse kultusveini v\u00e4\u00e4rilise kogemuse.\" \/>\n<meta property=\"og:url\" content=\"https:\/\/diwine.ee\/en\/product\/clos-erasmus-2023\/\" \/>\n<meta property=\"og:site_name\" content=\"diWine &ndash; Premium kvaliteetveinid &uuml;le maailma | Eesti veinipood\" \/>\n<meta property=\"article:publisher\" content=\"https:\/\/www.facebook.com\/profile.php?id=61573862347231\" \/>\n<meta property=\"article:modified_time\" content=\"2026-01-27T18:56:14+00:00\" \/>\n<meta property=\"og:image\" content=\"https:\/\/diwine.ee\/wp-content\/uploads\/2025\/12\/clos-erasmus-2022_800x800.png\" \/>\n\t<meta property=\"og:image:width\" content=\"800\" \/>\n\t<meta property=\"og:image:height\" content=\"800\" \/>\n\t<meta property=\"og:image:type\" content=\"image\/png\" \/>\n<meta name=\"twitter:card\" content=\"summary_large_image\" \/>\n<meta name=\"twitter:label1\" content=\"Estimated reading time\" \/>\n\t<meta name=\"twitter:data1\" content=\"3 minutes\" \/>\n<script type=\"application\/ld+json\" class=\"yoast-schema-graph\">{\"@context\":\"https:\\\/\\\/schema.org\",\"@graph\":[{\"@type\":\"WebPage\",\"@id\":\"https:\\\/\\\/diwine.ee\\\/product\\\/clos-erasmus-2023\\\/\",\"url\":\"https:\\\/\\\/diwine.ee\\\/product\\\/clos-erasmus-2023\\\/\",\"name\":\"Clos Erasmus 2023 - diWine &ndash; Premium kvaliteetveinid &uuml;le maailma | Eesti veinipood\",\"isPartOf\":{\"@id\":\"https:\\\/\\\/diwine.ee\\\/#website\"},\"primaryImageOfPage\":{\"@id\":\"https:\\\/\\\/diwine.ee\\\/product\\\/clos-erasmus-2023\\\/#primaryimage\"},\"image\":{\"@id\":\"https:\\\/\\\/diwine.ee\\\/product\\\/clos-erasmus-2023\\\/#primaryimage\"},\"thumbnailUrl\":\"https:\\\/\\\/diwine.ee\\\/wp-content\\\/uploads\\\/2025\\\/12\\\/clos-erasmus-2022_800x800.png\",\"datePublished\":\"2025-12-02T13:33:33+00:00\",\"dateModified\":\"2026-01-27T18:56:14+00:00\",\"breadcrumb\":{\"@id\":\"https:\\\/\\\/diwine.ee\\\/product\\\/clos-erasmus-2023\\\/#breadcrumb\"},\"inLanguage\":\"en-GB\",\"potentialAction\":[{\"@type\":\"ReadAction\",\"target\":[\"https:\\\/\\\/diwine.ee\\\/product\\\/clos-erasmus-2023\\\/\"]}]},{\"@type\":\"ImageObject\",\"inLanguage\":\"en-GB\",\"@id\":\"https:\\\/\\\/diwine.ee\\\/product\\\/clos-erasmus-2023\\\/#primaryimage\",\"url\":\"https:\\\/\\\/diwine.ee\\\/wp-content\\\/uploads\\\/2025\\\/12\\\/clos-erasmus-2022_800x800.png\",\"contentUrl\":\"https:\\\/\\\/diwine.ee\\\/wp-content\\\/uploads\\\/2025\\\/12\\\/clos-erasmus-2022_800x800.png\",\"width\":800,\"height\":800},{\"@type\":\"BreadcrumbList\",\"@id\":\"https:\\\/\\\/diwine.ee\\\/product\\\/clos-erasmus-2023\\\/#breadcrumb\",\"itemListElement\":[{\"@type\":\"ListItem\",\"position\":1,\"name\":\"Home\",\"item\":\"https:\\\/\\\/diwine.ee\\\/\"},{\"@type\":\"ListItem\",\"position\":2,\"name\":\"e-pood\",\"item\":\"https:\\\/\\\/diwine.ee\\\/tooted\\\/\"},{\"@type\":\"ListItem\",\"position\":3,\"name\":\"Clos Erasmus 2023\"}]},{\"@type\":\"WebSite\",\"@id\":\"https:\\\/\\\/diwine.ee\\\/#website\",\"url\":\"https:\\\/\\\/diwine.ee\\\/\",\"name\":\"diWine \u2013 Premium kvaliteetveinid \u00fcle maailma | Eesti veinipood\",\"description\":\"Avasta diWine&#039;i hoolikalt valitud kvaliteetveinid maailma tippveinipiirkondadest. Eksklusiivsed punaveinid, valged veinid, vahuveinid ja eriveinid sinu erilisteks hetkedeks.\",\"publisher\":{\"@id\":\"https:\\\/\\\/diwine.ee\\\/#organization\"},\"potentialAction\":[{\"@type\":\"SearchAction\",\"target\":{\"@type\":\"EntryPoint\",\"urlTemplate\":\"https:\\\/\\\/diwine.ee\\\/?s={search_term_string}\"},\"query-input\":{\"@type\":\"PropertyValueSpecification\",\"valueRequired\":true,\"valueName\":\"search_term_string\"}}],\"inLanguage\":\"en-GB\"},{\"@type\":\"Organization\",\"@id\":\"https:\\\/\\\/diwine.ee\\\/#organization\",\"name\":\"diWine veinipood\",\"url\":\"https:\\\/\\\/diwine.ee\\\/\",\"logo\":{\"@type\":\"ImageObject\",\"inLanguage\":\"en-GB\",\"@id\":\"https:\\\/\\\/diwine.ee\\\/#\\\/schema\\\/logo\\\/image\\\/\",\"url\":\"https:\\\/\\\/diwine.ee\\\/wp-content\\\/uploads\\\/2025\\\/04\\\/diWine-1080-x-1080-px.png\",\"contentUrl\":\"https:\\\/\\\/diwine.ee\\\/wp-content\\\/uploads\\\/2025\\\/04\\\/diWine-1080-x-1080-px.png\",\"width\":1080,\"height\":1080,\"caption\":\"diWine veinipood\"},\"image\":{\"@id\":\"https:\\\/\\\/diwine.ee\\\/#\\\/schema\\\/logo\\\/image\\\/\"},\"sameAs\":[\"https:\\\/\\\/www.facebook.com\\\/profile.php?id=61573862347231\",\"https:\\\/\\\/www.instagram.com\\\/diwine.ee\"]}]}<\/script>\n<!-- \/ Yoast SEO plugin. -->","yoast_head_json":{"title":"Clos Erasmus 2023 - diWine &ndash; Premium kvaliteetveinid &uuml;le maailma | Eesti veinipood","robots":{"index":"index","follow":"follow","max-snippet":"max-snippet:-1","max-image-preview":"max-image-preview:large","max-video-preview":"max-video-preview:-1"},"canonical":"https:\/\/diwine.ee\/en\/product\/clos-erasmus-2023\/","og_locale":"en_GB","og_type":"article","og_title":"Clos Erasmus 2023 - diWine &ndash; Premium kvaliteetveinid &uuml;le maailma | Eesti veinipood","og_description":"Clos Erasmus 2023 on v\u00f5imas, s\u00fcgav ja erakordselt elegantne Priorati tippvein, mille intensiivne marjasus, siidine struktuur ja kiltkivine mineraalsus loovad \u00fcleilmse kultusveini v\u00e4\u00e4rilise kogemuse.","og_url":"https:\/\/diwine.ee\/en\/product\/clos-erasmus-2023\/","og_site_name":"diWine &ndash; Premium kvaliteetveinid &uuml;le maailma | Eesti veinipood","article_publisher":"https:\/\/www.facebook.com\/profile.php?id=61573862347231","article_modified_time":"2026-01-27T18:56:14+00:00","og_image":[{"width":800,"height":800,"url":"https:\/\/diwine.ee\/wp-content\/uploads\/2025\/12\/clos-erasmus-2022_800x800.png","type":"image\/png"}],"twitter_card":"summary_large_image","twitter_misc":{"Estimated reading time":"3 minutes"},"schema":{"@context":"https:\/\/schema.org","@graph":[{"@type":"WebPage","@id":"https:\/\/diwine.ee\/product\/clos-erasmus-2023\/","url":"https:\/\/diwine.ee\/product\/clos-erasmus-2023\/","name":"Clos Erasmus 2023 - diWine &ndash; Premium kvaliteetveinid &uuml;le maailma | Eesti veinipood","isPartOf":{"@id":"https:\/\/diwine.ee\/#website"},"primaryImageOfPage":{"@id":"https:\/\/diwine.ee\/product\/clos-erasmus-2023\/#primaryimage"},"image":{"@id":"https:\/\/diwine.ee\/product\/clos-erasmus-2023\/#primaryimage"},"thumbnailUrl":"https:\/\/diwine.ee\/wp-content\/uploads\/2025\/12\/clos-erasmus-2022_800x800.png","datePublished":"2025-12-02T13:33:33+00:00","dateModified":"2026-01-27T18:56:14+00:00","breadcrumb":{"@id":"https:\/\/diwine.ee\/product\/clos-erasmus-2023\/#breadcrumb"},"inLanguage":"en-GB","potentialAction":[{"@type":"ReadAction","target":["https:\/\/diwine.ee\/product\/clos-erasmus-2023\/"]}]},{"@type":"ImageObject","inLanguage":"en-GB","@id":"https:\/\/diwine.ee\/product\/clos-erasmus-2023\/#primaryimage","url":"https:\/\/diwine.ee\/wp-content\/uploads\/2025\/12\/clos-erasmus-2022_800x800.png","contentUrl":"https:\/\/diwine.ee\/wp-content\/uploads\/2025\/12\/clos-erasmus-2022_800x800.png","width":800,"height":800},{"@type":"BreadcrumbList","@id":"https:\/\/diwine.ee\/product\/clos-erasmus-2023\/#breadcrumb","itemListElement":[{"@type":"ListItem","position":1,"name":"Home","item":"https:\/\/diwine.ee\/"},{"@type":"ListItem","position":2,"name":"e-pood","item":"https:\/\/diwine.ee\/tooted\/"},{"@type":"ListItem","position":3,"name":"Clos Erasmus 2023"}]},{"@type":"WebSite","@id":"https:\/\/diwine.ee\/#website","url":"https:\/\/diwine.ee\/","name":"diWine \u2013 Premium kvaliteetveinid \u00fcle maailma | Eesti veinipood","description":"Avasta diWine&#039;i hoolikalt valitud kvaliteetveinid maailma tippveinipiirkondadest. Eksklusiivsed punaveinid, valged veinid, vahuveinid ja eriveinid sinu erilisteks hetkedeks.","publisher":{"@id":"https:\/\/diwine.ee\/#organization"},"potentialAction":[{"@type":"SearchAction","target":{"@type":"EntryPoint","urlTemplate":"https:\/\/diwine.ee\/?s={search_term_string}"},"query-input":{"@type":"PropertyValueSpecification","valueRequired":true,"valueName":"search_term_string"}}],"inLanguage":"en-GB"},{"@type":"Organization","@id":"https:\/\/diwine.ee\/#organization","name":"diWine veinipood","url":"https:\/\/diwine.ee\/","logo":{"@type":"ImageObject","inLanguage":"en-GB","@id":"https:\/\/diwine.ee\/#\/schema\/logo\/image\/","url":"https:\/\/diwine.ee\/wp-content\/uploads\/2025\/04\/diWine-1080-x-1080-px.png","contentUrl":"https:\/\/diwine.ee\/wp-content\/uploads\/2025\/04\/diWine-1080-x-1080-px.png","width":1080,"height":1080,"caption":"diWine veinipood"},"image":{"@id":"https:\/\/diwine.ee\/#\/schema\/logo\/image\/"},"sameAs":["https:\/\/www.facebook.com\/profile.php?id=61573862347231","https:\/\/www.instagram.com\/diwine.ee"]}]}},"jetpack_sharing_enabled":true,"_links":{"self":[{"href":"https:\/\/diwine.ee\/en\/wp-json\/wp\/v2\/product\/28283","targetHints":{"allow":["GET"]}}],"collection":[{"href":"https:\/\/diwine.ee\/en\/wp-json\/wp\/v2\/product"}],"about":[{"href":"https:\/\/diwine.ee\/en\/wp-json\/wp\/v2\/types\/product"}],"version-history":[{"count":0,"href":"https:\/\/diwine.ee\/en\/wp-json\/wp\/v2\/product\/28283\/revisions"}],"wp:featuredmedia":[{"embeddable":true,"href":"https:\/\/diwine.ee\/en\/wp-json\/wp\/v2\/media\/28284"}],"wp:attachment":[{"href":"https:\/\/diwine.ee\/en\/wp-json\/wp\/v2\/media?parent=28283"}],"wp:term":[{"taxonomy":"product_brand","embeddable":true,"href":"https:\/\/diwine.ee\/en\/wp-json\/wp\/v2\/product_brand?post=28283"},{"taxonomy":"product_cat","embeddable":true,"href":"https:\/\/diwine.ee\/en\/wp-json\/wp\/v2\/product_cat?post=28283"},{"taxonomy":"product_tag","embeddable":true,"href":"https:\/\/diwine.ee\/en\/wp-json\/wp\/v2\/product_tag?post=28283"}],"curies":[{"name":"wp","href":"https:\/\/api.w.org\/{rel}","templated":true}]}}