{"id":28290,"date":"2025-12-02T16:47:47","date_gmt":"2025-12-02T14:47:47","guid":{"rendered":"https:\/\/diwine.ee\/?post_type=product&#038;p=28290"},"modified":"2026-01-27T20:55:55","modified_gmt":"2026-01-27T18:55:55","slug":"parellada-2024","status":"publish","type":"product","link":"https:\/\/diwine.ee\/en\/product\/parellada-2024\/","title":{"rendered":"Parellada 2024"},"content":{"rendered":"<div data-elementor-type=\"wp-post\" data-elementor-id=\"28290\" class=\"elementor elementor-28290\">\n\t\t\t\t<div class=\"wd-negative-gap elementor-element elementor-element-b496628 e-grid e-con-boxed e-con e-parent\" data-id=\"b496628\" data-element_type=\"container\" data-e-type=\"container\">\n\t\t\t\t\t<div class=\"e-con-inner\">\n\t\t\t\t<div class=\"elementor-element elementor-element-aa23989 elementor-widget elementor-widget-wd_text_block\" data-id=\"aa23989\" data-element_type=\"widget\" data-e-type=\"widget\" data-widget_type=\"wd_text_block.default\">\n\t\t\t\t<div class=\"elementor-widget-container\">\n\t\t\t\t\t\t\t<div class=\"wd-text-block reset-last-child text-left\">\n\t\t\t\n\t\t\t<h3 class=\"cvGsUA direction-ltr align-justify para-style-body\"><span class=\"OYPEnA font-feature-liga-off font-feature-clig-off font-feature-calt-off text-decoration-none text-strikethrough-none\">Veini lugu:<\/span><\/h3><p data-start=\"2657\" data-end=\"2894\">Parellada 2024 tuleb <strong data-start=\"2678\" data-end=\"2696\">Cabra del Camp<\/strong> k\u00fclakonna vanadelt (50\u201360+ a) viinapuudelt. See k\u00f5rgem mikrokliima v\u00f5imaldab valmida v\u00e4ga madala suhkrusisaldusega viinamarjadel, mille loomulik alkohol j\u00e4\u00e4b haruldaselt madalaks \u2013 <strong data-start=\"2878\" data-end=\"2891\">umbes 10%<\/strong>.<\/p><p data-start=\"2896\" data-end=\"2978\">\u00d2rbita Venus on s\u00f5ltumatu v\u00e4iketootja, kes keskendub naturaalsetele meetoditele:<\/p><ul data-start=\"2979\" data-end=\"3183\"><li data-start=\"2979\" data-end=\"2996\"><p data-start=\"2981\" data-end=\"2996\">k\u00e4sitsi korje<\/p><\/li><li data-start=\"2997\" data-end=\"3019\"><p data-start=\"2999\" data-end=\"3019\">looduslikud p\u00e4rmid<\/p><\/li><li data-start=\"3020\" data-end=\"3044\"><p data-start=\"3022\" data-end=\"3044\">minimaalne sekkumine<\/p><\/li><li data-start=\"3045\" data-end=\"3101\"><p data-start=\"3047\" data-end=\"3101\">k\u00e4\u00e4ritus ja k\u00fcpsemine <strong data-start=\"3069\" data-end=\"3099\">ainult roostevabas terases<\/strong><\/p><\/li><li data-start=\"3102\" data-end=\"3153\"><p data-start=\"3104\" data-end=\"3153\"><strong data-start=\"3104\" data-end=\"3130\">kestakontakt ~3 n\u00e4dalat<\/strong>, mis annab tekstuuri<\/p><\/li><li data-start=\"3154\" data-end=\"3183\"><p data-start=\"3156\" data-end=\"3183\">selitamata, filtreerimata<\/p><\/li><\/ul><p data-start=\"3185\" data-end=\"3310\">Stiililt on tegu <strong data-start=\"3202\" data-end=\"3246\">ultra-v\u00e4rske, tsitruselise ja v\u00e4ga kerge<\/strong> valge veiniga, mis v\u00e4ljendab piirkonna puhtust ja mineraalsust.<\/p><h3 class=\"cvGsUA direction-ltr align-justify para-style-body\"><span class=\"OYPEnA font-feature-liga-off font-feature-clig-off font-feature-calt-off text-decoration-none text-strikethrough-none\">Veini valmistamine:<\/span><\/h3><p data-start=\"381\" data-end=\"711\">Parellada 2024 valmistatakse \u00e4\u00e4rmiselt minimalistlikult ja naturaalselt, et tuua esile vanade viinapuude puhas karakter. Viinamarjad korjatakse <strong data-start=\"525\" data-end=\"536\">k\u00e4sitsi<\/strong> 50\u201360-aastastelt Parellada p\u00f5\u00f5saviinapuudelt Cabra del Campi k\u00fcla k\u00f5rgemalt platoolt. Korje toimub varahommikuti, et hoida marjad jahedad ja s\u00e4ilitada maksimaalne aromaatsus.<\/p><p data-start=\"713\" data-end=\"1027\">P\u00e4rast sorteerimist j\u00e4etakse marjad <strong data-start=\"749\" data-end=\"791\">umbes kolmeks n\u00e4dalaks kestakontaktile<\/strong>. See on valge veini jaoks ebatavaline, kuid just see annab Parelladale kerge tanniinilise struktuuri, pehme tekstuuri ja mandlise, \u00fcrdise alatooni. K\u00e4\u00e4ritamine toimub t\u00e4ielikult <strong data-start=\"970\" data-end=\"994\">looduslike p\u00e4rmidega<\/strong>, ilma lisap\u00e4rmi v\u00f5i ens\u00fc\u00fcmideta.<\/p><p data-start=\"1029\" data-end=\"1346\">Kogu vein <strong data-start=\"1039\" data-end=\"1097\">k\u00e4\u00e4ritatakse ja k\u00fcpseb roostevabast terasest mahutites<\/strong>, mis hoiavad maitseprofiili puhta ja v\u00e4rske. Amforat ega tamme ei kasutata \u2013 nii ei lisata veinile raskust ega vanilje\u00adtannine. K\u00fcpsemine kestab <strong data-start=\"1243\" data-end=\"1261\">8 kuud setetel<\/strong>, mis lisab veidi kreemisust ja \u00fcmarust, kuid s\u00e4ilitab happe ja tsitruselise selguse.<\/p><p data-start=\"1348\" data-end=\"1559\">Veini ei <strong data-start=\"1357\" data-end=\"1385\">selitata ega filtreerita<\/strong>. V\u00e4\u00e4vel lisatakse vaid minimaalselt pudeldamise hetkel. Alkohol j\u00e4\u00e4b loomulikult v\u00e4ga madalaks \u2013 umbes <strong data-start=\"1489\" data-end=\"1496\">10%<\/strong>, kuna Parellada valmib k\u00fcpselt juba madalate suhkrutasemetega.<\/p><p data-start=\"1561\" data-end=\"1730\">Tulemuseks on vein, mis on valmistatud v\u00f5imalikult puhtal ja autentsel moel, s\u00e4ilitades nii sordi kui ka kasvukoha loomuliku v\u00e4rskuse, mineraalsuse ja aromaatse t\u00e4psuse.<\/p>\n\t\t\t\t\t<\/div>\n\t\t\t\t\t\t<\/div>\n\t\t\t\t<\/div>\n\t\t\t\t<div class=\"elementor-element elementor-element-f22db15 elementor-widget elementor-widget-wd_text_block\" data-id=\"f22db15\" data-element_type=\"widget\" data-e-type=\"widget\" data-widget_type=\"wd_text_block.default\">\n\t\t\t\t<div class=\"elementor-widget-container\">\n\t\t\t\t\t\t\t<div class=\"wd-text-block reset-last-child text-left\">\n\t\t\t\n\t\t\t<h3 class=\"cvGsUA direction-ltr align-justify para-style-body\"><span class=\"OYPEnA font-feature-liga-off font-feature-clig-off font-feature-calt-off text-decoration-none text-strikethrough-none\">Maitsenoodid:<\/span><\/h3><p data-start=\"1438\" data-end=\"1516\">V\u00e4rvuselt on vein <strong data-start=\"1456\" data-end=\"1478\">kahvatu \u00f5lekollane<\/strong> roheka helgiga \u2013 v\u00e4ga puhas ja s\u00e4rav.<\/p><p data-start=\"1518\" data-end=\"1541\">Aroomis domineerivad:<\/p><ul data-start=\"1542\" data-end=\"1726\"><li data-start=\"1542\" data-end=\"1577\"><p data-start=\"1544\" data-end=\"1577\"><strong data-start=\"1544\" data-end=\"1575\">sidrun, laim ja valge greip<\/strong><\/p><\/li><li data-start=\"1578\" data-end=\"1605\"><p data-start=\"1580\" data-end=\"1605\">v\u00e4rske <strong data-start=\"1587\" data-end=\"1603\">roheline \u00f5un<\/strong><\/p><\/li><li data-start=\"1606\" data-end=\"1646\"><p data-start=\"1608\" data-end=\"1646\"><strong data-start=\"1608\" data-end=\"1625\">valged lilled<\/strong> (akaatsia, kummel)<\/p><\/li><li data-start=\"1647\" data-end=\"1690\"><p data-start=\"1649\" data-end=\"1690\">peen \u00fcrdisus (fennel, v\u00e4rske rosmariin)<\/p><\/li><li data-start=\"1691\" data-end=\"1726\"><p data-start=\"1693\" data-end=\"1726\">kerge <strong data-start=\"1699\" data-end=\"1726\">soolakivine mineraalsus<\/strong><\/p><\/li><\/ul><p data-start=\"1728\" data-end=\"1976\">Suus on vein <strong data-start=\"1741\" data-end=\"1783\">s\u00e4rtsakas, kerge ja \u00fclimalt v\u00e4rskendav<\/strong>.<br data-start=\"1784\" data-end=\"1787\" \/>Happesus on elav, mis annab veinile energiat ja pikkust. Maitses on tunda tsitrust (laimikoor, sidrunikreem), valget virsikut ja kerget mandlise koore n\u00fcanssi \u2013 see tuleb kestakontaktist.<\/p><p data-start=\"1978\" data-end=\"2157\">Tekstuur on <strong data-start=\"1990\" data-end=\"2010\">pehme ja siidine<\/strong>, alkoholi v\u00e4hesus muudab veini \u00e4\u00e4rmiselt joodavaks.<br data-start=\"2062\" data-end=\"2065\" \/>J\u00e4relmaitse on <strong data-start=\"2080\" data-end=\"2115\">puhas, pikk ja kergelt soolakas<\/strong>, v\u00e4ga selge ja minimalistliku profiiliga.<\/p><p data-start=\"2159\" data-end=\"2226\">See on vein, mille v\u00f5lu on lihtsuses ja t\u00e4psuses \u2013 mitte v\u00f5imsuses.<\/p><h3 class=\"cvGsUA direction-ltr align-justify para-style-body\"><span class=\"OYPEnA font-feature-liga-off font-feature-clig-off font-feature-calt-off text-decoration-none text-strikethrough-none\">Toidusoovitus:<\/span><\/h3><p data-start=\"3834\" data-end=\"3859\">K\u00f5ige parem 8\u20139\u00b0C juures.<\/p><p data-start=\"3861\" data-end=\"3874\">Sobib koos:<\/p><ul data-start=\"3875\" data-end=\"4078\"><li data-start=\"3875\" data-end=\"3916\"><p data-start=\"3877\" data-end=\"3916\">ceviche, kammkarbid, \u00f5rn kala laimiga<\/p><\/li><li data-start=\"3917\" data-end=\"3937\"><p data-start=\"3919\" data-end=\"3937\">sushi ja sashimi<\/p><\/li><li data-start=\"3938\" data-end=\"3979\"><p data-start=\"3940\" data-end=\"3979\">vongole pasta v\u00f5i kerge sidrunirisoto<\/p><\/li><li data-start=\"3980\" data-end=\"4006\"><p data-start=\"3982\" data-end=\"4006\">fenneli-apelsini salat<\/p><\/li><li data-start=\"4007\" data-end=\"4045\"><p data-start=\"4009\" data-end=\"4045\">aurutatud v\u00f5i grillitud valge kala<\/p><\/li><li data-start=\"4046\" data-end=\"4078\"><p data-start=\"4048\" data-end=\"4078\">kitsejuust, burrata, ricotta<\/p><\/li><\/ul><p data-start=\"4080\" data-end=\"4123\">See vein n\u00f5uab puhtaid ja \u00f5hulisi maitseid.<\/p>\n\t\t\t\t\t<\/div>\n\t\t\t\t\t\t<\/div>\n\t\t\t\t<\/div>\n\t\t\t\t<div class=\"elementor-element elementor-element-79dff25 elementor-widget elementor-widget-wd_text_block\" data-id=\"79dff25\" data-element_type=\"widget\" data-e-type=\"widget\" data-widget_type=\"wd_text_block.default\">\n\t\t\t\t<div class=\"elementor-widget-container\">\n\t\t\t\t\t\t\t<div class=\"wd-text-block reset-last-child text-left\">\n\t\t\t\n\t\t\t<h3 class=\"cvGsUA direction-ltr align-justify para-style-body\"><span class=\"OYPEnA font-feature-liga-off font-feature-clig-off font-feature-calt-off text-decoration-none text-strikethrough-none\">S\u00e4ilitamispotentsiaal:<\/span><\/h3><p data-start=\"2868\" data-end=\"3001\">Parellada 2024 on vein, mis on <strong data-start=\"2899\" data-end=\"2924\">k\u00f5ige s\u00e4ravam noorena<\/strong>, kuna selle identiteet toetub v\u00e4rskusele, tsitrusele ja kergele tekstuurile.<\/p><ul data-start=\"3003\" data-end=\"3205\"><li data-start=\"3003\" data-end=\"3035\"><p data-start=\"3005\" data-end=\"3035\">Parim periood: <strong data-start=\"3020\" data-end=\"3033\">2025\u20132027<\/strong><\/p><\/li><li data-start=\"3036\" data-end=\"3112\"><p data-start=\"3038\" data-end=\"3112\">V\u00f5ib areneda kuni <strong data-start=\"3056\" data-end=\"3070\">3\u20134 aastat<\/strong>, omandades veidi mandlisust ja \u00fcrdisust<\/p><\/li><li data-start=\"3113\" data-end=\"3205\"><p data-start=\"3115\" data-end=\"3205\">Ei ole m\u00f5eldud pikaajaliseks laagerdamiseks \u2013 selle tugevus on kerguses, mitte s\u00fcgavuses<\/p><\/li><\/ul><p data-start=\"3207\" data-end=\"3292\">Varajased aastad (1\u20132 aastat peale korjet) toovad k\u00f5ige puhtama ja elavama karakteri.<\/p><h3 class=\"cvGsUA direction-ltr align-justify para-style-body\"><span class=\"OYPEnA font-feature-liga-off font-feature-clig-off font-feature-calt-off text-decoration-none text-strikethrough-none\">Hinnangud &amp; tunnustused:<\/span><\/h3><p data-start=\"3333\" data-end=\"3451\">Kuna tegu on v\u00e4ga v\u00e4ikese koguse naturaalveiniga, siis suuremate kriitikute ametlikke hindamisi veel ei ole. K\u00fcll aga:<\/p><ul data-start=\"3453\" data-end=\"3759\"><li data-start=\"3453\" data-end=\"3525\"><p data-start=\"3455\" data-end=\"3525\">Varasemad aastak\u00e4igud said palju t\u00e4helepanu naturaalveini kogukonnas<\/p><\/li><li data-start=\"3526\" data-end=\"3640\"><p data-start=\"3528\" data-end=\"3640\">Projekt ise (\u00d2rbita Venus) on hinnatud kui <em data-start=\"3571\" data-end=\"3638\">\u201c\u00fcks Kataloonia uuenduslikumaid ja puhtama stiiliga veinitegusid\u201d<\/em><\/p><\/li><li data-start=\"3641\" data-end=\"3759\"><p data-start=\"3643\" data-end=\"3759\">Veinimeedia on kiitnud Parellada stiili kui <em data-start=\"3687\" data-end=\"3757\">\u201c\u00e4\u00e4rmiselt elegantset ja madala alkoholiga uue generatsiooni valget\u201d<\/em><\/p><\/li><\/ul><p data-start=\"3761\" data-end=\"3793\">See on avastamisv\u00e4\u00e4rne ni\u0161ivein.<\/p>\n\t\t\t\t\t<\/div>\n\t\t\t\t\t\t<\/div>\n\t\t\t\t<\/div>\n\t\t\t\t\t<\/div>\n\t\t\t\t<\/div>\n\t\t\t\t<\/div>","protected":false},"excerpt":{"rendered":"<p>Parellada 2024 on \u00fclikerge, tsitruseline ja siidine naturaalne valge vein, mis \u00fchendab 10% alkoholiga v\u00e4rskuse, mineraalsuse ja kergelt nahkja tekstuuri.<\/p>","protected":false},"featured_media":28291,"template":"","meta":[],"product_brand":[146],"product_cat":[29,92],"product_tag":[],"class_list":{"0":"post-28290","1":"product","2":"type-product","3":"status-publish","4":"has-post-thumbnail","6":"product_brand-orbita-venus","7":"product_cat-koik-tooted","8":"product_cat-valge-vein","9":"pa_piirkond-conca-de-barbera","10":"pa_viinamarjasort-parellada","12":"first","13":"instock","14":"taxable","15":"shipping-taxable","16":"purchasable","17":"product-type-simple"},"yoast_head":"<!-- This site is optimized with the Yoast SEO plugin v27.4 - https:\/\/yoast.com\/product\/yoast-seo-wordpress\/ -->\n<title>Parellada 2024 - diWine &ndash; Premium kvaliteetveinid &uuml;le maailma | Eesti veinipood<\/title>\n<meta name=\"robots\" content=\"index, follow, max-snippet:-1, max-image-preview:large, max-video-preview:-1\" \/>\n<link rel=\"canonical\" href=\"https:\/\/diwine.ee\/en\/product\/parellada-2024\/\" \/>\n<meta property=\"og:locale\" content=\"en_GB\" \/>\n<meta property=\"og:type\" content=\"article\" \/>\n<meta property=\"og:title\" content=\"Parellada 2024 - diWine &ndash; Premium kvaliteetveinid &uuml;le maailma | Eesti veinipood\" \/>\n<meta property=\"og:description\" content=\"Parellada 2024 on \u00fclikerge, tsitruseline ja siidine naturaalne valge vein, mis \u00fchendab 10% alkoholiga v\u00e4rskuse, mineraalsuse ja kergelt nahkja tekstuuri.\" \/>\n<meta property=\"og:url\" content=\"https:\/\/diwine.ee\/en\/product\/parellada-2024\/\" \/>\n<meta property=\"og:site_name\" content=\"diWine &ndash; Premium kvaliteetveinid &uuml;le maailma | Eesti veinipood\" \/>\n<meta property=\"article:publisher\" content=\"https:\/\/www.facebook.com\/profile.php?id=61573862347231\" \/>\n<meta property=\"article:modified_time\" content=\"2026-01-27T18:55:55+00:00\" \/>\n<meta property=\"og:image\" content=\"https:\/\/diwine.ee\/wp-content\/uploads\/2025\/12\/parellada-2024_800x800.png\" \/>\n\t<meta property=\"og:image:width\" content=\"800\" \/>\n\t<meta property=\"og:image:height\" content=\"800\" \/>\n\t<meta property=\"og:image:type\" content=\"image\/png\" \/>\n<meta name=\"twitter:card\" content=\"summary_large_image\" \/>\n<meta name=\"twitter:label1\" content=\"Estimated reading time\" \/>\n\t<meta name=\"twitter:data1\" content=\"3 minutes\" \/>\n<script type=\"application\/ld+json\" class=\"yoast-schema-graph\">{\"@context\":\"https:\\\/\\\/schema.org\",\"@graph\":[{\"@type\":\"WebPage\",\"@id\":\"https:\\\/\\\/diwine.ee\\\/product\\\/parellada-2024\\\/\",\"url\":\"https:\\\/\\\/diwine.ee\\\/product\\\/parellada-2024\\\/\",\"name\":\"Parellada 2024 - diWine &ndash; Premium kvaliteetveinid &uuml;le maailma | Eesti veinipood\",\"isPartOf\":{\"@id\":\"https:\\\/\\\/diwine.ee\\\/#website\"},\"primaryImageOfPage\":{\"@id\":\"https:\\\/\\\/diwine.ee\\\/product\\\/parellada-2024\\\/#primaryimage\"},\"image\":{\"@id\":\"https:\\\/\\\/diwine.ee\\\/product\\\/parellada-2024\\\/#primaryimage\"},\"thumbnailUrl\":\"https:\\\/\\\/diwine.ee\\\/wp-content\\\/uploads\\\/2025\\\/12\\\/parellada-2024_800x800.png\",\"datePublished\":\"2025-12-02T14:47:47+00:00\",\"dateModified\":\"2026-01-27T18:55:55+00:00\",\"breadcrumb\":{\"@id\":\"https:\\\/\\\/diwine.ee\\\/product\\\/parellada-2024\\\/#breadcrumb\"},\"inLanguage\":\"en-GB\",\"potentialAction\":[{\"@type\":\"ReadAction\",\"target\":[\"https:\\\/\\\/diwine.ee\\\/product\\\/parellada-2024\\\/\"]}]},{\"@type\":\"ImageObject\",\"inLanguage\":\"en-GB\",\"@id\":\"https:\\\/\\\/diwine.ee\\\/product\\\/parellada-2024\\\/#primaryimage\",\"url\":\"https:\\\/\\\/diwine.ee\\\/wp-content\\\/uploads\\\/2025\\\/12\\\/parellada-2024_800x800.png\",\"contentUrl\":\"https:\\\/\\\/diwine.ee\\\/wp-content\\\/uploads\\\/2025\\\/12\\\/parellada-2024_800x800.png\",\"width\":800,\"height\":800},{\"@type\":\"BreadcrumbList\",\"@id\":\"https:\\\/\\\/diwine.ee\\\/product\\\/parellada-2024\\\/#breadcrumb\",\"itemListElement\":[{\"@type\":\"ListItem\",\"position\":1,\"name\":\"Home\",\"item\":\"https:\\\/\\\/diwine.ee\\\/\"},{\"@type\":\"ListItem\",\"position\":2,\"name\":\"e-pood\",\"item\":\"https:\\\/\\\/diwine.ee\\\/tooted\\\/\"},{\"@type\":\"ListItem\",\"position\":3,\"name\":\"Parellada 2024\"}]},{\"@type\":\"WebSite\",\"@id\":\"https:\\\/\\\/diwine.ee\\\/#website\",\"url\":\"https:\\\/\\\/diwine.ee\\\/\",\"name\":\"diWine \u2013 Premium kvaliteetveinid \u00fcle maailma | Eesti veinipood\",\"description\":\"Avasta diWine&#039;i hoolikalt valitud kvaliteetveinid maailma tippveinipiirkondadest. Eksklusiivsed punaveinid, valged veinid, vahuveinid ja eriveinid sinu erilisteks hetkedeks.\",\"publisher\":{\"@id\":\"https:\\\/\\\/diwine.ee\\\/#organization\"},\"potentialAction\":[{\"@type\":\"SearchAction\",\"target\":{\"@type\":\"EntryPoint\",\"urlTemplate\":\"https:\\\/\\\/diwine.ee\\\/?s={search_term_string}\"},\"query-input\":{\"@type\":\"PropertyValueSpecification\",\"valueRequired\":true,\"valueName\":\"search_term_string\"}}],\"inLanguage\":\"en-GB\"},{\"@type\":\"Organization\",\"@id\":\"https:\\\/\\\/diwine.ee\\\/#organization\",\"name\":\"diWine veinipood\",\"url\":\"https:\\\/\\\/diwine.ee\\\/\",\"logo\":{\"@type\":\"ImageObject\",\"inLanguage\":\"en-GB\",\"@id\":\"https:\\\/\\\/diwine.ee\\\/#\\\/schema\\\/logo\\\/image\\\/\",\"url\":\"https:\\\/\\\/diwine.ee\\\/wp-content\\\/uploads\\\/2025\\\/04\\\/diWine-1080-x-1080-px.png\",\"contentUrl\":\"https:\\\/\\\/diwine.ee\\\/wp-content\\\/uploads\\\/2025\\\/04\\\/diWine-1080-x-1080-px.png\",\"width\":1080,\"height\":1080,\"caption\":\"diWine veinipood\"},\"image\":{\"@id\":\"https:\\\/\\\/diwine.ee\\\/#\\\/schema\\\/logo\\\/image\\\/\"},\"sameAs\":[\"https:\\\/\\\/www.facebook.com\\\/profile.php?id=61573862347231\",\"https:\\\/\\\/www.instagram.com\\\/diwine.ee\"]}]}<\/script>\n<!-- \/ Yoast SEO plugin. -->","yoast_head_json":{"title":"Parellada 2024 - diWine &ndash; Premium kvaliteetveinid &uuml;le maailma | Eesti veinipood","robots":{"index":"index","follow":"follow","max-snippet":"max-snippet:-1","max-image-preview":"max-image-preview:large","max-video-preview":"max-video-preview:-1"},"canonical":"https:\/\/diwine.ee\/en\/product\/parellada-2024\/","og_locale":"en_GB","og_type":"article","og_title":"Parellada 2024 - diWine &ndash; Premium kvaliteetveinid &uuml;le maailma | Eesti veinipood","og_description":"Parellada 2024 on \u00fclikerge, tsitruseline ja siidine naturaalne valge vein, mis \u00fchendab 10% alkoholiga v\u00e4rskuse, mineraalsuse ja kergelt nahkja tekstuuri.","og_url":"https:\/\/diwine.ee\/en\/product\/parellada-2024\/","og_site_name":"diWine &ndash; Premium kvaliteetveinid &uuml;le maailma | Eesti veinipood","article_publisher":"https:\/\/www.facebook.com\/profile.php?id=61573862347231","article_modified_time":"2026-01-27T18:55:55+00:00","og_image":[{"width":800,"height":800,"url":"https:\/\/diwine.ee\/wp-content\/uploads\/2025\/12\/parellada-2024_800x800.png","type":"image\/png"}],"twitter_card":"summary_large_image","twitter_misc":{"Estimated reading time":"3 minutes"},"schema":{"@context":"https:\/\/schema.org","@graph":[{"@type":"WebPage","@id":"https:\/\/diwine.ee\/product\/parellada-2024\/","url":"https:\/\/diwine.ee\/product\/parellada-2024\/","name":"Parellada 2024 - diWine &ndash; Premium kvaliteetveinid &uuml;le maailma | Eesti veinipood","isPartOf":{"@id":"https:\/\/diwine.ee\/#website"},"primaryImageOfPage":{"@id":"https:\/\/diwine.ee\/product\/parellada-2024\/#primaryimage"},"image":{"@id":"https:\/\/diwine.ee\/product\/parellada-2024\/#primaryimage"},"thumbnailUrl":"https:\/\/diwine.ee\/wp-content\/uploads\/2025\/12\/parellada-2024_800x800.png","datePublished":"2025-12-02T14:47:47+00:00","dateModified":"2026-01-27T18:55:55+00:00","breadcrumb":{"@id":"https:\/\/diwine.ee\/product\/parellada-2024\/#breadcrumb"},"inLanguage":"en-GB","potentialAction":[{"@type":"ReadAction","target":["https:\/\/diwine.ee\/product\/parellada-2024\/"]}]},{"@type":"ImageObject","inLanguage":"en-GB","@id":"https:\/\/diwine.ee\/product\/parellada-2024\/#primaryimage","url":"https:\/\/diwine.ee\/wp-content\/uploads\/2025\/12\/parellada-2024_800x800.png","contentUrl":"https:\/\/diwine.ee\/wp-content\/uploads\/2025\/12\/parellada-2024_800x800.png","width":800,"height":800},{"@type":"BreadcrumbList","@id":"https:\/\/diwine.ee\/product\/parellada-2024\/#breadcrumb","itemListElement":[{"@type":"ListItem","position":1,"name":"Home","item":"https:\/\/diwine.ee\/"},{"@type":"ListItem","position":2,"name":"e-pood","item":"https:\/\/diwine.ee\/tooted\/"},{"@type":"ListItem","position":3,"name":"Parellada 2024"}]},{"@type":"WebSite","@id":"https:\/\/diwine.ee\/#website","url":"https:\/\/diwine.ee\/","name":"diWine \u2013 Premium kvaliteetveinid \u00fcle maailma | Eesti veinipood","description":"Avasta diWine&#039;i hoolikalt valitud kvaliteetveinid maailma tippveinipiirkondadest. Eksklusiivsed punaveinid, valged veinid, vahuveinid ja eriveinid sinu erilisteks hetkedeks.","publisher":{"@id":"https:\/\/diwine.ee\/#organization"},"potentialAction":[{"@type":"SearchAction","target":{"@type":"EntryPoint","urlTemplate":"https:\/\/diwine.ee\/?s={search_term_string}"},"query-input":{"@type":"PropertyValueSpecification","valueRequired":true,"valueName":"search_term_string"}}],"inLanguage":"en-GB"},{"@type":"Organization","@id":"https:\/\/diwine.ee\/#organization","name":"diWine veinipood","url":"https:\/\/diwine.ee\/","logo":{"@type":"ImageObject","inLanguage":"en-GB","@id":"https:\/\/diwine.ee\/#\/schema\/logo\/image\/","url":"https:\/\/diwine.ee\/wp-content\/uploads\/2025\/04\/diWine-1080-x-1080-px.png","contentUrl":"https:\/\/diwine.ee\/wp-content\/uploads\/2025\/04\/diWine-1080-x-1080-px.png","width":1080,"height":1080,"caption":"diWine veinipood"},"image":{"@id":"https:\/\/diwine.ee\/#\/schema\/logo\/image\/"},"sameAs":["https:\/\/www.facebook.com\/profile.php?id=61573862347231","https:\/\/www.instagram.com\/diwine.ee"]}]}},"jetpack_sharing_enabled":true,"_links":{"self":[{"href":"https:\/\/diwine.ee\/en\/wp-json\/wp\/v2\/product\/28290","targetHints":{"allow":["GET"]}}],"collection":[{"href":"https:\/\/diwine.ee\/en\/wp-json\/wp\/v2\/product"}],"about":[{"href":"https:\/\/diwine.ee\/en\/wp-json\/wp\/v2\/types\/product"}],"version-history":[{"count":0,"href":"https:\/\/diwine.ee\/en\/wp-json\/wp\/v2\/product\/28290\/revisions"}],"wp:featuredmedia":[{"embeddable":true,"href":"https:\/\/diwine.ee\/en\/wp-json\/wp\/v2\/media\/28291"}],"wp:attachment":[{"href":"https:\/\/diwine.ee\/en\/wp-json\/wp\/v2\/media?parent=28290"}],"wp:term":[{"taxonomy":"product_brand","embeddable":true,"href":"https:\/\/diwine.ee\/en\/wp-json\/wp\/v2\/product_brand?post=28290"},{"taxonomy":"product_cat","embeddable":true,"href":"https:\/\/diwine.ee\/en\/wp-json\/wp\/v2\/product_cat?post=28290"},{"taxonomy":"product_tag","embeddable":true,"href":"https:\/\/diwine.ee\/en\/wp-json\/wp\/v2\/product_tag?post=28290"}],"curies":[{"name":"wp","href":"https:\/\/api.w.org\/{rel}","templated":true}]}}