{"id":28399,"date":"2025-12-23T12:37:53","date_gmt":"2025-12-23T10:37:53","guid":{"rendered":"https:\/\/diwine.ee\/?post_type=product&#038;p=28399"},"modified":"2026-02-11T20:21:36","modified_gmt":"2026-02-11T18:21:36","slug":"clandestin-boreal-2022","status":"publish","type":"product","link":"https:\/\/diwine.ee\/en\/product\/clandestin-boreal-2022\/","title":{"rendered":"Clandestin Bor\u00e9al 2022 \u2013 Brut Nature"},"content":{"rendered":"<div data-elementor-type=\"wp-post\" data-elementor-id=\"28399\" class=\"elementor elementor-28399\">\n\t\t\t\t<div class=\"wd-negative-gap elementor-element elementor-element-b496628 e-grid e-con-boxed e-con e-parent\" data-id=\"b496628\" data-element_type=\"container\" data-e-type=\"container\">\n\t\t\t\t\t<div class=\"e-con-inner\">\n\t\t\t\t<div class=\"elementor-element elementor-element-aa23989 elementor-widget elementor-widget-wd_text_block\" data-id=\"aa23989\" data-element_type=\"widget\" data-e-type=\"widget\" data-widget_type=\"wd_text_block.default\">\n\t\t\t\t<div class=\"elementor-widget-container\">\n\t\t\t\t\t\t\t<div class=\"wd-text-block reset-last-child text-left\">\n\t\t\t\n\t\t\t<h3 class=\"cvGsUA direction-ltr align-justify para-style-body\"><span class=\"OYPEnA font-feature-liga-off font-feature-clig-off font-feature-calt-off text-decoration-none text-strikethrough-none\">Veini lugu:<\/span><\/h3><p data-start=\"803\" data-end=\"1145\">Bor\u00e9al (ladina keeles \u201ep\u00f5hjatuul\u201d) on Champagne Clandestini \u00fcheks lipulaevaks \u2013 cuv\u00e9e, mis on valmistatud ainult <strong data-start=\"916\" data-end=\"947\">p\u00f5hjapoolsetelt kallakutelt<\/strong> korjatud Pinot Noir viinamarjadest Buxi\u00e8res-sur-Arce \u00fcmbruses. Need jahedad viinap\u00f5llud k\u00fcpsevad aeglasemalt, s\u00e4ilitades erakordse happesuse ja soolase mineraalsuse, mis defineerib Bor\u00e9al\u2019i stiili.<\/p><p data-start=\"1153\" data-end=\"1404\">2022. aastak\u00e4ik oli k\u00fcps ja harmooniline, v\u00f5imaldades samal ajal elegantsi ja s\u00fcgavuse saavutamist ilma k\u00fcpsusekaotuseta. Vein v\u00e4ljendab teravalt C\u00f4te des Bar\u2019 Kimmeridgiani savi-lubjakivist pinnase energiat, pakkudes Burgundia-laadset selgust ja tekstuuri.<\/p><p data-start=\"1406\" data-end=\"1579\">Bor\u00e9al 2022 ei ole loodud esmamulje jaoks \u2013 see \u0161ampanja n\u00f5uab \u00f5hku, s\u00fcvenemist ja kannatlikkust. Ideaalne valik neile, kes hindavad <em data-start=\"1539\" data-end=\"1558\">toorest terroir\u2019d<\/em>\u00a0ja maitsekihilisust.<\/p><p data-start=\"536\" data-end=\"1111\"><span style=\"color: #1b1919; font-size: 22px;\">Veini valmistamine:<\/span><\/p><ul><li data-start=\"1611\" data-end=\"1630\"><p data-start=\"1613\" data-end=\"1630\">100% Pinot Noir<\/p><\/li><li data-start=\"1631\" data-end=\"1707\"><p data-start=\"1633\" data-end=\"1707\">Orgaaniline viinamarjakasvatus v\u00e4iketalunikelt C\u00f4te des Bars\u2019 piirkonnas<\/p><\/li><li data-start=\"1708\" data-end=\"1772\"><p data-start=\"1710\" data-end=\"1772\">K\u00e4sitsi korje, kohene pressimine Coquard\u2019 traditsioonpressil<\/p><\/li><li data-start=\"1773\" data-end=\"1852\"><p data-start=\"1775\" data-end=\"1852\">Alkohoolne k\u00e4\u00e4rimine naturaalse p\u00e4rmiga 600L tammevaatides (neutraalne puu)<\/p><\/li><li data-start=\"1853\" data-end=\"1894\"><p data-start=\"1855\" data-end=\"1894\">Malolaktiline k\u00e4\u00e4rimine: <strong data-start=\"1880\" data-end=\"1892\">ei toimu<\/strong><\/p><\/li><li data-start=\"1895\" data-end=\"1936\"><p data-start=\"1897\" data-end=\"1936\">Pudeldamine 2022, p\u00e4rmisettel 15 kuud<\/p><\/li><li data-start=\"1937\" data-end=\"1972\"><p data-start=\"1939\" data-end=\"1972\"><strong data-start=\"1939\" data-end=\"1970\">Dosaa\u017e: 0 g\/l \u2013 Brut Nature<\/strong><\/p><\/li><li data-start=\"1973\" data-end=\"2003\"><p data-start=\"1975\" data-end=\"2003\">Degorgeeritud 2023. aastal<\/p><\/li><li data-start=\"2004\" data-end=\"2040\"><p data-start=\"2006\" data-end=\"2040\"><strong data-start=\"2006\" data-end=\"2040\">Sulfiteid lisatud minimaalselt<\/strong><\/p><\/li><\/ul>\n\t\t\t\t\t<\/div>\n\t\t\t\t\t\t<\/div>\n\t\t\t\t<\/div>\n\t\t\t\t<div class=\"elementor-element elementor-element-f22db15 elementor-widget elementor-widget-wd_text_block\" data-id=\"f22db15\" data-element_type=\"widget\" data-e-type=\"widget\" data-widget_type=\"wd_text_block.default\">\n\t\t\t\t<div class=\"elementor-widget-container\">\n\t\t\t\t\t\t\t<div class=\"wd-text-block reset-last-child text-left\">\n\t\t\t\n\t\t\t<h3 class=\"cvGsUA direction-ltr align-justify para-style-body\"><span class=\"OYPEnA font-feature-liga-off font-feature-clig-off font-feature-calt-off text-decoration-none text-strikethrough-none\">Maitsenoodid:<\/span><\/h3><p data-start=\"2066\" data-end=\"2256\">Aroom:<br data-start=\"2072\" data-end=\"2075\" \/>Kriidine mineraalsus, punane s\u00f5star ja k\u00fcps sidrunikoor. Peen brioche\u2019i vihje, kuiv saiatainas, r\u00f6stitud sarapuup\u00e4hkel. Taustal elegantne punane \u00f5un ja kergelt suitsune soolakoorik.<\/p><p data-start=\"2258\" data-end=\"2584\">Maitse:<br data-start=\"2265\" data-end=\"2268\" \/>Kontsentreeritud ja vertikaalne. Tugev tsitruseline r\u00fcndav hape, millele j\u00e4rgneb mineraalne s\u00fcgavus. Sidruni\u00f5li, valge greip, roheline pirn, soolane kest. Tekstuur on pingeline, isegi \u201ct\u00f5mbuv\u201d, kuid samas kreemjas ja pikk. Vein muutub klaasis ajas, arendades rohkem brioche\u2019i, kuivatatud \u00fcrtide ja k\u00fcpse vilja kihte.<\/p><p data-start=\"2586\" data-end=\"2732\">J\u00e4relmaitse:<br data-start=\"2598\" data-end=\"2601\" \/>Pikk, kuiv, v\u00e4ga soolakas \u2013 t\u00f5eline C\u00f4te des Bar\u2019 signatuur. Soolakas surve ja hape j\u00e4tavad suulaele sileda, kergelt umamise mulje.<\/p><h3 class=\"cvGsUA direction-ltr align-justify para-style-body\"><span class=\"OYPEnA font-feature-liga-off font-feature-clig-off font-feature-calt-off text-decoration-none text-strikethrough-none\">Toidusoovitus:<\/span><\/h3><p data-start=\"2759\" data-end=\"2992\">Sobib suurep\u00e4raselt:<br data-start=\"2779\" data-end=\"2782\" \/>\u2013 austrite, merekarpide ja tsitrusev\u00f5iga serveeritud valge kala juurde<br data-start=\"2852\" data-end=\"2855\" \/>\u2013 sushile v\u00f5i sashimile<br data-start=\"2878\" data-end=\"2881\" \/>\u2013 soolaste laagerjuustudega (Comt\u00e9, Gruy\u00e8re)<br data-start=\"2925\" data-end=\"2928\" \/>\u2013 roogadega, kus on suitsutatud sidrun, seller v\u00f5i valge tr\u00fchvel<\/p><p data-start=\"2994\" data-end=\"3140\">V\u00f5imas \u0161ampanja, mis n\u00f5uab t\u00e4pse tekstuuriga roogasid. Sobib ideaalselt aperitiiviks veinigurmaanidele v\u00f5i terroir\u2019i-keskseks \u0161ampanjapaarituseks.<\/p>\n\t\t\t\t\t<\/div>\n\t\t\t\t\t\t<\/div>\n\t\t\t\t<\/div>\n\t\t\t\t<div class=\"elementor-element elementor-element-79dff25 elementor-widget elementor-widget-wd_text_block\" data-id=\"79dff25\" data-element_type=\"widget\" data-e-type=\"widget\" data-widget_type=\"wd_text_block.default\">\n\t\t\t\t<div class=\"elementor-widget-container\">\n\t\t\t\t\t\t\t<div class=\"wd-text-block reset-last-child text-left\">\n\t\t\t\n\t\t\t<h3 class=\"cvGsUA direction-ltr align-justify para-style-body\"><span class=\"OYPEnA font-feature-liga-off font-feature-clig-off font-feature-calt-off text-decoration-none text-strikethrough-none\">S\u00e4ilitamispotentsiaal:<\/span><\/h3><p data-start=\"30\" data-end=\"380\">Parim joomisaeg: <strong data-start=\"3190\" data-end=\"3203\">2025\u20132029<\/strong><br data-start=\"3203\" data-end=\"3206\" \/>S\u00e4ilitamisel 5\u20137 aastat areneb t\u00e4iendav brioche\u2019i s\u00fcgavus, kuivatatud puuviljad ja p\u00e4hkliseemne n\u00fcansid. Samas on vein t\u00e4nu nulldoosile juba noores eas v\u00e4ga elav ja tasakaalus.<\/p><h3 class=\"cvGsUA direction-ltr align-justify para-style-body\"><span class=\"OYPEnA font-feature-liga-off font-feature-clig-off font-feature-calt-off text-decoration-none text-strikethrough-none\">Hinnangud &amp; tunnustused:<\/span><\/h3><p>\u2013 <strong data-start=\"3421\" data-end=\"3439\">Flatiron Wines<\/strong>: \u201cDry, serious and intensely mineral.\u201d<br data-start=\"3478\" data-end=\"3481\" \/>\u2013 <strong data-start=\"3483\" data-end=\"3505\">Polaner Selections<\/strong>: \u201cWines that require the drinker to pay attention \u2013 saline, taut, and structured.\u201d<br data-start=\"3588\" data-end=\"3591\" \/>\u2013 <strong data-start=\"3593\" data-end=\"3616\">LebendigeWeine (DE)<\/strong>: \u201cPuhas ja soolane \u0161ampanja, mis n\u00e4itab p\u00f5hjapoolse terroir\u2019i otsekohesust ja siirust.\u201d<br data-start=\"3704\" data-end=\"3707\" \/>\u2013 Soovitatav dekanteerida v\u00f5i valada avaramasse klaasi, et vein saaks avaneda.<\/p>\n\t\t\t\t\t<\/div>\n\t\t\t\t\t\t<\/div>\n\t\t\t\t<\/div>\n\t\t\t\t\t<\/div>\n\t\t\t\t<\/div>\n\t\t\t\t<\/div>","protected":false},"excerpt":{"rendered":"<p>Terav, tekstuurikas ja erakordselt mineraalne \u0161ampanja p\u00f5hjasuunalistelt viinamarjaistandustelt \u2013 puhas v\u00e4ljendus C\u00f4te des Bar\u2019 lubjakivisest terroir\u2019st.<\/p>","protected":false},"featured_media":28406,"template":"","meta":[],"product_brand":[180],"product_cat":[29,93],"product_tag":[],"class_list":{"0":"post-28399","1":"product","2":"type-product","3":"status-publish","4":"has-post-thumbnail","6":"product_brand-clandestin","7":"product_cat-koik-tooted","8":"product_cat-sampanja","9":"pa_piirkond-champagne","10":"pa_viinamarjasort-pinot-noir","12":"first","13":"instock","14":"featured","15":"taxable","16":"shipping-taxable","17":"purchasable","18":"product-type-simple"},"yoast_head":"<!-- This site is optimized with the Yoast SEO plugin v27.4 - https:\/\/yoast.com\/product\/yoast-seo-wordpress\/ -->\n<title>Clandestin Bor\u00e9al 2022 \u2013 Brut Nature - diWine &ndash; Premium kvaliteetveinid &uuml;le maailma | Eesti veinipood<\/title>\n<meta name=\"robots\" content=\"index, follow, max-snippet:-1, max-image-preview:large, max-video-preview:-1\" \/>\n<link rel=\"canonical\" href=\"https:\/\/diwine.ee\/en\/product\/clandestin-boreal-2022\/\" \/>\n<meta property=\"og:locale\" content=\"en_GB\" \/>\n<meta property=\"og:type\" content=\"article\" \/>\n<meta property=\"og:title\" content=\"Clandestin Bor\u00e9al 2022 \u2013 Brut Nature - diWine &ndash; Premium kvaliteetveinid &uuml;le maailma | Eesti veinipood\" \/>\n<meta property=\"og:description\" content=\"Terav, tekstuurikas ja erakordselt mineraalne \u0161ampanja p\u00f5hjasuunalistelt viinamarjaistandustelt \u2013 puhas v\u00e4ljendus C\u00f4te des Bar\u2019 lubjakivisest terroir\u2019st.\" \/>\n<meta property=\"og:url\" content=\"https:\/\/diwine.ee\/en\/product\/clandestin-boreal-2022\/\" \/>\n<meta property=\"og:site_name\" content=\"diWine &ndash; Premium kvaliteetveinid &uuml;le maailma | Eesti veinipood\" \/>\n<meta property=\"article:publisher\" content=\"https:\/\/www.facebook.com\/profile.php?id=61573862347231\" \/>\n<meta property=\"article:modified_time\" content=\"2026-02-11T18:21:36+00:00\" \/>\n<meta property=\"og:image\" content=\"https:\/\/diwine.ee\/wp-content\/uploads\/2025\/12\/boreal_2022.png\" \/>\n\t<meta property=\"og:image:width\" content=\"800\" \/>\n\t<meta property=\"og:image:height\" content=\"800\" \/>\n\t<meta property=\"og:image:type\" content=\"image\/png\" \/>\n<meta name=\"twitter:card\" content=\"summary_large_image\" \/>\n<meta name=\"twitter:label1\" content=\"Estimated reading time\" \/>\n\t<meta name=\"twitter:data1\" content=\"2 minutes\" \/>\n<script type=\"application\/ld+json\" class=\"yoast-schema-graph\">{\"@context\":\"https:\\\/\\\/schema.org\",\"@graph\":[{\"@type\":\"WebPage\",\"@id\":\"https:\\\/\\\/diwine.ee\\\/product\\\/clandestin-boreal-2022\\\/\",\"url\":\"https:\\\/\\\/diwine.ee\\\/product\\\/clandestin-boreal-2022\\\/\",\"name\":\"Clandestin Bor\u00e9al 2022 \u2013 Brut Nature - diWine &ndash; Premium kvaliteetveinid &uuml;le maailma | Eesti veinipood\",\"isPartOf\":{\"@id\":\"https:\\\/\\\/diwine.ee\\\/#website\"},\"primaryImageOfPage\":{\"@id\":\"https:\\\/\\\/diwine.ee\\\/product\\\/clandestin-boreal-2022\\\/#primaryimage\"},\"image\":{\"@id\":\"https:\\\/\\\/diwine.ee\\\/product\\\/clandestin-boreal-2022\\\/#primaryimage\"},\"thumbnailUrl\":\"https:\\\/\\\/diwine.ee\\\/wp-content\\\/uploads\\\/2025\\\/12\\\/boreal_2022.png\",\"datePublished\":\"2025-12-23T10:37:53+00:00\",\"dateModified\":\"2026-02-11T18:21:36+00:00\",\"breadcrumb\":{\"@id\":\"https:\\\/\\\/diwine.ee\\\/product\\\/clandestin-boreal-2022\\\/#breadcrumb\"},\"inLanguage\":\"en-GB\",\"potentialAction\":[{\"@type\":\"ReadAction\",\"target\":[\"https:\\\/\\\/diwine.ee\\\/product\\\/clandestin-boreal-2022\\\/\"]}]},{\"@type\":\"ImageObject\",\"inLanguage\":\"en-GB\",\"@id\":\"https:\\\/\\\/diwine.ee\\\/product\\\/clandestin-boreal-2022\\\/#primaryimage\",\"url\":\"https:\\\/\\\/diwine.ee\\\/wp-content\\\/uploads\\\/2025\\\/12\\\/boreal_2022.png\",\"contentUrl\":\"https:\\\/\\\/diwine.ee\\\/wp-content\\\/uploads\\\/2025\\\/12\\\/boreal_2022.png\",\"width\":800,\"height\":800},{\"@type\":\"BreadcrumbList\",\"@id\":\"https:\\\/\\\/diwine.ee\\\/product\\\/clandestin-boreal-2022\\\/#breadcrumb\",\"itemListElement\":[{\"@type\":\"ListItem\",\"position\":1,\"name\":\"Home\",\"item\":\"https:\\\/\\\/diwine.ee\\\/\"},{\"@type\":\"ListItem\",\"position\":2,\"name\":\"e-pood\",\"item\":\"https:\\\/\\\/diwine.ee\\\/tooted\\\/\"},{\"@type\":\"ListItem\",\"position\":3,\"name\":\"Clandestin Bor\u00e9al 2022 \u2013 Brut Nature\"}]},{\"@type\":\"WebSite\",\"@id\":\"https:\\\/\\\/diwine.ee\\\/#website\",\"url\":\"https:\\\/\\\/diwine.ee\\\/\",\"name\":\"diWine \u2013 Premium kvaliteetveinid \u00fcle maailma | Eesti veinipood\",\"description\":\"Avasta diWine&#039;i hoolikalt valitud kvaliteetveinid maailma tippveinipiirkondadest. Eksklusiivsed punaveinid, valged veinid, vahuveinid ja eriveinid sinu erilisteks hetkedeks.\",\"publisher\":{\"@id\":\"https:\\\/\\\/diwine.ee\\\/#organization\"},\"potentialAction\":[{\"@type\":\"SearchAction\",\"target\":{\"@type\":\"EntryPoint\",\"urlTemplate\":\"https:\\\/\\\/diwine.ee\\\/?s={search_term_string}\"},\"query-input\":{\"@type\":\"PropertyValueSpecification\",\"valueRequired\":true,\"valueName\":\"search_term_string\"}}],\"inLanguage\":\"en-GB\"},{\"@type\":\"Organization\",\"@id\":\"https:\\\/\\\/diwine.ee\\\/#organization\",\"name\":\"diWine veinipood\",\"url\":\"https:\\\/\\\/diwine.ee\\\/\",\"logo\":{\"@type\":\"ImageObject\",\"inLanguage\":\"en-GB\",\"@id\":\"https:\\\/\\\/diwine.ee\\\/#\\\/schema\\\/logo\\\/image\\\/\",\"url\":\"https:\\\/\\\/diwine.ee\\\/wp-content\\\/uploads\\\/2025\\\/04\\\/diWine-1080-x-1080-px.png\",\"contentUrl\":\"https:\\\/\\\/diwine.ee\\\/wp-content\\\/uploads\\\/2025\\\/04\\\/diWine-1080-x-1080-px.png\",\"width\":1080,\"height\":1080,\"caption\":\"diWine veinipood\"},\"image\":{\"@id\":\"https:\\\/\\\/diwine.ee\\\/#\\\/schema\\\/logo\\\/image\\\/\"},\"sameAs\":[\"https:\\\/\\\/www.facebook.com\\\/profile.php?id=61573862347231\",\"https:\\\/\\\/www.instagram.com\\\/diwine.ee\"]}]}<\/script>\n<!-- \/ Yoast SEO plugin. -->","yoast_head_json":{"title":"Clandestin Bor\u00e9al 2022 \u2013 Brut Nature - diWine &ndash; Premium kvaliteetveinid &uuml;le maailma | Eesti veinipood","robots":{"index":"index","follow":"follow","max-snippet":"max-snippet:-1","max-image-preview":"max-image-preview:large","max-video-preview":"max-video-preview:-1"},"canonical":"https:\/\/diwine.ee\/en\/product\/clandestin-boreal-2022\/","og_locale":"en_GB","og_type":"article","og_title":"Clandestin Bor\u00e9al 2022 \u2013 Brut Nature - diWine &ndash; Premium kvaliteetveinid &uuml;le maailma | Eesti veinipood","og_description":"Terav, tekstuurikas ja erakordselt mineraalne \u0161ampanja p\u00f5hjasuunalistelt viinamarjaistandustelt \u2013 puhas v\u00e4ljendus C\u00f4te des Bar\u2019 lubjakivisest terroir\u2019st.","og_url":"https:\/\/diwine.ee\/en\/product\/clandestin-boreal-2022\/","og_site_name":"diWine &ndash; Premium kvaliteetveinid &uuml;le maailma | Eesti veinipood","article_publisher":"https:\/\/www.facebook.com\/profile.php?id=61573862347231","article_modified_time":"2026-02-11T18:21:36+00:00","og_image":[{"width":800,"height":800,"url":"https:\/\/diwine.ee\/wp-content\/uploads\/2025\/12\/boreal_2022.png","type":"image\/png"}],"twitter_card":"summary_large_image","twitter_misc":{"Estimated reading time":"2 minutes"},"schema":{"@context":"https:\/\/schema.org","@graph":[{"@type":"WebPage","@id":"https:\/\/diwine.ee\/product\/clandestin-boreal-2022\/","url":"https:\/\/diwine.ee\/product\/clandestin-boreal-2022\/","name":"Clandestin Bor\u00e9al 2022 \u2013 Brut Nature - diWine &ndash; Premium kvaliteetveinid &uuml;le maailma | Eesti veinipood","isPartOf":{"@id":"https:\/\/diwine.ee\/#website"},"primaryImageOfPage":{"@id":"https:\/\/diwine.ee\/product\/clandestin-boreal-2022\/#primaryimage"},"image":{"@id":"https:\/\/diwine.ee\/product\/clandestin-boreal-2022\/#primaryimage"},"thumbnailUrl":"https:\/\/diwine.ee\/wp-content\/uploads\/2025\/12\/boreal_2022.png","datePublished":"2025-12-23T10:37:53+00:00","dateModified":"2026-02-11T18:21:36+00:00","breadcrumb":{"@id":"https:\/\/diwine.ee\/product\/clandestin-boreal-2022\/#breadcrumb"},"inLanguage":"en-GB","potentialAction":[{"@type":"ReadAction","target":["https:\/\/diwine.ee\/product\/clandestin-boreal-2022\/"]}]},{"@type":"ImageObject","inLanguage":"en-GB","@id":"https:\/\/diwine.ee\/product\/clandestin-boreal-2022\/#primaryimage","url":"https:\/\/diwine.ee\/wp-content\/uploads\/2025\/12\/boreal_2022.png","contentUrl":"https:\/\/diwine.ee\/wp-content\/uploads\/2025\/12\/boreal_2022.png","width":800,"height":800},{"@type":"BreadcrumbList","@id":"https:\/\/diwine.ee\/product\/clandestin-boreal-2022\/#breadcrumb","itemListElement":[{"@type":"ListItem","position":1,"name":"Home","item":"https:\/\/diwine.ee\/"},{"@type":"ListItem","position":2,"name":"e-pood","item":"https:\/\/diwine.ee\/tooted\/"},{"@type":"ListItem","position":3,"name":"Clandestin Bor\u00e9al 2022 \u2013 Brut Nature"}]},{"@type":"WebSite","@id":"https:\/\/diwine.ee\/#website","url":"https:\/\/diwine.ee\/","name":"diWine \u2013 Premium kvaliteetveinid \u00fcle maailma | Eesti veinipood","description":"Avasta diWine&#039;i hoolikalt valitud kvaliteetveinid maailma tippveinipiirkondadest. Eksklusiivsed punaveinid, valged veinid, vahuveinid ja eriveinid sinu erilisteks hetkedeks.","publisher":{"@id":"https:\/\/diwine.ee\/#organization"},"potentialAction":[{"@type":"SearchAction","target":{"@type":"EntryPoint","urlTemplate":"https:\/\/diwine.ee\/?s={search_term_string}"},"query-input":{"@type":"PropertyValueSpecification","valueRequired":true,"valueName":"search_term_string"}}],"inLanguage":"en-GB"},{"@type":"Organization","@id":"https:\/\/diwine.ee\/#organization","name":"diWine veinipood","url":"https:\/\/diwine.ee\/","logo":{"@type":"ImageObject","inLanguage":"en-GB","@id":"https:\/\/diwine.ee\/#\/schema\/logo\/image\/","url":"https:\/\/diwine.ee\/wp-content\/uploads\/2025\/04\/diWine-1080-x-1080-px.png","contentUrl":"https:\/\/diwine.ee\/wp-content\/uploads\/2025\/04\/diWine-1080-x-1080-px.png","width":1080,"height":1080,"caption":"diWine veinipood"},"image":{"@id":"https:\/\/diwine.ee\/#\/schema\/logo\/image\/"},"sameAs":["https:\/\/www.facebook.com\/profile.php?id=61573862347231","https:\/\/www.instagram.com\/diwine.ee"]}]}},"jetpack_sharing_enabled":true,"_links":{"self":[{"href":"https:\/\/diwine.ee\/en\/wp-json\/wp\/v2\/product\/28399","targetHints":{"allow":["GET"]}}],"collection":[{"href":"https:\/\/diwine.ee\/en\/wp-json\/wp\/v2\/product"}],"about":[{"href":"https:\/\/diwine.ee\/en\/wp-json\/wp\/v2\/types\/product"}],"version-history":[{"count":0,"href":"https:\/\/diwine.ee\/en\/wp-json\/wp\/v2\/product\/28399\/revisions"}],"wp:featuredmedia":[{"embeddable":true,"href":"https:\/\/diwine.ee\/en\/wp-json\/wp\/v2\/media\/28406"}],"wp:attachment":[{"href":"https:\/\/diwine.ee\/en\/wp-json\/wp\/v2\/media?parent=28399"}],"wp:term":[{"taxonomy":"product_brand","embeddable":true,"href":"https:\/\/diwine.ee\/en\/wp-json\/wp\/v2\/product_brand?post=28399"},{"taxonomy":"product_cat","embeddable":true,"href":"https:\/\/diwine.ee\/en\/wp-json\/wp\/v2\/product_cat?post=28399"},{"taxonomy":"product_tag","embeddable":true,"href":"https:\/\/diwine.ee\/en\/wp-json\/wp\/v2\/product_tag?post=28399"}],"curies":[{"name":"wp","href":"https:\/\/api.w.org\/{rel}","templated":true}]}}