{"id":28410,"date":"2025-12-23T12:52:03","date_gmt":"2025-12-23T10:52:03","guid":{"rendered":"https:\/\/diwine.ee\/?post_type=product&#038;p=28410"},"modified":"2026-03-28T18:59:15","modified_gmt":"2026-03-28T16:59:15","slug":"clandestin-austral-2022-brut-nature","status":"publish","type":"product","link":"https:\/\/diwine.ee\/en\/product\/clandestin-austral-2022-brut-nature\/","title":{"rendered":"Clandestin Austral 2022 \u2013 Brut Nature"},"content":{"rendered":"<div data-elementor-type=\"wp-post\" data-elementor-id=\"28410\" class=\"elementor elementor-28410\">\n\t\t\t\t<div class=\"wd-negative-gap elementor-element elementor-element-b496628 e-grid e-con-boxed e-con e-parent\" data-id=\"b496628\" data-element_type=\"container\" data-e-type=\"container\">\n\t\t\t\t\t<div class=\"e-con-inner\">\n\t\t\t\t<div class=\"elementor-element elementor-element-aa23989 elementor-widget elementor-widget-wd_text_block\" data-id=\"aa23989\" data-element_type=\"widget\" data-e-type=\"widget\" data-widget_type=\"wd_text_block.default\">\n\t\t\t\t<div class=\"elementor-widget-container\">\n\t\t\t\t\t\t\t<div class=\"wd-text-block reset-last-child text-left\">\n\t\t\t\n\t\t\t<h3 class=\"cvGsUA direction-ltr align-justify para-style-body\"><span class=\"OYPEnA font-feature-liga-off font-feature-clig-off font-feature-calt-off text-decoration-none text-strikethrough-none\">Veini lugu:<\/span><\/h3><p data-start=\"778\" data-end=\"1083\">Austral \u2013 ladinakeelne nimetus \u201el\u00f5unapoolne\u201d \u2013 on Champagne Clandestin\u2019i teine v\u00f5tme-cuv\u00e9e. Kui Bor\u00e9al v\u00e4ljendab jahedaid, p\u00f5hjapoolseid m\u00e4ek\u00fclgi, siis <strong data-start=\"930\" data-end=\"946\">Austral 2022<\/strong> tuleb \u00fcksnes <strong data-start=\"960\" data-end=\"991\">l\u00f5unapoolselt eksponeeritud<\/strong> viinamarjaistandustest, mis saavad rohkem p\u00e4ikest ja annavad veinile t\u00e4idlust ning k\u00fcpsust.<\/p><p data-start=\"1091\" data-end=\"1483\">2022. aasta oli Champagne\u2019i piirkonnas p\u00e4ikesek\u00fcllane ja soe, pakkudes Pinot Noir\u2019ile k\u00fcpse marjasuse k\u00f5rval tugevat struktuuri. Samas s\u00e4ilitati puhas stiil t\u00e4nu k\u00f5rgemal asuvatele istandustele ja varajasele korjele. Clandestin k\u00e4sitleb Austral\u2019i kui <strong data-start=\"1336\" data-end=\"1360\">terroir\u2019iga dialoogi<\/strong> \u2013 vein ei p\u00fc\u00fcdle dekoreeritud k\u00fcpsuse poole, vaid toob esile savi-lubjakivise pinnase olemuse ja aastak\u00e4igu selge energia.<\/p><p data-start=\"1485\" data-end=\"1640\">Austral 2022 ei ole m\u00f5eldud kiireks tarbimiseks \u2013 see n\u00f5uab \u00f5hku, klaasi ja t\u00e4helepanu. \u0160ampanja, millel on \u201earhitektuurne\u201d hape, s\u00fcgavus ja loomulik j\u00f5ud.<\/p><p data-start=\"536\" data-end=\"1111\"><span style=\"color: #1b1919; font-size: 22px;\">Veini valmistamine:<\/span><\/p><ul><li data-start=\"1672\" data-end=\"1691\"><p data-start=\"1674\" data-end=\"1691\">100% Pinot Noir<\/p><\/li><li data-start=\"1692\" data-end=\"1794\"><p data-start=\"1694\" data-end=\"1794\">P\u00e4rit biod\u00fcnaamiliste v\u00f5i orgaaniliste praktikatega kasvatajatelt C\u00f4te des Bars\u2019i l\u00f5unakallakutelt<\/p><\/li><li data-start=\"1795\" data-end=\"1848\"><p data-start=\"1797\" data-end=\"1848\">K\u00e4sitsi korje, kohene pressimine Coquard\u2019 pressil<\/p><\/li><li data-start=\"1849\" data-end=\"1900\"><p data-start=\"1851\" data-end=\"1900\">K\u00e4\u00e4rimine loodusliku p\u00e4rmiga 500L tammevaatides<\/p><\/li><li data-start=\"1901\" data-end=\"1944\"><p data-start=\"1903\" data-end=\"1944\"><strong data-start=\"1903\" data-end=\"1942\">Malolaktiline fermentatsioon puudub<\/strong><\/p><\/li><li data-start=\"1945\" data-end=\"1995\"><p data-start=\"1947\" data-end=\"1995\">12 kuud vaatides + 15 kuud pudelis p\u00e4rmisettel<\/p><\/li><li data-start=\"1996\" data-end=\"2031\"><p data-start=\"1998\" data-end=\"2031\"><strong data-start=\"1998\" data-end=\"2029\">Dosaa\u017e: 0 g\/l \u2013 Brut Nature<\/strong><\/p><\/li><li data-start=\"2032\" data-end=\"2054\"><p data-start=\"2034\" data-end=\"2054\">Degorgeeritud 2023<\/p><\/li><li data-start=\"2055\" data-end=\"2088\"><p data-start=\"2057\" data-end=\"2088\">Sulfitite lisamine minimaalne<\/p><\/li><\/ul>\n\t\t\t\t\t<\/div>\n\t\t\t\t\t\t<\/div>\n\t\t\t\t<\/div>\n\t\t\t\t<div class=\"elementor-element elementor-element-f22db15 elementor-widget elementor-widget-wd_text_block\" data-id=\"f22db15\" data-element_type=\"widget\" data-e-type=\"widget\" data-widget_type=\"wd_text_block.default\">\n\t\t\t\t<div class=\"elementor-widget-container\">\n\t\t\t\t\t\t\t<div class=\"wd-text-block reset-last-child text-left\">\n\t\t\t\n\t\t\t<h3 class=\"cvGsUA direction-ltr align-justify para-style-body\"><span class=\"OYPEnA font-feature-liga-off font-feature-clig-off font-feature-calt-off text-decoration-none text-strikethrough-none\">Maitsenoodid:<\/span><\/h3><p data-start=\"2114\" data-end=\"2367\">Aroom:<br data-start=\"2124\" data-end=\"2127\" \/>K\u00fcpsed punased marjad (maasikas, metsmaasikas), punane apelsinikoor, suitsutatud ploom, brioche\u2019i ja metsap\u00e4hkli n\u00fcanss. Kergelt suitsune mineraalne noot. \u00d5hus areneb \u0161ampanja kihilisemaks \u2013 esile tuleb kuivatatud \u00fcrte ja kriidine tolmusus.<\/p><p data-start=\"2369\" data-end=\"2632\">Maitse:<br data-start=\"2380\" data-end=\"2383\" \/>S\u00fcgav ja energiline. Tekstuurilt tihe, alguses suulael \u00fcmar, ent siis kiiresti pinguldub, tuues esile t\u00e4pse happe. K\u00fcpsed punased viljad, \u00fcrdine serv, roosa greip ja mineraalne kivisus. Surve on horisontaalne \u2013 vein laieneb suus, mitte ei teravdu.<\/p><p data-start=\"2634\" data-end=\"2766\">J\u00e4relmaitse:<br data-start=\"2650\" data-end=\"2653\" \/>Pikk, kuiv ja pisut suitsune-soolakas. Elegantne l\u00f5pp, milles m\u00e4ngivad sidruni\u00f5li, punane \u00f5un ja r\u00f6stitud p\u00e4hkel.<\/p><p data-start=\"2066\" data-end=\"2256\"><span style=\"color: #1b1919; font-size: 22px;\">Toidusoovitus:<\/span><\/p><p data-start=\"2793\" data-end=\"3046\">Austral 2022 sobib:<br data-start=\"2812\" data-end=\"2815\" \/>\u2013 grillitud langustiini v\u00f5i v\u00e4hilastega<br data-start=\"2854\" data-end=\"2857\" \/>\u2013 suitsutatud pardi v\u00f5i seenelisandiga linnulihaga<br data-start=\"2907\" data-end=\"2910\" \/>\u2013 ahjus r\u00f6stitud roogadega, kus esineb apelsinikoor, \u00fcrdid v\u00f5i tumedad seened<br data-start=\"2987\" data-end=\"2990\" \/>\u2013 laagerdunud juustudega: Comt\u00e9, Ossau-Iraty, Pecorino<\/p><p data-start=\"3048\" data-end=\"3149\">Ideaalne \u0161ampanja <strong data-start=\"3066\" data-end=\"3101\">gastronoomilisteks paaritusteks<\/strong>, kus tekstuur ja hape v\u00f5ivad roale raamid anda.<\/p>\n\t\t\t\t\t<\/div>\n\t\t\t\t\t\t<\/div>\n\t\t\t\t<\/div>\n\t\t\t\t<div class=\"elementor-element elementor-element-79dff25 elementor-widget elementor-widget-wd_text_block\" data-id=\"79dff25\" data-element_type=\"widget\" data-e-type=\"widget\" data-widget_type=\"wd_text_block.default\">\n\t\t\t\t<div class=\"elementor-widget-container\">\n\t\t\t\t\t\t\t<div class=\"wd-text-block reset-last-child text-left\">\n\t\t\t\n\t\t\t<h3 class=\"cvGsUA direction-ltr align-justify para-style-body\"><span class=\"OYPEnA font-feature-liga-off font-feature-clig-off font-feature-calt-off text-decoration-none text-strikethrough-none\">S\u00e4ilitamispotentsiaal:<\/span><\/h3><p data-start=\"30\" data-end=\"380\"><strong data-start=\"3182\" data-end=\"3213\">Parim joomisaeg: 2025\u20132030+<\/strong><br data-start=\"3213\" data-end=\"3216\" \/>Austral 2022 on nauditav kohe, kuid areneb 5\u20137+ aasta jooksul komplekssemaks: oodata v\u00f5ib brioche\u2019i, metsp\u00e4hkli ja kuivatatud punaste marjade kihte.<\/p><h3 class=\"cvGsUA direction-ltr align-justify para-style-body\"><span class=\"OYPEnA font-feature-liga-off font-feature-clig-off font-feature-calt-off text-decoration-none text-strikethrough-none\">Hinnangud &amp; tunnustused:<\/span><\/h3><p>\u2013 <strong data-start=\"3409\" data-end=\"3433\">lebendigeWeine (DE):<\/strong> \u201cElegantne, t\u00e4pne ja puristlik\u2026 struktuur, mitte pehmus. Clandestini k\u00f5ige s\u00fcgavam Blanc de Noirs.\u201d<br data-start=\"3533\" data-end=\"3536\" \/>\u2013 <strong data-start=\"3538\" data-end=\"3561\">Polaner Selections:<\/strong> \u201cA wine that resists decoration \u2013 taut, savory, honest.\u201d<br data-start=\"3618\" data-end=\"3621\" \/>\u2013 <strong data-start=\"3623\" data-end=\"3657\">Tarbija- ja sommeljeesoovitus:<\/strong> sobib aereerimiseks v\u00f5i avara klaasiga serveerimiseks \u2013 avaneb ajas.<\/p>\n\t\t\t\t\t<\/div>\n\t\t\t\t\t\t<\/div>\n\t\t\t\t<\/div>\n\t\t\t\t\t<\/div>\n\t\t\t\t<\/div>\n\t\t\t\t<\/div>","protected":false},"excerpt":{"rendered":"<p>L\u00f5unapoolsetelt m\u00e4ek\u00fclgedelt korjatud Pinot Noir, mille soe, k\u00fcps karakter on tasakaalustatud s\u00e4rava happe ja mineraalse pingega \u2013 struktuurne, j\u00f5uline ja naturaalne Blanc de Noirs.<\/p>","protected":false},"featured_media":28412,"template":"","meta":[],"product_brand":[180],"product_cat":[29,93],"product_tag":[],"class_list":{"0":"post-28410","1":"product","2":"type-product","3":"status-publish","4":"has-post-thumbnail","6":"product_brand-clandestin","7":"product_cat-koik-tooted","8":"product_cat-sampanja","9":"pa_piirkond-champagne","10":"pa_viinamarjasort-pinot-noir","12":"first","13":"instock","14":"featured","15":"taxable","16":"shipping-taxable","17":"purchasable","18":"product-type-simple"},"yoast_head":"<!-- This site is optimized with the Yoast SEO plugin v27.4 - https:\/\/yoast.com\/product\/yoast-seo-wordpress\/ -->\n<title>Clandestin Austral 2022 \u2013 Brut Nature - diWine &ndash; Premium kvaliteetveinid &uuml;le maailma | Eesti veinipood<\/title>\n<meta name=\"robots\" content=\"index, follow, max-snippet:-1, max-image-preview:large, max-video-preview:-1\" \/>\n<link rel=\"canonical\" href=\"https:\/\/diwine.ee\/en\/product\/clandestin-austral-2022-brut-nature\/\" \/>\n<meta property=\"og:locale\" content=\"en_GB\" \/>\n<meta property=\"og:type\" content=\"article\" \/>\n<meta property=\"og:title\" content=\"Clandestin Austral 2022 \u2013 Brut Nature - diWine &ndash; Premium kvaliteetveinid &uuml;le maailma | Eesti veinipood\" \/>\n<meta property=\"og:description\" content=\"L\u00f5unapoolsetelt m\u00e4ek\u00fclgedelt korjatud Pinot Noir, mille soe, k\u00fcps karakter on tasakaalustatud s\u00e4rava happe ja mineraalse pingega \u2013 struktuurne, j\u00f5uline ja naturaalne Blanc de Noirs.\" \/>\n<meta property=\"og:url\" content=\"https:\/\/diwine.ee\/en\/product\/clandestin-austral-2022-brut-nature\/\" \/>\n<meta property=\"og:site_name\" content=\"diWine &ndash; Premium kvaliteetveinid &uuml;le maailma | Eesti veinipood\" \/>\n<meta property=\"article:publisher\" content=\"https:\/\/www.facebook.com\/profile.php?id=61573862347231\" \/>\n<meta property=\"article:modified_time\" content=\"2026-03-28T16:59:15+00:00\" \/>\n<meta property=\"og:image\" content=\"https:\/\/diwine.ee\/wp-content\/uploads\/2025\/12\/austral_800x800.png\" \/>\n\t<meta property=\"og:image:width\" content=\"800\" \/>\n\t<meta property=\"og:image:height\" content=\"800\" \/>\n\t<meta property=\"og:image:type\" content=\"image\/png\" \/>\n<meta name=\"twitter:card\" content=\"summary_large_image\" \/>\n<meta name=\"twitter:label1\" content=\"Estimated reading time\" \/>\n\t<meta name=\"twitter:data1\" content=\"2 minutes\" \/>\n<script type=\"application\/ld+json\" class=\"yoast-schema-graph\">{\"@context\":\"https:\\\/\\\/schema.org\",\"@graph\":[{\"@type\":\"WebPage\",\"@id\":\"https:\\\/\\\/diwine.ee\\\/product\\\/clandestin-austral-2022-brut-nature\\\/\",\"url\":\"https:\\\/\\\/diwine.ee\\\/product\\\/clandestin-austral-2022-brut-nature\\\/\",\"name\":\"Clandestin Austral 2022 \u2013 Brut Nature - diWine &ndash; Premium kvaliteetveinid &uuml;le maailma | Eesti veinipood\",\"isPartOf\":{\"@id\":\"https:\\\/\\\/diwine.ee\\\/#website\"},\"primaryImageOfPage\":{\"@id\":\"https:\\\/\\\/diwine.ee\\\/product\\\/clandestin-austral-2022-brut-nature\\\/#primaryimage\"},\"image\":{\"@id\":\"https:\\\/\\\/diwine.ee\\\/product\\\/clandestin-austral-2022-brut-nature\\\/#primaryimage\"},\"thumbnailUrl\":\"https:\\\/\\\/diwine.ee\\\/wp-content\\\/uploads\\\/2025\\\/12\\\/austral_800x800.png\",\"datePublished\":\"2025-12-23T10:52:03+00:00\",\"dateModified\":\"2026-03-28T16:59:15+00:00\",\"breadcrumb\":{\"@id\":\"https:\\\/\\\/diwine.ee\\\/product\\\/clandestin-austral-2022-brut-nature\\\/#breadcrumb\"},\"inLanguage\":\"en-GB\",\"potentialAction\":[{\"@type\":\"ReadAction\",\"target\":[\"https:\\\/\\\/diwine.ee\\\/product\\\/clandestin-austral-2022-brut-nature\\\/\"]}]},{\"@type\":\"ImageObject\",\"inLanguage\":\"en-GB\",\"@id\":\"https:\\\/\\\/diwine.ee\\\/product\\\/clandestin-austral-2022-brut-nature\\\/#primaryimage\",\"url\":\"https:\\\/\\\/diwine.ee\\\/wp-content\\\/uploads\\\/2025\\\/12\\\/austral_800x800.png\",\"contentUrl\":\"https:\\\/\\\/diwine.ee\\\/wp-content\\\/uploads\\\/2025\\\/12\\\/austral_800x800.png\",\"width\":800,\"height\":800},{\"@type\":\"BreadcrumbList\",\"@id\":\"https:\\\/\\\/diwine.ee\\\/product\\\/clandestin-austral-2022-brut-nature\\\/#breadcrumb\",\"itemListElement\":[{\"@type\":\"ListItem\",\"position\":1,\"name\":\"Home\",\"item\":\"https:\\\/\\\/diwine.ee\\\/\"},{\"@type\":\"ListItem\",\"position\":2,\"name\":\"e-pood\",\"item\":\"https:\\\/\\\/diwine.ee\\\/tooted\\\/\"},{\"@type\":\"ListItem\",\"position\":3,\"name\":\"Clandestin Austral 2022 \u2013 Brut Nature\"}]},{\"@type\":\"WebSite\",\"@id\":\"https:\\\/\\\/diwine.ee\\\/#website\",\"url\":\"https:\\\/\\\/diwine.ee\\\/\",\"name\":\"diWine \u2013 Premium kvaliteetveinid \u00fcle maailma | Eesti veinipood\",\"description\":\"Avasta diWine&#039;i hoolikalt valitud kvaliteetveinid maailma tippveinipiirkondadest. Eksklusiivsed punaveinid, valged veinid, vahuveinid ja eriveinid sinu erilisteks hetkedeks.\",\"publisher\":{\"@id\":\"https:\\\/\\\/diwine.ee\\\/#organization\"},\"potentialAction\":[{\"@type\":\"SearchAction\",\"target\":{\"@type\":\"EntryPoint\",\"urlTemplate\":\"https:\\\/\\\/diwine.ee\\\/?s={search_term_string}\"},\"query-input\":{\"@type\":\"PropertyValueSpecification\",\"valueRequired\":true,\"valueName\":\"search_term_string\"}}],\"inLanguage\":\"en-GB\"},{\"@type\":\"Organization\",\"@id\":\"https:\\\/\\\/diwine.ee\\\/#organization\",\"name\":\"diWine veinipood\",\"url\":\"https:\\\/\\\/diwine.ee\\\/\",\"logo\":{\"@type\":\"ImageObject\",\"inLanguage\":\"en-GB\",\"@id\":\"https:\\\/\\\/diwine.ee\\\/#\\\/schema\\\/logo\\\/image\\\/\",\"url\":\"https:\\\/\\\/diwine.ee\\\/wp-content\\\/uploads\\\/2025\\\/04\\\/diWine-1080-x-1080-px.png\",\"contentUrl\":\"https:\\\/\\\/diwine.ee\\\/wp-content\\\/uploads\\\/2025\\\/04\\\/diWine-1080-x-1080-px.png\",\"width\":1080,\"height\":1080,\"caption\":\"diWine veinipood\"},\"image\":{\"@id\":\"https:\\\/\\\/diwine.ee\\\/#\\\/schema\\\/logo\\\/image\\\/\"},\"sameAs\":[\"https:\\\/\\\/www.facebook.com\\\/profile.php?id=61573862347231\",\"https:\\\/\\\/www.instagram.com\\\/diwine.ee\"]}]}<\/script>\n<!-- \/ Yoast SEO plugin. -->","yoast_head_json":{"title":"Clandestin Austral 2022 \u2013 Brut Nature - diWine &ndash; Premium kvaliteetveinid &uuml;le maailma | Eesti veinipood","robots":{"index":"index","follow":"follow","max-snippet":"max-snippet:-1","max-image-preview":"max-image-preview:large","max-video-preview":"max-video-preview:-1"},"canonical":"https:\/\/diwine.ee\/en\/product\/clandestin-austral-2022-brut-nature\/","og_locale":"en_GB","og_type":"article","og_title":"Clandestin Austral 2022 \u2013 Brut Nature - diWine &ndash; Premium kvaliteetveinid &uuml;le maailma | Eesti veinipood","og_description":"L\u00f5unapoolsetelt m\u00e4ek\u00fclgedelt korjatud Pinot Noir, mille soe, k\u00fcps karakter on tasakaalustatud s\u00e4rava happe ja mineraalse pingega \u2013 struktuurne, j\u00f5uline ja naturaalne Blanc de Noirs.","og_url":"https:\/\/diwine.ee\/en\/product\/clandestin-austral-2022-brut-nature\/","og_site_name":"diWine &ndash; Premium kvaliteetveinid &uuml;le maailma | Eesti veinipood","article_publisher":"https:\/\/www.facebook.com\/profile.php?id=61573862347231","article_modified_time":"2026-03-28T16:59:15+00:00","og_image":[{"width":800,"height":800,"url":"https:\/\/diwine.ee\/wp-content\/uploads\/2025\/12\/austral_800x800.png","type":"image\/png"}],"twitter_card":"summary_large_image","twitter_misc":{"Estimated reading time":"2 minutes"},"schema":{"@context":"https:\/\/schema.org","@graph":[{"@type":"WebPage","@id":"https:\/\/diwine.ee\/product\/clandestin-austral-2022-brut-nature\/","url":"https:\/\/diwine.ee\/product\/clandestin-austral-2022-brut-nature\/","name":"Clandestin Austral 2022 \u2013 Brut Nature - diWine &ndash; Premium kvaliteetveinid &uuml;le maailma | Eesti veinipood","isPartOf":{"@id":"https:\/\/diwine.ee\/#website"},"primaryImageOfPage":{"@id":"https:\/\/diwine.ee\/product\/clandestin-austral-2022-brut-nature\/#primaryimage"},"image":{"@id":"https:\/\/diwine.ee\/product\/clandestin-austral-2022-brut-nature\/#primaryimage"},"thumbnailUrl":"https:\/\/diwine.ee\/wp-content\/uploads\/2025\/12\/austral_800x800.png","datePublished":"2025-12-23T10:52:03+00:00","dateModified":"2026-03-28T16:59:15+00:00","breadcrumb":{"@id":"https:\/\/diwine.ee\/product\/clandestin-austral-2022-brut-nature\/#breadcrumb"},"inLanguage":"en-GB","potentialAction":[{"@type":"ReadAction","target":["https:\/\/diwine.ee\/product\/clandestin-austral-2022-brut-nature\/"]}]},{"@type":"ImageObject","inLanguage":"en-GB","@id":"https:\/\/diwine.ee\/product\/clandestin-austral-2022-brut-nature\/#primaryimage","url":"https:\/\/diwine.ee\/wp-content\/uploads\/2025\/12\/austral_800x800.png","contentUrl":"https:\/\/diwine.ee\/wp-content\/uploads\/2025\/12\/austral_800x800.png","width":800,"height":800},{"@type":"BreadcrumbList","@id":"https:\/\/diwine.ee\/product\/clandestin-austral-2022-brut-nature\/#breadcrumb","itemListElement":[{"@type":"ListItem","position":1,"name":"Home","item":"https:\/\/diwine.ee\/"},{"@type":"ListItem","position":2,"name":"e-pood","item":"https:\/\/diwine.ee\/tooted\/"},{"@type":"ListItem","position":3,"name":"Clandestin Austral 2022 \u2013 Brut Nature"}]},{"@type":"WebSite","@id":"https:\/\/diwine.ee\/#website","url":"https:\/\/diwine.ee\/","name":"diWine \u2013 Premium kvaliteetveinid \u00fcle maailma | Eesti veinipood","description":"Avasta diWine&#039;i hoolikalt valitud kvaliteetveinid maailma tippveinipiirkondadest. Eksklusiivsed punaveinid, valged veinid, vahuveinid ja eriveinid sinu erilisteks hetkedeks.","publisher":{"@id":"https:\/\/diwine.ee\/#organization"},"potentialAction":[{"@type":"SearchAction","target":{"@type":"EntryPoint","urlTemplate":"https:\/\/diwine.ee\/?s={search_term_string}"},"query-input":{"@type":"PropertyValueSpecification","valueRequired":true,"valueName":"search_term_string"}}],"inLanguage":"en-GB"},{"@type":"Organization","@id":"https:\/\/diwine.ee\/#organization","name":"diWine veinipood","url":"https:\/\/diwine.ee\/","logo":{"@type":"ImageObject","inLanguage":"en-GB","@id":"https:\/\/diwine.ee\/#\/schema\/logo\/image\/","url":"https:\/\/diwine.ee\/wp-content\/uploads\/2025\/04\/diWine-1080-x-1080-px.png","contentUrl":"https:\/\/diwine.ee\/wp-content\/uploads\/2025\/04\/diWine-1080-x-1080-px.png","width":1080,"height":1080,"caption":"diWine veinipood"},"image":{"@id":"https:\/\/diwine.ee\/#\/schema\/logo\/image\/"},"sameAs":["https:\/\/www.facebook.com\/profile.php?id=61573862347231","https:\/\/www.instagram.com\/diwine.ee"]}]}},"jetpack_sharing_enabled":true,"_links":{"self":[{"href":"https:\/\/diwine.ee\/en\/wp-json\/wp\/v2\/product\/28410","targetHints":{"allow":["GET"]}}],"collection":[{"href":"https:\/\/diwine.ee\/en\/wp-json\/wp\/v2\/product"}],"about":[{"href":"https:\/\/diwine.ee\/en\/wp-json\/wp\/v2\/types\/product"}],"version-history":[{"count":1,"href":"https:\/\/diwine.ee\/en\/wp-json\/wp\/v2\/product\/28410\/revisions"}],"predecessor-version":[{"id":29615,"href":"https:\/\/diwine.ee\/en\/wp-json\/wp\/v2\/product\/28410\/revisions\/29615"}],"wp:featuredmedia":[{"embeddable":true,"href":"https:\/\/diwine.ee\/en\/wp-json\/wp\/v2\/media\/28412"}],"wp:attachment":[{"href":"https:\/\/diwine.ee\/en\/wp-json\/wp\/v2\/media?parent=28410"}],"wp:term":[{"taxonomy":"product_brand","embeddable":true,"href":"https:\/\/diwine.ee\/en\/wp-json\/wp\/v2\/product_brand?post=28410"},{"taxonomy":"product_cat","embeddable":true,"href":"https:\/\/diwine.ee\/en\/wp-json\/wp\/v2\/product_cat?post=28410"},{"taxonomy":"product_tag","embeddable":true,"href":"https:\/\/diwine.ee\/en\/wp-json\/wp\/v2\/product_tag?post=28410"}],"curies":[{"name":"wp","href":"https:\/\/api.w.org\/{rel}","templated":true}]}}