{"id":29540,"date":"2026-03-11T19:41:59","date_gmt":"2026-03-11T17:41:59","guid":{"rendered":"https:\/\/diwine.ee\/?post_type=product&#038;p=29540"},"modified":"2026-03-16T13:45:15","modified_gmt":"2026-03-16T11:45:15","slug":"girard-bonnet-au-bout-du-chemin","status":"publish","type":"product","link":"https:\/\/diwine.ee\/en\/product\/girard-bonnet-au-bout-du-chemin\/","title":{"rendered":"Girard-Bonnet Au Bout du Chemin Premier Cru"},"content":{"rendered":"<div data-elementor-type=\"wp-post\" data-elementor-id=\"29540\" class=\"elementor elementor-29540\">\n\t\t\t\t<div class=\"wd-negative-gap elementor-element elementor-element-b496628 e-grid e-con-boxed e-con e-parent\" data-id=\"b496628\" data-element_type=\"container\" data-e-type=\"container\">\n\t\t\t\t\t<div class=\"e-con-inner\">\n\t\t\t\t<div class=\"elementor-element elementor-element-aa23989 elementor-widget elementor-widget-wd_text_block\" data-id=\"aa23989\" data-element_type=\"widget\" data-e-type=\"widget\" data-widget_type=\"wd_text_block.default\">\n\t\t\t\t<div class=\"elementor-widget-container\">\n\t\t\t\t\t\t\t<div class=\"wd-text-block reset-last-child text-left\">\n\t\t\t\n\t\t\t<h3 class=\"cvGsUA direction-ltr align-justify para-style-body\"><span class=\"OYPEnA font-feature-liga-off font-feature-clig-off font-feature-calt-off text-decoration-none text-strikethrough-none\">Veini lugu:<\/span><\/h3><p data-start=\"499\" data-end=\"803\"><strong data-start=\"499\" data-end=\"520\">Au Bout du Chemin<\/strong> t\u00e4hendab prantsuse keeles <em data-start=\"547\" data-end=\"560\">\u201ctee l\u00f5pus\u201d<\/em> ning viitab Vertus\u2019 Premier Cru kruntidele, kust selle cuv\u00e9e viinamarjad p\u00e4rinevad. Vertus asub C\u00f4te des Blancs\u2019i l\u00f5unaosas ja on tuntud Chardonnay poolest, mis \u00fchendab piirkonnale omase kriidise mineraalsuse veidi k\u00fcpsema puuviljaprofiiliga.<\/p><p data-start=\"805\" data-end=\"1069\">Girard-Bonnet kasutab seda cuv\u00e9e\u2019d oma <strong data-start=\"844\" data-end=\"875\">maja stiili sissejuhatusena<\/strong>. Kui nende Grand Cru veinid keskenduvad \u00fche k\u00fcla v\u00f5i isegi \u00fcksiku istanduse v\u00e4ljendusele, siis Au Bout du Chemin n\u00e4itab <strong data-start=\"996\" data-end=\"1038\">Vertus terroir\u2019i v\u00e4rskust ja tasakaalu<\/strong> kergelt nauditavas vormis.<\/p><p data-start=\"1071\" data-end=\"1333\">Vertus\u2019 pinnas koosneb kriidist ja lubjakivist, kuid v\u00f5rreldes Le Mesnil v\u00f5i Avize\u2019iga on mullakiht sageli veidi s\u00fcgavam. See annab veinile <strong data-start=\"1211\" data-end=\"1269\">pisut k\u00fcpsema puuviljaprofiili ja \u00fcmardatuma tekstuuri<\/strong>, s\u00e4ilitades samas C\u00f4te des Blancs\u2019ile iseloomuliku t\u00e4pse happe.<\/p><p data-start=\"536\" data-end=\"1111\"><span style=\"color: #1b1919; font-size: 22px;\">Veini valmistamine:<\/span><\/p><p data-start=\"1679\" data-end=\"1857\">Viinamarjad p\u00e4rinevad <strong data-start=\"1701\" data-end=\"1736\">Vertus Premier Cru istandustest<\/strong>, kus kasvatatakse peamiselt Chardonnay\u2019d. Korje tehakse k\u00e4sitsi, et s\u00e4ilitada marjade terviklikkus ja optimaalne k\u00fcpsus.<\/p><p data-start=\"1859\" data-end=\"2116\">Pressimine toimub \u00f5rnalt ning k\u00e4\u00e4rimine toimub osaliselt <strong data-start=\"1916\" data-end=\"1980\">roostevabas terases ja osaliselt neutraalsetes tammevaatides<\/strong>. See v\u00f5imaldab s\u00e4ilitada puuvilja puhtuse, lisades samas veidi tekstuuri. Malolaktilise fermentatsiooni kasutamine s\u00f5ltub aastak\u00e4igust.<\/p><p data-start=\"2118\" data-end=\"2255\">P\u00e4rast esmast k\u00e4\u00e4rimist k\u00fcpseb vein <strong data-start=\"2154\" data-end=\"2176\">pikalt p\u00e4rmisettel<\/strong>, mis annab \u0161ampanjale t\u00e4iendava struktuuri ja kompleksuse enne \u00fcmberkorkimist.<\/p><p data-start=\"1646\" data-end=\"1667\"><strong data-start=\"1646\" data-end=\"1667\">Tehnilised andmed<\/strong><\/p><p data-start=\"540\" data-end=\"566\"><strong data-start=\"540\" data-end=\"553\">Viinamari: <\/strong>Chardonnay<br \/><strong data-start=\"568\" data-end=\"580\">P\u00e4ritolu: <\/strong>Vertus Premier Cru \u2013 Voipreux<br \/><strong data-start=\"614\" data-end=\"625\">Koostis: <\/strong>2023 baasvein + reservveinid<br \/><strong data-start=\"658\" data-end=\"676\">Vinifikatsioon: <\/strong>Roostevaba teras + tammevaadid<br \/><strong data-start=\"711\" data-end=\"724\">Dosaaz: <\/strong>2 g\/l (Extra Brut)<br \/><strong data-start=\"747\" data-end=\"758\">Alkohol: <\/strong>12.5%<br \/><strong data-start=\"768\" data-end=\"786\">\u00dcmberkorkimine: <\/strong>8. detsember 2025<\/p>\n\t\t\t\t\t<\/div>\n\t\t\t\t\t\t<\/div>\n\t\t\t\t<\/div>\n\t\t\t\t<div class=\"elementor-element elementor-element-f22db15 elementor-widget elementor-widget-wd_text_block\" data-id=\"f22db15\" data-element_type=\"widget\" data-e-type=\"widget\" data-widget_type=\"wd_text_block.default\">\n\t\t\t\t<div class=\"elementor-widget-container\">\n\t\t\t\t\t\t\t<div class=\"wd-text-block reset-last-child text-left\">\n\t\t\t\n\t\t\t<h3 class=\"cvGsUA direction-ltr align-justify para-style-body\"><span class=\"OYPEnA font-feature-liga-off font-feature-clig-off font-feature-calt-off text-decoration-none text-strikethrough-none\">Maitsenoodid:<\/span><\/h3><p data-start=\"1436\" data-end=\"1730\">Aroomis avaneb <strong data-start=\"1451\" data-end=\"1491\">sidrunikoore, laimi ja rohelise \u00f5una<\/strong> v\u00e4rske kombinatsioon, millele lisanduvad <strong data-start=\"1533\" data-end=\"1582\">valged \u00f5ied, kerge mandel ja brioche\u2019i n\u00fcanss<\/strong> p\u00e4rmisettel k\u00fcpsemisest. Veini arenedes v\u00f5ivad esile tulla ka <strong data-start=\"1645\" data-end=\"1729\">kriidine mineraalsus, kerge mereline soolakus ja \u00f5rn r\u00f6stitud sarapuup\u00e4hkli toon<\/strong>.<\/p><p data-start=\"1732\" data-end=\"2021\">Suus on vein <strong data-start=\"1745\" data-end=\"1781\">sirge ja energilise struktuuriga<\/strong>. Tsitruseline hape annab veinile v\u00e4rskuse ja pinge, samas kui p\u00e4rmisettel k\u00fcpsemine lisab <strong data-start=\"1872\" data-end=\"1919\">peene tekstuuri ja kergelt kreemise keskosa<\/strong>. J\u00e4relmaitse on kuiv, mineraalne ja pikk, kus tsitruseline v\u00e4rskus ja kriidine soolakus p\u00fcsivad kaua.<\/p><p data-start=\"2066\" data-end=\"2256\"><span style=\"color: #1b1919; font-size: 22px;\">Toidusoovitus:<\/span><\/p><p data-start=\"2966\" data-end=\"3252\">Au Bout du Chemin sobib h\u00e4sti roogadega, kus on oluline <strong data-start=\"3022\" data-end=\"3061\">v\u00e4rskus, soolasus ja kerge tekstuur<\/strong>. Klassikalised paarilised on <strong data-start=\"3091\" data-end=\"3145\">austrid, krevetid, kammkarbid ja v\u00e4rske valge kala<\/strong>, mille loomulik magusus ja mereline karakter r\u00f5hutavad veini tsitruselist happestruktuuri ja mineraalsust.<\/p><p data-start=\"3254\" data-end=\"3531\">Samuti t\u00f6\u00f6tab see h\u00e4sti <strong data-start=\"3278\" data-end=\"3304\">kergemate eelroogadega<\/strong>, n\u00e4iteks sidruniga maitsestatud ceviche, tartar v\u00f5i lihtsad mereannisalatid. Veini sirge hape ja puhas stiil tasakaalustavad ka <strong data-start=\"3433\" data-end=\"3466\">kergelt kreemisemaid roogasid<\/strong>, n\u00e4iteks v\u00f5iga k\u00fcpsetatud kala v\u00f5i kerge koorekastmega mereande.<\/p><p data-start=\"3533\" data-end=\"3736\">T\u00e4nu oma v\u00e4rskele ja t\u00e4psele struktuurile sobib see \u0161ampanja h\u00e4sti ka <strong data-start=\"3603\" data-end=\"3619\">aperitiiviks<\/strong>, eriti olukordades, kus soovitakse veini, mis \u00e4ratab s\u00f6\u00f6giisu ja valmistab maitsemeeled ette j\u00e4rgnevateks roogadeks.<\/p>\n\t\t\t\t\t<\/div>\n\t\t\t\t\t\t<\/div>\n\t\t\t\t<\/div>\n\t\t\t\t<div class=\"elementor-element elementor-element-79dff25 elementor-widget elementor-widget-wd_text_block\" data-id=\"79dff25\" data-element_type=\"widget\" data-e-type=\"widget\" data-widget_type=\"wd_text_block.default\">\n\t\t\t\t<div class=\"elementor-widget-container\">\n\t\t\t\t\t\t\t<div class=\"wd-text-block reset-last-child text-left\">\n\t\t\t\n\t\t\t<h3 class=\"cvGsUA direction-ltr align-justify para-style-body\"><span class=\"OYPEnA font-feature-liga-off font-feature-clig-off font-feature-calt-off text-decoration-none text-strikethrough-none\">S\u00e4ilitamispotentsiaal:<\/span><\/h3><p data-start=\"30\" data-end=\"380\">Kuigi vein on oma v\u00e4rskuse ja puhta puuviljaprofiili t\u00f5ttu nauditav juba noorena, areneb see pudelis h\u00e4sti <strong data-start=\"2756\" data-end=\"2770\">5\u20138 aastat<\/strong>. K\u00fcpsemisel muutuvad aroomid veidi s\u00fcgavamaks ning esile tulevad <strong data-start=\"2836\" data-end=\"2885\">k\u00fcps \u00f5un, r\u00f6stitud p\u00e4hkel ja brioche\u2019i toonid<\/strong>, samas kui mineraalne struktuur j\u00e4\u00e4b selgelt tajutavaks.<\/p><h3 class=\"cvGsUA direction-ltr align-justify para-style-body\"><span class=\"OYPEnA font-feature-liga-off font-feature-clig-off font-feature-calt-off text-decoration-none text-strikethrough-none\">Hinnangud &amp; tunnustused:<\/span><\/h3><p>93 punkti \u2013 Vinous<br data-start=\"1390\" data-end=\"1393\" \/>90 punkti \u2013 Wine Advocate<br data-start=\"1418\" data-end=\"1421\" \/>90 punkti \u2013 Jeb Dunnuck<br data-start=\"1444\" data-end=\"1447\" \/>16.5 \/ 20 \u2013 Jancis Robinson<\/p>\n\t\t\t\t\t<\/div>\n\t\t\t\t\t\t<\/div>\n\t\t\t\t<\/div>\n\t\t\t\t\t<\/div>\n\t\t\t\t<\/div>\n\t\t\t\t<\/div>","protected":false},"excerpt":{"rendered":"<p>Vertus Premier Cru Chardonnay, mille stiili m\u00e4\u00e4ravad v\u00e4rske tsitrus, roheline \u00f5un ja C\u00f4te des Blancs\u2019i kriidine mineraalsus, mida hoiab koos t\u00e4pne ja energiline happestruktuur.<\/p>","protected":false},"featured_media":29541,"template":"","meta":[],"product_brand":[182],"product_cat":[29,93],"product_tag":[],"class_list":{"0":"post-29540","1":"product","2":"type-product","3":"status-publish","4":"has-post-thumbnail","6":"product_brand-girard-bonnet","7":"product_cat-koik-tooted","8":"product_cat-sampanja","9":"pa_piirkond-champagne","10":"pa_viinamarjasort-chardonnay","12":"first","13":"instock","14":"featured","15":"taxable","16":"shipping-taxable","17":"purchasable","18":"product-type-simple"},"yoast_head":"<!-- This site is optimized with the Yoast SEO plugin v27.4 - https:\/\/yoast.com\/product\/yoast-seo-wordpress\/ -->\n<title>Girard-Bonnet Au Bout du Chemin Premier Cru - diWine &ndash; Premium kvaliteetveinid &uuml;le maailma | Eesti veinipood<\/title>\n<meta name=\"robots\" content=\"index, follow, max-snippet:-1, max-image-preview:large, max-video-preview:-1\" \/>\n<link rel=\"canonical\" href=\"https:\/\/diwine.ee\/en\/product\/girard-bonnet-au-bout-du-chemin\/\" \/>\n<meta property=\"og:locale\" content=\"en_GB\" \/>\n<meta property=\"og:type\" content=\"article\" \/>\n<meta property=\"og:title\" content=\"Girard-Bonnet Au Bout du Chemin Premier Cru - diWine &ndash; Premium kvaliteetveinid &uuml;le maailma | Eesti veinipood\" \/>\n<meta property=\"og:description\" content=\"Vertus Premier Cru Chardonnay, mille stiili m\u00e4\u00e4ravad v\u00e4rske tsitrus, roheline \u00f5un ja C\u00f4te des Blancs\u2019i kriidine mineraalsus, mida hoiab koos t\u00e4pne ja energiline happestruktuur.\" \/>\n<meta property=\"og:url\" content=\"https:\/\/diwine.ee\/en\/product\/girard-bonnet-au-bout-du-chemin\/\" \/>\n<meta property=\"og:site_name\" content=\"diWine &ndash; Premium kvaliteetveinid &uuml;le maailma | Eesti veinipood\" \/>\n<meta property=\"article:publisher\" content=\"https:\/\/www.facebook.com\/profile.php?id=61573862347231\" \/>\n<meta property=\"article:modified_time\" content=\"2026-03-16T11:45:15+00:00\" \/>\n<meta property=\"og:image\" content=\"https:\/\/diwine.ee\/wp-content\/uploads\/2026\/03\/Au-Bout-du-Chemin_800x800.png\" \/>\n\t<meta property=\"og:image:width\" content=\"800\" \/>\n\t<meta property=\"og:image:height\" content=\"800\" \/>\n\t<meta property=\"og:image:type\" content=\"image\/png\" \/>\n<meta name=\"twitter:card\" content=\"summary_large_image\" \/>\n<meta name=\"twitter:label1\" content=\"Estimated reading time\" \/>\n\t<meta name=\"twitter:data1\" content=\"3 minutes\" \/>\n<script type=\"application\/ld+json\" class=\"yoast-schema-graph\">{\"@context\":\"https:\\\/\\\/schema.org\",\"@graph\":[{\"@type\":\"WebPage\",\"@id\":\"https:\\\/\\\/diwine.ee\\\/product\\\/girard-bonnet-au-bout-du-chemin\\\/\",\"url\":\"https:\\\/\\\/diwine.ee\\\/product\\\/girard-bonnet-au-bout-du-chemin\\\/\",\"name\":\"Girard-Bonnet Au Bout du Chemin Premier Cru - diWine &ndash; Premium kvaliteetveinid &uuml;le maailma | Eesti veinipood\",\"isPartOf\":{\"@id\":\"https:\\\/\\\/diwine.ee\\\/#website\"},\"primaryImageOfPage\":{\"@id\":\"https:\\\/\\\/diwine.ee\\\/product\\\/girard-bonnet-au-bout-du-chemin\\\/#primaryimage\"},\"image\":{\"@id\":\"https:\\\/\\\/diwine.ee\\\/product\\\/girard-bonnet-au-bout-du-chemin\\\/#primaryimage\"},\"thumbnailUrl\":\"https:\\\/\\\/diwine.ee\\\/wp-content\\\/uploads\\\/2026\\\/03\\\/Au-Bout-du-Chemin_800x800.png\",\"datePublished\":\"2026-03-11T17:41:59+00:00\",\"dateModified\":\"2026-03-16T11:45:15+00:00\",\"breadcrumb\":{\"@id\":\"https:\\\/\\\/diwine.ee\\\/product\\\/girard-bonnet-au-bout-du-chemin\\\/#breadcrumb\"},\"inLanguage\":\"en-GB\",\"potentialAction\":[{\"@type\":\"ReadAction\",\"target\":[\"https:\\\/\\\/diwine.ee\\\/product\\\/girard-bonnet-au-bout-du-chemin\\\/\"]}]},{\"@type\":\"ImageObject\",\"inLanguage\":\"en-GB\",\"@id\":\"https:\\\/\\\/diwine.ee\\\/product\\\/girard-bonnet-au-bout-du-chemin\\\/#primaryimage\",\"url\":\"https:\\\/\\\/diwine.ee\\\/wp-content\\\/uploads\\\/2026\\\/03\\\/Au-Bout-du-Chemin_800x800.png\",\"contentUrl\":\"https:\\\/\\\/diwine.ee\\\/wp-content\\\/uploads\\\/2026\\\/03\\\/Au-Bout-du-Chemin_800x800.png\",\"width\":800,\"height\":800},{\"@type\":\"BreadcrumbList\",\"@id\":\"https:\\\/\\\/diwine.ee\\\/product\\\/girard-bonnet-au-bout-du-chemin\\\/#breadcrumb\",\"itemListElement\":[{\"@type\":\"ListItem\",\"position\":1,\"name\":\"Home\",\"item\":\"https:\\\/\\\/diwine.ee\\\/\"},{\"@type\":\"ListItem\",\"position\":2,\"name\":\"e-pood\",\"item\":\"https:\\\/\\\/diwine.ee\\\/tooted\\\/\"},{\"@type\":\"ListItem\",\"position\":3,\"name\":\"Girard-Bonnet Au Bout du Chemin Premier Cru\"}]},{\"@type\":\"WebSite\",\"@id\":\"https:\\\/\\\/diwine.ee\\\/#website\",\"url\":\"https:\\\/\\\/diwine.ee\\\/\",\"name\":\"diWine \u2013 Premium kvaliteetveinid \u00fcle maailma | Eesti veinipood\",\"description\":\"Avasta diWine&#039;i hoolikalt valitud kvaliteetveinid maailma tippveinipiirkondadest. Eksklusiivsed punaveinid, valged veinid, vahuveinid ja eriveinid sinu erilisteks hetkedeks.\",\"publisher\":{\"@id\":\"https:\\\/\\\/diwine.ee\\\/#organization\"},\"potentialAction\":[{\"@type\":\"SearchAction\",\"target\":{\"@type\":\"EntryPoint\",\"urlTemplate\":\"https:\\\/\\\/diwine.ee\\\/?s={search_term_string}\"},\"query-input\":{\"@type\":\"PropertyValueSpecification\",\"valueRequired\":true,\"valueName\":\"search_term_string\"}}],\"inLanguage\":\"en-GB\"},{\"@type\":\"Organization\",\"@id\":\"https:\\\/\\\/diwine.ee\\\/#organization\",\"name\":\"diWine veinipood\",\"url\":\"https:\\\/\\\/diwine.ee\\\/\",\"logo\":{\"@type\":\"ImageObject\",\"inLanguage\":\"en-GB\",\"@id\":\"https:\\\/\\\/diwine.ee\\\/#\\\/schema\\\/logo\\\/image\\\/\",\"url\":\"https:\\\/\\\/diwine.ee\\\/wp-content\\\/uploads\\\/2025\\\/04\\\/diWine-1080-x-1080-px.png\",\"contentUrl\":\"https:\\\/\\\/diwine.ee\\\/wp-content\\\/uploads\\\/2025\\\/04\\\/diWine-1080-x-1080-px.png\",\"width\":1080,\"height\":1080,\"caption\":\"diWine veinipood\"},\"image\":{\"@id\":\"https:\\\/\\\/diwine.ee\\\/#\\\/schema\\\/logo\\\/image\\\/\"},\"sameAs\":[\"https:\\\/\\\/www.facebook.com\\\/profile.php?id=61573862347231\",\"https:\\\/\\\/www.instagram.com\\\/diwine.ee\"]}]}<\/script>\n<!-- \/ Yoast SEO plugin. -->","yoast_head_json":{"title":"Girard-Bonnet Au Bout du Chemin Premier Cru - diWine &ndash; Premium kvaliteetveinid &uuml;le maailma | Eesti veinipood","robots":{"index":"index","follow":"follow","max-snippet":"max-snippet:-1","max-image-preview":"max-image-preview:large","max-video-preview":"max-video-preview:-1"},"canonical":"https:\/\/diwine.ee\/en\/product\/girard-bonnet-au-bout-du-chemin\/","og_locale":"en_GB","og_type":"article","og_title":"Girard-Bonnet Au Bout du Chemin Premier Cru - diWine &ndash; Premium kvaliteetveinid &uuml;le maailma | Eesti veinipood","og_description":"Vertus Premier Cru Chardonnay, mille stiili m\u00e4\u00e4ravad v\u00e4rske tsitrus, roheline \u00f5un ja C\u00f4te des Blancs\u2019i kriidine mineraalsus, mida hoiab koos t\u00e4pne ja energiline happestruktuur.","og_url":"https:\/\/diwine.ee\/en\/product\/girard-bonnet-au-bout-du-chemin\/","og_site_name":"diWine &ndash; Premium kvaliteetveinid &uuml;le maailma | Eesti veinipood","article_publisher":"https:\/\/www.facebook.com\/profile.php?id=61573862347231","article_modified_time":"2026-03-16T11:45:15+00:00","og_image":[{"width":800,"height":800,"url":"https:\/\/diwine.ee\/wp-content\/uploads\/2026\/03\/Au-Bout-du-Chemin_800x800.png","type":"image\/png"}],"twitter_card":"summary_large_image","twitter_misc":{"Estimated reading time":"3 minutes"},"schema":{"@context":"https:\/\/schema.org","@graph":[{"@type":"WebPage","@id":"https:\/\/diwine.ee\/product\/girard-bonnet-au-bout-du-chemin\/","url":"https:\/\/diwine.ee\/product\/girard-bonnet-au-bout-du-chemin\/","name":"Girard-Bonnet Au Bout du Chemin Premier Cru - diWine &ndash; Premium kvaliteetveinid &uuml;le maailma | Eesti veinipood","isPartOf":{"@id":"https:\/\/diwine.ee\/#website"},"primaryImageOfPage":{"@id":"https:\/\/diwine.ee\/product\/girard-bonnet-au-bout-du-chemin\/#primaryimage"},"image":{"@id":"https:\/\/diwine.ee\/product\/girard-bonnet-au-bout-du-chemin\/#primaryimage"},"thumbnailUrl":"https:\/\/diwine.ee\/wp-content\/uploads\/2026\/03\/Au-Bout-du-Chemin_800x800.png","datePublished":"2026-03-11T17:41:59+00:00","dateModified":"2026-03-16T11:45:15+00:00","breadcrumb":{"@id":"https:\/\/diwine.ee\/product\/girard-bonnet-au-bout-du-chemin\/#breadcrumb"},"inLanguage":"en-GB","potentialAction":[{"@type":"ReadAction","target":["https:\/\/diwine.ee\/product\/girard-bonnet-au-bout-du-chemin\/"]}]},{"@type":"ImageObject","inLanguage":"en-GB","@id":"https:\/\/diwine.ee\/product\/girard-bonnet-au-bout-du-chemin\/#primaryimage","url":"https:\/\/diwine.ee\/wp-content\/uploads\/2026\/03\/Au-Bout-du-Chemin_800x800.png","contentUrl":"https:\/\/diwine.ee\/wp-content\/uploads\/2026\/03\/Au-Bout-du-Chemin_800x800.png","width":800,"height":800},{"@type":"BreadcrumbList","@id":"https:\/\/diwine.ee\/product\/girard-bonnet-au-bout-du-chemin\/#breadcrumb","itemListElement":[{"@type":"ListItem","position":1,"name":"Home","item":"https:\/\/diwine.ee\/"},{"@type":"ListItem","position":2,"name":"e-pood","item":"https:\/\/diwine.ee\/tooted\/"},{"@type":"ListItem","position":3,"name":"Girard-Bonnet Au Bout du Chemin Premier Cru"}]},{"@type":"WebSite","@id":"https:\/\/diwine.ee\/#website","url":"https:\/\/diwine.ee\/","name":"diWine \u2013 Premium kvaliteetveinid \u00fcle maailma | Eesti veinipood","description":"Avasta diWine&#039;i hoolikalt valitud kvaliteetveinid maailma tippveinipiirkondadest. Eksklusiivsed punaveinid, valged veinid, vahuveinid ja eriveinid sinu erilisteks hetkedeks.","publisher":{"@id":"https:\/\/diwine.ee\/#organization"},"potentialAction":[{"@type":"SearchAction","target":{"@type":"EntryPoint","urlTemplate":"https:\/\/diwine.ee\/?s={search_term_string}"},"query-input":{"@type":"PropertyValueSpecification","valueRequired":true,"valueName":"search_term_string"}}],"inLanguage":"en-GB"},{"@type":"Organization","@id":"https:\/\/diwine.ee\/#organization","name":"diWine veinipood","url":"https:\/\/diwine.ee\/","logo":{"@type":"ImageObject","inLanguage":"en-GB","@id":"https:\/\/diwine.ee\/#\/schema\/logo\/image\/","url":"https:\/\/diwine.ee\/wp-content\/uploads\/2025\/04\/diWine-1080-x-1080-px.png","contentUrl":"https:\/\/diwine.ee\/wp-content\/uploads\/2025\/04\/diWine-1080-x-1080-px.png","width":1080,"height":1080,"caption":"diWine veinipood"},"image":{"@id":"https:\/\/diwine.ee\/#\/schema\/logo\/image\/"},"sameAs":["https:\/\/www.facebook.com\/profile.php?id=61573862347231","https:\/\/www.instagram.com\/diwine.ee"]}]}},"jetpack_sharing_enabled":true,"_links":{"self":[{"href":"https:\/\/diwine.ee\/en\/wp-json\/wp\/v2\/product\/29540","targetHints":{"allow":["GET"]}}],"collection":[{"href":"https:\/\/diwine.ee\/en\/wp-json\/wp\/v2\/product"}],"about":[{"href":"https:\/\/diwine.ee\/en\/wp-json\/wp\/v2\/types\/product"}],"version-history":[{"count":4,"href":"https:\/\/diwine.ee\/en\/wp-json\/wp\/v2\/product\/29540\/revisions"}],"predecessor-version":[{"id":29546,"href":"https:\/\/diwine.ee\/en\/wp-json\/wp\/v2\/product\/29540\/revisions\/29546"}],"wp:featuredmedia":[{"embeddable":true,"href":"https:\/\/diwine.ee\/en\/wp-json\/wp\/v2\/media\/29541"}],"wp:attachment":[{"href":"https:\/\/diwine.ee\/en\/wp-json\/wp\/v2\/media?parent=29540"}],"wp:term":[{"taxonomy":"product_brand","embeddable":true,"href":"https:\/\/diwine.ee\/en\/wp-json\/wp\/v2\/product_brand?post=29540"},{"taxonomy":"product_cat","embeddable":true,"href":"https:\/\/diwine.ee\/en\/wp-json\/wp\/v2\/product_cat?post=29540"},{"taxonomy":"product_tag","embeddable":true,"href":"https:\/\/diwine.ee\/en\/wp-json\/wp\/v2\/product_tag?post=29540"}],"curies":[{"name":"wp","href":"https:\/\/api.w.org\/{rel}","templated":true}]}}