{"id":29547,"date":"2026-03-11T20:05:22","date_gmt":"2026-03-11T18:05:22","guid":{"rendered":"https:\/\/diwine.ee\/?post_type=product&#038;p=29547"},"modified":"2026-03-29T09:11:14","modified_gmt":"2026-03-29T06:11:14","slug":"girard-bonnet-a-mi-chemin","status":"publish","type":"product","link":"https:\/\/diwine.ee\/en\/product\/girard-bonnet-a-mi-chemin\/","title":{"rendered":"Girard-Bonnet A Mi Chemin \u2013 Grand Cru"},"content":{"rendered":"<div data-elementor-type=\"wp-post\" data-elementor-id=\"29547\" class=\"elementor elementor-29547\">\n\t\t\t\t<div class=\"wd-negative-gap elementor-element elementor-element-b496628 e-grid e-con-boxed e-con e-parent\" data-id=\"b496628\" data-element_type=\"container\" data-e-type=\"container\">\n\t\t\t\t\t<div class=\"e-con-inner\">\n\t\t\t\t<div class=\"elementor-element elementor-element-aa23989 elementor-widget elementor-widget-wd_text_block\" data-id=\"aa23989\" data-element_type=\"widget\" data-e-type=\"widget\" data-widget_type=\"wd_text_block.default\">\n\t\t\t\t<div class=\"elementor-widget-container\">\n\t\t\t\t\t\t\t<div class=\"wd-text-block reset-last-child text-left\">\n\t\t\t\n\t\t\t<h3 class=\"cvGsUA direction-ltr align-justify para-style-body\"><span class=\"OYPEnA font-feature-liga-off font-feature-clig-off font-feature-calt-off text-decoration-none text-strikethrough-none\">Veini lugu:<\/span><\/h3><p data-start=\"361\" data-end=\"540\"><strong data-start=\"361\" data-end=\"376\">A Mi Chemin<\/strong> t\u00e4hendab prantsuse keeles <em data-start=\"403\" data-end=\"418\">\u201cpoolel teel\u201d<\/em> ning viitab s\u00fcmboolselt kahe C\u00f4te des Blancs\u2019i Grand Cru k\u00fcla \u2013 <strong data-start=\"483\" data-end=\"517\">Le Mesnil-sur-Oger\u2019i ja Oger\u2019i<\/strong> \u2013 vahelisele stiilile.<\/p><p data-start=\"542\" data-end=\"833\">Kui Le Mesnil on tuntud oma <strong data-start=\"570\" data-end=\"628\">v\u00e4ga sirge, kriidise ja terava struktuuriga Chardonnay<\/strong> poolest, siis Oger annab segule <strong data-start=\"661\" data-end=\"700\">veidi k\u00fcpsema puuvilja ja tekstuuri<\/strong>. A Mi Chemin \u00fchendab need kaks iseloomu \u2013 tulemuseks on \u0161ampanja, mis on \u00fchtaegu <strong data-start=\"782\" data-end=\"832\">t\u00e4pne, mineraalne ja samas tekstuurilt s\u00fcgavam<\/strong>.<\/p><p data-start=\"835\" data-end=\"1027\">See cuv\u00e9e on Girard-Bonnet\u2019 jaoks <strong data-start=\"869\" data-end=\"891\">\u00fcks keskseid veine<\/strong>, sest see n\u00e4itab k\u00f5ige selgemalt nende arusaama C\u00f4te des Blancs\u2019i Chardonnay\u2019st: puhas, terroir\u2019ile keskenduv ja v\u00e4ga madala dosaaziga.<\/p><p data-start=\"536\" data-end=\"1111\"><span style=\"color: #1b1919; font-size: 22px;\">Veini valmistamine:<\/span><\/p><p data-start=\"2144\" data-end=\"2351\">Viinamarjad p\u00e4rinevad <strong data-start=\"2166\" data-end=\"2225\">Grand Cru istandustest Le Mesnil-sur-Oger\u2019is ja Oger\u2019is<\/strong>, kahest C\u00f4te des Blancs\u2019i k\u00f5ige tuntumast Chardonnay k\u00fclast. Korje toimub k\u00e4sitsi, et s\u00e4ilitada marjade kvaliteet ja v\u00e4rskus.<\/p><p data-start=\"2353\" data-end=\"2610\">Pressimine on \u00f5rn ning k\u00e4\u00e4ritamine toimub nii <strong data-start=\"2399\" data-end=\"2469\">roostevabast terasest mahutites kui ka neutraalsetes tammevaatides<\/strong>. Selline kombinatsioon v\u00f5imaldab s\u00e4ilitada Chardonnay puhta puuviljaprofiili, samal ajal lisades veinile veidi rohkem tekstuuri ja s\u00fcgavust.<\/p><p data-start=\"2612\" data-end=\"2771\">P\u00e4rast esmast k\u00e4\u00e4rimist k\u00fcpseb vein <strong data-start=\"2648\" data-end=\"2670\">pikalt p\u00e4rmisettel<\/strong>, mis annab \u0161ampanjale kompleksust, peenemat mullitekstuuri ja brioche\u2019i n\u00fcansse enne \u00fcmberkorkimist.<\/p><p data-start=\"1679\" data-end=\"1857\"><strong data-start=\"1646\" data-end=\"1667\">Tehnilised andmed<\/strong><\/p><p data-start=\"540\" data-end=\"566\">Viinamari: Chardonnay<br data-start=\"2820\" data-end=\"2823\" \/>P\u00e4ritolu: Grand Cru \u2013 Le Mesnil-sur-Oger &amp; Oger<br data-start=\"2870\" data-end=\"2873\" \/>Koostis: 2023 baasvein + reservveinid<br data-start=\"2910\" data-end=\"2913\" \/>Vinifikatsioon: Roostevaba teras + tammevaadid<br data-start=\"2959\" data-end=\"2962\" \/>Dosaaz: 1.5 g\/l (Extra Brut)<br data-start=\"2990\" data-end=\"2993\" \/>Alkohol: 12.5%<br data-start=\"3007\" data-end=\"3010\" \/>\u00dcmberkorkimine: 8. detsember 2025<\/p>\n\t\t\t\t\t<\/div>\n\t\t\t\t\t\t<\/div>\n\t\t\t\t<\/div>\n\t\t\t\t<div class=\"elementor-element elementor-element-f22db15 elementor-widget elementor-widget-wd_text_block\" data-id=\"f22db15\" data-element_type=\"widget\" data-e-type=\"widget\" data-widget_type=\"wd_text_block.default\">\n\t\t\t\t<div class=\"elementor-widget-container\">\n\t\t\t\t\t\t\t<div class=\"wd-text-block reset-last-child text-left\">\n\t\t\t\n\t\t\t<h3 class=\"cvGsUA direction-ltr align-justify para-style-body\"><span class=\"OYPEnA font-feature-liga-off font-feature-clig-off font-feature-calt-off text-decoration-none text-strikethrough-none\">Maitsenoodid:<\/span><\/h3><p data-start=\"1231\" data-end=\"1449\">Aroomis tulevad esile <strong data-start=\"1253\" data-end=\"1298\">sidrunikoor, valge virsik ja roheline \u00f5un<\/strong>, millele lisanduvad <strong data-start=\"1319\" data-end=\"1370\">kriidine mineraalsus ja kerge mereline soolakus<\/strong>. P\u00e4rmisettel k\u00fcpsemine annab veinile <strong data-start=\"1408\" data-end=\"1448\">brioche\u2019i ja r\u00f6stitud mandli n\u00fcansse<\/strong>.<\/p><p data-start=\"1451\" data-end=\"1701\">Suus on vein <strong data-start=\"1464\" data-end=\"1491\">pingeline ja v\u00e4ga t\u00e4pne<\/strong>. Tsitruseline hape annab veinile selge struktuuri, samas kui Oger\u2019i p\u00e4ritolu lisab keskele veidi rohkem puuvilja ja tekstuuri. J\u00e4relmaitse on <strong data-start=\"1634\" data-end=\"1662\">pikk, kuiv ja mineraalne<\/strong>, kus p\u00fcsivad sidruni ja kriidi toonid.<\/p><p data-start=\"2066\" data-end=\"2256\"><span style=\"color: #1b1919; font-size: 22px;\">Toidusoovitus:<\/span><\/p><p data-start=\"1725\" data-end=\"1815\">A Mi Chemin sobib eriti h\u00e4sti roogadega, kus on oluline <strong data-start=\"1781\" data-end=\"1814\">puhas maitse ja peen tekstuur<\/strong>.<\/p><p data-start=\"1817\" data-end=\"1839\">Hea paariline n\u00e4iteks:<\/p><ul data-start=\"1841\" data-end=\"1983\"><li data-section-id=\"pgqnyw\" data-start=\"1841\" data-end=\"1868\"><p data-start=\"1843\" data-end=\"1868\">kammkarp v\u00f5i langustiin<\/p><\/li><li data-section-id=\"1yfjhcw\" data-start=\"1869\" data-end=\"1905\"><p data-start=\"1871\" data-end=\"1905\">beurre blanc kastmega valge kala<\/p><\/li><li data-section-id=\"ig5s0c\" data-start=\"1906\" data-end=\"1943\"><p data-start=\"1908\" data-end=\"1943\">austrid ja muud v\u00e4rsked mereannid<\/p><\/li><li data-section-id=\"1wutwdc\" data-start=\"1944\" data-end=\"1983\"><p data-start=\"1946\" data-end=\"1983\">sashimi v\u00f5i kergelt marineeritud kala<\/p><\/li><\/ul><p data-start=\"1985\" data-end=\"2115\">Veini pingeline hape ja madal dosaaz aitavad tasakaalustada ka <strong data-start=\"2048\" data-end=\"2081\">kergelt rasvasemaid kalatoite<\/strong>, tuues roa maitsed selgelt esile.<\/p>\n\t\t\t\t\t<\/div>\n\t\t\t\t\t\t<\/div>\n\t\t\t\t<\/div>\n\t\t\t\t<div class=\"elementor-element elementor-element-79dff25 elementor-widget elementor-widget-wd_text_block\" data-id=\"79dff25\" data-element_type=\"widget\" data-e-type=\"widget\" data-widget_type=\"wd_text_block.default\">\n\t\t\t\t<div class=\"elementor-widget-container\">\n\t\t\t\t\t\t\t<div class=\"wd-text-block reset-last-child text-left\">\n\t\t\t\n\t\t\t<h3 class=\"cvGsUA direction-ltr align-justify para-style-body\"><span class=\"OYPEnA font-feature-liga-off font-feature-clig-off font-feature-calt-off text-decoration-none text-strikethrough-none\">S\u00e4ilitamispotentsiaal:<\/span><\/h3><p data-start=\"30\" data-end=\"380\">A Mi Chemin on nauditav juba noorena t\u00e4nu oma v\u00e4rskele ja pingelisele struktuurile, kuid areneb pudelis v\u00e4ga h\u00e4sti <strong data-start=\"2820\" data-end=\"2835\">8\u201312 aastat<\/strong>. Aja jooksul muutuvad aroomid s\u00fcgavamaks ning esile tulevad <strong data-start=\"2896\" data-end=\"2947\">k\u00fcps \u00f5un, r\u00f6stitud p\u00e4hklid ja brioche\u2019i n\u00fcansid<\/strong>, samas kui mineraalne struktuur j\u00e4\u00e4b selgelt tajutavaks.<\/p><h3 class=\"cvGsUA direction-ltr align-justify para-style-body\"><span class=\"OYPEnA font-feature-liga-off font-feature-clig-off font-feature-calt-off text-decoration-none text-strikethrough-none\">Hinnangud &amp; tunnustused:<\/span><\/h3><p>Selle cuv\u00e9e kohta ei ole veel laialdaselt avaldatud kriitikute punktihinnanguid, kuid Girard-Bonneti veinid on saanud mitmetelt rahvusvahelistelt kriitikutelt k\u00f5rgeid hinnanguid, eriti nende Blanc de Blancs \u0161ampanjad C\u00f4te des Blancs\u2019i Grand Cru k\u00fcladest.<\/p>\n\t\t\t\t\t<\/div>\n\t\t\t\t\t\t<\/div>\n\t\t\t\t<\/div>\n\t\t\t\t\t<\/div>\n\t\t\t\t<\/div>\n\t\t\t\t<\/div>","protected":false},"excerpt":{"rendered":"<p>C\u00f4te des Blancs Grand Cru Chardonnay, kus Le Mesnil-sur-Oger\u2019i kriidine t\u00e4psus ja Oger\u2019i veidi k\u00fcpsem puuvili kohtuvad pingelise happestruktuuri ja peene tekstuuriga.<\/p>","protected":false},"featured_media":29610,"template":"","meta":[],"product_brand":[182],"product_cat":[29,93],"product_tag":[],"class_list":{"0":"post-29547","1":"product","2":"type-product","3":"status-publish","4":"has-post-thumbnail","6":"product_brand-girard-bonnet","7":"product_cat-koik-tooted","8":"product_cat-sampanja","9":"pa_piirkond-champagne","10":"pa_viinamarjasort-chardonnay","12":"first","13":"instock","14":"featured","15":"taxable","16":"shipping-taxable","17":"purchasable","18":"product-type-simple"},"yoast_head":"<!-- This site is optimized with the Yoast SEO plugin v27.4 - https:\/\/yoast.com\/product\/yoast-seo-wordpress\/ -->\n<title>Girard-Bonnet A Mi Chemin \u2013 Grand Cru - diWine &ndash; Premium kvaliteetveinid &uuml;le maailma | Eesti veinipood<\/title>\n<meta name=\"robots\" content=\"index, follow, max-snippet:-1, max-image-preview:large, max-video-preview:-1\" \/>\n<link rel=\"canonical\" href=\"https:\/\/diwine.ee\/en\/product\/girard-bonnet-a-mi-chemin\/\" \/>\n<meta property=\"og:locale\" content=\"en_GB\" \/>\n<meta property=\"og:type\" content=\"article\" \/>\n<meta property=\"og:title\" content=\"Girard-Bonnet A Mi Chemin \u2013 Grand Cru - diWine &ndash; Premium kvaliteetveinid &uuml;le maailma | Eesti veinipood\" \/>\n<meta property=\"og:description\" content=\"C\u00f4te des Blancs Grand Cru Chardonnay, kus Le Mesnil-sur-Oger\u2019i kriidine t\u00e4psus ja Oger\u2019i veidi k\u00fcpsem puuvili kohtuvad pingelise happestruktuuri ja peene tekstuuriga.\" \/>\n<meta property=\"og:url\" content=\"https:\/\/diwine.ee\/en\/product\/girard-bonnet-a-mi-chemin\/\" \/>\n<meta property=\"og:site_name\" content=\"diWine &ndash; Premium kvaliteetveinid &uuml;le maailma | Eesti veinipood\" \/>\n<meta property=\"article:publisher\" content=\"https:\/\/www.facebook.com\/profile.php?id=61573862347231\" \/>\n<meta property=\"article:modified_time\" content=\"2026-03-29T06:11:14+00:00\" \/>\n<meta property=\"og:image\" content=\"https:\/\/diwine.ee\/wp-content\/uploads\/2026\/03\/a-mi-chemin_800x800_2-1.png\" \/>\n\t<meta property=\"og:image:width\" content=\"800\" \/>\n\t<meta property=\"og:image:height\" content=\"800\" \/>\n\t<meta property=\"og:image:type\" content=\"image\/png\" \/>\n<meta name=\"twitter:card\" content=\"summary_large_image\" \/>\n<meta name=\"twitter:label1\" content=\"Estimated reading time\" \/>\n\t<meta name=\"twitter:data1\" content=\"3 minutes\" \/>\n<script type=\"application\/ld+json\" class=\"yoast-schema-graph\">{\"@context\":\"https:\\\/\\\/schema.org\",\"@graph\":[{\"@type\":\"WebPage\",\"@id\":\"https:\\\/\\\/diwine.ee\\\/product\\\/girard-bonnet-a-mi-chemin\\\/\",\"url\":\"https:\\\/\\\/diwine.ee\\\/product\\\/girard-bonnet-a-mi-chemin\\\/\",\"name\":\"Girard-Bonnet A Mi Chemin \u2013 Grand Cru - diWine &ndash; Premium kvaliteetveinid &uuml;le maailma | Eesti veinipood\",\"isPartOf\":{\"@id\":\"https:\\\/\\\/diwine.ee\\\/#website\"},\"primaryImageOfPage\":{\"@id\":\"https:\\\/\\\/diwine.ee\\\/product\\\/girard-bonnet-a-mi-chemin\\\/#primaryimage\"},\"image\":{\"@id\":\"https:\\\/\\\/diwine.ee\\\/product\\\/girard-bonnet-a-mi-chemin\\\/#primaryimage\"},\"thumbnailUrl\":\"https:\\\/\\\/diwine.ee\\\/wp-content\\\/uploads\\\/2026\\\/03\\\/a-mi-chemin_800x800_2-1.png\",\"datePublished\":\"2026-03-11T18:05:22+00:00\",\"dateModified\":\"2026-03-29T06:11:14+00:00\",\"breadcrumb\":{\"@id\":\"https:\\\/\\\/diwine.ee\\\/product\\\/girard-bonnet-a-mi-chemin\\\/#breadcrumb\"},\"inLanguage\":\"en-GB\",\"potentialAction\":[{\"@type\":\"ReadAction\",\"target\":[\"https:\\\/\\\/diwine.ee\\\/product\\\/girard-bonnet-a-mi-chemin\\\/\"]}]},{\"@type\":\"ImageObject\",\"inLanguage\":\"en-GB\",\"@id\":\"https:\\\/\\\/diwine.ee\\\/product\\\/girard-bonnet-a-mi-chemin\\\/#primaryimage\",\"url\":\"https:\\\/\\\/diwine.ee\\\/wp-content\\\/uploads\\\/2026\\\/03\\\/a-mi-chemin_800x800_2-1.png\",\"contentUrl\":\"https:\\\/\\\/diwine.ee\\\/wp-content\\\/uploads\\\/2026\\\/03\\\/a-mi-chemin_800x800_2-1.png\",\"width\":800,\"height\":800},{\"@type\":\"BreadcrumbList\",\"@id\":\"https:\\\/\\\/diwine.ee\\\/product\\\/girard-bonnet-a-mi-chemin\\\/#breadcrumb\",\"itemListElement\":[{\"@type\":\"ListItem\",\"position\":1,\"name\":\"Home\",\"item\":\"https:\\\/\\\/diwine.ee\\\/\"},{\"@type\":\"ListItem\",\"position\":2,\"name\":\"e-pood\",\"item\":\"https:\\\/\\\/diwine.ee\\\/tooted\\\/\"},{\"@type\":\"ListItem\",\"position\":3,\"name\":\"Girard-Bonnet A Mi Chemin \u2013 Grand Cru\"}]},{\"@type\":\"WebSite\",\"@id\":\"https:\\\/\\\/diwine.ee\\\/#website\",\"url\":\"https:\\\/\\\/diwine.ee\\\/\",\"name\":\"diWine \u2013 Premium kvaliteetveinid \u00fcle maailma | Eesti veinipood\",\"description\":\"Avasta diWine&#039;i hoolikalt valitud kvaliteetveinid maailma tippveinipiirkondadest. Eksklusiivsed punaveinid, valged veinid, vahuveinid ja eriveinid sinu erilisteks hetkedeks.\",\"publisher\":{\"@id\":\"https:\\\/\\\/diwine.ee\\\/#organization\"},\"potentialAction\":[{\"@type\":\"SearchAction\",\"target\":{\"@type\":\"EntryPoint\",\"urlTemplate\":\"https:\\\/\\\/diwine.ee\\\/?s={search_term_string}\"},\"query-input\":{\"@type\":\"PropertyValueSpecification\",\"valueRequired\":true,\"valueName\":\"search_term_string\"}}],\"inLanguage\":\"en-GB\"},{\"@type\":\"Organization\",\"@id\":\"https:\\\/\\\/diwine.ee\\\/#organization\",\"name\":\"diWine veinipood\",\"url\":\"https:\\\/\\\/diwine.ee\\\/\",\"logo\":{\"@type\":\"ImageObject\",\"inLanguage\":\"en-GB\",\"@id\":\"https:\\\/\\\/diwine.ee\\\/#\\\/schema\\\/logo\\\/image\\\/\",\"url\":\"https:\\\/\\\/diwine.ee\\\/wp-content\\\/uploads\\\/2025\\\/04\\\/diWine-1080-x-1080-px.png\",\"contentUrl\":\"https:\\\/\\\/diwine.ee\\\/wp-content\\\/uploads\\\/2025\\\/04\\\/diWine-1080-x-1080-px.png\",\"width\":1080,\"height\":1080,\"caption\":\"diWine veinipood\"},\"image\":{\"@id\":\"https:\\\/\\\/diwine.ee\\\/#\\\/schema\\\/logo\\\/image\\\/\"},\"sameAs\":[\"https:\\\/\\\/www.facebook.com\\\/profile.php?id=61573862347231\",\"https:\\\/\\\/www.instagram.com\\\/diwine.ee\"]}]}<\/script>\n<!-- \/ Yoast SEO plugin. -->","yoast_head_json":{"title":"Girard-Bonnet A Mi Chemin \u2013 Grand Cru - diWine &ndash; Premium kvaliteetveinid &uuml;le maailma | Eesti veinipood","robots":{"index":"index","follow":"follow","max-snippet":"max-snippet:-1","max-image-preview":"max-image-preview:large","max-video-preview":"max-video-preview:-1"},"canonical":"https:\/\/diwine.ee\/en\/product\/girard-bonnet-a-mi-chemin\/","og_locale":"en_GB","og_type":"article","og_title":"Girard-Bonnet A Mi Chemin \u2013 Grand Cru - diWine &ndash; Premium kvaliteetveinid &uuml;le maailma | Eesti veinipood","og_description":"C\u00f4te des Blancs Grand Cru Chardonnay, kus Le Mesnil-sur-Oger\u2019i kriidine t\u00e4psus ja Oger\u2019i veidi k\u00fcpsem puuvili kohtuvad pingelise happestruktuuri ja peene tekstuuriga.","og_url":"https:\/\/diwine.ee\/en\/product\/girard-bonnet-a-mi-chemin\/","og_site_name":"diWine &ndash; Premium kvaliteetveinid &uuml;le maailma | Eesti veinipood","article_publisher":"https:\/\/www.facebook.com\/profile.php?id=61573862347231","article_modified_time":"2026-03-29T06:11:14+00:00","og_image":[{"width":800,"height":800,"url":"https:\/\/diwine.ee\/wp-content\/uploads\/2026\/03\/a-mi-chemin_800x800_2-1.png","type":"image\/png"}],"twitter_card":"summary_large_image","twitter_misc":{"Estimated reading time":"3 minutes"},"schema":{"@context":"https:\/\/schema.org","@graph":[{"@type":"WebPage","@id":"https:\/\/diwine.ee\/product\/girard-bonnet-a-mi-chemin\/","url":"https:\/\/diwine.ee\/product\/girard-bonnet-a-mi-chemin\/","name":"Girard-Bonnet A Mi Chemin \u2013 Grand Cru - diWine &ndash; Premium kvaliteetveinid &uuml;le maailma | Eesti veinipood","isPartOf":{"@id":"https:\/\/diwine.ee\/#website"},"primaryImageOfPage":{"@id":"https:\/\/diwine.ee\/product\/girard-bonnet-a-mi-chemin\/#primaryimage"},"image":{"@id":"https:\/\/diwine.ee\/product\/girard-bonnet-a-mi-chemin\/#primaryimage"},"thumbnailUrl":"https:\/\/diwine.ee\/wp-content\/uploads\/2026\/03\/a-mi-chemin_800x800_2-1.png","datePublished":"2026-03-11T18:05:22+00:00","dateModified":"2026-03-29T06:11:14+00:00","breadcrumb":{"@id":"https:\/\/diwine.ee\/product\/girard-bonnet-a-mi-chemin\/#breadcrumb"},"inLanguage":"en-GB","potentialAction":[{"@type":"ReadAction","target":["https:\/\/diwine.ee\/product\/girard-bonnet-a-mi-chemin\/"]}]},{"@type":"ImageObject","inLanguage":"en-GB","@id":"https:\/\/diwine.ee\/product\/girard-bonnet-a-mi-chemin\/#primaryimage","url":"https:\/\/diwine.ee\/wp-content\/uploads\/2026\/03\/a-mi-chemin_800x800_2-1.png","contentUrl":"https:\/\/diwine.ee\/wp-content\/uploads\/2026\/03\/a-mi-chemin_800x800_2-1.png","width":800,"height":800},{"@type":"BreadcrumbList","@id":"https:\/\/diwine.ee\/product\/girard-bonnet-a-mi-chemin\/#breadcrumb","itemListElement":[{"@type":"ListItem","position":1,"name":"Home","item":"https:\/\/diwine.ee\/"},{"@type":"ListItem","position":2,"name":"e-pood","item":"https:\/\/diwine.ee\/tooted\/"},{"@type":"ListItem","position":3,"name":"Girard-Bonnet A Mi Chemin \u2013 Grand Cru"}]},{"@type":"WebSite","@id":"https:\/\/diwine.ee\/#website","url":"https:\/\/diwine.ee\/","name":"diWine \u2013 Premium kvaliteetveinid \u00fcle maailma | Eesti veinipood","description":"Avasta diWine&#039;i hoolikalt valitud kvaliteetveinid maailma tippveinipiirkondadest. Eksklusiivsed punaveinid, valged veinid, vahuveinid ja eriveinid sinu erilisteks hetkedeks.","publisher":{"@id":"https:\/\/diwine.ee\/#organization"},"potentialAction":[{"@type":"SearchAction","target":{"@type":"EntryPoint","urlTemplate":"https:\/\/diwine.ee\/?s={search_term_string}"},"query-input":{"@type":"PropertyValueSpecification","valueRequired":true,"valueName":"search_term_string"}}],"inLanguage":"en-GB"},{"@type":"Organization","@id":"https:\/\/diwine.ee\/#organization","name":"diWine veinipood","url":"https:\/\/diwine.ee\/","logo":{"@type":"ImageObject","inLanguage":"en-GB","@id":"https:\/\/diwine.ee\/#\/schema\/logo\/image\/","url":"https:\/\/diwine.ee\/wp-content\/uploads\/2025\/04\/diWine-1080-x-1080-px.png","contentUrl":"https:\/\/diwine.ee\/wp-content\/uploads\/2025\/04\/diWine-1080-x-1080-px.png","width":1080,"height":1080,"caption":"diWine veinipood"},"image":{"@id":"https:\/\/diwine.ee\/#\/schema\/logo\/image\/"},"sameAs":["https:\/\/www.facebook.com\/profile.php?id=61573862347231","https:\/\/www.instagram.com\/diwine.ee"]}]}},"jetpack_sharing_enabled":true,"_links":{"self":[{"href":"https:\/\/diwine.ee\/en\/wp-json\/wp\/v2\/product\/29547","targetHints":{"allow":["GET"]}}],"collection":[{"href":"https:\/\/diwine.ee\/en\/wp-json\/wp\/v2\/product"}],"about":[{"href":"https:\/\/diwine.ee\/en\/wp-json\/wp\/v2\/types\/product"}],"version-history":[{"count":5,"href":"https:\/\/diwine.ee\/en\/wp-json\/wp\/v2\/product\/29547\/revisions"}],"predecessor-version":[{"id":29555,"href":"https:\/\/diwine.ee\/en\/wp-json\/wp\/v2\/product\/29547\/revisions\/29555"}],"wp:featuredmedia":[{"embeddable":true,"href":"https:\/\/diwine.ee\/en\/wp-json\/wp\/v2\/media\/29610"}],"wp:attachment":[{"href":"https:\/\/diwine.ee\/en\/wp-json\/wp\/v2\/media?parent=29547"}],"wp:term":[{"taxonomy":"product_brand","embeddable":true,"href":"https:\/\/diwine.ee\/en\/wp-json\/wp\/v2\/product_brand?post=29547"},{"taxonomy":"product_cat","embeddable":true,"href":"https:\/\/diwine.ee\/en\/wp-json\/wp\/v2\/product_cat?post=29547"},{"taxonomy":"product_tag","embeddable":true,"href":"https:\/\/diwine.ee\/en\/wp-json\/wp\/v2\/product_tag?post=29547"}],"curies":[{"name":"wp","href":"https:\/\/api.w.org\/{rel}","templated":true}]}}