{"id":29569,"date":"2026-03-11T20:30:43","date_gmt":"2026-03-11T18:30:43","guid":{"rendered":"https:\/\/diwine.ee\/?post_type=product&#038;p=29569"},"modified":"2026-03-16T13:44:11","modified_gmt":"2026-03-16T11:44:11","slug":"girard-bonnet-caferlane2020","status":"publish","type":"product","link":"https:\/\/diwine.ee\/en\/product\/girard-bonnet-caferlane2020\/","title":{"rendered":"Girard-Bonnet Caferlane 2020 \u2013 Grand Cru"},"content":{"rendered":"<div data-elementor-type=\"wp-post\" data-elementor-id=\"29569\" class=\"elementor elementor-29569\">\n\t\t\t\t<div class=\"wd-negative-gap elementor-element elementor-element-b496628 e-grid e-con-boxed e-con e-parent\" data-id=\"b496628\" data-element_type=\"container\" data-e-type=\"container\">\n\t\t\t\t\t<div class=\"e-con-inner\">\n\t\t\t\t<div class=\"elementor-element elementor-element-aa23989 elementor-widget elementor-widget-wd_text_block\" data-id=\"aa23989\" data-element_type=\"widget\" data-e-type=\"widget\" data-widget_type=\"wd_text_block.default\">\n\t\t\t\t<div class=\"elementor-widget-container\">\n\t\t\t\t\t\t\t<div class=\"wd-text-block reset-last-child text-left\">\n\t\t\t\n\t\t\t<h3 class=\"cvGsUA direction-ltr align-justify para-style-body\"><span class=\"OYPEnA font-feature-liga-off font-feature-clig-off font-feature-calt-off text-decoration-none text-strikethrough-none\">Veini lugu:<\/span><\/h3><p data-start=\"445\" data-end=\"690\"><strong data-start=\"445\" data-end=\"458\">Caferlane<\/strong> on Girard-Bonneti \u00fcksikkrundi cuv\u00e9e, mis p\u00e4rineb <strong data-start=\"508\" data-end=\"552\">Oger Grand Cru k\u00fclast C\u00f4te des Blancs\u2019is<\/strong>. Selle veini eesm\u00e4rk on n\u00e4idata konkreetse istanduse terroir\u2019i v\u00f5imalikult puhtalt, ilma suurema segamiseta teiste k\u00fclade v\u00f5i kruntidega.<\/p><p data-start=\"692\" data-end=\"948\">Oger\u2019i Chardonnay erineb sageli naaberk\u00fclade stiilist. Kui Le Mesnil-sur-Oger annab rangema ja v\u00e4ga kriidise struktuuri, siis <strong data-start=\"818\" data-end=\"891\">Oger veinid on sageli veidi avarama puuviljaga ja tekstuurilt laiemad<\/strong>, s\u00e4ilitades siiski piirkonnale omase mineraalse selguse.<\/p><p data-start=\"950\" data-end=\"1154\">Aastak\u00e4ik <strong data-start=\"960\" data-end=\"968\">2020<\/strong> oli Champagne\u2019is suhteliselt soe ja k\u00fcps, mis andis veinile <strong data-start=\"1029\" data-end=\"1065\">rohkem puuviljakontsentratsiooni<\/strong>, samas kui C\u00f4te des Blancs\u2019i kriidine pinnas hoiab happestruktuuri selge ja pingelisena.<\/p><p data-start=\"536\" data-end=\"1111\"><span style=\"color: #1b1919; font-size: 22px;\">Veini valmistamine:<\/span><\/p><p data-start=\"2124\" data-end=\"2310\">Viinamarjad p\u00e4rinevad <strong data-start=\"2146\" data-end=\"2188\">Oger Grand Cru \u00fcksikkrundilt Caferlane<\/strong>, kus Chardonnay kasvab s\u00fcgaval kriidipinnasel. Korje toimub k\u00e4sitsi, et s\u00e4ilitada marjade kvaliteet ja optimaalne k\u00fcpsus.<\/p><p data-start=\"2312\" data-end=\"2445\">Pressimine on \u00f5rn ning k\u00e4\u00e4rimine toimub <strong data-start=\"2352\" data-end=\"2369\">tammevaatides<\/strong>, mis lisab veinile tekstuuri ja mikrooks\u00fcdatsiooni kaudu suuremat s\u00fcgavust.<\/p><p data-start=\"2447\" data-end=\"2587\">P\u00e4rast esmast k\u00e4\u00e4rimist k\u00fcpseb vein <strong data-start=\"2483\" data-end=\"2505\">pikalt p\u00e4rmisettel<\/strong>, mis annab \u0161ampanjale kompleksust ja peenemat mullitekstuuri enne \u00fcmberkorkimist.<\/p><p data-start=\"1679\" data-end=\"1857\"><strong data-start=\"1646\" data-end=\"1667\">Tehnilised andmed<\/strong><\/p><p data-start=\"540\" data-end=\"566\">Viinamari: Chardonnay<br data-start=\"3174\" data-end=\"3177\" \/>P\u00e4ritolu: Oger Grand Cru \u2013 Caferlane<br data-start=\"3213\" data-end=\"3216\" \/>Koostis: 2020 aastak\u00e4ik<br data-start=\"3239\" data-end=\"3242\" \/>Vinifikatsioon: tammevaadid<br data-start=\"3269\" data-end=\"3272\" \/>Dosaaz: 0 g\/l (Brut Nature)<br data-start=\"3299\" data-end=\"3302\" \/>Alkohol: 12.5%<br data-start=\"3316\" data-end=\"3319\" \/>\u00dcmberkorkimine: 16. veebruar 2026<\/p>\n\t\t\t\t\t<\/div>\n\t\t\t\t\t\t<\/div>\n\t\t\t\t<\/div>\n\t\t\t\t<div class=\"elementor-element elementor-element-f22db15 elementor-widget elementor-widget-wd_text_block\" data-id=\"f22db15\" data-element_type=\"widget\" data-e-type=\"widget\" data-widget_type=\"wd_text_block.default\">\n\t\t\t\t<div class=\"elementor-widget-container\">\n\t\t\t\t\t\t\t<div class=\"wd-text-block reset-last-child text-left\">\n\t\t\t\n\t\t\t<h3 class=\"cvGsUA direction-ltr align-justify para-style-body\"><span class=\"OYPEnA font-feature-liga-off font-feature-clig-off font-feature-calt-off text-decoration-none text-strikethrough-none\">Maitsenoodid:<\/span><\/h3><p data-start=\"1177\" data-end=\"1417\">Aroomis tulevad esile <strong data-start=\"1199\" data-end=\"1241\">sidrunikoor, k\u00fcps pirn ja valge virsik<\/strong>, millele lisanduvad <strong data-start=\"1262\" data-end=\"1326\">kriidine mineraalsus, valged \u00f5ied ja kerge mereline soolakus<\/strong>. P\u00e4rmisettel k\u00fcpsemine toob esile <strong data-start=\"1361\" data-end=\"1416\">brioche\u2019i, r\u00f6stitud mandli ja sarapuup\u00e4hkli n\u00fcansid<\/strong>.<\/p><p data-start=\"1419\" data-end=\"1696\">Suus on vein <strong data-start=\"1432\" data-end=\"1475\">kontsentreeritum ja tekstuurilt s\u00fcgavam<\/strong> kui Girard-Bonneti k\u00fcla-cuv\u00e9e\u2019d. Tsitruseline hape hoiab veini sirge ja energilisena, samal ajal kui keskele tekib <strong data-start=\"1591\" data-end=\"1638\">kergelt kreemjas tekstuur ja k\u00fcpsem puuvili<\/strong>. J\u00e4relmaitse on <strong data-start=\"1655\" data-end=\"1695\">pikk, mineraalne ja kergelt soolakas<\/strong>.<\/p><p data-start=\"2066\" data-end=\"2256\"><span style=\"color: #1b1919; font-size: 22px;\">Toidusoovitus:<\/span><\/p><p data-start=\"1720\" data-end=\"1798\">Caferlane sobib h\u00e4sti roogadega, kus on <strong data-start=\"1760\" data-end=\"1797\">rohkem tekstuuri ja intensiivsust<\/strong>.<\/p><p data-start=\"1800\" data-end=\"1822\">Hea paariline n\u00e4iteks:<\/p><ul data-start=\"1824\" data-end=\"1960\"><li data-section-id=\"m8mkrp\" data-start=\"1824\" data-end=\"1868\"><p data-start=\"1826\" data-end=\"1868\">grillitud v\u00f5i pannil k\u00fcpsetatud kammkarp<\/p><\/li><li data-section-id=\"7n4kw\" data-start=\"1869\" data-end=\"1908\"><p data-start=\"1871\" data-end=\"1908\">v\u00f5iga k\u00fcpsetatud merikeel v\u00f5i tursk<\/p><\/li><li data-section-id=\"1ib8w82\" data-start=\"1909\" data-end=\"1934\"><p data-start=\"1911\" data-end=\"1934\">homaar v\u00f5i langustiin<\/p><\/li><li data-section-id=\"162cvfg\" data-start=\"1935\" data-end=\"1960\"><p data-start=\"1937\" data-end=\"1960\">k\u00fcpsemad pehmed juustud<\/p><\/li><\/ul><p data-start=\"1962\" data-end=\"2095\">Veini s\u00fcgavam tekstuur ja k\u00fcpsem puuvili v\u00f5imaldavad seda sobitada ka <strong data-start=\"2032\" data-end=\"2059\">rikkamate kalaroogadega<\/strong>, kus kaste sisaldab v\u00f5id v\u00f5i koort.<\/p>\n\t\t\t\t\t<\/div>\n\t\t\t\t\t\t<\/div>\n\t\t\t\t<\/div>\n\t\t\t\t<div class=\"elementor-element elementor-element-79dff25 elementor-widget elementor-widget-wd_text_block\" data-id=\"79dff25\" data-element_type=\"widget\" data-e-type=\"widget\" data-widget_type=\"wd_text_block.default\">\n\t\t\t\t<div class=\"elementor-widget-container\">\n\t\t\t\t\t\t\t<div class=\"wd-text-block reset-last-child text-left\">\n\t\t\t\n\t\t\t<h3 class=\"cvGsUA direction-ltr align-justify para-style-body\"><span class=\"OYPEnA font-feature-liga-off font-feature-clig-off font-feature-calt-off text-decoration-none text-strikethrough-none\">S\u00e4ilitamispotentsiaal:<\/span><\/h3><p data-start=\"30\" data-end=\"380\">Caferlane on t\u00e4nu oma struktuurile ja kontsentratsioonile v\u00e4ga hea <strong data-start=\"2686\" data-end=\"2724\">pika arengupotentsiaaliga \u0161ampanja<\/strong>. Vein areneb pudelis h\u00e4sti <strong data-start=\"2752\" data-end=\"2768\">10\u201315 aastat<\/strong>, mille jooksul tulevad esile <strong data-start=\"2798\" data-end=\"2852\">k\u00fcpsed \u00f5unad, r\u00f6stitud p\u00e4hklid ja brioche\u2019i toonid<\/strong>, samas kui mineraalne karakter j\u00e4\u00e4b selgelt tajutavaks.<\/p><h3 class=\"cvGsUA direction-ltr align-justify para-style-body\"><span class=\"OYPEnA font-feature-liga-off font-feature-clig-off font-feature-calt-off text-decoration-none text-strikethrough-none\">Hinnangud &amp; tunnustused:<\/span><\/h3><p>Girard-Bonneti \u00fcksikkrundi \u0161ampanjad on saanud rahvusvaheliste kriitikute poolt tugevaid hinnanguid ning neid hinnatakse k\u00f5rgelt C\u00f4te des Blancs\u2019i terroir-p\u00f5hise stiili v\u00e4ljendusena.<\/p>\n\t\t\t\t\t<\/div>\n\t\t\t\t\t\t<\/div>\n\t\t\t\t<\/div>\n\t\t\t\t\t<\/div>\n\t\t\t\t<\/div>\n\t\t\t\t<\/div>","protected":false},"excerpt":{"rendered":"<p>Oger Grand Cru \u00fcksikkrundi Chardonnay, mille stiilis kohtuvad k\u00fcps tsitrus, valge virsik ja C\u00f4te des Blancs\u2019i kriidine mineraalsus s\u00fcgavama tekstuuri ja v\u00e4ga t\u00e4pse happestruktuuriga.<\/p>","protected":false},"featured_media":29570,"template":"","meta":[],"product_brand":[182],"product_cat":[29,93],"product_tag":[],"class_list":{"0":"post-29569","1":"product","2":"type-product","3":"status-publish","4":"has-post-thumbnail","6":"product_brand-girard-bonnet","7":"product_cat-koik-tooted","8":"product_cat-sampanja","9":"pa_piirkond-champagne","10":"pa_viinamarjasort-chardonnay","12":"first","13":"instock","14":"featured","15":"taxable","16":"shipping-taxable","17":"purchasable","18":"product-type-simple"},"yoast_head":"<!-- This site is optimized with the Yoast SEO plugin v27.4 - https:\/\/yoast.com\/product\/yoast-seo-wordpress\/ -->\n<title>Girard-Bonnet Caferlane 2020 \u2013 Grand Cru - diWine &ndash; Premium kvaliteetveinid &uuml;le maailma | Eesti veinipood<\/title>\n<meta name=\"robots\" content=\"index, follow, max-snippet:-1, max-image-preview:large, max-video-preview:-1\" \/>\n<link rel=\"canonical\" href=\"https:\/\/diwine.ee\/en\/product\/girard-bonnet-caferlane2020\/\" \/>\n<meta property=\"og:locale\" content=\"en_GB\" \/>\n<meta property=\"og:type\" content=\"article\" \/>\n<meta property=\"og:title\" content=\"Girard-Bonnet Caferlane 2020 \u2013 Grand Cru - diWine &ndash; Premium kvaliteetveinid &uuml;le maailma | Eesti veinipood\" \/>\n<meta property=\"og:description\" content=\"Oger Grand Cru \u00fcksikkrundi Chardonnay, mille stiilis kohtuvad k\u00fcps tsitrus, valge virsik ja C\u00f4te des Blancs\u2019i kriidine mineraalsus s\u00fcgavama tekstuuri ja v\u00e4ga t\u00e4pse happestruktuuriga.\" \/>\n<meta property=\"og:url\" content=\"https:\/\/diwine.ee\/en\/product\/girard-bonnet-caferlane2020\/\" \/>\n<meta property=\"og:site_name\" content=\"diWine &ndash; Premium kvaliteetveinid &uuml;le maailma | Eesti veinipood\" \/>\n<meta property=\"article:publisher\" content=\"https:\/\/www.facebook.com\/profile.php?id=61573862347231\" \/>\n<meta property=\"article:modified_time\" content=\"2026-03-16T11:44:11+00:00\" \/>\n<meta property=\"og:image\" content=\"https:\/\/diwine.ee\/wp-content\/uploads\/2026\/03\/Caferlane-2020_800x800.png\" \/>\n\t<meta property=\"og:image:width\" content=\"800\" \/>\n\t<meta property=\"og:image:height\" content=\"800\" \/>\n\t<meta property=\"og:image:type\" content=\"image\/png\" \/>\n<meta name=\"twitter:card\" content=\"summary_large_image\" \/>\n<meta name=\"twitter:label1\" content=\"Estimated reading time\" \/>\n\t<meta name=\"twitter:data1\" content=\"2 minutes\" \/>\n<script type=\"application\/ld+json\" class=\"yoast-schema-graph\">{\"@context\":\"https:\\\/\\\/schema.org\",\"@graph\":[{\"@type\":\"WebPage\",\"@id\":\"https:\\\/\\\/diwine.ee\\\/product\\\/girard-bonnet-caferlane2020\\\/\",\"url\":\"https:\\\/\\\/diwine.ee\\\/product\\\/girard-bonnet-caferlane2020\\\/\",\"name\":\"Girard-Bonnet Caferlane 2020 \u2013 Grand Cru - diWine &ndash; Premium kvaliteetveinid &uuml;le maailma | Eesti veinipood\",\"isPartOf\":{\"@id\":\"https:\\\/\\\/diwine.ee\\\/#website\"},\"primaryImageOfPage\":{\"@id\":\"https:\\\/\\\/diwine.ee\\\/product\\\/girard-bonnet-caferlane2020\\\/#primaryimage\"},\"image\":{\"@id\":\"https:\\\/\\\/diwine.ee\\\/product\\\/girard-bonnet-caferlane2020\\\/#primaryimage\"},\"thumbnailUrl\":\"https:\\\/\\\/diwine.ee\\\/wp-content\\\/uploads\\\/2026\\\/03\\\/Caferlane-2020_800x800.png\",\"datePublished\":\"2026-03-11T18:30:43+00:00\",\"dateModified\":\"2026-03-16T11:44:11+00:00\",\"breadcrumb\":{\"@id\":\"https:\\\/\\\/diwine.ee\\\/product\\\/girard-bonnet-caferlane2020\\\/#breadcrumb\"},\"inLanguage\":\"en-GB\",\"potentialAction\":[{\"@type\":\"ReadAction\",\"target\":[\"https:\\\/\\\/diwine.ee\\\/product\\\/girard-bonnet-caferlane2020\\\/\"]}]},{\"@type\":\"ImageObject\",\"inLanguage\":\"en-GB\",\"@id\":\"https:\\\/\\\/diwine.ee\\\/product\\\/girard-bonnet-caferlane2020\\\/#primaryimage\",\"url\":\"https:\\\/\\\/diwine.ee\\\/wp-content\\\/uploads\\\/2026\\\/03\\\/Caferlane-2020_800x800.png\",\"contentUrl\":\"https:\\\/\\\/diwine.ee\\\/wp-content\\\/uploads\\\/2026\\\/03\\\/Caferlane-2020_800x800.png\",\"width\":800,\"height\":800},{\"@type\":\"BreadcrumbList\",\"@id\":\"https:\\\/\\\/diwine.ee\\\/product\\\/girard-bonnet-caferlane2020\\\/#breadcrumb\",\"itemListElement\":[{\"@type\":\"ListItem\",\"position\":1,\"name\":\"Home\",\"item\":\"https:\\\/\\\/diwine.ee\\\/\"},{\"@type\":\"ListItem\",\"position\":2,\"name\":\"e-pood\",\"item\":\"https:\\\/\\\/diwine.ee\\\/tooted\\\/\"},{\"@type\":\"ListItem\",\"position\":3,\"name\":\"Girard-Bonnet Caferlane 2020 \u2013 Grand Cru\"}]},{\"@type\":\"WebSite\",\"@id\":\"https:\\\/\\\/diwine.ee\\\/#website\",\"url\":\"https:\\\/\\\/diwine.ee\\\/\",\"name\":\"diWine \u2013 Premium kvaliteetveinid \u00fcle maailma | Eesti veinipood\",\"description\":\"Avasta diWine&#039;i hoolikalt valitud kvaliteetveinid maailma tippveinipiirkondadest. Eksklusiivsed punaveinid, valged veinid, vahuveinid ja eriveinid sinu erilisteks hetkedeks.\",\"publisher\":{\"@id\":\"https:\\\/\\\/diwine.ee\\\/#organization\"},\"potentialAction\":[{\"@type\":\"SearchAction\",\"target\":{\"@type\":\"EntryPoint\",\"urlTemplate\":\"https:\\\/\\\/diwine.ee\\\/?s={search_term_string}\"},\"query-input\":{\"@type\":\"PropertyValueSpecification\",\"valueRequired\":true,\"valueName\":\"search_term_string\"}}],\"inLanguage\":\"en-GB\"},{\"@type\":\"Organization\",\"@id\":\"https:\\\/\\\/diwine.ee\\\/#organization\",\"name\":\"diWine veinipood\",\"url\":\"https:\\\/\\\/diwine.ee\\\/\",\"logo\":{\"@type\":\"ImageObject\",\"inLanguage\":\"en-GB\",\"@id\":\"https:\\\/\\\/diwine.ee\\\/#\\\/schema\\\/logo\\\/image\\\/\",\"url\":\"https:\\\/\\\/diwine.ee\\\/wp-content\\\/uploads\\\/2025\\\/04\\\/diWine-1080-x-1080-px.png\",\"contentUrl\":\"https:\\\/\\\/diwine.ee\\\/wp-content\\\/uploads\\\/2025\\\/04\\\/diWine-1080-x-1080-px.png\",\"width\":1080,\"height\":1080,\"caption\":\"diWine veinipood\"},\"image\":{\"@id\":\"https:\\\/\\\/diwine.ee\\\/#\\\/schema\\\/logo\\\/image\\\/\"},\"sameAs\":[\"https:\\\/\\\/www.facebook.com\\\/profile.php?id=61573862347231\",\"https:\\\/\\\/www.instagram.com\\\/diwine.ee\"]}]}<\/script>\n<!-- \/ Yoast SEO plugin. -->","yoast_head_json":{"title":"Girard-Bonnet Caferlane 2020 \u2013 Grand Cru - diWine &ndash; Premium kvaliteetveinid &uuml;le maailma | Eesti veinipood","robots":{"index":"index","follow":"follow","max-snippet":"max-snippet:-1","max-image-preview":"max-image-preview:large","max-video-preview":"max-video-preview:-1"},"canonical":"https:\/\/diwine.ee\/en\/product\/girard-bonnet-caferlane2020\/","og_locale":"en_GB","og_type":"article","og_title":"Girard-Bonnet Caferlane 2020 \u2013 Grand Cru - diWine &ndash; Premium kvaliteetveinid &uuml;le maailma | Eesti veinipood","og_description":"Oger Grand Cru \u00fcksikkrundi Chardonnay, mille stiilis kohtuvad k\u00fcps tsitrus, valge virsik ja C\u00f4te des Blancs\u2019i kriidine mineraalsus s\u00fcgavama tekstuuri ja v\u00e4ga t\u00e4pse happestruktuuriga.","og_url":"https:\/\/diwine.ee\/en\/product\/girard-bonnet-caferlane2020\/","og_site_name":"diWine &ndash; Premium kvaliteetveinid &uuml;le maailma | Eesti veinipood","article_publisher":"https:\/\/www.facebook.com\/profile.php?id=61573862347231","article_modified_time":"2026-03-16T11:44:11+00:00","og_image":[{"width":800,"height":800,"url":"https:\/\/diwine.ee\/wp-content\/uploads\/2026\/03\/Caferlane-2020_800x800.png","type":"image\/png"}],"twitter_card":"summary_large_image","twitter_misc":{"Estimated reading time":"2 minutes"},"schema":{"@context":"https:\/\/schema.org","@graph":[{"@type":"WebPage","@id":"https:\/\/diwine.ee\/product\/girard-bonnet-caferlane2020\/","url":"https:\/\/diwine.ee\/product\/girard-bonnet-caferlane2020\/","name":"Girard-Bonnet Caferlane 2020 \u2013 Grand Cru - diWine &ndash; Premium kvaliteetveinid &uuml;le maailma | Eesti veinipood","isPartOf":{"@id":"https:\/\/diwine.ee\/#website"},"primaryImageOfPage":{"@id":"https:\/\/diwine.ee\/product\/girard-bonnet-caferlane2020\/#primaryimage"},"image":{"@id":"https:\/\/diwine.ee\/product\/girard-bonnet-caferlane2020\/#primaryimage"},"thumbnailUrl":"https:\/\/diwine.ee\/wp-content\/uploads\/2026\/03\/Caferlane-2020_800x800.png","datePublished":"2026-03-11T18:30:43+00:00","dateModified":"2026-03-16T11:44:11+00:00","breadcrumb":{"@id":"https:\/\/diwine.ee\/product\/girard-bonnet-caferlane2020\/#breadcrumb"},"inLanguage":"en-GB","potentialAction":[{"@type":"ReadAction","target":["https:\/\/diwine.ee\/product\/girard-bonnet-caferlane2020\/"]}]},{"@type":"ImageObject","inLanguage":"en-GB","@id":"https:\/\/diwine.ee\/product\/girard-bonnet-caferlane2020\/#primaryimage","url":"https:\/\/diwine.ee\/wp-content\/uploads\/2026\/03\/Caferlane-2020_800x800.png","contentUrl":"https:\/\/diwine.ee\/wp-content\/uploads\/2026\/03\/Caferlane-2020_800x800.png","width":800,"height":800},{"@type":"BreadcrumbList","@id":"https:\/\/diwine.ee\/product\/girard-bonnet-caferlane2020\/#breadcrumb","itemListElement":[{"@type":"ListItem","position":1,"name":"Home","item":"https:\/\/diwine.ee\/"},{"@type":"ListItem","position":2,"name":"e-pood","item":"https:\/\/diwine.ee\/tooted\/"},{"@type":"ListItem","position":3,"name":"Girard-Bonnet Caferlane 2020 \u2013 Grand Cru"}]},{"@type":"WebSite","@id":"https:\/\/diwine.ee\/#website","url":"https:\/\/diwine.ee\/","name":"diWine \u2013 Premium kvaliteetveinid \u00fcle maailma | Eesti veinipood","description":"Avasta diWine&#039;i hoolikalt valitud kvaliteetveinid maailma tippveinipiirkondadest. Eksklusiivsed punaveinid, valged veinid, vahuveinid ja eriveinid sinu erilisteks hetkedeks.","publisher":{"@id":"https:\/\/diwine.ee\/#organization"},"potentialAction":[{"@type":"SearchAction","target":{"@type":"EntryPoint","urlTemplate":"https:\/\/diwine.ee\/?s={search_term_string}"},"query-input":{"@type":"PropertyValueSpecification","valueRequired":true,"valueName":"search_term_string"}}],"inLanguage":"en-GB"},{"@type":"Organization","@id":"https:\/\/diwine.ee\/#organization","name":"diWine veinipood","url":"https:\/\/diwine.ee\/","logo":{"@type":"ImageObject","inLanguage":"en-GB","@id":"https:\/\/diwine.ee\/#\/schema\/logo\/image\/","url":"https:\/\/diwine.ee\/wp-content\/uploads\/2025\/04\/diWine-1080-x-1080-px.png","contentUrl":"https:\/\/diwine.ee\/wp-content\/uploads\/2025\/04\/diWine-1080-x-1080-px.png","width":1080,"height":1080,"caption":"diWine veinipood"},"image":{"@id":"https:\/\/diwine.ee\/#\/schema\/logo\/image\/"},"sameAs":["https:\/\/www.facebook.com\/profile.php?id=61573862347231","https:\/\/www.instagram.com\/diwine.ee"]}]}},"jetpack_sharing_enabled":true,"_links":{"self":[{"href":"https:\/\/diwine.ee\/en\/wp-json\/wp\/v2\/product\/29569","targetHints":{"allow":["GET"]}}],"collection":[{"href":"https:\/\/diwine.ee\/en\/wp-json\/wp\/v2\/product"}],"about":[{"href":"https:\/\/diwine.ee\/en\/wp-json\/wp\/v2\/types\/product"}],"version-history":[{"count":4,"href":"https:\/\/diwine.ee\/en\/wp-json\/wp\/v2\/product\/29569\/revisions"}],"predecessor-version":[{"id":29575,"href":"https:\/\/diwine.ee\/en\/wp-json\/wp\/v2\/product\/29569\/revisions\/29575"}],"wp:featuredmedia":[{"embeddable":true,"href":"https:\/\/diwine.ee\/en\/wp-json\/wp\/v2\/media\/29570"}],"wp:attachment":[{"href":"https:\/\/diwine.ee\/en\/wp-json\/wp\/v2\/media?parent=29569"}],"wp:term":[{"taxonomy":"product_brand","embeddable":true,"href":"https:\/\/diwine.ee\/en\/wp-json\/wp\/v2\/product_brand?post=29569"},{"taxonomy":"product_cat","embeddable":true,"href":"https:\/\/diwine.ee\/en\/wp-json\/wp\/v2\/product_cat?post=29569"},{"taxonomy":"product_tag","embeddable":true,"href":"https:\/\/diwine.ee\/en\/wp-json\/wp\/v2\/product_tag?post=29569"}],"curies":[{"name":"wp","href":"https:\/\/api.w.org\/{rel}","templated":true}]}}