{"id":29576,"date":"2026-03-11T20:36:54","date_gmt":"2026-03-11T18:36:54","guid":{"rendered":"https:\/\/diwine.ee\/?post_type=product&#038;p=29576"},"modified":"2026-03-16T13:44:00","modified_gmt":"2026-03-16T11:44:00","slug":"girard-bonnet-les-mussettes2020","status":"publish","type":"product","link":"https:\/\/diwine.ee\/en\/product\/girard-bonnet-les-mussettes2020\/","title":{"rendered":"Girard-Bonnet Les Mussettes 2020 \u2013 Grand Cru"},"content":{"rendered":"<div data-elementor-type=\"wp-post\" data-elementor-id=\"29576\" class=\"elementor elementor-29576\">\n\t\t\t\t<div class=\"wd-negative-gap elementor-element elementor-element-b496628 e-grid e-con-boxed e-con e-parent\" data-id=\"b496628\" data-element_type=\"container\" data-e-type=\"container\">\n\t\t\t\t\t<div class=\"e-con-inner\">\n\t\t\t\t<div class=\"elementor-element elementor-element-aa23989 elementor-widget elementor-widget-wd_text_block\" data-id=\"aa23989\" data-element_type=\"widget\" data-e-type=\"widget\" data-widget_type=\"wd_text_block.default\">\n\t\t\t\t<div class=\"elementor-widget-container\">\n\t\t\t\t\t\t\t<div class=\"wd-text-block reset-last-child text-left\">\n\t\t\t\n\t\t\t<h3 class=\"cvGsUA direction-ltr align-justify para-style-body\"><span class=\"OYPEnA font-feature-liga-off font-feature-clig-off font-feature-calt-off text-decoration-none text-strikethrough-none\">Veini lugu:<\/span><\/h3><p data-start=\"437\" data-end=\"740\"><strong data-start=\"437\" data-end=\"454\">Les Mussettes<\/strong> on Girard-Bonneti \u00fcksikkrundi cuv\u00e9e <strong data-start=\"491\" data-end=\"530\">Le Mesnil-sur-Oger Grand Cru k\u00fclast<\/strong>, mis on \u00fcks k\u00f5ige tuntumaid Chardonnay piirkondi Champagne\u2019is. See k\u00fcla on legendaarne veinide poolest, mille stiili m\u00e4\u00e4ravad <strong data-start=\"657\" data-end=\"739\">k\u00f5rge happestruktuur, v\u00e4ga kriidine mineraalsus ja erakordne arengupotentsiaal<\/strong>.<\/p><p data-start=\"742\" data-end=\"968\">Viinamarjad p\u00e4rinevad <strong data-start=\"764\" data-end=\"789\">vanadelt viinapuudelt<\/strong>, mis annavad v\u00e4iksema saagi, kuid suurema kontsentratsiooni ja s\u00fcgavuse. Les Mussettes on seet\u00f5ttu m\u00e4rgatavalt <strong data-start=\"901\" data-end=\"926\">rangem ja mineraalsem<\/strong> kui Girard-Bonneti Oger v\u00f5i Avize veinid.<\/p><p data-start=\"970\" data-end=\"1112\">Aastak\u00e4ik <strong data-start=\"980\" data-end=\"988\">2020<\/strong> andis k\u00fcpsema puuviljaprofiili, kuid Le Mesnil\u2019i kriidine pinnas s\u00e4ilitab veinis siiski v\u00e4ga selge ja pingelise struktuuri.<\/p><p data-start=\"536\" data-end=\"1111\"><span style=\"color: #1b1919; font-size: 22px;\">Veini valmistamine:<\/span><\/p><p data-start=\"2079\" data-end=\"2271\">Viinamarjad p\u00e4rinevad <strong data-start=\"2101\" data-end=\"2159\">Le Mesnil-sur-Oger Grand Cru istandusest Les Mussettes<\/strong>, kus Chardonnay kasvab s\u00fcgaval kriidipinnasel. Korje toimub k\u00e4sitsi, et s\u00e4ilitada marjade kvaliteet ja v\u00e4rskus.<\/p><p data-start=\"2273\" data-end=\"2397\">Pressimine on \u00f5rn ning k\u00e4\u00e4rimine toimub <strong data-start=\"2313\" data-end=\"2330\">tammevaatides<\/strong>, mis lisab veinile tekstuuri ja mikrooks\u00fcdatsiooni kaudu s\u00fcgavust.<\/p><p data-start=\"2399\" data-end=\"2539\">P\u00e4rast esmast k\u00e4\u00e4rimist k\u00fcpseb vein <strong data-start=\"2435\" data-end=\"2457\">pikalt p\u00e4rmisettel<\/strong>, mis annab \u0161ampanjale kompleksust ja peenemat mullitekstuuri enne \u00fcmberkorkimist.<\/p><p data-start=\"1679\" data-end=\"1857\"><strong data-start=\"1646\" data-end=\"1667\">Tehnilised andmed<\/strong><\/p><p data-start=\"540\" data-end=\"566\">Viinamari: Chardonnay<br data-start=\"3053\" data-end=\"3056\" \/>P\u00e4ritolu: Le Mesnil-sur-Oger Grand Cru \u2013 Les Mussettes<br data-start=\"3110\" data-end=\"3113\" \/>Koostis: 2020 aastak\u00e4ik<br data-start=\"3136\" data-end=\"3139\" \/>Vinifikatsioon: tammevaadid<br data-start=\"3166\" data-end=\"3169\" \/>Dosaaz: 0 g\/l (Brut Nature)<br data-start=\"3196\" data-end=\"3199\" \/>Alkohol: 12.5%<br data-start=\"3213\" data-end=\"3216\" \/>\u00dcmberkorkimine: 16. veebruar 2026<\/p>\n\t\t\t\t\t<\/div>\n\t\t\t\t\t\t<\/div>\n\t\t\t\t<\/div>\n\t\t\t\t<div class=\"elementor-element elementor-element-f22db15 elementor-widget elementor-widget-wd_text_block\" data-id=\"f22db15\" data-element_type=\"widget\" data-e-type=\"widget\" data-widget_type=\"wd_text_block.default\">\n\t\t\t\t<div class=\"elementor-widget-container\">\n\t\t\t\t\t\t\t<div class=\"wd-text-block reset-last-child text-left\">\n\t\t\t\n\t\t\t<h3 class=\"cvGsUA direction-ltr align-justify para-style-body\"><span class=\"OYPEnA font-feature-liga-off font-feature-clig-off font-feature-calt-off text-decoration-none text-strikethrough-none\">Maitsenoodid:<\/span><\/h3><p data-start=\"1135\" data-end=\"1371\">Aroomis tulevad esile <strong data-start=\"1157\" data-end=\"1195\">sidrunikoor, greip ja roheline \u00f5un<\/strong>, millele lisanduvad <strong data-start=\"1216\" data-end=\"1280\">kriidine mineraalsus, valged \u00f5ied ja kerge mereline soolakus<\/strong>. P\u00e4rmisettel k\u00fcpsemine toob esile <strong data-start=\"1315\" data-end=\"1370\">brioche\u2019i, r\u00f6stitud mandli ja sarapuup\u00e4hkli n\u00fcansid<\/strong>.<\/p><p data-start=\"1373\" data-end=\"1642\">Suus on vein <strong data-start=\"1386\" data-end=\"1413\">v\u00e4ga sirge ja pingeline<\/strong>. Tsitruseline hape annab veini struktuurile selge joone, samal ajal kui vanade viinapuude kontsentratsioon lisab keskele s\u00fcgavust. J\u00e4relmaitse on <strong data-start=\"1560\" data-end=\"1593\">pikk, kuiv ja v\u00e4ga mineraalne<\/strong>, kus domineerivad kriidi ja sidrunikoore toonid.<\/p><p data-start=\"2066\" data-end=\"2256\"><span style=\"color: #1b1919; font-size: 22px;\">Toidusoovitus:<\/span><\/p><p data-start=\"1666\" data-end=\"1758\">Les Mussettes sobib eriti h\u00e4sti roogadega, kus on oluline <strong data-start=\"1724\" data-end=\"1757\">puhtus ja mineraalne tasakaal<\/strong>.<\/p><p data-start=\"1760\" data-end=\"1782\">Hea paariline n\u00e4iteks:<\/p><ul data-start=\"1784\" data-end=\"1896\"><li data-section-id=\"101uoqg\" data-start=\"1784\" data-end=\"1805\"><p data-start=\"1786\" data-end=\"1805\">austrid ja karbid<\/p><\/li><li data-section-id=\"14xubym\" data-start=\"1806\" data-end=\"1833\"><p data-start=\"1808\" data-end=\"1833\">kammkarp v\u00f5i merisiilik<\/p><\/li><li data-section-id=\"15qco31\" data-start=\"1834\" data-end=\"1866\"><p data-start=\"1836\" data-end=\"1866\">grillitud merikeel v\u00f5i tursk<\/p><\/li><li data-section-id=\"12kiwyb\" data-start=\"1867\" data-end=\"1896\"><p data-start=\"1869\" data-end=\"1896\">sashimi ja toored mereannid<\/p><\/li><\/ul><p data-start=\"1898\" data-end=\"2050\">Veini pingeline hape ja mineraalne struktuur toimivad v\u00e4ga h\u00e4sti ka <strong data-start=\"1966\" data-end=\"2007\">soolaste ja joodirikaste mereandidega<\/strong>, kus vein r\u00f5hutab roa loomulikku magusust.<\/p>\n\t\t\t\t\t<\/div>\n\t\t\t\t\t\t<\/div>\n\t\t\t\t<\/div>\n\t\t\t\t<div class=\"elementor-element elementor-element-79dff25 elementor-widget elementor-widget-wd_text_block\" data-id=\"79dff25\" data-element_type=\"widget\" data-e-type=\"widget\" data-widget_type=\"wd_text_block.default\">\n\t\t\t\t<div class=\"elementor-widget-container\">\n\t\t\t\t\t\t\t<div class=\"wd-text-block reset-last-child text-left\">\n\t\t\t\n\t\t\t<h3 class=\"cvGsUA direction-ltr align-justify para-style-body\"><span class=\"OYPEnA font-feature-liga-off font-feature-clig-off font-feature-calt-off text-decoration-none text-strikethrough-none\">S\u00e4ilitamispotentsiaal:<\/span><\/h3><p data-start=\"30\" data-end=\"380\">Les Mussettes on t\u00e4nu Le Mesnil-sur-Oger\u2019i struktuurile v\u00e4ga hea <strong data-start=\"2636\" data-end=\"2674\">pika arengupotentsiaaliga \u0161ampanja<\/strong>. Vein areneb pudelis h\u00e4sti <strong data-start=\"2702\" data-end=\"2718\">12\u201315 aastat<\/strong>, mille jooksul tulevad esile <strong data-start=\"2748\" data-end=\"2807\">k\u00fcpsed tsitrused, r\u00f6stitud p\u00e4hklid ja brioche\u2019i n\u00fcansid<\/strong>, samas kui kriidine mineraalsus j\u00e4\u00e4b selgelt tajutavaks.<\/p><h3 class=\"cvGsUA direction-ltr align-justify para-style-body\"><span class=\"OYPEnA font-feature-liga-off font-feature-clig-off font-feature-calt-off text-decoration-none text-strikethrough-none\">Hinnangud &amp; tunnustused:<\/span><\/h3><p>Girard-Bonneti \u00fcksikkrundi \u0161ampanjad on saanud rahvusvaheliste kriitikute poolt tugevaid hinnanguid ning neid hinnatakse k\u00f5rgelt C\u00f4te des Blancs\u2019i terroir-p\u00f5hise stiili v\u00e4ljendusena.<\/p>\n\t\t\t\t\t<\/div>\n\t\t\t\t\t\t<\/div>\n\t\t\t\t<\/div>\n\t\t\t\t\t<\/div>\n\t\t\t\t<\/div>\n\t\t\t\t<\/div>","protected":false},"excerpt":{"rendered":"<p>Le Mesnil-sur-Oger Grand Cru Chardonnay vanadelt viinapuudelt, mille stiili m\u00e4\u00e4ravad kriidine mineraalsus, tsitruseline pinge ja v\u00e4ga t\u00e4pne happestruktuur.<\/p>","protected":false},"featured_media":29577,"template":"","meta":[],"product_brand":[182],"product_cat":[29,93],"product_tag":[],"class_list":{"0":"post-29576","1":"product","2":"type-product","3":"status-publish","4":"has-post-thumbnail","6":"product_brand-girard-bonnet","7":"product_cat-koik-tooted","8":"product_cat-sampanja","9":"pa_piirkond-champagne","10":"pa_viinamarjasort-chardonnay","12":"first","13":"instock","14":"featured","15":"taxable","16":"shipping-taxable","17":"purchasable","18":"product-type-simple"},"yoast_head":"<!-- This site is optimized with the Yoast SEO plugin v27.4 - https:\/\/yoast.com\/product\/yoast-seo-wordpress\/ -->\n<title>Girard-Bonnet Les Mussettes 2020 \u2013 Grand Cru - diWine &ndash; Premium kvaliteetveinid &uuml;le maailma | Eesti veinipood<\/title>\n<meta name=\"robots\" content=\"index, follow, max-snippet:-1, max-image-preview:large, max-video-preview:-1\" \/>\n<link rel=\"canonical\" href=\"https:\/\/diwine.ee\/en\/product\/girard-bonnet-les-mussettes2020\/\" \/>\n<meta property=\"og:locale\" content=\"en_GB\" \/>\n<meta property=\"og:type\" content=\"article\" \/>\n<meta property=\"og:title\" content=\"Girard-Bonnet Les Mussettes 2020 \u2013 Grand Cru - diWine &ndash; Premium kvaliteetveinid &uuml;le maailma | Eesti veinipood\" \/>\n<meta property=\"og:description\" content=\"Le Mesnil-sur-Oger Grand Cru Chardonnay vanadelt viinapuudelt, mille stiili m\u00e4\u00e4ravad kriidine mineraalsus, tsitruseline pinge ja v\u00e4ga t\u00e4pne happestruktuur.\" \/>\n<meta property=\"og:url\" content=\"https:\/\/diwine.ee\/en\/product\/girard-bonnet-les-mussettes2020\/\" \/>\n<meta property=\"og:site_name\" content=\"diWine &ndash; Premium kvaliteetveinid &uuml;le maailma | Eesti veinipood\" \/>\n<meta property=\"article:publisher\" content=\"https:\/\/www.facebook.com\/profile.php?id=61573862347231\" \/>\n<meta property=\"article:modified_time\" content=\"2026-03-16T11:44:00+00:00\" \/>\n<meta property=\"og:image\" content=\"https:\/\/diwine.ee\/wp-content\/uploads\/2026\/03\/Les-Mussettes-2020_800x800.png\" \/>\n\t<meta property=\"og:image:width\" content=\"800\" \/>\n\t<meta property=\"og:image:height\" content=\"800\" \/>\n\t<meta property=\"og:image:type\" content=\"image\/png\" \/>\n<meta name=\"twitter:card\" content=\"summary_large_image\" \/>\n<meta name=\"twitter:label1\" content=\"Estimated reading time\" \/>\n\t<meta name=\"twitter:data1\" content=\"2 minutes\" \/>\n<script type=\"application\/ld+json\" class=\"yoast-schema-graph\">{\"@context\":\"https:\\\/\\\/schema.org\",\"@graph\":[{\"@type\":\"WebPage\",\"@id\":\"https:\\\/\\\/diwine.ee\\\/product\\\/girard-bonnet-les-mussettes2020\\\/\",\"url\":\"https:\\\/\\\/diwine.ee\\\/product\\\/girard-bonnet-les-mussettes2020\\\/\",\"name\":\"Girard-Bonnet Les Mussettes 2020 \u2013 Grand Cru - diWine &ndash; Premium kvaliteetveinid &uuml;le maailma | Eesti veinipood\",\"isPartOf\":{\"@id\":\"https:\\\/\\\/diwine.ee\\\/#website\"},\"primaryImageOfPage\":{\"@id\":\"https:\\\/\\\/diwine.ee\\\/product\\\/girard-bonnet-les-mussettes2020\\\/#primaryimage\"},\"image\":{\"@id\":\"https:\\\/\\\/diwine.ee\\\/product\\\/girard-bonnet-les-mussettes2020\\\/#primaryimage\"},\"thumbnailUrl\":\"https:\\\/\\\/diwine.ee\\\/wp-content\\\/uploads\\\/2026\\\/03\\\/Les-Mussettes-2020_800x800.png\",\"datePublished\":\"2026-03-11T18:36:54+00:00\",\"dateModified\":\"2026-03-16T11:44:00+00:00\",\"breadcrumb\":{\"@id\":\"https:\\\/\\\/diwine.ee\\\/product\\\/girard-bonnet-les-mussettes2020\\\/#breadcrumb\"},\"inLanguage\":\"en-GB\",\"potentialAction\":[{\"@type\":\"ReadAction\",\"target\":[\"https:\\\/\\\/diwine.ee\\\/product\\\/girard-bonnet-les-mussettes2020\\\/\"]}]},{\"@type\":\"ImageObject\",\"inLanguage\":\"en-GB\",\"@id\":\"https:\\\/\\\/diwine.ee\\\/product\\\/girard-bonnet-les-mussettes2020\\\/#primaryimage\",\"url\":\"https:\\\/\\\/diwine.ee\\\/wp-content\\\/uploads\\\/2026\\\/03\\\/Les-Mussettes-2020_800x800.png\",\"contentUrl\":\"https:\\\/\\\/diwine.ee\\\/wp-content\\\/uploads\\\/2026\\\/03\\\/Les-Mussettes-2020_800x800.png\",\"width\":800,\"height\":800},{\"@type\":\"BreadcrumbList\",\"@id\":\"https:\\\/\\\/diwine.ee\\\/product\\\/girard-bonnet-les-mussettes2020\\\/#breadcrumb\",\"itemListElement\":[{\"@type\":\"ListItem\",\"position\":1,\"name\":\"Home\",\"item\":\"https:\\\/\\\/diwine.ee\\\/\"},{\"@type\":\"ListItem\",\"position\":2,\"name\":\"e-pood\",\"item\":\"https:\\\/\\\/diwine.ee\\\/tooted\\\/\"},{\"@type\":\"ListItem\",\"position\":3,\"name\":\"Girard-Bonnet Les Mussettes 2020 \u2013 Grand Cru\"}]},{\"@type\":\"WebSite\",\"@id\":\"https:\\\/\\\/diwine.ee\\\/#website\",\"url\":\"https:\\\/\\\/diwine.ee\\\/\",\"name\":\"diWine \u2013 Premium kvaliteetveinid \u00fcle maailma | Eesti veinipood\",\"description\":\"Avasta diWine&#039;i hoolikalt valitud kvaliteetveinid maailma tippveinipiirkondadest. Eksklusiivsed punaveinid, valged veinid, vahuveinid ja eriveinid sinu erilisteks hetkedeks.\",\"publisher\":{\"@id\":\"https:\\\/\\\/diwine.ee\\\/#organization\"},\"potentialAction\":[{\"@type\":\"SearchAction\",\"target\":{\"@type\":\"EntryPoint\",\"urlTemplate\":\"https:\\\/\\\/diwine.ee\\\/?s={search_term_string}\"},\"query-input\":{\"@type\":\"PropertyValueSpecification\",\"valueRequired\":true,\"valueName\":\"search_term_string\"}}],\"inLanguage\":\"en-GB\"},{\"@type\":\"Organization\",\"@id\":\"https:\\\/\\\/diwine.ee\\\/#organization\",\"name\":\"diWine veinipood\",\"url\":\"https:\\\/\\\/diwine.ee\\\/\",\"logo\":{\"@type\":\"ImageObject\",\"inLanguage\":\"en-GB\",\"@id\":\"https:\\\/\\\/diwine.ee\\\/#\\\/schema\\\/logo\\\/image\\\/\",\"url\":\"https:\\\/\\\/diwine.ee\\\/wp-content\\\/uploads\\\/2025\\\/04\\\/diWine-1080-x-1080-px.png\",\"contentUrl\":\"https:\\\/\\\/diwine.ee\\\/wp-content\\\/uploads\\\/2025\\\/04\\\/diWine-1080-x-1080-px.png\",\"width\":1080,\"height\":1080,\"caption\":\"diWine veinipood\"},\"image\":{\"@id\":\"https:\\\/\\\/diwine.ee\\\/#\\\/schema\\\/logo\\\/image\\\/\"},\"sameAs\":[\"https:\\\/\\\/www.facebook.com\\\/profile.php?id=61573862347231\",\"https:\\\/\\\/www.instagram.com\\\/diwine.ee\"]}]}<\/script>\n<!-- \/ Yoast SEO plugin. -->","yoast_head_json":{"title":"Girard-Bonnet Les Mussettes 2020 \u2013 Grand Cru - diWine &ndash; Premium kvaliteetveinid &uuml;le maailma | Eesti veinipood","robots":{"index":"index","follow":"follow","max-snippet":"max-snippet:-1","max-image-preview":"max-image-preview:large","max-video-preview":"max-video-preview:-1"},"canonical":"https:\/\/diwine.ee\/en\/product\/girard-bonnet-les-mussettes2020\/","og_locale":"en_GB","og_type":"article","og_title":"Girard-Bonnet Les Mussettes 2020 \u2013 Grand Cru - diWine &ndash; Premium kvaliteetveinid &uuml;le maailma | Eesti veinipood","og_description":"Le Mesnil-sur-Oger Grand Cru Chardonnay vanadelt viinapuudelt, mille stiili m\u00e4\u00e4ravad kriidine mineraalsus, tsitruseline pinge ja v\u00e4ga t\u00e4pne happestruktuur.","og_url":"https:\/\/diwine.ee\/en\/product\/girard-bonnet-les-mussettes2020\/","og_site_name":"diWine &ndash; Premium kvaliteetveinid &uuml;le maailma | Eesti veinipood","article_publisher":"https:\/\/www.facebook.com\/profile.php?id=61573862347231","article_modified_time":"2026-03-16T11:44:00+00:00","og_image":[{"width":800,"height":800,"url":"https:\/\/diwine.ee\/wp-content\/uploads\/2026\/03\/Les-Mussettes-2020_800x800.png","type":"image\/png"}],"twitter_card":"summary_large_image","twitter_misc":{"Estimated reading time":"2 minutes"},"schema":{"@context":"https:\/\/schema.org","@graph":[{"@type":"WebPage","@id":"https:\/\/diwine.ee\/product\/girard-bonnet-les-mussettes2020\/","url":"https:\/\/diwine.ee\/product\/girard-bonnet-les-mussettes2020\/","name":"Girard-Bonnet Les Mussettes 2020 \u2013 Grand Cru - diWine &ndash; Premium kvaliteetveinid &uuml;le maailma | Eesti veinipood","isPartOf":{"@id":"https:\/\/diwine.ee\/#website"},"primaryImageOfPage":{"@id":"https:\/\/diwine.ee\/product\/girard-bonnet-les-mussettes2020\/#primaryimage"},"image":{"@id":"https:\/\/diwine.ee\/product\/girard-bonnet-les-mussettes2020\/#primaryimage"},"thumbnailUrl":"https:\/\/diwine.ee\/wp-content\/uploads\/2026\/03\/Les-Mussettes-2020_800x800.png","datePublished":"2026-03-11T18:36:54+00:00","dateModified":"2026-03-16T11:44:00+00:00","breadcrumb":{"@id":"https:\/\/diwine.ee\/product\/girard-bonnet-les-mussettes2020\/#breadcrumb"},"inLanguage":"en-GB","potentialAction":[{"@type":"ReadAction","target":["https:\/\/diwine.ee\/product\/girard-bonnet-les-mussettes2020\/"]}]},{"@type":"ImageObject","inLanguage":"en-GB","@id":"https:\/\/diwine.ee\/product\/girard-bonnet-les-mussettes2020\/#primaryimage","url":"https:\/\/diwine.ee\/wp-content\/uploads\/2026\/03\/Les-Mussettes-2020_800x800.png","contentUrl":"https:\/\/diwine.ee\/wp-content\/uploads\/2026\/03\/Les-Mussettes-2020_800x800.png","width":800,"height":800},{"@type":"BreadcrumbList","@id":"https:\/\/diwine.ee\/product\/girard-bonnet-les-mussettes2020\/#breadcrumb","itemListElement":[{"@type":"ListItem","position":1,"name":"Home","item":"https:\/\/diwine.ee\/"},{"@type":"ListItem","position":2,"name":"e-pood","item":"https:\/\/diwine.ee\/tooted\/"},{"@type":"ListItem","position":3,"name":"Girard-Bonnet Les Mussettes 2020 \u2013 Grand Cru"}]},{"@type":"WebSite","@id":"https:\/\/diwine.ee\/#website","url":"https:\/\/diwine.ee\/","name":"diWine \u2013 Premium kvaliteetveinid \u00fcle maailma | Eesti veinipood","description":"Avasta diWine&#039;i hoolikalt valitud kvaliteetveinid maailma tippveinipiirkondadest. Eksklusiivsed punaveinid, valged veinid, vahuveinid ja eriveinid sinu erilisteks hetkedeks.","publisher":{"@id":"https:\/\/diwine.ee\/#organization"},"potentialAction":[{"@type":"SearchAction","target":{"@type":"EntryPoint","urlTemplate":"https:\/\/diwine.ee\/?s={search_term_string}"},"query-input":{"@type":"PropertyValueSpecification","valueRequired":true,"valueName":"search_term_string"}}],"inLanguage":"en-GB"},{"@type":"Organization","@id":"https:\/\/diwine.ee\/#organization","name":"diWine veinipood","url":"https:\/\/diwine.ee\/","logo":{"@type":"ImageObject","inLanguage":"en-GB","@id":"https:\/\/diwine.ee\/#\/schema\/logo\/image\/","url":"https:\/\/diwine.ee\/wp-content\/uploads\/2025\/04\/diWine-1080-x-1080-px.png","contentUrl":"https:\/\/diwine.ee\/wp-content\/uploads\/2025\/04\/diWine-1080-x-1080-px.png","width":1080,"height":1080,"caption":"diWine veinipood"},"image":{"@id":"https:\/\/diwine.ee\/#\/schema\/logo\/image\/"},"sameAs":["https:\/\/www.facebook.com\/profile.php?id=61573862347231","https:\/\/www.instagram.com\/diwine.ee"]}]}},"jetpack_sharing_enabled":true,"_links":{"self":[{"href":"https:\/\/diwine.ee\/en\/wp-json\/wp\/v2\/product\/29576","targetHints":{"allow":["GET"]}}],"collection":[{"href":"https:\/\/diwine.ee\/en\/wp-json\/wp\/v2\/product"}],"about":[{"href":"https:\/\/diwine.ee\/en\/wp-json\/wp\/v2\/types\/product"}],"version-history":[{"count":4,"href":"https:\/\/diwine.ee\/en\/wp-json\/wp\/v2\/product\/29576\/revisions"}],"predecessor-version":[{"id":29581,"href":"https:\/\/diwine.ee\/en\/wp-json\/wp\/v2\/product\/29576\/revisions\/29581"}],"wp:featuredmedia":[{"embeddable":true,"href":"https:\/\/diwine.ee\/en\/wp-json\/wp\/v2\/media\/29577"}],"wp:attachment":[{"href":"https:\/\/diwine.ee\/en\/wp-json\/wp\/v2\/media?parent=29576"}],"wp:term":[{"taxonomy":"product_brand","embeddable":true,"href":"https:\/\/diwine.ee\/en\/wp-json\/wp\/v2\/product_brand?post=29576"},{"taxonomy":"product_cat","embeddable":true,"href":"https:\/\/diwine.ee\/en\/wp-json\/wp\/v2\/product_cat?post=29576"},{"taxonomy":"product_tag","embeddable":true,"href":"https:\/\/diwine.ee\/en\/wp-json\/wp\/v2\/product_tag?post=29576"}],"curies":[{"name":"wp","href":"https:\/\/api.w.org\/{rel}","templated":true}]}}