{"id":29582,"date":"2026-03-11T20:40:54","date_gmt":"2026-03-11T18:40:54","guid":{"rendered":"https:\/\/diwine.ee\/?post_type=product&#038;p=29582"},"modified":"2026-03-16T13:43:50","modified_gmt":"2026-03-16T11:43:50","slug":"girard-bonnet-recueil-extrait-no3","status":"publish","type":"product","link":"https:\/\/diwine.ee\/en\/product\/girard-bonnet-recueil-extrait-no3\/","title":{"rendered":"Girard-Bonnet Recueil Extrait N\u00b03"},"content":{"rendered":"<div data-elementor-type=\"wp-post\" data-elementor-id=\"29582\" class=\"elementor elementor-29582\">\n\t\t\t\t<div class=\"wd-negative-gap elementor-element elementor-element-b496628 e-grid e-con-boxed e-con e-parent\" data-id=\"b496628\" data-element_type=\"container\" data-e-type=\"container\">\n\t\t\t\t\t<div class=\"e-con-inner\">\n\t\t\t\t<div class=\"elementor-element elementor-element-aa23989 elementor-widget elementor-widget-wd_text_block\" data-id=\"aa23989\" data-element_type=\"widget\" data-e-type=\"widget\" data-widget_type=\"wd_text_block.default\">\n\t\t\t\t<div class=\"elementor-widget-container\">\n\t\t\t\t\t\t\t<div class=\"wd-text-block reset-last-child text-left\">\n\t\t\t\n\t\t\t<h3 class=\"cvGsUA direction-ltr align-justify para-style-body\"><span class=\"OYPEnA font-feature-liga-off font-feature-clig-off font-feature-calt-off text-decoration-none text-strikethrough-none\">Veini lugu:<\/span><\/h3><p data-start=\"431\" data-end=\"610\"><strong data-start=\"431\" data-end=\"450\">Recueil Extrait<\/strong> on Girard-Bonneti eksperimentaalne cuv\u00e9e, mille eesm\u00e4rk on uurida Champagne\u2019i erinevaid viinamarju ja terroir\u2019e v\u00e4ljaspool nende tavap\u00e4rast Chardonnay-fookust.<\/p><p data-start=\"612\" data-end=\"807\">Kui enamik maja veine p\u00f5hineb C\u00f4te des Blancs\u2019i Chardonnay\u2019l, siis Recueil Extrait keskendub <strong data-start=\"705\" data-end=\"725\">Pinot Meunier\u2019le<\/strong>, mis on Champagne\u2019is tuntud oma <strong data-start=\"758\" data-end=\"798\">puuviljasema ja veidi pehmema stiili<\/strong> poolest.<\/p><p data-start=\"809\" data-end=\"1065\">See projekt v\u00f5imaldab Paul Girard\u2019il katsetada erinevaid vinifikatsiooniviise ja v\u00e4ikeseid partiisid, mis ei kuulu p\u00f5hivalikusse. Seet\u00f5ttu on Recueil Extrait veinid sageli <strong data-start=\"981\" data-end=\"1015\">v\u00e4ga piiratud koguses toodetud<\/strong> ja iga number t\u00e4histab uut versiooni v\u00f5i partiid.<\/p><p data-start=\"536\" data-end=\"1111\"><span style=\"color: #1b1919; font-size: 22px;\">Veini valmistamine:<\/span><\/p><p data-start=\"1922\" data-end=\"2059\">Viinamarjad p\u00e4rinevad Pinot Meunier istandustest Champagne\u2019is. Korje toimub k\u00e4sitsi, et s\u00e4ilitada marjade kvaliteet ja optimaalne k\u00fcpsus.<\/p><p data-start=\"2061\" data-end=\"2325\">Pressimine on \u00f5rn ning k\u00e4\u00e4rimine toimub <strong data-start=\"2101\" data-end=\"2118\">tammevaatides<\/strong>, mis lisab veinile tekstuuri ja s\u00fcgavust. Nagu Girard-Bonneti teised veinid, k\u00fcpseb ka Recueil Extrait <strong data-start=\"2222\" data-end=\"2244\">pikalt p\u00e4rmisettel<\/strong>, mis annab \u0161ampanjale kompleksuse ja peenema mullitekstuuri enne \u00fcmberkorkimist.<\/p><p data-start=\"1679\" data-end=\"1857\"><strong data-start=\"1646\" data-end=\"1667\">Tehnilised andmed<\/strong><\/p><p data-start=\"540\" data-end=\"566\">Viinamari: Pinot Meunier<br data-start=\"2765\" data-end=\"2768\" \/>P\u00e4ritolu: Champagne<br data-start=\"2787\" data-end=\"2790\" \/>Koostis: NV<br data-start=\"2801\" data-end=\"2804\" \/>Vinifikatsioon: tammevaadid<br data-start=\"2831\" data-end=\"2834\" \/>Dosaaz: 0 g\/l (Brut Nature)<br data-start=\"2861\" data-end=\"2864\" \/>Alkohol: 12.5%<br data-start=\"2878\" data-end=\"2881\" \/>\u00dcmberkorkimine: 2026<\/p>\n\t\t\t\t\t<\/div>\n\t\t\t\t\t\t<\/div>\n\t\t\t\t<\/div>\n\t\t\t\t<div class=\"elementor-element elementor-element-f22db15 elementor-widget elementor-widget-wd_text_block\" data-id=\"f22db15\" data-element_type=\"widget\" data-e-type=\"widget\" data-widget_type=\"wd_text_block.default\">\n\t\t\t\t<div class=\"elementor-widget-container\">\n\t\t\t\t\t\t\t<div class=\"wd-text-block reset-last-child text-left\">\n\t\t\t\n\t\t\t<h3 class=\"cvGsUA direction-ltr align-justify para-style-body\"><span class=\"OYPEnA font-feature-liga-off font-feature-clig-off font-feature-calt-off text-decoration-none text-strikethrough-none\">Maitsenoodid:<\/span><\/h3><p data-start=\"1088\" data-end=\"1288\">Aroomis tulevad esile <strong data-start=\"1110\" data-end=\"1151\">punane \u00f5un, metsmaasikas ja k\u00fcps pirn<\/strong>, millele lisanduvad <strong data-start=\"1172\" data-end=\"1211\">kerged v\u00fcrtsised ja \u00fcrdised n\u00fcansid<\/strong>. P\u00e4rmisettel k\u00fcpsemine annab veinile <strong data-start=\"1249\" data-end=\"1287\">brioche\u2019i ja r\u00f6stitud mandli toone<\/strong>.<\/p><p data-start=\"1290\" data-end=\"1486\">Suus on vein <strong data-start=\"1303\" data-end=\"1323\">pehme ja mahlane<\/strong>, kus Pinot Meunier\u2019le omane puuviljasus kohtub v\u00e4rske happestruktuuriga. J\u00e4relmaitse on <strong data-start=\"1412\" data-end=\"1441\">pikk ja kergelt v\u00fcrtsikas<\/strong>, kus p\u00fcsivad punaste marjade ja \u00f5una toonid.<\/p><p data-start=\"1135\" data-end=\"1371\"><span style=\"color: #1b1919; font-size: 22px;\">Toidusoovitus:<\/span><\/p><p data-start=\"1510\" data-end=\"1601\">Recueil Extrait sobib h\u00e4sti roogadega, kus on <strong data-start=\"1556\" data-end=\"1600\">rohkem tekstuuri ja veidi tugevam maitse<\/strong>.<\/p><p data-start=\"1603\" data-end=\"1625\">Hea paariline n\u00e4iteks:<\/p><ul data-start=\"1627\" data-end=\"1717\"><li data-section-id=\"1p13q4e\" data-start=\"1627\" data-end=\"1655\"><p data-start=\"1629\" data-end=\"1655\">r\u00f6stitud kana v\u00f5i kalkun<\/p><\/li><li data-section-id=\"1yct348\" data-start=\"1656\" data-end=\"1669\"><p data-start=\"1658\" data-end=\"1669\">seeneroad<\/p><\/li><li data-section-id=\"kjljhg\" data-start=\"1670\" data-end=\"1698\"><p data-start=\"1672\" data-end=\"1698\">kergelt suitsutatud kala<\/p><\/li><li data-section-id=\"10k8mmh\" data-start=\"1699\" data-end=\"1717\"><p data-start=\"1701\" data-end=\"1717\">pehmemad juustud<\/p><\/li><\/ul><p data-start=\"1719\" data-end=\"1893\">Pinot Meunier\u2019 puuviljane ja veidi v\u00fcrtsikas karakter sobib h\u00e4sti ka <strong data-start=\"1788\" data-end=\"1815\">kergemate liharoogadega<\/strong>, mis ei oleks klassikalise Blanc de Blancs\u2019i jaoks nii loomulikud paarilised.<\/p>\n\t\t\t\t\t<\/div>\n\t\t\t\t\t\t<\/div>\n\t\t\t\t<\/div>\n\t\t\t\t<div class=\"elementor-element elementor-element-79dff25 elementor-widget elementor-widget-wd_text_block\" data-id=\"79dff25\" data-element_type=\"widget\" data-e-type=\"widget\" data-widget_type=\"wd_text_block.default\">\n\t\t\t\t<div class=\"elementor-widget-container\">\n\t\t\t\t\t\t\t<div class=\"wd-text-block reset-last-child text-left\">\n\t\t\t\n\t\t\t<h3 class=\"cvGsUA direction-ltr align-justify para-style-body\"><span class=\"OYPEnA font-feature-liga-off font-feature-clig-off font-feature-calt-off text-decoration-none text-strikethrough-none\">S\u00e4ilitamispotentsiaal:<\/span><\/h3><p data-start=\"30\" data-end=\"380\">Recueil Extrait on nauditav juba noorena t\u00e4nu oma puuviljasele ja mahlasele stiilile, kuid areneb pudelis h\u00e4sti <strong data-start=\"2469\" data-end=\"2483\">5\u20138 aastat<\/strong>, mille jooksul muutuvad aroomid s\u00fcgavamaks ja esile tulevad <strong data-start=\"2544\" data-end=\"2591\">k\u00fcpsed \u00f5unad, p\u00e4hklised ja brioche\u2019i toonid<\/strong>.<\/p><h3 class=\"cvGsUA direction-ltr align-justify para-style-body\"><span class=\"OYPEnA font-feature-liga-off font-feature-clig-off font-feature-calt-off text-decoration-none text-strikethrough-none\">Hinnangud &amp; tunnustused:<\/span><\/h3><p>Hetkel ei ole selle cuv\u00e9e kohta avaldatud rahvusvaheliste kriitikute punktihinnanguid.<\/p>\n\t\t\t\t\t<\/div>\n\t\t\t\t\t\t<\/div>\n\t\t\t\t<\/div>\n\t\t\t\t\t<\/div>\n\t\t\t\t<\/div>\n\t\t\t\t<\/div>","protected":false},"excerpt":{"rendered":"<p>Pinot Meunier \u0161ampanja, mille stiilis kohtuvad punase \u00f5una ja metsamarjade puuviljasus, peen v\u00fcrtsikus ja mineraalne v\u00e4rskus.<\/p>","protected":false},"featured_media":29583,"template":"","meta":[],"product_brand":[182],"product_cat":[29,93],"product_tag":[],"class_list":{"0":"post-29582","1":"product","2":"type-product","3":"status-publish","4":"has-post-thumbnail","6":"product_brand-girard-bonnet","7":"product_cat-koik-tooted","8":"product_cat-sampanja","9":"pa_piirkond-champagne","10":"pa_viinamarjasort-meunier","12":"first","13":"instock","14":"featured","15":"taxable","16":"shipping-taxable","17":"purchasable","18":"product-type-simple"},"yoast_head":"<!-- This site is optimized with the Yoast SEO plugin v27.4 - https:\/\/yoast.com\/product\/yoast-seo-wordpress\/ -->\n<title>Girard-Bonnet Recueil Extrait N\u00b03 - diWine &ndash; Premium kvaliteetveinid &uuml;le maailma | Eesti veinipood<\/title>\n<meta name=\"robots\" content=\"index, follow, max-snippet:-1, max-image-preview:large, max-video-preview:-1\" \/>\n<link rel=\"canonical\" href=\"https:\/\/diwine.ee\/en\/product\/girard-bonnet-recueil-extrait-no3\/\" \/>\n<meta property=\"og:locale\" content=\"en_GB\" \/>\n<meta property=\"og:type\" content=\"article\" \/>\n<meta property=\"og:title\" content=\"Girard-Bonnet Recueil Extrait N\u00b03 - diWine &ndash; Premium kvaliteetveinid &uuml;le maailma | Eesti veinipood\" \/>\n<meta property=\"og:description\" content=\"Pinot Meunier \u0161ampanja, mille stiilis kohtuvad punase \u00f5una ja metsamarjade puuviljasus, peen v\u00fcrtsikus ja mineraalne v\u00e4rskus.\" \/>\n<meta property=\"og:url\" content=\"https:\/\/diwine.ee\/en\/product\/girard-bonnet-recueil-extrait-no3\/\" \/>\n<meta property=\"og:site_name\" content=\"diWine &ndash; Premium kvaliteetveinid &uuml;le maailma | Eesti veinipood\" \/>\n<meta property=\"article:publisher\" content=\"https:\/\/www.facebook.com\/profile.php?id=61573862347231\" \/>\n<meta property=\"article:modified_time\" content=\"2026-03-16T11:43:50+00:00\" \/>\n<meta property=\"og:image\" content=\"https:\/\/diwine.ee\/wp-content\/uploads\/2026\/03\/Recueil-Extrait-No3_800x800.png\" \/>\n\t<meta property=\"og:image:width\" content=\"800\" \/>\n\t<meta property=\"og:image:height\" content=\"800\" \/>\n\t<meta property=\"og:image:type\" content=\"image\/png\" \/>\n<meta name=\"twitter:card\" content=\"summary_large_image\" \/>\n<meta name=\"twitter:label1\" content=\"Estimated reading time\" \/>\n\t<meta name=\"twitter:data1\" content=\"2 minutes\" \/>\n<script type=\"application\/ld+json\" class=\"yoast-schema-graph\">{\"@context\":\"https:\\\/\\\/schema.org\",\"@graph\":[{\"@type\":\"WebPage\",\"@id\":\"https:\\\/\\\/diwine.ee\\\/product\\\/girard-bonnet-recueil-extrait-no3\\\/\",\"url\":\"https:\\\/\\\/diwine.ee\\\/product\\\/girard-bonnet-recueil-extrait-no3\\\/\",\"name\":\"Girard-Bonnet Recueil Extrait N\u00b03 - diWine &ndash; Premium kvaliteetveinid &uuml;le maailma | Eesti veinipood\",\"isPartOf\":{\"@id\":\"https:\\\/\\\/diwine.ee\\\/#website\"},\"primaryImageOfPage\":{\"@id\":\"https:\\\/\\\/diwine.ee\\\/product\\\/girard-bonnet-recueil-extrait-no3\\\/#primaryimage\"},\"image\":{\"@id\":\"https:\\\/\\\/diwine.ee\\\/product\\\/girard-bonnet-recueil-extrait-no3\\\/#primaryimage\"},\"thumbnailUrl\":\"https:\\\/\\\/diwine.ee\\\/wp-content\\\/uploads\\\/2026\\\/03\\\/Recueil-Extrait-No3_800x800.png\",\"datePublished\":\"2026-03-11T18:40:54+00:00\",\"dateModified\":\"2026-03-16T11:43:50+00:00\",\"breadcrumb\":{\"@id\":\"https:\\\/\\\/diwine.ee\\\/product\\\/girard-bonnet-recueil-extrait-no3\\\/#breadcrumb\"},\"inLanguage\":\"en-GB\",\"potentialAction\":[{\"@type\":\"ReadAction\",\"target\":[\"https:\\\/\\\/diwine.ee\\\/product\\\/girard-bonnet-recueil-extrait-no3\\\/\"]}]},{\"@type\":\"ImageObject\",\"inLanguage\":\"en-GB\",\"@id\":\"https:\\\/\\\/diwine.ee\\\/product\\\/girard-bonnet-recueil-extrait-no3\\\/#primaryimage\",\"url\":\"https:\\\/\\\/diwine.ee\\\/wp-content\\\/uploads\\\/2026\\\/03\\\/Recueil-Extrait-No3_800x800.png\",\"contentUrl\":\"https:\\\/\\\/diwine.ee\\\/wp-content\\\/uploads\\\/2026\\\/03\\\/Recueil-Extrait-No3_800x800.png\",\"width\":800,\"height\":800},{\"@type\":\"BreadcrumbList\",\"@id\":\"https:\\\/\\\/diwine.ee\\\/product\\\/girard-bonnet-recueil-extrait-no3\\\/#breadcrumb\",\"itemListElement\":[{\"@type\":\"ListItem\",\"position\":1,\"name\":\"Home\",\"item\":\"https:\\\/\\\/diwine.ee\\\/\"},{\"@type\":\"ListItem\",\"position\":2,\"name\":\"e-pood\",\"item\":\"https:\\\/\\\/diwine.ee\\\/tooted\\\/\"},{\"@type\":\"ListItem\",\"position\":3,\"name\":\"Girard-Bonnet Recueil Extrait N\u00b03\"}]},{\"@type\":\"WebSite\",\"@id\":\"https:\\\/\\\/diwine.ee\\\/#website\",\"url\":\"https:\\\/\\\/diwine.ee\\\/\",\"name\":\"diWine \u2013 Premium kvaliteetveinid \u00fcle maailma | Eesti veinipood\",\"description\":\"Avasta diWine&#039;i hoolikalt valitud kvaliteetveinid maailma tippveinipiirkondadest. Eksklusiivsed punaveinid, valged veinid, vahuveinid ja eriveinid sinu erilisteks hetkedeks.\",\"publisher\":{\"@id\":\"https:\\\/\\\/diwine.ee\\\/#organization\"},\"potentialAction\":[{\"@type\":\"SearchAction\",\"target\":{\"@type\":\"EntryPoint\",\"urlTemplate\":\"https:\\\/\\\/diwine.ee\\\/?s={search_term_string}\"},\"query-input\":{\"@type\":\"PropertyValueSpecification\",\"valueRequired\":true,\"valueName\":\"search_term_string\"}}],\"inLanguage\":\"en-GB\"},{\"@type\":\"Organization\",\"@id\":\"https:\\\/\\\/diwine.ee\\\/#organization\",\"name\":\"diWine veinipood\",\"url\":\"https:\\\/\\\/diwine.ee\\\/\",\"logo\":{\"@type\":\"ImageObject\",\"inLanguage\":\"en-GB\",\"@id\":\"https:\\\/\\\/diwine.ee\\\/#\\\/schema\\\/logo\\\/image\\\/\",\"url\":\"https:\\\/\\\/diwine.ee\\\/wp-content\\\/uploads\\\/2025\\\/04\\\/diWine-1080-x-1080-px.png\",\"contentUrl\":\"https:\\\/\\\/diwine.ee\\\/wp-content\\\/uploads\\\/2025\\\/04\\\/diWine-1080-x-1080-px.png\",\"width\":1080,\"height\":1080,\"caption\":\"diWine veinipood\"},\"image\":{\"@id\":\"https:\\\/\\\/diwine.ee\\\/#\\\/schema\\\/logo\\\/image\\\/\"},\"sameAs\":[\"https:\\\/\\\/www.facebook.com\\\/profile.php?id=61573862347231\",\"https:\\\/\\\/www.instagram.com\\\/diwine.ee\"]}]}<\/script>\n<!-- \/ Yoast SEO plugin. -->","yoast_head_json":{"title":"Girard-Bonnet Recueil Extrait N\u00b03 - diWine &ndash; Premium kvaliteetveinid &uuml;le maailma | Eesti veinipood","robots":{"index":"index","follow":"follow","max-snippet":"max-snippet:-1","max-image-preview":"max-image-preview:large","max-video-preview":"max-video-preview:-1"},"canonical":"https:\/\/diwine.ee\/en\/product\/girard-bonnet-recueil-extrait-no3\/","og_locale":"en_GB","og_type":"article","og_title":"Girard-Bonnet Recueil Extrait N\u00b03 - diWine &ndash; Premium kvaliteetveinid &uuml;le maailma | Eesti veinipood","og_description":"Pinot Meunier \u0161ampanja, mille stiilis kohtuvad punase \u00f5una ja metsamarjade puuviljasus, peen v\u00fcrtsikus ja mineraalne v\u00e4rskus.","og_url":"https:\/\/diwine.ee\/en\/product\/girard-bonnet-recueil-extrait-no3\/","og_site_name":"diWine &ndash; Premium kvaliteetveinid &uuml;le maailma | Eesti veinipood","article_publisher":"https:\/\/www.facebook.com\/profile.php?id=61573862347231","article_modified_time":"2026-03-16T11:43:50+00:00","og_image":[{"width":800,"height":800,"url":"https:\/\/diwine.ee\/wp-content\/uploads\/2026\/03\/Recueil-Extrait-No3_800x800.png","type":"image\/png"}],"twitter_card":"summary_large_image","twitter_misc":{"Estimated reading time":"2 minutes"},"schema":{"@context":"https:\/\/schema.org","@graph":[{"@type":"WebPage","@id":"https:\/\/diwine.ee\/product\/girard-bonnet-recueil-extrait-no3\/","url":"https:\/\/diwine.ee\/product\/girard-bonnet-recueil-extrait-no3\/","name":"Girard-Bonnet Recueil Extrait N\u00b03 - diWine &ndash; Premium kvaliteetveinid &uuml;le maailma | Eesti veinipood","isPartOf":{"@id":"https:\/\/diwine.ee\/#website"},"primaryImageOfPage":{"@id":"https:\/\/diwine.ee\/product\/girard-bonnet-recueil-extrait-no3\/#primaryimage"},"image":{"@id":"https:\/\/diwine.ee\/product\/girard-bonnet-recueil-extrait-no3\/#primaryimage"},"thumbnailUrl":"https:\/\/diwine.ee\/wp-content\/uploads\/2026\/03\/Recueil-Extrait-No3_800x800.png","datePublished":"2026-03-11T18:40:54+00:00","dateModified":"2026-03-16T11:43:50+00:00","breadcrumb":{"@id":"https:\/\/diwine.ee\/product\/girard-bonnet-recueil-extrait-no3\/#breadcrumb"},"inLanguage":"en-GB","potentialAction":[{"@type":"ReadAction","target":["https:\/\/diwine.ee\/product\/girard-bonnet-recueil-extrait-no3\/"]}]},{"@type":"ImageObject","inLanguage":"en-GB","@id":"https:\/\/diwine.ee\/product\/girard-bonnet-recueil-extrait-no3\/#primaryimage","url":"https:\/\/diwine.ee\/wp-content\/uploads\/2026\/03\/Recueil-Extrait-No3_800x800.png","contentUrl":"https:\/\/diwine.ee\/wp-content\/uploads\/2026\/03\/Recueil-Extrait-No3_800x800.png","width":800,"height":800},{"@type":"BreadcrumbList","@id":"https:\/\/diwine.ee\/product\/girard-bonnet-recueil-extrait-no3\/#breadcrumb","itemListElement":[{"@type":"ListItem","position":1,"name":"Home","item":"https:\/\/diwine.ee\/"},{"@type":"ListItem","position":2,"name":"e-pood","item":"https:\/\/diwine.ee\/tooted\/"},{"@type":"ListItem","position":3,"name":"Girard-Bonnet Recueil Extrait N\u00b03"}]},{"@type":"WebSite","@id":"https:\/\/diwine.ee\/#website","url":"https:\/\/diwine.ee\/","name":"diWine \u2013 Premium kvaliteetveinid \u00fcle maailma | Eesti veinipood","description":"Avasta diWine&#039;i hoolikalt valitud kvaliteetveinid maailma tippveinipiirkondadest. Eksklusiivsed punaveinid, valged veinid, vahuveinid ja eriveinid sinu erilisteks hetkedeks.","publisher":{"@id":"https:\/\/diwine.ee\/#organization"},"potentialAction":[{"@type":"SearchAction","target":{"@type":"EntryPoint","urlTemplate":"https:\/\/diwine.ee\/?s={search_term_string}"},"query-input":{"@type":"PropertyValueSpecification","valueRequired":true,"valueName":"search_term_string"}}],"inLanguage":"en-GB"},{"@type":"Organization","@id":"https:\/\/diwine.ee\/#organization","name":"diWine veinipood","url":"https:\/\/diwine.ee\/","logo":{"@type":"ImageObject","inLanguage":"en-GB","@id":"https:\/\/diwine.ee\/#\/schema\/logo\/image\/","url":"https:\/\/diwine.ee\/wp-content\/uploads\/2025\/04\/diWine-1080-x-1080-px.png","contentUrl":"https:\/\/diwine.ee\/wp-content\/uploads\/2025\/04\/diWine-1080-x-1080-px.png","width":1080,"height":1080,"caption":"diWine veinipood"},"image":{"@id":"https:\/\/diwine.ee\/#\/schema\/logo\/image\/"},"sameAs":["https:\/\/www.facebook.com\/profile.php?id=61573862347231","https:\/\/www.instagram.com\/diwine.ee"]}]}},"jetpack_sharing_enabled":true,"_links":{"self":[{"href":"https:\/\/diwine.ee\/en\/wp-json\/wp\/v2\/product\/29582","targetHints":{"allow":["GET"]}}],"collection":[{"href":"https:\/\/diwine.ee\/en\/wp-json\/wp\/v2\/product"}],"about":[{"href":"https:\/\/diwine.ee\/en\/wp-json\/wp\/v2\/types\/product"}],"version-history":[{"count":6,"href":"https:\/\/diwine.ee\/en\/wp-json\/wp\/v2\/product\/29582\/revisions"}],"predecessor-version":[{"id":29589,"href":"https:\/\/diwine.ee\/en\/wp-json\/wp\/v2\/product\/29582\/revisions\/29589"}],"wp:featuredmedia":[{"embeddable":true,"href":"https:\/\/diwine.ee\/en\/wp-json\/wp\/v2\/media\/29583"}],"wp:attachment":[{"href":"https:\/\/diwine.ee\/en\/wp-json\/wp\/v2\/media?parent=29582"}],"wp:term":[{"taxonomy":"product_brand","embeddable":true,"href":"https:\/\/diwine.ee\/en\/wp-json\/wp\/v2\/product_brand?post=29582"},{"taxonomy":"product_cat","embeddable":true,"href":"https:\/\/diwine.ee\/en\/wp-json\/wp\/v2\/product_cat?post=29582"},{"taxonomy":"product_tag","embeddable":true,"href":"https:\/\/diwine.ee\/en\/wp-json\/wp\/v2\/product_tag?post=29582"}],"curies":[{"name":"wp","href":"https:\/\/api.w.org\/{rel}","templated":true}]}}