{"id":29616,"date":"2026-03-28T18:59:22","date_gmt":"2026-03-28T16:59:22","guid":{"rendered":"https:\/\/diwine.ee\/?post_type=product&#038;p=29616"},"modified":"2026-03-28T19:23:06","modified_gmt":"2026-03-28T17:23:06","slug":"clandestin-les-passagers-fiole-2023-brut-nature","status":"publish","type":"product","link":"https:\/\/diwine.ee\/en\/product\/clandestin-les-passagers-fiole-2023-brut-nature\/","title":{"rendered":"Clandestin Les Passagers Fiole 2023 \u2013 Brut Nature"},"content":{"rendered":"<div data-elementor-type=\"wp-post\" data-elementor-id=\"29616\" class=\"elementor elementor-29616\">\n\t\t\t\t<div class=\"wd-negative-gap elementor-element elementor-element-b496628 e-grid e-con-boxed e-con e-parent\" data-id=\"b496628\" data-element_type=\"container\" data-e-type=\"container\">\n\t\t\t\t\t<div class=\"e-con-inner\">\n\t\t\t\t<div class=\"elementor-element elementor-element-aa23989 elementor-widget elementor-widget-wd_text_block\" data-id=\"aa23989\" data-element_type=\"widget\" data-e-type=\"widget\" data-widget_type=\"wd_text_block.default\">\n\t\t\t\t<div class=\"elementor-widget-container\">\n\t\t\t\t\t\t\t<div class=\"wd-text-block reset-last-child text-left\">\n\t\t\t\n\t\t\t<h3 class=\"cvGsUA direction-ltr align-justify para-style-body\"><span class=\"OYPEnA font-feature-liga-off font-feature-clig-off font-feature-calt-off text-decoration-none text-strikethrough-none\">Veini lugu:<\/span><\/h3><p data-start=\"406\" data-end=\"691\">Les Passagers Fiole 2023 p\u00e4rineb \u00fchest p\u00f5hjapoolse suunaga krundist Ville-sur-Arce\u2019is, C\u00f4te des Bar piirkonnas. Tegemist on kolmanda Kimmerid\u017ei lubjakivi kihiga (3rd substage), mis annab veinile v\u00e4ga selge struktuuri ja v\u00e4ljendunud mineraalsuse.<\/p><p data-start=\"693\" data-end=\"975\">Clandestin\u2019i l\u00e4henemine selles seerias on mitte segada erinevaid krunte ega aastak\u00e4ike, vaid anda v\u00f5imalikult t\u00e4pne ja puhas v\u00e4ljendus \u00fchest konkreetsest kasvukohast. Fiole on selle filosoofia k\u00f5ige lineaarsem ja t\u00e4psem v\u00e4ljendus \u2013 vein, kus domineerivad happesus, pinge ja terroir.<\/p><p data-start=\"977\" data-end=\"1162\">P\u00f5hjapoolne eksponeeritus t\u00e4hendab aeglasemat k\u00fcpsemist, k\u00f5rgemat happesust ja rangemat struktuuri, mis teeb sellest veinist \u00fche k\u00f5ige \u201cvertikaalsema\u201d Chardonnay stiili C\u00f4te des Bar\u2019is.<\/p><p data-start=\"536\" data-end=\"1111\"><span style=\"color: #1b1919; font-size: 22px;\">Veini valmistamine:<\/span><\/p><ul><li data-section-id=\"1gjwnxf\" data-start=\"1193\" data-end=\"1223\">Viinamari: 100% Chardonnay<\/li><li data-section-id=\"18h8nlw\" data-start=\"1224\" data-end=\"1276\">P\u00e4ritolu: Ville-sur-Arce (\u00fcks krunt, p\u00f5hjasuund)<\/li><li data-section-id=\"jxaaxl\" data-start=\"1277\" data-end=\"1319\">Pinnas: Kimmerid\u017ei lubjakivi (3. kiht)<\/li><li data-section-id=\"f00g7b\" data-start=\"1320\" data-end=\"1369\">K\u00e4\u00e4ritamine: spontaanne, looduslike p\u00e4rmidega<\/li><li data-section-id=\"1icu9ch\" data-start=\"1370\" data-end=\"1424\">Laagerdus: ~12 kuud 600L tammevaatides (demi-muid)<\/li><li data-section-id=\"ku3qzc\" data-start=\"1425\" data-end=\"1454\">Pudelilaagerdus: ~15 kuud<\/li><li data-section-id=\"1h9n0n7\" data-start=\"1455\" data-end=\"1491\">Doseerimine: 0 g\/l (Brut Nature)<\/li><li data-section-id=\"3kabu\" data-start=\"1492\" data-end=\"1542\">Filosoofia: krundi-p\u00f5hine, ilma assemblage\u2019ita<\/li><\/ul>\n\t\t\t\t\t<\/div>\n\t\t\t\t\t\t<\/div>\n\t\t\t\t<\/div>\n\t\t\t\t<div class=\"elementor-element elementor-element-f22db15 elementor-widget elementor-widget-wd_text_block\" data-id=\"f22db15\" data-element_type=\"widget\" data-e-type=\"widget\" data-widget_type=\"wd_text_block.default\">\n\t\t\t\t<div class=\"elementor-widget-container\">\n\t\t\t\t\t\t\t<div class=\"wd-text-block reset-last-child text-left\">\n\t\t\t\n\t\t\t<h3 class=\"cvGsUA direction-ltr align-justify para-style-body\"><span class=\"OYPEnA font-feature-liga-off font-feature-clig-off font-feature-calt-off text-decoration-none text-strikethrough-none\">Maitsenoodid:<\/span><\/h3><ul data-start=\"1567\" data-end=\"1844\"><li data-section-id=\"1cuer72\" data-start=\"1567\" data-end=\"1599\"><strong data-start=\"1569\" data-end=\"1580\">V\u00e4rvus:<\/strong> hele sidrunikuld<\/li><li data-section-id=\"2kh6uy\" data-start=\"1600\" data-end=\"1660\"><strong data-start=\"1602\" data-end=\"1612\">Aroom:<\/strong> sidrunikoor, roheline \u00f5un, kriit, valged \u00f5ied<\/li><li data-section-id=\"ekvfb4\" data-start=\"1661\" data-end=\"1722\"><strong data-start=\"1663\" data-end=\"1674\">Maitse:<\/strong> v\u00e4ga kuiv, k\u00f5rge happesus, lineaarne ja t\u00e4pne<\/li><li data-section-id=\"6yw3eo\" data-start=\"1723\" data-end=\"1793\"><strong data-start=\"1725\" data-end=\"1739\">Struktuur:<\/strong> kerge kuni keskmine keha, selge mineraalne selgroog<\/li><li data-section-id=\"165h6ly\" data-start=\"1794\" data-end=\"1844\"><strong data-start=\"1796\" data-end=\"1805\">L\u00f5pp:<\/strong> pikk, soolakas, kergelt tsitruseline<\/li><\/ul><p data-start=\"1846\" data-end=\"1909\">See on vein, mis p\u00f5hineb rohkem struktuuril kui aromaatikal.<\/p><p data-start=\"2066\" data-end=\"2256\"><span style=\"color: #1b1919; font-size: 22px;\">Toidusoovitus:<\/span><\/p><ul><li data-section-id=\"12zxzod\" data-start=\"1935\" data-end=\"1966\">austrid, merisiilik, karbid<\/li><li data-section-id=\"aby80s\" data-start=\"1967\" data-end=\"1985\">ceviche, crudo<\/li><li data-section-id=\"1mu9src\" data-start=\"1986\" data-end=\"2027\">sashimi ja minimalistlik Jaapani k\u00f6\u00f6k<\/li><li data-section-id=\"vbh7l8\" data-start=\"2028\" data-end=\"2051\">kerged valged kalad<\/li><li data-section-id=\"1e70lct\" data-start=\"2052\" data-end=\"2082\">v\u00e4ga puhas ja soolane k\u00f6\u00f6k<\/li><\/ul>\n\t\t\t\t\t<\/div>\n\t\t\t\t\t\t<\/div>\n\t\t\t\t<\/div>\n\t\t\t\t<div class=\"elementor-element elementor-element-79dff25 elementor-widget elementor-widget-wd_text_block\" data-id=\"79dff25\" data-element_type=\"widget\" data-e-type=\"widget\" data-widget_type=\"wd_text_block.default\">\n\t\t\t\t<div class=\"elementor-widget-container\">\n\t\t\t\t\t\t\t<div class=\"wd-text-block reset-last-child text-left\">\n\t\t\t\n\t\t\t<h3 class=\"cvGsUA direction-ltr align-justify para-style-body\"><span class=\"OYPEnA font-feature-liga-off font-feature-clig-off font-feature-calt-off text-decoration-none text-strikethrough-none\">S\u00e4ilitamispotentsiaal:<\/span><\/h3><ul><li data-section-id=\"1hhlif\" data-start=\"2116\" data-end=\"2140\">Joomiseks: 2025\u20132032<\/li><li data-section-id=\"jf1ygg\" data-start=\"2141\" data-end=\"2207\">Areneb aeglaselt, lisades ajas tekstuuri ja p\u00e4hklisemaid noote<\/li><li data-section-id=\"ibydpz\" data-start=\"2208\" data-end=\"2240\">Magnumis oluliselt pikem areng<\/li><\/ul><p>\u00a0<\/p>\n\t\t\t\t\t<\/div>\n\t\t\t\t\t\t<\/div>\n\t\t\t\t<\/div>\n\t\t\t\t\t<\/div>\n\t\t\t\t<\/div>\n\t\t\t\t<\/div>","protected":false},"excerpt":{"rendered":"<p>Pingeline ja mineraalne \u00fchekrundi Chardonnay, mis v\u00e4ljendab p\u00f5hjapoolse krundi ja Kimmerid\u017ei lubjakivi t\u00e4psust.<\/p>","protected":false},"featured_media":29630,"template":"","meta":[],"product_brand":[180],"product_cat":[29,93],"product_tag":[],"class_list":{"0":"post-29616","1":"product","2":"type-product","3":"status-publish","4":"has-post-thumbnail","6":"product_brand-clandestin","7":"product_cat-koik-tooted","8":"product_cat-sampanja","9":"pa_piirkond-champagne","10":"pa_viinamarjasort-chardonnay","12":"first","13":"instock","14":"featured","15":"taxable","16":"shipping-taxable","17":"purchasable","18":"product-type-simple"},"yoast_head":"<!-- This site is optimized with the Yoast SEO plugin v27.4 - https:\/\/yoast.com\/product\/yoast-seo-wordpress\/ -->\n<title>Clandestin Les Passagers Fiole 2023 \u2013 Brut Nature - diWine &ndash; Premium kvaliteetveinid &uuml;le maailma | Eesti veinipood<\/title>\n<meta name=\"robots\" content=\"index, follow, max-snippet:-1, max-image-preview:large, max-video-preview:-1\" \/>\n<link rel=\"canonical\" href=\"https:\/\/diwine.ee\/en\/product\/clandestin-les-passagers-fiole-2023-brut-nature\/\" \/>\n<meta property=\"og:locale\" content=\"en_GB\" \/>\n<meta property=\"og:type\" content=\"article\" \/>\n<meta property=\"og:title\" content=\"Clandestin Les Passagers Fiole 2023 \u2013 Brut Nature - diWine &ndash; Premium kvaliteetveinid &uuml;le maailma | Eesti veinipood\" \/>\n<meta property=\"og:description\" content=\"Pingeline ja mineraalne \u00fchekrundi Chardonnay, mis v\u00e4ljendab p\u00f5hjapoolse krundi ja Kimmerid\u017ei lubjakivi t\u00e4psust.\" \/>\n<meta property=\"og:url\" content=\"https:\/\/diwine.ee\/en\/product\/clandestin-les-passagers-fiole-2023-brut-nature\/\" \/>\n<meta property=\"og:site_name\" content=\"diWine &ndash; Premium kvaliteetveinid &uuml;le maailma | Eesti veinipood\" \/>\n<meta property=\"article:publisher\" content=\"https:\/\/www.facebook.com\/profile.php?id=61573862347231\" \/>\n<meta property=\"article:modified_time\" content=\"2026-03-28T17:23:06+00:00\" \/>\n<meta property=\"og:image\" content=\"https:\/\/diwine.ee\/wp-content\/uploads\/2026\/03\/Fiole_2022.png\" \/>\n\t<meta property=\"og:image:width\" content=\"800\" \/>\n\t<meta property=\"og:image:height\" content=\"800\" \/>\n\t<meta property=\"og:image:type\" content=\"image\/png\" \/>\n<meta name=\"twitter:card\" content=\"summary_large_image\" \/>\n<meta name=\"twitter:label1\" content=\"Estimated reading time\" \/>\n\t<meta name=\"twitter:data1\" content=\"2 minutes\" \/>\n<script type=\"application\/ld+json\" class=\"yoast-schema-graph\">{\"@context\":\"https:\\\/\\\/schema.org\",\"@graph\":[{\"@type\":\"WebPage\",\"@id\":\"https:\\\/\\\/diwine.ee\\\/product\\\/clandestin-les-passagers-fiole-2023-brut-nature\\\/\",\"url\":\"https:\\\/\\\/diwine.ee\\\/product\\\/clandestin-les-passagers-fiole-2023-brut-nature\\\/\",\"name\":\"Clandestin Les Passagers Fiole 2023 \u2013 Brut Nature - diWine &ndash; Premium kvaliteetveinid &uuml;le maailma | Eesti veinipood\",\"isPartOf\":{\"@id\":\"https:\\\/\\\/diwine.ee\\\/#website\"},\"primaryImageOfPage\":{\"@id\":\"https:\\\/\\\/diwine.ee\\\/product\\\/clandestin-les-passagers-fiole-2023-brut-nature\\\/#primaryimage\"},\"image\":{\"@id\":\"https:\\\/\\\/diwine.ee\\\/product\\\/clandestin-les-passagers-fiole-2023-brut-nature\\\/#primaryimage\"},\"thumbnailUrl\":\"https:\\\/\\\/diwine.ee\\\/wp-content\\\/uploads\\\/2026\\\/03\\\/Fiole_2022.png\",\"datePublished\":\"2026-03-28T16:59:22+00:00\",\"dateModified\":\"2026-03-28T17:23:06+00:00\",\"breadcrumb\":{\"@id\":\"https:\\\/\\\/diwine.ee\\\/product\\\/clandestin-les-passagers-fiole-2023-brut-nature\\\/#breadcrumb\"},\"inLanguage\":\"en-GB\",\"potentialAction\":[{\"@type\":\"ReadAction\",\"target\":[\"https:\\\/\\\/diwine.ee\\\/product\\\/clandestin-les-passagers-fiole-2023-brut-nature\\\/\"]}]},{\"@type\":\"ImageObject\",\"inLanguage\":\"en-GB\",\"@id\":\"https:\\\/\\\/diwine.ee\\\/product\\\/clandestin-les-passagers-fiole-2023-brut-nature\\\/#primaryimage\",\"url\":\"https:\\\/\\\/diwine.ee\\\/wp-content\\\/uploads\\\/2026\\\/03\\\/Fiole_2022.png\",\"contentUrl\":\"https:\\\/\\\/diwine.ee\\\/wp-content\\\/uploads\\\/2026\\\/03\\\/Fiole_2022.png\",\"width\":800,\"height\":800},{\"@type\":\"BreadcrumbList\",\"@id\":\"https:\\\/\\\/diwine.ee\\\/product\\\/clandestin-les-passagers-fiole-2023-brut-nature\\\/#breadcrumb\",\"itemListElement\":[{\"@type\":\"ListItem\",\"position\":1,\"name\":\"Home\",\"item\":\"https:\\\/\\\/diwine.ee\\\/\"},{\"@type\":\"ListItem\",\"position\":2,\"name\":\"e-pood\",\"item\":\"https:\\\/\\\/diwine.ee\\\/tooted\\\/\"},{\"@type\":\"ListItem\",\"position\":3,\"name\":\"Clandestin Les Passagers Fiole 2023 \u2013 Brut Nature\"}]},{\"@type\":\"WebSite\",\"@id\":\"https:\\\/\\\/diwine.ee\\\/#website\",\"url\":\"https:\\\/\\\/diwine.ee\\\/\",\"name\":\"diWine \u2013 Premium kvaliteetveinid \u00fcle maailma | Eesti veinipood\",\"description\":\"Avasta diWine&#039;i hoolikalt valitud kvaliteetveinid maailma tippveinipiirkondadest. Eksklusiivsed punaveinid, valged veinid, vahuveinid ja eriveinid sinu erilisteks hetkedeks.\",\"publisher\":{\"@id\":\"https:\\\/\\\/diwine.ee\\\/#organization\"},\"potentialAction\":[{\"@type\":\"SearchAction\",\"target\":{\"@type\":\"EntryPoint\",\"urlTemplate\":\"https:\\\/\\\/diwine.ee\\\/?s={search_term_string}\"},\"query-input\":{\"@type\":\"PropertyValueSpecification\",\"valueRequired\":true,\"valueName\":\"search_term_string\"}}],\"inLanguage\":\"en-GB\"},{\"@type\":\"Organization\",\"@id\":\"https:\\\/\\\/diwine.ee\\\/#organization\",\"name\":\"diWine veinipood\",\"url\":\"https:\\\/\\\/diwine.ee\\\/\",\"logo\":{\"@type\":\"ImageObject\",\"inLanguage\":\"en-GB\",\"@id\":\"https:\\\/\\\/diwine.ee\\\/#\\\/schema\\\/logo\\\/image\\\/\",\"url\":\"https:\\\/\\\/diwine.ee\\\/wp-content\\\/uploads\\\/2025\\\/04\\\/diWine-1080-x-1080-px.png\",\"contentUrl\":\"https:\\\/\\\/diwine.ee\\\/wp-content\\\/uploads\\\/2025\\\/04\\\/diWine-1080-x-1080-px.png\",\"width\":1080,\"height\":1080,\"caption\":\"diWine veinipood\"},\"image\":{\"@id\":\"https:\\\/\\\/diwine.ee\\\/#\\\/schema\\\/logo\\\/image\\\/\"},\"sameAs\":[\"https:\\\/\\\/www.facebook.com\\\/profile.php?id=61573862347231\",\"https:\\\/\\\/www.instagram.com\\\/diwine.ee\"]}]}<\/script>\n<!-- \/ Yoast SEO plugin. -->","yoast_head_json":{"title":"Clandestin Les Passagers Fiole 2023 \u2013 Brut Nature - diWine &ndash; Premium kvaliteetveinid &uuml;le maailma | Eesti veinipood","robots":{"index":"index","follow":"follow","max-snippet":"max-snippet:-1","max-image-preview":"max-image-preview:large","max-video-preview":"max-video-preview:-1"},"canonical":"https:\/\/diwine.ee\/en\/product\/clandestin-les-passagers-fiole-2023-brut-nature\/","og_locale":"en_GB","og_type":"article","og_title":"Clandestin Les Passagers Fiole 2023 \u2013 Brut Nature - diWine &ndash; Premium kvaliteetveinid &uuml;le maailma | Eesti veinipood","og_description":"Pingeline ja mineraalne \u00fchekrundi Chardonnay, mis v\u00e4ljendab p\u00f5hjapoolse krundi ja Kimmerid\u017ei lubjakivi t\u00e4psust.","og_url":"https:\/\/diwine.ee\/en\/product\/clandestin-les-passagers-fiole-2023-brut-nature\/","og_site_name":"diWine &ndash; Premium kvaliteetveinid &uuml;le maailma | Eesti veinipood","article_publisher":"https:\/\/www.facebook.com\/profile.php?id=61573862347231","article_modified_time":"2026-03-28T17:23:06+00:00","og_image":[{"width":800,"height":800,"url":"https:\/\/diwine.ee\/wp-content\/uploads\/2026\/03\/Fiole_2022.png","type":"image\/png"}],"twitter_card":"summary_large_image","twitter_misc":{"Estimated reading time":"2 minutes"},"schema":{"@context":"https:\/\/schema.org","@graph":[{"@type":"WebPage","@id":"https:\/\/diwine.ee\/product\/clandestin-les-passagers-fiole-2023-brut-nature\/","url":"https:\/\/diwine.ee\/product\/clandestin-les-passagers-fiole-2023-brut-nature\/","name":"Clandestin Les Passagers Fiole 2023 \u2013 Brut Nature - diWine &ndash; Premium kvaliteetveinid &uuml;le maailma | Eesti veinipood","isPartOf":{"@id":"https:\/\/diwine.ee\/#website"},"primaryImageOfPage":{"@id":"https:\/\/diwine.ee\/product\/clandestin-les-passagers-fiole-2023-brut-nature\/#primaryimage"},"image":{"@id":"https:\/\/diwine.ee\/product\/clandestin-les-passagers-fiole-2023-brut-nature\/#primaryimage"},"thumbnailUrl":"https:\/\/diwine.ee\/wp-content\/uploads\/2026\/03\/Fiole_2022.png","datePublished":"2026-03-28T16:59:22+00:00","dateModified":"2026-03-28T17:23:06+00:00","breadcrumb":{"@id":"https:\/\/diwine.ee\/product\/clandestin-les-passagers-fiole-2023-brut-nature\/#breadcrumb"},"inLanguage":"en-GB","potentialAction":[{"@type":"ReadAction","target":["https:\/\/diwine.ee\/product\/clandestin-les-passagers-fiole-2023-brut-nature\/"]}]},{"@type":"ImageObject","inLanguage":"en-GB","@id":"https:\/\/diwine.ee\/product\/clandestin-les-passagers-fiole-2023-brut-nature\/#primaryimage","url":"https:\/\/diwine.ee\/wp-content\/uploads\/2026\/03\/Fiole_2022.png","contentUrl":"https:\/\/diwine.ee\/wp-content\/uploads\/2026\/03\/Fiole_2022.png","width":800,"height":800},{"@type":"BreadcrumbList","@id":"https:\/\/diwine.ee\/product\/clandestin-les-passagers-fiole-2023-brut-nature\/#breadcrumb","itemListElement":[{"@type":"ListItem","position":1,"name":"Home","item":"https:\/\/diwine.ee\/"},{"@type":"ListItem","position":2,"name":"e-pood","item":"https:\/\/diwine.ee\/tooted\/"},{"@type":"ListItem","position":3,"name":"Clandestin Les Passagers Fiole 2023 \u2013 Brut Nature"}]},{"@type":"WebSite","@id":"https:\/\/diwine.ee\/#website","url":"https:\/\/diwine.ee\/","name":"diWine \u2013 Premium kvaliteetveinid \u00fcle maailma | Eesti veinipood","description":"Avasta diWine&#039;i hoolikalt valitud kvaliteetveinid maailma tippveinipiirkondadest. Eksklusiivsed punaveinid, valged veinid, vahuveinid ja eriveinid sinu erilisteks hetkedeks.","publisher":{"@id":"https:\/\/diwine.ee\/#organization"},"potentialAction":[{"@type":"SearchAction","target":{"@type":"EntryPoint","urlTemplate":"https:\/\/diwine.ee\/?s={search_term_string}"},"query-input":{"@type":"PropertyValueSpecification","valueRequired":true,"valueName":"search_term_string"}}],"inLanguage":"en-GB"},{"@type":"Organization","@id":"https:\/\/diwine.ee\/#organization","name":"diWine veinipood","url":"https:\/\/diwine.ee\/","logo":{"@type":"ImageObject","inLanguage":"en-GB","@id":"https:\/\/diwine.ee\/#\/schema\/logo\/image\/","url":"https:\/\/diwine.ee\/wp-content\/uploads\/2025\/04\/diWine-1080-x-1080-px.png","contentUrl":"https:\/\/diwine.ee\/wp-content\/uploads\/2025\/04\/diWine-1080-x-1080-px.png","width":1080,"height":1080,"caption":"diWine veinipood"},"image":{"@id":"https:\/\/diwine.ee\/#\/schema\/logo\/image\/"},"sameAs":["https:\/\/www.facebook.com\/profile.php?id=61573862347231","https:\/\/www.instagram.com\/diwine.ee"]}]}},"jetpack_sharing_enabled":true,"_links":{"self":[{"href":"https:\/\/diwine.ee\/en\/wp-json\/wp\/v2\/product\/29616","targetHints":{"allow":["GET"]}}],"collection":[{"href":"https:\/\/diwine.ee\/en\/wp-json\/wp\/v2\/product"}],"about":[{"href":"https:\/\/diwine.ee\/en\/wp-json\/wp\/v2\/types\/product"}],"version-history":[{"count":5,"href":"https:\/\/diwine.ee\/en\/wp-json\/wp\/v2\/product\/29616\/revisions"}],"predecessor-version":[{"id":29631,"href":"https:\/\/diwine.ee\/en\/wp-json\/wp\/v2\/product\/29616\/revisions\/29631"}],"wp:featuredmedia":[{"embeddable":true,"href":"https:\/\/diwine.ee\/en\/wp-json\/wp\/v2\/media\/29630"}],"wp:attachment":[{"href":"https:\/\/diwine.ee\/en\/wp-json\/wp\/v2\/media?parent=29616"}],"wp:term":[{"taxonomy":"product_brand","embeddable":true,"href":"https:\/\/diwine.ee\/en\/wp-json\/wp\/v2\/product_brand?post=29616"},{"taxonomy":"product_cat","embeddable":true,"href":"https:\/\/diwine.ee\/en\/wp-json\/wp\/v2\/product_cat?post=29616"},{"taxonomy":"product_tag","embeddable":true,"href":"https:\/\/diwine.ee\/en\/wp-json\/wp\/v2\/product_tag?post=29616"}],"curies":[{"name":"wp","href":"https:\/\/api.w.org\/{rel}","templated":true}]}}