{"id":29622,"date":"2026-03-28T19:14:05","date_gmt":"2026-03-28T17:14:05","guid":{"rendered":"https:\/\/diwine.ee\/?post_type=product&#038;p=29622"},"modified":"2026-03-28T19:21:50","modified_gmt":"2026-03-28T17:21:50","slug":"clandestin-les-passagers-hautdevalbarmont2023","status":"publish","type":"product","link":"https:\/\/diwine.ee\/en\/product\/clandestin-les-passagers-hautdevalbarmont2023\/","title":{"rendered":"Clandestin Les Passagers Haut de val Barmont 2023 \u2013 Brut Nature"},"content":{"rendered":"<div data-elementor-type=\"wp-post\" data-elementor-id=\"29622\" class=\"elementor elementor-29622\">\n\t\t\t\t<div class=\"wd-negative-gap elementor-element elementor-element-b496628 e-grid e-con-boxed e-con e-parent\" data-id=\"b496628\" data-element_type=\"container\" data-e-type=\"container\">\n\t\t\t\t\t<div class=\"e-con-inner\">\n\t\t\t\t<div class=\"elementor-element elementor-element-aa23989 elementor-widget elementor-widget-wd_text_block\" data-id=\"aa23989\" data-element_type=\"widget\" data-e-type=\"widget\" data-widget_type=\"wd_text_block.default\">\n\t\t\t\t<div class=\"elementor-widget-container\">\n\t\t\t\t\t\t\t<div class=\"wd-text-block reset-last-child text-left\">\n\t\t\t\n\t\t\t<h3 class=\"cvGsUA direction-ltr align-justify para-style-body\"><span class=\"OYPEnA font-feature-liga-off font-feature-clig-off font-feature-calt-off text-decoration-none text-strikethrough-none\">Veini lugu:<\/span><\/h3><p data-start=\"2451\" data-end=\"2626\">Les Passagers Haut de Val Barmont 2023 p\u00e4rineb \u00fchest l\u00e4\u00e4nepoolse suunaga krundist Ville-sur-Arce\u2019is, kus pinnas on Portlandi lubjakivi.<\/p><p data-start=\"2628\" data-end=\"2773\">V\u00f5rreldes Fiole\u2019ga on siin rohkem p\u00e4ikest ja soojemat mikroklimat, mis annab veinile k\u00fcpsema vilja, \u00fcmarama tekstuuri ja veidi laiema profiili.<\/p><p data-start=\"2775\" data-end=\"2935\">Kuigi vein j\u00e4\u00e4b stiililt kuivaks ja mineraalseks, on siin rohkem tasakaalu happesuse ja k\u00fcpsuse vahel \u2013 see on Clandestin\u2019i Chardonnay \u201claiem\u201d interpretatsioon.<\/p><p data-start=\"2937\" data-end=\"3105\">See vein n\u00e4itab v\u00e4ga selgelt, kui palju m\u00f5jutab krundi suund (orientation) l\u00f5pptulemust \u2013 sama tootja, sama viinamari, sama vinifikatsioon, aga t\u00e4iesti erinev karakter.<\/p><p data-start=\"536\" data-end=\"1111\"><span style=\"color: #1b1919; font-size: 22px;\">Veini valmistamine:<\/span><\/p><ul><li data-section-id=\"1gjwnxf\" data-start=\"3136\" data-end=\"3166\">Viinamari: 100% Chardonnay<\/li><li data-section-id=\"opqy1x\" data-start=\"3167\" data-end=\"3220\">P\u00e4ritolu: Ville-sur-Arce (\u00fcks krunt, l\u00e4\u00e4ne suund)<\/li><li data-section-id=\"1hfk1d8\" data-start=\"3221\" data-end=\"3254\">Pinnas: Portlandian lubjakivi<\/li><li data-section-id=\"f00g7b\" data-start=\"3255\" data-end=\"3304\">K\u00e4\u00e4ritamine: spontaanne, looduslike p\u00e4rmidega<\/li><li data-section-id=\"qh6l1f\" data-start=\"3305\" data-end=\"3338\">Laagerdus: ~12 kuud demi-muid<\/li><li data-section-id=\"ku3qzc\" data-start=\"3339\" data-end=\"3368\">Pudelilaagerdus: ~15 kuud<\/li><li data-section-id=\"1h9n0n7\" data-start=\"3369\" data-end=\"3405\">Doseerimine: 0 g\/l (Brut Nature)<\/li><li data-section-id=\"5r1ctu\" data-start=\"3406\" data-end=\"3459\">Filosoofia: \u00fche krundi v\u00e4ljendus, ilma segamiseta<\/li><\/ul>\n\t\t\t\t\t<\/div>\n\t\t\t\t\t\t<\/div>\n\t\t\t\t<\/div>\n\t\t\t\t<div class=\"elementor-element elementor-element-f22db15 elementor-widget elementor-widget-wd_text_block\" data-id=\"f22db15\" data-element_type=\"widget\" data-e-type=\"widget\" data-widget_type=\"wd_text_block.default\">\n\t\t\t\t<div class=\"elementor-widget-container\">\n\t\t\t\t\t\t\t<div class=\"wd-text-block reset-last-child text-left\">\n\t\t\t\n\t\t\t<h3 class=\"cvGsUA direction-ltr align-justify para-style-body\"><span class=\"OYPEnA font-feature-liga-off font-feature-clig-off font-feature-calt-off text-decoration-none text-strikethrough-none\">Maitsenoodid:<\/span><\/h3><ul data-start=\"3484\" data-end=\"3735\"><li data-section-id=\"l68khn\" data-start=\"3484\" data-end=\"3511\"><strong data-start=\"3486\" data-end=\"3497\">V\u00e4rvus:<\/strong> hele kuldne<\/li><li data-section-id=\"etbpk8\" data-start=\"3512\" data-end=\"3574\"><strong data-start=\"3514\" data-end=\"3524\">Aroom:<\/strong> k\u00fcpsem sidrun, kollane \u00f5un, pirn, kerge brioche<\/li><li data-section-id=\"6g1q3f\" data-start=\"3575\" data-end=\"3618\"><strong data-start=\"3577\" data-end=\"3588\">Maitse:<\/strong> kuiv, kuid \u00fcmaram kui Fiole<\/li><li data-section-id=\"y8ka40\" data-start=\"3619\" data-end=\"3686\"><strong data-start=\"3621\" data-end=\"3635\">Struktuur:<\/strong> keskmine keha, pehmem happesus, rohkem tekstuuri<\/li><li data-section-id=\"3b6yxk\" data-start=\"3687\" data-end=\"3735\"><strong data-start=\"3689\" data-end=\"3698\">L\u00f5pp:<\/strong> pikk, mineraalne, kergelt kreemine<\/li><\/ul><p data-start=\"3737\" data-end=\"3785\">Rohkem gastronoomiline ja \u201cavatud\u201d kui Fiole.<\/p><p data-start=\"2066\" data-end=\"2256\"><span style=\"color: #1b1919; font-size: 22px;\">Toidusoovitus:<\/span><\/p><ul><li data-section-id=\"10vshga\" data-start=\"3811\" data-end=\"3842\">grillitud v\u00f5i r\u00f6stitud kala<\/li><li data-section-id=\"c163po\" data-start=\"3843\" data-end=\"3871\">kammkarbid, beurre blanc<\/li><li data-section-id=\"qtdknl\" data-start=\"3872\" data-end=\"3904\">linnuliha (kana, pardifilee)<\/li><li data-section-id=\"1e15mzr\" data-start=\"3905\" data-end=\"3931\">seened, tr\u00fchvliga road<\/li><li data-section-id=\"1jufffk\" data-start=\"3932\" data-end=\"3961\">kergelt kreemised kastmed<\/li><\/ul>\n\t\t\t\t\t<\/div>\n\t\t\t\t\t\t<\/div>\n\t\t\t\t<\/div>\n\t\t\t\t<div class=\"elementor-element elementor-element-79dff25 elementor-widget elementor-widget-wd_text_block\" data-id=\"79dff25\" data-element_type=\"widget\" data-e-type=\"widget\" data-widget_type=\"wd_text_block.default\">\n\t\t\t\t<div class=\"elementor-widget-container\">\n\t\t\t\t\t\t\t<div class=\"wd-text-block reset-last-child text-left\">\n\t\t\t\n\t\t\t<h3 class=\"cvGsUA direction-ltr align-justify para-style-body\"><span class=\"OYPEnA font-feature-liga-off font-feature-clig-off font-feature-calt-off text-decoration-none text-strikethrough-none\">S\u00e4ilitamispotentsiaal:<\/span><\/h3><ul><li data-section-id=\"1hhj1i\" data-start=\"3995\" data-end=\"4019\">Joomiseks: 2025\u20132033<\/li><li data-section-id=\"bpxbs3\" data-start=\"4020\" data-end=\"4057\">Areneb laiemaks ja komplekssemaks<\/li><li data-section-id=\"c69cvw\" data-start=\"4058\" data-end=\"4089\">Magnumis eriti hea vananemine<\/li><\/ul>\n\t\t\t\t\t<\/div>\n\t\t\t\t\t\t<\/div>\n\t\t\t\t<\/div>\n\t\t\t\t\t<\/div>\n\t\t\t\t<\/div>\n\t\t\t\t<\/div>","protected":false},"excerpt":{"rendered":"<p>\u00dcmaram ja tekstuursem \u00fchekrundi Chardonnay, kus l\u00e4\u00e4nepoolne eksponeeritus annab veinile rohkem k\u00fcpsust ja laiust.<\/p>","protected":false},"featured_media":29628,"template":"","meta":[],"product_brand":[180],"product_cat":[29,93],"product_tag":[],"class_list":{"0":"post-29622","1":"product","2":"type-product","3":"status-publish","4":"has-post-thumbnail","6":"product_brand-clandestin","7":"product_cat-koik-tooted","8":"product_cat-sampanja","9":"pa_piirkond-champagne","10":"pa_viinamarjasort-chardonnay","12":"first","13":"instock","14":"featured","15":"taxable","16":"shipping-taxable","17":"purchasable","18":"product-type-simple"},"yoast_head":"<!-- This site is optimized with the Yoast SEO plugin v27.4 - https:\/\/yoast.com\/product\/yoast-seo-wordpress\/ -->\n<title>Clandestin Les Passagers Haut de val Barmont 2023 \u2013 Brut Nature - diWine &ndash; Premium kvaliteetveinid &uuml;le maailma | Eesti veinipood<\/title>\n<meta name=\"robots\" content=\"index, follow, max-snippet:-1, max-image-preview:large, max-video-preview:-1\" \/>\n<link rel=\"canonical\" href=\"https:\/\/diwine.ee\/en\/product\/clandestin-les-passagers-hautdevalbarmont2023\/\" \/>\n<meta property=\"og:locale\" content=\"en_GB\" \/>\n<meta property=\"og:type\" content=\"article\" \/>\n<meta property=\"og:title\" content=\"Clandestin Les Passagers Haut de val Barmont 2023 \u2013 Brut Nature - diWine &ndash; Premium kvaliteetveinid &uuml;le maailma | Eesti veinipood\" \/>\n<meta property=\"og:description\" content=\"\u00dcmaram ja tekstuursem \u00fchekrundi Chardonnay, kus l\u00e4\u00e4nepoolne eksponeeritus annab veinile rohkem k\u00fcpsust ja laiust.\" \/>\n<meta property=\"og:url\" content=\"https:\/\/diwine.ee\/en\/product\/clandestin-les-passagers-hautdevalbarmont2023\/\" \/>\n<meta property=\"og:site_name\" content=\"diWine &ndash; Premium kvaliteetveinid &uuml;le maailma | Eesti veinipood\" \/>\n<meta property=\"article:publisher\" content=\"https:\/\/www.facebook.com\/profile.php?id=61573862347231\" \/>\n<meta property=\"article:modified_time\" content=\"2026-03-28T17:21:50+00:00\" \/>\n<meta property=\"og:image\" content=\"https:\/\/diwine.ee\/wp-content\/uploads\/2026\/03\/Haut-de-Val-Barmont2_800x800.png\" \/>\n\t<meta property=\"og:image:width\" content=\"800\" \/>\n\t<meta property=\"og:image:height\" content=\"800\" \/>\n\t<meta property=\"og:image:type\" content=\"image\/png\" \/>\n<meta name=\"twitter:card\" content=\"summary_large_image\" \/>\n<meta name=\"twitter:label1\" content=\"Estimated reading time\" \/>\n\t<meta name=\"twitter:data1\" content=\"2 minutes\" \/>\n<script type=\"application\/ld+json\" class=\"yoast-schema-graph\">{\"@context\":\"https:\\\/\\\/schema.org\",\"@graph\":[{\"@type\":\"WebPage\",\"@id\":\"https:\\\/\\\/diwine.ee\\\/product\\\/clandestin-les-passagers-hautdevalbarmont2023\\\/\",\"url\":\"https:\\\/\\\/diwine.ee\\\/product\\\/clandestin-les-passagers-hautdevalbarmont2023\\\/\",\"name\":\"Clandestin Les Passagers Haut de val Barmont 2023 \u2013 Brut Nature - diWine &ndash; Premium kvaliteetveinid &uuml;le maailma | Eesti veinipood\",\"isPartOf\":{\"@id\":\"https:\\\/\\\/diwine.ee\\\/#website\"},\"primaryImageOfPage\":{\"@id\":\"https:\\\/\\\/diwine.ee\\\/product\\\/clandestin-les-passagers-hautdevalbarmont2023\\\/#primaryimage\"},\"image\":{\"@id\":\"https:\\\/\\\/diwine.ee\\\/product\\\/clandestin-les-passagers-hautdevalbarmont2023\\\/#primaryimage\"},\"thumbnailUrl\":\"https:\\\/\\\/diwine.ee\\\/wp-content\\\/uploads\\\/2026\\\/03\\\/Haut-de-Val-Barmont2_800x800.png\",\"datePublished\":\"2026-03-28T17:14:05+00:00\",\"dateModified\":\"2026-03-28T17:21:50+00:00\",\"breadcrumb\":{\"@id\":\"https:\\\/\\\/diwine.ee\\\/product\\\/clandestin-les-passagers-hautdevalbarmont2023\\\/#breadcrumb\"},\"inLanguage\":\"en-GB\",\"potentialAction\":[{\"@type\":\"ReadAction\",\"target\":[\"https:\\\/\\\/diwine.ee\\\/product\\\/clandestin-les-passagers-hautdevalbarmont2023\\\/\"]}]},{\"@type\":\"ImageObject\",\"inLanguage\":\"en-GB\",\"@id\":\"https:\\\/\\\/diwine.ee\\\/product\\\/clandestin-les-passagers-hautdevalbarmont2023\\\/#primaryimage\",\"url\":\"https:\\\/\\\/diwine.ee\\\/wp-content\\\/uploads\\\/2026\\\/03\\\/Haut-de-Val-Barmont2_800x800.png\",\"contentUrl\":\"https:\\\/\\\/diwine.ee\\\/wp-content\\\/uploads\\\/2026\\\/03\\\/Haut-de-Val-Barmont2_800x800.png\",\"width\":800,\"height\":800},{\"@type\":\"BreadcrumbList\",\"@id\":\"https:\\\/\\\/diwine.ee\\\/product\\\/clandestin-les-passagers-hautdevalbarmont2023\\\/#breadcrumb\",\"itemListElement\":[{\"@type\":\"ListItem\",\"position\":1,\"name\":\"Home\",\"item\":\"https:\\\/\\\/diwine.ee\\\/\"},{\"@type\":\"ListItem\",\"position\":2,\"name\":\"e-pood\",\"item\":\"https:\\\/\\\/diwine.ee\\\/tooted\\\/\"},{\"@type\":\"ListItem\",\"position\":3,\"name\":\"Clandestin Les Passagers Haut de val Barmont 2023 \u2013 Brut Nature\"}]},{\"@type\":\"WebSite\",\"@id\":\"https:\\\/\\\/diwine.ee\\\/#website\",\"url\":\"https:\\\/\\\/diwine.ee\\\/\",\"name\":\"diWine \u2013 Premium kvaliteetveinid \u00fcle maailma | Eesti veinipood\",\"description\":\"Avasta diWine&#039;i hoolikalt valitud kvaliteetveinid maailma tippveinipiirkondadest. Eksklusiivsed punaveinid, valged veinid, vahuveinid ja eriveinid sinu erilisteks hetkedeks.\",\"publisher\":{\"@id\":\"https:\\\/\\\/diwine.ee\\\/#organization\"},\"potentialAction\":[{\"@type\":\"SearchAction\",\"target\":{\"@type\":\"EntryPoint\",\"urlTemplate\":\"https:\\\/\\\/diwine.ee\\\/?s={search_term_string}\"},\"query-input\":{\"@type\":\"PropertyValueSpecification\",\"valueRequired\":true,\"valueName\":\"search_term_string\"}}],\"inLanguage\":\"en-GB\"},{\"@type\":\"Organization\",\"@id\":\"https:\\\/\\\/diwine.ee\\\/#organization\",\"name\":\"diWine veinipood\",\"url\":\"https:\\\/\\\/diwine.ee\\\/\",\"logo\":{\"@type\":\"ImageObject\",\"inLanguage\":\"en-GB\",\"@id\":\"https:\\\/\\\/diwine.ee\\\/#\\\/schema\\\/logo\\\/image\\\/\",\"url\":\"https:\\\/\\\/diwine.ee\\\/wp-content\\\/uploads\\\/2025\\\/04\\\/diWine-1080-x-1080-px.png\",\"contentUrl\":\"https:\\\/\\\/diwine.ee\\\/wp-content\\\/uploads\\\/2025\\\/04\\\/diWine-1080-x-1080-px.png\",\"width\":1080,\"height\":1080,\"caption\":\"diWine veinipood\"},\"image\":{\"@id\":\"https:\\\/\\\/diwine.ee\\\/#\\\/schema\\\/logo\\\/image\\\/\"},\"sameAs\":[\"https:\\\/\\\/www.facebook.com\\\/profile.php?id=61573862347231\",\"https:\\\/\\\/www.instagram.com\\\/diwine.ee\"]}]}<\/script>\n<!-- \/ Yoast SEO plugin. -->","yoast_head_json":{"title":"Clandestin Les Passagers Haut de val Barmont 2023 \u2013 Brut Nature - diWine &ndash; Premium kvaliteetveinid &uuml;le maailma | Eesti veinipood","robots":{"index":"index","follow":"follow","max-snippet":"max-snippet:-1","max-image-preview":"max-image-preview:large","max-video-preview":"max-video-preview:-1"},"canonical":"https:\/\/diwine.ee\/en\/product\/clandestin-les-passagers-hautdevalbarmont2023\/","og_locale":"en_GB","og_type":"article","og_title":"Clandestin Les Passagers Haut de val Barmont 2023 \u2013 Brut Nature - diWine &ndash; Premium kvaliteetveinid &uuml;le maailma | Eesti veinipood","og_description":"\u00dcmaram ja tekstuursem \u00fchekrundi Chardonnay, kus l\u00e4\u00e4nepoolne eksponeeritus annab veinile rohkem k\u00fcpsust ja laiust.","og_url":"https:\/\/diwine.ee\/en\/product\/clandestin-les-passagers-hautdevalbarmont2023\/","og_site_name":"diWine &ndash; Premium kvaliteetveinid &uuml;le maailma | Eesti veinipood","article_publisher":"https:\/\/www.facebook.com\/profile.php?id=61573862347231","article_modified_time":"2026-03-28T17:21:50+00:00","og_image":[{"width":800,"height":800,"url":"https:\/\/diwine.ee\/wp-content\/uploads\/2026\/03\/Haut-de-Val-Barmont2_800x800.png","type":"image\/png"}],"twitter_card":"summary_large_image","twitter_misc":{"Estimated reading time":"2 minutes"},"schema":{"@context":"https:\/\/schema.org","@graph":[{"@type":"WebPage","@id":"https:\/\/diwine.ee\/product\/clandestin-les-passagers-hautdevalbarmont2023\/","url":"https:\/\/diwine.ee\/product\/clandestin-les-passagers-hautdevalbarmont2023\/","name":"Clandestin Les Passagers Haut de val Barmont 2023 \u2013 Brut Nature - diWine &ndash; Premium kvaliteetveinid &uuml;le maailma | Eesti veinipood","isPartOf":{"@id":"https:\/\/diwine.ee\/#website"},"primaryImageOfPage":{"@id":"https:\/\/diwine.ee\/product\/clandestin-les-passagers-hautdevalbarmont2023\/#primaryimage"},"image":{"@id":"https:\/\/diwine.ee\/product\/clandestin-les-passagers-hautdevalbarmont2023\/#primaryimage"},"thumbnailUrl":"https:\/\/diwine.ee\/wp-content\/uploads\/2026\/03\/Haut-de-Val-Barmont2_800x800.png","datePublished":"2026-03-28T17:14:05+00:00","dateModified":"2026-03-28T17:21:50+00:00","breadcrumb":{"@id":"https:\/\/diwine.ee\/product\/clandestin-les-passagers-hautdevalbarmont2023\/#breadcrumb"},"inLanguage":"en-GB","potentialAction":[{"@type":"ReadAction","target":["https:\/\/diwine.ee\/product\/clandestin-les-passagers-hautdevalbarmont2023\/"]}]},{"@type":"ImageObject","inLanguage":"en-GB","@id":"https:\/\/diwine.ee\/product\/clandestin-les-passagers-hautdevalbarmont2023\/#primaryimage","url":"https:\/\/diwine.ee\/wp-content\/uploads\/2026\/03\/Haut-de-Val-Barmont2_800x800.png","contentUrl":"https:\/\/diwine.ee\/wp-content\/uploads\/2026\/03\/Haut-de-Val-Barmont2_800x800.png","width":800,"height":800},{"@type":"BreadcrumbList","@id":"https:\/\/diwine.ee\/product\/clandestin-les-passagers-hautdevalbarmont2023\/#breadcrumb","itemListElement":[{"@type":"ListItem","position":1,"name":"Home","item":"https:\/\/diwine.ee\/"},{"@type":"ListItem","position":2,"name":"e-pood","item":"https:\/\/diwine.ee\/tooted\/"},{"@type":"ListItem","position":3,"name":"Clandestin Les Passagers Haut de val Barmont 2023 \u2013 Brut Nature"}]},{"@type":"WebSite","@id":"https:\/\/diwine.ee\/#website","url":"https:\/\/diwine.ee\/","name":"diWine \u2013 Premium kvaliteetveinid \u00fcle maailma | Eesti veinipood","description":"Avasta diWine&#039;i hoolikalt valitud kvaliteetveinid maailma tippveinipiirkondadest. Eksklusiivsed punaveinid, valged veinid, vahuveinid ja eriveinid sinu erilisteks hetkedeks.","publisher":{"@id":"https:\/\/diwine.ee\/#organization"},"potentialAction":[{"@type":"SearchAction","target":{"@type":"EntryPoint","urlTemplate":"https:\/\/diwine.ee\/?s={search_term_string}"},"query-input":{"@type":"PropertyValueSpecification","valueRequired":true,"valueName":"search_term_string"}}],"inLanguage":"en-GB"},{"@type":"Organization","@id":"https:\/\/diwine.ee\/#organization","name":"diWine veinipood","url":"https:\/\/diwine.ee\/","logo":{"@type":"ImageObject","inLanguage":"en-GB","@id":"https:\/\/diwine.ee\/#\/schema\/logo\/image\/","url":"https:\/\/diwine.ee\/wp-content\/uploads\/2025\/04\/diWine-1080-x-1080-px.png","contentUrl":"https:\/\/diwine.ee\/wp-content\/uploads\/2025\/04\/diWine-1080-x-1080-px.png","width":1080,"height":1080,"caption":"diWine veinipood"},"image":{"@id":"https:\/\/diwine.ee\/#\/schema\/logo\/image\/"},"sameAs":["https:\/\/www.facebook.com\/profile.php?id=61573862347231","https:\/\/www.instagram.com\/diwine.ee"]}]}},"jetpack_sharing_enabled":true,"_links":{"self":[{"href":"https:\/\/diwine.ee\/en\/wp-json\/wp\/v2\/product\/29622","targetHints":{"allow":["GET"]}}],"collection":[{"href":"https:\/\/diwine.ee\/en\/wp-json\/wp\/v2\/product"}],"about":[{"href":"https:\/\/diwine.ee\/en\/wp-json\/wp\/v2\/types\/product"}],"version-history":[{"count":5,"href":"https:\/\/diwine.ee\/en\/wp-json\/wp\/v2\/product\/29622\/revisions"}],"predecessor-version":[{"id":29629,"href":"https:\/\/diwine.ee\/en\/wp-json\/wp\/v2\/product\/29622\/revisions\/29629"}],"wp:featuredmedia":[{"embeddable":true,"href":"https:\/\/diwine.ee\/en\/wp-json\/wp\/v2\/media\/29628"}],"wp:attachment":[{"href":"https:\/\/diwine.ee\/en\/wp-json\/wp\/v2\/media?parent=29622"}],"wp:term":[{"taxonomy":"product_brand","embeddable":true,"href":"https:\/\/diwine.ee\/en\/wp-json\/wp\/v2\/product_brand?post=29622"},{"taxonomy":"product_cat","embeddable":true,"href":"https:\/\/diwine.ee\/en\/wp-json\/wp\/v2\/product_cat?post=29622"},{"taxonomy":"product_tag","embeddable":true,"href":"https:\/\/diwine.ee\/en\/wp-json\/wp\/v2\/product_tag?post=29622"}],"curies":[{"name":"wp","href":"https:\/\/api.w.org\/{rel}","templated":true}]}}