{"id":29632,"date":"2026-03-28T19:23:23","date_gmt":"2026-03-28T17:23:23","guid":{"rendered":"https:\/\/diwine.ee\/?post_type=product&#038;p=29632"},"modified":"2026-03-28T19:27:55","modified_gmt":"2026-03-28T17:27:55","slug":"clandestin-les-passagers-haut-de-val-barmont-2019-brut-nature-magnum","status":"publish","type":"product","link":"https:\/\/diwine.ee\/en\/product\/clandestin-les-passagers-haut-de-val-barmont-2019-brut-nature-magnum\/","title":{"rendered":"Clandestin Les Passagers Haut de val Barmont 2019 \u2013 Brut Nature (Magnum)"},"content":{"rendered":"<div data-elementor-type=\"wp-post\" data-elementor-id=\"29632\" class=\"elementor elementor-29632\">\n\t\t\t\t<div class=\"wd-negative-gap elementor-element elementor-element-b496628 e-grid e-con-boxed e-con e-parent\" data-id=\"b496628\" data-element_type=\"container\" data-e-type=\"container\">\n\t\t\t\t\t<div class=\"e-con-inner\">\n\t\t\t\t<div class=\"elementor-element elementor-element-aa23989 elementor-widget elementor-widget-wd_text_block\" data-id=\"aa23989\" data-element_type=\"widget\" data-e-type=\"widget\" data-widget_type=\"wd_text_block.default\">\n\t\t\t\t<div class=\"elementor-widget-container\">\n\t\t\t\t\t\t\t<div class=\"wd-text-block reset-last-child text-left\">\n\t\t\t\n\t\t\t<h3 class=\"cvGsUA direction-ltr align-justify para-style-body\"><span class=\"OYPEnA font-feature-liga-off font-feature-clig-off font-feature-calt-off text-decoration-none text-strikethrough-none\">Veini lugu:<\/span><\/h3><p data-start=\"343\" data-end=\"647\">Les Passagers 2019 on Champagne Clandestin\u2019i \u00fchekrundi seeria vein, kus fookus on konkreetse kasvukoha maksimaalselt t\u00e4psel v\u00e4ljendamisel. Viinamarjad p\u00e4rinevad Ville-sur-Arce\u2019i piirkonnast C\u00f4te des Bar\u2019is, kus lubjakivine pinnas ja jahe kliima loovad veinile tugeva struktuuri ja selge mineraalse joone.<\/p><p>2019. aastak\u00e4ik Champagne\u2019is oli soe ja k\u00fcps, mis v\u00f5imaldas viinamarjadel saavutada suurema kontsentratsiooni ja k\u00fcpsuse, s\u00e4ilitades samas piirkonnale omase happesuse.<\/p><p data-start=\"820\" data-end=\"1046\">Magnum-formaat (1,5L) m\u00e4ngib siin olulist rolli \u2013 suurem pudel v\u00f5imaldab veinil areneda aeglasemalt ja stabiilsemalt, tuues esile suurema s\u00fcgavuse ja tasakaalu. See on vein, mis ei ole m\u00f5eldud kiirustamiseks, vaid avaneb ajas.<\/p><p data-start=\"536\" data-end=\"1111\"><span style=\"color: #1b1919; font-size: 22px;\">Veini valmistamine:<\/span><\/p><ul><li data-section-id=\"1gjwnxf\" data-start=\"1077\" data-end=\"1107\">Viinamari: 100% Chardonnay<\/li><li data-section-id=\"pl0oim\" data-start=\"1108\" data-end=\"1162\">P\u00e4ritolu: Ville-sur-Arce, C\u00f4te des Bar (\u00fcks krunt)<\/li><li data-section-id=\"10ws8bt\" data-start=\"1163\" data-end=\"1234\">Pinnas: lubjakivi (Kimmerid\u017ei \/ Portlandi kihid s\u00f5ltuvalt krundist)<\/li><li data-section-id=\"f00g7b\" data-start=\"1235\" data-end=\"1284\">K\u00e4\u00e4ritamine: spontaanne, looduslike p\u00e4rmidega<\/li><li data-section-id=\"1icu9ch\" data-start=\"1285\" data-end=\"1339\">Laagerdus: ~12 kuud 600L tammevaatides (demi-muid)<\/li><li data-section-id=\"1oo64kd\" data-start=\"1340\" data-end=\"1413\">Pudelilaagerdus: pikendatud, magnum-formaadile omaselt aeglasem areng<\/li><li data-section-id=\"1h9n0n7\" data-start=\"1414\" data-end=\"1450\">Doseerimine: 0 g\/l (Brut Nature)<\/li><li data-section-id=\"1ymfbku\" data-start=\"1451\" data-end=\"1476\">Sulfitid: minimaalsed<\/li><\/ul>\n\t\t\t\t\t<\/div>\n\t\t\t\t\t\t<\/div>\n\t\t\t\t<\/div>\n\t\t\t\t<div class=\"elementor-element elementor-element-f22db15 elementor-widget elementor-widget-wd_text_block\" data-id=\"f22db15\" data-element_type=\"widget\" data-e-type=\"widget\" data-widget_type=\"wd_text_block.default\">\n\t\t\t\t<div class=\"elementor-widget-container\">\n\t\t\t\t\t\t\t<div class=\"wd-text-block reset-last-child text-left\">\n\t\t\t\n\t\t\t<h3 class=\"cvGsUA direction-ltr align-justify para-style-body\"><span class=\"OYPEnA font-feature-liga-off font-feature-clig-off font-feature-calt-off text-decoration-none text-strikethrough-none\">Maitsenoodid:<\/span><\/h3><ul data-start=\"1501\" data-end=\"1836\"><li data-section-id=\"1r9wb13\" data-start=\"1501\" data-end=\"1541\"><strong data-start=\"1503\" data-end=\"1514\">V\u00e4rvus:<\/strong> kuldne, kerge s\u00fcgavusega<\/li><li data-section-id=\"1jjzcic\" data-start=\"1542\" data-end=\"1627\"><strong data-start=\"1544\" data-end=\"1554\">Aroom:<\/strong> k\u00fcpsed tsitrused, kuivatatud sidrunikoor, valged \u00f5ied, kerge p\u00e4hklisus<\/li><li data-section-id=\"1terh11\" data-start=\"1628\" data-end=\"1702\"><strong data-start=\"1630\" data-end=\"1641\">Maitse:<\/strong> kuiv ja struktureeritud, tasakaalus k\u00fcpsuse ja happesusega<\/li><li data-section-id=\"1budeej\" data-start=\"1703\" data-end=\"1776\"><strong data-start=\"1705\" data-end=\"1719\">Struktuur:<\/strong> keskmisest t\u00e4idlasem, siidine, kuid selgelt mineraalne<\/li><li data-section-id=\"fsvjro\" data-start=\"1777\" data-end=\"1836\"><strong data-start=\"1779\" data-end=\"1788\">L\u00f5pp:<\/strong> pikk, kergelt soolakas, areneva kompleksusega<\/li><\/ul><p data-start=\"1838\" data-end=\"1907\">Vein n\u00e4itab juba arengu m\u00e4rke, kuid s\u00e4ilitab selge v\u00e4rskuse ja pinge.<\/p><p data-start=\"2066\" data-end=\"2256\"><span style=\"color: #1b1919; font-size: 22px;\">Toidusoovitus:<\/span><\/p><ul data-start=\"1933\" data-end=\"2103\"><li data-section-id=\"cctzvn\" data-start=\"1933\" data-end=\"1970\">r\u00f6stitud v\u00f5i grillitud valge kala<\/li><li data-section-id=\"1qfeggi\" data-start=\"1971\" data-end=\"2013\">kammkarbid ja mereannid v\u00f5ise kastmega<\/li><li data-section-id=\"m0btrl\" data-start=\"2014\" data-end=\"2048\">linnuliha (kana, kalkun, part)<\/li><li data-section-id=\"1e15mzr\" data-start=\"2049\" data-end=\"2075\">seened, tr\u00fchvliga road<\/li><li data-section-id=\"1tevevw\" data-start=\"2076\" data-end=\"2103\">k\u00fcpsemad pehmed juustud<\/li><\/ul><p data-start=\"2105\" data-end=\"2156\">Sobib h\u00e4sti ka rahulikuks nautimiseks ilma toiduta.<\/p>\n\t\t\t\t\t<\/div>\n\t\t\t\t\t\t<\/div>\n\t\t\t\t<\/div>\n\t\t\t\t<div class=\"elementor-element elementor-element-79dff25 elementor-widget elementor-widget-wd_text_block\" data-id=\"79dff25\" data-element_type=\"widget\" data-e-type=\"widget\" data-widget_type=\"wd_text_block.default\">\n\t\t\t\t<div class=\"elementor-widget-container\">\n\t\t\t\t\t\t\t<div class=\"wd-text-block reset-last-child text-left\">\n\t\t\t\n\t\t\t<h3 class=\"cvGsUA direction-ltr align-justify para-style-body\"><span class=\"OYPEnA font-feature-liga-off font-feature-clig-off font-feature-calt-off text-decoration-none text-strikethrough-none\">S\u00e4ilitamispotentsiaal:<\/span><\/h3><ul><li data-section-id=\"1d194rq\" data-start=\"2190\" data-end=\"2215\">Joomiseks: 2025\u20132038+<\/li><li data-section-id=\"1y9rjp1\" data-start=\"2216\" data-end=\"2279\">Magnum-formaat v\u00f5imaldab v\u00e4ga aeglast ja stabiilset arengut<\/li><li data-section-id=\"15iw40j\" data-start=\"2280\" data-end=\"2360\">Areneb ajas s\u00fcgavamaks, lisades p\u00e4hklisust, kuivatatud puuvilju ja tekstuuri<\/li><\/ul>\n\t\t\t\t\t<\/div>\n\t\t\t\t\t\t<\/div>\n\t\t\t\t<\/div>\n\t\t\t\t\t<\/div>\n\t\t\t\t<\/div>\n\t\t\t\t<\/div>","protected":false},"excerpt":{"rendered":"<p>S\u00fcgav ja aeglaselt arenev \u00fchekrundi Chardonnay magnum-formaadis, mis toob esile C\u00f4te des Bar\u2019i lubjakivise terroir\u2019 k\u00fcpsema ja komplekssema v\u00e4ljenduse.<\/p>","protected":false},"featured_media":29628,"template":"","meta":[],"product_brand":[180],"product_cat":[29,93],"product_tag":[],"class_list":{"0":"post-29632","1":"product","2":"type-product","3":"status-publish","4":"has-post-thumbnail","6":"product_brand-clandestin","7":"product_cat-koik-tooted","8":"product_cat-sampanja","9":"pa_piirkond-champagne","10":"pa_viinamarjasort-chardonnay","12":"first","13":"instock","14":"featured","15":"taxable","16":"shipping-taxable","17":"purchasable","18":"product-type-simple"},"yoast_head":"<!-- This site is optimized with the Yoast SEO plugin v27.4 - https:\/\/yoast.com\/product\/yoast-seo-wordpress\/ -->\n<title>Clandestin Les Passagers Haut de val Barmont 2019 \u2013 Brut Nature (Magnum) - diWine &ndash; Premium kvaliteetveinid &uuml;le maailma | Eesti veinipood<\/title>\n<meta name=\"robots\" content=\"index, follow, max-snippet:-1, max-image-preview:large, max-video-preview:-1\" \/>\n<link rel=\"canonical\" href=\"https:\/\/diwine.ee\/en\/product\/clandestin-les-passagers-haut-de-val-barmont-2019-brut-nature-magnum\/\" \/>\n<meta property=\"og:locale\" content=\"en_GB\" \/>\n<meta property=\"og:type\" content=\"article\" \/>\n<meta property=\"og:title\" content=\"Clandestin Les Passagers Haut de val Barmont 2019 \u2013 Brut Nature (Magnum) - diWine &ndash; Premium kvaliteetveinid &uuml;le maailma | Eesti veinipood\" \/>\n<meta property=\"og:description\" content=\"S\u00fcgav ja aeglaselt arenev \u00fchekrundi Chardonnay magnum-formaadis, mis toob esile C\u00f4te des Bar\u2019i lubjakivise terroir\u2019 k\u00fcpsema ja komplekssema v\u00e4ljenduse.\" \/>\n<meta property=\"og:url\" content=\"https:\/\/diwine.ee\/en\/product\/clandestin-les-passagers-haut-de-val-barmont-2019-brut-nature-magnum\/\" \/>\n<meta property=\"og:site_name\" content=\"diWine &ndash; Premium kvaliteetveinid &uuml;le maailma | Eesti veinipood\" \/>\n<meta property=\"article:publisher\" content=\"https:\/\/www.facebook.com\/profile.php?id=61573862347231\" \/>\n<meta property=\"article:modified_time\" content=\"2026-03-28T17:27:55+00:00\" \/>\n<meta property=\"og:image\" content=\"https:\/\/diwine.ee\/wp-content\/uploads\/2026\/03\/Haut-de-Val-Barmont2_800x800.png\" \/>\n\t<meta property=\"og:image:width\" content=\"800\" \/>\n\t<meta property=\"og:image:height\" content=\"800\" \/>\n\t<meta property=\"og:image:type\" content=\"image\/png\" \/>\n<meta name=\"twitter:card\" content=\"summary_large_image\" \/>\n<meta name=\"twitter:label1\" content=\"Estimated reading time\" \/>\n\t<meta name=\"twitter:data1\" content=\"2 minutes\" \/>\n<script type=\"application\/ld+json\" class=\"yoast-schema-graph\">{\"@context\":\"https:\\\/\\\/schema.org\",\"@graph\":[{\"@type\":\"WebPage\",\"@id\":\"https:\\\/\\\/diwine.ee\\\/product\\\/clandestin-les-passagers-haut-de-val-barmont-2019-brut-nature-magnum\\\/\",\"url\":\"https:\\\/\\\/diwine.ee\\\/product\\\/clandestin-les-passagers-haut-de-val-barmont-2019-brut-nature-magnum\\\/\",\"name\":\"Clandestin Les Passagers Haut de val Barmont 2019 \u2013 Brut Nature (Magnum) - diWine &ndash; Premium kvaliteetveinid &uuml;le maailma | Eesti veinipood\",\"isPartOf\":{\"@id\":\"https:\\\/\\\/diwine.ee\\\/#website\"},\"primaryImageOfPage\":{\"@id\":\"https:\\\/\\\/diwine.ee\\\/product\\\/clandestin-les-passagers-haut-de-val-barmont-2019-brut-nature-magnum\\\/#primaryimage\"},\"image\":{\"@id\":\"https:\\\/\\\/diwine.ee\\\/product\\\/clandestin-les-passagers-haut-de-val-barmont-2019-brut-nature-magnum\\\/#primaryimage\"},\"thumbnailUrl\":\"https:\\\/\\\/diwine.ee\\\/wp-content\\\/uploads\\\/2026\\\/03\\\/Haut-de-Val-Barmont2_800x800.png\",\"datePublished\":\"2026-03-28T17:23:23+00:00\",\"dateModified\":\"2026-03-28T17:27:55+00:00\",\"breadcrumb\":{\"@id\":\"https:\\\/\\\/diwine.ee\\\/product\\\/clandestin-les-passagers-haut-de-val-barmont-2019-brut-nature-magnum\\\/#breadcrumb\"},\"inLanguage\":\"en-GB\",\"potentialAction\":[{\"@type\":\"ReadAction\",\"target\":[\"https:\\\/\\\/diwine.ee\\\/product\\\/clandestin-les-passagers-haut-de-val-barmont-2019-brut-nature-magnum\\\/\"]}]},{\"@type\":\"ImageObject\",\"inLanguage\":\"en-GB\",\"@id\":\"https:\\\/\\\/diwine.ee\\\/product\\\/clandestin-les-passagers-haut-de-val-barmont-2019-brut-nature-magnum\\\/#primaryimage\",\"url\":\"https:\\\/\\\/diwine.ee\\\/wp-content\\\/uploads\\\/2026\\\/03\\\/Haut-de-Val-Barmont2_800x800.png\",\"contentUrl\":\"https:\\\/\\\/diwine.ee\\\/wp-content\\\/uploads\\\/2026\\\/03\\\/Haut-de-Val-Barmont2_800x800.png\",\"width\":800,\"height\":800},{\"@type\":\"BreadcrumbList\",\"@id\":\"https:\\\/\\\/diwine.ee\\\/product\\\/clandestin-les-passagers-haut-de-val-barmont-2019-brut-nature-magnum\\\/#breadcrumb\",\"itemListElement\":[{\"@type\":\"ListItem\",\"position\":1,\"name\":\"Home\",\"item\":\"https:\\\/\\\/diwine.ee\\\/\"},{\"@type\":\"ListItem\",\"position\":2,\"name\":\"e-pood\",\"item\":\"https:\\\/\\\/diwine.ee\\\/tooted\\\/\"},{\"@type\":\"ListItem\",\"position\":3,\"name\":\"Clandestin Les Passagers Haut de val Barmont 2019 \u2013 Brut Nature (Magnum)\"}]},{\"@type\":\"WebSite\",\"@id\":\"https:\\\/\\\/diwine.ee\\\/#website\",\"url\":\"https:\\\/\\\/diwine.ee\\\/\",\"name\":\"diWine \u2013 Premium kvaliteetveinid \u00fcle maailma | Eesti veinipood\",\"description\":\"Avasta diWine&#039;i hoolikalt valitud kvaliteetveinid maailma tippveinipiirkondadest. Eksklusiivsed punaveinid, valged veinid, vahuveinid ja eriveinid sinu erilisteks hetkedeks.\",\"publisher\":{\"@id\":\"https:\\\/\\\/diwine.ee\\\/#organization\"},\"potentialAction\":[{\"@type\":\"SearchAction\",\"target\":{\"@type\":\"EntryPoint\",\"urlTemplate\":\"https:\\\/\\\/diwine.ee\\\/?s={search_term_string}\"},\"query-input\":{\"@type\":\"PropertyValueSpecification\",\"valueRequired\":true,\"valueName\":\"search_term_string\"}}],\"inLanguage\":\"en-GB\"},{\"@type\":\"Organization\",\"@id\":\"https:\\\/\\\/diwine.ee\\\/#organization\",\"name\":\"diWine veinipood\",\"url\":\"https:\\\/\\\/diwine.ee\\\/\",\"logo\":{\"@type\":\"ImageObject\",\"inLanguage\":\"en-GB\",\"@id\":\"https:\\\/\\\/diwine.ee\\\/#\\\/schema\\\/logo\\\/image\\\/\",\"url\":\"https:\\\/\\\/diwine.ee\\\/wp-content\\\/uploads\\\/2025\\\/04\\\/diWine-1080-x-1080-px.png\",\"contentUrl\":\"https:\\\/\\\/diwine.ee\\\/wp-content\\\/uploads\\\/2025\\\/04\\\/diWine-1080-x-1080-px.png\",\"width\":1080,\"height\":1080,\"caption\":\"diWine veinipood\"},\"image\":{\"@id\":\"https:\\\/\\\/diwine.ee\\\/#\\\/schema\\\/logo\\\/image\\\/\"},\"sameAs\":[\"https:\\\/\\\/www.facebook.com\\\/profile.php?id=61573862347231\",\"https:\\\/\\\/www.instagram.com\\\/diwine.ee\"]}]}<\/script>\n<!-- \/ Yoast SEO plugin. -->","yoast_head_json":{"title":"Clandestin Les Passagers Haut de val Barmont 2019 \u2013 Brut Nature (Magnum) - diWine &ndash; Premium kvaliteetveinid &uuml;le maailma | Eesti veinipood","robots":{"index":"index","follow":"follow","max-snippet":"max-snippet:-1","max-image-preview":"max-image-preview:large","max-video-preview":"max-video-preview:-1"},"canonical":"https:\/\/diwine.ee\/en\/product\/clandestin-les-passagers-haut-de-val-barmont-2019-brut-nature-magnum\/","og_locale":"en_GB","og_type":"article","og_title":"Clandestin Les Passagers Haut de val Barmont 2019 \u2013 Brut Nature (Magnum) - diWine &ndash; Premium kvaliteetveinid &uuml;le maailma | Eesti veinipood","og_description":"S\u00fcgav ja aeglaselt arenev \u00fchekrundi Chardonnay magnum-formaadis, mis toob esile C\u00f4te des Bar\u2019i lubjakivise terroir\u2019 k\u00fcpsema ja komplekssema v\u00e4ljenduse.","og_url":"https:\/\/diwine.ee\/en\/product\/clandestin-les-passagers-haut-de-val-barmont-2019-brut-nature-magnum\/","og_site_name":"diWine &ndash; Premium kvaliteetveinid &uuml;le maailma | Eesti veinipood","article_publisher":"https:\/\/www.facebook.com\/profile.php?id=61573862347231","article_modified_time":"2026-03-28T17:27:55+00:00","og_image":[{"width":800,"height":800,"url":"https:\/\/diwine.ee\/wp-content\/uploads\/2026\/03\/Haut-de-Val-Barmont2_800x800.png","type":"image\/png"}],"twitter_card":"summary_large_image","twitter_misc":{"Estimated reading time":"2 minutes"},"schema":{"@context":"https:\/\/schema.org","@graph":[{"@type":"WebPage","@id":"https:\/\/diwine.ee\/product\/clandestin-les-passagers-haut-de-val-barmont-2019-brut-nature-magnum\/","url":"https:\/\/diwine.ee\/product\/clandestin-les-passagers-haut-de-val-barmont-2019-brut-nature-magnum\/","name":"Clandestin Les Passagers Haut de val Barmont 2019 \u2013 Brut Nature (Magnum) - diWine &ndash; Premium kvaliteetveinid &uuml;le maailma | Eesti veinipood","isPartOf":{"@id":"https:\/\/diwine.ee\/#website"},"primaryImageOfPage":{"@id":"https:\/\/diwine.ee\/product\/clandestin-les-passagers-haut-de-val-barmont-2019-brut-nature-magnum\/#primaryimage"},"image":{"@id":"https:\/\/diwine.ee\/product\/clandestin-les-passagers-haut-de-val-barmont-2019-brut-nature-magnum\/#primaryimage"},"thumbnailUrl":"https:\/\/diwine.ee\/wp-content\/uploads\/2026\/03\/Haut-de-Val-Barmont2_800x800.png","datePublished":"2026-03-28T17:23:23+00:00","dateModified":"2026-03-28T17:27:55+00:00","breadcrumb":{"@id":"https:\/\/diwine.ee\/product\/clandestin-les-passagers-haut-de-val-barmont-2019-brut-nature-magnum\/#breadcrumb"},"inLanguage":"en-GB","potentialAction":[{"@type":"ReadAction","target":["https:\/\/diwine.ee\/product\/clandestin-les-passagers-haut-de-val-barmont-2019-brut-nature-magnum\/"]}]},{"@type":"ImageObject","inLanguage":"en-GB","@id":"https:\/\/diwine.ee\/product\/clandestin-les-passagers-haut-de-val-barmont-2019-brut-nature-magnum\/#primaryimage","url":"https:\/\/diwine.ee\/wp-content\/uploads\/2026\/03\/Haut-de-Val-Barmont2_800x800.png","contentUrl":"https:\/\/diwine.ee\/wp-content\/uploads\/2026\/03\/Haut-de-Val-Barmont2_800x800.png","width":800,"height":800},{"@type":"BreadcrumbList","@id":"https:\/\/diwine.ee\/product\/clandestin-les-passagers-haut-de-val-barmont-2019-brut-nature-magnum\/#breadcrumb","itemListElement":[{"@type":"ListItem","position":1,"name":"Home","item":"https:\/\/diwine.ee\/"},{"@type":"ListItem","position":2,"name":"e-pood","item":"https:\/\/diwine.ee\/tooted\/"},{"@type":"ListItem","position":3,"name":"Clandestin Les Passagers Haut de val Barmont 2019 \u2013 Brut Nature (Magnum)"}]},{"@type":"WebSite","@id":"https:\/\/diwine.ee\/#website","url":"https:\/\/diwine.ee\/","name":"diWine \u2013 Premium kvaliteetveinid \u00fcle maailma | Eesti veinipood","description":"Avasta diWine&#039;i hoolikalt valitud kvaliteetveinid maailma tippveinipiirkondadest. Eksklusiivsed punaveinid, valged veinid, vahuveinid ja eriveinid sinu erilisteks hetkedeks.","publisher":{"@id":"https:\/\/diwine.ee\/#organization"},"potentialAction":[{"@type":"SearchAction","target":{"@type":"EntryPoint","urlTemplate":"https:\/\/diwine.ee\/?s={search_term_string}"},"query-input":{"@type":"PropertyValueSpecification","valueRequired":true,"valueName":"search_term_string"}}],"inLanguage":"en-GB"},{"@type":"Organization","@id":"https:\/\/diwine.ee\/#organization","name":"diWine veinipood","url":"https:\/\/diwine.ee\/","logo":{"@type":"ImageObject","inLanguage":"en-GB","@id":"https:\/\/diwine.ee\/#\/schema\/logo\/image\/","url":"https:\/\/diwine.ee\/wp-content\/uploads\/2025\/04\/diWine-1080-x-1080-px.png","contentUrl":"https:\/\/diwine.ee\/wp-content\/uploads\/2025\/04\/diWine-1080-x-1080-px.png","width":1080,"height":1080,"caption":"diWine veinipood"},"image":{"@id":"https:\/\/diwine.ee\/#\/schema\/logo\/image\/"},"sameAs":["https:\/\/www.facebook.com\/profile.php?id=61573862347231","https:\/\/www.instagram.com\/diwine.ee"]}]}},"jetpack_sharing_enabled":true,"_links":{"self":[{"href":"https:\/\/diwine.ee\/en\/wp-json\/wp\/v2\/product\/29632","targetHints":{"allow":["GET"]}}],"collection":[{"href":"https:\/\/diwine.ee\/en\/wp-json\/wp\/v2\/product"}],"about":[{"href":"https:\/\/diwine.ee\/en\/wp-json\/wp\/v2\/types\/product"}],"version-history":[{"count":4,"href":"https:\/\/diwine.ee\/en\/wp-json\/wp\/v2\/product\/29632\/revisions"}],"predecessor-version":[{"id":29636,"href":"https:\/\/diwine.ee\/en\/wp-json\/wp\/v2\/product\/29632\/revisions\/29636"}],"wp:featuredmedia":[{"embeddable":true,"href":"https:\/\/diwine.ee\/en\/wp-json\/wp\/v2\/media\/29628"}],"wp:attachment":[{"href":"https:\/\/diwine.ee\/en\/wp-json\/wp\/v2\/media?parent=29632"}],"wp:term":[{"taxonomy":"product_brand","embeddable":true,"href":"https:\/\/diwine.ee\/en\/wp-json\/wp\/v2\/product_brand?post=29632"},{"taxonomy":"product_cat","embeddable":true,"href":"https:\/\/diwine.ee\/en\/wp-json\/wp\/v2\/product_cat?post=29632"},{"taxonomy":"product_tag","embeddable":true,"href":"https:\/\/diwine.ee\/en\/wp-json\/wp\/v2\/product_tag?post=29632"}],"curies":[{"name":"wp","href":"https:\/\/api.w.org\/{rel}","templated":true}]}}