{"id":29639,"date":"2026-04-09T00:24:09","date_gmt":"2026-04-08T21:24:09","guid":{"rendered":"https:\/\/diwine.ee\/?post_type=product&#038;p=29639"},"modified":"2026-04-09T00:37:11","modified_gmt":"2026-04-08T21:37:11","slug":"ube-miraflores-2024","status":"publish","type":"product","link":"https:\/\/diwine.ee\/en\/product\/ube-miraflores-2024\/","title":{"rendered":"UBE Miraflores 2024"},"content":{"rendered":"<div data-elementor-type=\"wp-post\" data-elementor-id=\"29639\" class=\"elementor elementor-29639\">\n\t\t\t\t<div class=\"wd-negative-gap elementor-element elementor-element-b496628 e-grid e-con-boxed e-con e-parent\" data-id=\"b496628\" data-element_type=\"container\" data-e-type=\"container\">\n\t\t\t\t\t<div class=\"e-con-inner\">\n\t\t\t\t<div class=\"elementor-element elementor-element-aa23989 elementor-widget elementor-widget-wd_text_block\" data-id=\"aa23989\" data-element_type=\"widget\" data-e-type=\"widget\" data-widget_type=\"wd_text_block.default\">\n\t\t\t\t<div class=\"elementor-widget-container\">\n\t\t\t\t\t\t\t<div class=\"wd-text-block reset-last-child text-left\">\n\t\t\t\n\t\t\t<h3 class=\"cvGsUA direction-ltr align-justify para-style-body\"><span class=\"OYPEnA font-feature-liga-off font-feature-clig-off font-feature-calt-off text-decoration-none text-strikethrough-none\">Veini lugu:<\/span><\/h3><p data-start=\"2657\" data-end=\"2894\">Miraflores on \u00fcks Sanl\u00facari t\u00e4htsamaid ajaloolisi pago\u2019sid ning Ramiro Ib\u00e1\u00f1ezi k\u00e4es on sellest saanud terve UBE sarja \u00fcks keskseid orientiire. Vein tuleb Miraflores Alta ja Miraflores Baja eri kruntidelt, kus vanad Palomino istandused kasvavad l\u00e4\u00e4ne suunas avatud albariza muldadel. Selle veini m\u00f5te ei ole matkida klassikalist manzanillat, vaid n\u00e4idata, et sama maastik ja sama viinamari v\u00f5ivad anda ka kangestamata, kuid v\u00e4ga selge p\u00e4ritolutunnetusega veini. UBE Miraflores on \u00fcks v\u00f5tmeveine selles laiemas liikumises, mis on aidanud Jerezi uuesti m\u00f5testada mitte ainult stiilide, vaid kasvukohtade kaudu.<\/p><h3 class=\"cvGsUA direction-ltr align-justify para-style-body\"><span class=\"OYPEnA font-feature-liga-off font-feature-clig-off font-feature-calt-off text-decoration-none text-strikethrough-none\">Veini valmistamine:<\/span><\/h3><p>100% Palomino vanadelt viinapuudelt Miraflorese pago\u2019st. Vein k\u00e4\u00e4ritatakse loodusliku p\u00e4rmiga kasutatud vaatides, ilma liigse tehnoloogilise sekkumiseta. K\u00fcpsemine toimub flor\u2019i all l\u00fchemat aega kui klassikaliste tugevamalt kasvatatud piirkonnaveinide puhul, et s\u00e4ilitada Mirafloresele omane joonis, v\u00e4rskus ja soolasus. Tegu on kuivalt, t\u00e4pselt ja suhteliselt varakult villitud veiniga, mille raskuskese ei ole oks\u00fcdatsioonil, vaid pingelisel, sirgel ja v\u00e4ga kohaspetsiifilisel Palomino v\u00e4ljendusel.<\/p>\n\t\t\t\t\t<\/div>\n\t\t\t\t\t\t<\/div>\n\t\t\t\t<\/div>\n\t\t\t\t<div class=\"elementor-element elementor-element-f22db15 elementor-widget elementor-widget-wd_text_block\" data-id=\"f22db15\" data-element_type=\"widget\" data-e-type=\"widget\" data-widget_type=\"wd_text_block.default\">\n\t\t\t\t<div class=\"elementor-widget-container\">\n\t\t\t\t\t\t\t<div class=\"wd-text-block reset-last-child text-left\">\n\t\t\t\n\t\t\t<h3 class=\"cvGsUA direction-ltr align-justify para-style-body\"><span class=\"OYPEnA font-feature-liga-off font-feature-clig-off font-feature-calt-off text-decoration-none text-strikethrough-none\">Maitsenoodid:<\/span><\/h3><p data-start=\"1438\" data-end=\"1516\">Aroomis sidrunikoor, roheline mandel, valged \u00f5ied, peen p\u00e4rmisus ja mere\u00f5hk. Maitses kuiv, v\u00e4ga sirgjooneline ja soolase fookusega, kerge kuni keskmise kehaga, kuid tugeva mineraalse pingega. J\u00e4relmaitses j\u00e4\u00e4vad p\u00fcsima kriidine albariza, mandlikoor ja peen m\u00f5rkjas-tsitruseline noot.<\/p><h3 class=\"cvGsUA direction-ltr align-justify para-style-body\"><span class=\"OYPEnA font-feature-liga-off font-feature-clig-off font-feature-calt-off text-decoration-none text-strikethrough-none\">Toidusoovitus:<\/span><\/h3><p data-start=\"3834\" data-end=\"3859\">Sobib eriti h\u00e4sti austrite, krevettide, karpide, grillitud valge kala ja lihtsate mereanniroogadega, kus veini soolasus ja kuivus r\u00f5hutavad tooraine puhtust. V\u00e4ga hea ka frititud tapaste, jam\u00f3ni ja oliivi\u00f5liga serveeritud k\u00f6\u00f6giviljade k\u00f5rvale.<\/p>\n\t\t\t\t\t<\/div>\n\t\t\t\t\t\t<\/div>\n\t\t\t\t<\/div>\n\t\t\t\t<div class=\"elementor-element elementor-element-79dff25 elementor-widget elementor-widget-wd_text_block\" data-id=\"79dff25\" data-element_type=\"widget\" data-e-type=\"widget\" data-widget_type=\"wd_text_block.default\">\n\t\t\t\t<div class=\"elementor-widget-container\">\n\t\t\t\t\t\t\t<div class=\"wd-text-block reset-last-child text-left\">\n\t\t\t\n\t\t\t<h3 class=\"cvGsUA direction-ltr align-justify para-style-body\"><span class=\"OYPEnA font-feature-liga-off font-feature-clig-off font-feature-calt-off text-decoration-none text-strikethrough-none\">S\u00e4ilitamispotentsiaal:<\/span><\/h3><p data-start=\"2868\" data-end=\"3001\">Parim juua 3\u20136 aasta jooksul. Noorelt on vein k\u00f5ige energilisem ja merelisem, kuid hea s\u00e4ilituse korral v\u00f5ib muutuda veidi tekstuursemaks ja p\u00e4hklisemaks.<\/p><h3 class=\"cvGsUA direction-ltr align-justify para-style-body\"><span class=\"OYPEnA font-feature-liga-off font-feature-clig-off font-feature-calt-off text-decoration-none text-strikethrough-none\">Hinnangud &amp; tunnustused:<\/span><\/h3><p data-start=\"3333\" data-end=\"3451\">\u2022 \u00dcks UBE sarja tuntumaid ja selgemaid pago-v\u00e4ljendusi. <br \/>\u2022 Miraflores on laiemalt peetud \u00fcheks Sanl\u00facari t\u00e4htsaimaks kasvualaks. <br \/>\u2022 Veini on kirjeldatud v\u00e4rske, sirgjoonelise ja v\u00e4ga soolase Miraflorese t\u00f5lgendusena.<\/p>\n\t\t\t\t\t<\/div>\n\t\t\t\t\t\t<\/div>\n\t\t\t\t<\/div>\n\t\t\t\t\t<\/div>\n\t\t\t\t<\/div>\n\t\t\t\t<\/div>","protected":false},"excerpt":{"rendered":"<p>UBE Miraflores on kuiv, flor\u2019i all k\u00fcpsenud Palomino, mis toob v\u00e4ga selgelt esile Sanl\u00facari Miraflorese pago soolase, pingelise ja mereliselt karge iseloomu.<\/p>","protected":false},"featured_media":29640,"template":"","meta":[],"product_brand":[183],"product_cat":[29,92],"product_tag":[],"class_list":{"0":"post-29639","1":"product","2":"type-product","3":"status-publish","4":"has-post-thumbnail","6":"product_brand-ramiro-ibanez","7":"product_cat-koik-tooted","8":"product_cat-valge-vein","9":"pa_piirkond-jerez","10":"pa_viinamarjasort-palomino","12":"first","13":"instock","14":"taxable","15":"shipping-taxable","16":"purchasable","17":"product-type-simple"},"yoast_head":"<!-- This site is optimized with the Yoast SEO plugin v27.4 - https:\/\/yoast.com\/product\/yoast-seo-wordpress\/ -->\n<title>UBE Miraflores 2024 - diWine &ndash; Premium kvaliteetveinid &uuml;le maailma | Eesti veinipood<\/title>\n<meta name=\"robots\" content=\"index, follow, max-snippet:-1, max-image-preview:large, max-video-preview:-1\" \/>\n<link rel=\"canonical\" href=\"https:\/\/diwine.ee\/en\/product\/ube-miraflores-2024\/\" \/>\n<meta property=\"og:locale\" content=\"en_GB\" \/>\n<meta property=\"og:type\" content=\"article\" \/>\n<meta property=\"og:title\" content=\"UBE Miraflores 2024 - diWine &ndash; Premium kvaliteetveinid &uuml;le maailma | Eesti veinipood\" \/>\n<meta property=\"og:description\" content=\"UBE Miraflores on kuiv, flor\u2019i all k\u00fcpsenud Palomino, mis toob v\u00e4ga selgelt esile Sanl\u00facari Miraflorese pago soolase, pingelise ja mereliselt karge iseloomu.\" \/>\n<meta property=\"og:url\" content=\"https:\/\/diwine.ee\/en\/product\/ube-miraflores-2024\/\" \/>\n<meta property=\"og:site_name\" content=\"diWine &ndash; Premium kvaliteetveinid &uuml;le maailma | Eesti veinipood\" \/>\n<meta property=\"article:publisher\" content=\"https:\/\/www.facebook.com\/profile.php?id=61573862347231\" \/>\n<meta property=\"article:modified_time\" content=\"2026-04-08T21:37:11+00:00\" \/>\n<meta property=\"og:image\" content=\"https:\/\/diwine.ee\/wp-content\/uploads\/2026\/04\/ube-miraflores-2019-aus-jerez_1920x1920.png\" \/>\n\t<meta property=\"og:image:width\" content=\"336\" \/>\n\t<meta property=\"og:image:height\" content=\"336\" \/>\n\t<meta property=\"og:image:type\" content=\"image\/png\" \/>\n<meta name=\"twitter:card\" content=\"summary_large_image\" \/>\n<meta name=\"twitter:label1\" content=\"Estimated reading time\" \/>\n\t<meta name=\"twitter:data1\" content=\"2 minutes\" \/>\n<script type=\"application\/ld+json\" class=\"yoast-schema-graph\">{\"@context\":\"https:\\\/\\\/schema.org\",\"@graph\":[{\"@type\":\"WebPage\",\"@id\":\"https:\\\/\\\/diwine.ee\\\/product\\\/ube-miraflores-2024\\\/\",\"url\":\"https:\\\/\\\/diwine.ee\\\/product\\\/ube-miraflores-2024\\\/\",\"name\":\"UBE Miraflores 2024 - diWine &ndash; Premium kvaliteetveinid &uuml;le maailma | Eesti veinipood\",\"isPartOf\":{\"@id\":\"https:\\\/\\\/diwine.ee\\\/#website\"},\"primaryImageOfPage\":{\"@id\":\"https:\\\/\\\/diwine.ee\\\/product\\\/ube-miraflores-2024\\\/#primaryimage\"},\"image\":{\"@id\":\"https:\\\/\\\/diwine.ee\\\/product\\\/ube-miraflores-2024\\\/#primaryimage\"},\"thumbnailUrl\":\"https:\\\/\\\/diwine.ee\\\/wp-content\\\/uploads\\\/2026\\\/04\\\/ube-miraflores-2019-aus-jerez_1920x1920.png\",\"datePublished\":\"2026-04-08T21:24:09+00:00\",\"dateModified\":\"2026-04-08T21:37:11+00:00\",\"breadcrumb\":{\"@id\":\"https:\\\/\\\/diwine.ee\\\/product\\\/ube-miraflores-2024\\\/#breadcrumb\"},\"inLanguage\":\"en-GB\",\"potentialAction\":[{\"@type\":\"ReadAction\",\"target\":[\"https:\\\/\\\/diwine.ee\\\/product\\\/ube-miraflores-2024\\\/\"]}]},{\"@type\":\"ImageObject\",\"inLanguage\":\"en-GB\",\"@id\":\"https:\\\/\\\/diwine.ee\\\/product\\\/ube-miraflores-2024\\\/#primaryimage\",\"url\":\"https:\\\/\\\/diwine.ee\\\/wp-content\\\/uploads\\\/2026\\\/04\\\/ube-miraflores-2019-aus-jerez_1920x1920.png\",\"contentUrl\":\"https:\\\/\\\/diwine.ee\\\/wp-content\\\/uploads\\\/2026\\\/04\\\/ube-miraflores-2019-aus-jerez_1920x1920.png\",\"width\":336,\"height\":336},{\"@type\":\"BreadcrumbList\",\"@id\":\"https:\\\/\\\/diwine.ee\\\/product\\\/ube-miraflores-2024\\\/#breadcrumb\",\"itemListElement\":[{\"@type\":\"ListItem\",\"position\":1,\"name\":\"Home\",\"item\":\"https:\\\/\\\/diwine.ee\\\/\"},{\"@type\":\"ListItem\",\"position\":2,\"name\":\"e-pood\",\"item\":\"https:\\\/\\\/diwine.ee\\\/tooted\\\/\"},{\"@type\":\"ListItem\",\"position\":3,\"name\":\"UBE Miraflores 2024\"}]},{\"@type\":\"WebSite\",\"@id\":\"https:\\\/\\\/diwine.ee\\\/#website\",\"url\":\"https:\\\/\\\/diwine.ee\\\/\",\"name\":\"diWine \u2013 Premium kvaliteetveinid \u00fcle maailma | Eesti veinipood\",\"description\":\"Avasta diWine&#039;i hoolikalt valitud kvaliteetveinid maailma tippveinipiirkondadest. Eksklusiivsed punaveinid, valged veinid, vahuveinid ja eriveinid sinu erilisteks hetkedeks.\",\"publisher\":{\"@id\":\"https:\\\/\\\/diwine.ee\\\/#organization\"},\"potentialAction\":[{\"@type\":\"SearchAction\",\"target\":{\"@type\":\"EntryPoint\",\"urlTemplate\":\"https:\\\/\\\/diwine.ee\\\/?s={search_term_string}\"},\"query-input\":{\"@type\":\"PropertyValueSpecification\",\"valueRequired\":true,\"valueName\":\"search_term_string\"}}],\"inLanguage\":\"en-GB\"},{\"@type\":\"Organization\",\"@id\":\"https:\\\/\\\/diwine.ee\\\/#organization\",\"name\":\"diWine veinipood\",\"url\":\"https:\\\/\\\/diwine.ee\\\/\",\"logo\":{\"@type\":\"ImageObject\",\"inLanguage\":\"en-GB\",\"@id\":\"https:\\\/\\\/diwine.ee\\\/#\\\/schema\\\/logo\\\/image\\\/\",\"url\":\"https:\\\/\\\/diwine.ee\\\/wp-content\\\/uploads\\\/2025\\\/04\\\/diWine-1080-x-1080-px.png\",\"contentUrl\":\"https:\\\/\\\/diwine.ee\\\/wp-content\\\/uploads\\\/2025\\\/04\\\/diWine-1080-x-1080-px.png\",\"width\":1080,\"height\":1080,\"caption\":\"diWine veinipood\"},\"image\":{\"@id\":\"https:\\\/\\\/diwine.ee\\\/#\\\/schema\\\/logo\\\/image\\\/\"},\"sameAs\":[\"https:\\\/\\\/www.facebook.com\\\/profile.php?id=61573862347231\",\"https:\\\/\\\/www.instagram.com\\\/diwine.ee\"]}]}<\/script>\n<!-- \/ Yoast SEO plugin. -->","yoast_head_json":{"title":"UBE Miraflores 2024 - diWine &ndash; Premium kvaliteetveinid &uuml;le maailma | Eesti veinipood","robots":{"index":"index","follow":"follow","max-snippet":"max-snippet:-1","max-image-preview":"max-image-preview:large","max-video-preview":"max-video-preview:-1"},"canonical":"https:\/\/diwine.ee\/en\/product\/ube-miraflores-2024\/","og_locale":"en_GB","og_type":"article","og_title":"UBE Miraflores 2024 - diWine &ndash; Premium kvaliteetveinid &uuml;le maailma | Eesti veinipood","og_description":"UBE Miraflores on kuiv, flor\u2019i all k\u00fcpsenud Palomino, mis toob v\u00e4ga selgelt esile Sanl\u00facari Miraflorese pago soolase, pingelise ja mereliselt karge iseloomu.","og_url":"https:\/\/diwine.ee\/en\/product\/ube-miraflores-2024\/","og_site_name":"diWine &ndash; Premium kvaliteetveinid &uuml;le maailma | Eesti veinipood","article_publisher":"https:\/\/www.facebook.com\/profile.php?id=61573862347231","article_modified_time":"2026-04-08T21:37:11+00:00","og_image":[{"width":336,"height":336,"url":"https:\/\/diwine.ee\/wp-content\/uploads\/2026\/04\/ube-miraflores-2019-aus-jerez_1920x1920.png","type":"image\/png"}],"twitter_card":"summary_large_image","twitter_misc":{"Estimated reading time":"2 minutes"},"schema":{"@context":"https:\/\/schema.org","@graph":[{"@type":"WebPage","@id":"https:\/\/diwine.ee\/product\/ube-miraflores-2024\/","url":"https:\/\/diwine.ee\/product\/ube-miraflores-2024\/","name":"UBE Miraflores 2024 - diWine &ndash; Premium kvaliteetveinid &uuml;le maailma | Eesti veinipood","isPartOf":{"@id":"https:\/\/diwine.ee\/#website"},"primaryImageOfPage":{"@id":"https:\/\/diwine.ee\/product\/ube-miraflores-2024\/#primaryimage"},"image":{"@id":"https:\/\/diwine.ee\/product\/ube-miraflores-2024\/#primaryimage"},"thumbnailUrl":"https:\/\/diwine.ee\/wp-content\/uploads\/2026\/04\/ube-miraflores-2019-aus-jerez_1920x1920.png","datePublished":"2026-04-08T21:24:09+00:00","dateModified":"2026-04-08T21:37:11+00:00","breadcrumb":{"@id":"https:\/\/diwine.ee\/product\/ube-miraflores-2024\/#breadcrumb"},"inLanguage":"en-GB","potentialAction":[{"@type":"ReadAction","target":["https:\/\/diwine.ee\/product\/ube-miraflores-2024\/"]}]},{"@type":"ImageObject","inLanguage":"en-GB","@id":"https:\/\/diwine.ee\/product\/ube-miraflores-2024\/#primaryimage","url":"https:\/\/diwine.ee\/wp-content\/uploads\/2026\/04\/ube-miraflores-2019-aus-jerez_1920x1920.png","contentUrl":"https:\/\/diwine.ee\/wp-content\/uploads\/2026\/04\/ube-miraflores-2019-aus-jerez_1920x1920.png","width":336,"height":336},{"@type":"BreadcrumbList","@id":"https:\/\/diwine.ee\/product\/ube-miraflores-2024\/#breadcrumb","itemListElement":[{"@type":"ListItem","position":1,"name":"Home","item":"https:\/\/diwine.ee\/"},{"@type":"ListItem","position":2,"name":"e-pood","item":"https:\/\/diwine.ee\/tooted\/"},{"@type":"ListItem","position":3,"name":"UBE Miraflores 2024"}]},{"@type":"WebSite","@id":"https:\/\/diwine.ee\/#website","url":"https:\/\/diwine.ee\/","name":"diWine \u2013 Premium kvaliteetveinid \u00fcle maailma | Eesti veinipood","description":"Avasta diWine&#039;i hoolikalt valitud kvaliteetveinid maailma tippveinipiirkondadest. Eksklusiivsed punaveinid, valged veinid, vahuveinid ja eriveinid sinu erilisteks hetkedeks.","publisher":{"@id":"https:\/\/diwine.ee\/#organization"},"potentialAction":[{"@type":"SearchAction","target":{"@type":"EntryPoint","urlTemplate":"https:\/\/diwine.ee\/?s={search_term_string}"},"query-input":{"@type":"PropertyValueSpecification","valueRequired":true,"valueName":"search_term_string"}}],"inLanguage":"en-GB"},{"@type":"Organization","@id":"https:\/\/diwine.ee\/#organization","name":"diWine veinipood","url":"https:\/\/diwine.ee\/","logo":{"@type":"ImageObject","inLanguage":"en-GB","@id":"https:\/\/diwine.ee\/#\/schema\/logo\/image\/","url":"https:\/\/diwine.ee\/wp-content\/uploads\/2025\/04\/diWine-1080-x-1080-px.png","contentUrl":"https:\/\/diwine.ee\/wp-content\/uploads\/2025\/04\/diWine-1080-x-1080-px.png","width":1080,"height":1080,"caption":"diWine veinipood"},"image":{"@id":"https:\/\/diwine.ee\/#\/schema\/logo\/image\/"},"sameAs":["https:\/\/www.facebook.com\/profile.php?id=61573862347231","https:\/\/www.instagram.com\/diwine.ee"]}]}},"jetpack_sharing_enabled":true,"_links":{"self":[{"href":"https:\/\/diwine.ee\/en\/wp-json\/wp\/v2\/product\/29639","targetHints":{"allow":["GET"]}}],"collection":[{"href":"https:\/\/diwine.ee\/en\/wp-json\/wp\/v2\/product"}],"about":[{"href":"https:\/\/diwine.ee\/en\/wp-json\/wp\/v2\/types\/product"}],"version-history":[{"count":5,"href":"https:\/\/diwine.ee\/en\/wp-json\/wp\/v2\/product\/29639\/revisions"}],"predecessor-version":[{"id":29646,"href":"https:\/\/diwine.ee\/en\/wp-json\/wp\/v2\/product\/29639\/revisions\/29646"}],"wp:featuredmedia":[{"embeddable":true,"href":"https:\/\/diwine.ee\/en\/wp-json\/wp\/v2\/media\/29640"}],"wp:attachment":[{"href":"https:\/\/diwine.ee\/en\/wp-json\/wp\/v2\/media?parent=29639"}],"wp:term":[{"taxonomy":"product_brand","embeddable":true,"href":"https:\/\/diwine.ee\/en\/wp-json\/wp\/v2\/product_brand?post=29639"},{"taxonomy":"product_cat","embeddable":true,"href":"https:\/\/diwine.ee\/en\/wp-json\/wp\/v2\/product_cat?post=29639"},{"taxonomy":"product_tag","embeddable":true,"href":"https:\/\/diwine.ee\/en\/wp-json\/wp\/v2\/product_tag?post=29639"}],"curies":[{"name":"wp","href":"https:\/\/api.w.org\/{rel}","templated":true}]}}