{"id":29647,"date":"2026-04-09T00:37:26","date_gmt":"2026-04-08T21:37:26","guid":{"rendered":"https:\/\/diwine.ee\/?post_type=product&#038;p=29647"},"modified":"2026-04-09T00:41:28","modified_gmt":"2026-04-08T21:41:28","slug":"ube-paganilla-2024","status":"publish","type":"product","link":"https:\/\/diwine.ee\/en\/product\/ube-paganilla-2024\/","title":{"rendered":"UBE Paganilla 2024"},"content":{"rendered":"<div data-elementor-type=\"wp-post\" data-elementor-id=\"29647\" class=\"elementor elementor-29647\">\n\t\t\t\t<div class=\"wd-negative-gap elementor-element elementor-element-b496628 e-grid e-con-boxed e-con e-parent\" data-id=\"b496628\" data-element_type=\"container\" data-e-type=\"container\">\n\t\t\t\t\t<div class=\"e-con-inner\">\n\t\t\t\t<div class=\"elementor-element elementor-element-aa23989 elementor-widget elementor-widget-wd_text_block\" data-id=\"aa23989\" data-element_type=\"widget\" data-e-type=\"widget\" data-widget_type=\"wd_text_block.default\">\n\t\t\t\t<div class=\"elementor-widget-container\">\n\t\t\t\t\t\t\t<div class=\"wd-text-block reset-last-child text-left\">\n\t\t\t\n\t\t\t<h3 class=\"cvGsUA direction-ltr align-justify para-style-body\"><span class=\"OYPEnA font-feature-liga-off font-feature-clig-off font-feature-calt-off text-decoration-none text-strikethrough-none\">Veini lugu:<\/span><\/h3><p data-start=\"2657\" data-end=\"2894\">Kui Miraflores r\u00e4\u00e4gib eelk\u00f5ige Sanl\u00facari merelisest k\u00fcljest, siis Paganilla aitab m\u00f5ista, kui kiiresti muutub v\u00e4ljendus juba m\u00f5ne kilomeetri v\u00f5rra sisemaa poole liikudes. Ramiro Ib\u00e1\u00f1ezile on see vein oluline just seet\u00f5ttu, et see n\u00e4itab v\u00e4ga konkreetselt Jerezi terroir\u2019 mitmekesisust: sama sort, sama piirkond ja sarnane k\u00e4sitlus, kuid t\u00e4iesti teine r\u00fctm klaasis. Paganilla ei ole nii vertikaalne ega nii \u00f5huline kui Miraflores, vaid kannab rohkem laiust, k\u00fcpsemat puuvilja ja mullast s\u00fcgavust. See teeb veinist v\u00e4ga hea v\u00f5rdluspunkti neile, kes tahavad Jerezi pago\u2019de erinevusi p\u00e4riselt maitsta, mitte ainult nendest lugeda.<\/p><h3 class=\"cvGsUA direction-ltr align-justify para-style-body\"><span class=\"OYPEnA font-feature-liga-off font-feature-clig-off font-feature-calt-off text-decoration-none text-strikethrough-none\">Veini valmistamine:<\/span><\/h3><p>100% Palomino. K\u00e4\u00e4rimine toimub loodusliku p\u00e4rmiga kasutatud vaatides, seej\u00e4rel l\u00fchike kuni m\u00f5\u00f5dukas k\u00fcpsemine flor\u2019i all. Stiil on teadlikult hoitud kuiv, vaoshoitud ja ilma liigse oks\u00fcdatiivse arenguta, et Paganilla enda karakter j\u00e4\u00e4ks esiplaanile. Nagu teisteski UBE veinides, on eesm\u00e4rk v\u00e4ljendada kasvukohta v\u00f5imalikult otse, mitte vormida k\u00f5ik veinid \u00fchte piirkondlikku stiilimalli.<\/p>\n\t\t\t\t\t<\/div>\n\t\t\t\t\t\t<\/div>\n\t\t\t\t<\/div>\n\t\t\t\t<div class=\"elementor-element elementor-element-f22db15 elementor-widget elementor-widget-wd_text_block\" data-id=\"f22db15\" data-element_type=\"widget\" data-e-type=\"widget\" data-widget_type=\"wd_text_block.default\">\n\t\t\t\t<div class=\"elementor-widget-container\">\n\t\t\t\t\t\t\t<div class=\"wd-text-block reset-last-child text-left\">\n\t\t\t\n\t\t\t<h3 class=\"cvGsUA direction-ltr align-justify para-style-body\"><span class=\"OYPEnA font-feature-liga-off font-feature-clig-off font-feature-calt-off text-decoration-none text-strikethrough-none\">Maitsenoodid:<\/span><\/h3><p data-start=\"1438\" data-end=\"1516\">Aroomis k\u00fcpsem sidrun, kollane \u00f5un, kummel, kuivatatud \u00fcrdid ja kerge soolakas-mandline noot. Maitse on kuiv, veidi laiem ja avaram kui Mirafloresel, kuid endiselt v\u00e4ga t\u00e4pne, mineraalne ja h\u00e4sti fokusseeritud. J\u00e4relmaitses tuleb esile k\u00fcpsem puuvili, kriidine tekstuur ja peen flor\u2019ist tulenev p\u00e4hkline varjund.<\/p><h3 class=\"cvGsUA direction-ltr align-justify para-style-body\"><span class=\"OYPEnA font-feature-liga-off font-feature-clig-off font-feature-calt-off text-decoration-none text-strikethrough-none\">Toidusoovitus:<\/span><\/h3><p data-start=\"3834\" data-end=\"3859\">Sobib h\u00e4sti grillitud kalade, valge lihaga, r\u00f6stitud kana, seene- ja k\u00f6\u00f6giviljaroogadega ning ka veidi rikkalikuma tekstuuriga mereandidega. V\u00e4ga hea valik ka k\u00fcpsemate juustude ja lihtsate riisiroogade juurde.<\/p>\n\t\t\t\t\t<\/div>\n\t\t\t\t\t\t<\/div>\n\t\t\t\t<\/div>\n\t\t\t\t<div class=\"elementor-element elementor-element-79dff25 elementor-widget elementor-widget-wd_text_block\" data-id=\"79dff25\" data-element_type=\"widget\" data-e-type=\"widget\" data-widget_type=\"wd_text_block.default\">\n\t\t\t\t<div class=\"elementor-widget-container\">\n\t\t\t\t\t\t\t<div class=\"wd-text-block reset-last-child text-left\">\n\t\t\t\n\t\t\t<h3 class=\"cvGsUA direction-ltr align-justify para-style-body\"><span class=\"OYPEnA font-feature-liga-off font-feature-clig-off font-feature-calt-off text-decoration-none text-strikethrough-none\">S\u00e4ilitamispotentsiaal:<\/span><\/h3><p data-start=\"2868\" data-end=\"3001\">Parim 4\u20137 aasta jooksul. Aja jooksul v\u00f5ib vein muutuda avaramaks ja kihilisemaks, s\u00e4ilitades siiski oma mineraalse telje.<\/p><h3 class=\"cvGsUA direction-ltr align-justify para-style-body\"><span class=\"OYPEnA font-feature-liga-off font-feature-clig-off font-feature-calt-off text-decoration-none text-strikethrough-none\">Hinnangud &amp; tunnustused:<\/span><\/h3><p data-start=\"3333\" data-end=\"3451\">\u2022 Oluline vein UBE sarjas, kui soovitakse m\u00f5ista Jerezi erinevate pago\u2019de m\u00f5ju maitsele. <br \/>\u2022 Paganillat on sageli kirjeldatud Mirafloresest laiemana ja intensiivsemana. <br \/>\u2022 Hea n\u00e4ide sellest, kui erinevalt v\u00f5ib Palomino v\u00e4ljendada albariza eri vorme ja asukohti.<\/p>\n\t\t\t\t\t<\/div>\n\t\t\t\t\t\t<\/div>\n\t\t\t\t<\/div>\n\t\t\t\t\t<\/div>\n\t\t\t\t<\/div>\n\t\t\t\t<\/div>","protected":false},"excerpt":{"rendered":"<p>UBE Paganilla on sisemaa poole j\u00e4\u00e4va pago Palomino, mille iseloom on Mirafloresest laiem, j\u00f5ulisem ja veidi mullasemalt s\u00fcgavam.<\/p>","protected":false},"featured_media":29648,"template":"","meta":[],"product_brand":[183],"product_cat":[29,92],"product_tag":[],"class_list":{"0":"post-29647","1":"product","2":"type-product","3":"status-publish","4":"has-post-thumbnail","6":"product_brand-ramiro-ibanez","7":"product_cat-koik-tooted","8":"product_cat-valge-vein","9":"pa_piirkond-jerez","10":"pa_viinamarjasort-palomino","12":"first","13":"instock","14":"taxable","15":"shipping-taxable","16":"purchasable","17":"product-type-simple"},"yoast_head":"<!-- This site is optimized with the Yoast SEO plugin v27.4 - https:\/\/yoast.com\/product\/yoast-seo-wordpress\/ -->\n<title>UBE Paganilla 2024 - diWine &ndash; Premium kvaliteetveinid &uuml;le maailma | Eesti veinipood<\/title>\n<meta name=\"robots\" content=\"index, follow, max-snippet:-1, max-image-preview:large, max-video-preview:-1\" \/>\n<link rel=\"canonical\" href=\"https:\/\/diwine.ee\/en\/product\/ube-paganilla-2024\/\" \/>\n<meta property=\"og:locale\" content=\"en_GB\" \/>\n<meta property=\"og:type\" content=\"article\" \/>\n<meta property=\"og:title\" content=\"UBE Paganilla 2024 - diWine &ndash; Premium kvaliteetveinid &uuml;le maailma | Eesti veinipood\" \/>\n<meta property=\"og:description\" content=\"UBE Paganilla on sisemaa poole j\u00e4\u00e4va pago Palomino, mille iseloom on Mirafloresest laiem, j\u00f5ulisem ja veidi mullasemalt s\u00fcgavam.\" \/>\n<meta property=\"og:url\" content=\"https:\/\/diwine.ee\/en\/product\/ube-paganilla-2024\/\" \/>\n<meta property=\"og:site_name\" content=\"diWine &ndash; Premium kvaliteetveinid &uuml;le maailma | Eesti veinipood\" \/>\n<meta property=\"article:publisher\" content=\"https:\/\/www.facebook.com\/profile.php?id=61573862347231\" \/>\n<meta property=\"article:modified_time\" content=\"2026-04-08T21:41:28+00:00\" \/>\n<meta property=\"og:image\" content=\"https:\/\/diwine.ee\/wp-content\/uploads\/2026\/04\/ube-paganilla-20198179a_1920x1920.png\" \/>\n\t<meta property=\"og:image:width\" content=\"500\" \/>\n\t<meta property=\"og:image:height\" content=\"500\" \/>\n\t<meta property=\"og:image:type\" content=\"image\/png\" \/>\n<meta name=\"twitter:card\" content=\"summary_large_image\" \/>\n<meta name=\"twitter:label1\" content=\"Estimated reading time\" \/>\n\t<meta name=\"twitter:data1\" content=\"2 minutes\" \/>\n<script type=\"application\/ld+json\" class=\"yoast-schema-graph\">{\"@context\":\"https:\\\/\\\/schema.org\",\"@graph\":[{\"@type\":\"WebPage\",\"@id\":\"https:\\\/\\\/diwine.ee\\\/product\\\/ube-paganilla-2024\\\/\",\"url\":\"https:\\\/\\\/diwine.ee\\\/product\\\/ube-paganilla-2024\\\/\",\"name\":\"UBE Paganilla 2024 - diWine &ndash; Premium kvaliteetveinid &uuml;le maailma | Eesti veinipood\",\"isPartOf\":{\"@id\":\"https:\\\/\\\/diwine.ee\\\/#website\"},\"primaryImageOfPage\":{\"@id\":\"https:\\\/\\\/diwine.ee\\\/product\\\/ube-paganilla-2024\\\/#primaryimage\"},\"image\":{\"@id\":\"https:\\\/\\\/diwine.ee\\\/product\\\/ube-paganilla-2024\\\/#primaryimage\"},\"thumbnailUrl\":\"https:\\\/\\\/diwine.ee\\\/wp-content\\\/uploads\\\/2026\\\/04\\\/ube-paganilla-20198179a_1920x1920.png\",\"datePublished\":\"2026-04-08T21:37:26+00:00\",\"dateModified\":\"2026-04-08T21:41:28+00:00\",\"breadcrumb\":{\"@id\":\"https:\\\/\\\/diwine.ee\\\/product\\\/ube-paganilla-2024\\\/#breadcrumb\"},\"inLanguage\":\"en-GB\",\"potentialAction\":[{\"@type\":\"ReadAction\",\"target\":[\"https:\\\/\\\/diwine.ee\\\/product\\\/ube-paganilla-2024\\\/\"]}]},{\"@type\":\"ImageObject\",\"inLanguage\":\"en-GB\",\"@id\":\"https:\\\/\\\/diwine.ee\\\/product\\\/ube-paganilla-2024\\\/#primaryimage\",\"url\":\"https:\\\/\\\/diwine.ee\\\/wp-content\\\/uploads\\\/2026\\\/04\\\/ube-paganilla-20198179a_1920x1920.png\",\"contentUrl\":\"https:\\\/\\\/diwine.ee\\\/wp-content\\\/uploads\\\/2026\\\/04\\\/ube-paganilla-20198179a_1920x1920.png\",\"width\":500,\"height\":500},{\"@type\":\"BreadcrumbList\",\"@id\":\"https:\\\/\\\/diwine.ee\\\/product\\\/ube-paganilla-2024\\\/#breadcrumb\",\"itemListElement\":[{\"@type\":\"ListItem\",\"position\":1,\"name\":\"Home\",\"item\":\"https:\\\/\\\/diwine.ee\\\/\"},{\"@type\":\"ListItem\",\"position\":2,\"name\":\"e-pood\",\"item\":\"https:\\\/\\\/diwine.ee\\\/tooted\\\/\"},{\"@type\":\"ListItem\",\"position\":3,\"name\":\"UBE Paganilla 2024\"}]},{\"@type\":\"WebSite\",\"@id\":\"https:\\\/\\\/diwine.ee\\\/#website\",\"url\":\"https:\\\/\\\/diwine.ee\\\/\",\"name\":\"diWine \u2013 Premium kvaliteetveinid \u00fcle maailma | Eesti veinipood\",\"description\":\"Avasta diWine&#039;i hoolikalt valitud kvaliteetveinid maailma tippveinipiirkondadest. Eksklusiivsed punaveinid, valged veinid, vahuveinid ja eriveinid sinu erilisteks hetkedeks.\",\"publisher\":{\"@id\":\"https:\\\/\\\/diwine.ee\\\/#organization\"},\"potentialAction\":[{\"@type\":\"SearchAction\",\"target\":{\"@type\":\"EntryPoint\",\"urlTemplate\":\"https:\\\/\\\/diwine.ee\\\/?s={search_term_string}\"},\"query-input\":{\"@type\":\"PropertyValueSpecification\",\"valueRequired\":true,\"valueName\":\"search_term_string\"}}],\"inLanguage\":\"en-GB\"},{\"@type\":\"Organization\",\"@id\":\"https:\\\/\\\/diwine.ee\\\/#organization\",\"name\":\"diWine veinipood\",\"url\":\"https:\\\/\\\/diwine.ee\\\/\",\"logo\":{\"@type\":\"ImageObject\",\"inLanguage\":\"en-GB\",\"@id\":\"https:\\\/\\\/diwine.ee\\\/#\\\/schema\\\/logo\\\/image\\\/\",\"url\":\"https:\\\/\\\/diwine.ee\\\/wp-content\\\/uploads\\\/2025\\\/04\\\/diWine-1080-x-1080-px.png\",\"contentUrl\":\"https:\\\/\\\/diwine.ee\\\/wp-content\\\/uploads\\\/2025\\\/04\\\/diWine-1080-x-1080-px.png\",\"width\":1080,\"height\":1080,\"caption\":\"diWine veinipood\"},\"image\":{\"@id\":\"https:\\\/\\\/diwine.ee\\\/#\\\/schema\\\/logo\\\/image\\\/\"},\"sameAs\":[\"https:\\\/\\\/www.facebook.com\\\/profile.php?id=61573862347231\",\"https:\\\/\\\/www.instagram.com\\\/diwine.ee\"]}]}<\/script>\n<!-- \/ Yoast SEO plugin. -->","yoast_head_json":{"title":"UBE Paganilla 2024 - diWine &ndash; Premium kvaliteetveinid &uuml;le maailma | Eesti veinipood","robots":{"index":"index","follow":"follow","max-snippet":"max-snippet:-1","max-image-preview":"max-image-preview:large","max-video-preview":"max-video-preview:-1"},"canonical":"https:\/\/diwine.ee\/en\/product\/ube-paganilla-2024\/","og_locale":"en_GB","og_type":"article","og_title":"UBE Paganilla 2024 - diWine &ndash; Premium kvaliteetveinid &uuml;le maailma | Eesti veinipood","og_description":"UBE Paganilla on sisemaa poole j\u00e4\u00e4va pago Palomino, mille iseloom on Mirafloresest laiem, j\u00f5ulisem ja veidi mullasemalt s\u00fcgavam.","og_url":"https:\/\/diwine.ee\/en\/product\/ube-paganilla-2024\/","og_site_name":"diWine &ndash; Premium kvaliteetveinid &uuml;le maailma | Eesti veinipood","article_publisher":"https:\/\/www.facebook.com\/profile.php?id=61573862347231","article_modified_time":"2026-04-08T21:41:28+00:00","og_image":[{"width":500,"height":500,"url":"https:\/\/diwine.ee\/wp-content\/uploads\/2026\/04\/ube-paganilla-20198179a_1920x1920.png","type":"image\/png"}],"twitter_card":"summary_large_image","twitter_misc":{"Estimated reading time":"2 minutes"},"schema":{"@context":"https:\/\/schema.org","@graph":[{"@type":"WebPage","@id":"https:\/\/diwine.ee\/product\/ube-paganilla-2024\/","url":"https:\/\/diwine.ee\/product\/ube-paganilla-2024\/","name":"UBE Paganilla 2024 - diWine &ndash; Premium kvaliteetveinid &uuml;le maailma | Eesti veinipood","isPartOf":{"@id":"https:\/\/diwine.ee\/#website"},"primaryImageOfPage":{"@id":"https:\/\/diwine.ee\/product\/ube-paganilla-2024\/#primaryimage"},"image":{"@id":"https:\/\/diwine.ee\/product\/ube-paganilla-2024\/#primaryimage"},"thumbnailUrl":"https:\/\/diwine.ee\/wp-content\/uploads\/2026\/04\/ube-paganilla-20198179a_1920x1920.png","datePublished":"2026-04-08T21:37:26+00:00","dateModified":"2026-04-08T21:41:28+00:00","breadcrumb":{"@id":"https:\/\/diwine.ee\/product\/ube-paganilla-2024\/#breadcrumb"},"inLanguage":"en-GB","potentialAction":[{"@type":"ReadAction","target":["https:\/\/diwine.ee\/product\/ube-paganilla-2024\/"]}]},{"@type":"ImageObject","inLanguage":"en-GB","@id":"https:\/\/diwine.ee\/product\/ube-paganilla-2024\/#primaryimage","url":"https:\/\/diwine.ee\/wp-content\/uploads\/2026\/04\/ube-paganilla-20198179a_1920x1920.png","contentUrl":"https:\/\/diwine.ee\/wp-content\/uploads\/2026\/04\/ube-paganilla-20198179a_1920x1920.png","width":500,"height":500},{"@type":"BreadcrumbList","@id":"https:\/\/diwine.ee\/product\/ube-paganilla-2024\/#breadcrumb","itemListElement":[{"@type":"ListItem","position":1,"name":"Home","item":"https:\/\/diwine.ee\/"},{"@type":"ListItem","position":2,"name":"e-pood","item":"https:\/\/diwine.ee\/tooted\/"},{"@type":"ListItem","position":3,"name":"UBE Paganilla 2024"}]},{"@type":"WebSite","@id":"https:\/\/diwine.ee\/#website","url":"https:\/\/diwine.ee\/","name":"diWine \u2013 Premium kvaliteetveinid \u00fcle maailma | Eesti veinipood","description":"Avasta diWine&#039;i hoolikalt valitud kvaliteetveinid maailma tippveinipiirkondadest. Eksklusiivsed punaveinid, valged veinid, vahuveinid ja eriveinid sinu erilisteks hetkedeks.","publisher":{"@id":"https:\/\/diwine.ee\/#organization"},"potentialAction":[{"@type":"SearchAction","target":{"@type":"EntryPoint","urlTemplate":"https:\/\/diwine.ee\/?s={search_term_string}"},"query-input":{"@type":"PropertyValueSpecification","valueRequired":true,"valueName":"search_term_string"}}],"inLanguage":"en-GB"},{"@type":"Organization","@id":"https:\/\/diwine.ee\/#organization","name":"diWine veinipood","url":"https:\/\/diwine.ee\/","logo":{"@type":"ImageObject","inLanguage":"en-GB","@id":"https:\/\/diwine.ee\/#\/schema\/logo\/image\/","url":"https:\/\/diwine.ee\/wp-content\/uploads\/2025\/04\/diWine-1080-x-1080-px.png","contentUrl":"https:\/\/diwine.ee\/wp-content\/uploads\/2025\/04\/diWine-1080-x-1080-px.png","width":1080,"height":1080,"caption":"diWine veinipood"},"image":{"@id":"https:\/\/diwine.ee\/#\/schema\/logo\/image\/"},"sameAs":["https:\/\/www.facebook.com\/profile.php?id=61573862347231","https:\/\/www.instagram.com\/diwine.ee"]}]}},"jetpack_sharing_enabled":true,"_links":{"self":[{"href":"https:\/\/diwine.ee\/en\/wp-json\/wp\/v2\/product\/29647","targetHints":{"allow":["GET"]}}],"collection":[{"href":"https:\/\/diwine.ee\/en\/wp-json\/wp\/v2\/product"}],"about":[{"href":"https:\/\/diwine.ee\/en\/wp-json\/wp\/v2\/types\/product"}],"version-history":[{"count":4,"href":"https:\/\/diwine.ee\/en\/wp-json\/wp\/v2\/product\/29647\/revisions"}],"predecessor-version":[{"id":29652,"href":"https:\/\/diwine.ee\/en\/wp-json\/wp\/v2\/product\/29647\/revisions\/29652"}],"wp:featuredmedia":[{"embeddable":true,"href":"https:\/\/diwine.ee\/en\/wp-json\/wp\/v2\/media\/29648"}],"wp:attachment":[{"href":"https:\/\/diwine.ee\/en\/wp-json\/wp\/v2\/media?parent=29647"}],"wp:term":[{"taxonomy":"product_brand","embeddable":true,"href":"https:\/\/diwine.ee\/en\/wp-json\/wp\/v2\/product_brand?post=29647"},{"taxonomy":"product_cat","embeddable":true,"href":"https:\/\/diwine.ee\/en\/wp-json\/wp\/v2\/product_cat?post=29647"},{"taxonomy":"product_tag","embeddable":true,"href":"https:\/\/diwine.ee\/en\/wp-json\/wp\/v2\/product_tag?post=29647"}],"curies":[{"name":"wp","href":"https:\/\/api.w.org\/{rel}","templated":true}]}}