{"id":29659,"date":"2026-04-09T00:45:12","date_gmt":"2026-04-08T21:45:12","guid":{"rendered":"https:\/\/diwine.ee\/?post_type=product&#038;p=29659"},"modified":"2026-04-09T00:59:57","modified_gmt":"2026-04-08T21:59:57","slug":"ube-carrascal-2024","status":"publish","type":"product","link":"https:\/\/diwine.ee\/en\/product\/ube-carrascal-2024\/","title":{"rendered":"UBE Carrascal 2024"},"content":{"rendered":"<div data-elementor-type=\"wp-post\" data-elementor-id=\"29659\" class=\"elementor elementor-29659\">\n\t\t\t\t<div class=\"wd-negative-gap elementor-element elementor-element-b496628 e-grid e-con-boxed e-con e-parent\" data-id=\"b496628\" data-element_type=\"container\" data-e-type=\"container\">\n\t\t\t\t\t<div class=\"e-con-inner\">\n\t\t\t\t<div class=\"elementor-element elementor-element-aa23989 elementor-widget elementor-widget-wd_text_block\" data-id=\"aa23989\" data-element_type=\"widget\" data-e-type=\"widget\" data-widget_type=\"wd_text_block.default\">\n\t\t\t\t<div class=\"elementor-widget-container\">\n\t\t\t\t\t\t\t<div class=\"wd-text-block reset-last-child text-left\">\n\t\t\t\n\t\t\t<h3 class=\"cvGsUA direction-ltr align-justify para-style-body\"><span class=\"OYPEnA font-feature-liga-off font-feature-clig-off font-feature-calt-off text-decoration-none text-strikethrough-none\">Veini lugu:<\/span><\/h3><p data-start=\"2657\" data-end=\"2894\">Carrascal on Jerezi maailmas ajalooliselt v\u00e4ga oluline nimi ning Ramiro Ib\u00e1\u00f1ezi t\u00f5lgenduses muutub see eriti selgelt tajutavaks kui vein, mis ei paku niiv\u00f5rd lihtsat joodavust kui vormi ja pinget. Vein p\u00e4rineb v\u00e4ga vanast Las Vegase istandusest, mis annab v\u00e4ikest, kuid tugeva identiteediga saaki. Kui Miraflores v\u00f5ib olla s\u00e4rav ja voolav, siis Carrascal on rangem, kivisem ja fokusseeritum. See on vein, mis n\u00e4itab h\u00e4sti, et Jerezi suured valged ei pea olema pehmed ega lihtsalt soolased \u2013 nad v\u00f5ivad olla ka vertikaalsed, peaaegu asketlikud ja v\u00e4ga t\u00e4pse kontuuriga.<\/p><h3 class=\"cvGsUA direction-ltr align-justify para-style-body\"><span class=\"OYPEnA font-feature-liga-off font-feature-clig-off font-feature-calt-off text-decoration-none text-strikethrough-none\">Veini valmistamine:<\/span><\/h3><p>almistatud vanade viinapuude Palominost, mis p\u00e4rinevad ajaloolisest Las Vegase istandusest. K\u00e4\u00e4rimine toimub kasutatud vaatides loodusliku p\u00e4rmiga, millele j\u00e4rgneb k\u00fcpsemine flor\u2019i m\u00f5ju all. K\u00e4sitlus on minimaalne ning eesm\u00e4rk on j\u00e4tta alles v\u00f5imalikult palju Carrascali enda struktuuri ja mineraalset intensiivsust. Vein ei ole ehitatud puuvilja \u00fcmber, vaid mulla, soolasuse ja vana viinapuu s\u00fcgavuse \u00fcmber.<\/p>\n\t\t\t\t\t<\/div>\n\t\t\t\t\t\t<\/div>\n\t\t\t\t<\/div>\n\t\t\t\t<div class=\"elementor-element elementor-element-f22db15 elementor-widget elementor-widget-wd_text_block\" data-id=\"f22db15\" data-element_type=\"widget\" data-e-type=\"widget\" data-widget_type=\"wd_text_block.default\">\n\t\t\t\t<div class=\"elementor-widget-container\">\n\t\t\t\t\t\t\t<div class=\"wd-text-block reset-last-child text-left\">\n\t\t\t\n\t\t\t<h3 class=\"cvGsUA direction-ltr align-justify para-style-body\"><span class=\"OYPEnA font-feature-liga-off font-feature-clig-off font-feature-calt-off text-decoration-none text-strikethrough-none\">Maitsenoodid:<\/span><\/h3><p data-start=\"1438\" data-end=\"1516\">Aroomis sidrunikoor, kuivatatud \u00fcrdid, valge mandel, sool, kriit ja v\u00e4ga peen suitsune mineraalsus. Maitses v\u00e4ga kuiv, pingeline ja v\u00e4ljapeetud, pigem vertikaalne kui lai. J\u00e4relmaitse on pikk, soolane ja lubjarikas, taustal \u00f5rn p\u00e4hkline n\u00fcanss.<\/p><h3 class=\"cvGsUA direction-ltr align-justify para-style-body\"><span class=\"OYPEnA font-feature-liga-off font-feature-clig-off font-feature-calt-off text-decoration-none text-strikethrough-none\">Toidusoovitus:<\/span><\/h3><p data-start=\"3834\" data-end=\"3859\">Sobib austrite, karpide, toorete mereandide, valge kala crudo, grillitud kaheksajala ja oliivi\u00f5liga k\u00f6\u00f6giviljade k\u00f5rvale. V\u00e4ga hea ka minimalistlike roogadega, kus veini mineraalsus saab j\u00e4\u00e4da esiplaanile.<\/p>\n\t\t\t\t\t<\/div>\n\t\t\t\t\t\t<\/div>\n\t\t\t\t<\/div>\n\t\t\t\t<div class=\"elementor-element elementor-element-79dff25 elementor-widget elementor-widget-wd_text_block\" data-id=\"79dff25\" data-element_type=\"widget\" data-e-type=\"widget\" data-widget_type=\"wd_text_block.default\">\n\t\t\t\t<div class=\"elementor-widget-container\">\n\t\t\t\t\t\t\t<div class=\"wd-text-block reset-last-child text-left\">\n\t\t\t\n\t\t\t<h3 class=\"cvGsUA direction-ltr align-justify para-style-body\"><span class=\"OYPEnA font-feature-liga-off font-feature-clig-off font-feature-calt-off text-decoration-none text-strikethrough-none\">S\u00e4ilitamispotentsiaal:<\/span><\/h3><p data-start=\"2868\" data-end=\"3001\">Parim 5\u20138 aasta jooksul, kuid v\u00f5ib areneda kauemgi. Aja jooksul v\u00f5ib muutuda n\u00fcansseeritumaks ja p\u00e4hklisemaks, s\u00e4ilitades siiski tugeva mineraalse selgroo.<\/p><h3 class=\"cvGsUA direction-ltr align-justify para-style-body\"><span class=\"OYPEnA font-feature-liga-off font-feature-clig-off font-feature-calt-off text-decoration-none text-strikethrough-none\">Hinnangud &amp; tunnustused:<\/span><\/h3><p data-start=\"3333\" data-end=\"3451\">\u2022 \u00dcks mineraalsemaid ja rangemaid veine UBE reas. <br \/>\u2022 P\u00e4rineb v\u00e4ga vanast Las Vegase istandusest Carrascali pago\u2019s. <br \/>\u2022 Hea n\u00e4ide sellest, kui t\u00f5sine ja arhitektuurne v\u00f5ib olla kangestamata Palomino.<\/p>\n\t\t\t\t\t<\/div>\n\t\t\t\t\t\t<\/div>\n\t\t\t\t<\/div>\n\t\t\t\t\t<\/div>\n\t\t\t\t<\/div>\n\t\t\t\t<\/div>","protected":false},"excerpt":{"rendered":"<p>UBE Carrascal on vana istanduse Palomino, milles kohtuvad Carrascali pago rangem mineraalsus, Atlandi m\u00f5ju ja v\u00e4ga selge struktuur.<\/p>","protected":false},"featured_media":29660,"template":"","meta":[],"product_brand":[183],"product_cat":[29,92],"product_tag":[],"class_list":{"0":"post-29659","1":"product","2":"type-product","3":"status-publish","4":"has-post-thumbnail","6":"product_brand-ramiro-ibanez","7":"product_cat-koik-tooted","8":"product_cat-valge-vein","9":"pa_piirkond-jerez","10":"pa_viinamarjasort-palomino","12":"first","13":"instock","14":"taxable","15":"shipping-taxable","16":"purchasable","17":"product-type-simple"},"yoast_head":"<!-- This site is optimized with the Yoast SEO plugin v27.4 - https:\/\/yoast.com\/product\/yoast-seo-wordpress\/ -->\n<title>UBE Carrascal 2024 - diWine &ndash; Premium kvaliteetveinid &uuml;le maailma | Eesti veinipood<\/title>\n<meta name=\"robots\" content=\"index, follow, max-snippet:-1, max-image-preview:large, max-video-preview:-1\" \/>\n<link rel=\"canonical\" href=\"https:\/\/diwine.ee\/en\/product\/ube-carrascal-2024\/\" \/>\n<meta property=\"og:locale\" content=\"en_GB\" \/>\n<meta property=\"og:type\" content=\"article\" \/>\n<meta property=\"og:title\" content=\"UBE Carrascal 2024 - diWine &ndash; Premium kvaliteetveinid &uuml;le maailma | Eesti veinipood\" \/>\n<meta property=\"og:description\" content=\"UBE Carrascal on vana istanduse Palomino, milles kohtuvad Carrascali pago rangem mineraalsus, Atlandi m\u00f5ju ja v\u00e4ga selge struktuur.\" \/>\n<meta property=\"og:url\" content=\"https:\/\/diwine.ee\/en\/product\/ube-carrascal-2024\/\" \/>\n<meta property=\"og:site_name\" content=\"diWine &ndash; Premium kvaliteetveinid &uuml;le maailma | Eesti veinipood\" \/>\n<meta property=\"article:publisher\" content=\"https:\/\/www.facebook.com\/profile.php?id=61573862347231\" \/>\n<meta property=\"article:modified_time\" content=\"2026-04-08T21:59:57+00:00\" \/>\n<meta property=\"og:image\" content=\"https:\/\/diwine.ee\/wp-content\/uploads\/2026\/04\/ube-el-carrascal-las-vegas-2017_1920x1920.png\" \/>\n\t<meta property=\"og:image:width\" content=\"500\" \/>\n\t<meta property=\"og:image:height\" content=\"500\" \/>\n\t<meta property=\"og:image:type\" content=\"image\/png\" \/>\n<meta name=\"twitter:card\" content=\"summary_large_image\" \/>\n<meta name=\"twitter:label1\" content=\"Estimated reading time\" \/>\n\t<meta name=\"twitter:data1\" content=\"2 minutes\" \/>\n<script type=\"application\/ld+json\" class=\"yoast-schema-graph\">{\"@context\":\"https:\\\/\\\/schema.org\",\"@graph\":[{\"@type\":\"WebPage\",\"@id\":\"https:\\\/\\\/diwine.ee\\\/product\\\/ube-carrascal-2024\\\/\",\"url\":\"https:\\\/\\\/diwine.ee\\\/product\\\/ube-carrascal-2024\\\/\",\"name\":\"UBE Carrascal 2024 - diWine &ndash; Premium kvaliteetveinid &uuml;le maailma | Eesti veinipood\",\"isPartOf\":{\"@id\":\"https:\\\/\\\/diwine.ee\\\/#website\"},\"primaryImageOfPage\":{\"@id\":\"https:\\\/\\\/diwine.ee\\\/product\\\/ube-carrascal-2024\\\/#primaryimage\"},\"image\":{\"@id\":\"https:\\\/\\\/diwine.ee\\\/product\\\/ube-carrascal-2024\\\/#primaryimage\"},\"thumbnailUrl\":\"https:\\\/\\\/diwine.ee\\\/wp-content\\\/uploads\\\/2026\\\/04\\\/ube-el-carrascal-las-vegas-2017_1920x1920.png\",\"datePublished\":\"2026-04-08T21:45:12+00:00\",\"dateModified\":\"2026-04-08T21:59:57+00:00\",\"breadcrumb\":{\"@id\":\"https:\\\/\\\/diwine.ee\\\/product\\\/ube-carrascal-2024\\\/#breadcrumb\"},\"inLanguage\":\"en-GB\",\"potentialAction\":[{\"@type\":\"ReadAction\",\"target\":[\"https:\\\/\\\/diwine.ee\\\/product\\\/ube-carrascal-2024\\\/\"]}]},{\"@type\":\"ImageObject\",\"inLanguage\":\"en-GB\",\"@id\":\"https:\\\/\\\/diwine.ee\\\/product\\\/ube-carrascal-2024\\\/#primaryimage\",\"url\":\"https:\\\/\\\/diwine.ee\\\/wp-content\\\/uploads\\\/2026\\\/04\\\/ube-el-carrascal-las-vegas-2017_1920x1920.png\",\"contentUrl\":\"https:\\\/\\\/diwine.ee\\\/wp-content\\\/uploads\\\/2026\\\/04\\\/ube-el-carrascal-las-vegas-2017_1920x1920.png\",\"width\":500,\"height\":500},{\"@type\":\"BreadcrumbList\",\"@id\":\"https:\\\/\\\/diwine.ee\\\/product\\\/ube-carrascal-2024\\\/#breadcrumb\",\"itemListElement\":[{\"@type\":\"ListItem\",\"position\":1,\"name\":\"Home\",\"item\":\"https:\\\/\\\/diwine.ee\\\/\"},{\"@type\":\"ListItem\",\"position\":2,\"name\":\"e-pood\",\"item\":\"https:\\\/\\\/diwine.ee\\\/tooted\\\/\"},{\"@type\":\"ListItem\",\"position\":3,\"name\":\"UBE Carrascal 2024\"}]},{\"@type\":\"WebSite\",\"@id\":\"https:\\\/\\\/diwine.ee\\\/#website\",\"url\":\"https:\\\/\\\/diwine.ee\\\/\",\"name\":\"diWine \u2013 Premium kvaliteetveinid \u00fcle maailma | Eesti veinipood\",\"description\":\"Avasta diWine&#039;i hoolikalt valitud kvaliteetveinid maailma tippveinipiirkondadest. Eksklusiivsed punaveinid, valged veinid, vahuveinid ja eriveinid sinu erilisteks hetkedeks.\",\"publisher\":{\"@id\":\"https:\\\/\\\/diwine.ee\\\/#organization\"},\"potentialAction\":[{\"@type\":\"SearchAction\",\"target\":{\"@type\":\"EntryPoint\",\"urlTemplate\":\"https:\\\/\\\/diwine.ee\\\/?s={search_term_string}\"},\"query-input\":{\"@type\":\"PropertyValueSpecification\",\"valueRequired\":true,\"valueName\":\"search_term_string\"}}],\"inLanguage\":\"en-GB\"},{\"@type\":\"Organization\",\"@id\":\"https:\\\/\\\/diwine.ee\\\/#organization\",\"name\":\"diWine veinipood\",\"url\":\"https:\\\/\\\/diwine.ee\\\/\",\"logo\":{\"@type\":\"ImageObject\",\"inLanguage\":\"en-GB\",\"@id\":\"https:\\\/\\\/diwine.ee\\\/#\\\/schema\\\/logo\\\/image\\\/\",\"url\":\"https:\\\/\\\/diwine.ee\\\/wp-content\\\/uploads\\\/2025\\\/04\\\/diWine-1080-x-1080-px.png\",\"contentUrl\":\"https:\\\/\\\/diwine.ee\\\/wp-content\\\/uploads\\\/2025\\\/04\\\/diWine-1080-x-1080-px.png\",\"width\":1080,\"height\":1080,\"caption\":\"diWine veinipood\"},\"image\":{\"@id\":\"https:\\\/\\\/diwine.ee\\\/#\\\/schema\\\/logo\\\/image\\\/\"},\"sameAs\":[\"https:\\\/\\\/www.facebook.com\\\/profile.php?id=61573862347231\",\"https:\\\/\\\/www.instagram.com\\\/diwine.ee\"]}]}<\/script>\n<!-- \/ Yoast SEO plugin. -->","yoast_head_json":{"title":"UBE Carrascal 2024 - diWine &ndash; Premium kvaliteetveinid &uuml;le maailma | Eesti veinipood","robots":{"index":"index","follow":"follow","max-snippet":"max-snippet:-1","max-image-preview":"max-image-preview:large","max-video-preview":"max-video-preview:-1"},"canonical":"https:\/\/diwine.ee\/en\/product\/ube-carrascal-2024\/","og_locale":"en_GB","og_type":"article","og_title":"UBE Carrascal 2024 - diWine &ndash; Premium kvaliteetveinid &uuml;le maailma | Eesti veinipood","og_description":"UBE Carrascal on vana istanduse Palomino, milles kohtuvad Carrascali pago rangem mineraalsus, Atlandi m\u00f5ju ja v\u00e4ga selge struktuur.","og_url":"https:\/\/diwine.ee\/en\/product\/ube-carrascal-2024\/","og_site_name":"diWine &ndash; Premium kvaliteetveinid &uuml;le maailma | Eesti veinipood","article_publisher":"https:\/\/www.facebook.com\/profile.php?id=61573862347231","article_modified_time":"2026-04-08T21:59:57+00:00","og_image":[{"width":500,"height":500,"url":"https:\/\/diwine.ee\/wp-content\/uploads\/2026\/04\/ube-el-carrascal-las-vegas-2017_1920x1920.png","type":"image\/png"}],"twitter_card":"summary_large_image","twitter_misc":{"Estimated reading time":"2 minutes"},"schema":{"@context":"https:\/\/schema.org","@graph":[{"@type":"WebPage","@id":"https:\/\/diwine.ee\/product\/ube-carrascal-2024\/","url":"https:\/\/diwine.ee\/product\/ube-carrascal-2024\/","name":"UBE Carrascal 2024 - diWine &ndash; Premium kvaliteetveinid &uuml;le maailma | Eesti veinipood","isPartOf":{"@id":"https:\/\/diwine.ee\/#website"},"primaryImageOfPage":{"@id":"https:\/\/diwine.ee\/product\/ube-carrascal-2024\/#primaryimage"},"image":{"@id":"https:\/\/diwine.ee\/product\/ube-carrascal-2024\/#primaryimage"},"thumbnailUrl":"https:\/\/diwine.ee\/wp-content\/uploads\/2026\/04\/ube-el-carrascal-las-vegas-2017_1920x1920.png","datePublished":"2026-04-08T21:45:12+00:00","dateModified":"2026-04-08T21:59:57+00:00","breadcrumb":{"@id":"https:\/\/diwine.ee\/product\/ube-carrascal-2024\/#breadcrumb"},"inLanguage":"en-GB","potentialAction":[{"@type":"ReadAction","target":["https:\/\/diwine.ee\/product\/ube-carrascal-2024\/"]}]},{"@type":"ImageObject","inLanguage":"en-GB","@id":"https:\/\/diwine.ee\/product\/ube-carrascal-2024\/#primaryimage","url":"https:\/\/diwine.ee\/wp-content\/uploads\/2026\/04\/ube-el-carrascal-las-vegas-2017_1920x1920.png","contentUrl":"https:\/\/diwine.ee\/wp-content\/uploads\/2026\/04\/ube-el-carrascal-las-vegas-2017_1920x1920.png","width":500,"height":500},{"@type":"BreadcrumbList","@id":"https:\/\/diwine.ee\/product\/ube-carrascal-2024\/#breadcrumb","itemListElement":[{"@type":"ListItem","position":1,"name":"Home","item":"https:\/\/diwine.ee\/"},{"@type":"ListItem","position":2,"name":"e-pood","item":"https:\/\/diwine.ee\/tooted\/"},{"@type":"ListItem","position":3,"name":"UBE Carrascal 2024"}]},{"@type":"WebSite","@id":"https:\/\/diwine.ee\/#website","url":"https:\/\/diwine.ee\/","name":"diWine \u2013 Premium kvaliteetveinid \u00fcle maailma | Eesti veinipood","description":"Avasta diWine&#039;i hoolikalt valitud kvaliteetveinid maailma tippveinipiirkondadest. Eksklusiivsed punaveinid, valged veinid, vahuveinid ja eriveinid sinu erilisteks hetkedeks.","publisher":{"@id":"https:\/\/diwine.ee\/#organization"},"potentialAction":[{"@type":"SearchAction","target":{"@type":"EntryPoint","urlTemplate":"https:\/\/diwine.ee\/?s={search_term_string}"},"query-input":{"@type":"PropertyValueSpecification","valueRequired":true,"valueName":"search_term_string"}}],"inLanguage":"en-GB"},{"@type":"Organization","@id":"https:\/\/diwine.ee\/#organization","name":"diWine veinipood","url":"https:\/\/diwine.ee\/","logo":{"@type":"ImageObject","inLanguage":"en-GB","@id":"https:\/\/diwine.ee\/#\/schema\/logo\/image\/","url":"https:\/\/diwine.ee\/wp-content\/uploads\/2025\/04\/diWine-1080-x-1080-px.png","contentUrl":"https:\/\/diwine.ee\/wp-content\/uploads\/2025\/04\/diWine-1080-x-1080-px.png","width":1080,"height":1080,"caption":"diWine veinipood"},"image":{"@id":"https:\/\/diwine.ee\/#\/schema\/logo\/image\/"},"sameAs":["https:\/\/www.facebook.com\/profile.php?id=61573862347231","https:\/\/www.instagram.com\/diwine.ee"]}]}},"jetpack_sharing_enabled":true,"_links":{"self":[{"href":"https:\/\/diwine.ee\/en\/wp-json\/wp\/v2\/product\/29659","targetHints":{"allow":["GET"]}}],"collection":[{"href":"https:\/\/diwine.ee\/en\/wp-json\/wp\/v2\/product"}],"about":[{"href":"https:\/\/diwine.ee\/en\/wp-json\/wp\/v2\/types\/product"}],"version-history":[{"count":4,"href":"https:\/\/diwine.ee\/en\/wp-json\/wp\/v2\/product\/29659\/revisions"}],"predecessor-version":[{"id":29664,"href":"https:\/\/diwine.ee\/en\/wp-json\/wp\/v2\/product\/29659\/revisions\/29664"}],"wp:featuredmedia":[{"embeddable":true,"href":"https:\/\/diwine.ee\/en\/wp-json\/wp\/v2\/media\/29660"}],"wp:attachment":[{"href":"https:\/\/diwine.ee\/en\/wp-json\/wp\/v2\/media?parent=29659"}],"wp:term":[{"taxonomy":"product_brand","embeddable":true,"href":"https:\/\/diwine.ee\/en\/wp-json\/wp\/v2\/product_brand?post=29659"},{"taxonomy":"product_cat","embeddable":true,"href":"https:\/\/diwine.ee\/en\/wp-json\/wp\/v2\/product_cat?post=29659"},{"taxonomy":"product_tag","embeddable":true,"href":"https:\/\/diwine.ee\/en\/wp-json\/wp\/v2\/product_tag?post=29659"}],"curies":[{"name":"wp","href":"https:\/\/api.w.org\/{rel}","templated":true}]}}