{"id":29685,"date":"2026-04-09T01:06:14","date_gmt":"2026-04-08T22:06:14","guid":{"rendered":"https:\/\/diwine.ee\/?post_type=product&#038;p=29685"},"modified":"2026-04-09T01:11:08","modified_gmt":"2026-04-08T22:11:08","slug":"el-alamo-anina-2023","status":"publish","type":"product","link":"https:\/\/diwine.ee\/en\/product\/el-alamo-anina-2023\/","title":{"rendered":"El \u00c1lamo A\u00f1ina 2023"},"content":{"rendered":"<div data-elementor-type=\"wp-post\" data-elementor-id=\"29685\" class=\"elementor elementor-29685\">\n\t\t\t\t<div class=\"wd-negative-gap elementor-element elementor-element-b496628 e-grid e-con-boxed e-con e-parent\" data-id=\"b496628\" data-element_type=\"container\" data-e-type=\"container\">\n\t\t\t\t\t<div class=\"e-con-inner\">\n\t\t\t\t<div class=\"elementor-element elementor-element-aa23989 elementor-widget elementor-widget-wd_text_block\" data-id=\"aa23989\" data-element_type=\"widget\" data-e-type=\"widget\" data-widget_type=\"wd_text_block.default\">\n\t\t\t\t<div class=\"elementor-widget-container\">\n\t\t\t\t\t\t\t<div class=\"wd-text-block reset-last-child text-left\">\n\t\t\t\n\t\t\t<h3 class=\"cvGsUA direction-ltr align-justify para-style-body\"><span class=\"OYPEnA font-feature-liga-off font-feature-clig-off font-feature-calt-off text-decoration-none text-strikethrough-none\">Veini lugu:<\/span><\/h3><p data-start=\"2657\" data-end=\"2894\">See vein p\u00e4rineb ajaloolisest istandusest, mida on varem kasutatud ka vanemate Jerezi stiilide jaoks. Willy P\u00e9rez ja Ramiro Ib\u00e1\u00f1ez n\u00e4evad El \u00c1lamo A\u00f1inas kohta, mis v\u00e4\u00e4rib iseseisvat h\u00e4\u00e4lt, mitte lahustumist suuremasse segus\u00fcsteemi. Vein on \u00fchtaegu v\u00e4ga kohalik ja v\u00e4ga kaasaegne: ta kasutab vana teadmise pagasit, kuid esitab selle t\u00e4nap\u00e4evase terroir\u2019-veini loogikas. El \u00c1lamo ei m\u00f5ju demonstratsioonina, vaid t\u00f5sise valge veinina, mis n\u00e4itab, kui kaugele v\u00f5ib Jerez minna ka ilma kangestamise ja kategooriasurveta.<\/p><h3 class=\"cvGsUA direction-ltr align-justify para-style-body\"><span class=\"OYPEnA font-feature-liga-off font-feature-clig-off font-feature-calt-off text-decoration-none text-strikethrough-none\">Veini valmistamine:<\/span><\/h3><p>Tegu on kangestamata vino de pasto\u2019ga, mis p\u00e4rineb A\u00f1ina ajaloolisest albariza kasvukohast. Veinil on rohkem flor\u2019i m\u00f5ju kui paljudel teistel selle kategooria veinidel, mis aitab hoida kuumemal aastak\u00e4igul alles peenuse ja tasakaalu. K\u00e4sitlus on v\u00e4ga t\u00e4pne ning suunatud sellele, et kasvukoha kontsentratsioon ja mereline v\u00e4rskus j\u00f5uaksid m\u00f5lemad l\u00f5pptulemusesse. Tootmismaht on v\u00e4ga v\u00e4ike ning see on vein, mille iseloomu m\u00e4\u00e4rab eelk\u00f5ige koht ise.<\/p>\n\t\t\t\t\t<\/div>\n\t\t\t\t\t\t<\/div>\n\t\t\t\t<\/div>\n\t\t\t\t<div class=\"elementor-element elementor-element-f22db15 elementor-widget elementor-widget-wd_text_block\" data-id=\"f22db15\" data-element_type=\"widget\" data-e-type=\"widget\" data-widget_type=\"wd_text_block.default\">\n\t\t\t\t<div class=\"elementor-widget-container\">\n\t\t\t\t\t\t\t<div class=\"wd-text-block reset-last-child text-left\">\n\t\t\t\n\t\t\t<h3 class=\"cvGsUA direction-ltr align-justify para-style-body\"><span class=\"OYPEnA font-feature-liga-off font-feature-clig-off font-feature-calt-off text-decoration-none text-strikethrough-none\">Maitsenoodid:<\/span><\/h3><p data-start=\"1438\" data-end=\"1516\">Aroomis meri, curry-v\u00fcrts, sool, valge pipar, kuivatatud \u00fcrdid ja peen p\u00e4hkline n\u00fcanss. Maitses kuiv, s\u00fcgav ja v\u00e4ga soolane, kuid samal ajal peen ja pikk. Veinis on nii kontsentratsiooni kui v\u00e4rskust, mis p\u00fcsivad koos haruldaselt loomulikul viisil. J\u00e4relmaitse on pikk, v\u00fcrtsikas ja mereline.<\/p><h3 class=\"cvGsUA direction-ltr align-justify para-style-body\"><span class=\"OYPEnA font-feature-liga-off font-feature-clig-off font-feature-calt-off text-decoration-none text-strikethrough-none\">Toidusoovitus:<\/span><\/h3><p data-start=\"3834\" data-end=\"3859\">Sobib austrite, mereandide hautiste, grillitud karpide, merikeele, kalapuljongite ja safraniga roogade k\u00f5rvale. V\u00e4ga hea ka roogadega, kus on korraga nii merelist soolasust kui tekstuuri.<\/p>\n\t\t\t\t\t<\/div>\n\t\t\t\t\t\t<\/div>\n\t\t\t\t<\/div>\n\t\t\t\t<div class=\"elementor-element elementor-element-79dff25 elementor-widget elementor-widget-wd_text_block\" data-id=\"79dff25\" data-element_type=\"widget\" data-e-type=\"widget\" data-widget_type=\"wd_text_block.default\">\n\t\t\t\t<div class=\"elementor-widget-container\">\n\t\t\t\t\t\t\t<div class=\"wd-text-block reset-last-child text-left\">\n\t\t\t\n\t\t\t<h3 class=\"cvGsUA direction-ltr align-justify para-style-body\"><span class=\"OYPEnA font-feature-liga-off font-feature-clig-off font-feature-calt-off text-decoration-none text-strikethrough-none\">S\u00e4ilitamispotentsiaal:<\/span><\/h3><p data-start=\"2868\" data-end=\"3001\">Parim 5\u201310 aasta jooksul. V\u00f5ib areneda v\u00e4ga huvitavalt, muutudes ajaga veelgi rahulikumaks ja kihilisemaks.<\/p><h3 class=\"cvGsUA direction-ltr align-justify para-style-body\"><span class=\"OYPEnA font-feature-liga-off font-feature-clig-off font-feature-calt-off text-decoration-none text-strikethrough-none\">Hinnangud &amp; tunnustused:<\/span><\/h3><p data-start=\"3333\" data-end=\"3451\">\u2022 V\u00e4ga k\u00f5rgelt hinnatud vino de pasto rahvusvaheliste kriitikute poolt. <br \/>\u2022 V\u00e4ikese tootmismahuga, peaaegu kultusliku iseloomuga villimine. <br \/>\u2022 Hea n\u00e4ide sellest, kui t\u00f5sine v\u00f5ib olla kangestamata valge vein Jerezist.<\/p>\n\t\t\t\t\t<\/div>\n\t\t\t\t\t\t<\/div>\n\t\t\t\t<\/div>\n\t\t\t\t\t<\/div>\n\t\t\t\t<\/div>\n\t\t\t\t<\/div>","protected":false},"excerpt":{"rendered":"<p>El \u00c1lamo A\u00f1ina on erakordselt piiratud koguses vino de pasto ajaloolisest A\u00f1ina kasvualast, \u00fchendades s\u00fcgavuse, flor\u2019i peenuse ja tugeva Atlandi m\u00f5ju.<\/p>","protected":false},"featured_media":29686,"template":"","meta":[],"product_brand":[187],"product_cat":[29,92],"product_tag":[],"class_list":{"0":"post-29685","1":"product","2":"type-product","3":"status-publish","4":"has-post-thumbnail","6":"product_brand-de-la-riva","7":"product_cat-koik-tooted","8":"product_cat-valge-vein","9":"pa_piirkond-jerez","10":"pa_viinamarjasort-palomino","12":"first","13":"instock","14":"taxable","15":"shipping-taxable","16":"purchasable","17":"product-type-simple"},"yoast_head":"<!-- This site is optimized with the Yoast SEO plugin v27.4 - https:\/\/yoast.com\/product\/yoast-seo-wordpress\/ -->\n<title>El \u00c1lamo A\u00f1ina 2023 - diWine &ndash; Premium kvaliteetveinid &uuml;le maailma | Eesti veinipood<\/title>\n<meta name=\"robots\" content=\"index, follow, max-snippet:-1, max-image-preview:large, max-video-preview:-1\" \/>\n<link rel=\"canonical\" href=\"https:\/\/diwine.ee\/en\/product\/el-alamo-anina-2023\/\" \/>\n<meta property=\"og:locale\" content=\"en_GB\" \/>\n<meta property=\"og:type\" content=\"article\" \/>\n<meta property=\"og:title\" content=\"El \u00c1lamo A\u00f1ina 2023 - diWine &ndash; Premium kvaliteetveinid &uuml;le maailma | Eesti veinipood\" \/>\n<meta property=\"og:description\" content=\"El \u00c1lamo A\u00f1ina on erakordselt piiratud koguses vino de pasto ajaloolisest A\u00f1ina kasvualast, \u00fchendades s\u00fcgavuse, flor\u2019i peenuse ja tugeva Atlandi m\u00f5ju.\" \/>\n<meta property=\"og:url\" content=\"https:\/\/diwine.ee\/en\/product\/el-alamo-anina-2023\/\" \/>\n<meta property=\"og:site_name\" content=\"diWine &ndash; Premium kvaliteetveinid &uuml;le maailma | Eesti veinipood\" \/>\n<meta property=\"article:publisher\" content=\"https:\/\/www.facebook.com\/profile.php?id=61573862347231\" \/>\n<meta property=\"article:modified_time\" content=\"2026-04-08T22:11:08+00:00\" \/>\n<meta property=\"og:image\" content=\"https:\/\/diwine.ee\/wp-content\/uploads\/2026\/04\/El-Alamo-Anina-2023.png\" \/>\n\t<meta property=\"og:image:width\" content=\"800\" \/>\n\t<meta property=\"og:image:height\" content=\"800\" \/>\n\t<meta property=\"og:image:type\" content=\"image\/png\" \/>\n<meta name=\"twitter:card\" content=\"summary_large_image\" \/>\n<meta name=\"twitter:label1\" content=\"Estimated reading time\" \/>\n\t<meta name=\"twitter:data1\" content=\"2 minutes\" \/>\n<script type=\"application\/ld+json\" class=\"yoast-schema-graph\">{\"@context\":\"https:\\\/\\\/schema.org\",\"@graph\":[{\"@type\":\"WebPage\",\"@id\":\"https:\\\/\\\/diwine.ee\\\/product\\\/el-alamo-anina-2023\\\/\",\"url\":\"https:\\\/\\\/diwine.ee\\\/product\\\/el-alamo-anina-2023\\\/\",\"name\":\"El \u00c1lamo A\u00f1ina 2023 - diWine &ndash; Premium kvaliteetveinid &uuml;le maailma | Eesti veinipood\",\"isPartOf\":{\"@id\":\"https:\\\/\\\/diwine.ee\\\/#website\"},\"primaryImageOfPage\":{\"@id\":\"https:\\\/\\\/diwine.ee\\\/product\\\/el-alamo-anina-2023\\\/#primaryimage\"},\"image\":{\"@id\":\"https:\\\/\\\/diwine.ee\\\/product\\\/el-alamo-anina-2023\\\/#primaryimage\"},\"thumbnailUrl\":\"https:\\\/\\\/diwine.ee\\\/wp-content\\\/uploads\\\/2026\\\/04\\\/El-Alamo-Anina-2023.png\",\"datePublished\":\"2026-04-08T22:06:14+00:00\",\"dateModified\":\"2026-04-08T22:11:08+00:00\",\"breadcrumb\":{\"@id\":\"https:\\\/\\\/diwine.ee\\\/product\\\/el-alamo-anina-2023\\\/#breadcrumb\"},\"inLanguage\":\"en-GB\",\"potentialAction\":[{\"@type\":\"ReadAction\",\"target\":[\"https:\\\/\\\/diwine.ee\\\/product\\\/el-alamo-anina-2023\\\/\"]}]},{\"@type\":\"ImageObject\",\"inLanguage\":\"en-GB\",\"@id\":\"https:\\\/\\\/diwine.ee\\\/product\\\/el-alamo-anina-2023\\\/#primaryimage\",\"url\":\"https:\\\/\\\/diwine.ee\\\/wp-content\\\/uploads\\\/2026\\\/04\\\/El-Alamo-Anina-2023.png\",\"contentUrl\":\"https:\\\/\\\/diwine.ee\\\/wp-content\\\/uploads\\\/2026\\\/04\\\/El-Alamo-Anina-2023.png\",\"width\":800,\"height\":800},{\"@type\":\"BreadcrumbList\",\"@id\":\"https:\\\/\\\/diwine.ee\\\/product\\\/el-alamo-anina-2023\\\/#breadcrumb\",\"itemListElement\":[{\"@type\":\"ListItem\",\"position\":1,\"name\":\"Home\",\"item\":\"https:\\\/\\\/diwine.ee\\\/\"},{\"@type\":\"ListItem\",\"position\":2,\"name\":\"e-pood\",\"item\":\"https:\\\/\\\/diwine.ee\\\/tooted\\\/\"},{\"@type\":\"ListItem\",\"position\":3,\"name\":\"El \u00c1lamo A\u00f1ina 2023\"}]},{\"@type\":\"WebSite\",\"@id\":\"https:\\\/\\\/diwine.ee\\\/#website\",\"url\":\"https:\\\/\\\/diwine.ee\\\/\",\"name\":\"diWine \u2013 Premium kvaliteetveinid \u00fcle maailma | Eesti veinipood\",\"description\":\"Avasta diWine&#039;i hoolikalt valitud kvaliteetveinid maailma tippveinipiirkondadest. Eksklusiivsed punaveinid, valged veinid, vahuveinid ja eriveinid sinu erilisteks hetkedeks.\",\"publisher\":{\"@id\":\"https:\\\/\\\/diwine.ee\\\/#organization\"},\"potentialAction\":[{\"@type\":\"SearchAction\",\"target\":{\"@type\":\"EntryPoint\",\"urlTemplate\":\"https:\\\/\\\/diwine.ee\\\/?s={search_term_string}\"},\"query-input\":{\"@type\":\"PropertyValueSpecification\",\"valueRequired\":true,\"valueName\":\"search_term_string\"}}],\"inLanguage\":\"en-GB\"},{\"@type\":\"Organization\",\"@id\":\"https:\\\/\\\/diwine.ee\\\/#organization\",\"name\":\"diWine veinipood\",\"url\":\"https:\\\/\\\/diwine.ee\\\/\",\"logo\":{\"@type\":\"ImageObject\",\"inLanguage\":\"en-GB\",\"@id\":\"https:\\\/\\\/diwine.ee\\\/#\\\/schema\\\/logo\\\/image\\\/\",\"url\":\"https:\\\/\\\/diwine.ee\\\/wp-content\\\/uploads\\\/2025\\\/04\\\/diWine-1080-x-1080-px.png\",\"contentUrl\":\"https:\\\/\\\/diwine.ee\\\/wp-content\\\/uploads\\\/2025\\\/04\\\/diWine-1080-x-1080-px.png\",\"width\":1080,\"height\":1080,\"caption\":\"diWine veinipood\"},\"image\":{\"@id\":\"https:\\\/\\\/diwine.ee\\\/#\\\/schema\\\/logo\\\/image\\\/\"},\"sameAs\":[\"https:\\\/\\\/www.facebook.com\\\/profile.php?id=61573862347231\",\"https:\\\/\\\/www.instagram.com\\\/diwine.ee\"]}]}<\/script>\n<!-- \/ Yoast SEO plugin. -->","yoast_head_json":{"title":"El \u00c1lamo A\u00f1ina 2023 - diWine &ndash; Premium kvaliteetveinid &uuml;le maailma | Eesti veinipood","robots":{"index":"index","follow":"follow","max-snippet":"max-snippet:-1","max-image-preview":"max-image-preview:large","max-video-preview":"max-video-preview:-1"},"canonical":"https:\/\/diwine.ee\/en\/product\/el-alamo-anina-2023\/","og_locale":"en_GB","og_type":"article","og_title":"El \u00c1lamo A\u00f1ina 2023 - diWine &ndash; Premium kvaliteetveinid &uuml;le maailma | Eesti veinipood","og_description":"El \u00c1lamo A\u00f1ina on erakordselt piiratud koguses vino de pasto ajaloolisest A\u00f1ina kasvualast, \u00fchendades s\u00fcgavuse, flor\u2019i peenuse ja tugeva Atlandi m\u00f5ju.","og_url":"https:\/\/diwine.ee\/en\/product\/el-alamo-anina-2023\/","og_site_name":"diWine &ndash; Premium kvaliteetveinid &uuml;le maailma | Eesti veinipood","article_publisher":"https:\/\/www.facebook.com\/profile.php?id=61573862347231","article_modified_time":"2026-04-08T22:11:08+00:00","og_image":[{"width":800,"height":800,"url":"https:\/\/diwine.ee\/wp-content\/uploads\/2026\/04\/El-Alamo-Anina-2023.png","type":"image\/png"}],"twitter_card":"summary_large_image","twitter_misc":{"Estimated reading time":"2 minutes"},"schema":{"@context":"https:\/\/schema.org","@graph":[{"@type":"WebPage","@id":"https:\/\/diwine.ee\/product\/el-alamo-anina-2023\/","url":"https:\/\/diwine.ee\/product\/el-alamo-anina-2023\/","name":"El \u00c1lamo A\u00f1ina 2023 - diWine &ndash; Premium kvaliteetveinid &uuml;le maailma | Eesti veinipood","isPartOf":{"@id":"https:\/\/diwine.ee\/#website"},"primaryImageOfPage":{"@id":"https:\/\/diwine.ee\/product\/el-alamo-anina-2023\/#primaryimage"},"image":{"@id":"https:\/\/diwine.ee\/product\/el-alamo-anina-2023\/#primaryimage"},"thumbnailUrl":"https:\/\/diwine.ee\/wp-content\/uploads\/2026\/04\/El-Alamo-Anina-2023.png","datePublished":"2026-04-08T22:06:14+00:00","dateModified":"2026-04-08T22:11:08+00:00","breadcrumb":{"@id":"https:\/\/diwine.ee\/product\/el-alamo-anina-2023\/#breadcrumb"},"inLanguage":"en-GB","potentialAction":[{"@type":"ReadAction","target":["https:\/\/diwine.ee\/product\/el-alamo-anina-2023\/"]}]},{"@type":"ImageObject","inLanguage":"en-GB","@id":"https:\/\/diwine.ee\/product\/el-alamo-anina-2023\/#primaryimage","url":"https:\/\/diwine.ee\/wp-content\/uploads\/2026\/04\/El-Alamo-Anina-2023.png","contentUrl":"https:\/\/diwine.ee\/wp-content\/uploads\/2026\/04\/El-Alamo-Anina-2023.png","width":800,"height":800},{"@type":"BreadcrumbList","@id":"https:\/\/diwine.ee\/product\/el-alamo-anina-2023\/#breadcrumb","itemListElement":[{"@type":"ListItem","position":1,"name":"Home","item":"https:\/\/diwine.ee\/"},{"@type":"ListItem","position":2,"name":"e-pood","item":"https:\/\/diwine.ee\/tooted\/"},{"@type":"ListItem","position":3,"name":"El \u00c1lamo A\u00f1ina 2023"}]},{"@type":"WebSite","@id":"https:\/\/diwine.ee\/#website","url":"https:\/\/diwine.ee\/","name":"diWine \u2013 Premium kvaliteetveinid \u00fcle maailma | Eesti veinipood","description":"Avasta diWine&#039;i hoolikalt valitud kvaliteetveinid maailma tippveinipiirkondadest. Eksklusiivsed punaveinid, valged veinid, vahuveinid ja eriveinid sinu erilisteks hetkedeks.","publisher":{"@id":"https:\/\/diwine.ee\/#organization"},"potentialAction":[{"@type":"SearchAction","target":{"@type":"EntryPoint","urlTemplate":"https:\/\/diwine.ee\/?s={search_term_string}"},"query-input":{"@type":"PropertyValueSpecification","valueRequired":true,"valueName":"search_term_string"}}],"inLanguage":"en-GB"},{"@type":"Organization","@id":"https:\/\/diwine.ee\/#organization","name":"diWine veinipood","url":"https:\/\/diwine.ee\/","logo":{"@type":"ImageObject","inLanguage":"en-GB","@id":"https:\/\/diwine.ee\/#\/schema\/logo\/image\/","url":"https:\/\/diwine.ee\/wp-content\/uploads\/2025\/04\/diWine-1080-x-1080-px.png","contentUrl":"https:\/\/diwine.ee\/wp-content\/uploads\/2025\/04\/diWine-1080-x-1080-px.png","width":1080,"height":1080,"caption":"diWine veinipood"},"image":{"@id":"https:\/\/diwine.ee\/#\/schema\/logo\/image\/"},"sameAs":["https:\/\/www.facebook.com\/profile.php?id=61573862347231","https:\/\/www.instagram.com\/diwine.ee"]}]}},"jetpack_sharing_enabled":true,"_links":{"self":[{"href":"https:\/\/diwine.ee\/en\/wp-json\/wp\/v2\/product\/29685","targetHints":{"allow":["GET"]}}],"collection":[{"href":"https:\/\/diwine.ee\/en\/wp-json\/wp\/v2\/product"}],"about":[{"href":"https:\/\/diwine.ee\/en\/wp-json\/wp\/v2\/types\/product"}],"version-history":[{"count":4,"href":"https:\/\/diwine.ee\/en\/wp-json\/wp\/v2\/product\/29685\/revisions"}],"predecessor-version":[{"id":29690,"href":"https:\/\/diwine.ee\/en\/wp-json\/wp\/v2\/product\/29685\/revisions\/29690"}],"wp:featuredmedia":[{"embeddable":true,"href":"https:\/\/diwine.ee\/en\/wp-json\/wp\/v2\/media\/29686"}],"wp:attachment":[{"href":"https:\/\/diwine.ee\/en\/wp-json\/wp\/v2\/media?parent=29685"}],"wp:term":[{"taxonomy":"product_brand","embeddable":true,"href":"https:\/\/diwine.ee\/en\/wp-json\/wp\/v2\/product_brand?post=29685"},{"taxonomy":"product_cat","embeddable":true,"href":"https:\/\/diwine.ee\/en\/wp-json\/wp\/v2\/product_cat?post=29685"},{"taxonomy":"product_tag","embeddable":true,"href":"https:\/\/diwine.ee\/en\/wp-json\/wp\/v2\/product_tag?post=29685"}],"curies":[{"name":"wp","href":"https:\/\/api.w.org\/{rel}","templated":true}]}}