{"id":29691,"date":"2026-04-09T01:11:31","date_gmt":"2026-04-08T22:11:31","guid":{"rendered":"https:\/\/diwine.ee\/?post_type=product&#038;p=29691"},"modified":"2026-04-09T01:14:55","modified_gmt":"2026-04-08T22:14:55","slug":"manzanilla-fina-miraflores-baja","status":"publish","type":"product","link":"https:\/\/diwine.ee\/en\/product\/manzanilla-fina-miraflores-baja\/","title":{"rendered":"Manzanilla Fina Miraflores Baja"},"content":{"rendered":"<div data-elementor-type=\"wp-post\" data-elementor-id=\"29691\" class=\"elementor elementor-29691\">\n\t\t\t\t<div class=\"wd-negative-gap elementor-element elementor-element-b496628 e-grid e-con-boxed e-con e-parent\" data-id=\"b496628\" data-element_type=\"container\" data-e-type=\"container\">\n\t\t\t\t\t<div class=\"e-con-inner\">\n\t\t\t\t<div class=\"elementor-element elementor-element-aa23989 elementor-widget elementor-widget-wd_text_block\" data-id=\"aa23989\" data-element_type=\"widget\" data-e-type=\"widget\" data-widget_type=\"wd_text_block.default\">\n\t\t\t\t<div class=\"elementor-widget-container\">\n\t\t\t\t\t\t\t<div class=\"wd-text-block reset-last-child text-left\">\n\t\t\t\n\t\t\t<h3 class=\"cvGsUA direction-ltr align-justify para-style-body\"><span class=\"OYPEnA font-feature-liga-off font-feature-clig-off font-feature-calt-off text-decoration-none text-strikethrough-none\">Veini lugu:<\/span><\/h3><p data-start=\"2657\" data-end=\"2894\">See vein n\u00e4itab v\u00e4ga h\u00e4sti, miks manzanilla ei ole lihtsalt fino teine nimi. Miraflores Baja l\u00e4hedus merele annab sellele erilise kerguse, soolasuse ja terava fookuse, mida sisemaal on raske kopeerida. De La Riva k\u00e4sitluses on tegemist klassikalise stiiliga, kuid v\u00e4ga puhta ja terroir\u2019-teadliku t\u00f5lgendusega, kus nooruslikkus, soolasus ja sapidus on olulised. See on vein, mis \u00fchendab traditsioonilise manzanilla m\u00f5tte v\u00e4ga selge kohatunnetusega.<\/p><h3 class=\"cvGsUA direction-ltr align-justify para-style-body\"><span class=\"OYPEnA font-feature-liga-off font-feature-clig-off font-feature-calt-off text-decoration-none text-strikethrough-none\">Veini valmistamine:<\/span><\/h3><p>100% Palomino. Vein p\u00e4rineb mere l\u00e4hedalt Miraflores Baja alalt ning k\u00fcpseb solera-s\u00fcsteemis flor\u2019i all. Vaadid ei ole t\u00e4idetud \u00e4\u00e4reni, et flor saaks p\u00fcsida aktiivsena ja anda veinile klassikalise manzanilla iseloomu: kuivuse, p\u00e4hklisuse, umami ja merelise peenuse. Tegemist on mitte-aastak\u00e4iguveiniga, mille v\u00e4\u00e4rtus peitub k\u00fcpsusastme ja v\u00e4rskuse t\u00e4pses tasakaalus.<\/p>\n\t\t\t\t\t<\/div>\n\t\t\t\t\t\t<\/div>\n\t\t\t\t<\/div>\n\t\t\t\t<div class=\"elementor-element elementor-element-f22db15 elementor-widget elementor-widget-wd_text_block\" data-id=\"f22db15\" data-element_type=\"widget\" data-e-type=\"widget\" data-widget_type=\"wd_text_block.default\">\n\t\t\t\t<div class=\"elementor-widget-container\">\n\t\t\t\t\t\t\t<div class=\"wd-text-block reset-last-child text-left\">\n\t\t\t\n\t\t\t<h3 class=\"cvGsUA direction-ltr align-justify para-style-body\"><span class=\"OYPEnA font-feature-liga-off font-feature-clig-off font-feature-calt-off text-decoration-none text-strikethrough-none\">Maitsenoodid:<\/span><\/h3><p data-start=\"1438\" data-end=\"1516\">Aroomis valged \u00f5ied, roheline \u00f5un, pirn, mandel, meresool ja kerge p\u00e4rmine noot. Maitses v\u00e4ga kuiv, s\u00e4rav ja terava soolase fookusega, kerge kehaga, kuid intensiivne. J\u00e4relmaitses p\u00fcsivad valge mandel, kriit ja v\u00e4ga puhas mereline sapidus.<\/p><h3 class=\"cvGsUA direction-ltr align-justify para-style-body\"><span class=\"OYPEnA font-feature-liga-off font-feature-clig-off font-feature-calt-off text-decoration-none text-strikethrough-none\">Toidusoovitus:<\/span><\/h3><p data-start=\"3834\" data-end=\"3859\">Sobib oliivide, jam\u00f3ni, krevettide, austrite, an\u0161oovise, praetud kalade ja erinevate tapastega. Ideaalne aperitiivivein, kuid piisavalt sisuline ka lauas.<\/p>\n\t\t\t\t\t<\/div>\n\t\t\t\t\t\t<\/div>\n\t\t\t\t<\/div>\n\t\t\t\t<div class=\"elementor-element elementor-element-79dff25 elementor-widget elementor-widget-wd_text_block\" data-id=\"79dff25\" data-element_type=\"widget\" data-e-type=\"widget\" data-widget_type=\"wd_text_block.default\">\n\t\t\t\t<div class=\"elementor-widget-container\">\n\t\t\t\t\t\t\t<div class=\"wd-text-block reset-last-child text-left\">\n\t\t\t\n\t\t\t<h3 class=\"cvGsUA direction-ltr align-justify para-style-body\"><span class=\"OYPEnA font-feature-liga-off font-feature-clig-off font-feature-calt-off text-decoration-none text-strikethrough-none\">S\u00e4ilitamispotentsiaal:<\/span><\/h3><p data-start=\"2868\" data-end=\"3001\">Parim juua 1\u20134 aasta jooksul, et s\u00e4ilitada selle elavus, mereline pinge ja noor manzanilla iseloom.<\/p><h3 class=\"cvGsUA direction-ltr align-justify para-style-body\"><span class=\"OYPEnA font-feature-liga-off font-feature-clig-off font-feature-calt-off text-decoration-none text-strikethrough-none\">Hinnangud &amp; tunnustused:<\/span><\/h3><p data-start=\"3333\" data-end=\"3451\">\u2022 V\u00e4ga klassikaline, kuid kvaliteedilt k\u00f5rge manzanilla. <br \/>\u2022 Tuntud selge soolasuse ja tugeva Sanl\u00facari identiteedi poolest. <br \/>\u2022 Hea v\u00f5rdluspunkt neile, kes soovivad m\u00f5ista manzanilla ja fino erinevust.<\/p>\n\t\t\t\t\t<\/div>\n\t\t\t\t\t\t<\/div>\n\t\t\t\t<\/div>\n\t\t\t\t\t<\/div>\n\t\t\t\t<\/div>\n\t\t\t\t<\/div>","protected":false},"excerpt":{"rendered":"<p>Manzanilla Fina Miraflores Baja on klassikaline, mereliselt soolane ja v\u00e4ga Sanl\u00facari n\u00e4gu manzanilla, kus flor ja ookeani m\u00f5ju on selgelt esiplaanil.<\/p>","protected":false},"featured_media":29692,"template":"","meta":[],"product_brand":[187],"product_cat":[29,92],"product_tag":[],"class_list":{"0":"post-29691","1":"product","2":"type-product","3":"status-publish","4":"has-post-thumbnail","6":"product_brand-de-la-riva","7":"product_cat-koik-tooted","8":"product_cat-valge-vein","9":"pa_piirkond-jerez","10":"pa_viinamarjasort-palomino","12":"first","13":"instock","14":"taxable","15":"shipping-taxable","16":"purchasable","17":"product-type-simple"},"yoast_head":"<!-- This site is optimized with the Yoast SEO plugin v27.4 - https:\/\/yoast.com\/product\/yoast-seo-wordpress\/ -->\n<title>Manzanilla Fina Miraflores Baja - diWine &ndash; Premium kvaliteetveinid &uuml;le maailma | Eesti veinipood<\/title>\n<meta name=\"robots\" content=\"index, follow, max-snippet:-1, max-image-preview:large, max-video-preview:-1\" \/>\n<link rel=\"canonical\" href=\"https:\/\/diwine.ee\/en\/product\/manzanilla-fina-miraflores-baja\/\" \/>\n<meta property=\"og:locale\" content=\"en_GB\" \/>\n<meta property=\"og:type\" content=\"article\" \/>\n<meta property=\"og:title\" content=\"Manzanilla Fina Miraflores Baja - diWine &ndash; Premium kvaliteetveinid &uuml;le maailma | Eesti veinipood\" \/>\n<meta property=\"og:description\" content=\"Manzanilla Fina Miraflores Baja on klassikaline, mereliselt soolane ja v\u00e4ga Sanl\u00facari n\u00e4gu manzanilla, kus flor ja ookeani m\u00f5ju on selgelt esiplaanil.\" \/>\n<meta property=\"og:url\" content=\"https:\/\/diwine.ee\/en\/product\/manzanilla-fina-miraflores-baja\/\" \/>\n<meta property=\"og:site_name\" content=\"diWine &ndash; Premium kvaliteetveinid &uuml;le maailma | Eesti veinipood\" \/>\n<meta property=\"article:publisher\" content=\"https:\/\/www.facebook.com\/profile.php?id=61573862347231\" \/>\n<meta property=\"article:modified_time\" content=\"2026-04-08T22:14:55+00:00\" \/>\n<meta property=\"og:image\" content=\"https:\/\/diwine.ee\/wp-content\/uploads\/2026\/04\/Manzanilla-Fina-Miraflores-Baja.png\" \/>\n\t<meta property=\"og:image:width\" content=\"800\" \/>\n\t<meta property=\"og:image:height\" content=\"800\" \/>\n\t<meta property=\"og:image:type\" content=\"image\/png\" \/>\n<meta name=\"twitter:card\" content=\"summary_large_image\" \/>\n<meta name=\"twitter:label1\" content=\"Estimated reading time\" \/>\n\t<meta name=\"twitter:data1\" content=\"2 minutes\" \/>\n<script type=\"application\/ld+json\" class=\"yoast-schema-graph\">{\"@context\":\"https:\\\/\\\/schema.org\",\"@graph\":[{\"@type\":\"WebPage\",\"@id\":\"https:\\\/\\\/diwine.ee\\\/product\\\/manzanilla-fina-miraflores-baja\\\/\",\"url\":\"https:\\\/\\\/diwine.ee\\\/product\\\/manzanilla-fina-miraflores-baja\\\/\",\"name\":\"Manzanilla Fina Miraflores Baja - diWine &ndash; Premium kvaliteetveinid &uuml;le maailma | Eesti veinipood\",\"isPartOf\":{\"@id\":\"https:\\\/\\\/diwine.ee\\\/#website\"},\"primaryImageOfPage\":{\"@id\":\"https:\\\/\\\/diwine.ee\\\/product\\\/manzanilla-fina-miraflores-baja\\\/#primaryimage\"},\"image\":{\"@id\":\"https:\\\/\\\/diwine.ee\\\/product\\\/manzanilla-fina-miraflores-baja\\\/#primaryimage\"},\"thumbnailUrl\":\"https:\\\/\\\/diwine.ee\\\/wp-content\\\/uploads\\\/2026\\\/04\\\/Manzanilla-Fina-Miraflores-Baja.png\",\"datePublished\":\"2026-04-08T22:11:31+00:00\",\"dateModified\":\"2026-04-08T22:14:55+00:00\",\"breadcrumb\":{\"@id\":\"https:\\\/\\\/diwine.ee\\\/product\\\/manzanilla-fina-miraflores-baja\\\/#breadcrumb\"},\"inLanguage\":\"en-GB\",\"potentialAction\":[{\"@type\":\"ReadAction\",\"target\":[\"https:\\\/\\\/diwine.ee\\\/product\\\/manzanilla-fina-miraflores-baja\\\/\"]}]},{\"@type\":\"ImageObject\",\"inLanguage\":\"en-GB\",\"@id\":\"https:\\\/\\\/diwine.ee\\\/product\\\/manzanilla-fina-miraflores-baja\\\/#primaryimage\",\"url\":\"https:\\\/\\\/diwine.ee\\\/wp-content\\\/uploads\\\/2026\\\/04\\\/Manzanilla-Fina-Miraflores-Baja.png\",\"contentUrl\":\"https:\\\/\\\/diwine.ee\\\/wp-content\\\/uploads\\\/2026\\\/04\\\/Manzanilla-Fina-Miraflores-Baja.png\",\"width\":800,\"height\":800},{\"@type\":\"BreadcrumbList\",\"@id\":\"https:\\\/\\\/diwine.ee\\\/product\\\/manzanilla-fina-miraflores-baja\\\/#breadcrumb\",\"itemListElement\":[{\"@type\":\"ListItem\",\"position\":1,\"name\":\"Home\",\"item\":\"https:\\\/\\\/diwine.ee\\\/\"},{\"@type\":\"ListItem\",\"position\":2,\"name\":\"e-pood\",\"item\":\"https:\\\/\\\/diwine.ee\\\/tooted\\\/\"},{\"@type\":\"ListItem\",\"position\":3,\"name\":\"Manzanilla Fina Miraflores Baja\"}]},{\"@type\":\"WebSite\",\"@id\":\"https:\\\/\\\/diwine.ee\\\/#website\",\"url\":\"https:\\\/\\\/diwine.ee\\\/\",\"name\":\"diWine \u2013 Premium kvaliteetveinid \u00fcle maailma | Eesti veinipood\",\"description\":\"Avasta diWine&#039;i hoolikalt valitud kvaliteetveinid maailma tippveinipiirkondadest. Eksklusiivsed punaveinid, valged veinid, vahuveinid ja eriveinid sinu erilisteks hetkedeks.\",\"publisher\":{\"@id\":\"https:\\\/\\\/diwine.ee\\\/#organization\"},\"potentialAction\":[{\"@type\":\"SearchAction\",\"target\":{\"@type\":\"EntryPoint\",\"urlTemplate\":\"https:\\\/\\\/diwine.ee\\\/?s={search_term_string}\"},\"query-input\":{\"@type\":\"PropertyValueSpecification\",\"valueRequired\":true,\"valueName\":\"search_term_string\"}}],\"inLanguage\":\"en-GB\"},{\"@type\":\"Organization\",\"@id\":\"https:\\\/\\\/diwine.ee\\\/#organization\",\"name\":\"diWine veinipood\",\"url\":\"https:\\\/\\\/diwine.ee\\\/\",\"logo\":{\"@type\":\"ImageObject\",\"inLanguage\":\"en-GB\",\"@id\":\"https:\\\/\\\/diwine.ee\\\/#\\\/schema\\\/logo\\\/image\\\/\",\"url\":\"https:\\\/\\\/diwine.ee\\\/wp-content\\\/uploads\\\/2025\\\/04\\\/diWine-1080-x-1080-px.png\",\"contentUrl\":\"https:\\\/\\\/diwine.ee\\\/wp-content\\\/uploads\\\/2025\\\/04\\\/diWine-1080-x-1080-px.png\",\"width\":1080,\"height\":1080,\"caption\":\"diWine veinipood\"},\"image\":{\"@id\":\"https:\\\/\\\/diwine.ee\\\/#\\\/schema\\\/logo\\\/image\\\/\"},\"sameAs\":[\"https:\\\/\\\/www.facebook.com\\\/profile.php?id=61573862347231\",\"https:\\\/\\\/www.instagram.com\\\/diwine.ee\"]}]}<\/script>\n<!-- \/ Yoast SEO plugin. -->","yoast_head_json":{"title":"Manzanilla Fina Miraflores Baja - diWine &ndash; Premium kvaliteetveinid &uuml;le maailma | Eesti veinipood","robots":{"index":"index","follow":"follow","max-snippet":"max-snippet:-1","max-image-preview":"max-image-preview:large","max-video-preview":"max-video-preview:-1"},"canonical":"https:\/\/diwine.ee\/en\/product\/manzanilla-fina-miraflores-baja\/","og_locale":"en_GB","og_type":"article","og_title":"Manzanilla Fina Miraflores Baja - diWine &ndash; Premium kvaliteetveinid &uuml;le maailma | Eesti veinipood","og_description":"Manzanilla Fina Miraflores Baja on klassikaline, mereliselt soolane ja v\u00e4ga Sanl\u00facari n\u00e4gu manzanilla, kus flor ja ookeani m\u00f5ju on selgelt esiplaanil.","og_url":"https:\/\/diwine.ee\/en\/product\/manzanilla-fina-miraflores-baja\/","og_site_name":"diWine &ndash; Premium kvaliteetveinid &uuml;le maailma | Eesti veinipood","article_publisher":"https:\/\/www.facebook.com\/profile.php?id=61573862347231","article_modified_time":"2026-04-08T22:14:55+00:00","og_image":[{"width":800,"height":800,"url":"https:\/\/diwine.ee\/wp-content\/uploads\/2026\/04\/Manzanilla-Fina-Miraflores-Baja.png","type":"image\/png"}],"twitter_card":"summary_large_image","twitter_misc":{"Estimated reading time":"2 minutes"},"schema":{"@context":"https:\/\/schema.org","@graph":[{"@type":"WebPage","@id":"https:\/\/diwine.ee\/product\/manzanilla-fina-miraflores-baja\/","url":"https:\/\/diwine.ee\/product\/manzanilla-fina-miraflores-baja\/","name":"Manzanilla Fina Miraflores Baja - diWine &ndash; Premium kvaliteetveinid &uuml;le maailma | Eesti veinipood","isPartOf":{"@id":"https:\/\/diwine.ee\/#website"},"primaryImageOfPage":{"@id":"https:\/\/diwine.ee\/product\/manzanilla-fina-miraflores-baja\/#primaryimage"},"image":{"@id":"https:\/\/diwine.ee\/product\/manzanilla-fina-miraflores-baja\/#primaryimage"},"thumbnailUrl":"https:\/\/diwine.ee\/wp-content\/uploads\/2026\/04\/Manzanilla-Fina-Miraflores-Baja.png","datePublished":"2026-04-08T22:11:31+00:00","dateModified":"2026-04-08T22:14:55+00:00","breadcrumb":{"@id":"https:\/\/diwine.ee\/product\/manzanilla-fina-miraflores-baja\/#breadcrumb"},"inLanguage":"en-GB","potentialAction":[{"@type":"ReadAction","target":["https:\/\/diwine.ee\/product\/manzanilla-fina-miraflores-baja\/"]}]},{"@type":"ImageObject","inLanguage":"en-GB","@id":"https:\/\/diwine.ee\/product\/manzanilla-fina-miraflores-baja\/#primaryimage","url":"https:\/\/diwine.ee\/wp-content\/uploads\/2026\/04\/Manzanilla-Fina-Miraflores-Baja.png","contentUrl":"https:\/\/diwine.ee\/wp-content\/uploads\/2026\/04\/Manzanilla-Fina-Miraflores-Baja.png","width":800,"height":800},{"@type":"BreadcrumbList","@id":"https:\/\/diwine.ee\/product\/manzanilla-fina-miraflores-baja\/#breadcrumb","itemListElement":[{"@type":"ListItem","position":1,"name":"Home","item":"https:\/\/diwine.ee\/"},{"@type":"ListItem","position":2,"name":"e-pood","item":"https:\/\/diwine.ee\/tooted\/"},{"@type":"ListItem","position":3,"name":"Manzanilla Fina Miraflores Baja"}]},{"@type":"WebSite","@id":"https:\/\/diwine.ee\/#website","url":"https:\/\/diwine.ee\/","name":"diWine \u2013 Premium kvaliteetveinid \u00fcle maailma | Eesti veinipood","description":"Avasta diWine&#039;i hoolikalt valitud kvaliteetveinid maailma tippveinipiirkondadest. Eksklusiivsed punaveinid, valged veinid, vahuveinid ja eriveinid sinu erilisteks hetkedeks.","publisher":{"@id":"https:\/\/diwine.ee\/#organization"},"potentialAction":[{"@type":"SearchAction","target":{"@type":"EntryPoint","urlTemplate":"https:\/\/diwine.ee\/?s={search_term_string}"},"query-input":{"@type":"PropertyValueSpecification","valueRequired":true,"valueName":"search_term_string"}}],"inLanguage":"en-GB"},{"@type":"Organization","@id":"https:\/\/diwine.ee\/#organization","name":"diWine veinipood","url":"https:\/\/diwine.ee\/","logo":{"@type":"ImageObject","inLanguage":"en-GB","@id":"https:\/\/diwine.ee\/#\/schema\/logo\/image\/","url":"https:\/\/diwine.ee\/wp-content\/uploads\/2025\/04\/diWine-1080-x-1080-px.png","contentUrl":"https:\/\/diwine.ee\/wp-content\/uploads\/2025\/04\/diWine-1080-x-1080-px.png","width":1080,"height":1080,"caption":"diWine veinipood"},"image":{"@id":"https:\/\/diwine.ee\/#\/schema\/logo\/image\/"},"sameAs":["https:\/\/www.facebook.com\/profile.php?id=61573862347231","https:\/\/www.instagram.com\/diwine.ee"]}]}},"jetpack_sharing_enabled":true,"_links":{"self":[{"href":"https:\/\/diwine.ee\/en\/wp-json\/wp\/v2\/product\/29691","targetHints":{"allow":["GET"]}}],"collection":[{"href":"https:\/\/diwine.ee\/en\/wp-json\/wp\/v2\/product"}],"about":[{"href":"https:\/\/diwine.ee\/en\/wp-json\/wp\/v2\/types\/product"}],"version-history":[{"count":4,"href":"https:\/\/diwine.ee\/en\/wp-json\/wp\/v2\/product\/29691\/revisions"}],"predecessor-version":[{"id":29696,"href":"https:\/\/diwine.ee\/en\/wp-json\/wp\/v2\/product\/29691\/revisions\/29696"}],"wp:featuredmedia":[{"embeddable":true,"href":"https:\/\/diwine.ee\/en\/wp-json\/wp\/v2\/media\/29692"}],"wp:attachment":[{"href":"https:\/\/diwine.ee\/en\/wp-json\/wp\/v2\/media?parent=29691"}],"wp:term":[{"taxonomy":"product_brand","embeddable":true,"href":"https:\/\/diwine.ee\/en\/wp-json\/wp\/v2\/product_brand?post=29691"},{"taxonomy":"product_cat","embeddable":true,"href":"https:\/\/diwine.ee\/en\/wp-json\/wp\/v2\/product_cat?post=29691"},{"taxonomy":"product_tag","embeddable":true,"href":"https:\/\/diwine.ee\/en\/wp-json\/wp\/v2\/product_tag?post=29691"}],"curies":[{"name":"wp","href":"https:\/\/api.w.org\/{rel}","templated":true}]}}